{"id":18630,"date":"2020-10-01T00:00:00","date_gmt":"2020-10-01T00:00:00","guid":{"rendered":"https:\/\/amrtop.com\/B2B\/?post_type=product&#038;p=18630"},"modified":"2023-05-29T08:33:15","modified_gmt":"2023-05-29T08:33:15","slug":"estrattore-fumi-ipc-codice-blh2a150201","status":"publish","type":"product","link":"https:\/\/amrtop.net\/es\/produit\/estrattore-fumi-ipc-codice-blh2a150201\/","title":{"rendered":"Extractor de humos C\u00f3digo IPC BLH2A150201 - Brida de corte \u00f8 166 mm - Ventilador \u00f8 150 mm - Altura del ventilador 20 mm"},"content":{"rendered":"<hr \/>\n<h3>Extracteur de fum\u00e9e IPC Code BLH2A150201<\/h3>\n<p>La fuerza de Ipc procede de sus 36 a\u00f1os de experiencia en componentes y sistemas mecatr\u00f3nicos, raz\u00f3n por la cual Amrtop est\u00e1 muy motivada para comercializar sus componentes.<\/p>\n<p>En los \u00faltimos a\u00f1os, IPC ha reforzado a\u00fan m\u00e1s su divisi\u00f3n de Investigaci\u00f3n y Desarrollo, lo que nos permite dise\u00f1ar soluciones complejas y satisfacer todos los requisitos de nuestros socios, desde la personalizaci\u00f3n de un motor hasta el desarrollo de una soluci\u00f3n completa.<\/p>\n<p>Con la inauguraci\u00f3n de la nueva unidad de producci\u00f3n, han aumentado considerablemente sus capacidades de dise\u00f1o y gesti\u00f3n. Su objetivo es integrar cada vez m\u00e1s el suministro de componentes con el desarrollo, la producci\u00f3n y el montaje interno de sistemas semimontados.<\/p>\n<p>La estructura de la empresa se completa con el flamante laboratorio. Un departamento equipado con la instrumentaci\u00f3n t\u00e9cnica m\u00e1s avanzada y dedicado a la calidad total.<\/p>\n<p>Todos los d\u00edas realizamos pruebas y comprobaciones precisas para verificar la funcionalidad, las caracter\u00edsticas y el rendimiento de nuestros productos.<\/p>\n<h3>Utilisation de l\u2019extracteur de fum\u00e9e IPC Code BLH2A150201<\/h3>\n<p>Los extractores de humo Emc Fime ofrecidos por Amrtop se instalan en aparatos de biomasa para expulsar el humo creado por la combusti\u00f3n de estufas y calderas de pellets, Nocciolino, Sansa y Cippato, etc...<\/p>\n<p><strong>Presente en aparatos t\u00edpicos<\/strong>\u00a0Estufa de pellets - Caldera de pellets - Quemador de pellets - Barbacoa\/parrilla de pellets Caldera de biomasa - Quemador de biomasa - Y muchos otros quemadores<\/p>\n<h3><strong>Interior<\/strong><\/h3>\n<p><a href=\"https:\/\/wekos.it\/\">Estufas, cocinas y cocinas de le\u00f1a<\/a>\u00a0-\u00a0<a href=\"https:\/\/www.greenpuros.com\/\">chimeneas, estufas y calderas de pellets.<\/a><\/p>\n<h3><strong>Gama Amrtop de recambios y accesorios<\/strong><\/h3>\n<p><a href=\"https:\/\/amrtop.net\/es\/categoria-de-productos\/recambios-miscelaneos-cocinas-y-calderas-2\/bougies-dallumage-pour-poeles-et-chaudieres-a-pellets\/\">Calentadores<\/a><\/p>\n<p><a href=\"https:\/\/amrtop.net\/es\/categoria-de-productos\/recambios-miscelaneos-cocinas-y-calderas-2\/electronique\/\">Electr\u00f3nica<\/a><\/p>\n<p><a href=\"https:\/\/amrtop.net\/es\/categoria-de-productos\/recambios-miscelaneos-cocinas-y-calderas-2\/extracteurs-de-fumee\/\">Extractores de humo<\/a><\/p>\n<p><a href=\"https:\/\/amrtop.net\/es\/categoria-de-productos\/recambios-miscelaneos-cocinas-y-calderas-2\/gaines-cable-connecteurs\/\">Fundas de cables de conexi\u00f3n<\/a><\/p>\n<p><a href=\"https:\/\/amrtop.net\/es\/categoria-de-productos\/recambios-miscelaneos-cocinas-y-calderas-2\/joints-de-silicone\/\">Juntas de silicona<\/a><\/p>\n<p><a href=\"https:\/\/amrtop.net\/es\/categoria-de-productos\/recambios-miscelaneos-cocinas-y-calderas-2\/motoreducteurs\/\">Motorreductores<\/a><\/p>\n<p><a href=\"https:\/\/amrtop.net\/es\/categoria-de-productos\/recambios-miscelaneos-cocinas-y-calderas-2\/pressostats-et-transducteurs\/\">Presostatos y transductores<\/a><\/p>\n<p><a href=\"https:\/\/amrtop.net\/es\/categoria-de-productos\/recambios-miscelaneos-cocinas-y-calderas-2\/sondes-thermostats-manometres-thermometres\/\">Sondas termostatos man\u00f3metros term\u00f3metros<\/a><\/p>\n<p><a href=\"https:\/\/amrtop.net\/es\/categoria-de-productos\/recambios-miscelaneos-cocinas-y-calderas-2\/joints-detancheite\/\">Sellado de trenzas<\/a><\/p>\n<p><a href=\"https:\/\/amrtop.net\/es\/categoria-de-productos\/recambios-miscelaneos-cocinas-y-calderas-2\/ventilateurs-centrifuges-pour-poeles-a-pellets\/\">Ventiladores centr\u00edfugos<\/a><\/p>\n<p><a href=\"https:\/\/amrtop.net\/es\/categoria-de-productos\/recambios-miscelaneos-cocinas-y-calderas-2\/ventilateurs-tangentiels-flux-transversal\/\">Ventiladores de flujo cruzado<\/a><\/p>\n<p><a href=\"https:\/\/amrtop.net\/es\/categoria-de-productos\/recambios-miscelaneos-cocinas-y-calderas-2\/adhesifs-et-produits-detancheite\/\">Colas y selladores<\/a><\/p>\n<p>El personal de\u00a0<strong>Amrtop<\/strong> ha sido cuidadosamente formado para ayudarle a identificar las piezas de recambio que deben sustituirse. Ofreciendo asistencia telef\u00f3nica en franc\u00e9s, ingl\u00e9s, rumano e italiano.<br \/>\nNon esitate a contat<\/p>","protected":false},"excerpt":{"rendered":"<hr \/>\n<h2><span style=\"color: #008000\">Prochainement<\/span><\/h2>\n<hr \/>\n<p>Code : BLH2A150201<\/p>\n<p>Bride coup\u00e9 : \u00f8 166 mm<\/p>\n<p>Ventilador: \u00f8 150 mm<\/p>\n<p>Hauteur totale : 121 mm<\/p>\n<p>Altura del ventilador: 20 mm<\/p>\n<p>Vitesse : 2400 &#8211; 2650 RPM<\/p>\n<p>Puissance : 50 W<\/p>\n<p>Sortie d\u2019air : 144 &#8211; 159 m\u00b3\/h<\/p>\n<p>Volt : 200 v &#8211; 255 v<\/p>\n<p>Niveau sonore : 60 &#8211; 62 db(A)<\/p>","protected":false},"featured_media":35198,"comment_status":"open","ping_status":"closed","template":"","meta":[],"product_brand":[],"product_cat":[1305,1309,839],"product_tag":[],"class_list":{"0":"post-18630","1":"product","2":"type-product","3":"status-publish","4":"has-post-thumbnail","6":"product_cat-extracteurs-de-fumee","7":"product_cat-extracteurs-de-fumee-ipc","8":"product_cat-pieces-de-rechange-divers-poeles-et-chaudieres","9":"product_shipping_class-classe-di-spedizione-02","11":"first","12":"instock","13":"shipping-taxable","14":"purchasable","15":"product-type-simple"},"yoast_head":"<!-- This site is optimized with the Yoast SEO plugin v27.4 - https:\/\/yoast.com\/product\/yoast-seo-wordpress\/ -->\n<title>Extracteur de fum\u00e9e IPC Code BLH2A150201<\/title>\n<meta name=\"description\" content=\"Extracteur de fum\u00e9e IPC Code BLH2A150201-Extracteur de fum\u00e9e IPC rotor externe-Extracteur de fum\u00e9e IPC pour po\u00eales et chaudi\u00e8res \u00e0 pellets\" \/>\n<meta name=\"robots\" content=\"index, follow, max-snippet:-1, max-image-preview:large, max-video-preview:-1\" \/>\n<link rel=\"canonical\" href=\"https:\/\/amrtop.net\/es\/producto\/estrattore-fumi-ipc-codice-blh2a150201\/\" \/>\n<meta property=\"og:locale\" content=\"es_ES\" \/>\n<meta property=\"og:type\" content=\"article\" \/>\n<meta property=\"og:title\" content=\"Extracteur de fum\u00e9e IPC Code BLH2A150201\" \/>\n<meta property=\"og:description\" content=\"Extracteur de fum\u00e9e IPC Code BLH2A150201-Extracteur de fum\u00e9e IPC rotor externe-Extracteur de fum\u00e9e IPC pour po\u00eales et chaudi\u00e8res \u00e0 pellets\" \/>\n<meta property=\"og:url\" content=\"https:\/\/amrtop.net\/es\/producto\/estrattore-fumi-ipc-codice-blh2a150201\/\" \/>\n<meta property=\"og:site_name\" content=\"AMRTOP B2B \u00c9tranger - Achats r\u00e9serv\u00e9s au professionnel\" \/>\n<meta property=\"article:modified_time\" content=\"2023-05-29T08:33:15+00:00\" \/>\n<meta property=\"og:image\" content=\"https:\/\/amrtop.net\/wp-content\/uploads\/2020\/10\/BLH2A150201.jpg\" \/>\n\t<meta property=\"og:image:width\" content=\"960\" \/>\n\t<meta property=\"og:image:height\" content=\"960\" \/>\n\t<meta property=\"og:image:type\" content=\"image\/jpeg\" \/>\n<meta name=\"twitter:card\" content=\"summary_large_image\" \/>\n<meta name=\"twitter:label1\" content=\"Tiempo de lectura\" \/>\n\t<meta name=\"twitter:data1\" content=\"1 minuto\" \/>\n<script type=\"application\/ld+json\" class=\"yoast-schema-graph\">{\"@context\":\"https:\\\/\\\/schema.org\",\"@graph\":[{\"@type\":\"WebPage\",\"@id\":\"https:\\\/\\\/amrtop.net\\\/produit\\\/estrattore-fumi-ipc-codice-blh2a150201\\\/\",\"url\":\"https:\\\/\\\/amrtop.net\\\/produit\\\/estrattore-fumi-ipc-codice-blh2a150201\\\/\",\"name\":\"Extracteur de fum\u00e9e IPC Code BLH2A150201\",\"isPartOf\":{\"@id\":\"https:\\\/\\\/amrtop.net\\\/#website\"},\"primaryImageOfPage\":{\"@id\":\"https:\\\/\\\/amrtop.net\\\/produit\\\/estrattore-fumi-ipc-codice-blh2a150201\\\/#primaryimage\"},\"image\":{\"@id\":\"https:\\\/\\\/amrtop.net\\\/produit\\\/estrattore-fumi-ipc-codice-blh2a150201\\\/#primaryimage\"},\"thumbnailUrl\":\"https:\\\/\\\/amrtop.net\\\/wp-content\\\/uploads\\\/2020\\\/10\\\/BLH2A150201.jpg\",\"datePublished\":\"2020-10-01T00:00:00+00:00\",\"dateModified\":\"2023-05-29T08:33:15+00:00\",\"description\":\"Extracteur de fum\u00e9e IPC Code BLH2A150201-Extracteur de fum\u00e9e IPC rotor externe-Extracteur de fum\u00e9e IPC pour po\u00eales et chaudi\u00e8res \u00e0 pellets\",\"breadcrumb\":{\"@id\":\"https:\\\/\\\/amrtop.net\\\/produit\\\/estrattore-fumi-ipc-codice-blh2a150201\\\/#breadcrumb\"},\"inLanguage\":\"es\",\"potentialAction\":[{\"@type\":\"ReadAction\",\"target\":[\"https:\\\/\\\/amrtop.net\\\/produit\\\/estrattore-fumi-ipc-codice-blh2a150201\\\/\"]}]},{\"@type\":\"ImageObject\",\"inLanguage\":\"es\",\"@id\":\"https:\\\/\\\/amrtop.net\\\/produit\\\/estrattore-fumi-ipc-codice-blh2a150201\\\/#primaryimage\",\"url\":\"https:\\\/\\\/amrtop.net\\\/wp-content\\\/uploads\\\/2020\\\/10\\\/BLH2A150201.jpg\",\"contentUrl\":\"https:\\\/\\\/amrtop.net\\\/wp-content\\\/uploads\\\/2020\\\/10\\\/BLH2A150201.jpg\",\"width\":960,\"height\":960,\"caption\":\"Extracteur de fum\u00e9e IPC Code BLH2A150201-Extracteur de fum\u00e9e IPC rotor externe-Extracteur de fum\u00e9e IPC pour po\u00eales et chaudi\u00e8res \u00e0 pellets\"},{\"@type\":\"BreadcrumbList\",\"@id\":\"https:\\\/\\\/amrtop.net\\\/produit\\\/estrattore-fumi-ipc-codice-blh2a150201\\\/#breadcrumb\",\"itemListElement\":[{\"@type\":\"ListItem\",\"position\":1,\"name\":\"Home\",\"item\":\"https:\\\/\\\/amrtop.net\\\/\"},{\"@type\":\"ListItem\",\"position\":2,\"name\":\"Shop\",\"item\":\"https:\\\/\\\/amrtop.net\\\/negozio\\\/\"},{\"@type\":\"ListItem\",\"position\":3,\"name\":\"Extracteur de fum\u00e9es IPC Code BLH2A150201 &#8211; Bride coup\u00e9 \u00f8 166 mm &#8211; Ventilateur \u00f8 150 mm &#8211; Hauteur du ventilateur 20 mm\"}]},{\"@type\":\"WebSite\",\"@id\":\"https:\\\/\\\/amrtop.net\\\/#website\",\"url\":\"https:\\\/\\\/amrtop.net\\\/\",\"name\":\"AMRTOP B2B \u00c9tranger - Achats r\u00e9serv\u00e9s au professionnel\",\"description\":\"Pi\u00e8ces de rechange et accessoires pour po\u00eales et chaudi\u00e8res - eCommerce B2B pour Clients Professionnels\",\"potentialAction\":[{\"@type\":\"SearchAction\",\"target\":{\"@type\":\"EntryPoint\",\"urlTemplate\":\"https:\\\/\\\/amrtop.net\\\/?s={search_term_string}\"},\"query-input\":{\"@type\":\"PropertyValueSpecification\",\"valueRequired\":true,\"valueName\":\"search_term_string\"}}],\"inLanguage\":\"es\"}]}<\/script>\n<!-- \/ Yoast SEO plugin. -->","yoast_head_json":{"title":"Extracteur de fum\u00e9e IPC Code BLH2A150201","description":"Extractor de humos IPC C\u00f3digo BLH2A150201-Extractor de humos IPC rotor externo-Extractor de humos IPC para estufas y calderas de pellets","robots":{"index":"index","follow":"follow","max-snippet":"max-snippet:-1","max-image-preview":"max-image-preview:large","max-video-preview":"max-video-preview:-1"},"canonical":"https:\/\/amrtop.net\/es\/producto\/estrattore-fumi-ipc-codice-blh2a150201\/","og_locale":"es_ES","og_type":"article","og_title":"Extracteur de fum\u00e9e IPC Code BLH2A150201","og_description":"Extracteur de fum\u00e9e IPC Code BLH2A150201-Extracteur de fum\u00e9e IPC rotor externe-Extracteur de fum\u00e9e IPC pour po\u00eales et chaudi\u00e8res \u00e0 pellets","og_url":"https:\/\/amrtop.net\/es\/producto\/estrattore-fumi-ipc-codice-blh2a150201\/","og_site_name":"AMRTOP B2B \u00c9tranger - Achats r\u00e9serv\u00e9s au professionnel","article_modified_time":"2023-05-29T08:33:15+00:00","og_image":[{"width":960,"height":960,"url":"https:\/\/amrtop.net\/wp-content\/uploads\/2020\/10\/BLH2A150201.jpg","type":"image\/jpeg"}],"twitter_card":"summary_large_image","twitter_misc":{"Tiempo de lectura":"1 minuto"},"schema":{"@context":"https:\/\/schema.org","@graph":[{"@type":"WebPage","@id":"https:\/\/amrtop.net\/produit\/estrattore-fumi-ipc-codice-blh2a150201\/","url":"https:\/\/amrtop.net\/produit\/estrattore-fumi-ipc-codice-blh2a150201\/","name":"Extracteur de fum\u00e9e IPC Code BLH2A150201","isPartOf":{"@id":"https:\/\/amrtop.net\/#website"},"primaryImageOfPage":{"@id":"https:\/\/amrtop.net\/produit\/estrattore-fumi-ipc-codice-blh2a150201\/#primaryimage"},"image":{"@id":"https:\/\/amrtop.net\/produit\/estrattore-fumi-ipc-codice-blh2a150201\/#primaryimage"},"thumbnailUrl":"https:\/\/amrtop.net\/wp-content\/uploads\/2020\/10\/BLH2A150201.jpg","datePublished":"2020-10-01T00:00:00+00:00","dateModified":"2023-05-29T08:33:15+00:00","description":"Extractor de humos IPC C\u00f3digo BLH2A150201-Extractor de humos IPC rotor externo-Extractor de humos IPC para estufas y calderas de pellets","breadcrumb":{"@id":"https:\/\/amrtop.net\/produit\/estrattore-fumi-ipc-codice-blh2a150201\/#breadcrumb"},"inLanguage":"es","potentialAction":[{"@type":"ReadAction","target":["https:\/\/amrtop.net\/produit\/estrattore-fumi-ipc-codice-blh2a150201\/"]}]},{"@type":"ImageObject","inLanguage":"es","@id":"https:\/\/amrtop.net\/produit\/estrattore-fumi-ipc-codice-blh2a150201\/#primaryimage","url":"https:\/\/amrtop.net\/wp-content\/uploads\/2020\/10\/BLH2A150201.jpg","contentUrl":"https:\/\/amrtop.net\/wp-content\/uploads\/2020\/10\/BLH2A150201.jpg","width":960,"height":960,"caption":"Extracteur de fum\u00e9e IPC Code BLH2A150201-Extracteur de fum\u00e9e IPC rotor externe-Extracteur de fum\u00e9e IPC pour po\u00eales et chaudi\u00e8res \u00e0 pellets"},{"@type":"BreadcrumbList","@id":"https:\/\/amrtop.net\/produit\/estrattore-fumi-ipc-codice-blh2a150201\/#breadcrumb","itemListElement":[{"@type":"ListItem","position":1,"name":"Home","item":"https:\/\/amrtop.net\/"},{"@type":"ListItem","position":2,"name":"Shop","item":"https:\/\/amrtop.net\/negozio\/"},{"@type":"ListItem","position":3,"name":"Extracteur de fum\u00e9es IPC Code BLH2A150201 &#8211; Bride coup\u00e9 \u00f8 166 mm &#8211; Ventilateur \u00f8 150 mm &#8211; Hauteur du ventilateur 20 mm"}]},{"@type":"WebSite","@id":"https:\/\/amrtop.net\/#website","url":"https:\/\/amrtop.net\/","name":"AMRTOP B2B Abroad - Compras reservadas a los profesionales","description":"Recambios y accesorios para estufas y calderas - Comercio electr\u00f3nico B2B para profesionales","potentialAction":[{"@type":"SearchAction","target":{"@type":"EntryPoint","urlTemplate":"https:\/\/amrtop.net\/?s={search_term_string}"},"query-input":{"@type":"PropertyValueSpecification","valueRequired":true,"valueName":"search_term_string"}}],"inLanguage":"es"}]}},"_links":{"self":[{"href":"https:\/\/amrtop.net\/es\/wp-json\/wp\/v2\/product\/18630","targetHints":{"allow":["GET"]}}],"collection":[{"href":"https:\/\/amrtop.net\/es\/wp-json\/wp\/v2\/product"}],"about":[{"href":"https:\/\/amrtop.net\/es\/wp-json\/wp\/v2\/types\/product"}],"replies":[{"embeddable":true,"href":"https:\/\/amrtop.net\/es\/wp-json\/wp\/v2\/comments?post=18630"}],"wp:featuredmedia":[{"embeddable":true,"href":"https:\/\/amrtop.net\/es\/wp-json\/wp\/v2\/media\/35198"}],"wp:attachment":[{"href":"https:\/\/amrtop.net\/es\/wp-json\/wp\/v2\/media?parent=18630"}],"wp:term":[{"taxonomy":"product_brand","embeddable":true,"href":"https:\/\/amrtop.net\/es\/wp-json\/wp\/v2\/product_brand?post=18630"},{"taxonomy":"product_cat","embeddable":true,"href":"https:\/\/amrtop.net\/es\/wp-json\/wp\/v2\/product_cat?post=18630"},{"taxonomy":"product_tag","embeddable":true,"href":"https:\/\/amrtop.net\/es\/wp-json\/wp\/v2\/product_tag?post=18630"}],"curies":[{"name":"wp","href":"https:\/\/api.w.org\/{rel}","templated":true}]}}