{"id":18638,"date":"2020-01-10T00:00:00","date_gmt":"2020-01-10T00:00:00","guid":{"rendered":"https:\/\/amrtop.com\/B2B\/?post_type=product&#038;p=18638"},"modified":"2023-05-29T08:13:11","modified_gmt":"2023-05-29T08:13:11","slug":"afficheur-baby-ceza-cod-fpncz098p0ot","status":"publish","type":"product","link":"https:\/\/amrtop.net\/es\/produit\/afficheur-baby-ceza-cod-fpncz098p0ot\/","title":{"rendered":"Afficheur Baby Ceza Cod.FPNCZ098P0OT"},"content":{"rendered":"<h3>Afficheur Baby Ceza Cod.FPNCZ098P0OT<\/h3>\n<p>Fundada en 1940 por la emisora Anchise Zaccagnini, CEZA ha pasado por todas las etapas del desarrollo de la electr\u00f3nica.<\/p>\n<p>La calidad del producto siempre ha sido un punto fuerte para Ceza en sus relaciones con clientes como Amrtop.<\/p>\n<p>Desde 2004, la empresa se ha centrado en la calidad certificada, para ser reconocida como a\u00fan m\u00e1s fiable, organizando sus actividades operativas seg\u00fan la norma UNI EN ISO 9001.<\/p>\n<p>En particular, los departamentos de \"producci\u00f3n\" y \"pruebas de productos\" se han organizado cuidadosamente, utilizando las tecnolog\u00edas m\u00e1s adecuadas para mantener la m\u00e1xima fiabilidad en el proceso de producci\u00f3n.<\/p>\n<p>Porque Amrtop trabaja con Ceza:<\/p>\n<ul>\n<li>Para normas de producci\u00f3n con los m\u00e1s altos niveles de calidad.<\/li>\n<li>Comprobaci\u00f3n de cada placa electr\u00f3nica en 100%.<\/li>\n<li>Garantizamos un servicio personalizado de la m\u00e1xima calidad.<\/li>\n<li>Un equipo de t\u00e9cnicos e ingenieros altamente cualificados siempre disponible<\/li>\n<\/ul>\n<h3>Utilisation du afficheur Baby Ceza Cod.FPNCZ098P0OT<\/h3>\n<p>Los componentes electr\u00f3nicos Ceza que suelen equipar las estufas y calderas de pellets se utilizan para gestionar la combusti\u00f3n, ofreciendo la posibilidad de regular el calor generado por el aparato.<\/p>\n<p>Se encuentra en aparatos t\u00edpicos - Estufa de pellets - Caldera de pellets - Quemador de pellets - Barbacoa\/parrilla de pellets Caldera de biomasa - Quemador de biomasa - Y muchos otros quemadores<\/p>\n<h3>Interior<\/h3>\n<p><a href=\"https:\/\/wekos.it\/\">Estufas, cocinas y cocinas de le\u00f1a<\/a>\u00a0-\u00a0<a href=\"https:\/\/www.greenpuros.com\/\">chimeneas, estufas y calderas de pellets.<\/a><\/p>\n<h3>Gama Amrtop de recambios y accesorios<\/h3>\n<p><a href=\"https:\/\/amrtop.net\/es\/categoria-de-productos\/recambios-miscelaneos-cocinas-y-calderas-2\/bougies-dallumage-pour-poeles-et-chaudieres-a-pellets\/\">Calentadores<\/a><\/p>\n<p><a href=\"https:\/\/amrtop.net\/es\/categoria-de-productos\/recambios-miscelaneos-cocinas-y-calderas-2\/electronique\/\">Electr\u00f3nica<\/a><\/p>\n<p><a href=\"https:\/\/amrtop.net\/es\/categoria-de-productos\/recambios-miscelaneos-cocinas-y-calderas-2\/extracteurs-de-fumee\/\">Extractores de humo<\/a><\/p>\n<p><a href=\"https:\/\/amrtop.net\/es\/categoria-de-productos\/recambios-miscelaneos-cocinas-y-calderas-2\/gaines-cable-connecteurs\/\">Fundas de cables de conexi\u00f3n<\/a><\/p>\n<p><a href=\"https:\/\/amrtop.net\/es\/categoria-de-productos\/recambios-miscelaneos-cocinas-y-calderas-2\/joints-de-silicone\/\">Juntas de silicona<\/a><\/p>\n<p><a href=\"https:\/\/amrtop.net\/es\/categoria-de-productos\/recambios-miscelaneos-cocinas-y-calderas-2\/motoreducteurs\/\">Motorreductores<\/a><\/p>\n<p><a href=\"https:\/\/amrtop.net\/es\/categoria-de-productos\/recambios-miscelaneos-cocinas-y-calderas-2\/pressostats-et-transducteurs\/\">Presostatos y transductores<\/a><\/p>\n<p><a href=\"https:\/\/amrtop.net\/es\/categoria-de-productos\/recambios-miscelaneos-cocinas-y-calderas-2\/sondes-thermostats-manometres-thermometres\/\">Sondas termostatos man\u00f3metros term\u00f3metros<\/a><\/p>\n<p><a href=\"https:\/\/amrtop.net\/es\/categoria-de-productos\/recambios-miscelaneos-cocinas-y-calderas-2\/joints-detancheite\/\">Sellado de trenzas<\/a><\/p>\n<p><a href=\"https:\/\/amrtop.net\/es\/categoria-de-productos\/recambios-miscelaneos-cocinas-y-calderas-2\/ventilateurs-centrifuges-pour-poeles-a-pellets\/\">Ventiladores centr\u00edfugos<\/a><\/p>\n<p><a href=\"https:\/\/amrtop.net\/es\/categoria-de-productos\/recambios-miscelaneos-cocinas-y-calderas-2\/ventilateurs-tangentiels-flux-transversal\/\">Ventiladores de flujo cruzado<\/a><\/p>\n<p><a href=\"https:\/\/amrtop.net\/es\/categoria-de-productos\/recambios-miscelaneos-cocinas-y-calderas-2\/adhesifs-et-produits-detancheite\/\">Colas y selladores<\/a><\/p>","protected":false},"excerpt":{"rendered":"<hr \/>\n<h2><span style=\"color: #008000\">Disponible en<\/span><\/h2>\n<hr \/>\n<h3>Display Baby Ceza<\/h3>\n<p>Code FPNCZ098P0OT<\/p>\n<p>G\u00e9rable avec t\u00e9l\u00e9commande infrarouge<\/p>\n<p>Affichage en 5 langues<\/p>\n<p>Programmation Chrono et r\u00e9cepteur Infrarouge inclus<\/p>\n<p>5 langues disponibles\u00a0: IT \/ EN \/ FR \/ ES \/ PT<\/p>","protected":false},"featured_media":19027,"comment_status":"open","ping_status":"closed","template":"","meta":[],"product_brand":[],"product_cat":[1313,1310,1311,839],"product_tag":[],"class_list":{"0":"post-18638","1":"product","2":"type-product","3":"status-publish","4":"has-post-thumbnail","6":"product_cat-afficheurs-ceza","7":"product_cat-electronique","8":"product_cat-electronique-ceza-pour-poeles-et-chaudieres-a-pellets","9":"product_cat-pieces-de-rechange-divers-poeles-et-chaudieres","10":"product_shipping_class-classe-di-spedizione-01","12":"first","13":"instock","14":"shipping-taxable","15":"purchasable","16":"product-type-simple"},"yoast_head":"<!-- This site is optimized with the Yoast SEO plugin v27.4 - https:\/\/yoast.com\/product\/yoast-seo-wordpress\/ -->\n<title>Afficheur Baby Ceza Cod.FPNCZ098P0OT<\/title>\n<meta name=\"description\" content=\"Afficheur Baby Ceza Cod.FPNCZ098P0OT - Electronique Ceza pour po\u00eales et chaudi\u00e8res \u00e0 pellets - Accessoires Ceza pour po\u00eales et chaudi\u00e8res \u00e0 pellets - C\u00e2blage pour sondes eau po\u00eales et chaudi\u00e8res Ceza \u00e0 pellets - C\u00e2blage pour pompes eau po\u00eales et chaudi\u00e8res Ceza \u00e0 pellets - Kit de connexion Ceza pour po\u00eales \u00e0 pellets - Pressostats Ceza pour po\u00eales et chaudi\u00e8res \u00e0 pellets - Sondes de temp\u00e9rature air et eau Ceza - T\u00e9l\u00e9commandes avec Display Ceza - Cartes d\u2019extension Ceza - cartes \u00e9lectroniques Ceza\" \/>\n<meta name=\"robots\" content=\"index, follow, max-snippet:-1, max-image-preview:large, max-video-preview:-1\" \/>\n<link rel=\"canonical\" href=\"https:\/\/amrtop.net\/es\/producto\/afficheur-baby-ceza-cod-fpncz098p0ot\/\" \/>\n<meta property=\"og:locale\" content=\"es_ES\" \/>\n<meta property=\"og:type\" content=\"article\" \/>\n<meta property=\"og:title\" content=\"Afficheur Baby Ceza Cod.FPNCZ098P0OT\" \/>\n<meta property=\"og:description\" content=\"Afficheur Baby Ceza Cod.FPNCZ098P0OT - Electronique Ceza pour po\u00eales et chaudi\u00e8res \u00e0 pellets - Accessoires Ceza pour po\u00eales et chaudi\u00e8res \u00e0 pellets - C\u00e2blage pour sondes eau po\u00eales et chaudi\u00e8res Ceza \u00e0 pellets - C\u00e2blage pour pompes eau po\u00eales et chaudi\u00e8res Ceza \u00e0 pellets - Kit de connexion Ceza pour po\u00eales \u00e0 pellets - Pressostats Ceza pour po\u00eales et chaudi\u00e8res \u00e0 pellets - Sondes de temp\u00e9rature air et eau Ceza - T\u00e9l\u00e9commandes avec Display Ceza - Cartes d\u2019extension Ceza - cartes \u00e9lectroniques Ceza\" \/>\n<meta property=\"og:url\" content=\"https:\/\/amrtop.net\/es\/producto\/afficheur-baby-ceza-cod-fpncz098p0ot\/\" \/>\n<meta property=\"og:site_name\" content=\"AMRTOP B2B \u00c9tranger - Achats r\u00e9serv\u00e9s au professionnel\" \/>\n<meta property=\"article:modified_time\" content=\"2023-05-29T08:13:11+00:00\" \/>\n<meta property=\"og:image\" content=\"https:\/\/amrtop.net\/wp-content\/uploads\/2021\/09\/w-SITO-PAG-58-B.jpg\" \/>\n\t<meta property=\"og:image:width\" content=\"960\" \/>\n\t<meta property=\"og:image:height\" content=\"960\" \/>\n\t<meta property=\"og:image:type\" content=\"image\/jpeg\" \/>\n<meta name=\"twitter:card\" content=\"summary_large_image\" \/>\n<meta name=\"twitter:label1\" content=\"Tiempo de lectura\" \/>\n\t<meta name=\"twitter:data1\" content=\"2 minutos\" \/>\n<script type=\"application\/ld+json\" class=\"yoast-schema-graph\">{\"@context\":\"https:\\\/\\\/schema.org\",\"@graph\":[{\"@type\":\"WebPage\",\"@id\":\"https:\\\/\\\/amrtop.net\\\/produit\\\/afficheur-baby-ceza-cod-fpncz098p0ot\\\/\",\"url\":\"https:\\\/\\\/amrtop.net\\\/produit\\\/afficheur-baby-ceza-cod-fpncz098p0ot\\\/\",\"name\":\"Afficheur Baby Ceza Cod.FPNCZ098P0OT\",\"isPartOf\":{\"@id\":\"https:\\\/\\\/amrtop.net\\\/#website\"},\"primaryImageOfPage\":{\"@id\":\"https:\\\/\\\/amrtop.net\\\/produit\\\/afficheur-baby-ceza-cod-fpncz098p0ot\\\/#primaryimage\"},\"image\":{\"@id\":\"https:\\\/\\\/amrtop.net\\\/produit\\\/afficheur-baby-ceza-cod-fpncz098p0ot\\\/#primaryimage\"},\"thumbnailUrl\":\"https:\\\/\\\/amrtop.net\\\/wp-content\\\/uploads\\\/2021\\\/09\\\/w-SITO-PAG-58-B.jpg\",\"datePublished\":\"2020-01-10T00:00:00+00:00\",\"dateModified\":\"2023-05-29T08:13:11+00:00\",\"description\":\"Afficheur Baby Ceza Cod.FPNCZ098P0OT - Electronique Ceza pour po\u00eales et chaudi\u00e8res \u00e0 pellets - Accessoires Ceza pour po\u00eales et chaudi\u00e8res \u00e0 pellets - C\u00e2blage pour sondes eau po\u00eales et chaudi\u00e8res Ceza \u00e0 pellets - C\u00e2blage pour pompes eau po\u00eales et chaudi\u00e8res Ceza \u00e0 pellets - Kit de connexion Ceza pour po\u00eales \u00e0 pellets - Pressostats Ceza pour po\u00eales et chaudi\u00e8res \u00e0 pellets - Sondes de temp\u00e9rature air et eau Ceza - T\u00e9l\u00e9commandes avec Display Ceza - Cartes d\u2019extension Ceza - cartes \u00e9lectroniques Ceza\",\"breadcrumb\":{\"@id\":\"https:\\\/\\\/amrtop.net\\\/produit\\\/afficheur-baby-ceza-cod-fpncz098p0ot\\\/#breadcrumb\"},\"inLanguage\":\"es\",\"potentialAction\":[{\"@type\":\"ReadAction\",\"target\":[\"https:\\\/\\\/amrtop.net\\\/produit\\\/afficheur-baby-ceza-cod-fpncz098p0ot\\\/\"]}]},{\"@type\":\"ImageObject\",\"inLanguage\":\"es\",\"@id\":\"https:\\\/\\\/amrtop.net\\\/produit\\\/afficheur-baby-ceza-cod-fpncz098p0ot\\\/#primaryimage\",\"url\":\"https:\\\/\\\/amrtop.net\\\/wp-content\\\/uploads\\\/2021\\\/09\\\/w-SITO-PAG-58-B.jpg\",\"contentUrl\":\"https:\\\/\\\/amrtop.net\\\/wp-content\\\/uploads\\\/2021\\\/09\\\/w-SITO-PAG-58-B.jpg\",\"width\":960,\"height\":960,\"caption\":\"Afficheur Baby Ceza Cod.FPNCZ098P0OT - Electronique Ceza pour po\u00eales et chaudi\u00e8res \u00e0 pellets - Accessoires Ceza pour po\u00eales et chaudi\u00e8res \u00e0 pellets - C\u00e2blage pour sondes eau po\u00eales et chaudi\u00e8res Ceza \u00e0 pellets - C\u00e2blage pour pompes eau po\u00eales et chaudi\u00e8res Ceza \u00e0 pellets - Kit de connexion Ceza pour po\u00eales \u00e0 pellets - Pressostats Ceza pour po\u00eales et chaudi\u00e8res \u00e0 pellets - Sondes de temp\u00e9rature air et eau Ceza - T\u00e9l\u00e9commandes avec Display Ceza - Cartes d\u2019extension Ceza - cartes \u00e9lectroniques Ceza\"},{\"@type\":\"BreadcrumbList\",\"@id\":\"https:\\\/\\\/amrtop.net\\\/produit\\\/afficheur-baby-ceza-cod-fpncz098p0ot\\\/#breadcrumb\",\"itemListElement\":[{\"@type\":\"ListItem\",\"position\":1,\"name\":\"Home\",\"item\":\"https:\\\/\\\/amrtop.net\\\/\"},{\"@type\":\"ListItem\",\"position\":2,\"name\":\"Shop\",\"item\":\"https:\\\/\\\/amrtop.net\\\/negozio\\\/\"},{\"@type\":\"ListItem\",\"position\":3,\"name\":\"Afficheur Baby Ceza Cod.FPNCZ098P0OT\"}]},{\"@type\":\"WebSite\",\"@id\":\"https:\\\/\\\/amrtop.net\\\/#website\",\"url\":\"https:\\\/\\\/amrtop.net\\\/\",\"name\":\"AMRTOP B2B \u00c9tranger - Achats r\u00e9serv\u00e9s au professionnel\",\"description\":\"Pi\u00e8ces de rechange et accessoires pour po\u00eales et chaudi\u00e8res - eCommerce B2B pour Clients Professionnels\",\"potentialAction\":[{\"@type\":\"SearchAction\",\"target\":{\"@type\":\"EntryPoint\",\"urlTemplate\":\"https:\\\/\\\/amrtop.net\\\/?s={search_term_string}\"},\"query-input\":{\"@type\":\"PropertyValueSpecification\",\"valueRequired\":true,\"valueName\":\"search_term_string\"}}],\"inLanguage\":\"es\"}]}<\/script>\n<!-- \/ Yoast SEO plugin. -->","yoast_head_json":{"title":"Afficheur Baby Ceza Cod.FPNCZ098P0OT","description":"Afficheur Baby Ceza Cod.FPNCZ098P0OT - Electronique Ceza pour po\u00eales et chaudi\u00e8res \u00e0 pellets - Accessoires Ceza pour po\u00eales et chaudi\u00e8res \u00e0 pellets - C\u00e2blage pour sondes eau po\u00eales et chaudi\u00e8res Ceza \u00e0 pellets - C\u00e2blage pour pompes eau po\u00eales et chaudi\u00e8res Ceza \u00e0 pellets - Kit de connexion Ceza pour po\u00eales \u00e0 pellets - Pressostats Ceza pour po\u00eales et chaudi\u00e8res \u00e0 pellets - Sondes de temp\u00e9rature air et eau Ceza - T\u00e9l\u00e9commandes avec Display Ceza - Cartes d\u2019extension Ceza - cartes \u00e9lectroniques Ceza","robots":{"index":"index","follow":"follow","max-snippet":"max-snippet:-1","max-image-preview":"max-image-preview:large","max-video-preview":"max-video-preview:-1"},"canonical":"https:\/\/amrtop.net\/es\/producto\/afficheur-baby-ceza-cod-fpncz098p0ot\/","og_locale":"es_ES","og_type":"article","og_title":"Afficheur Baby Ceza Cod.FPNCZ098P0OT","og_description":"Afficheur Baby Ceza Cod.FPNCZ098P0OT - Electronique Ceza pour po\u00eales et chaudi\u00e8res \u00e0 pellets - Accessoires Ceza pour po\u00eales et chaudi\u00e8res \u00e0 pellets - C\u00e2blage pour sondes eau po\u00eales et chaudi\u00e8res Ceza \u00e0 pellets - C\u00e2blage pour pompes eau po\u00eales et chaudi\u00e8res Ceza \u00e0 pellets - Kit de connexion Ceza pour po\u00eales \u00e0 pellets - Pressostats Ceza pour po\u00eales et chaudi\u00e8res \u00e0 pellets - Sondes de temp\u00e9rature air et eau Ceza - T\u00e9l\u00e9commandes avec Display Ceza - Cartes d\u2019extension Ceza - cartes \u00e9lectroniques Ceza","og_url":"https:\/\/amrtop.net\/es\/producto\/afficheur-baby-ceza-cod-fpncz098p0ot\/","og_site_name":"AMRTOP B2B \u00c9tranger - Achats r\u00e9serv\u00e9s au professionnel","article_modified_time":"2023-05-29T08:13:11+00:00","og_image":[{"width":960,"height":960,"url":"https:\/\/amrtop.net\/wp-content\/uploads\/2021\/09\/w-SITO-PAG-58-B.jpg","type":"image\/jpeg"}],"twitter_card":"summary_large_image","twitter_misc":{"Tiempo de lectura":"2 minutos"},"schema":{"@context":"https:\/\/schema.org","@graph":[{"@type":"WebPage","@id":"https:\/\/amrtop.net\/produit\/afficheur-baby-ceza-cod-fpncz098p0ot\/","url":"https:\/\/amrtop.net\/produit\/afficheur-baby-ceza-cod-fpncz098p0ot\/","name":"Afficheur Baby Ceza Cod.FPNCZ098P0OT","isPartOf":{"@id":"https:\/\/amrtop.net\/#website"},"primaryImageOfPage":{"@id":"https:\/\/amrtop.net\/produit\/afficheur-baby-ceza-cod-fpncz098p0ot\/#primaryimage"},"image":{"@id":"https:\/\/amrtop.net\/produit\/afficheur-baby-ceza-cod-fpncz098p0ot\/#primaryimage"},"thumbnailUrl":"https:\/\/amrtop.net\/wp-content\/uploads\/2021\/09\/w-SITO-PAG-58-B.jpg","datePublished":"2020-01-10T00:00:00+00:00","dateModified":"2023-05-29T08:13:11+00:00","description":"Afficheur Baby Ceza Cod.FPNCZ098P0OT - Electronique Ceza pour po\u00eales et chaudi\u00e8res \u00e0 pellets - Accessoires Ceza pour po\u00eales et chaudi\u00e8res \u00e0 pellets - C\u00e2blage pour sondes eau po\u00eales et chaudi\u00e8res Ceza \u00e0 pellets - C\u00e2blage pour pompes eau po\u00eales et chaudi\u00e8res Ceza \u00e0 pellets - Kit de connexion Ceza pour po\u00eales \u00e0 pellets - Pressostats Ceza pour po\u00eales et chaudi\u00e8res \u00e0 pellets - Sondes de temp\u00e9rature air et eau Ceza - T\u00e9l\u00e9commandes avec Display Ceza - Cartes d\u2019extension Ceza - cartes \u00e9lectroniques Ceza","breadcrumb":{"@id":"https:\/\/amrtop.net\/produit\/afficheur-baby-ceza-cod-fpncz098p0ot\/#breadcrumb"},"inLanguage":"es","potentialAction":[{"@type":"ReadAction","target":["https:\/\/amrtop.net\/produit\/afficheur-baby-ceza-cod-fpncz098p0ot\/"]}]},{"@type":"ImageObject","inLanguage":"es","@id":"https:\/\/amrtop.net\/produit\/afficheur-baby-ceza-cod-fpncz098p0ot\/#primaryimage","url":"https:\/\/amrtop.net\/wp-content\/uploads\/2021\/09\/w-SITO-PAG-58-B.jpg","contentUrl":"https:\/\/amrtop.net\/wp-content\/uploads\/2021\/09\/w-SITO-PAG-58-B.jpg","width":960,"height":960,"caption":"Afficheur Baby Ceza Cod.FPNCZ098P0OT - Electronique Ceza pour po\u00eales et chaudi\u00e8res \u00e0 pellets - Accessoires Ceza pour po\u00eales et chaudi\u00e8res \u00e0 pellets - C\u00e2blage pour sondes eau po\u00eales et chaudi\u00e8res Ceza \u00e0 pellets - C\u00e2blage pour pompes eau po\u00eales et chaudi\u00e8res Ceza \u00e0 pellets - Kit de connexion Ceza pour po\u00eales \u00e0 pellets - Pressostats Ceza pour po\u00eales et chaudi\u00e8res \u00e0 pellets - Sondes de temp\u00e9rature air et eau Ceza - T\u00e9l\u00e9commandes avec Display Ceza - Cartes d\u2019extension Ceza - cartes \u00e9lectroniques Ceza"},{"@type":"BreadcrumbList","@id":"https:\/\/amrtop.net\/produit\/afficheur-baby-ceza-cod-fpncz098p0ot\/#breadcrumb","itemListElement":[{"@type":"ListItem","position":1,"name":"Home","item":"https:\/\/amrtop.net\/"},{"@type":"ListItem","position":2,"name":"Shop","item":"https:\/\/amrtop.net\/negozio\/"},{"@type":"ListItem","position":3,"name":"Afficheur Baby Ceza Cod.FPNCZ098P0OT"}]},{"@type":"WebSite","@id":"https:\/\/amrtop.net\/#website","url":"https:\/\/amrtop.net\/","name":"AMRTOP B2B Abroad - Compras reservadas a los profesionales","description":"Recambios y accesorios para estufas y calderas - Comercio electr\u00f3nico B2B para profesionales","potentialAction":[{"@type":"SearchAction","target":{"@type":"EntryPoint","urlTemplate":"https:\/\/amrtop.net\/?s={search_term_string}"},"query-input":{"@type":"PropertyValueSpecification","valueRequired":true,"valueName":"search_term_string"}}],"inLanguage":"es"}]}},"_links":{"self":[{"href":"https:\/\/amrtop.net\/es\/wp-json\/wp\/v2\/product\/18638","targetHints":{"allow":["GET"]}}],"collection":[{"href":"https:\/\/amrtop.net\/es\/wp-json\/wp\/v2\/product"}],"about":[{"href":"https:\/\/amrtop.net\/es\/wp-json\/wp\/v2\/types\/product"}],"replies":[{"embeddable":true,"href":"https:\/\/amrtop.net\/es\/wp-json\/wp\/v2\/comments?post=18638"}],"wp:featuredmedia":[{"embeddable":true,"href":"https:\/\/amrtop.net\/es\/wp-json\/wp\/v2\/media\/19027"}],"wp:attachment":[{"href":"https:\/\/amrtop.net\/es\/wp-json\/wp\/v2\/media?parent=18638"}],"wp:term":[{"taxonomy":"product_brand","embeddable":true,"href":"https:\/\/amrtop.net\/es\/wp-json\/wp\/v2\/product_brand?post=18638"},{"taxonomy":"product_cat","embeddable":true,"href":"https:\/\/amrtop.net\/es\/wp-json\/wp\/v2\/product_cat?post=18638"},{"taxonomy":"product_tag","embeddable":true,"href":"https:\/\/amrtop.net\/es\/wp-json\/wp\/v2\/product_tag?post=18638"}],"curies":[{"name":"wp","href":"https:\/\/api.w.org\/{rel}","templated":true}]}}