{"id":18652,"date":"2020-01-10T00:00:00","date_gmt":"2020-01-10T00:00:00","guid":{"rendered":"https:\/\/amrtop.com\/B2B\/?post_type=product&#038;p=18652"},"modified":"2023-06-02T09:56:56","modified_gmt":"2023-06-02T09:56:56","slug":"carte-electronique-tiemme-mb100-full-in-box","status":"publish","type":"product","link":"https:\/\/amrtop.net\/es\/produit\/carte-electronique-tiemme-mb100-full-in-box\/","title":{"rendered":"Placa electr\u00f3nica Tiemme MB100 Full in Box C\u00f3digo TME002"},"content":{"rendered":"<hr \/>\n<h3>Carte \u00e9lectronique Tiemme MB100 Full in Box<\/h3>\n<div class=\"fusion-text\">\n<p>Tiemme elettronica dise\u00f1a y fabrica sistemas de gesti\u00f3n para estufas, chimeneas, quemadores, calderas y paneles solares t\u00e9rmicos.<\/p>\n<p>Soluciones eficaces, dise\u00f1adas para gestionar de forma inteligente cualquier tipo de instalaci\u00f3n de biocombustible, f\u00e1ciles de integrar en el producto final y est\u00e9ticamente agradables.<\/p>\n<\/div>\n<div class=\"fusion-text\">\n<p>Trabajan desde 1996 con un compromiso constante en la investigaci\u00f3n de materiales y en la elecci\u00f3n de los socios que comercializan sus productos, as\u00ed como de todos los diferentes productores para una cadena de producci\u00f3n 100 % italiana.<\/p>\n<p>La fuerza de tiemme Elettronica reside en su equipo de expertos: j\u00f3venes, din\u00e1micos y animados por la pasi\u00f3n por la electr\u00f3nica y la tecnolog\u00eda.<\/p>\n<p>La gesti\u00f3n inteligente de la temperatura es una promesa de bienestar: evita el despilfarro y garantiza una regulaci\u00f3n basada en las necesidades reales del usuario final. Es bueno para las personas y el medio ambiente, porque ahorra dinero y recursos naturales.<\/p>\n<\/div>\n<h3>Utilisation de la carte \u00e9lectronique Tiemme MB100 Full in Box<\/h3>\n<p>Los componentes electr\u00f3nicos TiEmme que suelen equipar las estufas y calderas de pellets se utilizan para gestionar la combusti\u00f3n, ofreciendo la posibilidad de regular el calor generado por el aparato.<\/p>\n<p>Adem\u00e1s, estos sistemas electr\u00f3nicos controlan el flujo de aire de las estufas de pellets del mercado.<\/p>\n<p>Se encuentra en aparatos t\u00edpicos - Estufa de pellets - Caldera de pellets - Quemador de pellets - Barbacoa\/parrilla de pellets Caldera de biomasa - Quemador de biomasa - Y muchos otros quemadores<\/p>\n<h3>Interior<\/h3>\n<p><a href=\"https:\/\/wekos.it\/\">Estufas, cocinas y cocinas de le\u00f1a<\/a>\u00a0-\u00a0<a href=\"https:\/\/www.greenpuros.com\/\">chimeneas, estufas y calderas de pellets.<\/a><\/p>\n<h3>Gama Amrtop de recambios y accesorios<\/h3>\n<p><a href=\"https:\/\/amrtop.net\/es\/categoria-de-productos\/recambios-miscelaneos-cocinas-y-calderas-2\/bougies-dallumage-pour-poeles-et-chaudieres-a-pellets\/\">Calentadores<\/a><\/p>\n<p><a href=\"https:\/\/amrtop.net\/es\/categoria-de-productos\/recambios-miscelaneos-cocinas-y-calderas-2\/electronique\/\">Electr\u00f3nica<\/a><\/p>\n<p><a href=\"https:\/\/amrtop.net\/es\/categoria-de-productos\/recambios-miscelaneos-cocinas-y-calderas-2\/extracteurs-de-fumee\/\">Extractores de humo<\/a><\/p>\n<p><a href=\"https:\/\/amrtop.net\/es\/categoria-de-productos\/recambios-miscelaneos-cocinas-y-calderas-2\/gaines-cable-connecteurs\/\">Fundas de cables de conexi\u00f3n<\/a><\/p>\n<p><a href=\"https:\/\/amrtop.net\/es\/categoria-de-productos\/recambios-miscelaneos-cocinas-y-calderas-2\/joints-de-silicone\/\">Juntas de silicona<\/a><\/p>\n<p><a href=\"https:\/\/amrtop.net\/es\/categoria-de-productos\/recambios-miscelaneos-cocinas-y-calderas-2\/motoreducteurs\/\">Motorreductores<\/a><\/p>\n<p><a href=\"https:\/\/amrtop.net\/es\/categoria-de-productos\/recambios-miscelaneos-cocinas-y-calderas-2\/pressostats-et-transducteurs\/\">Presostatos y transductores<\/a><\/p>\n<p><a href=\"https:\/\/amrtop.net\/es\/categoria-de-productos\/recambios-miscelaneos-cocinas-y-calderas-2\/sondes-thermostats-manometres-thermometres\/\">Sondas termostatos man\u00f3metros term\u00f3metros<\/a><\/p>\n<p><a href=\"https:\/\/amrtop.net\/es\/categoria-de-productos\/recambios-miscelaneos-cocinas-y-calderas-2\/joints-detancheite\/\">Sellado de trenzas<\/a><\/p>\n<p><a href=\"https:\/\/amrtop.net\/es\/categoria-de-productos\/recambios-miscelaneos-cocinas-y-calderas-2\/ventilateurs-centrifuges-pour-poeles-a-pellets\/\">Ventiladores centr\u00edfugos<\/a><\/p>\n<p><a href=\"https:\/\/amrtop.net\/es\/categoria-de-productos\/recambios-miscelaneos-cocinas-y-calderas-2\/ventilateurs-tangentiels-flux-transversal\/\">Ventiladores de flujo cruzado<\/a><\/p>\n<p><a href=\"https:\/\/amrtop.net\/es\/categoria-de-productos\/recambios-miscelaneos-cocinas-y-calderas-2\/adhesifs-et-produits-detancheite\/\">Colas y selladores<\/a><\/p>\n<p>&nbsp;<\/p>","protected":false},"excerpt":{"rendered":"<hr \/>\n<h2><span style=\"color: #008000\">Disponible en<\/span><\/h2>\n<hr \/>\n<h3>Carte MB100 Full in Box &#8211; 2WAYS &#8211; sans connecteurs<\/h3>\n<p>Code TME002<\/p>\n<p>MB100 Full in Box<br \/>\nLe r\u00e9gulateur de temp\u00e9rature et la carte de contr\u00f4le MB100 permet de g\u00e9rer et d\u2019optimiser la combustion des po\u00eales \u00e0 biomasse solide aliment\u00e9s \u00e0 pellets, ma\u00efs et autres dans les variantes\u00a0:<\/p>\n<p>AIR avec \u00e9changeur d\u2019air<br \/>\nHYDRO avec \u00e9changeur d\u2019eau<br \/>\nSyst\u00e8me dans le cas d\u2019installations int\u00e9gr\u00e9es.<\/p>\n<p>Elle peut \u00eatre connect\u00e9e aux p\u00e9riph\u00e9riques suivants\u00a0:<\/p>\n<p>Tous les afficheurs Tiemme<br \/>\nDispositifs d\u2019entr\u00e9e de lecture<br \/>\nDispositifs de sortie de contr\u00f4le<br \/>\nDispositifs de communication s\u00e9rie RS232, RS485<\/p>\n<p>La carte MB100 peut \u00eatre munie\u00a0:<\/p>\n<p>Bo\u00eete<br \/>\nModules additionnels IN\/OUT<br \/>\nModules Radio<br \/>\nLe MB100 g\u00e8re la combustion de tout po\u00eale \u00e0 biomasse. \u02c6 une carte polyvalente qui peut \u00eatre personnalis\u00e9e avec Box, modules additionnels IN\/OUT et modules radio. Le MB100 permet l\u2019int\u00e9gration de tous les appareils suppl\u00e9mentaires Tiemme \u00e9lectroniques.<\/p>","protected":false},"featured_media":19082,"comment_status":"open","ping_status":"closed","template":"","meta":[],"product_brand":[],"product_cat":[1316,1310,1315,839],"product_tag":[],"class_list":{"0":"post-18652","1":"product","2":"type-product","3":"status-publish","4":"has-post-thumbnail","6":"product_cat-cartes-electroniques-tiemme","7":"product_cat-electronique","8":"product_cat-electronique-tiemme-pour-poeles-et-chaudieres-a-pellets","9":"product_cat-pieces-de-rechange-divers-poeles-et-chaudieres","10":"product_shipping_class-classe-di-spedizione-01","12":"first","13":"instock","14":"shipping-taxable","15":"purchasable","16":"product-type-simple"},"yoast_head":"<!-- This site is optimized with the Yoast SEO plugin v27.5 - https:\/\/yoast.com\/product\/yoast-seo-wordpress\/ -->\n<title>Carte \u00e9lectronique Tiemme MB100 Full in Box<\/title>\n<meta name=\"description\" content=\"Carte \u00e9lectronique Tiemme MB100 Full in Box - Display Tiemme pour po\u00eales et calaies \u00e0 pellets - C\u00e2blage Tiemme pour sonde eau po\u00eale et chaudi\u00e8re \u00e0 pellets - C\u00e2blage Tiemme pour pompe \u00e0 eau - Kit de connexion Tiemme - Pressostato Tiemme - Sonde de temp\u00e9rature air et eau Tiemme - T\u00e9l\u00e9commande avec Display Tiemme - T\u00e9l\u00e9commande sans Display Tiemme\" \/>\n<meta name=\"robots\" content=\"index, follow, max-snippet:-1, max-image-preview:large, max-video-preview:-1\" \/>\n<link rel=\"canonical\" href=\"https:\/\/amrtop.net\/es\/producto\/carte-electronique-tiemme-mb100-full-in-box\/\" \/>\n<meta property=\"og:locale\" content=\"es_ES\" \/>\n<meta property=\"og:type\" content=\"article\" \/>\n<meta property=\"og:title\" content=\"Carte \u00e9lectronique Tiemme MB100 Full in Box\" \/>\n<meta property=\"og:description\" content=\"Carte \u00e9lectronique Tiemme MB100 Full in Box - Display Tiemme pour po\u00eales et calaies \u00e0 pellets - C\u00e2blage Tiemme pour sonde eau po\u00eale et chaudi\u00e8re \u00e0 pellets - C\u00e2blage Tiemme pour pompe \u00e0 eau - Kit de connexion Tiemme - Pressostato Tiemme - Sonde de temp\u00e9rature air et eau Tiemme - T\u00e9l\u00e9commande avec Display Tiemme - T\u00e9l\u00e9commande sans Display Tiemme\" \/>\n<meta property=\"og:url\" content=\"https:\/\/amrtop.net\/es\/producto\/carte-electronique-tiemme-mb100-full-in-box\/\" \/>\n<meta property=\"og:site_name\" content=\"AMRTOP B2B \u00c9tranger - Achats r\u00e9serv\u00e9s au professionnel\" \/>\n<meta property=\"article:modified_time\" content=\"2023-06-02T09:56:56+00:00\" \/>\n<meta property=\"og:image\" content=\"https:\/\/amrtop.net\/wp-content\/uploads\/2021\/09\/w-SITO-TIEMME-23.jpg\" \/>\n\t<meta property=\"og:image:width\" content=\"960\" \/>\n\t<meta property=\"og:image:height\" content=\"960\" \/>\n\t<meta property=\"og:image:type\" content=\"image\/jpeg\" \/>\n<meta name=\"twitter:card\" content=\"summary_large_image\" \/>\n<meta name=\"twitter:label1\" content=\"Tiempo de lectura\" \/>\n\t<meta name=\"twitter:data1\" content=\"2 minutos\" \/>\n<script type=\"application\/ld+json\" class=\"yoast-schema-graph\">{\"@context\":\"https:\\\/\\\/schema.org\",\"@graph\":[{\"@type\":\"WebPage\",\"@id\":\"https:\\\/\\\/amrtop.net\\\/produit\\\/carte-electronique-tiemme-mb100-full-in-box\\\/\",\"url\":\"https:\\\/\\\/amrtop.net\\\/produit\\\/carte-electronique-tiemme-mb100-full-in-box\\\/\",\"name\":\"Carte \u00e9lectronique Tiemme MB100 Full in Box\",\"isPartOf\":{\"@id\":\"https:\\\/\\\/amrtop.net\\\/#website\"},\"primaryImageOfPage\":{\"@id\":\"https:\\\/\\\/amrtop.net\\\/produit\\\/carte-electronique-tiemme-mb100-full-in-box\\\/#primaryimage\"},\"image\":{\"@id\":\"https:\\\/\\\/amrtop.net\\\/produit\\\/carte-electronique-tiemme-mb100-full-in-box\\\/#primaryimage\"},\"thumbnailUrl\":\"https:\\\/\\\/amrtop.net\\\/wp-content\\\/uploads\\\/2021\\\/09\\\/w-SITO-TIEMME-23.jpg\",\"datePublished\":\"2020-01-10T00:00:00+00:00\",\"dateModified\":\"2023-06-02T09:56:56+00:00\",\"description\":\"Carte \u00e9lectronique Tiemme MB100 Full in Box - Display Tiemme pour po\u00eales et calaies \u00e0 pellets - C\u00e2blage Tiemme pour sonde eau po\u00eale et chaudi\u00e8re \u00e0 pellets - C\u00e2blage Tiemme pour pompe \u00e0 eau - Kit de connexion Tiemme - Pressostato Tiemme - Sonde de temp\u00e9rature air et eau Tiemme - T\u00e9l\u00e9commande avec Display Tiemme - T\u00e9l\u00e9commande sans Display Tiemme\",\"breadcrumb\":{\"@id\":\"https:\\\/\\\/amrtop.net\\\/produit\\\/carte-electronique-tiemme-mb100-full-in-box\\\/#breadcrumb\"},\"inLanguage\":\"es\",\"potentialAction\":[{\"@type\":\"ReadAction\",\"target\":[\"https:\\\/\\\/amrtop.net\\\/produit\\\/carte-electronique-tiemme-mb100-full-in-box\\\/\"]}]},{\"@type\":\"ImageObject\",\"inLanguage\":\"es\",\"@id\":\"https:\\\/\\\/amrtop.net\\\/produit\\\/carte-electronique-tiemme-mb100-full-in-box\\\/#primaryimage\",\"url\":\"https:\\\/\\\/amrtop.net\\\/wp-content\\\/uploads\\\/2021\\\/09\\\/w-SITO-TIEMME-23.jpg\",\"contentUrl\":\"https:\\\/\\\/amrtop.net\\\/wp-content\\\/uploads\\\/2021\\\/09\\\/w-SITO-TIEMME-23.jpg\",\"width\":960,\"height\":960,\"caption\":\"Carte \u00e9lectronique Tiemme MB100 Full in Box - Display Tiemme pour po\u00eales et calaies \u00e0 pellets - C\u00e2blage Tiemme pour sonde eau po\u00eale et chaudi\u00e8re \u00e0 pellets - C\u00e2blage Tiemme pour pompe \u00e0 eau - Kit de connexion Tiemme - Pressostato Tiemme - Sonde de temp\u00e9rature air et eau Tiemme - T\u00e9l\u00e9commande avec Display Tiemme - T\u00e9l\u00e9commande sans Display Tiemme\"},{\"@type\":\"BreadcrumbList\",\"@id\":\"https:\\\/\\\/amrtop.net\\\/produit\\\/carte-electronique-tiemme-mb100-full-in-box\\\/#breadcrumb\",\"itemListElement\":[{\"@type\":\"ListItem\",\"position\":1,\"name\":\"Home\",\"item\":\"https:\\\/\\\/amrtop.net\\\/\"},{\"@type\":\"ListItem\",\"position\":2,\"name\":\"Shop\",\"item\":\"https:\\\/\\\/amrtop.net\\\/negozio\\\/\"},{\"@type\":\"ListItem\",\"position\":3,\"name\":\"Carte \u00e9lectronique Tiemme MB100 Full in Box Code TME002\"}]},{\"@type\":\"WebSite\",\"@id\":\"https:\\\/\\\/amrtop.net\\\/#website\",\"url\":\"https:\\\/\\\/amrtop.net\\\/\",\"name\":\"AMRTOP B2B \u00c9tranger - Achats r\u00e9serv\u00e9s au professionnel\",\"description\":\"Pi\u00e8ces de rechange et accessoires pour po\u00eales et chaudi\u00e8res - eCommerce B2B pour Clients Professionnels\",\"potentialAction\":[{\"@type\":\"SearchAction\",\"target\":{\"@type\":\"EntryPoint\",\"urlTemplate\":\"https:\\\/\\\/amrtop.net\\\/?s={search_term_string}\"},\"query-input\":{\"@type\":\"PropertyValueSpecification\",\"valueRequired\":true,\"valueName\":\"search_term_string\"}}],\"inLanguage\":\"es\"}]}<\/script>\n<!-- \/ Yoast SEO plugin. -->","yoast_head_json":{"title":"Carte \u00e9lectronique Tiemme MB100 Full in Box","description":"Placa electr\u00f3nica Tiemme MB100 Full in Box - Pantalla Tiemme para estufas y calderas de pellets - Cableado Tiemme para sensor de agua de estufas y calderas de pellets - Cableado Tiemme para bomba de agua - Kit de conexi\u00f3n Tiemme - Presostato Tiemme - Sensor de temperatura de aire y agua Tiemme - Mando a distancia con pantalla Tiemme - Mando a distancia sin pantalla Tiemme","robots":{"index":"index","follow":"follow","max-snippet":"max-snippet:-1","max-image-preview":"max-image-preview:large","max-video-preview":"max-video-preview:-1"},"canonical":"https:\/\/amrtop.net\/es\/producto\/carte-electronique-tiemme-mb100-full-in-box\/","og_locale":"es_ES","og_type":"article","og_title":"Carte \u00e9lectronique Tiemme MB100 Full in Box","og_description":"Carte \u00e9lectronique Tiemme MB100 Full in Box - Display Tiemme pour po\u00eales et calaies \u00e0 pellets - C\u00e2blage Tiemme pour sonde eau po\u00eale et chaudi\u00e8re \u00e0 pellets - C\u00e2blage Tiemme pour pompe \u00e0 eau - Kit de connexion Tiemme - Pressostato Tiemme - Sonde de temp\u00e9rature air et eau Tiemme - T\u00e9l\u00e9commande avec Display Tiemme - T\u00e9l\u00e9commande sans Display Tiemme","og_url":"https:\/\/amrtop.net\/es\/producto\/carte-electronique-tiemme-mb100-full-in-box\/","og_site_name":"AMRTOP B2B \u00c9tranger - Achats r\u00e9serv\u00e9s au professionnel","article_modified_time":"2023-06-02T09:56:56+00:00","og_image":[{"width":960,"height":960,"url":"https:\/\/amrtop.net\/wp-content\/uploads\/2021\/09\/w-SITO-TIEMME-23.jpg","type":"image\/jpeg"}],"twitter_card":"summary_large_image","twitter_misc":{"Tiempo de lectura":"2 minutos"},"schema":{"@context":"https:\/\/schema.org","@graph":[{"@type":"WebPage","@id":"https:\/\/amrtop.net\/produit\/carte-electronique-tiemme-mb100-full-in-box\/","url":"https:\/\/amrtop.net\/produit\/carte-electronique-tiemme-mb100-full-in-box\/","name":"Carte \u00e9lectronique Tiemme MB100 Full in Box","isPartOf":{"@id":"https:\/\/amrtop.net\/#website"},"primaryImageOfPage":{"@id":"https:\/\/amrtop.net\/produit\/carte-electronique-tiemme-mb100-full-in-box\/#primaryimage"},"image":{"@id":"https:\/\/amrtop.net\/produit\/carte-electronique-tiemme-mb100-full-in-box\/#primaryimage"},"thumbnailUrl":"https:\/\/amrtop.net\/wp-content\/uploads\/2021\/09\/w-SITO-TIEMME-23.jpg","datePublished":"2020-01-10T00:00:00+00:00","dateModified":"2023-06-02T09:56:56+00:00","description":"Placa electr\u00f3nica Tiemme MB100 Full in Box - Pantalla Tiemme para estufas y calderas de pellets - Cableado Tiemme para sensor de agua de estufas y calderas de pellets - Cableado Tiemme para bomba de agua - Kit de conexi\u00f3n Tiemme - Presostato Tiemme - Sensor de temperatura de aire y agua Tiemme - Mando a distancia con pantalla Tiemme - Mando a distancia sin pantalla Tiemme","breadcrumb":{"@id":"https:\/\/amrtop.net\/produit\/carte-electronique-tiemme-mb100-full-in-box\/#breadcrumb"},"inLanguage":"es","potentialAction":[{"@type":"ReadAction","target":["https:\/\/amrtop.net\/produit\/carte-electronique-tiemme-mb100-full-in-box\/"]}]},{"@type":"ImageObject","inLanguage":"es","@id":"https:\/\/amrtop.net\/produit\/carte-electronique-tiemme-mb100-full-in-box\/#primaryimage","url":"https:\/\/amrtop.net\/wp-content\/uploads\/2021\/09\/w-SITO-TIEMME-23.jpg","contentUrl":"https:\/\/amrtop.net\/wp-content\/uploads\/2021\/09\/w-SITO-TIEMME-23.jpg","width":960,"height":960,"caption":"Carte \u00e9lectronique Tiemme MB100 Full in Box - Display Tiemme pour po\u00eales et calaies \u00e0 pellets - C\u00e2blage Tiemme pour sonde eau po\u00eale et chaudi\u00e8re \u00e0 pellets - C\u00e2blage Tiemme pour pompe \u00e0 eau - Kit de connexion Tiemme - Pressostato Tiemme - Sonde de temp\u00e9rature air et eau Tiemme - T\u00e9l\u00e9commande avec Display Tiemme - T\u00e9l\u00e9commande sans Display Tiemme"},{"@type":"BreadcrumbList","@id":"https:\/\/amrtop.net\/produit\/carte-electronique-tiemme-mb100-full-in-box\/#breadcrumb","itemListElement":[{"@type":"ListItem","position":1,"name":"Home","item":"https:\/\/amrtop.net\/"},{"@type":"ListItem","position":2,"name":"Shop","item":"https:\/\/amrtop.net\/negozio\/"},{"@type":"ListItem","position":3,"name":"Carte \u00e9lectronique Tiemme MB100 Full in Box Code TME002"}]},{"@type":"WebSite","@id":"https:\/\/amrtop.net\/#website","url":"https:\/\/amrtop.net\/","name":"AMRTOP B2B Abroad - Compras reservadas a los profesionales","description":"Recambios y accesorios para estufas y calderas - Comercio electr\u00f3nico B2B para profesionales","potentialAction":[{"@type":"SearchAction","target":{"@type":"EntryPoint","urlTemplate":"https:\/\/amrtop.net\/?s={search_term_string}"},"query-input":{"@type":"PropertyValueSpecification","valueRequired":true,"valueName":"search_term_string"}}],"inLanguage":"es"}]}},"_links":{"self":[{"href":"https:\/\/amrtop.net\/es\/wp-json\/wp\/v2\/product\/18652","targetHints":{"allow":["GET"]}}],"collection":[{"href":"https:\/\/amrtop.net\/es\/wp-json\/wp\/v2\/product"}],"about":[{"href":"https:\/\/amrtop.net\/es\/wp-json\/wp\/v2\/types\/product"}],"replies":[{"embeddable":true,"href":"https:\/\/amrtop.net\/es\/wp-json\/wp\/v2\/comments?post=18652"}],"wp:featuredmedia":[{"embeddable":true,"href":"https:\/\/amrtop.net\/es\/wp-json\/wp\/v2\/media\/19082"}],"wp:attachment":[{"href":"https:\/\/amrtop.net\/es\/wp-json\/wp\/v2\/media?parent=18652"}],"wp:term":[{"taxonomy":"product_brand","embeddable":true,"href":"https:\/\/amrtop.net\/es\/wp-json\/wp\/v2\/product_brand?post=18652"},{"taxonomy":"product_cat","embeddable":true,"href":"https:\/\/amrtop.net\/es\/wp-json\/wp\/v2\/product_cat?post=18652"},{"taxonomy":"product_tag","embeddable":true,"href":"https:\/\/amrtop.net\/es\/wp-json\/wp\/v2\/product_tag?post=18652"}],"curies":[{"name":"wp","href":"https:\/\/api.w.org\/{rel}","templated":true}]}}