{"id":18806,"date":"2020-10-01T00:00:00","date_gmt":"2020-10-01T00:00:00","guid":{"rendered":"https:\/\/amrtop.com\/B2B\/?post_type=product&#038;p=18806"},"modified":"2023-06-08T09:05:16","modified_gmt":"2023-06-08T09:05:16","slug":"junta-de-ventilador-codigo-jnt36","status":"publish","type":"product","link":"https:\/\/amrtop.net\/es\/produit\/joint-de-ventilateur-code-jnt36\/","title":{"rendered":"Junta de ventilador C\u00f3digo JNT36"},"content":{"rendered":"<hr \/>\n<h3>Junta del ventilador<\/h3>\n<p>Agujero: 6 mm<\/p>\n<p>Sin agujeros - 3 agujeros - 4 agujeros<\/p>\n<p>C\u00f3digo JNT36<\/p>\n<p><a href=\"https:\/\/amrtop.net\/es\/categoria-de-productos\/recambios-miscelaneos-cocinas-y-calderas-2\/bougies-dallumage-pour-poeles-et-chaudieres-a-pellets\/\">Calentadores<\/a><\/p>\n<p><a href=\"https:\/\/amrtop.net\/es\/categoria-de-productos\/recambios-miscelaneos-cocinas-y-calderas-2\/electronique\/\">Electr\u00f3nica<\/a><\/p>\n<p><a href=\"https:\/\/amrtop.net\/es\/categoria-de-productos\/recambios-miscelaneos-cocinas-y-calderas-2\/extracteurs-de-fumee\/\">Extractores de humo<\/a><\/p>\n<p><a href=\"https:\/\/amrtop.net\/es\/categoria-de-productos\/recambios-miscelaneos-cocinas-y-calderas-2\/gaines-cable-connecteurs\/\">Fundas de cables de conexi\u00f3n<\/a><\/p>\n<p><a href=\"https:\/\/amrtop.net\/es\/categoria-de-productos\/recambios-miscelaneos-cocinas-y-calderas-2\/joints-de-silicone\/\">Juntas de silicona<\/a><\/p>\n<p><a href=\"https:\/\/amrtop.net\/es\/categoria-de-productos\/recambios-miscelaneos-cocinas-y-calderas-2\/motoreducteurs\/\">Motorreductores<\/a><\/p>\n<p><a href=\"https:\/\/amrtop.net\/es\/categoria-de-productos\/recambios-miscelaneos-cocinas-y-calderas-2\/pressostats-et-transducteurs\/\">Presostatos y transductores<\/a><\/p>\n<p><a href=\"https:\/\/amrtop.net\/es\/categoria-de-productos\/recambios-miscelaneos-cocinas-y-calderas-2\/sondes-thermostats-manometres-thermometres\/\">Sondas termostatos man\u00f3metros term\u00f3metros<\/a><\/p>\n<p><a href=\"https:\/\/amrtop.net\/es\/categoria-de-productos\/recambios-miscelaneos-cocinas-y-calderas-2\/joints-detancheite\/\">Sellado de trenzas<\/a><\/p>\n<p><a href=\"https:\/\/amrtop.net\/es\/categoria-de-productos\/recambios-miscelaneos-cocinas-y-calderas-2\/ventilateurs-centrifuges-pour-poeles-a-pellets\/\">Ventiladores centr\u00edfugos<\/a><\/p>\n<p><a href=\"https:\/\/amrtop.net\/es\/categoria-de-productos\/recambios-miscelaneos-cocinas-y-calderas-2\/ventilateurs-tangentiels-flux-transversal\/\">Ventiladores de flujo cruzado<\/a><\/p>\n<p><a href=\"https:\/\/amrtop.net\/es\/categoria-de-productos\/recambios-miscelaneos-cocinas-y-calderas-2\/adhesifs-et-produits-detancheite\/\">Colas y selladores<\/a><\/p>","protected":false},"excerpt":{"rendered":"<p>Joint de ventilateur Trou : 6 mm Sans trous &#8211; 3 Trou &#8211; 4 Trou Code JNT36 Bougies de pr\u00e9chauffage \u00c9lectronique Extracteurs de fum\u00e9e Gaines c\u00e2bles connecteurs Joints en silicone Motor\u00e9ducteurs Pressostats et transducteurs Sondes thermostats manom\u00e8tres thermom\u00e8tres Tresses d\u2019\u00e9tanch\u00e9it\u00e9 Ventilateurs centrifuges Ventilateurs tangentiels Colles et mastics<\/p>","protected":false},"featured_media":16789,"comment_status":"open","ping_status":"closed","template":"","meta":[],"product_brand":[],"product_cat":[1328,1335,839],"product_tag":[],"class_list":{"0":"post-18806","1":"product","2":"type-product","3":"status-publish","4":"has-post-thumbnail","6":"product_cat-joints-de-silicone","7":"product_cat-joints-extracteurs-de-fumee-et-ventilateurs","8":"product_cat-pieces-de-rechange-divers-poeles-et-chaudieres","9":"product_shipping_class-classe-di-spedizione-01","11":"first","12":"instock","13":"shipping-taxable","14":"purchasable","15":"product-type-simple"},"yoast_head":"<!-- This site is optimized with the Yoast SEO plugin v27.5 - https:\/\/yoast.com\/product\/yoast-seo-wordpress\/ -->\n<title>Joint de ventilateur Code JNT36<\/title>\n<meta name=\"description\" content=\"Joint de ventilateur Code JNT36 - Joint de ventilateurTrou : 6 mmSans trous - 3 Trou - 4 TrouCode JNT36\" \/>\n<meta name=\"robots\" content=\"index, follow, max-snippet:-1, max-image-preview:large, max-video-preview:-1\" \/>\n<link rel=\"canonical\" href=\"https:\/\/amrtop.net\/es\/producto\/junta-de-ventilador-codigo-jnt36\/\" \/>\n<meta property=\"og:locale\" content=\"es_ES\" \/>\n<meta property=\"og:type\" content=\"article\" \/>\n<meta property=\"og:title\" content=\"Joint de ventilateur Code JNT36\" \/>\n<meta property=\"og:description\" content=\"Joint de ventilateur Code JNT36 - Joint de ventilateurTrou : 6 mmSans trous - 3 Trou - 4 TrouCode JNT36\" \/>\n<meta property=\"og:url\" content=\"https:\/\/amrtop.net\/es\/producto\/junta-de-ventilador-codigo-jnt36\/\" \/>\n<meta property=\"og:site_name\" content=\"AMRTOP B2B \u00c9tranger - Achats r\u00e9serv\u00e9s au professionnel\" \/>\n<meta property=\"article:modified_time\" content=\"2023-06-08T09:05:16+00:00\" \/>\n<meta property=\"og:image\" content=\"https:\/\/amrtop.net\/wp-content\/uploads\/2021\/08\/w-SITO-GUARNIZIONI-101.jpg\" \/>\n\t<meta property=\"og:image:width\" content=\"640\" \/>\n\t<meta property=\"og:image:height\" content=\"640\" \/>\n\t<meta property=\"og:image:type\" content=\"image\/jpeg\" \/>\n<meta name=\"twitter:card\" content=\"summary_large_image\" \/>\n<script type=\"application\/ld+json\" class=\"yoast-schema-graph\">{\"@context\":\"https:\\\/\\\/schema.org\",\"@graph\":[{\"@type\":\"WebPage\",\"@id\":\"https:\\\/\\\/amrtop.net\\\/produit\\\/joint-de-ventilateur-code-jnt36\\\/\",\"url\":\"https:\\\/\\\/amrtop.net\\\/produit\\\/joint-de-ventilateur-code-jnt36\\\/\",\"name\":\"Joint de ventilateur Code JNT36\",\"isPartOf\":{\"@id\":\"https:\\\/\\\/amrtop.net\\\/#website\"},\"primaryImageOfPage\":{\"@id\":\"https:\\\/\\\/amrtop.net\\\/produit\\\/joint-de-ventilateur-code-jnt36\\\/#primaryimage\"},\"image\":{\"@id\":\"https:\\\/\\\/amrtop.net\\\/produit\\\/joint-de-ventilateur-code-jnt36\\\/#primaryimage\"},\"thumbnailUrl\":\"https:\\\/\\\/amrtop.net\\\/wp-content\\\/uploads\\\/2021\\\/08\\\/w-SITO-GUARNIZIONI-101.jpg\",\"datePublished\":\"2020-10-01T00:00:00+00:00\",\"dateModified\":\"2023-06-08T09:05:16+00:00\",\"description\":\"Joint de ventilateur Code JNT36 - Joint de ventilateurTrou : 6 mmSans trous - 3 Trou - 4 TrouCode JNT36\",\"breadcrumb\":{\"@id\":\"https:\\\/\\\/amrtop.net\\\/produit\\\/joint-de-ventilateur-code-jnt36\\\/#breadcrumb\"},\"inLanguage\":\"es\",\"potentialAction\":[{\"@type\":\"ReadAction\",\"target\":[\"https:\\\/\\\/amrtop.net\\\/produit\\\/joint-de-ventilateur-code-jnt36\\\/\"]}]},{\"@type\":\"ImageObject\",\"inLanguage\":\"es\",\"@id\":\"https:\\\/\\\/amrtop.net\\\/produit\\\/joint-de-ventilateur-code-jnt36\\\/#primaryimage\",\"url\":\"https:\\\/\\\/amrtop.net\\\/wp-content\\\/uploads\\\/2021\\\/08\\\/w-SITO-GUARNIZIONI-101.jpg\",\"contentUrl\":\"https:\\\/\\\/amrtop.net\\\/wp-content\\\/uploads\\\/2021\\\/08\\\/w-SITO-GUARNIZIONI-101.jpg\",\"width\":640,\"height\":640},{\"@type\":\"BreadcrumbList\",\"@id\":\"https:\\\/\\\/amrtop.net\\\/produit\\\/joint-de-ventilateur-code-jnt36\\\/#breadcrumb\",\"itemListElement\":[{\"@type\":\"ListItem\",\"position\":1,\"name\":\"Home\",\"item\":\"https:\\\/\\\/amrtop.net\\\/\"},{\"@type\":\"ListItem\",\"position\":2,\"name\":\"Shop\",\"item\":\"https:\\\/\\\/amrtop.net\\\/negozio\\\/\"},{\"@type\":\"ListItem\",\"position\":3,\"name\":\"Joint de ventilateur Code JNT36\"}]},{\"@type\":\"WebSite\",\"@id\":\"https:\\\/\\\/amrtop.net\\\/#website\",\"url\":\"https:\\\/\\\/amrtop.net\\\/\",\"name\":\"AMRTOP B2B \u00c9tranger - Achats r\u00e9serv\u00e9s au professionnel\",\"description\":\"Pi\u00e8ces de rechange et accessoires pour po\u00eales et chaudi\u00e8res - eCommerce B2B pour Clients Professionnels\",\"potentialAction\":[{\"@type\":\"SearchAction\",\"target\":{\"@type\":\"EntryPoint\",\"urlTemplate\":\"https:\\\/\\\/amrtop.net\\\/?s={search_term_string}\"},\"query-input\":{\"@type\":\"PropertyValueSpecification\",\"valueRequired\":true,\"valueName\":\"search_term_string\"}}],\"inLanguage\":\"es\"}]}<\/script>\n<!-- \/ Yoast SEO plugin. -->","yoast_head_json":{"title":"Junta de ventilador C\u00f3digo JNT36","description":"Junta de ventilador C\u00f3digo JNT36 - Junta de ventiladorAgujero: 6 mmSin agujeros - 3 Agujeros - 4 AgujerosC\u00f3digo JNT36","robots":{"index":"index","follow":"follow","max-snippet":"max-snippet:-1","max-image-preview":"max-image-preview:large","max-video-preview":"max-video-preview:-1"},"canonical":"https:\/\/amrtop.net\/es\/producto\/junta-de-ventilador-codigo-jnt36\/","og_locale":"es_ES","og_type":"article","og_title":"Joint de ventilateur Code JNT36","og_description":"Joint de ventilateur Code JNT36 - Joint de ventilateurTrou : 6 mmSans trous - 3 Trou - 4 TrouCode JNT36","og_url":"https:\/\/amrtop.net\/es\/producto\/junta-de-ventilador-codigo-jnt36\/","og_site_name":"AMRTOP B2B \u00c9tranger - Achats r\u00e9serv\u00e9s au professionnel","article_modified_time":"2023-06-08T09:05:16+00:00","og_image":[{"width":640,"height":640,"url":"https:\/\/amrtop.net\/wp-content\/uploads\/2021\/08\/w-SITO-GUARNIZIONI-101.jpg","type":"image\/jpeg"}],"twitter_card":"summary_large_image","schema":{"@context":"https:\/\/schema.org","@graph":[{"@type":"WebPage","@id":"https:\/\/amrtop.net\/produit\/joint-de-ventilateur-code-jnt36\/","url":"https:\/\/amrtop.net\/produit\/joint-de-ventilateur-code-jnt36\/","name":"Junta de ventilador C\u00f3digo JNT36","isPartOf":{"@id":"https:\/\/amrtop.net\/#website"},"primaryImageOfPage":{"@id":"https:\/\/amrtop.net\/produit\/joint-de-ventilateur-code-jnt36\/#primaryimage"},"image":{"@id":"https:\/\/amrtop.net\/produit\/joint-de-ventilateur-code-jnt36\/#primaryimage"},"thumbnailUrl":"https:\/\/amrtop.net\/wp-content\/uploads\/2021\/08\/w-SITO-GUARNIZIONI-101.jpg","datePublished":"2020-10-01T00:00:00+00:00","dateModified":"2023-06-08T09:05:16+00:00","description":"Junta de ventilador C\u00f3digo JNT36 - Junta de ventiladorAgujero: 6 mmSin agujeros - 3 Agujeros - 4 AgujerosC\u00f3digo JNT36","breadcrumb":{"@id":"https:\/\/amrtop.net\/produit\/joint-de-ventilateur-code-jnt36\/#breadcrumb"},"inLanguage":"es","potentialAction":[{"@type":"ReadAction","target":["https:\/\/amrtop.net\/produit\/joint-de-ventilateur-code-jnt36\/"]}]},{"@type":"ImageObject","inLanguage":"es","@id":"https:\/\/amrtop.net\/produit\/joint-de-ventilateur-code-jnt36\/#primaryimage","url":"https:\/\/amrtop.net\/wp-content\/uploads\/2021\/08\/w-SITO-GUARNIZIONI-101.jpg","contentUrl":"https:\/\/amrtop.net\/wp-content\/uploads\/2021\/08\/w-SITO-GUARNIZIONI-101.jpg","width":640,"height":640},{"@type":"BreadcrumbList","@id":"https:\/\/amrtop.net\/produit\/joint-de-ventilateur-code-jnt36\/#breadcrumb","itemListElement":[{"@type":"ListItem","position":1,"name":"Home","item":"https:\/\/amrtop.net\/"},{"@type":"ListItem","position":2,"name":"Shop","item":"https:\/\/amrtop.net\/negozio\/"},{"@type":"ListItem","position":3,"name":"Joint de ventilateur Code JNT36"}]},{"@type":"WebSite","@id":"https:\/\/amrtop.net\/#website","url":"https:\/\/amrtop.net\/","name":"AMRTOP B2B Abroad - Compras reservadas a los profesionales","description":"Recambios y accesorios para estufas y calderas - Comercio electr\u00f3nico B2B para profesionales","potentialAction":[{"@type":"SearchAction","target":{"@type":"EntryPoint","urlTemplate":"https:\/\/amrtop.net\/?s={search_term_string}"},"query-input":{"@type":"PropertyValueSpecification","valueRequired":true,"valueName":"search_term_string"}}],"inLanguage":"es"}]}},"_links":{"self":[{"href":"https:\/\/amrtop.net\/es\/wp-json\/wp\/v2\/product\/18806","targetHints":{"allow":["GET"]}}],"collection":[{"href":"https:\/\/amrtop.net\/es\/wp-json\/wp\/v2\/product"}],"about":[{"href":"https:\/\/amrtop.net\/es\/wp-json\/wp\/v2\/types\/product"}],"replies":[{"embeddable":true,"href":"https:\/\/amrtop.net\/es\/wp-json\/wp\/v2\/comments?post=18806"}],"wp:featuredmedia":[{"embeddable":true,"href":"https:\/\/amrtop.net\/es\/wp-json\/wp\/v2\/media\/16789"}],"wp:attachment":[{"href":"https:\/\/amrtop.net\/es\/wp-json\/wp\/v2\/media?parent=18806"}],"wp:term":[{"taxonomy":"product_brand","embeddable":true,"href":"https:\/\/amrtop.net\/es\/wp-json\/wp\/v2\/product_brand?post=18806"},{"taxonomy":"product_cat","embeddable":true,"href":"https:\/\/amrtop.net\/es\/wp-json\/wp\/v2\/product_cat?post=18806"},{"taxonomy":"product_tag","embeddable":true,"href":"https:\/\/amrtop.net\/es\/wp-json\/wp\/v2\/product_tag?post=18806"}],"curies":[{"name":"wp","href":"https:\/\/api.w.org\/{rel}","templated":true}]}}