{"id":18939,"date":"2020-10-01T00:00:00","date_gmt":"2020-10-01T00:00:00","guid":{"rendered":"https:\/\/amrtop.com\/B2B\/?post_type=product&#038;p=18939"},"modified":"2023-06-03T13:09:55","modified_gmt":"2023-06-03T13:09:55","slug":"ventilateur-centrifuge-fergas-code-209108-encombrement-longueur-1618-mm-encombrement-hauteur-1805-mm","status":"publish","type":"product","link":"https:\/\/amrtop.net\/es\/produit\/ventilateur-centrifuge-fergas-code-209108-encombrement-longueur-1618-mm-encombrement-hauteur-1805-mm\/","title":{"rendered":"Ventilador centr\u00edfugo Fergas C\u00f3digo 209108 - Longitud total 161,8 mm - Altura total 180,5 mm"},"content":{"rendered":"<hr \/>\n<h3>Ventilateur centrifuge Fergas double aspiration 209108<\/h3>\n<p>Le ventilateur Fergas avec syst\u00e8me &#8220;key rivet&#8221; a \u00e9t\u00e9 le choix du march\u00e9 depuis 1979. Disponible avec diam\u00e8tres de 67mm \u00e0 224mm en version \u00e0 simple ou double aspiration avec moyeu pour montage sur arbre ou pour application press fit en cas de moteur \u00e0 rotor externe.<\/p>\n<p>Le ventilateur \u00e0 simple aspiration KNA-e est disponible dans les diam\u00e8tres de 67 \u00e0 224 mm avec moyeu en aluminium ou en acier pour montage sur arbre ou pour application press fit en cas de moteur \u00e0 rotor externe avec diam\u00e8tre 59\/72 ou 92mm.<\/p>\n<p>Las tecnolog\u00edas de montaje Fergas desarrolladas junto con el producto garantizan la solidez y la ausencia de vibraciones y resonancias.<\/p>\n<h3>Utilisation de ventilateur centrifuge Fergas double aspiration 209108<\/h3>\n<p>Los ventiladores tangenciales de flujo cruzado que ofrece Amrtop se instalan en aparatos de biomasa para extraer el aire caliente creado por el cuerpo de combusti\u00f3n y luego distribuirlo en el ambiente.<\/p>\n<p><strong>Presente en aparatos t\u00edpicos<\/strong>\u00a0Estufa de pellets - Caldera de pellets - Quemador de pellets - Barbacoa\/parrilla de pellets Caldera de biomasa - Quemador de biomasa - Y muchos otros quemadores<\/p>\n<h3><strong>Interior<\/strong><\/h3>\n<p><a href=\"https:\/\/wekos.it\/\">Estufas, cocinas y cocinas de le\u00f1a<\/a>\u00a0-\u00a0<a href=\"https:\/\/www.greenpuros.com\/\">chimeneas, estufas y calderas de pellets.<\/a><\/p>\n<h3><strong>Gama Amrtop de recambios y accesorios<\/strong><\/h3>\n<p><a href=\"https:\/\/amrtop.net\/es\/categoria-de-productos\/recambios-miscelaneos-cocinas-y-calderas-2\/bougies-dallumage-pour-poeles-et-chaudieres-a-pellets\/\">Calentadores<\/a><\/p>\n<p><a href=\"https:\/\/amrtop.net\/es\/categoria-de-productos\/recambios-miscelaneos-cocinas-y-calderas-2\/electronique\/\">Electr\u00f3nica<\/a><\/p>\n<p><a href=\"https:\/\/amrtop.net\/es\/categoria-de-productos\/recambios-miscelaneos-cocinas-y-calderas-2\/extracteurs-de-fumee\/\">Extractores de humo<\/a><\/p>\n<p><a href=\"https:\/\/amrtop.net\/es\/categoria-de-productos\/recambios-miscelaneos-cocinas-y-calderas-2\/gaines-cable-connecteurs\/\">Fundas de cables de conexi\u00f3n<\/a><\/p>\n<p><a href=\"https:\/\/amrtop.net\/es\/categoria-de-productos\/recambios-miscelaneos-cocinas-y-calderas-2\/joints-de-silicone\/\">Juntas de silicona<\/a><\/p>\n<p><a href=\"https:\/\/amrtop.net\/es\/categoria-de-productos\/recambios-miscelaneos-cocinas-y-calderas-2\/motoreducteurs\/\">Motorreductores<\/a><\/p>\n<p><a href=\"https:\/\/amrtop.net\/es\/categoria-de-productos\/recambios-miscelaneos-cocinas-y-calderas-2\/pressostats-et-transducteurs\/\">Presostatos y transductores<\/a><\/p>\n<p><a href=\"https:\/\/amrtop.net\/es\/categoria-de-productos\/recambios-miscelaneos-cocinas-y-calderas-2\/sondes-thermostats-manometres-thermometres\/\">Sondas termostatos man\u00f3metros term\u00f3metros<\/a><\/p>\n<p><a href=\"https:\/\/amrtop.net\/es\/categoria-de-productos\/recambios-miscelaneos-cocinas-y-calderas-2\/joints-detancheite\/\">Sellado de trenzas<\/a><\/p>\n<p><a href=\"https:\/\/amrtop.net\/es\/categoria-de-productos\/recambios-miscelaneos-cocinas-y-calderas-2\/ventilateurs-centrifuges-pour-poeles-a-pellets\/\">Ventiladores centr\u00edfugos<\/a><\/p>\n<p><a href=\"https:\/\/amrtop.net\/es\/categoria-de-productos\/recambios-miscelaneos-cocinas-y-calderas-2\/ventilateurs-tangentiels-flux-transversal\/\">Ventiladores de flujo cruzado<\/a><\/p>\n<p><a href=\"https:\/\/amrtop.net\/es\/categoria-de-productos\/recambios-miscelaneos-cocinas-y-calderas-2\/adhesifs-et-produits-detancheite\/\">Colas y selladores<\/a><\/p>\n<p>El personal de\u00a0<strong>Amrtop<\/strong> ha sido cuidadosamente formado para ayudarle a identificar las piezas de recambio que deben sustituirse. Ofreciendo asistencia telef\u00f3nica en franc\u00e9s, ingl\u00e9s, rumano e italiano.<br \/>\nNo dude en ponerse en contacto con nosotros<\/p>\n<p>&nbsp;<\/p>\n<p>&nbsp;<\/p>","protected":false},"excerpt":{"rendered":"<hr \/>\n<h2><span style=\"color: #008000\">Disponible en<\/span><\/h2>\n<hr \/>\n<h2>Ventilateur centrifuge Fergas moteur externe SX<\/h2>\n<p>Code 209108<\/p>\n<p>Ventilateur: \u00f8 100 mm<\/p>\n<p>Longueur totale : 161,8 mm<\/p>\n<p>Hauteur totale : 180,5 mm<\/p>\n<p>Profondeur totale : 167 mm<\/p>\n<p>Dimensions bouches : 71 x 58 mm<\/p>\n<p>Debit d&#8217;air : 220 m\u00b3\/h<\/p>\n<p>Paquete de solapas: 20 mm<\/p>\n<p>Puissances : 80 W<\/p>\n<p>Clase H<\/p>","protected":false},"featured_media":35156,"comment_status":"open","ping_status":"closed","template":"","meta":[],"product_brand":[],"product_cat":[839,1300,1302,1390],"product_tag":[],"class_list":{"0":"post-18939","1":"product","2":"type-product","3":"status-publish","4":"has-post-thumbnail","6":"product_cat-pieces-de-rechange-divers-poeles-et-chaudieres","7":"product_cat-ventilateurs-centrifuges-pour-poeles-a-pellets","8":"product_cat-ventilatori-centrifughi-fergas","9":"product_cat-ventilateurs-centrifuges-fergas-pales-avant","10":"product_shipping_class-classe-di-spedizione-02","12":"first","13":"instock","14":"shipping-taxable","15":"purchasable","16":"product-type-simple"},"yoast_head":"<!-- This site is optimized with the Yoast SEO plugin v27.5 - https:\/\/yoast.com\/product\/yoast-seo-wordpress\/ -->\n<title>Ventilateur centrifuge Fergas double aspiration 209108<\/title>\n<meta name=\"description\" content=\"Ventilateur centrifuge Fergas double aspiration 209108-Ventilateurs centrifuges Fergas double aspiration pour po\u00eales et chaudi\u00e8res \u00e0 pellets code 209108\" \/>\n<meta name=\"robots\" content=\"index, follow, max-snippet:-1, max-image-preview:large, max-video-preview:-1\" \/>\n<link rel=\"canonical\" href=\"https:\/\/amrtop.net\/es\/producto\/ventilateur-centrifuge-fergas-code-209108-encombrement-longueur-1618-mm-encombrement-hauteur-1805-mm\/\" \/>\n<meta property=\"og:locale\" content=\"es_ES\" \/>\n<meta property=\"og:type\" content=\"article\" \/>\n<meta property=\"og:title\" content=\"Ventilateur centrifuge Fergas double aspiration 209108\" \/>\n<meta property=\"og:description\" content=\"Ventilateur centrifuge Fergas double aspiration 209108-Ventilateurs centrifuges Fergas double aspiration pour po\u00eales et chaudi\u00e8res \u00e0 pellets code 209108\" \/>\n<meta property=\"og:url\" content=\"https:\/\/amrtop.net\/es\/producto\/ventilateur-centrifuge-fergas-code-209108-encombrement-longueur-1618-mm-encombrement-hauteur-1805-mm\/\" \/>\n<meta property=\"og:site_name\" content=\"AMRTOP B2B \u00c9tranger - Achats r\u00e9serv\u00e9s au professionnel\" \/>\n<meta property=\"article:modified_time\" content=\"2023-06-03T13:09:55+00:00\" \/>\n<meta property=\"og:image\" content=\"https:\/\/amrtop.net\/wp-content\/uploads\/2020\/10\/209108.jpg\" \/>\n\t<meta property=\"og:image:width\" content=\"960\" \/>\n\t<meta property=\"og:image:height\" content=\"960\" \/>\n\t<meta property=\"og:image:type\" content=\"image\/jpeg\" \/>\n<meta name=\"twitter:card\" content=\"summary_large_image\" \/>\n<meta name=\"twitter:label1\" content=\"Tiempo de lectura\" \/>\n\t<meta name=\"twitter:data1\" content=\"1 minuto\" \/>\n<script type=\"application\/ld+json\" class=\"yoast-schema-graph\">{\"@context\":\"https:\\\/\\\/schema.org\",\"@graph\":[{\"@type\":\"WebPage\",\"@id\":\"https:\\\/\\\/amrtop.net\\\/produit\\\/ventilateur-centrifuge-fergas-code-209108-encombrement-longueur-1618-mm-encombrement-hauteur-1805-mm\\\/\",\"url\":\"https:\\\/\\\/amrtop.net\\\/produit\\\/ventilateur-centrifuge-fergas-code-209108-encombrement-longueur-1618-mm-encombrement-hauteur-1805-mm\\\/\",\"name\":\"Ventilateur centrifuge Fergas double aspiration 209108\",\"isPartOf\":{\"@id\":\"https:\\\/\\\/amrtop.net\\\/#website\"},\"primaryImageOfPage\":{\"@id\":\"https:\\\/\\\/amrtop.net\\\/produit\\\/ventilateur-centrifuge-fergas-code-209108-encombrement-longueur-1618-mm-encombrement-hauteur-1805-mm\\\/#primaryimage\"},\"image\":{\"@id\":\"https:\\\/\\\/amrtop.net\\\/produit\\\/ventilateur-centrifuge-fergas-code-209108-encombrement-longueur-1618-mm-encombrement-hauteur-1805-mm\\\/#primaryimage\"},\"thumbnailUrl\":\"https:\\\/\\\/amrtop.net\\\/wp-content\\\/uploads\\\/2020\\\/10\\\/209108.jpg\",\"datePublished\":\"2020-10-01T00:00:00+00:00\",\"dateModified\":\"2023-06-03T13:09:55+00:00\",\"description\":\"Ventilateur centrifuge Fergas double aspiration 209108-Ventilateurs centrifuges Fergas double aspiration pour po\u00eales et chaudi\u00e8res \u00e0 pellets code 209108\",\"breadcrumb\":{\"@id\":\"https:\\\/\\\/amrtop.net\\\/produit\\\/ventilateur-centrifuge-fergas-code-209108-encombrement-longueur-1618-mm-encombrement-hauteur-1805-mm\\\/#breadcrumb\"},\"inLanguage\":\"es\",\"potentialAction\":[{\"@type\":\"ReadAction\",\"target\":[\"https:\\\/\\\/amrtop.net\\\/produit\\\/ventilateur-centrifuge-fergas-code-209108-encombrement-longueur-1618-mm-encombrement-hauteur-1805-mm\\\/\"]}]},{\"@type\":\"ImageObject\",\"inLanguage\":\"es\",\"@id\":\"https:\\\/\\\/amrtop.net\\\/produit\\\/ventilateur-centrifuge-fergas-code-209108-encombrement-longueur-1618-mm-encombrement-hauteur-1805-mm\\\/#primaryimage\",\"url\":\"https:\\\/\\\/amrtop.net\\\/wp-content\\\/uploads\\\/2020\\\/10\\\/209108.jpg\",\"contentUrl\":\"https:\\\/\\\/amrtop.net\\\/wp-content\\\/uploads\\\/2020\\\/10\\\/209108.jpg\",\"width\":960,\"height\":960,\"caption\":\"Ventilateur centrifuge Fergas double aspiration 209108-Ventilateurs centrifuges Fergas double aspiration pour po\u00eales et chaudi\u00e8res \u00e0 pellets code 209108\"},{\"@type\":\"BreadcrumbList\",\"@id\":\"https:\\\/\\\/amrtop.net\\\/produit\\\/ventilateur-centrifuge-fergas-code-209108-encombrement-longueur-1618-mm-encombrement-hauteur-1805-mm\\\/#breadcrumb\",\"itemListElement\":[{\"@type\":\"ListItem\",\"position\":1,\"name\":\"Home\",\"item\":\"https:\\\/\\\/amrtop.net\\\/\"},{\"@type\":\"ListItem\",\"position\":2,\"name\":\"Shop\",\"item\":\"https:\\\/\\\/amrtop.net\\\/negozio\\\/\"},{\"@type\":\"ListItem\",\"position\":3,\"name\":\"Ventilateur centrifuge Fergas Code 209108 &#8211; Encombrement longueur 161,8 mm &#8211; Encombrement hauteur 180,5 mm\"}]},{\"@type\":\"WebSite\",\"@id\":\"https:\\\/\\\/amrtop.net\\\/#website\",\"url\":\"https:\\\/\\\/amrtop.net\\\/\",\"name\":\"AMRTOP B2B \u00c9tranger - Achats r\u00e9serv\u00e9s au professionnel\",\"description\":\"Pi\u00e8ces de rechange et accessoires pour po\u00eales et chaudi\u00e8res - eCommerce B2B pour Clients Professionnels\",\"potentialAction\":[{\"@type\":\"SearchAction\",\"target\":{\"@type\":\"EntryPoint\",\"urlTemplate\":\"https:\\\/\\\/amrtop.net\\\/?s={search_term_string}\"},\"query-input\":{\"@type\":\"PropertyValueSpecification\",\"valueRequired\":true,\"valueName\":\"search_term_string\"}}],\"inLanguage\":\"es\"}]}<\/script>\n<!-- \/ Yoast SEO plugin. -->","yoast_head_json":{"title":"Ventilateur centrifuge Fergas double aspiration 209108","description":"Ventilador centr\u00edfugo de doble aspiraci\u00f3n Fergas 209108-Ventiladores centr\u00edfugos de doble aspiraci\u00f3n Fergas para estufas y calderas de pellets c\u00f3digo 209108","robots":{"index":"index","follow":"follow","max-snippet":"max-snippet:-1","max-image-preview":"max-image-preview:large","max-video-preview":"max-video-preview:-1"},"canonical":"https:\/\/amrtop.net\/es\/producto\/ventilateur-centrifuge-fergas-code-209108-encombrement-longueur-1618-mm-encombrement-hauteur-1805-mm\/","og_locale":"es_ES","og_type":"article","og_title":"Ventilateur centrifuge Fergas double aspiration 209108","og_description":"Ventilateur centrifuge Fergas double aspiration 209108-Ventilateurs centrifuges Fergas double aspiration pour po\u00eales et chaudi\u00e8res \u00e0 pellets code 209108","og_url":"https:\/\/amrtop.net\/es\/producto\/ventilateur-centrifuge-fergas-code-209108-encombrement-longueur-1618-mm-encombrement-hauteur-1805-mm\/","og_site_name":"AMRTOP B2B \u00c9tranger - Achats r\u00e9serv\u00e9s au professionnel","article_modified_time":"2023-06-03T13:09:55+00:00","og_image":[{"width":960,"height":960,"url":"https:\/\/amrtop.net\/wp-content\/uploads\/2020\/10\/209108.jpg","type":"image\/jpeg"}],"twitter_card":"summary_large_image","twitter_misc":{"Tiempo de lectura":"1 minuto"},"schema":{"@context":"https:\/\/schema.org","@graph":[{"@type":"WebPage","@id":"https:\/\/amrtop.net\/produit\/ventilateur-centrifuge-fergas-code-209108-encombrement-longueur-1618-mm-encombrement-hauteur-1805-mm\/","url":"https:\/\/amrtop.net\/produit\/ventilateur-centrifuge-fergas-code-209108-encombrement-longueur-1618-mm-encombrement-hauteur-1805-mm\/","name":"Ventilateur centrifuge Fergas double aspiration 209108","isPartOf":{"@id":"https:\/\/amrtop.net\/#website"},"primaryImageOfPage":{"@id":"https:\/\/amrtop.net\/produit\/ventilateur-centrifuge-fergas-code-209108-encombrement-longueur-1618-mm-encombrement-hauteur-1805-mm\/#primaryimage"},"image":{"@id":"https:\/\/amrtop.net\/produit\/ventilateur-centrifuge-fergas-code-209108-encombrement-longueur-1618-mm-encombrement-hauteur-1805-mm\/#primaryimage"},"thumbnailUrl":"https:\/\/amrtop.net\/wp-content\/uploads\/2020\/10\/209108.jpg","datePublished":"2020-10-01T00:00:00+00:00","dateModified":"2023-06-03T13:09:55+00:00","description":"Ventilador centr\u00edfugo de doble aspiraci\u00f3n Fergas 209108-Ventiladores centr\u00edfugos de doble aspiraci\u00f3n Fergas para estufas y calderas de pellets c\u00f3digo 209108","breadcrumb":{"@id":"https:\/\/amrtop.net\/produit\/ventilateur-centrifuge-fergas-code-209108-encombrement-longueur-1618-mm-encombrement-hauteur-1805-mm\/#breadcrumb"},"inLanguage":"es","potentialAction":[{"@type":"ReadAction","target":["https:\/\/amrtop.net\/produit\/ventilateur-centrifuge-fergas-code-209108-encombrement-longueur-1618-mm-encombrement-hauteur-1805-mm\/"]}]},{"@type":"ImageObject","inLanguage":"es","@id":"https:\/\/amrtop.net\/produit\/ventilateur-centrifuge-fergas-code-209108-encombrement-longueur-1618-mm-encombrement-hauteur-1805-mm\/#primaryimage","url":"https:\/\/amrtop.net\/wp-content\/uploads\/2020\/10\/209108.jpg","contentUrl":"https:\/\/amrtop.net\/wp-content\/uploads\/2020\/10\/209108.jpg","width":960,"height":960,"caption":"Ventilateur centrifuge Fergas double aspiration 209108-Ventilateurs centrifuges Fergas double aspiration pour po\u00eales et chaudi\u00e8res \u00e0 pellets code 209108"},{"@type":"BreadcrumbList","@id":"https:\/\/amrtop.net\/produit\/ventilateur-centrifuge-fergas-code-209108-encombrement-longueur-1618-mm-encombrement-hauteur-1805-mm\/#breadcrumb","itemListElement":[{"@type":"ListItem","position":1,"name":"Home","item":"https:\/\/amrtop.net\/"},{"@type":"ListItem","position":2,"name":"Shop","item":"https:\/\/amrtop.net\/negozio\/"},{"@type":"ListItem","position":3,"name":"Ventilateur centrifuge Fergas Code 209108 &#8211; Encombrement longueur 161,8 mm &#8211; Encombrement hauteur 180,5 mm"}]},{"@type":"WebSite","@id":"https:\/\/amrtop.net\/#website","url":"https:\/\/amrtop.net\/","name":"AMRTOP B2B Abroad - Compras reservadas a los profesionales","description":"Recambios y accesorios para estufas y calderas - Comercio electr\u00f3nico B2B para profesionales","potentialAction":[{"@type":"SearchAction","target":{"@type":"EntryPoint","urlTemplate":"https:\/\/amrtop.net\/?s={search_term_string}"},"query-input":{"@type":"PropertyValueSpecification","valueRequired":true,"valueName":"search_term_string"}}],"inLanguage":"es"}]}},"_links":{"self":[{"href":"https:\/\/amrtop.net\/es\/wp-json\/wp\/v2\/product\/18939","targetHints":{"allow":["GET"]}}],"collection":[{"href":"https:\/\/amrtop.net\/es\/wp-json\/wp\/v2\/product"}],"about":[{"href":"https:\/\/amrtop.net\/es\/wp-json\/wp\/v2\/types\/product"}],"replies":[{"embeddable":true,"href":"https:\/\/amrtop.net\/es\/wp-json\/wp\/v2\/comments?post=18939"}],"wp:featuredmedia":[{"embeddable":true,"href":"https:\/\/amrtop.net\/es\/wp-json\/wp\/v2\/media\/35156"}],"wp:attachment":[{"href":"https:\/\/amrtop.net\/es\/wp-json\/wp\/v2\/media?parent=18939"}],"wp:term":[{"taxonomy":"product_brand","embeddable":true,"href":"https:\/\/amrtop.net\/es\/wp-json\/wp\/v2\/product_brand?post=18939"},{"taxonomy":"product_cat","embeddable":true,"href":"https:\/\/amrtop.net\/es\/wp-json\/wp\/v2\/product_cat?post=18939"},{"taxonomy":"product_tag","embeddable":true,"href":"https:\/\/amrtop.net\/es\/wp-json\/wp\/v2\/product_tag?post=18939"}],"curies":[{"name":"wp","href":"https:\/\/api.w.org\/{rel}","templated":true}]}}