{"id":19006,"date":"2020-10-01T00:00:00","date_gmt":"2020-10-01T00:00:00","guid":{"rendered":"https:\/\/amrtop.com\/B2B\/?post_type=product&#038;p=19006"},"modified":"2023-06-05T12:09:25","modified_gmt":"2023-06-05T12:09:25","slug":"ventilateur-tangentiel-ipc-o-65-l-300-mm-moteur-droit","status":"publish","type":"product","link":"https:\/\/amrtop.net\/es\/produit\/ventilateur-tangentiel-ipc-o-65-l-300-mm-moteur-droit\/","title":{"rendered":"C\u00f3digo CRW2A630BRC1 - Longitud del ventilador 300 mm - Longitud total 389 mm"},"content":{"rendered":"<h3>Ventilateur tangentiel IPC \u00f8 65 L.300 mm moteur droit<\/h3>\n<p>Con m\u00e1s de veinte a\u00f1os de experiencia pr\u00e1ctica en todas las aplicaciones utilizadas en las estufas de pellets\/biomasa, IPC es ahora el l\u00edder del mercado en el suministro de componentes y sistemas en este nicho del sector de la calefacci\u00f3n.<\/p>\n<p>La experiencia adquirida nos permite desarrollar soluciones espec\u00edficas para los fabricantes de sistemas HVACR y, en el mercado de las estufas de pellets y chimeneas de biomasa, dise\u00f1amos y fabricamos componentes innovadores con tecnolog\u00edas de vanguardia.<\/p>\n<p>Dise\u00f1amos y fabricamos componentes innovadores utilizando tecnolog\u00edas de vanguardia.<\/p>\n<p>Nuestros motorreductores BRUSHLESS para la carga CONTINUA y nuestros ventiladores EC 230V para la extracci\u00f3n de humos son ahora la referencia para todos los fabricantes m\u00e1s conocidos de sistemas de biomasa.<\/p>\n<p>Amrtop ofrece una amplia gama de productos IPC para ventilaci\u00f3n, especialmente dise\u00f1ados para el sector de la calefacci\u00f3n y la refrigeraci\u00f3n.<\/p>\n<h3>Utilisation du ventilateur tangentiel IPC \u00f8 65 L.300 mm moteur droit<\/h3>\n<p>Los ventiladores tangenciales de flujo cruzado que ofrece Amrtop se instalan en aparatos de biomasa para extraer el aire caliente creado por el cuerpo de combusti\u00f3n y luego distribuirlo en el ambiente.<\/p>\n<p><strong>Presente en aparatos t\u00edpicos<\/strong>\u00a0Estufa de pellets - Caldera de pellets - Quemador de pellets - Barbacoa\/parrilla de pellets Caldera de biomasa - Quemador de biomasa - Y muchos otros quemadores<\/p>\n<h3><strong>Interior<\/strong><\/h3>\n<p><a href=\"https:\/\/wekos.it\/\">Estufas, cocinas y cocinas de le\u00f1a<\/a>\u00a0-\u00a0<a href=\"https:\/\/www.greenpuros.com\/\">chimeneas, estufas y calderas de pellets.<\/a><\/p>\n<h3><strong>Gama Amrtop de recambios y accesorios<\/strong><\/h3>\n<p><a href=\"https:\/\/amrtop.net\/es\/categoria-de-productos\/recambios-miscelaneos-cocinas-y-calderas-2\/bougies-dallumage-pour-poeles-et-chaudieres-a-pellets\/\">Calentadores<\/a><\/p>\n<p><a href=\"https:\/\/amrtop.net\/es\/categoria-de-productos\/recambios-miscelaneos-cocinas-y-calderas-2\/electronique\/\">Electr\u00f3nica<\/a><\/p>\n<p><a href=\"https:\/\/amrtop.net\/es\/categoria-de-productos\/recambios-miscelaneos-cocinas-y-calderas-2\/extracteurs-de-fumee\/\">Extractores de humo<\/a><\/p>\n<p><a href=\"https:\/\/amrtop.net\/es\/categoria-de-productos\/recambios-miscelaneos-cocinas-y-calderas-2\/gaines-cable-connecteurs\/\">Fundas de cables de conexi\u00f3n<\/a><\/p>\n<p><a href=\"https:\/\/amrtop.net\/es\/categoria-de-productos\/recambios-miscelaneos-cocinas-y-calderas-2\/joints-de-silicone\/\">Juntas de silicona<\/a><\/p>\n<p><a href=\"https:\/\/amrtop.net\/es\/categoria-de-productos\/recambios-miscelaneos-cocinas-y-calderas-2\/motoreducteurs\/\">Motorreductores<\/a><\/p>\n<p><a href=\"https:\/\/amrtop.net\/es\/categoria-de-productos\/recambios-miscelaneos-cocinas-y-calderas-2\/pressostats-et-transducteurs\/\">Presostatos y transductores<\/a><\/p>\n<p><a href=\"https:\/\/amrtop.net\/es\/categoria-de-productos\/recambios-miscelaneos-cocinas-y-calderas-2\/sondes-thermostats-manometres-thermometres\/\">Sondas termostatos man\u00f3metros term\u00f3metros<\/a><\/p>\n<p><a href=\"https:\/\/amrtop.net\/es\/categoria-de-productos\/recambios-miscelaneos-cocinas-y-calderas-2\/joints-detancheite\/\">Sellado de trenzas<\/a><\/p>\n<p><a href=\"https:\/\/amrtop.net\/es\/categoria-de-productos\/recambios-miscelaneos-cocinas-y-calderas-2\/ventilateurs-centrifuges-pour-poeles-a-pellets\/\">Ventiladores centr\u00edfugos<\/a><\/p>\n<p><a href=\"https:\/\/amrtop.net\/es\/categoria-de-productos\/recambios-miscelaneos-cocinas-y-calderas-2\/ventilateurs-tangentiels-flux-transversal\/\">Ventiladores de flujo cruzado<\/a><\/p>\n<p><a href=\"https:\/\/amrtop.net\/es\/categoria-de-productos\/recambios-miscelaneos-cocinas-y-calderas-2\/adhesifs-et-produits-detancheite\/\">Colas y selladores<\/a><\/p>","protected":false},"excerpt":{"rendered":"<hr \/>\n<h2><span style=\"color: #008000\">Disponible en<\/span><\/h2>\n<hr \/>\n<p>Compatible avec le code Ipc CRW2A630BRC1 &#8211; Moteur DX<\/p>\n<p>Code CRW2A630BRC1<\/p>\n<p>Ventilador \u00f8 65 mm<\/p>\n<p>Longueur ventilateur 300 mm<\/p>\n<p>Longitud total: 389 mm<\/p>\n<p>Altura total: 115 mm<\/p>\n<p>Dimensions bouches : 47 x 300 mm<\/p>\n<p>Debit d&#8217;air : 345 m\u00b3\/h<\/p>\n<p>Paquete lamelar: 40 mm<\/p>\n<p>Puissances : 70 W<\/p>\n<p>Clase H<\/p>","protected":false},"featured_media":19893,"comment_status":"open","ping_status":"closed","template":"","meta":[],"product_brand":[],"product_cat":[878,887,889],"product_tag":[],"class_list":{"0":"post-19006","1":"product","2":"type-product","3":"status-publish","4":"has-post-thumbnail","6":"product_cat-ventilateurs-tangentiels-flux-transversal","7":"product_cat-ventilateurs-tangentiels-ipc","8":"product_cat-ventilateurs-tangentiels-ipc-ventilateur-o-65-mm","9":"product_shipping_class-classe-di-spedizione-02","11":"first","12":"instock","13":"shipping-taxable","14":"purchasable","15":"product-type-simple"},"yoast_head":"<!-- This site is optimized with the Yoast SEO plugin v27.4 - https:\/\/yoast.com\/product\/yoast-seo-wordpress\/ -->\n<title>Ventilateur tangentiel IPC \u00f8 65 L.300 mm moteur droit<\/title>\n<meta name=\"description\" content=\"Ventilateur tangentiel IPC \u00f8 65 L.300 mm moteur droit - Extracteur d\u2019air tangentiel avec moteur droit IPC -Syst\u00e8me d\u2019extraction d\u2019air chaud tangentiel IPC pour po\u00eales \u00e0 pellets - Ventilateur tangentiel pour l\u2019expulsion d\u2019air chaud IPC -Ventilateur horizontal d\u2019air chaud ambiant IPC pour po\u00eale \u00e0 pellets\" \/>\n<meta name=\"robots\" content=\"index, follow, max-snippet:-1, max-image-preview:large, max-video-preview:-1\" \/>\n<link rel=\"canonical\" href=\"https:\/\/amrtop.net\/es\/producto\/ventilateur-tangentiel-ipc-o-65-l-300-mm-moteur-droit\/\" \/>\n<meta property=\"og:locale\" content=\"es_ES\" \/>\n<meta property=\"og:type\" content=\"article\" \/>\n<meta property=\"og:title\" content=\"Ventilateur tangentiel IPC \u00f8 65 L.300 mm moteur droit\" \/>\n<meta property=\"og:description\" content=\"Ventilateur tangentiel IPC \u00f8 65 L.300 mm moteur droit - Extracteur d\u2019air tangentiel avec moteur droit IPC -Syst\u00e8me d\u2019extraction d\u2019air chaud tangentiel IPC pour po\u00eales \u00e0 pellets - Ventilateur tangentiel pour l\u2019expulsion d\u2019air chaud IPC -Ventilateur horizontal d\u2019air chaud ambiant IPC pour po\u00eale \u00e0 pellets\" \/>\n<meta property=\"og:url\" content=\"https:\/\/amrtop.net\/es\/producto\/ventilateur-tangentiel-ipc-o-65-l-300-mm-moteur-droit\/\" \/>\n<meta property=\"og:site_name\" content=\"AMRTOP B2B \u00c9tranger - Achats r\u00e9serv\u00e9s au professionnel\" \/>\n<meta property=\"article:modified_time\" content=\"2023-06-05T12:09:25+00:00\" \/>\n<meta property=\"og:image\" content=\"https:\/\/amrtop.net\/wp-content\/uploads\/2021\/11\/CRW2A630BRC1.jpg\" \/>\n\t<meta property=\"og:image:width\" content=\"960\" \/>\n\t<meta property=\"og:image:height\" content=\"960\" \/>\n\t<meta property=\"og:image:type\" content=\"image\/jpeg\" \/>\n<meta name=\"twitter:card\" content=\"summary_large_image\" \/>\n<meta name=\"twitter:label1\" content=\"Tiempo de lectura\" \/>\n\t<meta name=\"twitter:data1\" content=\"1 minuto\" \/>\n<script type=\"application\/ld+json\" class=\"yoast-schema-graph\">{\"@context\":\"https:\\\/\\\/schema.org\",\"@graph\":[{\"@type\":\"WebPage\",\"@id\":\"https:\\\/\\\/amrtop.net\\\/produit\\\/ventilateur-tangentiel-ipc-o-65-l-300-mm-moteur-droit\\\/\",\"url\":\"https:\\\/\\\/amrtop.net\\\/produit\\\/ventilateur-tangentiel-ipc-o-65-l-300-mm-moteur-droit\\\/\",\"name\":\"Ventilateur tangentiel IPC \u00f8 65 L.300 mm moteur droit\",\"isPartOf\":{\"@id\":\"https:\\\/\\\/amrtop.net\\\/#website\"},\"primaryImageOfPage\":{\"@id\":\"https:\\\/\\\/amrtop.net\\\/produit\\\/ventilateur-tangentiel-ipc-o-65-l-300-mm-moteur-droit\\\/#primaryimage\"},\"image\":{\"@id\":\"https:\\\/\\\/amrtop.net\\\/produit\\\/ventilateur-tangentiel-ipc-o-65-l-300-mm-moteur-droit\\\/#primaryimage\"},\"thumbnailUrl\":\"https:\\\/\\\/amrtop.net\\\/wp-content\\\/uploads\\\/2021\\\/11\\\/CRW2A630BRC1.jpg\",\"datePublished\":\"2020-10-01T00:00:00+00:00\",\"dateModified\":\"2023-06-05T12:09:25+00:00\",\"description\":\"Ventilateur tangentiel IPC \u00f8 65 L.300 mm moteur droit - Extracteur d\u2019air tangentiel avec moteur droit IPC -Syst\u00e8me d\u2019extraction d\u2019air chaud tangentiel IPC pour po\u00eales \u00e0 pellets - Ventilateur tangentiel pour l\u2019expulsion d\u2019air chaud IPC -Ventilateur horizontal d\u2019air chaud ambiant IPC pour po\u00eale \u00e0 pellets\",\"breadcrumb\":{\"@id\":\"https:\\\/\\\/amrtop.net\\\/produit\\\/ventilateur-tangentiel-ipc-o-65-l-300-mm-moteur-droit\\\/#breadcrumb\"},\"inLanguage\":\"es\",\"potentialAction\":[{\"@type\":\"ReadAction\",\"target\":[\"https:\\\/\\\/amrtop.net\\\/produit\\\/ventilateur-tangentiel-ipc-o-65-l-300-mm-moteur-droit\\\/\"]}]},{\"@type\":\"ImageObject\",\"inLanguage\":\"es\",\"@id\":\"https:\\\/\\\/amrtop.net\\\/produit\\\/ventilateur-tangentiel-ipc-o-65-l-300-mm-moteur-droit\\\/#primaryimage\",\"url\":\"https:\\\/\\\/amrtop.net\\\/wp-content\\\/uploads\\\/2021\\\/11\\\/CRW2A630BRC1.jpg\",\"contentUrl\":\"https:\\\/\\\/amrtop.net\\\/wp-content\\\/uploads\\\/2021\\\/11\\\/CRW2A630BRC1.jpg\",\"width\":960,\"height\":960,\"caption\":\"Ventilateur tangentiel IPC \u00f8 65 L.300 mm moteur droit - Extracteur d\u2019air tangentiel avec moteur droit IPC -Syst\u00e8me d\u2019extraction d\u2019air chaud tangentiel IPC pour po\u00eales \u00e0 pellets - Ventilateur tangentiel pour l\u2019expulsion d\u2019air chaud IPC -Ventilateur horizontal d\u2019air chaud ambiant IPC pour po\u00eale \u00e0 pellets\"},{\"@type\":\"BreadcrumbList\",\"@id\":\"https:\\\/\\\/amrtop.net\\\/produit\\\/ventilateur-tangentiel-ipc-o-65-l-300-mm-moteur-droit\\\/#breadcrumb\",\"itemListElement\":[{\"@type\":\"ListItem\",\"position\":1,\"name\":\"Home\",\"item\":\"https:\\\/\\\/amrtop.net\\\/\"},{\"@type\":\"ListItem\",\"position\":2,\"name\":\"Shop\",\"item\":\"https:\\\/\\\/amrtop.net\\\/negozio\\\/\"},{\"@type\":\"ListItem\",\"position\":3,\"name\":\"Code CRW2A630BRC1 &#8211; Longueur du ventilateur 300 mm &#8211; Longueur totale 389 mm\"}]},{\"@type\":\"WebSite\",\"@id\":\"https:\\\/\\\/amrtop.net\\\/#website\",\"url\":\"https:\\\/\\\/amrtop.net\\\/\",\"name\":\"AMRTOP B2B \u00c9tranger - Achats r\u00e9serv\u00e9s au professionnel\",\"description\":\"Pi\u00e8ces de rechange et accessoires pour po\u00eales et chaudi\u00e8res - eCommerce B2B pour Clients Professionnels\",\"potentialAction\":[{\"@type\":\"SearchAction\",\"target\":{\"@type\":\"EntryPoint\",\"urlTemplate\":\"https:\\\/\\\/amrtop.net\\\/?s={search_term_string}\"},\"query-input\":{\"@type\":\"PropertyValueSpecification\",\"valueRequired\":true,\"valueName\":\"search_term_string\"}}],\"inLanguage\":\"es\"}]}<\/script>\n<!-- \/ Yoast SEO plugin. -->","yoast_head_json":{"title":"Ventilateur tangentiel IPC \u00f8 65 L.300 mm moteur droit","description":"Ventilador tangencial IPC \u00f8 65 L.300 mm motor recto -Extractor de aire tangencial con motor recto IPC -Sistema de extracci\u00f3n de aire caliente tangencial IPC para estufas de pellets -Soplador de aire caliente horizontal IPC para estufas de pellets","robots":{"index":"index","follow":"follow","max-snippet":"max-snippet:-1","max-image-preview":"max-image-preview:large","max-video-preview":"max-video-preview:-1"},"canonical":"https:\/\/amrtop.net\/es\/producto\/ventilateur-tangentiel-ipc-o-65-l-300-mm-moteur-droit\/","og_locale":"es_ES","og_type":"article","og_title":"Ventilateur tangentiel IPC \u00f8 65 L.300 mm moteur droit","og_description":"Ventilateur tangentiel IPC \u00f8 65 L.300 mm moteur droit - Extracteur d\u2019air tangentiel avec moteur droit IPC -Syst\u00e8me d\u2019extraction d\u2019air chaud tangentiel IPC pour po\u00eales \u00e0 pellets - Ventilateur tangentiel pour l\u2019expulsion d\u2019air chaud IPC -Ventilateur horizontal d\u2019air chaud ambiant IPC pour po\u00eale \u00e0 pellets","og_url":"https:\/\/amrtop.net\/es\/producto\/ventilateur-tangentiel-ipc-o-65-l-300-mm-moteur-droit\/","og_site_name":"AMRTOP B2B \u00c9tranger - Achats r\u00e9serv\u00e9s au professionnel","article_modified_time":"2023-06-05T12:09:25+00:00","og_image":[{"width":960,"height":960,"url":"https:\/\/amrtop.net\/wp-content\/uploads\/2021\/11\/CRW2A630BRC1.jpg","type":"image\/jpeg"}],"twitter_card":"summary_large_image","twitter_misc":{"Tiempo de lectura":"1 minuto"},"schema":{"@context":"https:\/\/schema.org","@graph":[{"@type":"WebPage","@id":"https:\/\/amrtop.net\/produit\/ventilateur-tangentiel-ipc-o-65-l-300-mm-moteur-droit\/","url":"https:\/\/amrtop.net\/produit\/ventilateur-tangentiel-ipc-o-65-l-300-mm-moteur-droit\/","name":"Ventilateur tangentiel IPC \u00f8 65 L.300 mm moteur droit","isPartOf":{"@id":"https:\/\/amrtop.net\/#website"},"primaryImageOfPage":{"@id":"https:\/\/amrtop.net\/produit\/ventilateur-tangentiel-ipc-o-65-l-300-mm-moteur-droit\/#primaryimage"},"image":{"@id":"https:\/\/amrtop.net\/produit\/ventilateur-tangentiel-ipc-o-65-l-300-mm-moteur-droit\/#primaryimage"},"thumbnailUrl":"https:\/\/amrtop.net\/wp-content\/uploads\/2021\/11\/CRW2A630BRC1.jpg","datePublished":"2020-10-01T00:00:00+00:00","dateModified":"2023-06-05T12:09:25+00:00","description":"Ventilador tangencial IPC \u00f8 65 L.300 mm motor recto -Extractor de aire tangencial con motor recto IPC -Sistema de extracci\u00f3n de aire caliente tangencial IPC para estufas de pellets -Soplador de aire caliente horizontal IPC para estufas de pellets","breadcrumb":{"@id":"https:\/\/amrtop.net\/produit\/ventilateur-tangentiel-ipc-o-65-l-300-mm-moteur-droit\/#breadcrumb"},"inLanguage":"es","potentialAction":[{"@type":"ReadAction","target":["https:\/\/amrtop.net\/produit\/ventilateur-tangentiel-ipc-o-65-l-300-mm-moteur-droit\/"]}]},{"@type":"ImageObject","inLanguage":"es","@id":"https:\/\/amrtop.net\/produit\/ventilateur-tangentiel-ipc-o-65-l-300-mm-moteur-droit\/#primaryimage","url":"https:\/\/amrtop.net\/wp-content\/uploads\/2021\/11\/CRW2A630BRC1.jpg","contentUrl":"https:\/\/amrtop.net\/wp-content\/uploads\/2021\/11\/CRW2A630BRC1.jpg","width":960,"height":960,"caption":"Ventilateur tangentiel IPC \u00f8 65 L.300 mm moteur droit - Extracteur d\u2019air tangentiel avec moteur droit IPC -Syst\u00e8me d\u2019extraction d\u2019air chaud tangentiel IPC pour po\u00eales \u00e0 pellets - Ventilateur tangentiel pour l\u2019expulsion d\u2019air chaud IPC -Ventilateur horizontal d\u2019air chaud ambiant IPC pour po\u00eale \u00e0 pellets"},{"@type":"BreadcrumbList","@id":"https:\/\/amrtop.net\/produit\/ventilateur-tangentiel-ipc-o-65-l-300-mm-moteur-droit\/#breadcrumb","itemListElement":[{"@type":"ListItem","position":1,"name":"Home","item":"https:\/\/amrtop.net\/"},{"@type":"ListItem","position":2,"name":"Shop","item":"https:\/\/amrtop.net\/negozio\/"},{"@type":"ListItem","position":3,"name":"Code CRW2A630BRC1 &#8211; Longueur du ventilateur 300 mm &#8211; Longueur totale 389 mm"}]},{"@type":"WebSite","@id":"https:\/\/amrtop.net\/#website","url":"https:\/\/amrtop.net\/","name":"AMRTOP B2B Abroad - Compras reservadas a los profesionales","description":"Recambios y accesorios para estufas y calderas - Comercio electr\u00f3nico B2B para profesionales","potentialAction":[{"@type":"SearchAction","target":{"@type":"EntryPoint","urlTemplate":"https:\/\/amrtop.net\/?s={search_term_string}"},"query-input":{"@type":"PropertyValueSpecification","valueRequired":true,"valueName":"search_term_string"}}],"inLanguage":"es"}]}},"_links":{"self":[{"href":"https:\/\/amrtop.net\/es\/wp-json\/wp\/v2\/product\/19006","targetHints":{"allow":["GET"]}}],"collection":[{"href":"https:\/\/amrtop.net\/es\/wp-json\/wp\/v2\/product"}],"about":[{"href":"https:\/\/amrtop.net\/es\/wp-json\/wp\/v2\/types\/product"}],"replies":[{"embeddable":true,"href":"https:\/\/amrtop.net\/es\/wp-json\/wp\/v2\/comments?post=19006"}],"wp:featuredmedia":[{"embeddable":true,"href":"https:\/\/amrtop.net\/es\/wp-json\/wp\/v2\/media\/19893"}],"wp:attachment":[{"href":"https:\/\/amrtop.net\/es\/wp-json\/wp\/v2\/media?parent=19006"}],"wp:term":[{"taxonomy":"product_brand","embeddable":true,"href":"https:\/\/amrtop.net\/es\/wp-json\/wp\/v2\/product_brand?post=19006"},{"taxonomy":"product_cat","embeddable":true,"href":"https:\/\/amrtop.net\/es\/wp-json\/wp\/v2\/product_cat?post=19006"},{"taxonomy":"product_tag","embeddable":true,"href":"https:\/\/amrtop.net\/es\/wp-json\/wp\/v2\/product_tag?post=19006"}],"curies":[{"name":"wp","href":"https:\/\/api.w.org\/{rel}","templated":true}]}}