{"id":19097,"date":"2020-01-10T00:00:00","date_gmt":"2020-01-10T00:00:00","guid":{"rendered":"https:\/\/amrtop.com\/B2B\/?post_type=product&#038;p=19097"},"modified":"2023-05-29T09:15:33","modified_gmt":"2023-05-29T09:15:33","slug":"cavo-bacalao-plano-am9540009a","status":"publish","type":"product","link":"https:\/\/amrtop.net\/es\/produit\/cavo-flat-cod-am9540009a\/","title":{"rendered":"Cable plano C\u00f3digo AM9540009A"},"content":{"rendered":"<hr \/>\n<h3>Cable plano C\u00f3digo AM9540009A<\/h3>\n<p>El Grupo Duepi dise\u00f1a y fabrica placas y equipos electr\u00f3nicos anal\u00f3gicos, digitales y basados en microprocesadores desde 1988. La experiencia que hemos adquirido en el campo del dise\u00f1o electr\u00f3nico nos permite seguir al cliente desde la fase inicial, con un estudio de viabilidad detallado, hasta la producci\u00f3n en serie del producto utilizando la tecnolog\u00eda m\u00e1s adecuada para las cantidades requeridas.<\/p>\n<p>Desde hace m\u00e1s de 15 a\u00f1os, nuestra empresa es l\u00edder en la fabricaci\u00f3n de productos para el sector de la biomasa: pellets de madera, madera triturada, etc .<\/p>\n<p>Dispone de diferentes tipos de paneles para estufas y calderas de le\u00f1a y pellets.<\/p>\n<p>En particular, los departamentos de \"producci\u00f3n\" y \"pruebas de productos\" se han organizado cuidadosamente, utilizando las tecnolog\u00edas m\u00e1s adecuadas para mantener la m\u00e1xima fiabilidad en el proceso de producci\u00f3n.<\/p>\n<h3>Uso de cable plano Cod.AM9540009A<\/h3>\n<p>Los componentes electr\u00f3nicos DUEP que suelen equipar las estufas y calderas de pellets se utilizan para gestionar la combusti\u00f3n, ofreciendo la posibilidad de regular el calor generado por el aparato.<\/p>\n<p>Se encuentra en aparatos t\u00edpicos - Estufa de pellets - Caldera de pellets - Quemador de pellets - Barbacoa\/parrilla de pellets Caldera de biomasa - Quemador de biomasa - Y muchos otros quemadores<\/p>\n<h3>Interior<\/h3>\n<p><a href=\"https:\/\/wekos.it\/\">Estufas, cocinas y cocinas de le\u00f1a<\/a>\u00a0-\u00a0<a href=\"https:\/\/www.greenpuros.com\/\">chimeneas, estufas y calderas de pellets.<\/a><\/p>\n<h3>Gama Amrtop de recambios y accesorios<\/h3>\n<p><a href=\"https:\/\/amrtop.net\/es\/categoria-de-productos\/recambios-miscelaneos-cocinas-y-calderas-2\/bougies-dallumage-pour-poeles-et-chaudieres-a-pellets\/\">Calentadores<\/a><\/p>\n<p><a href=\"https:\/\/amrtop.net\/es\/categoria-de-productos\/recambios-miscelaneos-cocinas-y-calderas-2\/electronique\/\">Electr\u00f3nica<\/a><\/p>\n<p><a href=\"https:\/\/amrtop.net\/es\/categoria-de-productos\/recambios-miscelaneos-cocinas-y-calderas-2\/extracteurs-de-fumee\/\">Extractores de humo<\/a><\/p>\n<p><a href=\"https:\/\/amrtop.net\/es\/categoria-de-productos\/recambios-miscelaneos-cocinas-y-calderas-2\/gaines-cable-connecteurs\/\">Fundas de cables de conexi\u00f3n<\/a><\/p>\n<p><a href=\"https:\/\/amrtop.net\/es\/categoria-de-productos\/recambios-miscelaneos-cocinas-y-calderas-2\/joints-de-silicone\/\">Juntas de silicona<\/a><\/p>\n<p><a href=\"https:\/\/amrtop.net\/es\/categoria-de-productos\/recambios-miscelaneos-cocinas-y-calderas-2\/motoreducteurs\/\">Motorreductores<\/a><\/p>\n<p><a href=\"https:\/\/amrtop.net\/es\/categoria-de-productos\/recambios-miscelaneos-cocinas-y-calderas-2\/pressostats-et-transducteurs\/\">Presostatos y transductores<\/a><\/p>\n<p><a href=\"https:\/\/amrtop.net\/es\/categoria-de-productos\/recambios-miscelaneos-cocinas-y-calderas-2\/sondes-thermostats-manometres-thermometres\/\">Sondas termostatos man\u00f3metros term\u00f3metros<\/a><\/p>\n<p><a href=\"https:\/\/amrtop.net\/es\/categoria-de-productos\/recambios-miscelaneos-cocinas-y-calderas-2\/joints-detancheite\/\">Sellado de trenzas<\/a><\/p>\n<p><a href=\"https:\/\/amrtop.net\/es\/categoria-de-productos\/recambios-miscelaneos-cocinas-y-calderas-2\/ventilateurs-centrifuges-pour-poeles-a-pellets\/\">Ventiladores centr\u00edfugos<\/a><\/p>\n<p><a href=\"https:\/\/amrtop.net\/es\/categoria-de-productos\/recambios-miscelaneos-cocinas-y-calderas-2\/ventilateurs-tangentiels-flux-transversal\/\">Ventiladores de flujo cruzado<\/a><\/p>\n<p><a href=\"https:\/\/amrtop.net\/es\/categoria-de-productos\/recambios-miscelaneos-cocinas-y-calderas-2\/adhesifs-et-produits-detancheite\/\">Colas y selladores<\/a><\/p>\n<p>&nbsp;<\/p>\n<p>&nbsp;<\/p>","protected":false},"excerpt":{"rendered":"<hr \/>\n<h2><span style=\"color: #008000\">Disponible en<\/span><\/h2>\n<hr \/>\n<h3>Cable plano<\/h3>\n<p>cod. AM9540009A<\/p>\n<p>Lunghezza 1,5 mt<\/p>","protected":false},"featured_media":35411,"comment_status":"open","ping_status":"closed","template":"","meta":[],"product_brand":[],"product_cat":[1326,1324],"product_tag":[],"class_list":{"0":"post-19097","1":"product","2":"type-product","3":"status-publish","4":"has-post-thumbnail","6":"product_cat-accessoires-duepi-pour-poeles-et-chaudieres-a-pellets","7":"product_cat-electronique-duepi-pour-poeles-et-chaudieres-a-pellets","8":"product_shipping_class-classe-di-spedizione-01","10":"first","11":"instock","12":"shipping-taxable","13":"purchasable","14":"product-type-simple"},"yoast_head":"<!-- This site is optimized with the Yoast SEO plugin v27.4 - https:\/\/yoast.com\/product\/yoast-seo-wordpress\/ -->\n<title>Cavo flat Cod.AM9540009A<\/title>\n<meta name=\"description\" content=\"C\u00e2ble plat Code AM9540009A - Electronique Ceza pour po\u00eales et chaudi\u00e8res \u00e0 pellets - Accessoires Duepi pour po\u00eales et chaudi\u00e8res \u00e0 pellets - C\u00e2blage pour sonde eau po\u00eales et chaudi\u00e8res Duepi \u00e0 pellets - Kit de connexion Duepi pour po\u00eales chaudi\u00e8res \u00e0 pellets - Pressostato Duepi pour po\u00eales et chaudi\u00e8res \u00e0 pellets - Sonde de temp\u00e9rature air et eau Duepi - T\u00e9l\u00e9commande avec Display Ceza - carte \u00e9lectronique Duepi\" \/>\n<meta name=\"robots\" content=\"index, follow, max-snippet:-1, max-image-preview:large, max-video-preview:-1\" \/>\n<link rel=\"canonical\" href=\"https:\/\/amrtop.net\/es\/producto\/cavo-bacalao-plano-am9540009a\/\" \/>\n<meta property=\"og:locale\" content=\"es_ES\" \/>\n<meta property=\"og:type\" content=\"article\" \/>\n<meta property=\"og:title\" content=\"Cavo flat Cod.AM9540009A\" \/>\n<meta property=\"og:description\" content=\"C\u00e2ble plat Code AM9540009A - Electronique Ceza pour po\u00eales et chaudi\u00e8res \u00e0 pellets - Accessoires Duepi pour po\u00eales et chaudi\u00e8res \u00e0 pellets - C\u00e2blage pour sonde eau po\u00eales et chaudi\u00e8res Duepi \u00e0 pellets - Kit de connexion Duepi pour po\u00eales chaudi\u00e8res \u00e0 pellets - Pressostato Duepi pour po\u00eales et chaudi\u00e8res \u00e0 pellets - Sonde de temp\u00e9rature air et eau Duepi - T\u00e9l\u00e9commande avec Display Ceza - carte \u00e9lectronique Duepi\" \/>\n<meta property=\"og:url\" content=\"https:\/\/amrtop.net\/es\/producto\/cavo-bacalao-plano-am9540009a\/\" \/>\n<meta property=\"og:site_name\" content=\"AMRTOP B2B \u00c9tranger - Achats r\u00e9serv\u00e9s au professionnel\" \/>\n<meta property=\"article:modified_time\" content=\"2023-05-29T09:15:33+00:00\" \/>\n<meta property=\"og:image\" content=\"https:\/\/amrtop.net\/wp-content\/uploads\/2020\/01\/Cavo-flat-Cod.AM9540009A.jpg\" \/>\n\t<meta property=\"og:image:width\" content=\"960\" \/>\n\t<meta property=\"og:image:height\" content=\"960\" \/>\n\t<meta property=\"og:image:type\" content=\"image\/jpeg\" \/>\n<meta name=\"twitter:card\" content=\"summary_large_image\" \/>\n<meta name=\"twitter:label1\" content=\"Tiempo de lectura\" \/>\n\t<meta name=\"twitter:data1\" content=\"1 minuto\" \/>\n<script type=\"application\/ld+json\" class=\"yoast-schema-graph\">{\"@context\":\"https:\\\/\\\/schema.org\",\"@graph\":[{\"@type\":\"WebPage\",\"@id\":\"https:\\\/\\\/amrtop.net\\\/produit\\\/cavo-flat-cod-am9540009a\\\/\",\"url\":\"https:\\\/\\\/amrtop.net\\\/produit\\\/cavo-flat-cod-am9540009a\\\/\",\"name\":\"Cavo flat Cod.AM9540009A\",\"isPartOf\":{\"@id\":\"https:\\\/\\\/amrtop.net\\\/#website\"},\"primaryImageOfPage\":{\"@id\":\"https:\\\/\\\/amrtop.net\\\/produit\\\/cavo-flat-cod-am9540009a\\\/#primaryimage\"},\"image\":{\"@id\":\"https:\\\/\\\/amrtop.net\\\/produit\\\/cavo-flat-cod-am9540009a\\\/#primaryimage\"},\"thumbnailUrl\":\"https:\\\/\\\/amrtop.net\\\/wp-content\\\/uploads\\\/2020\\\/01\\\/Cavo-flat-Cod.AM9540009A.jpg\",\"datePublished\":\"2020-01-10T00:00:00+00:00\",\"dateModified\":\"2023-05-29T09:15:33+00:00\",\"description\":\"C\u00e2ble plat Code AM9540009A - Electronique Ceza pour po\u00eales et chaudi\u00e8res \u00e0 pellets - Accessoires Duepi pour po\u00eales et chaudi\u00e8res \u00e0 pellets - C\u00e2blage pour sonde eau po\u00eales et chaudi\u00e8res Duepi \u00e0 pellets - Kit de connexion Duepi pour po\u00eales chaudi\u00e8res \u00e0 pellets - Pressostato Duepi pour po\u00eales et chaudi\u00e8res \u00e0 pellets - Sonde de temp\u00e9rature air et eau Duepi - T\u00e9l\u00e9commande avec Display Ceza - carte \u00e9lectronique Duepi\",\"breadcrumb\":{\"@id\":\"https:\\\/\\\/amrtop.net\\\/produit\\\/cavo-flat-cod-am9540009a\\\/#breadcrumb\"},\"inLanguage\":\"es\",\"potentialAction\":[{\"@type\":\"ReadAction\",\"target\":[\"https:\\\/\\\/amrtop.net\\\/produit\\\/cavo-flat-cod-am9540009a\\\/\"]}]},{\"@type\":\"ImageObject\",\"inLanguage\":\"es\",\"@id\":\"https:\\\/\\\/amrtop.net\\\/produit\\\/cavo-flat-cod-am9540009a\\\/#primaryimage\",\"url\":\"https:\\\/\\\/amrtop.net\\\/wp-content\\\/uploads\\\/2020\\\/01\\\/Cavo-flat-Cod.AM9540009A.jpg\",\"contentUrl\":\"https:\\\/\\\/amrtop.net\\\/wp-content\\\/uploads\\\/2020\\\/01\\\/Cavo-flat-Cod.AM9540009A.jpg\",\"width\":960,\"height\":960,\"caption\":\"C\u00e2ble plat Code AM9540009A - Electronique Ceza pour po\u00eales et chaudi\u00e8res \u00e0 pellets - Accessoires Duepi pour po\u00eales et chaudi\u00e8res \u00e0 pellets - C\u00e2blage pour sonde eau po\u00eales et chaudi\u00e8res Duepi \u00e0 pellets - Kit de connexion Duepi pour po\u00eales chaudi\u00e8res \u00e0 pellets - Pressostato Duepi pour po\u00eales et chaudi\u00e8res \u00e0 pellets - Sonde de temp\u00e9rature air et eau Duepi - T\u00e9l\u00e9commande avec Display Ceza - carte \u00e9lectronique Duepi\"},{\"@type\":\"BreadcrumbList\",\"@id\":\"https:\\\/\\\/amrtop.net\\\/produit\\\/cavo-flat-cod-am9540009a\\\/#breadcrumb\",\"itemListElement\":[{\"@type\":\"ListItem\",\"position\":1,\"name\":\"Home\",\"item\":\"https:\\\/\\\/amrtop.net\\\/\"},{\"@type\":\"ListItem\",\"position\":2,\"name\":\"Shop\",\"item\":\"https:\\\/\\\/amrtop.net\\\/negozio\\\/\"},{\"@type\":\"ListItem\",\"position\":3,\"name\":\"C\u00e2ble plat Code AM9540009A\"}]},{\"@type\":\"WebSite\",\"@id\":\"https:\\\/\\\/amrtop.net\\\/#website\",\"url\":\"https:\\\/\\\/amrtop.net\\\/\",\"name\":\"AMRTOP B2B \u00c9tranger - Achats r\u00e9serv\u00e9s au professionnel\",\"description\":\"Pi\u00e8ces de rechange et accessoires pour po\u00eales et chaudi\u00e8res - eCommerce B2B pour Clients Professionnels\",\"potentialAction\":[{\"@type\":\"SearchAction\",\"target\":{\"@type\":\"EntryPoint\",\"urlTemplate\":\"https:\\\/\\\/amrtop.net\\\/?s={search_term_string}\"},\"query-input\":{\"@type\":\"PropertyValueSpecification\",\"valueRequired\":true,\"valueName\":\"search_term_string\"}}],\"inLanguage\":\"es\"}]}<\/script>\n<!-- \/ Yoast SEO plugin. -->","yoast_head_json":{"title":"Cavo plano Cod.AM9540009A","description":"Cable plano C\u00f3digo AM9540009A - Electr\u00f3nica Ceza para estufas y calderas de pellets - Accesorios Duepi para estufas y calderas de pellets - Cableado para sensor de agua para estufas y calderas de pellets Duepi - Kit de conexi\u00f3n Duepi para estufas y calderas de pellets - Presostato Duepi para estufas y calderas de pellets - Sensor de temperatura de aire y agua Duepi - Mando a distancia con display Ceza - Placa electr\u00f3nica Duepi","robots":{"index":"index","follow":"follow","max-snippet":"max-snippet:-1","max-image-preview":"max-image-preview:large","max-video-preview":"max-video-preview:-1"},"canonical":"https:\/\/amrtop.net\/es\/producto\/cavo-bacalao-plano-am9540009a\/","og_locale":"es_ES","og_type":"article","og_title":"Cavo flat Cod.AM9540009A","og_description":"C\u00e2ble plat Code AM9540009A - Electronique Ceza pour po\u00eales et chaudi\u00e8res \u00e0 pellets - Accessoires Duepi pour po\u00eales et chaudi\u00e8res \u00e0 pellets - C\u00e2blage pour sonde eau po\u00eales et chaudi\u00e8res Duepi \u00e0 pellets - Kit de connexion Duepi pour po\u00eales chaudi\u00e8res \u00e0 pellets - Pressostato Duepi pour po\u00eales et chaudi\u00e8res \u00e0 pellets - Sonde de temp\u00e9rature air et eau Duepi - T\u00e9l\u00e9commande avec Display Ceza - carte \u00e9lectronique Duepi","og_url":"https:\/\/amrtop.net\/es\/producto\/cavo-bacalao-plano-am9540009a\/","og_site_name":"AMRTOP B2B \u00c9tranger - Achats r\u00e9serv\u00e9s au professionnel","article_modified_time":"2023-05-29T09:15:33+00:00","og_image":[{"width":960,"height":960,"url":"https:\/\/amrtop.net\/wp-content\/uploads\/2020\/01\/Cavo-flat-Cod.AM9540009A.jpg","type":"image\/jpeg"}],"twitter_card":"summary_large_image","twitter_misc":{"Tiempo de lectura":"1 minuto"},"schema":{"@context":"https:\/\/schema.org","@graph":[{"@type":"WebPage","@id":"https:\/\/amrtop.net\/produit\/cavo-flat-cod-am9540009a\/","url":"https:\/\/amrtop.net\/produit\/cavo-flat-cod-am9540009a\/","name":"Cavo plano Cod.AM9540009A","isPartOf":{"@id":"https:\/\/amrtop.net\/#website"},"primaryImageOfPage":{"@id":"https:\/\/amrtop.net\/produit\/cavo-flat-cod-am9540009a\/#primaryimage"},"image":{"@id":"https:\/\/amrtop.net\/produit\/cavo-flat-cod-am9540009a\/#primaryimage"},"thumbnailUrl":"https:\/\/amrtop.net\/wp-content\/uploads\/2020\/01\/Cavo-flat-Cod.AM9540009A.jpg","datePublished":"2020-01-10T00:00:00+00:00","dateModified":"2023-05-29T09:15:33+00:00","description":"Cable plano C\u00f3digo AM9540009A - Electr\u00f3nica Ceza para estufas y calderas de pellets - Accesorios Duepi para estufas y calderas de pellets - Cableado para sensor de agua para estufas y calderas de pellets Duepi - Kit de conexi\u00f3n Duepi para estufas y calderas de pellets - Presostato Duepi para estufas y calderas de pellets - Sensor de temperatura de aire y agua Duepi - Mando a distancia con display Ceza - Placa electr\u00f3nica Duepi","breadcrumb":{"@id":"https:\/\/amrtop.net\/produit\/cavo-flat-cod-am9540009a\/#breadcrumb"},"inLanguage":"es","potentialAction":[{"@type":"ReadAction","target":["https:\/\/amrtop.net\/produit\/cavo-flat-cod-am9540009a\/"]}]},{"@type":"ImageObject","inLanguage":"es","@id":"https:\/\/amrtop.net\/produit\/cavo-flat-cod-am9540009a\/#primaryimage","url":"https:\/\/amrtop.net\/wp-content\/uploads\/2020\/01\/Cavo-flat-Cod.AM9540009A.jpg","contentUrl":"https:\/\/amrtop.net\/wp-content\/uploads\/2020\/01\/Cavo-flat-Cod.AM9540009A.jpg","width":960,"height":960,"caption":"C\u00e2ble plat Code AM9540009A - Electronique Ceza pour po\u00eales et chaudi\u00e8res \u00e0 pellets - Accessoires Duepi pour po\u00eales et chaudi\u00e8res \u00e0 pellets - C\u00e2blage pour sonde eau po\u00eales et chaudi\u00e8res Duepi \u00e0 pellets - Kit de connexion Duepi pour po\u00eales chaudi\u00e8res \u00e0 pellets - Pressostato Duepi pour po\u00eales et chaudi\u00e8res \u00e0 pellets - Sonde de temp\u00e9rature air et eau Duepi - T\u00e9l\u00e9commande avec Display Ceza - carte \u00e9lectronique Duepi"},{"@type":"BreadcrumbList","@id":"https:\/\/amrtop.net\/produit\/cavo-flat-cod-am9540009a\/#breadcrumb","itemListElement":[{"@type":"ListItem","position":1,"name":"Home","item":"https:\/\/amrtop.net\/"},{"@type":"ListItem","position":2,"name":"Shop","item":"https:\/\/amrtop.net\/negozio\/"},{"@type":"ListItem","position":3,"name":"C\u00e2ble plat Code AM9540009A"}]},{"@type":"WebSite","@id":"https:\/\/amrtop.net\/#website","url":"https:\/\/amrtop.net\/","name":"AMRTOP B2B Abroad - Compras reservadas a los profesionales","description":"Recambios y accesorios para estufas y calderas - Comercio electr\u00f3nico B2B para profesionales","potentialAction":[{"@type":"SearchAction","target":{"@type":"EntryPoint","urlTemplate":"https:\/\/amrtop.net\/?s={search_term_string}"},"query-input":{"@type":"PropertyValueSpecification","valueRequired":true,"valueName":"search_term_string"}}],"inLanguage":"es"}]}},"_links":{"self":[{"href":"https:\/\/amrtop.net\/es\/wp-json\/wp\/v2\/product\/19097","targetHints":{"allow":["GET"]}}],"collection":[{"href":"https:\/\/amrtop.net\/es\/wp-json\/wp\/v2\/product"}],"about":[{"href":"https:\/\/amrtop.net\/es\/wp-json\/wp\/v2\/types\/product"}],"replies":[{"embeddable":true,"href":"https:\/\/amrtop.net\/es\/wp-json\/wp\/v2\/comments?post=19097"}],"wp:featuredmedia":[{"embeddable":true,"href":"https:\/\/amrtop.net\/es\/wp-json\/wp\/v2\/media\/35411"}],"wp:attachment":[{"href":"https:\/\/amrtop.net\/es\/wp-json\/wp\/v2\/media?parent=19097"}],"wp:term":[{"taxonomy":"product_brand","embeddable":true,"href":"https:\/\/amrtop.net\/es\/wp-json\/wp\/v2\/product_brand?post=19097"},{"taxonomy":"product_cat","embeddable":true,"href":"https:\/\/amrtop.net\/es\/wp-json\/wp\/v2\/product_cat?post=19097"},{"taxonomy":"product_tag","embeddable":true,"href":"https:\/\/amrtop.net\/es\/wp-json\/wp\/v2\/product_tag?post=19097"}],"curies":[{"name":"wp","href":"https:\/\/api.w.org\/{rel}","templated":true}]}}