{"id":19102,"date":"2020-01-10T00:00:00","date_gmt":"2020-01-10T00:00:00","guid":{"rendered":"https:\/\/amrtop.com\/B2B\/?post_type=product&#038;p=19102"},"modified":"2023-06-02T12:22:52","modified_gmt":"2023-06-02T12:22:52","slug":"debitmetre-dair-cod-pk063_a01","status":"publish","type":"product","link":"https:\/\/amrtop.net\/es\/produit\/debitmetre-dair-cod-pk063_a01\/","title":{"rendered":"D\u00e9bitm\u00e8tre d\u2019air Cod.PK063_A01"},"content":{"rendered":"<hr \/>\n<h3>D\u00e9bitm\u00e8tre d\u2019air Cod.PK063_A01<\/h3>\n<p>Desde 1981, Micronova traslada la innovaci\u00f3n del dise\u00f1o a la producci\u00f3n y promueve la integraci\u00f3n de la automatizaci\u00f3n y el control remoto. Nuestra misi\u00f3n es hacer que los objetos cotidianos sean inteligentes e interactivos. Creamos placas electr\u00f3nicas a medida y dise\u00f1amos soluciones con un alto contenido de integraci\u00f3n entre los componentes electr\u00f3nicos y mec\u00e1nicos, llegando al coraz\u00f3n del proyecto del cliente para dar vida a soluciones eficaces, eficientes y de alto rendimiento.<br \/>\nLa teleasistencia, el control a distancia y la supervisi\u00f3n constante del rendimiento se hacen realidad gracias a nuestras soluciones din\u00e1micas y originales, dise\u00f1adas desde el principio para seguir el ritmo de la evoluci\u00f3n de los productos con los que interact\u00faan.<br \/>\nDurante 35 a\u00f1os, el equipo dirigido por el ingeniero electr\u00f3nico Renzo Benetti ha seguido introduciendo mejoras progresivas en las soluciones tecnol\u00f3gicas creadas en torno a las necesidades de los clientes.<\/p>\n<h3>Utilisation de la d\u00e9bitm\u00e8tre d\u2019air Cod.PK063_A01<\/h3>\n<p>Los componentes electr\u00f3nicos Micronova que suelen equipar las estufas y calderas de pellets se utilizan para gestionar la combusti\u00f3n, ofreciendo la posibilidad de regular el calor generado por el aparato.<\/p>\n<p>Adem\u00e1s, estos sistemas electr\u00f3nicos controlan el flujo de aire de las estufas de pellets del mercado.<\/p>\n<p>Se encuentra en aparatos t\u00edpicos - Estufa de pellets - Caldera de pellets - Quemador de pellets - Barbacoa\/parrilla de pellets Caldera de biomasa - Quemador de biomasa - Y muchos otros quemadores<\/p>\n<h3>Interior<\/h3>\n<p><a href=\"https:\/\/wekos.it\/\">Estufas, cocinas y cocinas de le\u00f1a<\/a>\u00a0-\u00a0<a href=\"https:\/\/www.greenpuros.com\/\">chimeneas, estufas y calderas de pellets.<\/a><\/p>\n<h3>Gama Amrtop de recambios y accesorios<\/h3>\n<p><a href=\"https:\/\/amrtop.net\/es\/categoria-de-productos\/recambios-miscelaneos-cocinas-y-calderas-2\/bougies-dallumage-pour-poeles-et-chaudieres-a-pellets\/\">Calentadores<\/a><\/p>\n<p><a href=\"https:\/\/amrtop.net\/es\/categoria-de-productos\/recambios-miscelaneos-cocinas-y-calderas-2\/electronique\/\">Electr\u00f3nica<\/a><\/p>\n<p><a href=\"https:\/\/amrtop.net\/es\/categoria-de-productos\/recambios-miscelaneos-cocinas-y-calderas-2\/extracteurs-de-fumee\/\">Extractores de humo<\/a><\/p>\n<p><a href=\"https:\/\/amrtop.net\/es\/categoria-de-productos\/recambios-miscelaneos-cocinas-y-calderas-2\/gaines-cable-connecteurs\/\">Fundas de cables de conexi\u00f3n<\/a><\/p>\n<p><a href=\"https:\/\/amrtop.net\/es\/categoria-de-productos\/recambios-miscelaneos-cocinas-y-calderas-2\/joints-de-silicone\/\">Juntas de silicona<\/a><\/p>\n<p><a href=\"https:\/\/amrtop.net\/es\/categoria-de-productos\/recambios-miscelaneos-cocinas-y-calderas-2\/motoreducteurs\/\">Motorreductores<\/a><\/p>\n<p><a href=\"https:\/\/amrtop.net\/es\/categoria-de-productos\/recambios-miscelaneos-cocinas-y-calderas-2\/pressostats-et-transducteurs\/\">Presostatos y transductores<\/a><\/p>\n<p><a href=\"https:\/\/amrtop.net\/es\/categoria-de-productos\/recambios-miscelaneos-cocinas-y-calderas-2\/sondes-thermostats-manometres-thermometres\/\">Sondas termostatos man\u00f3metros term\u00f3metros<\/a><\/p>\n<p><a href=\"https:\/\/amrtop.net\/es\/categoria-de-productos\/recambios-miscelaneos-cocinas-y-calderas-2\/joints-detancheite\/\">Sellado de trenzas<\/a><\/p>\n<p><a href=\"https:\/\/amrtop.net\/es\/categoria-de-productos\/recambios-miscelaneos-cocinas-y-calderas-2\/ventilateurs-centrifuges-pour-poeles-a-pellets\/\">Ventiladores centr\u00edfugos<\/a><\/p>\n<p><a href=\"https:\/\/amrtop.net\/es\/categoria-de-productos\/recambios-miscelaneos-cocinas-y-calderas-2\/ventilateurs-tangentiels-flux-transversal\/\">Ventiladores de flujo cruzado<\/a><\/p>\n<p><a href=\"https:\/\/amrtop.net\/es\/categoria-de-productos\/recambios-miscelaneos-cocinas-y-calderas-2\/adhesifs-et-produits-detancheite\/\">Colas y selladores<\/a><\/p>\n<p>&nbsp;<\/p>","protected":false},"excerpt":{"rendered":"<hr \/>\n<h2><span style=\"color: #008000\">Disponible en<\/span><\/h2>\n<hr \/>\n<h3>D\u00e9bitm\u00e8tre \u00e0 air<\/h3>\n<p>cod.PK063_A01<\/p>","protected":false},"featured_media":19031,"comment_status":"open","ping_status":"closed","template":"","meta":[],"product_brand":[],"product_cat":[1322,1310,1320,839],"product_tag":[],"class_list":{"0":"post-19102","1":"product","2":"type-product","3":"status-publish","4":"has-post-thumbnail","6":"product_cat-accessoires-micronova-pour-poeles-a-pellets","7":"product_cat-electronique","8":"product_cat-electronique-micronova","9":"product_cat-pieces-de-rechange-divers-poeles-et-chaudieres","10":"product_shipping_class-classe-di-spedizione-01","12":"first","13":"instock","14":"shipping-taxable","15":"purchasable","16":"product-type-simple"},"yoast_head":"<!-- This site is optimized with the Yoast SEO plugin v27.5 - https:\/\/yoast.com\/product\/yoast-seo-wordpress\/ -->\n<title>D\u00e9bitm\u00e8tre d\u2019air Cod.PK063_A01<\/title>\n<meta name=\"description\" content=\"D\u00e9bitm\u00e8tre d\u2019air Cod.PK063_A01 - Electronique Micronova pour po\u00eales et chaudi\u00e8res \u00e0 pellets - C\u00e2blage Micronova pour sondes eau po\u00eale et chaudi\u00e8re \u00e0 pellets - C\u00e2blage Micronova pour pompes eau po\u00eales et chaudi\u00e8res \u00e0 pellets - Kit de connexion Micronova pour po\u00eales et chaudi\u00e8res \u00e0 pellets - Pressostat Micronova pour po\u00eales et chaudi\u00e8res \u00e0 pellets - Sonde de temp\u00e9rature air et eau Micronova - T\u00e9l\u00e9commande avec Display Micronova -\" \/>\n<meta name=\"robots\" content=\"index, follow, max-snippet:-1, max-image-preview:large, max-video-preview:-1\" \/>\n<link rel=\"canonical\" href=\"https:\/\/amrtop.net\/es\/producto\/debitmetre-dair-cod-pk063_a01\/\" \/>\n<meta property=\"og:locale\" content=\"es_ES\" \/>\n<meta property=\"og:type\" content=\"article\" \/>\n<meta property=\"og:title\" content=\"D\u00e9bitm\u00e8tre d\u2019air Cod.PK063_A01\" \/>\n<meta property=\"og:description\" content=\"D\u00e9bitm\u00e8tre d\u2019air Cod.PK063_A01 - Electronique Micronova pour po\u00eales et chaudi\u00e8res \u00e0 pellets - C\u00e2blage Micronova pour sondes eau po\u00eale et chaudi\u00e8re \u00e0 pellets - C\u00e2blage Micronova pour pompes eau po\u00eales et chaudi\u00e8res \u00e0 pellets - Kit de connexion Micronova pour po\u00eales et chaudi\u00e8res \u00e0 pellets - Pressostat Micronova pour po\u00eales et chaudi\u00e8res \u00e0 pellets - Sonde de temp\u00e9rature air et eau Micronova - T\u00e9l\u00e9commande avec Display Micronova -\" \/>\n<meta property=\"og:url\" content=\"https:\/\/amrtop.net\/es\/producto\/debitmetre-dair-cod-pk063_a01\/\" \/>\n<meta property=\"og:site_name\" content=\"AMRTOP B2B \u00c9tranger - Achats r\u00e9serv\u00e9s au professionnel\" \/>\n<meta property=\"article:modified_time\" content=\"2023-06-02T12:22:52+00:00\" \/>\n<meta property=\"og:image\" content=\"https:\/\/amrtop.net\/wp-content\/uploads\/2021\/09\/w-SITO-DEBIMETRI.jpg\" \/>\n\t<meta property=\"og:image:width\" content=\"640\" \/>\n\t<meta property=\"og:image:height\" content=\"640\" \/>\n\t<meta property=\"og:image:type\" content=\"image\/jpeg\" \/>\n<meta name=\"twitter:card\" content=\"summary_large_image\" \/>\n<meta name=\"twitter:label1\" content=\"Tiempo de lectura\" \/>\n\t<meta name=\"twitter:data1\" content=\"2 minutos\" \/>\n<script type=\"application\/ld+json\" class=\"yoast-schema-graph\">{\"@context\":\"https:\\\/\\\/schema.org\",\"@graph\":[{\"@type\":\"WebPage\",\"@id\":\"https:\\\/\\\/amrtop.net\\\/produit\\\/debitmetre-dair-cod-pk063_a01\\\/\",\"url\":\"https:\\\/\\\/amrtop.net\\\/produit\\\/debitmetre-dair-cod-pk063_a01\\\/\",\"name\":\"D\u00e9bitm\u00e8tre d\u2019air Cod.PK063_A01\",\"isPartOf\":{\"@id\":\"https:\\\/\\\/amrtop.net\\\/#website\"},\"primaryImageOfPage\":{\"@id\":\"https:\\\/\\\/amrtop.net\\\/produit\\\/debitmetre-dair-cod-pk063_a01\\\/#primaryimage\"},\"image\":{\"@id\":\"https:\\\/\\\/amrtop.net\\\/produit\\\/debitmetre-dair-cod-pk063_a01\\\/#primaryimage\"},\"thumbnailUrl\":\"https:\\\/\\\/amrtop.net\\\/wp-content\\\/uploads\\\/2021\\\/09\\\/w-SITO-DEBIMETRI.jpg\",\"datePublished\":\"2020-01-10T00:00:00+00:00\",\"dateModified\":\"2023-06-02T12:22:52+00:00\",\"description\":\"D\u00e9bitm\u00e8tre d\u2019air Cod.PK063_A01 - Electronique Micronova pour po\u00eales et chaudi\u00e8res \u00e0 pellets - C\u00e2blage Micronova pour sondes eau po\u00eale et chaudi\u00e8re \u00e0 pellets - C\u00e2blage Micronova pour pompes eau po\u00eales et chaudi\u00e8res \u00e0 pellets - Kit de connexion Micronova pour po\u00eales et chaudi\u00e8res \u00e0 pellets - Pressostat Micronova pour po\u00eales et chaudi\u00e8res \u00e0 pellets - Sonde de temp\u00e9rature air et eau Micronova - T\u00e9l\u00e9commande avec Display Micronova -\",\"breadcrumb\":{\"@id\":\"https:\\\/\\\/amrtop.net\\\/produit\\\/debitmetre-dair-cod-pk063_a01\\\/#breadcrumb\"},\"inLanguage\":\"es\",\"potentialAction\":[{\"@type\":\"ReadAction\",\"target\":[\"https:\\\/\\\/amrtop.net\\\/produit\\\/debitmetre-dair-cod-pk063_a01\\\/\"]}]},{\"@type\":\"ImageObject\",\"inLanguage\":\"es\",\"@id\":\"https:\\\/\\\/amrtop.net\\\/produit\\\/debitmetre-dair-cod-pk063_a01\\\/#primaryimage\",\"url\":\"https:\\\/\\\/amrtop.net\\\/wp-content\\\/uploads\\\/2021\\\/09\\\/w-SITO-DEBIMETRI.jpg\",\"contentUrl\":\"https:\\\/\\\/amrtop.net\\\/wp-content\\\/uploads\\\/2021\\\/09\\\/w-SITO-DEBIMETRI.jpg\",\"width\":640,\"height\":640,\"caption\":\"D\u00e9bitm\u00e8tre d\u2019air Cod.PK063_A01 - Electronique Micronova pour po\u00eales et chaudi\u00e8res \u00e0 pellets - C\u00e2blage Micronova pour sondes eau po\u00eale et chaudi\u00e8re \u00e0 pellets - C\u00e2blage Micronova pour pompes eau po\u00eales et chaudi\u00e8res \u00e0 pellets - Kit de connexion Micronova pour po\u00eales et chaudi\u00e8res \u00e0 pellets - Pressostat Micronova pour po\u00eales et chaudi\u00e8res \u00e0 pellets - Sonde de temp\u00e9rature air et eau Micronova - T\u00e9l\u00e9commande avec Display Micronova -\"},{\"@type\":\"BreadcrumbList\",\"@id\":\"https:\\\/\\\/amrtop.net\\\/produit\\\/debitmetre-dair-cod-pk063_a01\\\/#breadcrumb\",\"itemListElement\":[{\"@type\":\"ListItem\",\"position\":1,\"name\":\"Home\",\"item\":\"https:\\\/\\\/amrtop.net\\\/\"},{\"@type\":\"ListItem\",\"position\":2,\"name\":\"Shop\",\"item\":\"https:\\\/\\\/amrtop.net\\\/negozio\\\/\"},{\"@type\":\"ListItem\",\"position\":3,\"name\":\"D\u00e9bitm\u00e8tre d\u2019air Cod.PK063_A01\"}]},{\"@type\":\"WebSite\",\"@id\":\"https:\\\/\\\/amrtop.net\\\/#website\",\"url\":\"https:\\\/\\\/amrtop.net\\\/\",\"name\":\"AMRTOP B2B \u00c9tranger - Achats r\u00e9serv\u00e9s au professionnel\",\"description\":\"Pi\u00e8ces de rechange et accessoires pour po\u00eales et chaudi\u00e8res - eCommerce B2B pour Clients Professionnels\",\"potentialAction\":[{\"@type\":\"SearchAction\",\"target\":{\"@type\":\"EntryPoint\",\"urlTemplate\":\"https:\\\/\\\/amrtop.net\\\/?s={search_term_string}\"},\"query-input\":{\"@type\":\"PropertyValueSpecification\",\"valueRequired\":true,\"valueName\":\"search_term_string\"}}],\"inLanguage\":\"es\"}]}<\/script>\n<!-- \/ Yoast SEO plugin. -->","yoast_head_json":{"title":"D\u00e9bitm\u00e8tre d\u2019air Cod.PK063_A01","description":"D\u00e9bitm\u00e8tre d\u2019air Cod.PK063_A01 - Electronique Micronova pour po\u00eales et chaudi\u00e8res \u00e0 pellets - C\u00e2blage Micronova pour sondes eau po\u00eale et chaudi\u00e8re \u00e0 pellets - C\u00e2blage Micronova pour pompes eau po\u00eales et chaudi\u00e8res \u00e0 pellets - Kit de connexion Micronova pour po\u00eales et chaudi\u00e8res \u00e0 pellets - Pressostat Micronova pour po\u00eales et chaudi\u00e8res \u00e0 pellets - Sonde de temp\u00e9rature air et eau Micronova - T\u00e9l\u00e9commande avec Display Micronova -","robots":{"index":"index","follow":"follow","max-snippet":"max-snippet:-1","max-image-preview":"max-image-preview:large","max-video-preview":"max-video-preview:-1"},"canonical":"https:\/\/amrtop.net\/es\/producto\/debitmetre-dair-cod-pk063_a01\/","og_locale":"es_ES","og_type":"article","og_title":"D\u00e9bitm\u00e8tre d\u2019air Cod.PK063_A01","og_description":"D\u00e9bitm\u00e8tre d\u2019air Cod.PK063_A01 - Electronique Micronova pour po\u00eales et chaudi\u00e8res \u00e0 pellets - C\u00e2blage Micronova pour sondes eau po\u00eale et chaudi\u00e8re \u00e0 pellets - C\u00e2blage Micronova pour pompes eau po\u00eales et chaudi\u00e8res \u00e0 pellets - Kit de connexion Micronova pour po\u00eales et chaudi\u00e8res \u00e0 pellets - Pressostat Micronova pour po\u00eales et chaudi\u00e8res \u00e0 pellets - Sonde de temp\u00e9rature air et eau Micronova - T\u00e9l\u00e9commande avec Display Micronova -","og_url":"https:\/\/amrtop.net\/es\/producto\/debitmetre-dair-cod-pk063_a01\/","og_site_name":"AMRTOP B2B \u00c9tranger - Achats r\u00e9serv\u00e9s au professionnel","article_modified_time":"2023-06-02T12:22:52+00:00","og_image":[{"width":640,"height":640,"url":"https:\/\/amrtop.net\/wp-content\/uploads\/2021\/09\/w-SITO-DEBIMETRI.jpg","type":"image\/jpeg"}],"twitter_card":"summary_large_image","twitter_misc":{"Tiempo de lectura":"2 minutos"},"schema":{"@context":"https:\/\/schema.org","@graph":[{"@type":"WebPage","@id":"https:\/\/amrtop.net\/produit\/debitmetre-dair-cod-pk063_a01\/","url":"https:\/\/amrtop.net\/produit\/debitmetre-dair-cod-pk063_a01\/","name":"D\u00e9bitm\u00e8tre d\u2019air Cod.PK063_A01","isPartOf":{"@id":"https:\/\/amrtop.net\/#website"},"primaryImageOfPage":{"@id":"https:\/\/amrtop.net\/produit\/debitmetre-dair-cod-pk063_a01\/#primaryimage"},"image":{"@id":"https:\/\/amrtop.net\/produit\/debitmetre-dair-cod-pk063_a01\/#primaryimage"},"thumbnailUrl":"https:\/\/amrtop.net\/wp-content\/uploads\/2021\/09\/w-SITO-DEBIMETRI.jpg","datePublished":"2020-01-10T00:00:00+00:00","dateModified":"2023-06-02T12:22:52+00:00","description":"D\u00e9bitm\u00e8tre d\u2019air Cod.PK063_A01 - Electronique Micronova pour po\u00eales et chaudi\u00e8res \u00e0 pellets - C\u00e2blage Micronova pour sondes eau po\u00eale et chaudi\u00e8re \u00e0 pellets - C\u00e2blage Micronova pour pompes eau po\u00eales et chaudi\u00e8res \u00e0 pellets - Kit de connexion Micronova pour po\u00eales et chaudi\u00e8res \u00e0 pellets - Pressostat Micronova pour po\u00eales et chaudi\u00e8res \u00e0 pellets - Sonde de temp\u00e9rature air et eau Micronova - T\u00e9l\u00e9commande avec Display Micronova -","breadcrumb":{"@id":"https:\/\/amrtop.net\/produit\/debitmetre-dair-cod-pk063_a01\/#breadcrumb"},"inLanguage":"es","potentialAction":[{"@type":"ReadAction","target":["https:\/\/amrtop.net\/produit\/debitmetre-dair-cod-pk063_a01\/"]}]},{"@type":"ImageObject","inLanguage":"es","@id":"https:\/\/amrtop.net\/produit\/debitmetre-dair-cod-pk063_a01\/#primaryimage","url":"https:\/\/amrtop.net\/wp-content\/uploads\/2021\/09\/w-SITO-DEBIMETRI.jpg","contentUrl":"https:\/\/amrtop.net\/wp-content\/uploads\/2021\/09\/w-SITO-DEBIMETRI.jpg","width":640,"height":640,"caption":"D\u00e9bitm\u00e8tre d\u2019air Cod.PK063_A01 - Electronique Micronova pour po\u00eales et chaudi\u00e8res \u00e0 pellets - C\u00e2blage Micronova pour sondes eau po\u00eale et chaudi\u00e8re \u00e0 pellets - C\u00e2blage Micronova pour pompes eau po\u00eales et chaudi\u00e8res \u00e0 pellets - Kit de connexion Micronova pour po\u00eales et chaudi\u00e8res \u00e0 pellets - Pressostat Micronova pour po\u00eales et chaudi\u00e8res \u00e0 pellets - Sonde de temp\u00e9rature air et eau Micronova - T\u00e9l\u00e9commande avec Display Micronova -"},{"@type":"BreadcrumbList","@id":"https:\/\/amrtop.net\/produit\/debitmetre-dair-cod-pk063_a01\/#breadcrumb","itemListElement":[{"@type":"ListItem","position":1,"name":"Home","item":"https:\/\/amrtop.net\/"},{"@type":"ListItem","position":2,"name":"Shop","item":"https:\/\/amrtop.net\/negozio\/"},{"@type":"ListItem","position":3,"name":"D\u00e9bitm\u00e8tre d\u2019air Cod.PK063_A01"}]},{"@type":"WebSite","@id":"https:\/\/amrtop.net\/#website","url":"https:\/\/amrtop.net\/","name":"AMRTOP B2B Abroad - Compras reservadas a los profesionales","description":"Recambios y accesorios para estufas y calderas - Comercio electr\u00f3nico B2B para profesionales","potentialAction":[{"@type":"SearchAction","target":{"@type":"EntryPoint","urlTemplate":"https:\/\/amrtop.net\/?s={search_term_string}"},"query-input":{"@type":"PropertyValueSpecification","valueRequired":true,"valueName":"search_term_string"}}],"inLanguage":"es"}]}},"_links":{"self":[{"href":"https:\/\/amrtop.net\/es\/wp-json\/wp\/v2\/product\/19102","targetHints":{"allow":["GET"]}}],"collection":[{"href":"https:\/\/amrtop.net\/es\/wp-json\/wp\/v2\/product"}],"about":[{"href":"https:\/\/amrtop.net\/es\/wp-json\/wp\/v2\/types\/product"}],"replies":[{"embeddable":true,"href":"https:\/\/amrtop.net\/es\/wp-json\/wp\/v2\/comments?post=19102"}],"wp:featuredmedia":[{"embeddable":true,"href":"https:\/\/amrtop.net\/es\/wp-json\/wp\/v2\/media\/19031"}],"wp:attachment":[{"href":"https:\/\/amrtop.net\/es\/wp-json\/wp\/v2\/media?parent=19102"}],"wp:term":[{"taxonomy":"product_brand","embeddable":true,"href":"https:\/\/amrtop.net\/es\/wp-json\/wp\/v2\/product_brand?post=19102"},{"taxonomy":"product_cat","embeddable":true,"href":"https:\/\/amrtop.net\/es\/wp-json\/wp\/v2\/product_cat?post=19102"},{"taxonomy":"product_tag","embeddable":true,"href":"https:\/\/amrtop.net\/es\/wp-json\/wp\/v2\/product_tag?post=19102"}],"curies":[{"name":"wp","href":"https:\/\/api.w.org\/{rel}","templated":true}]}}