{"id":19145,"date":"2020-01-10T00:00:00","date_gmt":"2020-01-10T00:00:00","guid":{"rendered":"https:\/\/amrtop.com\/B2B\/?post_type=product&#038;p=19145"},"modified":"2023-06-07T09:02:22","modified_gmt":"2023-06-07T09:02:22","slug":"sonde-denvironnement-ntc-10k-cable-2000-mm","status":"publish","type":"product","link":"https:\/\/amrtop.net\/es\/produit\/sonde-denvironnement-ntc-10k-cable-2000-mm\/","title":{"rendered":"Sonde de temp\u00e9rature ambiante NTC 10K avec c\u00e2ble de 2000 mm code SNDA004"},"content":{"rendered":"<hr \/>\n<h3>Sonde d\u2019environnement NTC 10K c\u00e2ble 2000 mm<\/h3>\n<p>Amrtop comercializa este producto a empresas con certificaci\u00f3n ISO9001 que dise\u00f1an y construyen todo tipo de sensores de temperatura para el control industrial y profesional de la temperatura.<\/p>\n<p>El objetivo de Amrtop es garantizar la fiabilidad al tiempo que ofrece productos tecnol\u00f3gicos de vanguardia.<\/p>\n<p>Nuestro objetivo es ofrecer un alto nivel de calidad y soluciones eficaces para la medici\u00f3n y el control de la temperatura a precios razonables.<\/p>\n<p>Sensores de temperatura para chimeneas el\u00e9ctricas y estufas de pellets procesados por Amrtop:<\/p>\n<ul>\n<li>Sondas de extracci\u00f3n de humos.<\/li>\n<li>Sondas de alta temperatura.<\/li>\n<li>Sondas de alta temperatura con tubo c\u00f3nico para hornos<\/li>\n<li>Sondas con cable de silicona y muelle antipellizco de acero inoxidable. Sonda de goteo para sistemas de aire.<\/li>\n<li>Sondas estancas con<br \/>\ndoble aislamiento<\/li>\n<\/ul>\n<h3>Utilisation de sonde d\u2019environnement NTC 10K c\u00e2ble 2000 mm<\/h3>\n<p>Los sensores de gases de combusti\u00f3n, ambientales y de agua se instalan en aparatos que queman combustible s\u00f3lido (pellets, avellanas, Sansa, madera y astillas).<\/p>\n<p>Su trabajo consiste en detectar y controlar las temperaturas generadas por los cuerpos de combusti\u00f3n que producen aire y agua caliente, comunicando los datos a las distintas tarjetas electr\u00f3nicas.<\/p>\n<p>Los cables para todas las sondas que ofrece Amrtop est\u00e1n disponibles en diferentes longitudes con y sin conectores.<\/p>\n<p>Se encuentra en aparatos t\u00edpicos - Estufa de pellets - Caldera de pellets - Quemador de pellets - Barbacoa\/parrilla de pellets Caldera de biomasa - Quemador de biomasa - Y muchos otros quemadores<\/p>\n<h3>Interior<\/h3>\n<p><a href=\"https:\/\/wekos.it\/\">Estufas, cocinas y cocinas de le\u00f1a<\/a>\u00a0-\u00a0<a href=\"https:\/\/www.greenpuros.com\/\">chimeneas, estufas y calderas de pellets.<\/a><\/p>\n<h3>Gama Amrtop de recambios y accesorios<\/h3>\n<p><a href=\"https:\/\/amrtop.net\/es\/categoria-de-productos\/recambios-miscelaneos-cocinas-y-calderas-2\/bougies-dallumage-pour-poeles-et-chaudieres-a-pellets\/\">Calentadores<\/a><\/p>\n<p><a href=\"https:\/\/amrtop.net\/es\/categoria-de-productos\/recambios-miscelaneos-cocinas-y-calderas-2\/electronique\/\">Electr\u00f3nica<\/a><\/p>\n<p><a href=\"https:\/\/amrtop.net\/es\/categoria-de-productos\/recambios-miscelaneos-cocinas-y-calderas-2\/extracteurs-de-fumee\/\">Extractores de humo<\/a><\/p>\n<p><a href=\"https:\/\/amrtop.net\/es\/categoria-de-productos\/recambios-miscelaneos-cocinas-y-calderas-2\/gaines-cable-connecteurs\/\">Fundas de cables de conexi\u00f3n<\/a><\/p>\n<p><a href=\"https:\/\/amrtop.net\/es\/categoria-de-productos\/recambios-miscelaneos-cocinas-y-calderas-2\/joints-de-silicone\/\">Juntas de silicona<\/a><\/p>\n<p><a href=\"https:\/\/amrtop.net\/es\/categoria-de-productos\/recambios-miscelaneos-cocinas-y-calderas-2\/motoreducteurs\/\">Motorreductores<\/a><\/p>\n<p><a href=\"https:\/\/amrtop.net\/es\/categoria-de-productos\/recambios-miscelaneos-cocinas-y-calderas-2\/pressostats-et-transducteurs\/\">Presostatos y transductores<\/a><\/p>\n<p><a href=\"https:\/\/amrtop.net\/es\/categoria-de-productos\/recambios-miscelaneos-cocinas-y-calderas-2\/sondes-thermostats-manometres-thermometres\/\">Sondas termostatos man\u00f3metros term\u00f3metros<\/a><\/p>\n<p><a href=\"https:\/\/amrtop.net\/es\/categoria-de-productos\/recambios-miscelaneos-cocinas-y-calderas-2\/joints-detancheite\/\">Sellado de trenzas<\/a><\/p>\n<p><a href=\"https:\/\/amrtop.net\/es\/categoria-de-productos\/recambios-miscelaneos-cocinas-y-calderas-2\/ventilateurs-centrifuges-pour-poeles-a-pellets\/\">Ventiladores centr\u00edfugos<\/a><\/p>\n<p><a href=\"https:\/\/amrtop.net\/es\/categoria-de-productos\/recambios-miscelaneos-cocinas-y-calderas-2\/ventilateurs-tangentiels-flux-transversal\/\">Ventiladores de flujo cruzado<\/a><\/p>\n<p><a href=\"https:\/\/amrtop.net\/es\/categoria-de-productos\/recambios-miscelaneos-cocinas-y-calderas-2\/adhesifs-et-produits-detancheite\/\">Colas y selladores<\/a><\/p>\n<p>&nbsp;<\/p>\n<p>&nbsp;<\/p>\n<p>&nbsp;<\/p>\n<p>&nbsp;<\/p>","protected":false},"excerpt":{"rendered":"<hr \/>\n<h2><span style=\"color: #008000\">Disponible en<\/span><\/h2>\n<hr \/>\n<p>Code.SNDA004<\/p>\n<p>Mat\u00e9riau de la capsule\u00a0: TPE<\/p>\n<p>Longueur de la capsule\u00a0: 30 mm<\/p>\n<p>Diam\u00e8tre de la capsule\u00a0: 6 mm<\/p>\n<p>Mat\u00e9riel capsule : TPE<\/p>\n<p>Longitud del cable: 2000 mm<\/p>","protected":false},"featured_media":19119,"comment_status":"open","ping_status":"closed","template":"","meta":[],"product_brand":[],"product_cat":[1341,1339],"product_tag":[],"class_list":{"0":"post-19145","1":"product","2":"type-product","3":"status-publish","4":"has-post-thumbnail","6":"product_cat-sondes-denvironnement-pour-poeles-et-chaudieres-a-pellets","7":"product_cat-sondes-thermostats-manometres-thermometres-pour-poeles-et-chaudieres","8":"product_shipping_class-classe-di-spedizione-01","10":"first","11":"instock","12":"shipping-taxable","13":"purchasable","14":"product-type-simple"},"yoast_head":"<!-- This site is optimized with the Yoast SEO plugin v27.4 - https:\/\/yoast.com\/product\/yoast-seo-wordpress\/ -->\n<title>Sonde d\u2019environnement NTC 10K c\u00e2ble 2000 mm<\/title>\n<meta name=\"description\" content=\"Sonde d\u2019environnement NTC 10K c\u00e2ble 2000 mm - D\u00e9tecteur de chaleur ambiante pour po\u00eales et chaudi\u00e8res \u00e0 pellets - Sonde de temp\u00e9rature ambiante pour po\u00eales et chaudi\u00e8res \u00e0 pellets - Capteur de chaleur avec capsule en plastique pour po\u00eale et chaudi\u00e8re \u00e0 pellets - Capteur de chaleur avec capsule en plastique pour po\u00eale et chaudi\u00e8re \u00e0 pellets -\" \/>\n<meta name=\"robots\" content=\"index, follow, max-snippet:-1, max-image-preview:large, max-video-preview:-1\" \/>\n<link rel=\"canonical\" href=\"https:\/\/amrtop.net\/es\/producto\/sonde-denvironnement-ntc-10k-cable-2000-mm\/\" \/>\n<meta property=\"og:locale\" content=\"es_ES\" \/>\n<meta property=\"og:type\" content=\"article\" \/>\n<meta property=\"og:title\" content=\"Sonde d\u2019environnement NTC 10K c\u00e2ble 2000 mm\" \/>\n<meta property=\"og:description\" content=\"Sonde d\u2019environnement NTC 10K c\u00e2ble 2000 mm - D\u00e9tecteur de chaleur ambiante pour po\u00eales et chaudi\u00e8res \u00e0 pellets - Sonde de temp\u00e9rature ambiante pour po\u00eales et chaudi\u00e8res \u00e0 pellets - Capteur de chaleur avec capsule en plastique pour po\u00eale et chaudi\u00e8re \u00e0 pellets - Capteur de chaleur avec capsule en plastique pour po\u00eale et chaudi\u00e8re \u00e0 pellets -\" \/>\n<meta property=\"og:url\" content=\"https:\/\/amrtop.net\/es\/producto\/sonde-denvironnement-ntc-10k-cable-2000-mm\/\" \/>\n<meta property=\"og:site_name\" content=\"AMRTOP B2B \u00c9tranger - Achats r\u00e9serv\u00e9s au professionnel\" \/>\n<meta property=\"article:modified_time\" content=\"2023-06-07T09:02:22+00:00\" \/>\n<meta property=\"og:image\" content=\"https:\/\/amrtop.net\/wp-content\/uploads\/2021\/09\/w-SITO-SONDE-AMB-01-B.jpg\" \/>\n\t<meta property=\"og:image:width\" content=\"960\" \/>\n\t<meta property=\"og:image:height\" content=\"960\" \/>\n\t<meta property=\"og:image:type\" content=\"image\/jpeg\" \/>\n<meta name=\"twitter:card\" content=\"summary_large_image\" \/>\n<meta name=\"twitter:label1\" content=\"Tiempo de lectura\" \/>\n\t<meta name=\"twitter:data1\" content=\"2 minutos\" \/>\n<script type=\"application\/ld+json\" class=\"yoast-schema-graph\">{\"@context\":\"https:\\\/\\\/schema.org\",\"@graph\":[{\"@type\":\"WebPage\",\"@id\":\"https:\\\/\\\/amrtop.net\\\/produit\\\/sonde-denvironnement-ntc-10k-cable-2000-mm\\\/\",\"url\":\"https:\\\/\\\/amrtop.net\\\/produit\\\/sonde-denvironnement-ntc-10k-cable-2000-mm\\\/\",\"name\":\"Sonde d\u2019environnement NTC 10K c\u00e2ble 2000 mm\",\"isPartOf\":{\"@id\":\"https:\\\/\\\/amrtop.net\\\/#website\"},\"primaryImageOfPage\":{\"@id\":\"https:\\\/\\\/amrtop.net\\\/produit\\\/sonde-denvironnement-ntc-10k-cable-2000-mm\\\/#primaryimage\"},\"image\":{\"@id\":\"https:\\\/\\\/amrtop.net\\\/produit\\\/sonde-denvironnement-ntc-10k-cable-2000-mm\\\/#primaryimage\"},\"thumbnailUrl\":\"https:\\\/\\\/amrtop.net\\\/wp-content\\\/uploads\\\/2021\\\/09\\\/w-SITO-SONDE-AMB-01-B.jpg\",\"datePublished\":\"2020-01-10T00:00:00+00:00\",\"dateModified\":\"2023-06-07T09:02:22+00:00\",\"description\":\"Sonde d\u2019environnement NTC 10K c\u00e2ble 2000 mm - D\u00e9tecteur de chaleur ambiante pour po\u00eales et chaudi\u00e8res \u00e0 pellets - Sonde de temp\u00e9rature ambiante pour po\u00eales et chaudi\u00e8res \u00e0 pellets - Capteur de chaleur avec capsule en plastique pour po\u00eale et chaudi\u00e8re \u00e0 pellets - Capteur de chaleur avec capsule en plastique pour po\u00eale et chaudi\u00e8re \u00e0 pellets -\",\"breadcrumb\":{\"@id\":\"https:\\\/\\\/amrtop.net\\\/produit\\\/sonde-denvironnement-ntc-10k-cable-2000-mm\\\/#breadcrumb\"},\"inLanguage\":\"es\",\"potentialAction\":[{\"@type\":\"ReadAction\",\"target\":[\"https:\\\/\\\/amrtop.net\\\/produit\\\/sonde-denvironnement-ntc-10k-cable-2000-mm\\\/\"]}]},{\"@type\":\"ImageObject\",\"inLanguage\":\"es\",\"@id\":\"https:\\\/\\\/amrtop.net\\\/produit\\\/sonde-denvironnement-ntc-10k-cable-2000-mm\\\/#primaryimage\",\"url\":\"https:\\\/\\\/amrtop.net\\\/wp-content\\\/uploads\\\/2021\\\/09\\\/w-SITO-SONDE-AMB-01-B.jpg\",\"contentUrl\":\"https:\\\/\\\/amrtop.net\\\/wp-content\\\/uploads\\\/2021\\\/09\\\/w-SITO-SONDE-AMB-01-B.jpg\",\"width\":960,\"height\":960,\"caption\":\"Sonde d\u2019environnement NTC 10K c\u00e2ble 2000 mm - D\u00e9tecteur de chaleur ambiante pour po\u00eales et chaudi\u00e8res \u00e0 pellets - Sonde de temp\u00e9rature ambiante pour po\u00eales et chaudi\u00e8res \u00e0 pellets - Capteur de chaleur avec capsule en plastique pour po\u00eale et chaudi\u00e8re \u00e0 pellets - Capteur de chaleur avec capsule en plastique pour po\u00eale et chaudi\u00e8re \u00e0 pellets -\"},{\"@type\":\"BreadcrumbList\",\"@id\":\"https:\\\/\\\/amrtop.net\\\/produit\\\/sonde-denvironnement-ntc-10k-cable-2000-mm\\\/#breadcrumb\",\"itemListElement\":[{\"@type\":\"ListItem\",\"position\":1,\"name\":\"Home\",\"item\":\"https:\\\/\\\/amrtop.net\\\/\"},{\"@type\":\"ListItem\",\"position\":2,\"name\":\"Shop\",\"item\":\"https:\\\/\\\/amrtop.net\\\/negozio\\\/\"},{\"@type\":\"ListItem\",\"position\":3,\"name\":\"Sonde de temp\u00e9rature ambiante NTC 10K avec c\u00e2ble de 2000 mm code SNDA004\"}]},{\"@type\":\"WebSite\",\"@id\":\"https:\\\/\\\/amrtop.net\\\/#website\",\"url\":\"https:\\\/\\\/amrtop.net\\\/\",\"name\":\"AMRTOP B2B \u00c9tranger - Achats r\u00e9serv\u00e9s au professionnel\",\"description\":\"Pi\u00e8ces de rechange et accessoires pour po\u00eales et chaudi\u00e8res - eCommerce B2B pour Clients Professionnels\",\"potentialAction\":[{\"@type\":\"SearchAction\",\"target\":{\"@type\":\"EntryPoint\",\"urlTemplate\":\"https:\\\/\\\/amrtop.net\\\/?s={search_term_string}\"},\"query-input\":{\"@type\":\"PropertyValueSpecification\",\"valueRequired\":true,\"valueName\":\"search_term_string\"}}],\"inLanguage\":\"es\"}]}<\/script>\n<!-- \/ Yoast SEO plugin. -->","yoast_head_json":{"title":"Sonde d\u2019environnement NTC 10K c\u00e2ble 2000 mm","description":"Sonde d\u2019environnement NTC 10K c\u00e2ble 2000 mm - D\u00e9tecteur de chaleur ambiante pour po\u00eales et chaudi\u00e8res \u00e0 pellets - Sonde de temp\u00e9rature ambiante pour po\u00eales et chaudi\u00e8res \u00e0 pellets - Capteur de chaleur avec capsule en plastique pour po\u00eale et chaudi\u00e8re \u00e0 pellets - Capteur de chaleur avec capsule en plastique pour po\u00eale et chaudi\u00e8re \u00e0 pellets -","robots":{"index":"index","follow":"follow","max-snippet":"max-snippet:-1","max-image-preview":"max-image-preview:large","max-video-preview":"max-video-preview:-1"},"canonical":"https:\/\/amrtop.net\/es\/producto\/sonde-denvironnement-ntc-10k-cable-2000-mm\/","og_locale":"es_ES","og_type":"article","og_title":"Sonde d\u2019environnement NTC 10K c\u00e2ble 2000 mm","og_description":"Sonde d\u2019environnement NTC 10K c\u00e2ble 2000 mm - D\u00e9tecteur de chaleur ambiante pour po\u00eales et chaudi\u00e8res \u00e0 pellets - Sonde de temp\u00e9rature ambiante pour po\u00eales et chaudi\u00e8res \u00e0 pellets - Capteur de chaleur avec capsule en plastique pour po\u00eale et chaudi\u00e8re \u00e0 pellets - Capteur de chaleur avec capsule en plastique pour po\u00eale et chaudi\u00e8re \u00e0 pellets -","og_url":"https:\/\/amrtop.net\/es\/producto\/sonde-denvironnement-ntc-10k-cable-2000-mm\/","og_site_name":"AMRTOP B2B \u00c9tranger - Achats r\u00e9serv\u00e9s au professionnel","article_modified_time":"2023-06-07T09:02:22+00:00","og_image":[{"width":960,"height":960,"url":"https:\/\/amrtop.net\/wp-content\/uploads\/2021\/09\/w-SITO-SONDE-AMB-01-B.jpg","type":"image\/jpeg"}],"twitter_card":"summary_large_image","twitter_misc":{"Tiempo de lectura":"2 minutos"},"schema":{"@context":"https:\/\/schema.org","@graph":[{"@type":"WebPage","@id":"https:\/\/amrtop.net\/produit\/sonde-denvironnement-ntc-10k-cable-2000-mm\/","url":"https:\/\/amrtop.net\/produit\/sonde-denvironnement-ntc-10k-cable-2000-mm\/","name":"Sonde d\u2019environnement NTC 10K c\u00e2ble 2000 mm","isPartOf":{"@id":"https:\/\/amrtop.net\/#website"},"primaryImageOfPage":{"@id":"https:\/\/amrtop.net\/produit\/sonde-denvironnement-ntc-10k-cable-2000-mm\/#primaryimage"},"image":{"@id":"https:\/\/amrtop.net\/produit\/sonde-denvironnement-ntc-10k-cable-2000-mm\/#primaryimage"},"thumbnailUrl":"https:\/\/amrtop.net\/wp-content\/uploads\/2021\/09\/w-SITO-SONDE-AMB-01-B.jpg","datePublished":"2020-01-10T00:00:00+00:00","dateModified":"2023-06-07T09:02:22+00:00","description":"Sonde d\u2019environnement NTC 10K c\u00e2ble 2000 mm - D\u00e9tecteur de chaleur ambiante pour po\u00eales et chaudi\u00e8res \u00e0 pellets - Sonde de temp\u00e9rature ambiante pour po\u00eales et chaudi\u00e8res \u00e0 pellets - Capteur de chaleur avec capsule en plastique pour po\u00eale et chaudi\u00e8re \u00e0 pellets - Capteur de chaleur avec capsule en plastique pour po\u00eale et chaudi\u00e8re \u00e0 pellets -","breadcrumb":{"@id":"https:\/\/amrtop.net\/produit\/sonde-denvironnement-ntc-10k-cable-2000-mm\/#breadcrumb"},"inLanguage":"es","potentialAction":[{"@type":"ReadAction","target":["https:\/\/amrtop.net\/produit\/sonde-denvironnement-ntc-10k-cable-2000-mm\/"]}]},{"@type":"ImageObject","inLanguage":"es","@id":"https:\/\/amrtop.net\/produit\/sonde-denvironnement-ntc-10k-cable-2000-mm\/#primaryimage","url":"https:\/\/amrtop.net\/wp-content\/uploads\/2021\/09\/w-SITO-SONDE-AMB-01-B.jpg","contentUrl":"https:\/\/amrtop.net\/wp-content\/uploads\/2021\/09\/w-SITO-SONDE-AMB-01-B.jpg","width":960,"height":960,"caption":"Sonde d\u2019environnement NTC 10K c\u00e2ble 2000 mm - D\u00e9tecteur de chaleur ambiante pour po\u00eales et chaudi\u00e8res \u00e0 pellets - Sonde de temp\u00e9rature ambiante pour po\u00eales et chaudi\u00e8res \u00e0 pellets - Capteur de chaleur avec capsule en plastique pour po\u00eale et chaudi\u00e8re \u00e0 pellets - Capteur de chaleur avec capsule en plastique pour po\u00eale et chaudi\u00e8re \u00e0 pellets -"},{"@type":"BreadcrumbList","@id":"https:\/\/amrtop.net\/produit\/sonde-denvironnement-ntc-10k-cable-2000-mm\/#breadcrumb","itemListElement":[{"@type":"ListItem","position":1,"name":"Home","item":"https:\/\/amrtop.net\/"},{"@type":"ListItem","position":2,"name":"Shop","item":"https:\/\/amrtop.net\/negozio\/"},{"@type":"ListItem","position":3,"name":"Sonde de temp\u00e9rature ambiante NTC 10K avec c\u00e2ble de 2000 mm code SNDA004"}]},{"@type":"WebSite","@id":"https:\/\/amrtop.net\/#website","url":"https:\/\/amrtop.net\/","name":"AMRTOP B2B Abroad - Compras reservadas a los profesionales","description":"Recambios y accesorios para estufas y calderas - Comercio electr\u00f3nico B2B para profesionales","potentialAction":[{"@type":"SearchAction","target":{"@type":"EntryPoint","urlTemplate":"https:\/\/amrtop.net\/?s={search_term_string}"},"query-input":{"@type":"PropertyValueSpecification","valueRequired":true,"valueName":"search_term_string"}}],"inLanguage":"es"}]}},"_links":{"self":[{"href":"https:\/\/amrtop.net\/es\/wp-json\/wp\/v2\/product\/19145","targetHints":{"allow":["GET"]}}],"collection":[{"href":"https:\/\/amrtop.net\/es\/wp-json\/wp\/v2\/product"}],"about":[{"href":"https:\/\/amrtop.net\/es\/wp-json\/wp\/v2\/types\/product"}],"replies":[{"embeddable":true,"href":"https:\/\/amrtop.net\/es\/wp-json\/wp\/v2\/comments?post=19145"}],"wp:featuredmedia":[{"embeddable":true,"href":"https:\/\/amrtop.net\/es\/wp-json\/wp\/v2\/media\/19119"}],"wp:attachment":[{"href":"https:\/\/amrtop.net\/es\/wp-json\/wp\/v2\/media?parent=19145"}],"wp:term":[{"taxonomy":"product_brand","embeddable":true,"href":"https:\/\/amrtop.net\/es\/wp-json\/wp\/v2\/product_brand?post=19145"},{"taxonomy":"product_cat","embeddable":true,"href":"https:\/\/amrtop.net\/es\/wp-json\/wp\/v2\/product_cat?post=19145"},{"taxonomy":"product_tag","embeddable":true,"href":"https:\/\/amrtop.net\/es\/wp-json\/wp\/v2\/product_tag?post=19145"}],"curies":[{"name":"wp","href":"https:\/\/api.w.org\/{rel}","templated":true}]}}