{"id":19154,"date":"2020-01-10T00:00:00","date_gmt":"2020-01-10T00:00:00","guid":{"rendered":"https:\/\/amrtop.com\/B2B\/?post_type=product&#038;p=19154"},"modified":"2023-06-07T12:06:08","modified_gmt":"2023-06-07T12:06:08","slug":"manometro-circular-con-conexion-capilar-imit","status":"publish","type":"product","link":"https:\/\/amrtop.net\/es\/produit\/manometre-circulaire-avec-raccord-capillaire-imit\/","title":{"rendered":"Man\u00f3metro circular con conexi\u00f3n capilar IMIT IMIT codice MCRC001"},"content":{"rendered":"<hr \/>\n<h3>Man\u00f3metro circular con conexi\u00f3n capilar IMIT<\/h3>\n<p>Amrtop comercializa estos componentes de una empresa con 100 a\u00f1os de experiencia en el sector del control de la temperatura.<\/p>\n<p>Desde 1917, la marca Imit fabrica productos capaces de satisfacer todas las exigencias de instalaci\u00f3n y estilo de vida, desde la industria hasta el usuario final, para garantizar el m\u00e1ximo confort y precisi\u00f3n de ajuste.<\/p>\n<p>La marca Imit ha dictado las normas del pasado con m\u00e1s de 70 patentes y modelos de utilidad.<\/p>\n<p>Fueron de las primeras de su sector en recibir la certificaci\u00f3n UNI EN ISO 9001 y est\u00e1n homologadas por los organismos de cualificaci\u00f3n italianos e internacionales m\u00e1s importantes.<\/p>\n<h3>Utilizaci\u00f3n del man\u00f3metro circular IMIT con conexi\u00f3n capilar<\/h3>\n<p>Funcionamiento del man\u00f3metro<\/p>\n<p>El correcto nivel de presi\u00f3n en la caldera o estufa de pellets es fundamental para que el sistema de calefacci\u00f3n funcione correctamente, para reducir costes, controlar el consumo y, sobre todo, para que la instalaci\u00f3n est\u00e9 siempre en buen estado.<\/p>\n<p>Ajustar correctamente la presi\u00f3n del agua caliente y saber c\u00f3mo y cu\u00e1ndo aumentar o disminuir la presi\u00f3n tambi\u00e9n puede causar dificultades a quienes no saben d\u00f3nde meter la mano.<\/p>\n<p>Un man\u00f3metro es un instrumento para medir la presi\u00f3n relativa de los fluidos. El significado correcto del lema se refiere a los instrumentos utilizados para medir presiones superiores a la atmosf\u00e9rica.<\/p>\n<p>Se encuentra en aparatos t\u00edpicos - Estufa de pellets - Caldera de pellets - Quemador de pellets - Barbacoa\/parrilla de pellets Caldera de biomasa - Quemador de biomasa - Y muchos otros quemadores<\/p>\n<h3>Interior<\/h3>\n<p><a href=\"https:\/\/wekos.it\/\">Estufas, cocinas y cocinas de le\u00f1a<\/a>\u00a0-\u00a0<a href=\"https:\/\/www.greenpuros.com\/\">chimeneas, estufas y calderas de pellets.<\/a><\/p>\n<h3>Gama Amrtop de recambios y accesorios<\/h3>\n<p><a href=\"https:\/\/amrtop.net\/es\/categoria-de-productos\/recambios-miscelaneos-cocinas-y-calderas-2\/bougies-dallumage-pour-poeles-et-chaudieres-a-pellets\/\">Calentadores<\/a><\/p>\n<p><a href=\"https:\/\/amrtop.net\/es\/categoria-de-productos\/recambios-miscelaneos-cocinas-y-calderas-2\/electronique\/\">Electr\u00f3nica<\/a><\/p>\n<p><a href=\"https:\/\/amrtop.net\/es\/categoria-de-productos\/recambios-miscelaneos-cocinas-y-calderas-2\/extracteurs-de-fumee\/\">Extractores de humo<\/a><\/p>\n<p><a href=\"https:\/\/amrtop.net\/es\/categoria-de-productos\/recambios-miscelaneos-cocinas-y-calderas-2\/gaines-cable-connecteurs\/\">Fundas de cables de conexi\u00f3n<\/a><\/p>\n<p><a href=\"https:\/\/amrtop.net\/es\/categoria-de-productos\/recambios-miscelaneos-cocinas-y-calderas-2\/joints-de-silicone\/\">Juntas de silicona<\/a><\/p>\n<p><a href=\"https:\/\/amrtop.net\/es\/categoria-de-productos\/recambios-miscelaneos-cocinas-y-calderas-2\/motoreducteurs\/\">Motorreductores<\/a><\/p>\n<p><a href=\"https:\/\/amrtop.net\/es\/categoria-de-productos\/recambios-miscelaneos-cocinas-y-calderas-2\/pressostats-et-transducteurs\/\">Presostatos y transductores<\/a><\/p>\n<p><a href=\"https:\/\/amrtop.net\/es\/categoria-de-productos\/recambios-miscelaneos-cocinas-y-calderas-2\/sondes-thermostats-manometres-thermometres\/\">Sondas termostatos man\u00f3metros term\u00f3metros<\/a><\/p>\n<p><a href=\"https:\/\/amrtop.net\/es\/categoria-de-productos\/recambios-miscelaneos-cocinas-y-calderas-2\/joints-detancheite\/\">Sellado de trenzas<\/a><\/p>\n<p><a href=\"https:\/\/amrtop.net\/es\/categoria-de-productos\/recambios-miscelaneos-cocinas-y-calderas-2\/ventilateurs-centrifuges-pour-poeles-a-pellets\/\">Ventiladores centr\u00edfugos<\/a><\/p>\n<p><a href=\"https:\/\/amrtop.net\/es\/categoria-de-productos\/recambios-miscelaneos-cocinas-y-calderas-2\/ventilateurs-tangentiels-flux-transversal\/\">Ventiladores de flujo cruzado<\/a><\/p>\n<p><a href=\"https:\/\/amrtop.net\/es\/categoria-de-productos\/recambios-miscelaneos-cocinas-y-calderas-2\/adhesifs-et-produits-detancheite\/\">Colas y selladores<\/a><\/p>\n<p>&nbsp;<\/p>\n<p>&nbsp;<\/p>\n<p>&nbsp;<\/p>\n<p>&nbsp;<\/p>\n<p>&nbsp;<\/p>\n<p>&nbsp;<\/p>","protected":false},"excerpt":{"rendered":"<hr \/>\n<h2><span style=\"color: #008000\">Disponible en<\/span><\/h2>\n<p>cod.MCRC001<\/p>\n<p>Campo di lavoro 0\/6 bar<br \/>\nInvolucro pl\u00e1stico<br \/>\nTemperatura corporal m\u00e1xima 70\u00b0C<br \/>\nOmologazioni CE, EAC<br \/>\nCapilar: 1500 mm PVC<\/p>","protected":false},"featured_media":19118,"comment_status":"open","ping_status":"closed","template":"","meta":[],"product_brand":[],"product_cat":[1339,1342],"product_tag":[],"class_list":{"0":"post-19154","1":"product","2":"type-product","3":"status-publish","4":"has-post-thumbnail","6":"product_cat-sondes-thermostats-manometres-thermometres-pour-poeles-et-chaudieres","7":"product_cat-thermostats-et-manometres-pour-poeles-et-chaudieres-a-pellets","8":"product_shipping_class-classe-di-spedizione-01","10":"first","11":"instock","12":"shipping-taxable","13":"purchasable","14":"product-type-simple"},"yoast_head":"<!-- This site is optimized with the Yoast SEO plugin v27.4 - https:\/\/yoast.com\/product\/yoast-seo-wordpress\/ -->\n<title>Manom\u00e8tre circulaire avec raccord capillaire IMIT<\/title>\n<meta name=\"description\" content=\"Manom\u00e8tre circulaire avec raccord capillaire IMIT - Thermostat et manom\u00e8tre pour po\u00eale et chaudi\u00e8re \u00e0 pellets - D\u00e9tecteur de pression avec r\u00e9armement manuel ou automatique pour po\u00eale et chaudi\u00e8re \u00e0 pellets - Thermostat \u00e0 r\u00e9armement manuel ou automatique pour po\u00eale et chaudi\u00e8re \u00e0 pellets - Relais avec r\u00e9armement manuel ou automatique pour po\u00eale et chaudi\u00e8re \u00e0 pellets - R\u00e9gulateur de temp\u00e9rature avec r\u00e9armement manuel ou automatique pour po\u00eale et chaudi\u00e8res \u00e0 pellets -\" \/>\n<meta name=\"robots\" content=\"index, follow, max-snippet:-1, max-image-preview:large, max-video-preview:-1\" \/>\n<link rel=\"canonical\" href=\"https:\/\/amrtop.net\/es\/producto\/manometro-circular-con-conexion-capilar-imit\/\" \/>\n<meta property=\"og:locale\" content=\"es_ES\" \/>\n<meta property=\"og:type\" content=\"article\" \/>\n<meta property=\"og:title\" content=\"Manom\u00e8tre circulaire avec raccord capillaire IMIT\" \/>\n<meta property=\"og:description\" content=\"Manom\u00e8tre circulaire avec raccord capillaire IMIT - Thermostat et manom\u00e8tre pour po\u00eale et chaudi\u00e8re \u00e0 pellets - D\u00e9tecteur de pression avec r\u00e9armement manuel ou automatique pour po\u00eale et chaudi\u00e8re \u00e0 pellets - Thermostat \u00e0 r\u00e9armement manuel ou automatique pour po\u00eale et chaudi\u00e8re \u00e0 pellets - Relais avec r\u00e9armement manuel ou automatique pour po\u00eale et chaudi\u00e8re \u00e0 pellets - R\u00e9gulateur de temp\u00e9rature avec r\u00e9armement manuel ou automatique pour po\u00eale et chaudi\u00e8res \u00e0 pellets -\" \/>\n<meta property=\"og:url\" content=\"https:\/\/amrtop.net\/es\/producto\/manometro-circular-con-conexion-capilar-imit\/\" \/>\n<meta property=\"og:site_name\" content=\"AMRTOP B2B \u00c9tranger - Achats r\u00e9serv\u00e9s au professionnel\" \/>\n<meta property=\"article:modified_time\" content=\"2023-06-07T12:06:08+00:00\" \/>\n<meta property=\"og:image\" content=\"https:\/\/amrtop.net\/wp-content\/uploads\/2021\/09\/w-SITO-MAN-TER-04.jpg\" \/>\n\t<meta property=\"og:image:width\" content=\"960\" \/>\n\t<meta property=\"og:image:height\" content=\"960\" \/>\n\t<meta property=\"og:image:type\" content=\"image\/jpeg\" \/>\n<meta name=\"twitter:card\" content=\"summary_large_image\" \/>\n<meta name=\"twitter:label1\" content=\"Tiempo de lectura\" \/>\n\t<meta name=\"twitter:data1\" content=\"2 minutos\" \/>\n<script type=\"application\/ld+json\" class=\"yoast-schema-graph\">{\"@context\":\"https:\\\/\\\/schema.org\",\"@graph\":[{\"@type\":\"WebPage\",\"@id\":\"https:\\\/\\\/amrtop.net\\\/produit\\\/manometre-circulaire-avec-raccord-capillaire-imit\\\/\",\"url\":\"https:\\\/\\\/amrtop.net\\\/produit\\\/manometre-circulaire-avec-raccord-capillaire-imit\\\/\",\"name\":\"Manom\u00e8tre circulaire avec raccord capillaire IMIT\",\"isPartOf\":{\"@id\":\"https:\\\/\\\/amrtop.net\\\/#website\"},\"primaryImageOfPage\":{\"@id\":\"https:\\\/\\\/amrtop.net\\\/produit\\\/manometre-circulaire-avec-raccord-capillaire-imit\\\/#primaryimage\"},\"image\":{\"@id\":\"https:\\\/\\\/amrtop.net\\\/produit\\\/manometre-circulaire-avec-raccord-capillaire-imit\\\/#primaryimage\"},\"thumbnailUrl\":\"https:\\\/\\\/amrtop.net\\\/wp-content\\\/uploads\\\/2021\\\/09\\\/w-SITO-MAN-TER-04.jpg\",\"datePublished\":\"2020-01-10T00:00:00+00:00\",\"dateModified\":\"2023-06-07T12:06:08+00:00\",\"description\":\"Manom\u00e8tre circulaire avec raccord capillaire IMIT - Thermostat et manom\u00e8tre pour po\u00eale et chaudi\u00e8re \u00e0 pellets - D\u00e9tecteur de pression avec r\u00e9armement manuel ou automatique pour po\u00eale et chaudi\u00e8re \u00e0 pellets - Thermostat \u00e0 r\u00e9armement manuel ou automatique pour po\u00eale et chaudi\u00e8re \u00e0 pellets - Relais avec r\u00e9armement manuel ou automatique pour po\u00eale et chaudi\u00e8re \u00e0 pellets - R\u00e9gulateur de temp\u00e9rature avec r\u00e9armement manuel ou automatique pour po\u00eale et chaudi\u00e8res \u00e0 pellets -\",\"breadcrumb\":{\"@id\":\"https:\\\/\\\/amrtop.net\\\/produit\\\/manometre-circulaire-avec-raccord-capillaire-imit\\\/#breadcrumb\"},\"inLanguage\":\"es\",\"potentialAction\":[{\"@type\":\"ReadAction\",\"target\":[\"https:\\\/\\\/amrtop.net\\\/produit\\\/manometre-circulaire-avec-raccord-capillaire-imit\\\/\"]}]},{\"@type\":\"ImageObject\",\"inLanguage\":\"es\",\"@id\":\"https:\\\/\\\/amrtop.net\\\/produit\\\/manometre-circulaire-avec-raccord-capillaire-imit\\\/#primaryimage\",\"url\":\"https:\\\/\\\/amrtop.net\\\/wp-content\\\/uploads\\\/2021\\\/09\\\/w-SITO-MAN-TER-04.jpg\",\"contentUrl\":\"https:\\\/\\\/amrtop.net\\\/wp-content\\\/uploads\\\/2021\\\/09\\\/w-SITO-MAN-TER-04.jpg\",\"width\":960,\"height\":960,\"caption\":\"Manom\u00e8tre circulaire avec raccord capillaire IMIT - Thermostat et manom\u00e8tre pour po\u00eale et chaudi\u00e8re \u00e0 pellets - D\u00e9tecteur de pression avec r\u00e9armement manuel ou automatique pour po\u00eale et chaudi\u00e8re \u00e0 pellets - Thermostat \u00e0 r\u00e9armement manuel ou automatique pour po\u00eale et chaudi\u00e8re \u00e0 pellets - Relais avec r\u00e9armement manuel ou automatique pour po\u00eale et chaudi\u00e8re \u00e0 pellets - R\u00e9gulateur de temp\u00e9rature avec r\u00e9armement manuel ou automatique pour po\u00eale et chaudi\u00e8res \u00e0 pellets -\"},{\"@type\":\"BreadcrumbList\",\"@id\":\"https:\\\/\\\/amrtop.net\\\/produit\\\/manometre-circulaire-avec-raccord-capillaire-imit\\\/#breadcrumb\",\"itemListElement\":[{\"@type\":\"ListItem\",\"position\":1,\"name\":\"Home\",\"item\":\"https:\\\/\\\/amrtop.net\\\/\"},{\"@type\":\"ListItem\",\"position\":2,\"name\":\"Shop\",\"item\":\"https:\\\/\\\/amrtop.net\\\/negozio\\\/\"},{\"@type\":\"ListItem\",\"position\":3,\"name\":\"Manom\u00e8tre circulaire avec raccord capillaire IMIT IMIT codice MCRC001\"}]},{\"@type\":\"WebSite\",\"@id\":\"https:\\\/\\\/amrtop.net\\\/#website\",\"url\":\"https:\\\/\\\/amrtop.net\\\/\",\"name\":\"AMRTOP B2B \u00c9tranger - Achats r\u00e9serv\u00e9s au professionnel\",\"description\":\"Pi\u00e8ces de rechange et accessoires pour po\u00eales et chaudi\u00e8res - eCommerce B2B pour Clients Professionnels\",\"potentialAction\":[{\"@type\":\"SearchAction\",\"target\":{\"@type\":\"EntryPoint\",\"urlTemplate\":\"https:\\\/\\\/amrtop.net\\\/?s={search_term_string}\"},\"query-input\":{\"@type\":\"PropertyValueSpecification\",\"valueRequired\":true,\"valueName\":\"search_term_string\"}}],\"inLanguage\":\"es\"}]}<\/script>\n<!-- \/ Yoast SEO plugin. -->","yoast_head_json":{"title":"Man\u00f3metro circular con conexi\u00f3n capilar IMIT","description":"Man\u00f3metro circular con conexi\u00f3n capilar IMIT - Termostato y man\u00f3metro para estufas y calderas de pellets - Detector de presi\u00f3n con rearme manual o autom\u00e1tico para estufas y calderas de pellets - Termostato con rearme manual o autom\u00e1tico para estufas y calderas de pellets - Rel\u00e9 con rearme manual o autom\u00e1tico para estufas y calderas de pellets - Regulador de temperatura con rearme manual o autom\u00e1tico para estufas y calderas de pellets.","robots":{"index":"index","follow":"follow","max-snippet":"max-snippet:-1","max-image-preview":"max-image-preview:large","max-video-preview":"max-video-preview:-1"},"canonical":"https:\/\/amrtop.net\/es\/producto\/manometro-circular-con-conexion-capilar-imit\/","og_locale":"es_ES","og_type":"article","og_title":"Manom\u00e8tre circulaire avec raccord capillaire IMIT","og_description":"Manom\u00e8tre circulaire avec raccord capillaire IMIT - Thermostat et manom\u00e8tre pour po\u00eale et chaudi\u00e8re \u00e0 pellets - D\u00e9tecteur de pression avec r\u00e9armement manuel ou automatique pour po\u00eale et chaudi\u00e8re \u00e0 pellets - Thermostat \u00e0 r\u00e9armement manuel ou automatique pour po\u00eale et chaudi\u00e8re \u00e0 pellets - Relais avec r\u00e9armement manuel ou automatique pour po\u00eale et chaudi\u00e8re \u00e0 pellets - R\u00e9gulateur de temp\u00e9rature avec r\u00e9armement manuel ou automatique pour po\u00eale et chaudi\u00e8res \u00e0 pellets -","og_url":"https:\/\/amrtop.net\/es\/producto\/manometro-circular-con-conexion-capilar-imit\/","og_site_name":"AMRTOP B2B \u00c9tranger - Achats r\u00e9serv\u00e9s au professionnel","article_modified_time":"2023-06-07T12:06:08+00:00","og_image":[{"width":960,"height":960,"url":"https:\/\/amrtop.net\/wp-content\/uploads\/2021\/09\/w-SITO-MAN-TER-04.jpg","type":"image\/jpeg"}],"twitter_card":"summary_large_image","twitter_misc":{"Tiempo de lectura":"2 minutos"},"schema":{"@context":"https:\/\/schema.org","@graph":[{"@type":"WebPage","@id":"https:\/\/amrtop.net\/produit\/manometre-circulaire-avec-raccord-capillaire-imit\/","url":"https:\/\/amrtop.net\/produit\/manometre-circulaire-avec-raccord-capillaire-imit\/","name":"Man\u00f3metro circular con conexi\u00f3n capilar IMIT","isPartOf":{"@id":"https:\/\/amrtop.net\/#website"},"primaryImageOfPage":{"@id":"https:\/\/amrtop.net\/produit\/manometre-circulaire-avec-raccord-capillaire-imit\/#primaryimage"},"image":{"@id":"https:\/\/amrtop.net\/produit\/manometre-circulaire-avec-raccord-capillaire-imit\/#primaryimage"},"thumbnailUrl":"https:\/\/amrtop.net\/wp-content\/uploads\/2021\/09\/w-SITO-MAN-TER-04.jpg","datePublished":"2020-01-10T00:00:00+00:00","dateModified":"2023-06-07T12:06:08+00:00","description":"Man\u00f3metro circular con conexi\u00f3n capilar IMIT - Termostato y man\u00f3metro para estufas y calderas de pellets - Detector de presi\u00f3n con rearme manual o autom\u00e1tico para estufas y calderas de pellets - Termostato con rearme manual o autom\u00e1tico para estufas y calderas de pellets - Rel\u00e9 con rearme manual o autom\u00e1tico para estufas y calderas de pellets - Regulador de temperatura con rearme manual o autom\u00e1tico para estufas y calderas de pellets.","breadcrumb":{"@id":"https:\/\/amrtop.net\/produit\/manometre-circulaire-avec-raccord-capillaire-imit\/#breadcrumb"},"inLanguage":"es","potentialAction":[{"@type":"ReadAction","target":["https:\/\/amrtop.net\/produit\/manometre-circulaire-avec-raccord-capillaire-imit\/"]}]},{"@type":"ImageObject","inLanguage":"es","@id":"https:\/\/amrtop.net\/produit\/manometre-circulaire-avec-raccord-capillaire-imit\/#primaryimage","url":"https:\/\/amrtop.net\/wp-content\/uploads\/2021\/09\/w-SITO-MAN-TER-04.jpg","contentUrl":"https:\/\/amrtop.net\/wp-content\/uploads\/2021\/09\/w-SITO-MAN-TER-04.jpg","width":960,"height":960,"caption":"Manom\u00e8tre circulaire avec raccord capillaire IMIT - Thermostat et manom\u00e8tre pour po\u00eale et chaudi\u00e8re \u00e0 pellets - D\u00e9tecteur de pression avec r\u00e9armement manuel ou automatique pour po\u00eale et chaudi\u00e8re \u00e0 pellets - Thermostat \u00e0 r\u00e9armement manuel ou automatique pour po\u00eale et chaudi\u00e8re \u00e0 pellets - Relais avec r\u00e9armement manuel ou automatique pour po\u00eale et chaudi\u00e8re \u00e0 pellets - R\u00e9gulateur de temp\u00e9rature avec r\u00e9armement manuel ou automatique pour po\u00eale et chaudi\u00e8res \u00e0 pellets -"},{"@type":"BreadcrumbList","@id":"https:\/\/amrtop.net\/produit\/manometre-circulaire-avec-raccord-capillaire-imit\/#breadcrumb","itemListElement":[{"@type":"ListItem","position":1,"name":"Home","item":"https:\/\/amrtop.net\/"},{"@type":"ListItem","position":2,"name":"Shop","item":"https:\/\/amrtop.net\/negozio\/"},{"@type":"ListItem","position":3,"name":"Manom\u00e8tre circulaire avec raccord capillaire IMIT IMIT codice MCRC001"}]},{"@type":"WebSite","@id":"https:\/\/amrtop.net\/#website","url":"https:\/\/amrtop.net\/","name":"AMRTOP B2B Abroad - Compras reservadas a los profesionales","description":"Recambios y accesorios para estufas y calderas - Comercio electr\u00f3nico B2B para profesionales","potentialAction":[{"@type":"SearchAction","target":{"@type":"EntryPoint","urlTemplate":"https:\/\/amrtop.net\/?s={search_term_string}"},"query-input":{"@type":"PropertyValueSpecification","valueRequired":true,"valueName":"search_term_string"}}],"inLanguage":"es"}]}},"_links":{"self":[{"href":"https:\/\/amrtop.net\/es\/wp-json\/wp\/v2\/product\/19154","targetHints":{"allow":["GET"]}}],"collection":[{"href":"https:\/\/amrtop.net\/es\/wp-json\/wp\/v2\/product"}],"about":[{"href":"https:\/\/amrtop.net\/es\/wp-json\/wp\/v2\/types\/product"}],"replies":[{"embeddable":true,"href":"https:\/\/amrtop.net\/es\/wp-json\/wp\/v2\/comments?post=19154"}],"wp:featuredmedia":[{"embeddable":true,"href":"https:\/\/amrtop.net\/es\/wp-json\/wp\/v2\/media\/19118"}],"wp:attachment":[{"href":"https:\/\/amrtop.net\/es\/wp-json\/wp\/v2\/media?parent=19154"}],"wp:term":[{"taxonomy":"product_brand","embeddable":true,"href":"https:\/\/amrtop.net\/es\/wp-json\/wp\/v2\/product_brand?post=19154"},{"taxonomy":"product_cat","embeddable":true,"href":"https:\/\/amrtop.net\/es\/wp-json\/wp\/v2\/product_cat?post=19154"},{"taxonomy":"product_tag","embeddable":true,"href":"https:\/\/amrtop.net\/es\/wp-json\/wp\/v2\/product_tag?post=19154"}],"curies":[{"name":"wp","href":"https:\/\/api.w.org\/{rel}","templated":true}]}}