{"id":19159,"date":"2020-10-01T00:00:00","date_gmt":"2020-10-01T00:00:00","guid":{"rendered":"https:\/\/amrtop.com\/B2B\/?post_type=product&#038;p=19159"},"modified":"2023-05-29T09:39:12","modified_gmt":"2023-05-29T09:39:12","slug":"extractor-de-humos-fergas-codigo-260910-velocidad-de-rotacion-2590-rpm-potencia-48-w","status":"publish","type":"product","link":"https:\/\/amrtop.net\/es\/produit\/extracteur-de-fumee-fergas-code-260910-vitesse-de-rotation-2590-rpm-puissance-48-w\/","title":{"rendered":"Extractor de humos Fergas C\u00f3digo 260910 - Velocidad de rotaci\u00f3n 2590 RPM - Potencia 48 W"},"content":{"rendered":"<hr \/>\n<h1>Extractor de humos Fergas C\u00f3digo 260910<\/h1>\n<p>Fergas vive de la innovaci\u00f3n y hace que nuestros clientes tengan \u00e9xito. Como parte del concepto empresarial: \"Your global partner in Air-Moving Solutions\".<\/p>\n<p>Los extractores de humo Fergas ofrecidos por Amrtop han sido dise\u00f1ados para su uso en estufas de pellets y calderas de biomasa. Se suministran con caracol de aluminio fundido a presi\u00f3n y ventilador de aluminio fundido a presi\u00f3n.<\/p>\n<ul>\n<li>Clase de aislamiento: H 230V - 50Hz<\/li>\n<li>Caudal: 190 m\u00b3\/h<\/li>\n<li>Posici\u00f3n de funcionamiento: horizontal y vertical<\/li>\n<\/ul>\n<h3>\u00bfPara qu\u00e9 sirve el extractor de humos?<\/h3>\n<p>La extracci\u00f3n y eliminaci\u00f3n de los gases de escape es una aplicaci\u00f3n vital en el sistema de calefacci\u00f3n por pellets, ya que un mal funcionamiento del sistema podr\u00eda provocar la liberaci\u00f3n de sustancias nocivas al medio ambiente.<br \/>\nEl extractor de humos es el componente m\u00e1s importante porque est\u00e1 activo a 100% durante todas las fases de funcionamiento de la estufa.<\/p>\n<h3>Uso del extractor de humos Fergas C\u00f3digo 260910<\/h3>\n<p>Los extractores de humo Fergas ofrecidos por Amrtop se instalan en aparatos de biomasa para expulsar el humo creado por la combusti\u00f3n de estufas y calderas de pellets, Nocciolino, Sansa, Cippato, etc...<\/p>\n<p><strong>Presente en aparatos t\u00edpicos<\/strong>\u00a0Estufa de pellets - Caldera de pellets - Quemador de pellets - Barbacoa\/parrilla de pellets Caldera de biomasa - Quemador de biomasa - Y muchos otros quemadores<\/p>\n<h3><strong>Interior<\/strong><\/h3>\n<p><a href=\"https:\/\/wekos.it\/\">Estufas, cocinas y cocinas de le\u00f1a<\/a>\u00a0-\u00a0<a href=\"https:\/\/www.greenpuros.com\/\">chimeneas, estufas y calderas de pellets.<\/a><\/p>\n<h3><strong>Gama Amrtop de recambios y accesorios<\/strong><\/h3>\n<p><a href=\"https:\/\/amrtop.net\/es\/categoria-de-productos\/recambios-miscelaneos-cocinas-y-calderas-2\/bougies-dallumage-pour-poeles-et-chaudieres-a-pellets\/\">Calentadores<\/a><\/p>\n<p><a href=\"https:\/\/amrtop.net\/es\/categoria-de-productos\/recambios-miscelaneos-cocinas-y-calderas-2\/electronique\/\">Electr\u00f3nica<\/a><\/p>\n<p><a href=\"https:\/\/amrtop.net\/es\/categoria-de-productos\/recambios-miscelaneos-cocinas-y-calderas-2\/extracteurs-de-fumee\/\">Extractores de humo<\/a><\/p>\n<p><a href=\"https:\/\/amrtop.net\/es\/categoria-de-productos\/recambios-miscelaneos-cocinas-y-calderas-2\/gaines-cable-connecteurs\/\">Fundas de cables de conexi\u00f3n<\/a><\/p>\n<p><a href=\"https:\/\/amrtop.net\/es\/categoria-de-productos\/recambios-miscelaneos-cocinas-y-calderas-2\/joints-de-silicone\/\">Juntas de silicona<\/a><\/p>\n<p><a href=\"https:\/\/amrtop.net\/es\/categoria-de-productos\/recambios-miscelaneos-cocinas-y-calderas-2\/motoreducteurs\/\">Motorreductores<\/a><\/p>\n<p><a href=\"https:\/\/amrtop.net\/es\/categoria-de-productos\/recambios-miscelaneos-cocinas-y-calderas-2\/pressostats-et-transducteurs\/\">Presostatos y transductores<\/a><\/p>\n<p><a href=\"https:\/\/amrtop.net\/es\/categoria-de-productos\/recambios-miscelaneos-cocinas-y-calderas-2\/sondes-thermostats-manometres-thermometres\/\">Sondas termostatos man\u00f3metros term\u00f3metros<\/a><\/p>\n<p><a href=\"https:\/\/amrtop.net\/es\/categoria-de-productos\/recambios-miscelaneos-cocinas-y-calderas-2\/joints-detancheite\/\">Sellado de trenzas<\/a><\/p>\n<p><a href=\"https:\/\/amrtop.net\/es\/categoria-de-productos\/recambios-miscelaneos-cocinas-y-calderas-2\/ventilateurs-centrifuges-pour-poeles-a-pellets\/\">Ventiladores centr\u00edfugos<\/a><\/p>\n<p><a href=\"https:\/\/amrtop.net\/es\/categoria-de-productos\/recambios-miscelaneos-cocinas-y-calderas-2\/ventilateurs-tangentiels-flux-transversal\/\">Ventiladores de flujo cruzado<\/a><\/p>\n<p><a href=\"https:\/\/amrtop.net\/es\/categoria-de-productos\/recambios-miscelaneos-cocinas-y-calderas-2\/adhesifs-et-produits-detancheite\/\">Colas y selladores<\/a><\/p>\n<p>El personal de\u00a0<strong>Amrtop<\/strong> ha sido cuidadosamente formado para ayudarle a identificar las piezas de recambio que deben sustituirse. Ofreciendo asistencia telef\u00f3nica en franc\u00e9s, ingl\u00e9s, rumano e italiano.<br \/>\nNo dude en ponerse en contacto con nosotros<\/p>","protected":false},"excerpt":{"rendered":"<hr \/>\n<h2><span style=\"color: #008000\">Disponible en<\/span><\/h2>\n<hr \/>\n<h3>Extractor de humos Fergas<\/h3>\n<p>C\u00f3digo 260910<\/p>\n<p>Presi\u00f3n generada: 261 Pa<\/p>\n<p>Caudal: 173 m\u00b3\/h<\/p>\n<p>N\u00famero de revoluciones: 2590 RPM<\/p>\n<p>Potencia: 48 W<\/p>\n<p>Salida de humos: \u00f8 80 mm<\/p>\n<p>Torres de lectura con lector \u00f3ptico<\/p>","protected":false},"featured_media":35217,"comment_status":"open","ping_status":"closed","template":"","meta":[],"product_brand":[],"product_cat":[1305,1306,839],"product_tag":[],"class_list":{"0":"post-19159","1":"product","2":"type-product","3":"status-publish","4":"has-post-thumbnail","6":"product_cat-extracteurs-de-fumee","7":"product_cat-extracteurs-de-fumee-fergas","8":"product_cat-pieces-de-rechange-divers-poeles-et-chaudieres","9":"product_shipping_class-classe-di-spedizione-02","11":"first","12":"instock","13":"shipping-taxable","14":"purchasable","15":"product-type-simple"},"yoast_head":"<!-- This site is optimized with the Yoast SEO plugin v27.4 - https:\/\/yoast.com\/product\/yoast-seo-wordpress\/ -->\n<title>Extracteur de fum\u00e9e Fergas Code 260910<\/title>\n<meta name=\"description\" content=\"Extracteur de fum\u00e9e Fergas Code 260910- Extracteur de fum\u00e9e Fergas-Extracteur de fum\u00e9e Fergas po\u00eales et chaudi\u00e8res \u00e0 pellets\" \/>\n<meta name=\"robots\" content=\"index, follow, max-snippet:-1, max-image-preview:large, max-video-preview:-1\" \/>\n<link rel=\"canonical\" href=\"https:\/\/amrtop.net\/es\/producto\/extractor-de-humos-fergas-codigo-260910-velocidad-de-rotacion-2590-rpm-potencia-48-w\/\" \/>\n<meta property=\"og:locale\" content=\"es_ES\" \/>\n<meta property=\"og:type\" content=\"article\" \/>\n<meta property=\"og:title\" content=\"Extracteur de fum\u00e9e Fergas Code 260910\" \/>\n<meta property=\"og:description\" content=\"Extracteur de fum\u00e9e Fergas Code 260910- Extracteur de fum\u00e9e Fergas-Extracteur de fum\u00e9e Fergas po\u00eales et chaudi\u00e8res \u00e0 pellets\" \/>\n<meta property=\"og:url\" content=\"https:\/\/amrtop.net\/es\/producto\/extractor-de-humos-fergas-codigo-260910-velocidad-de-rotacion-2590-rpm-potencia-48-w\/\" \/>\n<meta property=\"og:site_name\" content=\"AMRTOP B2B \u00c9tranger - Achats r\u00e9serv\u00e9s au professionnel\" \/>\n<meta property=\"article:modified_time\" content=\"2023-05-29T09:39:12+00:00\" \/>\n<meta property=\"og:image\" content=\"https:\/\/amrtop.net\/wp-content\/uploads\/2020\/10\/260910.jpg\" \/>\n\t<meta property=\"og:image:width\" content=\"960\" \/>\n\t<meta property=\"og:image:height\" content=\"960\" \/>\n\t<meta property=\"og:image:type\" content=\"image\/jpeg\" \/>\n<meta name=\"twitter:card\" content=\"summary_large_image\" \/>\n<meta name=\"twitter:label1\" content=\"Tiempo de lectura\" \/>\n\t<meta name=\"twitter:data1\" content=\"1 minuto\" \/>\n<script type=\"application\/ld+json\" class=\"yoast-schema-graph\">{\"@context\":\"https:\\\/\\\/schema.org\",\"@graph\":[{\"@type\":\"WebPage\",\"@id\":\"https:\\\/\\\/amrtop.net\\\/produit\\\/extracteur-de-fumee-fergas-code-260910-vitesse-de-rotation-2590-rpm-puissance-48-w\\\/\",\"url\":\"https:\\\/\\\/amrtop.net\\\/produit\\\/extracteur-de-fumee-fergas-code-260910-vitesse-de-rotation-2590-rpm-puissance-48-w\\\/\",\"name\":\"Extracteur de fum\u00e9e Fergas Code 260910\",\"isPartOf\":{\"@id\":\"https:\\\/\\\/amrtop.net\\\/#website\"},\"primaryImageOfPage\":{\"@id\":\"https:\\\/\\\/amrtop.net\\\/produit\\\/extracteur-de-fumee-fergas-code-260910-vitesse-de-rotation-2590-rpm-puissance-48-w\\\/#primaryimage\"},\"image\":{\"@id\":\"https:\\\/\\\/amrtop.net\\\/produit\\\/extracteur-de-fumee-fergas-code-260910-vitesse-de-rotation-2590-rpm-puissance-48-w\\\/#primaryimage\"},\"thumbnailUrl\":\"https:\\\/\\\/amrtop.net\\\/wp-content\\\/uploads\\\/2020\\\/10\\\/260910.jpg\",\"datePublished\":\"2020-10-01T00:00:00+00:00\",\"dateModified\":\"2023-05-29T09:39:12+00:00\",\"description\":\"Extracteur de fum\u00e9e Fergas Code 260910- Extracteur de fum\u00e9e Fergas-Extracteur de fum\u00e9e Fergas po\u00eales et chaudi\u00e8res \u00e0 pellets\",\"breadcrumb\":{\"@id\":\"https:\\\/\\\/amrtop.net\\\/produit\\\/extracteur-de-fumee-fergas-code-260910-vitesse-de-rotation-2590-rpm-puissance-48-w\\\/#breadcrumb\"},\"inLanguage\":\"es\",\"potentialAction\":[{\"@type\":\"ReadAction\",\"target\":[\"https:\\\/\\\/amrtop.net\\\/produit\\\/extracteur-de-fumee-fergas-code-260910-vitesse-de-rotation-2590-rpm-puissance-48-w\\\/\"]}]},{\"@type\":\"ImageObject\",\"inLanguage\":\"es\",\"@id\":\"https:\\\/\\\/amrtop.net\\\/produit\\\/extracteur-de-fumee-fergas-code-260910-vitesse-de-rotation-2590-rpm-puissance-48-w\\\/#primaryimage\",\"url\":\"https:\\\/\\\/amrtop.net\\\/wp-content\\\/uploads\\\/2020\\\/10\\\/260910.jpg\",\"contentUrl\":\"https:\\\/\\\/amrtop.net\\\/wp-content\\\/uploads\\\/2020\\\/10\\\/260910.jpg\",\"width\":960,\"height\":960,\"caption\":\"Extracteur de fum\u00e9e Fergas Code 260910- Extracteur de fum\u00e9e Fergas-Extracteur de fum\u00e9e Fergas po\u00eales et chaudi\u00e8res \u00e0 pellets\"},{\"@type\":\"BreadcrumbList\",\"@id\":\"https:\\\/\\\/amrtop.net\\\/produit\\\/extracteur-de-fumee-fergas-code-260910-vitesse-de-rotation-2590-rpm-puissance-48-w\\\/#breadcrumb\",\"itemListElement\":[{\"@type\":\"ListItem\",\"position\":1,\"name\":\"Home\",\"item\":\"https:\\\/\\\/amrtop.net\\\/\"},{\"@type\":\"ListItem\",\"position\":2,\"name\":\"Shop\",\"item\":\"https:\\\/\\\/amrtop.net\\\/negozio\\\/\"},{\"@type\":\"ListItem\",\"position\":3,\"name\":\"Extracteur de fum\u00e9e Fergas Code 260910 &#8211; Vitesse de rotation 2590 RPM &#8211; Puissance 48 W\"}]},{\"@type\":\"WebSite\",\"@id\":\"https:\\\/\\\/amrtop.net\\\/#website\",\"url\":\"https:\\\/\\\/amrtop.net\\\/\",\"name\":\"AMRTOP B2B \u00c9tranger - Achats r\u00e9serv\u00e9s au professionnel\",\"description\":\"Pi\u00e8ces de rechange et accessoires pour po\u00eales et chaudi\u00e8res - eCommerce B2B pour Clients Professionnels\",\"potentialAction\":[{\"@type\":\"SearchAction\",\"target\":{\"@type\":\"EntryPoint\",\"urlTemplate\":\"https:\\\/\\\/amrtop.net\\\/?s={search_term_string}\"},\"query-input\":{\"@type\":\"PropertyValueSpecification\",\"valueRequired\":true,\"valueName\":\"search_term_string\"}}],\"inLanguage\":\"es\"}]}<\/script>\n<!-- \/ Yoast SEO plugin. -->","yoast_head_json":{"title":"Extractor de humos Fergas C\u00f3digo 260910","description":"Extractor de humos Fergas C\u00f3digo 260910- Extractor de humos Fergas-Extractor de humos Fergas para estufas y calderas de pellets","robots":{"index":"index","follow":"follow","max-snippet":"max-snippet:-1","max-image-preview":"max-image-preview:large","max-video-preview":"max-video-preview:-1"},"canonical":"https:\/\/amrtop.net\/es\/producto\/extractor-de-humos-fergas-codigo-260910-velocidad-de-rotacion-2590-rpm-potencia-48-w\/","og_locale":"es_ES","og_type":"article","og_title":"Extracteur de fum\u00e9e Fergas Code 260910","og_description":"Extracteur de fum\u00e9e Fergas Code 260910- Extracteur de fum\u00e9e Fergas-Extracteur de fum\u00e9e Fergas po\u00eales et chaudi\u00e8res \u00e0 pellets","og_url":"https:\/\/amrtop.net\/es\/producto\/extractor-de-humos-fergas-codigo-260910-velocidad-de-rotacion-2590-rpm-potencia-48-w\/","og_site_name":"AMRTOP B2B \u00c9tranger - Achats r\u00e9serv\u00e9s au professionnel","article_modified_time":"2023-05-29T09:39:12+00:00","og_image":[{"width":960,"height":960,"url":"https:\/\/amrtop.net\/wp-content\/uploads\/2020\/10\/260910.jpg","type":"image\/jpeg"}],"twitter_card":"summary_large_image","twitter_misc":{"Tiempo de lectura":"1 minuto"},"schema":{"@context":"https:\/\/schema.org","@graph":[{"@type":"WebPage","@id":"https:\/\/amrtop.net\/produit\/extracteur-de-fumee-fergas-code-260910-vitesse-de-rotation-2590-rpm-puissance-48-w\/","url":"https:\/\/amrtop.net\/produit\/extracteur-de-fumee-fergas-code-260910-vitesse-de-rotation-2590-rpm-puissance-48-w\/","name":"Extractor de humos Fergas C\u00f3digo 260910","isPartOf":{"@id":"https:\/\/amrtop.net\/#website"},"primaryImageOfPage":{"@id":"https:\/\/amrtop.net\/produit\/extracteur-de-fumee-fergas-code-260910-vitesse-de-rotation-2590-rpm-puissance-48-w\/#primaryimage"},"image":{"@id":"https:\/\/amrtop.net\/produit\/extracteur-de-fumee-fergas-code-260910-vitesse-de-rotation-2590-rpm-puissance-48-w\/#primaryimage"},"thumbnailUrl":"https:\/\/amrtop.net\/wp-content\/uploads\/2020\/10\/260910.jpg","datePublished":"2020-10-01T00:00:00+00:00","dateModified":"2023-05-29T09:39:12+00:00","description":"Extractor de humos Fergas C\u00f3digo 260910- Extractor de humos Fergas-Extractor de humos Fergas para estufas y calderas de pellets","breadcrumb":{"@id":"https:\/\/amrtop.net\/produit\/extracteur-de-fumee-fergas-code-260910-vitesse-de-rotation-2590-rpm-puissance-48-w\/#breadcrumb"},"inLanguage":"es","potentialAction":[{"@type":"ReadAction","target":["https:\/\/amrtop.net\/produit\/extracteur-de-fumee-fergas-code-260910-vitesse-de-rotation-2590-rpm-puissance-48-w\/"]}]},{"@type":"ImageObject","inLanguage":"es","@id":"https:\/\/amrtop.net\/produit\/extracteur-de-fumee-fergas-code-260910-vitesse-de-rotation-2590-rpm-puissance-48-w\/#primaryimage","url":"https:\/\/amrtop.net\/wp-content\/uploads\/2020\/10\/260910.jpg","contentUrl":"https:\/\/amrtop.net\/wp-content\/uploads\/2020\/10\/260910.jpg","width":960,"height":960,"caption":"Extracteur de fum\u00e9e Fergas Code 260910- Extracteur de fum\u00e9e Fergas-Extracteur de fum\u00e9e Fergas po\u00eales et chaudi\u00e8res \u00e0 pellets"},{"@type":"BreadcrumbList","@id":"https:\/\/amrtop.net\/produit\/extracteur-de-fumee-fergas-code-260910-vitesse-de-rotation-2590-rpm-puissance-48-w\/#breadcrumb","itemListElement":[{"@type":"ListItem","position":1,"name":"Home","item":"https:\/\/amrtop.net\/"},{"@type":"ListItem","position":2,"name":"Shop","item":"https:\/\/amrtop.net\/negozio\/"},{"@type":"ListItem","position":3,"name":"Extracteur de fum\u00e9e Fergas Code 260910 &#8211; Vitesse de rotation 2590 RPM &#8211; Puissance 48 W"}]},{"@type":"WebSite","@id":"https:\/\/amrtop.net\/#website","url":"https:\/\/amrtop.net\/","name":"AMRTOP B2B Abroad - Compras reservadas a los profesionales","description":"Recambios y accesorios para estufas y calderas - Comercio electr\u00f3nico B2B para profesionales","potentialAction":[{"@type":"SearchAction","target":{"@type":"EntryPoint","urlTemplate":"https:\/\/amrtop.net\/?s={search_term_string}"},"query-input":{"@type":"PropertyValueSpecification","valueRequired":true,"valueName":"search_term_string"}}],"inLanguage":"es"}]}},"_links":{"self":[{"href":"https:\/\/amrtop.net\/es\/wp-json\/wp\/v2\/product\/19159","targetHints":{"allow":["GET"]}}],"collection":[{"href":"https:\/\/amrtop.net\/es\/wp-json\/wp\/v2\/product"}],"about":[{"href":"https:\/\/amrtop.net\/es\/wp-json\/wp\/v2\/types\/product"}],"replies":[{"embeddable":true,"href":"https:\/\/amrtop.net\/es\/wp-json\/wp\/v2\/comments?post=19159"}],"wp:featuredmedia":[{"embeddable":true,"href":"https:\/\/amrtop.net\/es\/wp-json\/wp\/v2\/media\/35217"}],"wp:attachment":[{"href":"https:\/\/amrtop.net\/es\/wp-json\/wp\/v2\/media?parent=19159"}],"wp:term":[{"taxonomy":"product_brand","embeddable":true,"href":"https:\/\/amrtop.net\/es\/wp-json\/wp\/v2\/product_brand?post=19159"},{"taxonomy":"product_cat","embeddable":true,"href":"https:\/\/amrtop.net\/es\/wp-json\/wp\/v2\/product_cat?post=19159"},{"taxonomy":"product_tag","embeddable":true,"href":"https:\/\/amrtop.net\/es\/wp-json\/wp\/v2\/product_tag?post=19159"}],"curies":[{"name":"wp","href":"https:\/\/api.w.org\/{rel}","templated":true}]}}