{"id":19231,"date":"2021-09-03T08:33:38","date_gmt":"2021-09-03T08:33:38","guid":{"rendered":"https:\/\/amrtop.com\/B2B\/?post_type=product&#038;p=19231"},"modified":"2023-08-03T09:04:16","modified_gmt":"2023-08-03T09:04:16","slug":"tresse-ronde-renforcee-en-fibre-de-verre-pour-poeles-et-cheminees","status":"publish","type":"product","link":"https:\/\/amrtop.net\/es\/produit\/tresse-ronde-renforcee-en-fibre-de-verre-pour-poeles-et-cheminees\/","title":{"rendered":"Trenza redonda reforzada con fibra de vidrio para estufas y chimeneas en kits y bobinas"},"content":{"rendered":"<h3>Tresse ronde renforc\u00e9e en fibre de verre pour po\u00eales et chemin\u00e9es<\/h3>\n<p>En la comercializaci\u00f3n de este tipo de productos, Amrtop trabaja exclusivamente con empresas certificadas ISO 9001 con m\u00e1s de 30 a\u00f1os en el mercado, altamente especializadas y l\u00edderes en la producci\u00f3n de Textiles T\u00e9cnicos para aislamiento t\u00e9rmico y juntas est\u00e1ticas para altas temperaturas:<\/p>\n<p>Cuerdas, Trenzas, Medias, Cintas, Tejidos, Productos aislantes y aislantes, Juntas de dilataci\u00f3n.<\/p>\n<p>Las trenzas y cintas de fibra de vidrio que ofrece Amrtop evitan posibles da\u00f1os a las personas, pero tambi\u00e9n protegen otras partes de las instalaciones de una exposici\u00f3n excesiva o evitan el riesgo de revent\u00f3n o incendio provocado por el calentamiento.<\/p>\n<h3>Aplicaciones<\/h3>\n<ul>\n<li>Estufas de pellets y de le\u00f1a<\/li>\n<li>Chimeneas de le\u00f1a y pellets<\/li>\n<li>Radiadores y calderas de le\u00f1a y pellets<\/li>\n<\/ul>\n<h3>Utilisation de la tresse ronde renforc\u00e9e en fibre de verre pour po\u00eales et chemin\u00e9es<\/h3>\n<p>La trenza cuadrada de fibra de vidrio para estufas y chimeneas y la cuerda de fibra cer\u00e1mica, adhesiva y normal, se aplican normalmente en la puerta de inspecci\u00f3n de limpieza ordinaria presente en todas las c\u00e1maras de combusti\u00f3n, puertas de hogar y dep\u00f3sitos, y tambi\u00e9n en el cristal de la puerta de hogar de los aparatos de le\u00f1a y pellets.<\/p>\n<p>En algunos casos, para poder aplicarlos, necesita cola o masilla refractaria espec\u00edfica para altas temperaturas, que puede encontrar en diferentes formatos en el sitio de comercio electr\u00f3nico de<\/p>\n<h3>Interior<\/h3>\n<p><a href=\"https:\/\/wekos.it\/\">Estufas, cocinas y cocinas de le\u00f1a<\/a>\u00a0-\u00a0<a href=\"https:\/\/www.greenpuros.com\/\">chimeneas, estufas y calderas de pellets.<\/a><\/p>\n<h3>Gama Amrtop de recambios y accesorios<\/h3>\n<p><a href=\"https:\/\/amrtop.net\/es\/categoria-de-productos\/recambios-miscelaneos-cocinas-y-calderas-2\/bougies-dallumage-pour-poeles-et-chaudieres-a-pellets\/\">Calentadores<\/a><\/p>\n<p><a href=\"https:\/\/amrtop.net\/es\/categoria-de-productos\/recambios-miscelaneos-cocinas-y-calderas-2\/electronique\/\">Electr\u00f3nica<\/a><\/p>\n<p><a href=\"https:\/\/amrtop.net\/es\/categoria-de-productos\/recambios-miscelaneos-cocinas-y-calderas-2\/extracteurs-de-fumee\/\">Extractores de humo<\/a><\/p>\n<p><a href=\"https:\/\/amrtop.net\/es\/categoria-de-productos\/recambios-miscelaneos-cocinas-y-calderas-2\/gaines-cable-connecteurs\/\">Fundas de cables de conexi\u00f3n<\/a><\/p>\n<p><a href=\"https:\/\/amrtop.net\/es\/categoria-de-productos\/recambios-miscelaneos-cocinas-y-calderas-2\/joints-de-silicone\/\">Juntas de silicona<\/a><\/p>\n<p><a href=\"https:\/\/amrtop.net\/es\/categoria-de-productos\/recambios-miscelaneos-cocinas-y-calderas-2\/motoreducteurs\/\">Motorreductores<\/a><\/p>\n<p><a href=\"https:\/\/amrtop.net\/es\/categoria-de-productos\/recambios-miscelaneos-cocinas-y-calderas-2\/pressostats-et-transducteurs\/\">Presostatos y transductores<\/a><\/p>\n<p><a href=\"https:\/\/amrtop.net\/es\/categoria-de-productos\/recambios-miscelaneos-cocinas-y-calderas-2\/sondes-thermostats-manometres-thermometres\/\">Sondas termostatos man\u00f3metros term\u00f3metros<\/a><\/p>\n<p><a href=\"https:\/\/amrtop.net\/es\/categoria-de-productos\/recambios-miscelaneos-cocinas-y-calderas-2\/joints-detancheite\/\">Sellado de trenzas<\/a><\/p>\n<p><a href=\"https:\/\/amrtop.net\/es\/categoria-de-productos\/recambios-miscelaneos-cocinas-y-calderas-2\/ventilateurs-centrifuges-pour-poeles-a-pellets\/\">Ventiladores centr\u00edfugos<\/a><\/p>\n<p><a href=\"https:\/\/amrtop.net\/es\/categoria-de-productos\/recambios-miscelaneos-cocinas-y-calderas-2\/ventilateurs-tangentiels-flux-transversal\/\">Ventiladores de flujo cruzado<\/a><\/p>\n<p><a href=\"https:\/\/amrtop.net\/es\/categoria-de-productos\/recambios-miscelaneos-cocinas-y-calderas-2\/adhesifs-et-produits-detancheite\/\">Colas y selladores<\/a><\/p>\n<p>&nbsp;<\/p>\n<p>&nbsp;<\/p>\n<p>&nbsp;<\/p>","protected":false},"excerpt":{"rendered":"<h2><span style=\"color: #008000;\">Disponible en<\/span><\/h2>\n<hr \/>\n<p>CONTENIDO :<\/p>\n<ul>\n<li>Kit compos\u00e9 de 2,5 m\u00e8tres de tresse renforc\u00e9e ronde blanche et grise en fibre de verre + tube de 17 ml de colle r\u00e9fractaire Thermofix avec une r\u00e9sistance maximale \u00e0 la chaleur de 1100\u00b0<\/li>\n<li>Bobine de 10 m\u00e8tres de tresse renforc\u00e9e ronde blanche et grise en fibre de verre pour po\u00eales et chemin\u00e9es<\/li>\n<li>Bobine de 50 m\u00e8tres de tresse ronde renforc\u00e9e blanche et grise en fibre de verre pour po\u00eales et chemin\u00e9es<\/li>\n<\/ul>","protected":false},"featured_media":25418,"comment_status":"open","ping_status":"closed","template":"","meta":[],"product_brand":[],"product_cat":[1343,839],"product_tag":[],"class_list":{"0":"post-19231","1":"product","2":"type-product","3":"status-publish","4":"has-post-thumbnail","6":"product_cat-joints-detancheite-pour-poele-et-cheminees","7":"product_cat-pieces-de-rechange-divers-poeles-et-chaudieres","8":"product_shipping_class-classe-di-spedizione-01","10":"first","11":"instock","12":"shipping-taxable","13":"purchasable","14":"product-type-variable"},"yoast_head":"<!-- This site is optimized with the Yoast SEO plugin v27.4 - https:\/\/yoast.com\/product\/yoast-seo-wordpress\/ -->\n<title>Tresse ronde renforc\u00e9e en fibre de verre pour po\u00eales et chemin\u00e9es<\/title>\n<meta name=\"description\" content=\"Tresse ronde renforc\u00e9e en fibre de verre pour po\u00eales et chemin\u00e9es - Bas adh\u00e9sif en fibre de verre - Tresse pour po\u00eale \u00e0 pellets - Tresse pour chemin\u00e9es \u00e0 bois - Tresse pour foyers \u00e0 bois - Tresse pour inserts \u00e0 bois - Tresse pour portes po\u00eales inserts \u00e0 bois - Joint pour portes po\u00eales inserts \u00e0 bois Joint pour portes chaudi\u00e8res et radiateurs \u00e0 pellets\" \/>\n<meta name=\"robots\" content=\"index, follow, max-snippet:-1, max-image-preview:large, max-video-preview:-1\" \/>\n<link rel=\"canonical\" href=\"https:\/\/www.amrtop.com\/B2B\/prodotto\/treccia-rinforzata-in-bobina-da-50-mt\/\" \/>\n<meta property=\"og:locale\" content=\"es_ES\" \/>\n<meta property=\"og:type\" content=\"article\" \/>\n<meta property=\"og:title\" content=\"Tresse ronde renforc\u00e9e en fibre de verre pour po\u00eales et chemin\u00e9es\" \/>\n<meta property=\"og:description\" content=\"Tresse ronde renforc\u00e9e en fibre de verre pour po\u00eales et chemin\u00e9es - Bas adh\u00e9sif en fibre de verre - Tresse pour po\u00eale \u00e0 pellets - Tresse pour chemin\u00e9es \u00e0 bois - Tresse pour foyers \u00e0 bois - Tresse pour inserts \u00e0 bois - Tresse pour portes po\u00eales inserts \u00e0 bois - Joint pour portes po\u00eales inserts \u00e0 bois Joint pour portes chaudi\u00e8res et radiateurs \u00e0 pellets\" \/>\n<meta property=\"og:url\" content=\"https:\/\/www.amrtop.com\/B2B\/prodotto\/treccia-rinforzata-in-bobina-da-50-mt\/\" \/>\n<meta property=\"og:site_name\" content=\"AMRTOP B2B \u00c9tranger - Achats r\u00e9serv\u00e9s au professionnel\" \/>\n<meta property=\"article:modified_time\" content=\"2023-08-03T09:04:16+00:00\" \/>\n<meta property=\"og:image\" content=\"https:\/\/amrtop.net\/wp-content\/uploads\/2021\/09\/TRECCIA-RINFORZATA.jpg\" \/>\n\t<meta property=\"og:image:width\" content=\"640\" \/>\n\t<meta property=\"og:image:height\" content=\"640\" \/>\n\t<meta property=\"og:image:type\" content=\"image\/jpeg\" \/>\n<meta name=\"twitter:card\" content=\"summary_large_image\" \/>\n<meta name=\"twitter:label1\" content=\"Tiempo de lectura\" \/>\n\t<meta name=\"twitter:data1\" content=\"1 minuto\" \/>\n<script type=\"application\/ld+json\" class=\"yoast-schema-graph\">{\"@context\":\"https:\\\/\\\/schema.org\",\"@graph\":[{\"@type\":\"WebPage\",\"@id\":\"https:\\\/\\\/amrtop.net\\\/produit\\\/tresse-ronde-renforcee-en-fibre-de-verre-pour-poeles-et-cheminees\\\/\",\"url\":\"https:\\\/\\\/www.amrtop.com\\\/B2B\\\/prodotto\\\/treccia-rinforzata-in-bobina-da-50-mt\\\/\",\"name\":\"Tresse ronde renforc\u00e9e en fibre de verre pour po\u00eales et chemin\u00e9es\",\"isPartOf\":{\"@id\":\"https:\\\/\\\/amrtop.net\\\/#website\"},\"primaryImageOfPage\":{\"@id\":\"https:\\\/\\\/www.amrtop.com\\\/B2B\\\/prodotto\\\/treccia-rinforzata-in-bobina-da-50-mt\\\/#primaryimage\"},\"image\":{\"@id\":\"https:\\\/\\\/www.amrtop.com\\\/B2B\\\/prodotto\\\/treccia-rinforzata-in-bobina-da-50-mt\\\/#primaryimage\"},\"thumbnailUrl\":\"https:\\\/\\\/amrtop.net\\\/wp-content\\\/uploads\\\/2021\\\/09\\\/TRECCIA-RINFORZATA.jpg\",\"datePublished\":\"2021-09-03T08:33:38+00:00\",\"dateModified\":\"2023-08-03T09:04:16+00:00\",\"description\":\"Tresse ronde renforc\u00e9e en fibre de verre pour po\u00eales et chemin\u00e9es - Bas adh\u00e9sif en fibre de verre - Tresse pour po\u00eale \u00e0 pellets - Tresse pour chemin\u00e9es \u00e0 bois - Tresse pour foyers \u00e0 bois - Tresse pour inserts \u00e0 bois - Tresse pour portes po\u00eales inserts \u00e0 bois - Joint pour portes po\u00eales inserts \u00e0 bois Joint pour portes chaudi\u00e8res et radiateurs \u00e0 pellets\",\"breadcrumb\":{\"@id\":\"https:\\\/\\\/www.amrtop.com\\\/B2B\\\/prodotto\\\/treccia-rinforzata-in-bobina-da-50-mt\\\/#breadcrumb\"},\"inLanguage\":\"es\",\"potentialAction\":[{\"@type\":\"ReadAction\",\"target\":[\"https:\\\/\\\/www.amrtop.com\\\/B2B\\\/prodotto\\\/treccia-rinforzata-in-bobina-da-50-mt\\\/\"]}]},{\"@type\":\"ImageObject\",\"inLanguage\":\"es\",\"@id\":\"https:\\\/\\\/www.amrtop.com\\\/B2B\\\/prodotto\\\/treccia-rinforzata-in-bobina-da-50-mt\\\/#primaryimage\",\"url\":\"https:\\\/\\\/amrtop.net\\\/wp-content\\\/uploads\\\/2021\\\/09\\\/TRECCIA-RINFORZATA.jpg\",\"contentUrl\":\"https:\\\/\\\/amrtop.net\\\/wp-content\\\/uploads\\\/2021\\\/09\\\/TRECCIA-RINFORZATA.jpg\",\"width\":640,\"height\":640,\"caption\":\"Tresse ronde renforc\u00e9e en fibre de verre pour po\u00eales et chemin\u00e9es - Bas adh\u00e9sif en fibre de verre - Tresse pour po\u00eale \u00e0 pellets - Tresse pour chemin\u00e9es \u00e0 bois - Tresse pour foyers \u00e0 bois - Tresse pour inserts \u00e0 bois - Tresse pour portes po\u00eales inserts \u00e0 bois - Joint pour portes po\u00eales inserts \u00e0 bois Joint pour portes chaudi\u00e8res et radiateurs \u00e0 pellets\"},{\"@type\":\"BreadcrumbList\",\"@id\":\"https:\\\/\\\/www.amrtop.com\\\/B2B\\\/prodotto\\\/treccia-rinforzata-in-bobina-da-50-mt\\\/#breadcrumb\",\"itemListElement\":[{\"@type\":\"ListItem\",\"position\":1,\"name\":\"Home\",\"item\":\"https:\\\/\\\/amrtop.net\\\/\"},{\"@type\":\"ListItem\",\"position\":2,\"name\":\"Shop\",\"item\":\"https:\\\/\\\/amrtop.net\\\/negozio\\\/\"},{\"@type\":\"ListItem\",\"position\":3,\"name\":\"Tresse ronde renforc\u00e9e en fibre de verre pour po\u00eales et chemin\u00e9es en kit et bobines\"}]},{\"@type\":\"WebSite\",\"@id\":\"https:\\\/\\\/amrtop.net\\\/#website\",\"url\":\"https:\\\/\\\/amrtop.net\\\/\",\"name\":\"AMRTOP B2B \u00c9tranger - Achats r\u00e9serv\u00e9s au professionnel\",\"description\":\"Pi\u00e8ces de rechange et accessoires pour po\u00eales et chaudi\u00e8res - eCommerce B2B pour Clients Professionnels\",\"potentialAction\":[{\"@type\":\"SearchAction\",\"target\":{\"@type\":\"EntryPoint\",\"urlTemplate\":\"https:\\\/\\\/amrtop.net\\\/?s={search_term_string}\"},\"query-input\":{\"@type\":\"PropertyValueSpecification\",\"valueRequired\":true,\"valueName\":\"search_term_string\"}}],\"inLanguage\":\"es\"}]}<\/script>\n<!-- \/ Yoast SEO plugin. -->","yoast_head_json":{"title":"Tresse ronde renforc\u00e9e en fibre de verre pour po\u00eales et chemin\u00e9es","description":"Trenza redonda reforzada con fibra de vidrio para estufas y chimeneas - Media adhesiva de fibra de vidrio - Trenza para estufas de pellets - Trenza para chimeneas de le\u00f1a - Trenza para chimeneas de le\u00f1a - Trenza para insertos de le\u00f1a - Trenza para puertas de insertos de le\u00f1a - Junta para puertas de insertos de le\u00f1a Junta para puertas de calderas de pellets y radiadores","robots":{"index":"index","follow":"follow","max-snippet":"max-snippet:-1","max-image-preview":"max-image-preview:large","max-video-preview":"max-video-preview:-1"},"canonical":"https:\/\/www.amrtop.com\/B2B\/prodotto\/treccia-rinforzata-in-bobina-da-50-mt\/","og_locale":"es_ES","og_type":"article","og_title":"Tresse ronde renforc\u00e9e en fibre de verre pour po\u00eales et chemin\u00e9es","og_description":"Tresse ronde renforc\u00e9e en fibre de verre pour po\u00eales et chemin\u00e9es - Bas adh\u00e9sif en fibre de verre - Tresse pour po\u00eale \u00e0 pellets - Tresse pour chemin\u00e9es \u00e0 bois - Tresse pour foyers \u00e0 bois - Tresse pour inserts \u00e0 bois - Tresse pour portes po\u00eales inserts \u00e0 bois - Joint pour portes po\u00eales inserts \u00e0 bois Joint pour portes chaudi\u00e8res et radiateurs \u00e0 pellets","og_url":"https:\/\/www.amrtop.com\/B2B\/prodotto\/treccia-rinforzata-in-bobina-da-50-mt\/","og_site_name":"AMRTOP B2B \u00c9tranger - Achats r\u00e9serv\u00e9s au professionnel","article_modified_time":"2023-08-03T09:04:16+00:00","og_image":[{"width":640,"height":640,"url":"https:\/\/amrtop.net\/wp-content\/uploads\/2021\/09\/TRECCIA-RINFORZATA.jpg","type":"image\/jpeg"}],"twitter_card":"summary_large_image","twitter_misc":{"Tiempo de lectura":"1 minuto"},"schema":{"@context":"https:\/\/schema.org","@graph":[{"@type":"WebPage","@id":"https:\/\/amrtop.net\/produit\/tresse-ronde-renforcee-en-fibre-de-verre-pour-poeles-et-cheminees\/","url":"https:\/\/www.amrtop.com\/B2B\/prodotto\/treccia-rinforzata-in-bobina-da-50-mt\/","name":"Tresse ronde renforc\u00e9e en fibre de verre pour po\u00eales et chemin\u00e9es","isPartOf":{"@id":"https:\/\/amrtop.net\/#website"},"primaryImageOfPage":{"@id":"https:\/\/www.amrtop.com\/B2B\/prodotto\/treccia-rinforzata-in-bobina-da-50-mt\/#primaryimage"},"image":{"@id":"https:\/\/www.amrtop.com\/B2B\/prodotto\/treccia-rinforzata-in-bobina-da-50-mt\/#primaryimage"},"thumbnailUrl":"https:\/\/amrtop.net\/wp-content\/uploads\/2021\/09\/TRECCIA-RINFORZATA.jpg","datePublished":"2021-09-03T08:33:38+00:00","dateModified":"2023-08-03T09:04:16+00:00","description":"Trenza redonda reforzada con fibra de vidrio para estufas y chimeneas - Media adhesiva de fibra de vidrio - Trenza para estufas de pellets - Trenza para chimeneas de le\u00f1a - Trenza para chimeneas de le\u00f1a - Trenza para insertos de le\u00f1a - Trenza para puertas de insertos de le\u00f1a - Junta para puertas de insertos de le\u00f1a Junta para puertas de calderas de pellets y radiadores","breadcrumb":{"@id":"https:\/\/www.amrtop.com\/B2B\/prodotto\/treccia-rinforzata-in-bobina-da-50-mt\/#breadcrumb"},"inLanguage":"es","potentialAction":[{"@type":"ReadAction","target":["https:\/\/www.amrtop.com\/B2B\/prodotto\/treccia-rinforzata-in-bobina-da-50-mt\/"]}]},{"@type":"ImageObject","inLanguage":"es","@id":"https:\/\/www.amrtop.com\/B2B\/prodotto\/treccia-rinforzata-in-bobina-da-50-mt\/#primaryimage","url":"https:\/\/amrtop.net\/wp-content\/uploads\/2021\/09\/TRECCIA-RINFORZATA.jpg","contentUrl":"https:\/\/amrtop.net\/wp-content\/uploads\/2021\/09\/TRECCIA-RINFORZATA.jpg","width":640,"height":640,"caption":"Tresse ronde renforc\u00e9e en fibre de verre pour po\u00eales et chemin\u00e9es - Bas adh\u00e9sif en fibre de verre - Tresse pour po\u00eale \u00e0 pellets - Tresse pour chemin\u00e9es \u00e0 bois - Tresse pour foyers \u00e0 bois - Tresse pour inserts \u00e0 bois - Tresse pour portes po\u00eales inserts \u00e0 bois - Joint pour portes po\u00eales inserts \u00e0 bois Joint pour portes chaudi\u00e8res et radiateurs \u00e0 pellets"},{"@type":"BreadcrumbList","@id":"https:\/\/www.amrtop.com\/B2B\/prodotto\/treccia-rinforzata-in-bobina-da-50-mt\/#breadcrumb","itemListElement":[{"@type":"ListItem","position":1,"name":"Home","item":"https:\/\/amrtop.net\/"},{"@type":"ListItem","position":2,"name":"Shop","item":"https:\/\/amrtop.net\/negozio\/"},{"@type":"ListItem","position":3,"name":"Tresse ronde renforc\u00e9e en fibre de verre pour po\u00eales et chemin\u00e9es en kit et bobines"}]},{"@type":"WebSite","@id":"https:\/\/amrtop.net\/#website","url":"https:\/\/amrtop.net\/","name":"AMRTOP B2B Abroad - Compras reservadas a los profesionales","description":"Recambios y accesorios para estufas y calderas - Comercio electr\u00f3nico B2B para profesionales","potentialAction":[{"@type":"SearchAction","target":{"@type":"EntryPoint","urlTemplate":"https:\/\/amrtop.net\/?s={search_term_string}"},"query-input":{"@type":"PropertyValueSpecification","valueRequired":true,"valueName":"search_term_string"}}],"inLanguage":"es"}]}},"_links":{"self":[{"href":"https:\/\/amrtop.net\/es\/wp-json\/wp\/v2\/product\/19231","targetHints":{"allow":["GET"]}}],"collection":[{"href":"https:\/\/amrtop.net\/es\/wp-json\/wp\/v2\/product"}],"about":[{"href":"https:\/\/amrtop.net\/es\/wp-json\/wp\/v2\/types\/product"}],"replies":[{"embeddable":true,"href":"https:\/\/amrtop.net\/es\/wp-json\/wp\/v2\/comments?post=19231"}],"wp:featuredmedia":[{"embeddable":true,"href":"https:\/\/amrtop.net\/es\/wp-json\/wp\/v2\/media\/25418"}],"wp:attachment":[{"href":"https:\/\/amrtop.net\/es\/wp-json\/wp\/v2\/media?parent=19231"}],"wp:term":[{"taxonomy":"product_brand","embeddable":true,"href":"https:\/\/amrtop.net\/es\/wp-json\/wp\/v2\/product_brand?post=19231"},{"taxonomy":"product_cat","embeddable":true,"href":"https:\/\/amrtop.net\/es\/wp-json\/wp\/v2\/product_cat?post=19231"},{"taxonomy":"product_tag","embeddable":true,"href":"https:\/\/amrtop.net\/es\/wp-json\/wp\/v2\/product_tag?post=19231"}],"curies":[{"name":"wp","href":"https:\/\/api.w.org\/{rel}","templated":true}]}}