{"id":19509,"date":"2020-01-10T00:00:00","date_gmt":"2020-01-10T00:00:00","guid":{"rendered":"https:\/\/amrtop.com\/B2B\/?post_type=product&#038;p=19509"},"modified":"2023-05-28T13:06:33","modified_gmt":"2023-05-28T13:06:33","slug":"bujia-con-tubo-transportador-de-aire-o-tubo-de-30-mm","status":"publish","type":"product","link":"https:\/\/amrtop.net\/es\/produit\/bougie-avec-tube-de-convoyeur-dair-o-tube-30-mm\/","title":{"rendered":"Vela con tubo de transporte de aire \u00f8 tubo 30 mm - 280 vatios - longitud total 170 mm - C\u00f3digo ELK60023"},"content":{"rendered":"<hr \/>\n<h3>Buj\u00eda con tubo de transporte de aire \u00f8 tubo 30 mm<\/h3>\n<p>Amrtop ofrece una gama completa de calentadores especiales con diferentes longitudes, di\u00e1metros, con o sin brida, con conexiones 3\/8 y lineales.<\/p>\n<p>Son del tipo de alta densidad de potencia con tecnolog\u00eda Ultramax SC400 y pertenecen a la nueva generaci\u00f3n de resistencias el\u00e9ctricas, ya que permiten utilizar altas cargas de vatios en espacios muy concentrados.<\/p>\n<p>Garantizan una gran fiabilidad incluso en las condiciones de trabajo m\u00e1s dif\u00edciles.<\/p>\n<p>Esto es posible gracias a la tecnolog\u00eda de construcci\u00f3n especial que hace de estos aparatos la expresi\u00f3n m\u00e1s avanzada de los elementos calefactores.<\/p>\n<p>El hilo, enrollado sobre un n\u00facleo de \u00f3xido de magnesio, se encuentra en una posici\u00f3n perif\u00e9rica muy pr\u00f3xima a la vaina met\u00e1lica durante todo su desarrollo.<\/p>\n<p>Una pared aislante muy fina y muy comprimida proporciona un intercambio de calor muy eficaz, manteniendo la temperatura del hilo de resistencia mucho m\u00e1s baja que en otros calentadores en los que el hilo est\u00e1 en una posici\u00f3n m\u00e1s profunda.<\/p>\n<h3>Utilizaci\u00f3n de la buj\u00eda con tubo de transporte de aire \u00f8 tubo 30 mm<\/h3>\n<p>Los calentadores especiales, resistencias o cartuchos de encendido tubo de 30 mm - 280 vatios - 170 mm de longitud de tubo - C\u00f3digo ELK60023 comercializados por Amrtop para estufas y calderas de pellets, se utilizan en el sector de la calefacci\u00f3n de biomasa para pellets, astillas de madera y... se instalan en estufas y calderas de pellets para encender el combustible indirectamente a trav\u00e9s del aire o directamente.<\/p>\n<h3>Buj\u00eda especial \u00f8 30 mm tubo<\/h3>\n<h3>Ventajas :<\/h3>\n<p>\u00bfQu\u00e9 ventajas ofrecen las buj\u00edas de incandescencia, las resistencias o los cartuchos de encendido especiales de<\/p>\n<ul>\n<li>M\u00e1xima seguridad (sin riesgo de sobrecalentamiento, cortocircuito o incendio)<\/li>\n<li>Toda la longitud puede utilizarse como elemento calefactor.<\/li>\n<li>Mejor circulaci\u00f3n y menor tiempo para alcanzar la temperatura de funcionamiento, lo que se traduce en un menor consumo el\u00e9ctrico.<\/li>\n<\/ul>\n<h3>Tecnolog\u00eda SC400 ultramax<\/h3>\n<p>Ultramax SC 400, es un cartucho con un sellado absolutamente herm\u00e9tico, compatible con altas temperaturas con un proceso de ciclo controlado, se funde en el cabezal calefactor formando un sellado coherente a las superficies met\u00e1licas a nivel molecular.<\/p>\n<p>El uso de cartuchos ULTRAMAX SC400 es esencial en todos los casos, ya sea para una alta seguridad y fiabilidad, o para su uso en equipos electrom\u00e9dicos, herramientas manuales, aplicaciones aeron\u00e1uticas, espaciales, at\u00f3micas, quir\u00fargicas o militares.<\/p>\n<h3>Interior<\/h3>\n<p><a href=\"https:\/\/wekos.it\/\">Estufas, cocinas y cocinas de le\u00f1a<\/a>\u00a0-\u00a0<a href=\"https:\/\/www.greenpuros.com\/\">chimeneas, estufas y calderas de pellets.<\/a><\/p>\n<h3>Gama Amrtop de recambios y accesorios<\/h3>\n<p><a href=\"https:\/\/amrtop.net\/es\/categoria-de-productos\/recambios-miscelaneos-cocinas-y-calderas-2\/bougies-dallumage-pour-poeles-et-chaudieres-a-pellets\/\">Calentadores<\/a><\/p>\n<p><a href=\"https:\/\/amrtop.net\/es\/categoria-de-productos\/recambios-miscelaneos-cocinas-y-calderas-2\/electronique\/\">Electr\u00f3nica<\/a><\/p>\n<p><a href=\"https:\/\/amrtop.net\/es\/categoria-de-productos\/recambios-miscelaneos-cocinas-y-calderas-2\/extracteurs-de-fumee\/\">Extractores de humo<\/a><\/p>\n<p><a href=\"https:\/\/amrtop.net\/es\/categoria-de-productos\/recambios-miscelaneos-cocinas-y-calderas-2\/gaines-cable-connecteurs\/\">Fundas de cables de conexi\u00f3n<\/a><\/p>\n<p><a href=\"https:\/\/amrtop.net\/es\/categoria-de-productos\/recambios-miscelaneos-cocinas-y-calderas-2\/joints-de-silicone\/\">Juntas de silicona<\/a><\/p>\n<p><a href=\"https:\/\/amrtop.net\/es\/categoria-de-productos\/recambios-miscelaneos-cocinas-y-calderas-2\/motoreducteurs\/\">Motorreductores<\/a><\/p>\n<p><a href=\"https:\/\/amrtop.net\/es\/categoria-de-productos\/recambios-miscelaneos-cocinas-y-calderas-2\/pressostats-et-transducteurs\/\">Presostatos y transductores<\/a><\/p>\n<p><a href=\"https:\/\/amrtop.net\/es\/categoria-de-productos\/recambios-miscelaneos-cocinas-y-calderas-2\/sondes-thermostats-manometres-thermometres\/\">Sondas termostatos man\u00f3metros term\u00f3metros<\/a><\/p>\n<p><a href=\"https:\/\/amrtop.net\/es\/categoria-de-productos\/recambios-miscelaneos-cocinas-y-calderas-2\/joints-detancheite\/\">Sellado de trenzas<\/a><\/p>\n<p><a href=\"https:\/\/amrtop.net\/es\/categoria-de-productos\/recambios-miscelaneos-cocinas-y-calderas-2\/ventilateurs-centrifuges-pour-poeles-a-pellets\/\">Ventiladores centr\u00edfugos<\/a><\/p>\n<p><a href=\"https:\/\/amrtop.net\/es\/categoria-de-productos\/recambios-miscelaneos-cocinas-y-calderas-2\/ventilateurs-tangentiels-flux-transversal\/\">Ventiladores de flujo cruzado<\/a><\/p>\n<p><a href=\"https:\/\/amrtop.net\/es\/categoria-de-productos\/recambios-miscelaneos-cocinas-y-calderas-2\/adhesifs-et-produits-detancheite\/\">Colas y selladores<\/a><\/p>","protected":false},"excerpt":{"rendered":"<hr \/>\n<div class=\"woocommerce-product-details__short-description\">\n<h2><span style=\"color: #008000\">Disponible en<\/span><\/h2>\n<hr \/>\n<h3>Vela especial \u00f8 tubo 30 mm - 280 vatios<\/h3>\n<p>C\u00f3digo ELK60023<\/p>\n<p>Tubo: \u00f8 30 mm<br \/>\nLongitud del tubo: 170 mm<br \/>\nBuj\u00eda: \u00f8 12,5 mm<br \/>\nLongitud de la buj\u00eda: 170 mm<br \/>\nPotencia: 280 W<br \/>\nLongitud del cable: 500 mm<\/p>\n<h3>Compatibilidad<\/h3>\n<hr \/>\n<h3>Buj\u00edas-resistencias-cartuchos de encendido compatibles con los siguientes modelos de estufas de pellets Palazzetti:<\/h3>\n<p>Alice, Angelica, Camilla 12 kw, Carla 12 kw, Carlotta, Cristina 12 kw, Ecofire 12 kw da rivestimento, Isabella V10, Jessica 12 kw, Letizia, Marisa N100, Marisa V1, Michela, Nadia 12 kw, Tracy, Tracy N100,Tracy V1<\/p>\n<hr \/>\n<h3>Buj\u00edas-resistencias-cartuchos de encendido compatibles con los siguientes modelos de estufas de pellets Royal:<\/h3>\n<p>Para los modelos de estufas de pellets Royal: Air 120, Antonella, Antonella N100, Fabiana AIR 120, Floriana AIR 120, Monoblocco a pellet CANALIZZ. 12 kw , Klima 12, Klima 12\/N<\/p>\n<\/div>","protected":false},"featured_media":34690,"comment_status":"open","ping_status":"closed","template":"","meta":[],"product_brand":[],"product_cat":[853,840,839],"product_tag":[145],"class_list":{"0":"post-19509","1":"product","2":"type-product","3":"status-publish","4":"has-post-thumbnail","6":"product_cat-bougies-dallumage-speciales","7":"product_cat-bougies-dallumage-pour-poeles-et-chaudieres-a-pellets","8":"product_cat-pieces-de-rechange-divers-poeles-et-chaudieres","9":"product_tag-envirofire","10":"product_shipping_class-classe-di-spedizione-01","12":"first","13":"instock","14":"shipping-taxable","15":"purchasable","16":"product-type-simple"},"yoast_head":"<!-- This site is optimized with the Yoast SEO plugin v27.4 - https:\/\/yoast.com\/product\/yoast-seo-wordpress\/ -->\n<title>Bougie avec tube de convoyeur d\u2019air \u00f8 tube 30 mm<\/title>\n<meta name=\"description\" content=\"Bougie avec tube de convoyeur d\u2019air \u00f8 tube 30 mm - r\u00e9sistance \u00e0 l\u2019allumage sp\u00e9ciale avec raccord en c\u00e9ramique - tube de convoyeur d\u2019air avec bride - pour po\u00eale et chaudi\u00e8re \u00e0 pellets -syst\u00e8me d\u2019allumage pour appareils \u00e0 pellets - allumeur \u00e0 bougie pour pellets\" \/>\n<meta name=\"robots\" content=\"index, follow, max-snippet:-1, max-image-preview:large, max-video-preview:-1\" \/>\n<link rel=\"canonical\" href=\"https:\/\/amrtop.net\/es\/producto\/bujia-con-tubo-transportador-de-aire-o-tubo-de-30-mm\/\" \/>\n<meta property=\"og:locale\" content=\"es_ES\" \/>\n<meta property=\"og:type\" content=\"article\" \/>\n<meta property=\"og:title\" content=\"Bougie avec tube de convoyeur d\u2019air \u00f8 tube 30 mm\" \/>\n<meta property=\"og:description\" content=\"Bougie avec tube de convoyeur d\u2019air \u00f8 tube 30 mm - r\u00e9sistance \u00e0 l\u2019allumage sp\u00e9ciale avec raccord en c\u00e9ramique - tube de convoyeur d\u2019air avec bride - pour po\u00eale et chaudi\u00e8re \u00e0 pellets -syst\u00e8me d\u2019allumage pour appareils \u00e0 pellets - allumeur \u00e0 bougie pour pellets\" \/>\n<meta property=\"og:url\" content=\"https:\/\/amrtop.net\/es\/producto\/bujia-con-tubo-transportador-de-aire-o-tubo-de-30-mm\/\" \/>\n<meta property=\"og:site_name\" content=\"AMRTOP B2B \u00c9tranger - Achats r\u00e9serv\u00e9s au professionnel\" \/>\n<meta property=\"article:modified_time\" content=\"2023-05-28T13:06:33+00:00\" \/>\n<meta property=\"og:image\" content=\"https:\/\/amrtop.net\/wp-content\/uploads\/2020\/01\/elk60023.jpg\" \/>\n\t<meta property=\"og:image:width\" content=\"960\" \/>\n\t<meta property=\"og:image:height\" content=\"960\" \/>\n\t<meta property=\"og:image:type\" content=\"image\/jpeg\" \/>\n<meta name=\"twitter:card\" content=\"summary_large_image\" \/>\n<meta name=\"twitter:label1\" content=\"Tiempo de lectura\" \/>\n\t<meta name=\"twitter:data1\" content=\"1 minuto\" \/>\n<script type=\"application\/ld+json\" class=\"yoast-schema-graph\">{\"@context\":\"https:\\\/\\\/schema.org\",\"@graph\":[{\"@type\":\"WebPage\",\"@id\":\"https:\\\/\\\/amrtop.net\\\/produit\\\/bougie-avec-tube-de-convoyeur-dair-o-tube-30-mm\\\/\",\"url\":\"https:\\\/\\\/amrtop.net\\\/produit\\\/bougie-avec-tube-de-convoyeur-dair-o-tube-30-mm\\\/\",\"name\":\"Bougie avec tube de convoyeur d\u2019air \u00f8 tube 30 mm\",\"isPartOf\":{\"@id\":\"https:\\\/\\\/amrtop.net\\\/#website\"},\"primaryImageOfPage\":{\"@id\":\"https:\\\/\\\/amrtop.net\\\/produit\\\/bougie-avec-tube-de-convoyeur-dair-o-tube-30-mm\\\/#primaryimage\"},\"image\":{\"@id\":\"https:\\\/\\\/amrtop.net\\\/produit\\\/bougie-avec-tube-de-convoyeur-dair-o-tube-30-mm\\\/#primaryimage\"},\"thumbnailUrl\":\"https:\\\/\\\/amrtop.net\\\/wp-content\\\/uploads\\\/2020\\\/01\\\/elk60023.jpg\",\"datePublished\":\"2020-01-10T00:00:00+00:00\",\"dateModified\":\"2023-05-28T13:06:33+00:00\",\"description\":\"Bougie avec tube de convoyeur d\u2019air \u00f8 tube 30 mm - r\u00e9sistance \u00e0 l\u2019allumage sp\u00e9ciale avec raccord en c\u00e9ramique - tube de convoyeur d\u2019air avec bride - pour po\u00eale et chaudi\u00e8re \u00e0 pellets -syst\u00e8me d\u2019allumage pour appareils \u00e0 pellets - allumeur \u00e0 bougie pour pellets\",\"breadcrumb\":{\"@id\":\"https:\\\/\\\/amrtop.net\\\/produit\\\/bougie-avec-tube-de-convoyeur-dair-o-tube-30-mm\\\/#breadcrumb\"},\"inLanguage\":\"es\",\"potentialAction\":[{\"@type\":\"ReadAction\",\"target\":[\"https:\\\/\\\/amrtop.net\\\/produit\\\/bougie-avec-tube-de-convoyeur-dair-o-tube-30-mm\\\/\"]}]},{\"@type\":\"ImageObject\",\"inLanguage\":\"es\",\"@id\":\"https:\\\/\\\/amrtop.net\\\/produit\\\/bougie-avec-tube-de-convoyeur-dair-o-tube-30-mm\\\/#primaryimage\",\"url\":\"https:\\\/\\\/amrtop.net\\\/wp-content\\\/uploads\\\/2020\\\/01\\\/elk60023.jpg\",\"contentUrl\":\"https:\\\/\\\/amrtop.net\\\/wp-content\\\/uploads\\\/2020\\\/01\\\/elk60023.jpg\",\"width\":960,\"height\":960,\"caption\":\"Bougie avec tube de convoyeur d\u2019air \u00f8 tube 30 mm - r\u00e9sistance \u00e0 l\u2019allumage sp\u00e9ciale avec raccord en c\u00e9ramique - tube de convoyeur d\u2019air avec bride - pour po\u00eale et chaudi\u00e8re \u00e0 pellets -syst\u00e8me d\u2019allumage pour appareils \u00e0 pellets - allumeur \u00e0 bougie pour pellets\"},{\"@type\":\"BreadcrumbList\",\"@id\":\"https:\\\/\\\/amrtop.net\\\/produit\\\/bougie-avec-tube-de-convoyeur-dair-o-tube-30-mm\\\/#breadcrumb\",\"itemListElement\":[{\"@type\":\"ListItem\",\"position\":1,\"name\":\"Home\",\"item\":\"https:\\\/\\\/amrtop.net\\\/\"},{\"@type\":\"ListItem\",\"position\":2,\"name\":\"Shop\",\"item\":\"https:\\\/\\\/amrtop.net\\\/negozio\\\/\"},{\"@type\":\"ListItem\",\"position\":3,\"name\":\"Bougie avec tube de convoyeur d\u2019air \u00f8 tube 30 mm \u2013 280 Watt \u2013 longueur totale 170 mm \u2013 Code ELK60023\"}]},{\"@type\":\"WebSite\",\"@id\":\"https:\\\/\\\/amrtop.net\\\/#website\",\"url\":\"https:\\\/\\\/amrtop.net\\\/\",\"name\":\"AMRTOP B2B \u00c9tranger - Achats r\u00e9serv\u00e9s au professionnel\",\"description\":\"Pi\u00e8ces de rechange et accessoires pour po\u00eales et chaudi\u00e8res - eCommerce B2B pour Clients Professionnels\",\"potentialAction\":[{\"@type\":\"SearchAction\",\"target\":{\"@type\":\"EntryPoint\",\"urlTemplate\":\"https:\\\/\\\/amrtop.net\\\/?s={search_term_string}\"},\"query-input\":{\"@type\":\"PropertyValueSpecification\",\"valueRequired\":true,\"valueName\":\"search_term_string\"}}],\"inLanguage\":\"es\"}]}<\/script>\n<!-- \/ Yoast SEO plugin. -->","yoast_head_json":{"title":"Buj\u00eda con tubo de transporte de aire \u00f8 tubo 30 mm","description":"Bougie avec tube de convoyeur d\u2019air \u00f8 tube 30 mm - r\u00e9sistance \u00e0 l\u2019allumage sp\u00e9ciale avec raccord en c\u00e9ramique - tube de convoyeur d\u2019air avec bride - pour po\u00eale et chaudi\u00e8re \u00e0 pellets -syst\u00e8me d\u2019allumage pour appareils \u00e0 pellets - allumeur \u00e0 bougie pour pellets","robots":{"index":"index","follow":"follow","max-snippet":"max-snippet:-1","max-image-preview":"max-image-preview:large","max-video-preview":"max-video-preview:-1"},"canonical":"https:\/\/amrtop.net\/es\/producto\/bujia-con-tubo-transportador-de-aire-o-tubo-de-30-mm\/","og_locale":"es_ES","og_type":"article","og_title":"Bougie avec tube de convoyeur d\u2019air \u00f8 tube 30 mm","og_description":"Bougie avec tube de convoyeur d\u2019air \u00f8 tube 30 mm - r\u00e9sistance \u00e0 l\u2019allumage sp\u00e9ciale avec raccord en c\u00e9ramique - tube de convoyeur d\u2019air avec bride - pour po\u00eale et chaudi\u00e8re \u00e0 pellets -syst\u00e8me d\u2019allumage pour appareils \u00e0 pellets - allumeur \u00e0 bougie pour pellets","og_url":"https:\/\/amrtop.net\/es\/producto\/bujia-con-tubo-transportador-de-aire-o-tubo-de-30-mm\/","og_site_name":"AMRTOP B2B \u00c9tranger - Achats r\u00e9serv\u00e9s au professionnel","article_modified_time":"2023-05-28T13:06:33+00:00","og_image":[{"width":960,"height":960,"url":"https:\/\/amrtop.net\/wp-content\/uploads\/2020\/01\/elk60023.jpg","type":"image\/jpeg"}],"twitter_card":"summary_large_image","twitter_misc":{"Tiempo de lectura":"1 minuto"},"schema":{"@context":"https:\/\/schema.org","@graph":[{"@type":"WebPage","@id":"https:\/\/amrtop.net\/produit\/bougie-avec-tube-de-convoyeur-dair-o-tube-30-mm\/","url":"https:\/\/amrtop.net\/produit\/bougie-avec-tube-de-convoyeur-dair-o-tube-30-mm\/","name":"Buj\u00eda con tubo de transporte de aire \u00f8 tubo 30 mm","isPartOf":{"@id":"https:\/\/amrtop.net\/#website"},"primaryImageOfPage":{"@id":"https:\/\/amrtop.net\/produit\/bougie-avec-tube-de-convoyeur-dair-o-tube-30-mm\/#primaryimage"},"image":{"@id":"https:\/\/amrtop.net\/produit\/bougie-avec-tube-de-convoyeur-dair-o-tube-30-mm\/#primaryimage"},"thumbnailUrl":"https:\/\/amrtop.net\/wp-content\/uploads\/2020\/01\/elk60023.jpg","datePublished":"2020-01-10T00:00:00+00:00","dateModified":"2023-05-28T13:06:33+00:00","description":"Bougie avec tube de convoyeur d\u2019air \u00f8 tube 30 mm - r\u00e9sistance \u00e0 l\u2019allumage sp\u00e9ciale avec raccord en c\u00e9ramique - tube de convoyeur d\u2019air avec bride - pour po\u00eale et chaudi\u00e8re \u00e0 pellets -syst\u00e8me d\u2019allumage pour appareils \u00e0 pellets - allumeur \u00e0 bougie pour pellets","breadcrumb":{"@id":"https:\/\/amrtop.net\/produit\/bougie-avec-tube-de-convoyeur-dair-o-tube-30-mm\/#breadcrumb"},"inLanguage":"es","potentialAction":[{"@type":"ReadAction","target":["https:\/\/amrtop.net\/produit\/bougie-avec-tube-de-convoyeur-dair-o-tube-30-mm\/"]}]},{"@type":"ImageObject","inLanguage":"es","@id":"https:\/\/amrtop.net\/produit\/bougie-avec-tube-de-convoyeur-dair-o-tube-30-mm\/#primaryimage","url":"https:\/\/amrtop.net\/wp-content\/uploads\/2020\/01\/elk60023.jpg","contentUrl":"https:\/\/amrtop.net\/wp-content\/uploads\/2020\/01\/elk60023.jpg","width":960,"height":960,"caption":"Bougie avec tube de convoyeur d\u2019air \u00f8 tube 30 mm - r\u00e9sistance \u00e0 l\u2019allumage sp\u00e9ciale avec raccord en c\u00e9ramique - tube de convoyeur d\u2019air avec bride - pour po\u00eale et chaudi\u00e8re \u00e0 pellets -syst\u00e8me d\u2019allumage pour appareils \u00e0 pellets - allumeur \u00e0 bougie pour pellets"},{"@type":"BreadcrumbList","@id":"https:\/\/amrtop.net\/produit\/bougie-avec-tube-de-convoyeur-dair-o-tube-30-mm\/#breadcrumb","itemListElement":[{"@type":"ListItem","position":1,"name":"Home","item":"https:\/\/amrtop.net\/"},{"@type":"ListItem","position":2,"name":"Shop","item":"https:\/\/amrtop.net\/negozio\/"},{"@type":"ListItem","position":3,"name":"Bougie avec tube de convoyeur d\u2019air \u00f8 tube 30 mm \u2013 280 Watt \u2013 longueur totale 170 mm \u2013 Code ELK60023"}]},{"@type":"WebSite","@id":"https:\/\/amrtop.net\/#website","url":"https:\/\/amrtop.net\/","name":"AMRTOP B2B Abroad - Compras reservadas a los profesionales","description":"Recambios y accesorios para estufas y calderas - Comercio electr\u00f3nico B2B para profesionales","potentialAction":[{"@type":"SearchAction","target":{"@type":"EntryPoint","urlTemplate":"https:\/\/amrtop.net\/?s={search_term_string}"},"query-input":{"@type":"PropertyValueSpecification","valueRequired":true,"valueName":"search_term_string"}}],"inLanguage":"es"}]}},"_links":{"self":[{"href":"https:\/\/amrtop.net\/es\/wp-json\/wp\/v2\/product\/19509","targetHints":{"allow":["GET"]}}],"collection":[{"href":"https:\/\/amrtop.net\/es\/wp-json\/wp\/v2\/product"}],"about":[{"href":"https:\/\/amrtop.net\/es\/wp-json\/wp\/v2\/types\/product"}],"replies":[{"embeddable":true,"href":"https:\/\/amrtop.net\/es\/wp-json\/wp\/v2\/comments?post=19509"}],"wp:featuredmedia":[{"embeddable":true,"href":"https:\/\/amrtop.net\/es\/wp-json\/wp\/v2\/media\/34690"}],"wp:attachment":[{"href":"https:\/\/amrtop.net\/es\/wp-json\/wp\/v2\/media?parent=19509"}],"wp:term":[{"taxonomy":"product_brand","embeddable":true,"href":"https:\/\/amrtop.net\/es\/wp-json\/wp\/v2\/product_brand?post=19509"},{"taxonomy":"product_cat","embeddable":true,"href":"https:\/\/amrtop.net\/es\/wp-json\/wp\/v2\/product_cat?post=19509"},{"taxonomy":"product_tag","embeddable":true,"href":"https:\/\/amrtop.net\/es\/wp-json\/wp\/v2\/product_tag?post=19509"}],"curies":[{"name":"wp","href":"https:\/\/api.w.org\/{rel}","templated":true}]}}