{"id":19596,"date":"2020-10-01T00:00:00","date_gmt":"2020-10-01T00:00:00","guid":{"rendered":"https:\/\/amrtop.com\/B2B\/?post_type=product&#038;p=19596"},"modified":"2021-11-18T17:05:09","modified_gmt":"2021-11-18T17:05:09","slug":"extractor-de-humos-para-estufas-de-pellets-kausiflam-codigo-ri-02281f","status":"publish","type":"product","link":"https:\/\/amrtop.net\/es\/produit\/extraurcteur-fumees-pour-les-poeles-a-granules-kausiflam-code-ri-02281f\/","title":{"rendered":"Extractor de humos para estufas de pellets Kausiflam  <br> c\u00f3digo.RI.02281F"},"content":{"rendered":"<hr \/>\n<h2> Extractor de humos para estufas de pellets Kausiflam   <\/h2>\n<p>c\u00f3digo. RI.02281F<\/p>\n<p>Para estufas de pellets Kausiflam: Xuo 7 kw, Xuo 10 kw, Eto 12 kw, Eto 14 kw, Astro 12 kw, Elara, Xuo Lux, Xuo Eco, Stone, Thya, Estia, Nepto<\/p>\n<hr \/>\n<p>Amrtop dispone de una gama completa de extractores de humos centr\u00edfugos o ventiladores de extracci\u00f3n con motores polimerizados y tambi\u00e9n con rotores que siguen lo m\u00e1s fielmente posible el desglose del mercado de la calefacci\u00f3n por biomasa.<br \/>\nPara cada estufa o caldera de pellets Kausiflam, podemos ofrecer la soluci\u00f3n \u00f3ptima en t\u00e9rminos de tama\u00f1o y rendimiento.<br \/>\nSiempre tenemos en stock una gama de accesorios, piezas de repuesto y componentes esenciales para todas las estufas y calderas de pellets del mercado.<br \/>\nLas piezas est\u00e9ticas exteriores y la carpinter\u00eda, teniendo en cuenta que los plazos de entrega pueden variar de 30 a 60 d\u00edas laborables.<br \/>\nEl personal de Amrtop ha sido cuidadosamente formado para ayudarle a identificar cualquier pieza de recambio que deba sustituirse, y puede proporcionarle asistencia telef\u00f3nica en franc\u00e9s, ingl\u00e9s, rumano e italiano.<br \/>\nPara m\u00e1s informaci\u00f3n, no dude en ponerse en contacto con nosotros.<\/p>","protected":false},"excerpt":{"rendered":"<p>Extraurct\u00e9ur fum\u00e9es pour les po\u00eales \u00e0 granul\u00e9s Kausiflam code. RI.02281F Pour les mod\u00e8les des po\u00eales \u00e0 granul\u00e9s Kausiflam: Xuo 7 kw, Xuo 10 kw, Eto 12 kw, Eto 14 kw, Astro 12 kw, Elara, Xuo Lux, Xuo Eco, Stone, Thya, Estia, Nepto Amrtop dispose d\u2019une gamme compl\u00e8te d\u2019extraction des fum\u00e9es centrifuges ou ventilation d&#8217;extraction \u00e0 [&hellip;]<\/p>\n","protected":false},"featured_media":19597,"comment_status":"open","ping_status":"closed","template":"","meta":[],"product_brand":[],"product_cat":[1253,1258,1259,1254,1255,1232,1261,940,1262,1263,1256,1257,1264,1265],"product_tag":[],"class_list":{"0":"post-19596","1":"product","2":"type-product","3":"status-publish","4":"has-post-thumbnail","6":"product_cat-astro-10-kw","7":"product_cat-elara","8":"product_cat-estia","9":"product_cat-eto-12-kw","10":"product_cat-eto-14-kw","11":"product_cat-kausiflam","12":"product_cat-nepto-kausiflam","13":"product_cat-pieces-detachees-specifiques-par-marque","14":"product_cat-stone-kausiflam","15":"product_cat-thya-kausiflam","16":"product_cat-xuo-10-kw-kausiflam","17":"product_cat-xuo-7-kw-kausiflam","18":"product_cat-xuo-eco-kausiflam","19":"product_cat-xuo-lux-kausiflam","20":"product_shipping_class-classe-di-spedizione-02","22":"first","23":"instock","24":"shipping-taxable","25":"purchasable","26":"product-type-simple"},"yoast_head":"<!-- This site is optimized with the Yoast SEO plugin v27.5 - https:\/\/yoast.com\/product\/yoast-seo-wordpress\/ -->\n<title>Extraurct\u00e9ur fum\u00e9es pour les po\u00eales \u00e0 granul\u00e9s Kausiflam  code.RI.02281F - AMRTOP B2B \u00c9tranger - Achats r\u00e9serv\u00e9s au professionnel<\/title>\n<meta name=\"robots\" content=\"index, follow, max-snippet:-1, max-image-preview:large, max-video-preview:-1\" \/>\n<link rel=\"canonical\" href=\"https:\/\/amrtop.net\/es\/producto\/extractor-de-humos-para-estufas-de-pellets-kausiflam-codigo-ri-02281f\/\" \/>\n<meta property=\"og:locale\" content=\"es_ES\" \/>\n<meta property=\"og:type\" content=\"article\" \/>\n<meta property=\"og:title\" content=\"Extraurct\u00e9ur fum\u00e9es pour les po\u00eales \u00e0 granul\u00e9s Kausiflam  code.RI.02281F - AMRTOP B2B \u00c9tranger - Achats r\u00e9serv\u00e9s au professionnel\" \/>\n<meta property=\"og:description\" content=\"Extraurct\u00e9ur fum\u00e9es pour les po\u00eales \u00e0 granul\u00e9s Kausiflam code. RI.02281F Pour les mod\u00e8les des po\u00eales \u00e0 granul\u00e9s Kausiflam: Xuo 7 kw, Xuo 10 kw, Eto 12 kw, Eto 14 kw, Astro 12 kw, Elara, Xuo Lux, Xuo Eco, Stone, Thya, Estia, Nepto Amrtop dispose d\u2019une gamme compl\u00e8te d\u2019extraction des fum\u00e9es centrifuges ou ventilation d&#8217;extraction \u00e0 [&hellip;]\" \/>\n<meta property=\"og:url\" content=\"https:\/\/amrtop.net\/es\/producto\/extractor-de-humos-para-estufas-de-pellets-kausiflam-codigo-ri-02281f\/\" \/>\n<meta property=\"og:site_name\" content=\"AMRTOP B2B \u00c9tranger - Achats r\u00e9serv\u00e9s au professionnel\" \/>\n<meta property=\"article:modified_time\" content=\"2021-11-18T17:05:09+00:00\" \/>\n<meta property=\"og:image\" content=\"https:\/\/amrtop.net\/wp-content\/uploads\/2021\/11\/w-SITO-PAG-20-B-1.jpg\" \/>\n\t<meta property=\"og:image:width\" content=\"960\" \/>\n\t<meta property=\"og:image:height\" content=\"960\" \/>\n\t<meta property=\"og:image:type\" content=\"image\/jpeg\" \/>\n<meta name=\"twitter:card\" content=\"summary_large_image\" \/>\n<meta name=\"twitter:label1\" content=\"Tiempo de lectura\" \/>\n\t<meta name=\"twitter:data1\" content=\"1 minuto\" \/>\n<script type=\"application\/ld+json\" class=\"yoast-schema-graph\">{\"@context\":\"https:\\\/\\\/schema.org\",\"@graph\":[{\"@type\":\"WebPage\",\"@id\":\"https:\\\/\\\/amrtop.net\\\/produit\\\/extraurcteur-fumees-pour-les-poeles-a-granules-kausiflam-code-ri-02281f\\\/\",\"url\":\"https:\\\/\\\/amrtop.net\\\/produit\\\/extraurcteur-fumees-pour-les-poeles-a-granules-kausiflam-code-ri-02281f\\\/\",\"name\":\"Extraurct\u00e9ur fum\u00e9es pour les po\u00eales \u00e0 granul\u00e9s Kausiflam code.RI.02281F - AMRTOP B2B \u00c9tranger - Achats r\u00e9serv\u00e9s au professionnel\",\"isPartOf\":{\"@id\":\"https:\\\/\\\/amrtop.net\\\/#website\"},\"primaryImageOfPage\":{\"@id\":\"https:\\\/\\\/amrtop.net\\\/produit\\\/extraurcteur-fumees-pour-les-poeles-a-granules-kausiflam-code-ri-02281f\\\/#primaryimage\"},\"image\":{\"@id\":\"https:\\\/\\\/amrtop.net\\\/produit\\\/extraurcteur-fumees-pour-les-poeles-a-granules-kausiflam-code-ri-02281f\\\/#primaryimage\"},\"thumbnailUrl\":\"https:\\\/\\\/amrtop.net\\\/wp-content\\\/uploads\\\/2021\\\/11\\\/w-SITO-PAG-20-B-1.jpg\",\"datePublished\":\"2020-10-01T00:00:00+00:00\",\"dateModified\":\"2021-11-18T17:05:09+00:00\",\"breadcrumb\":{\"@id\":\"https:\\\/\\\/amrtop.net\\\/produit\\\/extraurcteur-fumees-pour-les-poeles-a-granules-kausiflam-code-ri-02281f\\\/#breadcrumb\"},\"inLanguage\":\"es\",\"potentialAction\":[{\"@type\":\"ReadAction\",\"target\":[\"https:\\\/\\\/amrtop.net\\\/produit\\\/extraurcteur-fumees-pour-les-poeles-a-granules-kausiflam-code-ri-02281f\\\/\"]}]},{\"@type\":\"ImageObject\",\"inLanguage\":\"es\",\"@id\":\"https:\\\/\\\/amrtop.net\\\/produit\\\/extraurcteur-fumees-pour-les-poeles-a-granules-kausiflam-code-ri-02281f\\\/#primaryimage\",\"url\":\"https:\\\/\\\/amrtop.net\\\/wp-content\\\/uploads\\\/2021\\\/11\\\/w-SITO-PAG-20-B-1.jpg\",\"contentUrl\":\"https:\\\/\\\/amrtop.net\\\/wp-content\\\/uploads\\\/2021\\\/11\\\/w-SITO-PAG-20-B-1.jpg\",\"width\":960,\"height\":960},{\"@type\":\"BreadcrumbList\",\"@id\":\"https:\\\/\\\/amrtop.net\\\/produit\\\/extraurcteur-fumees-pour-les-poeles-a-granules-kausiflam-code-ri-02281f\\\/#breadcrumb\",\"itemListElement\":[{\"@type\":\"ListItem\",\"position\":1,\"name\":\"Home\",\"item\":\"https:\\\/\\\/amrtop.net\\\/\"},{\"@type\":\"ListItem\",\"position\":2,\"name\":\"Shop\",\"item\":\"https:\\\/\\\/amrtop.net\\\/negozio\\\/\"},{\"@type\":\"ListItem\",\"position\":3,\"name\":\"Extraurct\u00e9ur fum\u00e9es pour les po\u00eales \u00e0 granul\u00e9s Kausiflam code.RI.02281F\"}]},{\"@type\":\"WebSite\",\"@id\":\"https:\\\/\\\/amrtop.net\\\/#website\",\"url\":\"https:\\\/\\\/amrtop.net\\\/\",\"name\":\"AMRTOP B2B \u00c9tranger - Achats r\u00e9serv\u00e9s au professionnel\",\"description\":\"Pi\u00e8ces de rechange et accessoires pour po\u00eales et chaudi\u00e8res - eCommerce B2B pour Clients Professionnels\",\"potentialAction\":[{\"@type\":\"SearchAction\",\"target\":{\"@type\":\"EntryPoint\",\"urlTemplate\":\"https:\\\/\\\/amrtop.net\\\/?s={search_term_string}\"},\"query-input\":{\"@type\":\"PropertyValueSpecification\",\"valueRequired\":true,\"valueName\":\"search_term_string\"}}],\"inLanguage\":\"es\"}]}<\/script>\n<!-- \/ Yoast SEO plugin. -->","yoast_head_json":{"title":"Extractor de humos para estufas de pellets Kausiflam code.RI.02281F - AMRTOP B2B Overseas - Solo compras profesionales","robots":{"index":"index","follow":"follow","max-snippet":"max-snippet:-1","max-image-preview":"max-image-preview:large","max-video-preview":"max-video-preview:-1"},"canonical":"https:\/\/amrtop.net\/es\/producto\/extractor-de-humos-para-estufas-de-pellets-kausiflam-codigo-ri-02281f\/","og_locale":"es_ES","og_type":"article","og_title":"Extraurct\u00e9ur fum\u00e9es pour les po\u00eales \u00e0 granul\u00e9s Kausiflam  code.RI.02281F - AMRTOP B2B \u00c9tranger - Achats r\u00e9serv\u00e9s au professionnel","og_description":"Extraurct\u00e9ur fum\u00e9es pour les po\u00eales \u00e0 granul\u00e9s Kausiflam code. RI.02281F Pour les mod\u00e8les des po\u00eales \u00e0 granul\u00e9s Kausiflam: Xuo 7 kw, Xuo 10 kw, Eto 12 kw, Eto 14 kw, Astro 12 kw, Elara, Xuo Lux, Xuo Eco, Stone, Thya, Estia, Nepto Amrtop dispose d\u2019une gamme compl\u00e8te d\u2019extraction des fum\u00e9es centrifuges ou ventilation d&#8217;extraction \u00e0 [&hellip;]","og_url":"https:\/\/amrtop.net\/es\/producto\/extractor-de-humos-para-estufas-de-pellets-kausiflam-codigo-ri-02281f\/","og_site_name":"AMRTOP B2B \u00c9tranger - Achats r\u00e9serv\u00e9s au professionnel","article_modified_time":"2021-11-18T17:05:09+00:00","og_image":[{"width":960,"height":960,"url":"https:\/\/amrtop.net\/wp-content\/uploads\/2021\/11\/w-SITO-PAG-20-B-1.jpg","type":"image\/jpeg"}],"twitter_card":"summary_large_image","twitter_misc":{"Tiempo de lectura":"1 minuto"},"schema":{"@context":"https:\/\/schema.org","@graph":[{"@type":"WebPage","@id":"https:\/\/amrtop.net\/produit\/extraurcteur-fumees-pour-les-poeles-a-granules-kausiflam-code-ri-02281f\/","url":"https:\/\/amrtop.net\/produit\/extraurcteur-fumees-pour-les-poeles-a-granules-kausiflam-code-ri-02281f\/","name":"Extractor de humos para estufas de pellets Kausiflam code.RI.02281F - AMRTOP B2B Overseas - Solo compras profesionales","isPartOf":{"@id":"https:\/\/amrtop.net\/#website"},"primaryImageOfPage":{"@id":"https:\/\/amrtop.net\/produit\/extraurcteur-fumees-pour-les-poeles-a-granules-kausiflam-code-ri-02281f\/#primaryimage"},"image":{"@id":"https:\/\/amrtop.net\/produit\/extraurcteur-fumees-pour-les-poeles-a-granules-kausiflam-code-ri-02281f\/#primaryimage"},"thumbnailUrl":"https:\/\/amrtop.net\/wp-content\/uploads\/2021\/11\/w-SITO-PAG-20-B-1.jpg","datePublished":"2020-10-01T00:00:00+00:00","dateModified":"2021-11-18T17:05:09+00:00","breadcrumb":{"@id":"https:\/\/amrtop.net\/produit\/extraurcteur-fumees-pour-les-poeles-a-granules-kausiflam-code-ri-02281f\/#breadcrumb"},"inLanguage":"es","potentialAction":[{"@type":"ReadAction","target":["https:\/\/amrtop.net\/produit\/extraurcteur-fumees-pour-les-poeles-a-granules-kausiflam-code-ri-02281f\/"]}]},{"@type":"ImageObject","inLanguage":"es","@id":"https:\/\/amrtop.net\/produit\/extraurcteur-fumees-pour-les-poeles-a-granules-kausiflam-code-ri-02281f\/#primaryimage","url":"https:\/\/amrtop.net\/wp-content\/uploads\/2021\/11\/w-SITO-PAG-20-B-1.jpg","contentUrl":"https:\/\/amrtop.net\/wp-content\/uploads\/2021\/11\/w-SITO-PAG-20-B-1.jpg","width":960,"height":960},{"@type":"BreadcrumbList","@id":"https:\/\/amrtop.net\/produit\/extraurcteur-fumees-pour-les-poeles-a-granules-kausiflam-code-ri-02281f\/#breadcrumb","itemListElement":[{"@type":"ListItem","position":1,"name":"Home","item":"https:\/\/amrtop.net\/"},{"@type":"ListItem","position":2,"name":"Shop","item":"https:\/\/amrtop.net\/negozio\/"},{"@type":"ListItem","position":3,"name":"Extraurct\u00e9ur fum\u00e9es pour les po\u00eales \u00e0 granul\u00e9s Kausiflam code.RI.02281F"}]},{"@type":"WebSite","@id":"https:\/\/amrtop.net\/#website","url":"https:\/\/amrtop.net\/","name":"AMRTOP B2B Abroad - Compras reservadas a los profesionales","description":"Recambios y accesorios para estufas y calderas - Comercio electr\u00f3nico B2B para profesionales","potentialAction":[{"@type":"SearchAction","target":{"@type":"EntryPoint","urlTemplate":"https:\/\/amrtop.net\/?s={search_term_string}"},"query-input":{"@type":"PropertyValueSpecification","valueRequired":true,"valueName":"search_term_string"}}],"inLanguage":"es"}]}},"_links":{"self":[{"href":"https:\/\/amrtop.net\/es\/wp-json\/wp\/v2\/product\/19596","targetHints":{"allow":["GET"]}}],"collection":[{"href":"https:\/\/amrtop.net\/es\/wp-json\/wp\/v2\/product"}],"about":[{"href":"https:\/\/amrtop.net\/es\/wp-json\/wp\/v2\/types\/product"}],"replies":[{"embeddable":true,"href":"https:\/\/amrtop.net\/es\/wp-json\/wp\/v2\/comments?post=19596"}],"wp:featuredmedia":[{"embeddable":true,"href":"https:\/\/amrtop.net\/es\/wp-json\/wp\/v2\/media\/19597"}],"wp:attachment":[{"href":"https:\/\/amrtop.net\/es\/wp-json\/wp\/v2\/media?parent=19596"}],"wp:term":[{"taxonomy":"product_brand","embeddable":true,"href":"https:\/\/amrtop.net\/es\/wp-json\/wp\/v2\/product_brand?post=19596"},{"taxonomy":"product_cat","embeddable":true,"href":"https:\/\/amrtop.net\/es\/wp-json\/wp\/v2\/product_cat?post=19596"},{"taxonomy":"product_tag","embeddable":true,"href":"https:\/\/amrtop.net\/es\/wp-json\/wp\/v2\/product_tag?post=19596"}],"curies":[{"name":"wp","href":"https:\/\/api.w.org\/{rel}","templated":true}]}}