{"id":20082,"date":"2020-10-01T00:00:00","date_gmt":"2020-10-01T00:00:00","guid":{"rendered":"https:\/\/amrtop.com\/B2B\/?post_type=product&#038;p=20082"},"modified":"2023-05-26T13:04:21","modified_gmt":"2023-05-26T13:04:21","slug":"motorreductor-bcz-16-rpm-codigo-am5041685-eje-o-85-mm-chapas-laminadas-32-mm","status":"publish","type":"product","link":"https:\/\/amrtop.net\/es\/produit\/motoreducteur-bcz-16-rpm-code-am5041685-arbre-o-85-mm-toles-feuilletees-32-mm\/","title":{"rendered":"Motorreductor Bcz 1,6 rpm C\u00f3digo AM5041685 - Eje \u00f8 8,5 mm - Chapas laminadas 32 mm"},"content":{"rendered":"<hr \/>\n<h3>Motorreductor Bcz 1,6 rpm \u00f8 eje 8,5 mm<\/h3>\n<p>El uso de engranajes de acero garantiza una larga vida \u00fatil.<\/p>\n<p>Estos robustos motorreductores con carcasa de fundici\u00f3n a presi\u00f3n de alta resistencia, con 4 postes para el motor para evitar el deslizamiento en la alineaci\u00f3n del eje del rotor con soportes de fundici\u00f3n a presi\u00f3n de alta resistencia.<\/p>\n<h3><strong>Las ventajas de los motorreductores BCZ :<\/strong><\/h3>\n<ul>\n<li>Estructura remachada del estator<\/li>\n<li>Bobinas con tapas de protecci\u00f3n de terminales<\/li>\n<li>Extensi\u00f3n de m\u00e1stil simple o doble<\/li>\n<li>Caja de fundici\u00f3n de precisi\u00f3n<\/li>\n<li>Motorreductor silencioso<\/li>\n<li>Dise\u00f1ado para estufas de pellets, calderas y chimeneas<\/li>\n<\/ul>\n<h3><strong>Uso de m<\/strong>Reductor Bcz 1,6 rpm eje 8,5 mm<\/h3>\n<p>Motorreductor Bcz 1,6 rpm C\u00f3digo AM5041685 - Eje \u00f8 8,5 mm - Chapas laminadas 32 mm\u00a0<strong>Amrtop<\/strong>\u00a0Instalados en aparatos de pellets, su funci\u00f3n es hacer girar el sinf\u00edn del dep\u00f3sito de pellets, transportando el pellet al crisol para ser quemado, o los cada vez m\u00e1s populares sistemas autom\u00e1ticos de limpieza de braseros que se encuentran en muchas estufas y calderas de biomasa.<\/p>\n<p>&nbsp;<\/p>\n<p>Una vez que llega a la parte superior de la c\u00f3clea, el pellet cae de forma natural en un conducto que lo lleva al quemador.<\/p>\n<p><strong>Presente en aparatos t\u00edpicos<\/strong>\u00a0Estufa de pellets - Caldera de pellets - Quemador de pellets - Barbacoa\/parrilla de pellets Caldera de biomasa - Quemador de biomasa - Y muchos otros quemadores<\/p>\n<h3><strong>Interior<\/strong><\/h3>\n<p><a href=\"https:\/\/wekos.it\/\">Estufas, cocinas y cocinas de le\u00f1a<\/a>\u00a0-\u00a0<a href=\"https:\/\/www.greenpuros.com\/\">chimeneas, estufas y calderas de pellets.<\/a><\/p>\n<h3><strong>Gama Amrtop de recambios y accesorios<\/strong><\/h3>\n<p>&nbsp;<\/p>\n<p><a href=\"https:\/\/amrtop.net\/es\/categoria-de-productos\/recambios-miscelaneos-cocinas-y-calderas-2\/bougies-dallumage-pour-poeles-et-chaudieres-a-pellets\/\">Calentadores<\/a><\/p>\n<p><a href=\"https:\/\/amrtop.net\/es\/categoria-de-productos\/recambios-miscelaneos-cocinas-y-calderas-2\/electronique\/\">Electr\u00f3nica<\/a><\/p>\n<p><a href=\"https:\/\/amrtop.net\/es\/categoria-de-productos\/recambios-miscelaneos-cocinas-y-calderas-2\/extracteurs-de-fumee\/\">Extractores de humo<\/a><\/p>\n<p><a href=\"https:\/\/amrtop.net\/es\/categoria-de-productos\/recambios-miscelaneos-cocinas-y-calderas-2\/gaines-cable-connecteurs\/\">Fundas de cables de conexi\u00f3n<\/a><\/p>\n<p><a href=\"https:\/\/amrtop.net\/es\/categoria-de-productos\/recambios-miscelaneos-cocinas-y-calderas-2\/joints-de-silicone\/\">Juntas de silicona<\/a><\/p>\n<p><a href=\"https:\/\/amrtop.net\/es\/categoria-de-productos\/recambios-miscelaneos-cocinas-y-calderas-2\/motoreducteurs\/\">Motorreductores<\/a><\/p>\n<p><a href=\"https:\/\/amrtop.net\/es\/categoria-de-productos\/recambios-miscelaneos-cocinas-y-calderas-2\/pressostats-et-transducteurs\/\">Presostatos y transductores<\/a><\/p>\n<p><a href=\"https:\/\/amrtop.com\/B2B\/fr\/categorie-produit\/ricambi-vari-stufe-e-caldaie\/sonde-termostati-manometri-termometri\/\">Sondas termostatos man\u00f3metros term\u00f3metros<\/a><\/p>\n<p><a href=\"https:\/\/amrtop.net\/es\/categoria-de-productos\/recambios-miscelaneos-cocinas-y-calderas-2\/joints-detancheite\/\">Sellado de trenzas<\/a><\/p>\n<p><a href=\"https:\/\/amrtop.net\/es\/categoria-de-productos\/recambios-miscelaneos-cocinas-y-calderas-2\/ventilateurs-centrifuges-pour-poeles-a-pellets\/\">Ventiladores centr\u00edfugos<\/a><\/p>\n<p><a href=\"https:\/\/amrtop.net\/es\/categoria-de-productos\/recambios-miscelaneos-cocinas-y-calderas-2\/ventilateurs-tangentiels-flux-transversal\/\">Ventiladores de flujo cruzado<\/a><\/p>\n<p><strong><a href=\"https:\/\/amrtop.net\/es\/categoria-de-productos\/recambios-miscelaneos-cocinas-y-calderas-2\/adhesifs-et-produits-detancheite\/\">Colas y selladores<\/a><br \/>\n<\/strong><\/p>\n<p>&nbsp;<\/p>\n<p>&nbsp;<\/p>\n<p>&nbsp;<\/p>","protected":false},"excerpt":{"rendered":"<hr \/>\n<h2><span style=\"color: #008000\">Disponible en<\/span><\/h2>\n<hr \/>\n<h3>Motorreductor Bcz 1,6 rpm<\/h3>\n<p>C\u00f3digo AM5041685<br \/>\n\u00f8 del eje : 8,5 mm<br \/>\nVelocidad: 1,6 rpm<br \/>\nHojas laminadas: 32 mm<br \/>\nAplanado: simple<br \/>\nSentido de giro: agujas del reloj<br \/>\nPar nominal: 22 Nm<\/p>","protected":false},"featured_media":34899,"comment_status":"open","ping_status":"closed","template":"","meta":[],"product_brand":[],"product_cat":[861,1360,1361],"product_tag":[],"class_list":{"0":"post-20082","1":"product","2":"type-product","3":"status-publish","4":"has-post-thumbnail","6":"product_cat-motoreducteurs","7":"product_cat-motoreducteurs-bcz","8":"product_cat-motoreducteurs-bcz-mod-504-arbre-o-85-mm","9":"product_shipping_class-classe-di-spedizione-02","11":"first","12":"instock","13":"shipping-taxable","14":"purchasable","15":"product-type-simple"},"yoast_head":"<!-- This site is optimized with the Yoast SEO plugin v27.5 - https:\/\/yoast.com\/product\/yoast-seo-wordpress\/ -->\n<title>Motor\u00e9ducteur Bcz 1.6 rpm arbre \u00f8 8.5 mm<\/title>\n<meta name=\"description\" content=\"Motor\u00e9ducteur Bcz 1.6 rpm arbre \u00f8 8.5 mm-Motor\u00e9ducteur pour vis-Motor\u00e9ducteur pour po\u00eale et chaudi\u00e8re \u00e0 pellets-Moteur charge pellets-Moteur pour po\u00eales\" \/>\n<meta name=\"robots\" content=\"index, follow, max-snippet:-1, max-image-preview:large, max-video-preview:-1\" \/>\n<link rel=\"canonical\" href=\"https:\/\/amrtop.net\/es\/producto\/motorreductor-bcz-16-rpm-codigo-am5041685-eje-o-85-mm-chapas-laminadas-32-mm\/\" \/>\n<meta property=\"og:locale\" content=\"es_ES\" \/>\n<meta property=\"og:type\" content=\"article\" \/>\n<meta property=\"og:title\" content=\"Motor\u00e9ducteur Bcz 1.6 rpm arbre \u00f8 8.5 mm\" \/>\n<meta property=\"og:description\" content=\"Motor\u00e9ducteur Bcz 1.6 rpm arbre \u00f8 8.5 mm-Motor\u00e9ducteur pour vis-Motor\u00e9ducteur pour po\u00eale et chaudi\u00e8re \u00e0 pellets-Moteur charge pellets-Moteur pour po\u00eales\" \/>\n<meta property=\"og:url\" content=\"https:\/\/amrtop.net\/es\/producto\/motorreductor-bcz-16-rpm-codigo-am5041685-eje-o-85-mm-chapas-laminadas-32-mm\/\" \/>\n<meta property=\"og:site_name\" content=\"AMRTOP B2B \u00c9tranger - Achats r\u00e9serv\u00e9s au professionnel\" \/>\n<meta property=\"article:modified_time\" content=\"2023-05-26T13:04:21+00:00\" \/>\n<meta property=\"og:image\" content=\"https:\/\/amrtop.net\/wp-content\/uploads\/2022\/07\/AM5041685.jpg\" \/>\n\t<meta property=\"og:image:width\" content=\"960\" \/>\n\t<meta property=\"og:image:height\" content=\"960\" \/>\n\t<meta property=\"og:image:type\" content=\"image\/jpeg\" \/>\n<meta name=\"twitter:card\" content=\"summary_large_image\" \/>\n<meta name=\"twitter:label1\" content=\"Tiempo de lectura\" \/>\n\t<meta name=\"twitter:data1\" content=\"1 minuto\" \/>\n<script type=\"application\/ld+json\" class=\"yoast-schema-graph\">{\"@context\":\"https:\\\/\\\/schema.org\",\"@graph\":[{\"@type\":\"WebPage\",\"@id\":\"https:\\\/\\\/amrtop.net\\\/produit\\\/motoreducteur-bcz-16-rpm-code-am5041685-arbre-o-85-mm-toles-feuilletees-32-mm\\\/\",\"url\":\"https:\\\/\\\/amrtop.net\\\/produit\\\/motoreducteur-bcz-16-rpm-code-am5041685-arbre-o-85-mm-toles-feuilletees-32-mm\\\/\",\"name\":\"Motor\u00e9ducteur Bcz 1.6 rpm arbre \u00f8 8.5 mm\",\"isPartOf\":{\"@id\":\"https:\\\/\\\/amrtop.net\\\/#website\"},\"primaryImageOfPage\":{\"@id\":\"https:\\\/\\\/amrtop.net\\\/produit\\\/motoreducteur-bcz-16-rpm-code-am5041685-arbre-o-85-mm-toles-feuilletees-32-mm\\\/#primaryimage\"},\"image\":{\"@id\":\"https:\\\/\\\/amrtop.net\\\/produit\\\/motoreducteur-bcz-16-rpm-code-am5041685-arbre-o-85-mm-toles-feuilletees-32-mm\\\/#primaryimage\"},\"thumbnailUrl\":\"https:\\\/\\\/amrtop.net\\\/wp-content\\\/uploads\\\/2022\\\/07\\\/AM5041685.jpg\",\"datePublished\":\"2020-10-01T00:00:00+00:00\",\"dateModified\":\"2023-05-26T13:04:21+00:00\",\"description\":\"Motor\u00e9ducteur Bcz 1.6 rpm arbre \u00f8 8.5 mm-Motor\u00e9ducteur pour vis-Motor\u00e9ducteur pour po\u00eale et chaudi\u00e8re \u00e0 pellets-Moteur charge pellets-Moteur pour po\u00eales\",\"breadcrumb\":{\"@id\":\"https:\\\/\\\/amrtop.net\\\/produit\\\/motoreducteur-bcz-16-rpm-code-am5041685-arbre-o-85-mm-toles-feuilletees-32-mm\\\/#breadcrumb\"},\"inLanguage\":\"es\",\"potentialAction\":[{\"@type\":\"ReadAction\",\"target\":[\"https:\\\/\\\/amrtop.net\\\/produit\\\/motoreducteur-bcz-16-rpm-code-am5041685-arbre-o-85-mm-toles-feuilletees-32-mm\\\/\"]}]},{\"@type\":\"ImageObject\",\"inLanguage\":\"es\",\"@id\":\"https:\\\/\\\/amrtop.net\\\/produit\\\/motoreducteur-bcz-16-rpm-code-am5041685-arbre-o-85-mm-toles-feuilletees-32-mm\\\/#primaryimage\",\"url\":\"https:\\\/\\\/amrtop.net\\\/wp-content\\\/uploads\\\/2022\\\/07\\\/AM5041685.jpg\",\"contentUrl\":\"https:\\\/\\\/amrtop.net\\\/wp-content\\\/uploads\\\/2022\\\/07\\\/AM5041685.jpg\",\"width\":960,\"height\":960,\"caption\":\"Motor\u00e9ducteur Bcz 1.6 rpm arbre \u00f8 8.5 mm-Motor\u00e9ducteur pour vis-Motor\u00e9ducteur pour po\u00eale et chaudi\u00e8re \u00e0 pellets-Moteur charge pellets-Moteur pour po\u00eales\"},{\"@type\":\"BreadcrumbList\",\"@id\":\"https:\\\/\\\/amrtop.net\\\/produit\\\/motoreducteur-bcz-16-rpm-code-am5041685-arbre-o-85-mm-toles-feuilletees-32-mm\\\/#breadcrumb\",\"itemListElement\":[{\"@type\":\"ListItem\",\"position\":1,\"name\":\"Home\",\"item\":\"https:\\\/\\\/amrtop.net\\\/\"},{\"@type\":\"ListItem\",\"position\":2,\"name\":\"Shop\",\"item\":\"https:\\\/\\\/amrtop.net\\\/negozio\\\/\"},{\"@type\":\"ListItem\",\"position\":3,\"name\":\"Motor\u00e9ducteur Bcz 1,6 rpm Code AM5041685 &#8211; Arbre \u00f8 8,5 mm &#8211; T\u00f4les feuillet\u00e9es 32 mm\"}]},{\"@type\":\"WebSite\",\"@id\":\"https:\\\/\\\/amrtop.net\\\/#website\",\"url\":\"https:\\\/\\\/amrtop.net\\\/\",\"name\":\"AMRTOP B2B \u00c9tranger - Achats r\u00e9serv\u00e9s au professionnel\",\"description\":\"Pi\u00e8ces de rechange et accessoires pour po\u00eales et chaudi\u00e8res - eCommerce B2B pour Clients Professionnels\",\"potentialAction\":[{\"@type\":\"SearchAction\",\"target\":{\"@type\":\"EntryPoint\",\"urlTemplate\":\"https:\\\/\\\/amrtop.net\\\/?s={search_term_string}\"},\"query-input\":{\"@type\":\"PropertyValueSpecification\",\"valueRequired\":true,\"valueName\":\"search_term_string\"}}],\"inLanguage\":\"es\"}]}<\/script>\n<!-- \/ Yoast SEO plugin. -->","yoast_head_json":{"title":"Motorreductor Bcz 1,6 rpm \u00f8 eje 8,5 mm","description":"Motorreductor Bcz 1,6 rpm eje \u00f8 8,5 mm-Motorreductor para sinf\u00edn-Motorreductor para estufas y calderas de pellets-Motor de carga de pellets-Motor para estufas","robots":{"index":"index","follow":"follow","max-snippet":"max-snippet:-1","max-image-preview":"max-image-preview:large","max-video-preview":"max-video-preview:-1"},"canonical":"https:\/\/amrtop.net\/es\/producto\/motorreductor-bcz-16-rpm-codigo-am5041685-eje-o-85-mm-chapas-laminadas-32-mm\/","og_locale":"es_ES","og_type":"article","og_title":"Motor\u00e9ducteur Bcz 1.6 rpm arbre \u00f8 8.5 mm","og_description":"Motor\u00e9ducteur Bcz 1.6 rpm arbre \u00f8 8.5 mm-Motor\u00e9ducteur pour vis-Motor\u00e9ducteur pour po\u00eale et chaudi\u00e8re \u00e0 pellets-Moteur charge pellets-Moteur pour po\u00eales","og_url":"https:\/\/amrtop.net\/es\/producto\/motorreductor-bcz-16-rpm-codigo-am5041685-eje-o-85-mm-chapas-laminadas-32-mm\/","og_site_name":"AMRTOP B2B \u00c9tranger - Achats r\u00e9serv\u00e9s au professionnel","article_modified_time":"2023-05-26T13:04:21+00:00","og_image":[{"width":960,"height":960,"url":"https:\/\/amrtop.net\/wp-content\/uploads\/2022\/07\/AM5041685.jpg","type":"image\/jpeg"}],"twitter_card":"summary_large_image","twitter_misc":{"Tiempo de lectura":"1 minuto"},"schema":{"@context":"https:\/\/schema.org","@graph":[{"@type":"WebPage","@id":"https:\/\/amrtop.net\/produit\/motoreducteur-bcz-16-rpm-code-am5041685-arbre-o-85-mm-toles-feuilletees-32-mm\/","url":"https:\/\/amrtop.net\/produit\/motoreducteur-bcz-16-rpm-code-am5041685-arbre-o-85-mm-toles-feuilletees-32-mm\/","name":"Motorreductor Bcz 1,6 rpm \u00f8 eje 8,5 mm","isPartOf":{"@id":"https:\/\/amrtop.net\/#website"},"primaryImageOfPage":{"@id":"https:\/\/amrtop.net\/produit\/motoreducteur-bcz-16-rpm-code-am5041685-arbre-o-85-mm-toles-feuilletees-32-mm\/#primaryimage"},"image":{"@id":"https:\/\/amrtop.net\/produit\/motoreducteur-bcz-16-rpm-code-am5041685-arbre-o-85-mm-toles-feuilletees-32-mm\/#primaryimage"},"thumbnailUrl":"https:\/\/amrtop.net\/wp-content\/uploads\/2022\/07\/AM5041685.jpg","datePublished":"2020-10-01T00:00:00+00:00","dateModified":"2023-05-26T13:04:21+00:00","description":"Motorreductor Bcz 1,6 rpm eje \u00f8 8,5 mm-Motorreductor para sinf\u00edn-Motorreductor para estufas y calderas de pellets-Motor de carga de pellets-Motor para estufas","breadcrumb":{"@id":"https:\/\/amrtop.net\/produit\/motoreducteur-bcz-16-rpm-code-am5041685-arbre-o-85-mm-toles-feuilletees-32-mm\/#breadcrumb"},"inLanguage":"es","potentialAction":[{"@type":"ReadAction","target":["https:\/\/amrtop.net\/produit\/motoreducteur-bcz-16-rpm-code-am5041685-arbre-o-85-mm-toles-feuilletees-32-mm\/"]}]},{"@type":"ImageObject","inLanguage":"es","@id":"https:\/\/amrtop.net\/produit\/motoreducteur-bcz-16-rpm-code-am5041685-arbre-o-85-mm-toles-feuilletees-32-mm\/#primaryimage","url":"https:\/\/amrtop.net\/wp-content\/uploads\/2022\/07\/AM5041685.jpg","contentUrl":"https:\/\/amrtop.net\/wp-content\/uploads\/2022\/07\/AM5041685.jpg","width":960,"height":960,"caption":"Motor\u00e9ducteur Bcz 1.6 rpm arbre \u00f8 8.5 mm-Motor\u00e9ducteur pour vis-Motor\u00e9ducteur pour po\u00eale et chaudi\u00e8re \u00e0 pellets-Moteur charge pellets-Moteur pour po\u00eales"},{"@type":"BreadcrumbList","@id":"https:\/\/amrtop.net\/produit\/motoreducteur-bcz-16-rpm-code-am5041685-arbre-o-85-mm-toles-feuilletees-32-mm\/#breadcrumb","itemListElement":[{"@type":"ListItem","position":1,"name":"Home","item":"https:\/\/amrtop.net\/"},{"@type":"ListItem","position":2,"name":"Shop","item":"https:\/\/amrtop.net\/negozio\/"},{"@type":"ListItem","position":3,"name":"Motor\u00e9ducteur Bcz 1,6 rpm Code AM5041685 &#8211; Arbre \u00f8 8,5 mm &#8211; T\u00f4les feuillet\u00e9es 32 mm"}]},{"@type":"WebSite","@id":"https:\/\/amrtop.net\/#website","url":"https:\/\/amrtop.net\/","name":"AMRTOP B2B Abroad - Compras reservadas a los profesionales","description":"Recambios y accesorios para estufas y calderas - Comercio electr\u00f3nico B2B para profesionales","potentialAction":[{"@type":"SearchAction","target":{"@type":"EntryPoint","urlTemplate":"https:\/\/amrtop.net\/?s={search_term_string}"},"query-input":{"@type":"PropertyValueSpecification","valueRequired":true,"valueName":"search_term_string"}}],"inLanguage":"es"}]}},"_links":{"self":[{"href":"https:\/\/amrtop.net\/es\/wp-json\/wp\/v2\/product\/20082","targetHints":{"allow":["GET"]}}],"collection":[{"href":"https:\/\/amrtop.net\/es\/wp-json\/wp\/v2\/product"}],"about":[{"href":"https:\/\/amrtop.net\/es\/wp-json\/wp\/v2\/types\/product"}],"replies":[{"embeddable":true,"href":"https:\/\/amrtop.net\/es\/wp-json\/wp\/v2\/comments?post=20082"}],"wp:featuredmedia":[{"embeddable":true,"href":"https:\/\/amrtop.net\/es\/wp-json\/wp\/v2\/media\/34899"}],"wp:attachment":[{"href":"https:\/\/amrtop.net\/es\/wp-json\/wp\/v2\/media?parent=20082"}],"wp:term":[{"taxonomy":"product_brand","embeddable":true,"href":"https:\/\/amrtop.net\/es\/wp-json\/wp\/v2\/product_brand?post=20082"},{"taxonomy":"product_cat","embeddable":true,"href":"https:\/\/amrtop.net\/es\/wp-json\/wp\/v2\/product_cat?post=20082"},{"taxonomy":"product_tag","embeddable":true,"href":"https:\/\/amrtop.net\/es\/wp-json\/wp\/v2\/product_tag?post=20082"}],"curies":[{"name":"wp","href":"https:\/\/api.w.org\/{rel}","templated":true}]}}