{"id":20136,"date":"2020-10-01T00:00:00","date_gmt":"2020-10-01T00:00:00","guid":{"rendered":"https:\/\/amrtop.com\/B2B\/?post_type=product&#038;p=20136"},"modified":"2023-05-27T11:37:10","modified_gmt":"2023-05-27T11:37:10","slug":"motoreducteur-bcz-continu-12-rpm-code-am5091295-arbre-o-95-mm-toles-feuilletees-50-mm","status":"publish","type":"product","link":"https:\/\/amrtop.net\/es\/produit\/motoreducteur-bcz-continu-12-rpm-code-am5091295-arbre-o-95-mm-toles-feuilletees-50-mm\/","title":{"rendered":"Motorreductor continuo Bcz 12 rpm C\u00f3digo AM5091295 - Eje \u00f8 9,5 mm - Chapas laminadas 50 mm"},"content":{"rendered":"<hr \/>\n<h3>Motor\u00e9ducteurs Bcz \u00e0 fonctionnement continu 12 rpm<\/h3>\n<p>Les motor\u00e9ducteurs Bcz Code AM5091295 &#8211; M\u00e2t d\u2019arbre 9.5 mm &#8211; Paquet lamellaire 50 mm propos\u00e9 par\u00a0<strong>Amrtop<\/strong>\u00a0a la particularit\u00e9 d\u2019\u00eatre tr\u00e8s robuste \u00e0 engrenages avec bo\u00eetier moul\u00e9 sous pression de r\u00e9sistance, avec 4 montants pour le moteur afin d\u2019\u00e9viter le d\u00e9rapage dans l\u2019alignement de l\u2019arbre de rotor avec des supports moul\u00e9s sous pression robustes.<\/p>\n<h3>Algunos de los momentos m\u00e1s destacados del partido.<\/h3>\n<ul>\n<li>La particolarit\u00e0 di questo modello e data dall\u2019assemblaggio di di pacchi statore adatti a servizi permanenti, con coppie di lavoro di ottime prestazioni<\/li>\n<li>Soporte de eje de bronce autolubricante<\/li>\n<li>Eje est\u00e1ndar de 12 mm<\/li>\n<li>Clavos para el montaje de la caja de cambios delantera o trasera<\/li>\n<li>Caja de fundici\u00f3n de precisi\u00f3n<\/li>\n<li>Ingranaggi\u00a0in acciaio temperati<\/li>\n<\/ul>\n<h3>Utilisation du motor\u00e9ducteur Bcz \u00e0 fonctionnement continu 12 rpm<\/h3>\n<p>Motorreductor continuo Bcz 12 rpm C\u00f3digo AM5091295 - Eje \u00f8 9,5 mm - Chapas laminadas 50 mm\u00a0<strong>Amrtop<\/strong>\u00a0Instalado en aparatos de combusti\u00f3n de pellets, su funci\u00f3n es girar el tornillo de cargadores de pellets, alimentadores de virutas, asadores y aparatos similares.<\/p>\n<p>El sinf\u00edn est\u00e1 colocado para tomar los pellets del fondo del dep\u00f3sito y transportarlos a la parte superior de la estufa.<\/p>\n<p>Una vez que llega a la parte superior de la c\u00f3clea, el pellet cae de forma natural en un conducto que lo lleva al quemador.<\/p>\n<p><strong>Presente en aparatos t\u00edpicos<\/strong>\u00a0Estufa de pellets - Caldera de pellets - Quemador de pellets - Barbacoa\/parrilla de pellets Caldera de biomasa - Quemador de biomasa - Y muchos otros quemadores<\/p>\n<h3><strong>Interior<\/strong><\/h3>\n<p><a href=\"https:\/\/wekos.it\/\">Estufas, cocinas y cocinas de le\u00f1a<\/a>\u00a0-\u00a0<a href=\"https:\/\/www.greenpuros.com\/\">chimeneas, estufas y calderas de pellets.<\/a><\/p>\n<h3><strong>Gama Amrtop de recambios y accesorios<\/strong><\/h3>\n<p><a href=\"https:\/\/amrtop.net\/es\/categoria-de-productos\/recambios-miscelaneos-cocinas-y-calderas-2\/bougies-dallumage-pour-poeles-et-chaudieres-a-pellets\/\">Calentadores<\/a><\/p>\n<p><a href=\"https:\/\/amrtop.net\/es\/categoria-de-productos\/recambios-miscelaneos-cocinas-y-calderas-2\/electronique\/\">Electr\u00f3nica<\/a><\/p>\n<p><a href=\"https:\/\/amrtop.net\/es\/categoria-de-productos\/recambios-miscelaneos-cocinas-y-calderas-2\/extracteurs-de-fumee\/\">Extractores de humo<\/a><\/p>\n<p><a href=\"https:\/\/amrtop.net\/es\/categoria-de-productos\/recambios-miscelaneos-cocinas-y-calderas-2\/gaines-cable-connecteurs\/\">Fundas de cables de conexi\u00f3n<\/a><\/p>\n<p><a href=\"https:\/\/amrtop.net\/es\/categoria-de-productos\/recambios-miscelaneos-cocinas-y-calderas-2\/joints-de-silicone\/\">Juntas de silicona<\/a><\/p>\n<p><a href=\"https:\/\/amrtop.net\/es\/categoria-de-productos\/recambios-miscelaneos-cocinas-y-calderas-2\/motoreducteurs\/\">Motorreductores<\/a><\/p>\n<p><a href=\"https:\/\/amrtop.net\/es\/categoria-de-productos\/recambios-miscelaneos-cocinas-y-calderas-2\/pressostats-et-transducteurs\/\">Presostatos y transductores<\/a><\/p>\n<p><a href=\"https:\/\/amrtop.com\/B2B\/fr\/categorie-produit\/ricambi-vari-stufe-e-caldaie\/sonde-termostati-manometri-termometri\/\">Sondas termostatos man\u00f3metros term\u00f3metros<\/a><\/p>\n<p><a href=\"https:\/\/amrtop.net\/es\/categoria-de-productos\/recambios-miscelaneos-cocinas-y-calderas-2\/joints-detancheite\/\">Sellado de trenzas<\/a><\/p>\n<p><a href=\"https:\/\/amrtop.net\/es\/categoria-de-productos\/recambios-miscelaneos-cocinas-y-calderas-2\/ventilateurs-centrifuges-pour-poeles-a-pellets\/\">Ventiladores centr\u00edfugos<\/a><\/p>\n<p><a href=\"https:\/\/amrtop.net\/es\/categoria-de-productos\/recambios-miscelaneos-cocinas-y-calderas-2\/ventilateurs-tangentiels-flux-transversal\/\">Ventiladores de flujo cruzado<\/a><\/p>\n<p><a href=\"https:\/\/amrtop.net\/es\/categoria-de-productos\/recambios-miscelaneos-cocinas-y-calderas-2\/adhesifs-et-produits-detancheite\/\">Colas y selladores<\/a><\/p>\n<p>&nbsp;<\/p>","protected":false},"excerpt":{"rendered":"<hr \/>\n<h2><span style=\"color: #008000\">Disponible en<\/span><\/h2>\n<hr \/>\n<h3>Motor\u00e9ducteur Bcz continu 12 rpm<\/h3>\n<p>Code AM5091295<br \/>\nEje \u00f8 9,5 mm<br \/>\nVitesse\u00a0: 12 rpm<br \/>\nHojas laminadas: 50 mm<br \/>\nAplanado: simple<br \/>\nSentido de giro: agujas del reloj<br \/>\nCouple nominal : 13 Nm<\/p>","protected":false},"featured_media":20134,"comment_status":"open","ping_status":"closed","template":"","meta":[],"product_brand":[],"product_cat":[861,1360,1365],"product_tag":[],"class_list":{"0":"post-20136","1":"product","2":"type-product","3":"status-publish","4":"has-post-thumbnail","6":"product_cat-motoreducteurs","7":"product_cat-motoreducteurs-bcz","8":"product_cat-motoreducteurs-bcz-a-fonctionnement-continu-mod-509","9":"product_shipping_class-classe-di-spedizione-02","11":"first","12":"instock","13":"shipping-taxable","14":"purchasable","15":"product-type-simple"},"yoast_head":"<!-- This site is optimized with the Yoast SEO plugin v27.4 - https:\/\/yoast.com\/product\/yoast-seo-wordpress\/ -->\n<title>Motor\u00e9ducteurs Bcz \u00e0 fonctionnement continu 12 rpm<\/title>\n<meta name=\"description\" content=\"Motor\u00e9ducteurs Bcz fonctionnement continu 12 rpm-Motor\u00e9ducteurs vis sans fin continues-Motor\u00e9ducteurs continus po\u00eales pellets-Moteurs chargeurs pellets\" \/>\n<meta name=\"robots\" content=\"index, follow, max-snippet:-1, max-image-preview:large, max-video-preview:-1\" \/>\n<link rel=\"canonical\" href=\"https:\/\/amrtop.net\/es\/producto\/motoreducteur-bcz-continu-12-rpm-code-am5091295-arbre-o-95-mm-toles-feuilletees-50-mm\/\" \/>\n<meta property=\"og:locale\" content=\"es_ES\" \/>\n<meta property=\"og:type\" content=\"article\" \/>\n<meta property=\"og:title\" content=\"Motor\u00e9ducteurs Bcz \u00e0 fonctionnement continu 12 rpm\" \/>\n<meta property=\"og:description\" content=\"Motor\u00e9ducteurs Bcz fonctionnement continu 12 rpm-Motor\u00e9ducteurs vis sans fin continues-Motor\u00e9ducteurs continus po\u00eales pellets-Moteurs chargeurs pellets\" \/>\n<meta property=\"og:url\" content=\"https:\/\/amrtop.net\/es\/producto\/motoreducteur-bcz-continu-12-rpm-code-am5091295-arbre-o-95-mm-toles-feuilletees-50-mm\/\" \/>\n<meta property=\"og:site_name\" content=\"AMRTOP B2B \u00c9tranger - Achats r\u00e9serv\u00e9s au professionnel\" \/>\n<meta property=\"article:modified_time\" content=\"2023-05-27T11:37:10+00:00\" \/>\n<meta property=\"og:image\" content=\"https:\/\/amrtop.net\/wp-content\/uploads\/2021\/12\/P1018438.jpg\" \/>\n\t<meta property=\"og:image:width\" content=\"960\" \/>\n\t<meta property=\"og:image:height\" content=\"960\" \/>\n\t<meta property=\"og:image:type\" content=\"image\/jpeg\" \/>\n<meta name=\"twitter:card\" content=\"summary_large_image\" \/>\n<meta name=\"twitter:label1\" content=\"Tiempo de lectura\" \/>\n\t<meta name=\"twitter:data1\" content=\"1 minuto\" \/>\n<script type=\"application\/ld+json\" class=\"yoast-schema-graph\">{\"@context\":\"https:\\\/\\\/schema.org\",\"@graph\":[{\"@type\":\"WebPage\",\"@id\":\"https:\\\/\\\/amrtop.net\\\/produit\\\/motoreducteur-bcz-continu-12-rpm-code-am5091295-arbre-o-95-mm-toles-feuilletees-50-mm\\\/\",\"url\":\"https:\\\/\\\/amrtop.net\\\/produit\\\/motoreducteur-bcz-continu-12-rpm-code-am5091295-arbre-o-95-mm-toles-feuilletees-50-mm\\\/\",\"name\":\"Motor\u00e9ducteurs Bcz \u00e0 fonctionnement continu 12 rpm\",\"isPartOf\":{\"@id\":\"https:\\\/\\\/amrtop.net\\\/#website\"},\"primaryImageOfPage\":{\"@id\":\"https:\\\/\\\/amrtop.net\\\/produit\\\/motoreducteur-bcz-continu-12-rpm-code-am5091295-arbre-o-95-mm-toles-feuilletees-50-mm\\\/#primaryimage\"},\"image\":{\"@id\":\"https:\\\/\\\/amrtop.net\\\/produit\\\/motoreducteur-bcz-continu-12-rpm-code-am5091295-arbre-o-95-mm-toles-feuilletees-50-mm\\\/#primaryimage\"},\"thumbnailUrl\":\"https:\\\/\\\/amrtop.net\\\/wp-content\\\/uploads\\\/2021\\\/12\\\/P1018438.jpg\",\"datePublished\":\"2020-10-01T00:00:00+00:00\",\"dateModified\":\"2023-05-27T11:37:10+00:00\",\"description\":\"Motor\u00e9ducteurs Bcz fonctionnement continu 12 rpm-Motor\u00e9ducteurs vis sans fin continues-Motor\u00e9ducteurs continus po\u00eales pellets-Moteurs chargeurs pellets\",\"breadcrumb\":{\"@id\":\"https:\\\/\\\/amrtop.net\\\/produit\\\/motoreducteur-bcz-continu-12-rpm-code-am5091295-arbre-o-95-mm-toles-feuilletees-50-mm\\\/#breadcrumb\"},\"inLanguage\":\"es\",\"potentialAction\":[{\"@type\":\"ReadAction\",\"target\":[\"https:\\\/\\\/amrtop.net\\\/produit\\\/motoreducteur-bcz-continu-12-rpm-code-am5091295-arbre-o-95-mm-toles-feuilletees-50-mm\\\/\"]}]},{\"@type\":\"ImageObject\",\"inLanguage\":\"es\",\"@id\":\"https:\\\/\\\/amrtop.net\\\/produit\\\/motoreducteur-bcz-continu-12-rpm-code-am5091295-arbre-o-95-mm-toles-feuilletees-50-mm\\\/#primaryimage\",\"url\":\"https:\\\/\\\/amrtop.net\\\/wp-content\\\/uploads\\\/2021\\\/12\\\/P1018438.jpg\",\"contentUrl\":\"https:\\\/\\\/amrtop.net\\\/wp-content\\\/uploads\\\/2021\\\/12\\\/P1018438.jpg\",\"width\":960,\"height\":960,\"caption\":\"Motor\u00e9ducteurs Bcz \u00e0 fonctionnement continu 3.5 rpm-Motor\u00e9ducteurs pour vis sans fin continues-Motor\u00e9ducteurs continus pour po\u00eales et chaudi\u00e8res pellets\"},{\"@type\":\"BreadcrumbList\",\"@id\":\"https:\\\/\\\/amrtop.net\\\/produit\\\/motoreducteur-bcz-continu-12-rpm-code-am5091295-arbre-o-95-mm-toles-feuilletees-50-mm\\\/#breadcrumb\",\"itemListElement\":[{\"@type\":\"ListItem\",\"position\":1,\"name\":\"Home\",\"item\":\"https:\\\/\\\/amrtop.net\\\/\"},{\"@type\":\"ListItem\",\"position\":2,\"name\":\"Shop\",\"item\":\"https:\\\/\\\/amrtop.net\\\/negozio\\\/\"},{\"@type\":\"ListItem\",\"position\":3,\"name\":\"Motor\u00e9ducteur Bcz continu 12 rpm Code AM5091295 \u2013 Arbre \u00f8 9,5 mm \u2013 T\u00f4les feuillet\u00e9es 50 mm\"}]},{\"@type\":\"WebSite\",\"@id\":\"https:\\\/\\\/amrtop.net\\\/#website\",\"url\":\"https:\\\/\\\/amrtop.net\\\/\",\"name\":\"AMRTOP B2B \u00c9tranger - Achats r\u00e9serv\u00e9s au professionnel\",\"description\":\"Pi\u00e8ces de rechange et accessoires pour po\u00eales et chaudi\u00e8res - eCommerce B2B pour Clients Professionnels\",\"potentialAction\":[{\"@type\":\"SearchAction\",\"target\":{\"@type\":\"EntryPoint\",\"urlTemplate\":\"https:\\\/\\\/amrtop.net\\\/?s={search_term_string}\"},\"query-input\":{\"@type\":\"PropertyValueSpecification\",\"valueRequired\":true,\"valueName\":\"search_term_string\"}}],\"inLanguage\":\"es\"}]}<\/script>\n<!-- \/ Yoast SEO plugin. -->","yoast_head_json":{"title":"Motor\u00e9ducteurs Bcz \u00e0 fonctionnement continu 12 rpm","description":"Motor\u00e9ducteurs Bcz fonctionnement continu 12 rpm-Motor\u00e9ducteurs vis sans fin continues-Motor\u00e9ducteurs continus po\u00eales pellets-Moteurs chargeurs pellets","robots":{"index":"index","follow":"follow","max-snippet":"max-snippet:-1","max-image-preview":"max-image-preview:large","max-video-preview":"max-video-preview:-1"},"canonical":"https:\/\/amrtop.net\/es\/producto\/motoreducteur-bcz-continu-12-rpm-code-am5091295-arbre-o-95-mm-toles-feuilletees-50-mm\/","og_locale":"es_ES","og_type":"article","og_title":"Motor\u00e9ducteurs Bcz \u00e0 fonctionnement continu 12 rpm","og_description":"Motor\u00e9ducteurs Bcz fonctionnement continu 12 rpm-Motor\u00e9ducteurs vis sans fin continues-Motor\u00e9ducteurs continus po\u00eales pellets-Moteurs chargeurs pellets","og_url":"https:\/\/amrtop.net\/es\/producto\/motoreducteur-bcz-continu-12-rpm-code-am5091295-arbre-o-95-mm-toles-feuilletees-50-mm\/","og_site_name":"AMRTOP B2B \u00c9tranger - Achats r\u00e9serv\u00e9s au professionnel","article_modified_time":"2023-05-27T11:37:10+00:00","og_image":[{"width":960,"height":960,"url":"https:\/\/amrtop.net\/wp-content\/uploads\/2021\/12\/P1018438.jpg","type":"image\/jpeg"}],"twitter_card":"summary_large_image","twitter_misc":{"Tiempo de lectura":"1 minuto"},"schema":{"@context":"https:\/\/schema.org","@graph":[{"@type":"WebPage","@id":"https:\/\/amrtop.net\/produit\/motoreducteur-bcz-continu-12-rpm-code-am5091295-arbre-o-95-mm-toles-feuilletees-50-mm\/","url":"https:\/\/amrtop.net\/produit\/motoreducteur-bcz-continu-12-rpm-code-am5091295-arbre-o-95-mm-toles-feuilletees-50-mm\/","name":"Motor\u00e9ducteurs Bcz \u00e0 fonctionnement continu 12 rpm","isPartOf":{"@id":"https:\/\/amrtop.net\/#website"},"primaryImageOfPage":{"@id":"https:\/\/amrtop.net\/produit\/motoreducteur-bcz-continu-12-rpm-code-am5091295-arbre-o-95-mm-toles-feuilletees-50-mm\/#primaryimage"},"image":{"@id":"https:\/\/amrtop.net\/produit\/motoreducteur-bcz-continu-12-rpm-code-am5091295-arbre-o-95-mm-toles-feuilletees-50-mm\/#primaryimage"},"thumbnailUrl":"https:\/\/amrtop.net\/wp-content\/uploads\/2021\/12\/P1018438.jpg","datePublished":"2020-10-01T00:00:00+00:00","dateModified":"2023-05-27T11:37:10+00:00","description":"Motor\u00e9ducteurs Bcz fonctionnement continu 12 rpm-Motor\u00e9ducteurs vis sans fin continues-Motor\u00e9ducteurs continus po\u00eales pellets-Moteurs chargeurs pellets","breadcrumb":{"@id":"https:\/\/amrtop.net\/produit\/motoreducteur-bcz-continu-12-rpm-code-am5091295-arbre-o-95-mm-toles-feuilletees-50-mm\/#breadcrumb"},"inLanguage":"es","potentialAction":[{"@type":"ReadAction","target":["https:\/\/amrtop.net\/produit\/motoreducteur-bcz-continu-12-rpm-code-am5091295-arbre-o-95-mm-toles-feuilletees-50-mm\/"]}]},{"@type":"ImageObject","inLanguage":"es","@id":"https:\/\/amrtop.net\/produit\/motoreducteur-bcz-continu-12-rpm-code-am5091295-arbre-o-95-mm-toles-feuilletees-50-mm\/#primaryimage","url":"https:\/\/amrtop.net\/wp-content\/uploads\/2021\/12\/P1018438.jpg","contentUrl":"https:\/\/amrtop.net\/wp-content\/uploads\/2021\/12\/P1018438.jpg","width":960,"height":960,"caption":"Motor\u00e9ducteurs Bcz \u00e0 fonctionnement continu 3.5 rpm-Motor\u00e9ducteurs pour vis sans fin continues-Motor\u00e9ducteurs continus pour po\u00eales et chaudi\u00e8res pellets"},{"@type":"BreadcrumbList","@id":"https:\/\/amrtop.net\/produit\/motoreducteur-bcz-continu-12-rpm-code-am5091295-arbre-o-95-mm-toles-feuilletees-50-mm\/#breadcrumb","itemListElement":[{"@type":"ListItem","position":1,"name":"Home","item":"https:\/\/amrtop.net\/"},{"@type":"ListItem","position":2,"name":"Shop","item":"https:\/\/amrtop.net\/negozio\/"},{"@type":"ListItem","position":3,"name":"Motor\u00e9ducteur Bcz continu 12 rpm Code AM5091295 \u2013 Arbre \u00f8 9,5 mm \u2013 T\u00f4les feuillet\u00e9es 50 mm"}]},{"@type":"WebSite","@id":"https:\/\/amrtop.net\/#website","url":"https:\/\/amrtop.net\/","name":"AMRTOP B2B Abroad - Compras reservadas a los profesionales","description":"Recambios y accesorios para estufas y calderas - Comercio electr\u00f3nico B2B para profesionales","potentialAction":[{"@type":"SearchAction","target":{"@type":"EntryPoint","urlTemplate":"https:\/\/amrtop.net\/?s={search_term_string}"},"query-input":{"@type":"PropertyValueSpecification","valueRequired":true,"valueName":"search_term_string"}}],"inLanguage":"es"}]}},"_links":{"self":[{"href":"https:\/\/amrtop.net\/es\/wp-json\/wp\/v2\/product\/20136","targetHints":{"allow":["GET"]}}],"collection":[{"href":"https:\/\/amrtop.net\/es\/wp-json\/wp\/v2\/product"}],"about":[{"href":"https:\/\/amrtop.net\/es\/wp-json\/wp\/v2\/types\/product"}],"replies":[{"embeddable":true,"href":"https:\/\/amrtop.net\/es\/wp-json\/wp\/v2\/comments?post=20136"}],"wp:featuredmedia":[{"embeddable":true,"href":"https:\/\/amrtop.net\/es\/wp-json\/wp\/v2\/media\/20134"}],"wp:attachment":[{"href":"https:\/\/amrtop.net\/es\/wp-json\/wp\/v2\/media?parent=20136"}],"wp:term":[{"taxonomy":"product_brand","embeddable":true,"href":"https:\/\/amrtop.net\/es\/wp-json\/wp\/v2\/product_brand?post=20136"},{"taxonomy":"product_cat","embeddable":true,"href":"https:\/\/amrtop.net\/es\/wp-json\/wp\/v2\/product_cat?post=20136"},{"taxonomy":"product_tag","embeddable":true,"href":"https:\/\/amrtop.net\/es\/wp-json\/wp\/v2\/product_tag?post=20136"}],"curies":[{"name":"wp","href":"https:\/\/api.w.org\/{rel}","templated":true}]}}