{"id":20320,"date":"2020-10-01T00:00:00","date_gmt":"2020-10-01T00:00:00","guid":{"rendered":"https:\/\/amrtop.com\/B2B\/?post_type=product&#038;p=20320"},"modified":"2023-05-27T11:22:51","modified_gmt":"2023-05-27T11:22:51","slug":"motoreducteur-bcz-5-rpm-code-am5105095-arbre-creux-toles-feuilletees-40-mm","status":"publish","type":"product","link":"https:\/\/amrtop.net\/es\/produit\/motoreducteur-bcz-5-rpm-code-am5105095-arbre-creux-toles-feuilletees-40-mm\/","title":{"rendered":"Motorreductor Bcz 5 rpm C\u00f3digo AM5105095 - Eje hueco - Chapas laminadas 40 mm"},"content":{"rendered":"<hr \/>\n<h3 class=\"product_title entry-title\">Motor\u00e9ducteur Bcz 5 rpm arbre creux<\/h3>\n<p>El motorreductor\u00a0<strong>Bcz<\/strong>\u00a0modello 510 proposto da Amrtop \u00e8 pi\u00f9 versatile che mai, il motoriduttore \u00e8 costruito ad alto livello lavorativo con alta resistenza alla coppia di spunto estensione dell\u2019albero singolo o doppio.<\/p>\n<p>El uso de engranajes de acero garantiza una larga vida \u00fatil.<\/p>\n<p>Estos robustos motorreductores con carcasa de fundici\u00f3n a presi\u00f3n de alta resistencia, con 4 postes para el motor para evitar el deslizamiento en la alineaci\u00f3n del eje del rotor con soportes de fundici\u00f3n a presi\u00f3n de alta resistencia.<\/p>\n<h3><strong>Las ventajas de los motorreductores BCZ :<\/strong><\/h3>\n<ul>\n<li>Estructura remachada del estator<\/li>\n<li>Bobinas con tapas de protecci\u00f3n de terminales<\/li>\n<li>Extensi\u00f3n de m\u00e1stil simple o doble<\/li>\n<li>Caja de fundici\u00f3n de precisi\u00f3n<\/li>\n<li>Motorreductor silencioso<\/li>\n<li>Dise\u00f1ado para estufas de pellets, calderas y chimeneas<\/li>\n<\/ul>\n<h3>Utilisation du motor\u00e9ducteur Bcz arbre creux 5 rpm<\/h3>\n<p>Le motor\u00e9ducteur Bcz mod\u00e8le 510 vendu par Amrtop et install\u00e9 sur les appareils \u00e0 pellets a pour t\u00e2che de faire tourner la vis sans fin pr\u00e9sente dans le r\u00e9servoir du pellet en le transportant dans le creuset pour \u00eatre br\u00fbl\u00e9, De plus en plus de syst\u00e8mes de nettoyage automatique du brasier pr\u00e9sent sur de nombreux po\u00eales et chaudi\u00e8res \u00e0 biomasse.<\/p>\n<p>El sinf\u00edn est\u00e1 colocado para tomar los pellets del fondo del dep\u00f3sito y transportarlos a la parte superior de la estufa.<\/p>\n<p>Una vez que llega a la parte superior de la c\u00f3clea, el pellet cae de forma natural en un conducto que lo lleva al quemador.<\/p>\n<p><strong>Presente en aparatos t\u00edpicos<\/strong>\u00a0Estufa de pellets - Caldera de pellets - Quemador de pellets - Barbacoa\/parrilla de pellets Caldera de biomasa - Quemador de biomasa - Y muchos otros quemadores<\/p>\n<h3><strong>Interior<\/strong><\/h3>\n<p><a href=\"https:\/\/wekos.it\/\">Estufas, cocinas y cocinas de le\u00f1a<\/a>\u00a0-\u00a0<a href=\"https:\/\/www.greenpuros.com\/\">chimeneas, estufas y calderas de pellets.<\/a><\/p>\n<h3><strong>Gama Amrtop de recambios y accesorios<\/strong><\/h3>\n<p>&nbsp;<\/p>\n<p><a href=\"https:\/\/amrtop.net\/es\/categoria-de-productos\/recambios-miscelaneos-cocinas-y-calderas-2\/bougies-dallumage-pour-poeles-et-chaudieres-a-pellets\/\">Calentadores<\/a><\/p>\n<p><a href=\"https:\/\/amrtop.net\/es\/categoria-de-productos\/recambios-miscelaneos-cocinas-y-calderas-2\/electronique\/\">Electr\u00f3nica<\/a><\/p>\n<p><a href=\"https:\/\/amrtop.net\/es\/categoria-de-productos\/recambios-miscelaneos-cocinas-y-calderas-2\/extracteurs-de-fumee\/\">Extractores de humo<\/a><\/p>\n<p><a href=\"https:\/\/amrtop.net\/es\/categoria-de-productos\/recambios-miscelaneos-cocinas-y-calderas-2\/gaines-cable-connecteurs\/\">Fundas de cables de conexi\u00f3n<\/a><\/p>\n<p><a href=\"https:\/\/amrtop.net\/es\/categoria-de-productos\/recambios-miscelaneos-cocinas-y-calderas-2\/joints-de-silicone\/\">Juntas de silicona<\/a><\/p>\n<p><a href=\"https:\/\/amrtop.net\/es\/categoria-de-productos\/recambios-miscelaneos-cocinas-y-calderas-2\/motoreducteurs\/\">Motorreductores<\/a><\/p>\n<p><a href=\"https:\/\/amrtop.net\/es\/categoria-de-productos\/recambios-miscelaneos-cocinas-y-calderas-2\/pressostats-et-transducteurs\/\">Presostatos y transductores<\/a><\/p>\n<p><a href=\"https:\/\/amrtop.com\/B2B\/fr\/categorie-produit\/ricambi-vari-stufe-e-caldaie\/sonde-termostati-manometri-termometri\/\">Sondas termostatos man\u00f3metros term\u00f3metros<\/a><\/p>\n<p><a href=\"https:\/\/amrtop.net\/es\/categoria-de-productos\/recambios-miscelaneos-cocinas-y-calderas-2\/joints-detancheite\/\">Sellado de trenzas<\/a><\/p>\n<p><a href=\"https:\/\/amrtop.net\/es\/categoria-de-productos\/recambios-miscelaneos-cocinas-y-calderas-2\/ventilateurs-centrifuges-pour-poeles-a-pellets\/\">Ventiladores centr\u00edfugos<\/a><\/p>\n<p><a href=\"https:\/\/amrtop.net\/es\/categoria-de-productos\/recambios-miscelaneos-cocinas-y-calderas-2\/ventilateurs-tangentiels-flux-transversal\/\">Ventiladores de flujo cruzado<\/a><\/p>\n<p><a href=\"https:\/\/amrtop.net\/es\/categoria-de-productos\/recambios-miscelaneos-cocinas-y-calderas-2\/adhesifs-et-produits-detancheite\/\">Colas y selladores<\/a><\/p>\n<p>&nbsp;<\/p>","protected":false},"excerpt":{"rendered":"<hr \/>\n<h2><span style=\"color: #008000\">Disponible en<\/span><\/h2>\n<hr \/>\n<h3>Motorreductor Bcz 5 rpm<\/h3>\n<p>Code AM5105095<br \/>\nArbre creux<br \/>\nVitesse : 5 rpm<br \/>\nPaquete lamelar: 40 mm<br \/>\nSentido de giro: agujas del reloj<br \/>\nCouple nominal : 15 Nm<\/p>","protected":false},"featured_media":35172,"comment_status":"open","ping_status":"closed","template":"","meta":[],"product_brand":[],"product_cat":[861,1360,1367],"product_tag":[],"class_list":{"0":"post-20320","1":"product","2":"type-product","3":"status-publish","4":"has-post-thumbnail","6":"product_cat-motoreducteurs","7":"product_cat-motoreducteurs-bcz","8":"product_cat-motoreducteurs-bcz-510-arbre-creux","9":"product_shipping_class-classe-di-spedizione-02","11":"first","12":"instock","13":"shipping-taxable","14":"purchasable","15":"product-type-simple"},"yoast_head":"<!-- This site is optimized with the Yoast SEO plugin v27.5 - https:\/\/yoast.com\/product\/yoast-seo-wordpress\/ -->\n<title>Motor\u00e9ducteur Bcz 5 rpm arbre creux<\/title>\n<meta name=\"description\" content=\"Motor\u00e9ducteur Bcz 5 rpm arbre creux a pour t\u00e2che de faire tourner la vis sans fin pr\u00e9sente dans le r\u00e9servoir du pellet en le transportant dans le creuset\" \/>\n<meta name=\"robots\" content=\"index, follow, max-snippet:-1, max-image-preview:large, max-video-preview:-1\" \/>\n<link rel=\"canonical\" href=\"https:\/\/amrtop.net\/es\/producto\/motoreducteur-bcz-5-rpm-code-am5105095-arbre-creux-toles-feuilletees-40-mm\/\" \/>\n<meta property=\"og:locale\" content=\"es_ES\" \/>\n<meta property=\"og:type\" content=\"article\" \/>\n<meta property=\"og:title\" content=\"Motor\u00e9ducteur Bcz 5 rpm arbre creux\" \/>\n<meta property=\"og:description\" content=\"Motor\u00e9ducteur Bcz 5 rpm arbre creux a pour t\u00e2che de faire tourner la vis sans fin pr\u00e9sente dans le r\u00e9servoir du pellet en le transportant dans le creuset\" \/>\n<meta property=\"og:url\" content=\"https:\/\/amrtop.net\/es\/producto\/motoreducteur-bcz-5-rpm-code-am5105095-arbre-creux-toles-feuilletees-40-mm\/\" \/>\n<meta property=\"og:site_name\" content=\"AMRTOP B2B \u00c9tranger - Achats r\u00e9serv\u00e9s au professionnel\" \/>\n<meta property=\"article:modified_time\" content=\"2023-05-27T11:22:51+00:00\" \/>\n<meta property=\"og:image\" content=\"https:\/\/amrtop.net\/wp-content\/uploads\/2020\/10\/AM5105095.jpg\" \/>\n\t<meta property=\"og:image:width\" content=\"960\" \/>\n\t<meta property=\"og:image:height\" content=\"960\" \/>\n\t<meta property=\"og:image:type\" content=\"image\/jpeg\" \/>\n<meta name=\"twitter:card\" content=\"summary_large_image\" \/>\n<meta name=\"twitter:label1\" content=\"Tiempo de lectura\" \/>\n\t<meta name=\"twitter:data1\" content=\"2 minutos\" \/>\n<script type=\"application\/ld+json\" class=\"yoast-schema-graph\">{\"@context\":\"https:\\\/\\\/schema.org\",\"@graph\":[{\"@type\":\"WebPage\",\"@id\":\"https:\\\/\\\/amrtop.net\\\/produit\\\/motoreducteur-bcz-5-rpm-code-am5105095-arbre-creux-toles-feuilletees-40-mm\\\/\",\"url\":\"https:\\\/\\\/amrtop.net\\\/produit\\\/motoreducteur-bcz-5-rpm-code-am5105095-arbre-creux-toles-feuilletees-40-mm\\\/\",\"name\":\"Motor\u00e9ducteur Bcz 5 rpm arbre creux\",\"isPartOf\":{\"@id\":\"https:\\\/\\\/amrtop.net\\\/#website\"},\"primaryImageOfPage\":{\"@id\":\"https:\\\/\\\/amrtop.net\\\/produit\\\/motoreducteur-bcz-5-rpm-code-am5105095-arbre-creux-toles-feuilletees-40-mm\\\/#primaryimage\"},\"image\":{\"@id\":\"https:\\\/\\\/amrtop.net\\\/produit\\\/motoreducteur-bcz-5-rpm-code-am5105095-arbre-creux-toles-feuilletees-40-mm\\\/#primaryimage\"},\"thumbnailUrl\":\"https:\\\/\\\/amrtop.net\\\/wp-content\\\/uploads\\\/2020\\\/10\\\/AM5105095.jpg\",\"datePublished\":\"2020-10-01T00:00:00+00:00\",\"dateModified\":\"2023-05-27T11:22:51+00:00\",\"description\":\"Motor\u00e9ducteur Bcz 5 rpm arbre creux a pour t\u00e2che de faire tourner la vis sans fin pr\u00e9sente dans le r\u00e9servoir du pellet en le transportant dans le creuset\",\"breadcrumb\":{\"@id\":\"https:\\\/\\\/amrtop.net\\\/produit\\\/motoreducteur-bcz-5-rpm-code-am5105095-arbre-creux-toles-feuilletees-40-mm\\\/#breadcrumb\"},\"inLanguage\":\"es\",\"potentialAction\":[{\"@type\":\"ReadAction\",\"target\":[\"https:\\\/\\\/amrtop.net\\\/produit\\\/motoreducteur-bcz-5-rpm-code-am5105095-arbre-creux-toles-feuilletees-40-mm\\\/\"]}]},{\"@type\":\"ImageObject\",\"inLanguage\":\"es\",\"@id\":\"https:\\\/\\\/amrtop.net\\\/produit\\\/motoreducteur-bcz-5-rpm-code-am5105095-arbre-creux-toles-feuilletees-40-mm\\\/#primaryimage\",\"url\":\"https:\\\/\\\/amrtop.net\\\/wp-content\\\/uploads\\\/2020\\\/10\\\/AM5105095.jpg\",\"contentUrl\":\"https:\\\/\\\/amrtop.net\\\/wp-content\\\/uploads\\\/2020\\\/10\\\/AM5105095.jpg\",\"width\":960,\"height\":960,\"caption\":\"Motor\u00e9ducteur Bcz 5 rpm arbre creux a pour t\u00e2che de faire tourner la vis sans fin pr\u00e9sente dans le r\u00e9servoir du pellet en le transportant dans le creuset\"},{\"@type\":\"BreadcrumbList\",\"@id\":\"https:\\\/\\\/amrtop.net\\\/produit\\\/motoreducteur-bcz-5-rpm-code-am5105095-arbre-creux-toles-feuilletees-40-mm\\\/#breadcrumb\",\"itemListElement\":[{\"@type\":\"ListItem\",\"position\":1,\"name\":\"Home\",\"item\":\"https:\\\/\\\/amrtop.net\\\/\"},{\"@type\":\"ListItem\",\"position\":2,\"name\":\"Shop\",\"item\":\"https:\\\/\\\/amrtop.net\\\/negozio\\\/\"},{\"@type\":\"ListItem\",\"position\":3,\"name\":\"Motor\u00e9ducteur Bcz 5 rpm Code AM5105095 &#8211; Arbre creux &#8211; T\u00f4les feuillet\u00e9es 40 mm\"}]},{\"@type\":\"WebSite\",\"@id\":\"https:\\\/\\\/amrtop.net\\\/#website\",\"url\":\"https:\\\/\\\/amrtop.net\\\/\",\"name\":\"AMRTOP B2B \u00c9tranger - Achats r\u00e9serv\u00e9s au professionnel\",\"description\":\"Pi\u00e8ces de rechange et accessoires pour po\u00eales et chaudi\u00e8res - eCommerce B2B pour Clients Professionnels\",\"potentialAction\":[{\"@type\":\"SearchAction\",\"target\":{\"@type\":\"EntryPoint\",\"urlTemplate\":\"https:\\\/\\\/amrtop.net\\\/?s={search_term_string}\"},\"query-input\":{\"@type\":\"PropertyValueSpecification\",\"valueRequired\":true,\"valueName\":\"search_term_string\"}}],\"inLanguage\":\"es\"}]}<\/script>\n<!-- \/ Yoast SEO plugin. -->","yoast_head_json":{"title":"Motor\u00e9ducteur Bcz 5 rpm arbre creux","description":"El motorreductor de eje hueco Bcz 5 rpm se encarga de hacer girar el tornillo sin fin en el dep\u00f3sito de granulado, transportando el granulado al crisol.","robots":{"index":"index","follow":"follow","max-snippet":"max-snippet:-1","max-image-preview":"max-image-preview:large","max-video-preview":"max-video-preview:-1"},"canonical":"https:\/\/amrtop.net\/es\/producto\/motoreducteur-bcz-5-rpm-code-am5105095-arbre-creux-toles-feuilletees-40-mm\/","og_locale":"es_ES","og_type":"article","og_title":"Motor\u00e9ducteur Bcz 5 rpm arbre creux","og_description":"Motor\u00e9ducteur Bcz 5 rpm arbre creux a pour t\u00e2che de faire tourner la vis sans fin pr\u00e9sente dans le r\u00e9servoir du pellet en le transportant dans le creuset","og_url":"https:\/\/amrtop.net\/es\/producto\/motoreducteur-bcz-5-rpm-code-am5105095-arbre-creux-toles-feuilletees-40-mm\/","og_site_name":"AMRTOP B2B \u00c9tranger - Achats r\u00e9serv\u00e9s au professionnel","article_modified_time":"2023-05-27T11:22:51+00:00","og_image":[{"width":960,"height":960,"url":"https:\/\/amrtop.net\/wp-content\/uploads\/2020\/10\/AM5105095.jpg","type":"image\/jpeg"}],"twitter_card":"summary_large_image","twitter_misc":{"Tiempo de lectura":"2 minutos"},"schema":{"@context":"https:\/\/schema.org","@graph":[{"@type":"WebPage","@id":"https:\/\/amrtop.net\/produit\/motoreducteur-bcz-5-rpm-code-am5105095-arbre-creux-toles-feuilletees-40-mm\/","url":"https:\/\/amrtop.net\/produit\/motoreducteur-bcz-5-rpm-code-am5105095-arbre-creux-toles-feuilletees-40-mm\/","name":"Motor\u00e9ducteur Bcz 5 rpm arbre creux","isPartOf":{"@id":"https:\/\/amrtop.net\/#website"},"primaryImageOfPage":{"@id":"https:\/\/amrtop.net\/produit\/motoreducteur-bcz-5-rpm-code-am5105095-arbre-creux-toles-feuilletees-40-mm\/#primaryimage"},"image":{"@id":"https:\/\/amrtop.net\/produit\/motoreducteur-bcz-5-rpm-code-am5105095-arbre-creux-toles-feuilletees-40-mm\/#primaryimage"},"thumbnailUrl":"https:\/\/amrtop.net\/wp-content\/uploads\/2020\/10\/AM5105095.jpg","datePublished":"2020-10-01T00:00:00+00:00","dateModified":"2023-05-27T11:22:51+00:00","description":"El motorreductor de eje hueco Bcz 5 rpm se encarga de hacer girar el tornillo sin fin en el dep\u00f3sito de granulado, transportando el granulado al crisol.","breadcrumb":{"@id":"https:\/\/amrtop.net\/produit\/motoreducteur-bcz-5-rpm-code-am5105095-arbre-creux-toles-feuilletees-40-mm\/#breadcrumb"},"inLanguage":"es","potentialAction":[{"@type":"ReadAction","target":["https:\/\/amrtop.net\/produit\/motoreducteur-bcz-5-rpm-code-am5105095-arbre-creux-toles-feuilletees-40-mm\/"]}]},{"@type":"ImageObject","inLanguage":"es","@id":"https:\/\/amrtop.net\/produit\/motoreducteur-bcz-5-rpm-code-am5105095-arbre-creux-toles-feuilletees-40-mm\/#primaryimage","url":"https:\/\/amrtop.net\/wp-content\/uploads\/2020\/10\/AM5105095.jpg","contentUrl":"https:\/\/amrtop.net\/wp-content\/uploads\/2020\/10\/AM5105095.jpg","width":960,"height":960,"caption":"Motor\u00e9ducteur Bcz 5 rpm arbre creux a pour t\u00e2che de faire tourner la vis sans fin pr\u00e9sente dans le r\u00e9servoir du pellet en le transportant dans le creuset"},{"@type":"BreadcrumbList","@id":"https:\/\/amrtop.net\/produit\/motoreducteur-bcz-5-rpm-code-am5105095-arbre-creux-toles-feuilletees-40-mm\/#breadcrumb","itemListElement":[{"@type":"ListItem","position":1,"name":"Home","item":"https:\/\/amrtop.net\/"},{"@type":"ListItem","position":2,"name":"Shop","item":"https:\/\/amrtop.net\/negozio\/"},{"@type":"ListItem","position":3,"name":"Motor\u00e9ducteur Bcz 5 rpm Code AM5105095 &#8211; Arbre creux &#8211; T\u00f4les feuillet\u00e9es 40 mm"}]},{"@type":"WebSite","@id":"https:\/\/amrtop.net\/#website","url":"https:\/\/amrtop.net\/","name":"AMRTOP B2B Abroad - Compras reservadas a los profesionales","description":"Recambios y accesorios para estufas y calderas - Comercio electr\u00f3nico B2B para profesionales","potentialAction":[{"@type":"SearchAction","target":{"@type":"EntryPoint","urlTemplate":"https:\/\/amrtop.net\/?s={search_term_string}"},"query-input":{"@type":"PropertyValueSpecification","valueRequired":true,"valueName":"search_term_string"}}],"inLanguage":"es"}]}},"_links":{"self":[{"href":"https:\/\/amrtop.net\/es\/wp-json\/wp\/v2\/product\/20320","targetHints":{"allow":["GET"]}}],"collection":[{"href":"https:\/\/amrtop.net\/es\/wp-json\/wp\/v2\/product"}],"about":[{"href":"https:\/\/amrtop.net\/es\/wp-json\/wp\/v2\/types\/product"}],"replies":[{"embeddable":true,"href":"https:\/\/amrtop.net\/es\/wp-json\/wp\/v2\/comments?post=20320"}],"wp:featuredmedia":[{"embeddable":true,"href":"https:\/\/amrtop.net\/es\/wp-json\/wp\/v2\/media\/35172"}],"wp:attachment":[{"href":"https:\/\/amrtop.net\/es\/wp-json\/wp\/v2\/media?parent=20320"}],"wp:term":[{"taxonomy":"product_brand","embeddable":true,"href":"https:\/\/amrtop.net\/es\/wp-json\/wp\/v2\/product_brand?post=20320"},{"taxonomy":"product_cat","embeddable":true,"href":"https:\/\/amrtop.net\/es\/wp-json\/wp\/v2\/product_cat?post=20320"},{"taxonomy":"product_tag","embeddable":true,"href":"https:\/\/amrtop.net\/es\/wp-json\/wp\/v2\/product_tag?post=20320"}],"curies":[{"name":"wp","href":"https:\/\/api.w.org\/{rel}","templated":true}]}}