{"id":20460,"date":"2020-10-01T00:00:00","date_gmt":"2020-10-01T00:00:00","guid":{"rendered":"https:\/\/amrtop.com\/B2B\/?post_type=product&#038;p=20460"},"modified":"2023-06-06T07:51:03","modified_gmt":"2023-06-06T07:51:03","slug":"ventilateur-centrifuge-trial-code-cah11y4-003-60-encombrement-longueur-141-mm-encombrement-hauteur-170-mm-2","status":"publish","type":"product","link":"https:\/\/amrtop.net\/es\/produit\/ventilateur-centrifuge-trial-code-cah11y4-003-60-encombrement-longueur-141-mm-encombrement-hauteur-170-mm-2\/","title":{"rendered":"Ventilador centr\u00edfugo de prueba C\u00f3digo CAH11Y4-003-60 - Longitud total 141 mm - Altura total 170 mm"},"content":{"rendered":"<hr \/>\n<h3>Ventilateur centrifuge Trial code CAH11Y4-003-60<\/h3>\n<p><strong>Caract\u00e9ristiques g\u00e9n\u00e9rales du ventilateur centrifuge Trial code CAH11Y4-003-60<\/strong><\/p>\n<p>El caracol de los ventiladores centr\u00edfugos de aspiraci\u00f3n simple est\u00e1 abierto por ambos lados, lo que maximiza la relaci\u00f3n entre la longitud del ventilador y las dimensiones longitudinales.<\/p>\n<p>Las principales caracter\u00edsticas de esta serie de productos Fergas son: alta eficiencia, baja rumorosidad, dise\u00f1o robusto y bajo consumo.<\/p>\n<p>Esta familia incluye una serie de productos desarrollados para garantizar bajos niveles de ruido al alimentar controladores electr\u00f3nicos (TRIAC).<\/p>\n<p>Los sistemas de accionamiento incluyen motores de polos blindados, motores PSC de rotor externo y motores sin escobillas.<\/p>\n<p>Los di\u00e1metros de los ventiladores van de 76 a 133 mm, con longitudes de 87 a 196 mm.<\/p>\n<h3><strong>Aplicaciones<\/strong><\/h3>\n<ul>\n<li>Estufas de pellets<\/li>\n<li>Chimeneas<\/li>\n<li>Ventilaci\u00f3n<\/li>\n<\/ul>\n<h3>Caracter\u00edsticas de construcci\u00f3n :<\/h3>\n<p>Los ventiladores centr\u00edfugos de doble aspiraci\u00f3n Trial se caracterizan por su robustez y calidad de construcci\u00f3n.<\/p>\n<p>Los caracoles de chapa pregalvanizada se dise\u00f1an con una cuidadosa elecci\u00f3n de espesores y geometr\u00edas para garantizar el nivel adecuado de rigidez estructural con un peso reducido.<\/p>\n<p>Las tecnolog\u00edas de montaje Fergas desarrolladas junto con el producto garantizan la solidez y la ausencia de vibraciones y resonancias.<\/p>\n<p>Se presta especial atenci\u00f3n a la linealidad del puerto de eflujo y a los acabados mec\u00e1nicos.<\/p>\n<p><strong>Presente en aparatos t\u00edpicos<\/strong>\u00a0Estufa de pellets - Caldera de pellets - Quemador de pellets - Barbacoa\/parrilla de pellets Caldera de biomasa - Quemador de biomasa - Y muchos otros quemadores<\/p>\n<h3>Utilisation du ventilateur centrifuge Trial code CAH11Y4-003-60<\/h3>\n<p>El ventilador centr\u00edfugo propuesto por Amrtop se instala en aparatos de biomasa para extraer el aire caliente creado por el cuerpo de combusti\u00f3n y difundirlo despu\u00e9s en el ambiente.<\/p>\n<h3><strong>Interior<\/strong><\/h3>\n<p><a href=\"https:\/\/wekos.it\/\" data-saferedirecturl=\"https:\/\/www.google.com\/url?q=https:\/\/wekos.it\/&amp;source=gmail&amp;ust=1663403130342000&amp;usg=AOvVaw3tSc8ifXpY10c_ra5yONOm\">Estufas, cocinas y cocinas de le\u00f1a<\/a>\u00a0-\u00a0<a href=\"https:\/\/www.greenpuros.com\/\" data-saferedirecturl=\"https:\/\/www.google.com\/url?q=https:\/\/www.greenpuros.com\/&amp;source=gmail&amp;ust=1663403130342000&amp;usg=AOvVaw2rCyFqxLjIIe738oWB-E-2\">chimeneas, estufas y calderas de pellets.<\/a><\/p>\n<h3><strong>Gama Amrtop de recambios y accesorios<\/strong><\/h3>\n<p><a href=\"https:\/\/amrtop.net\/es\/categoria-de-productos\/recambios-miscelaneos-cocinas-y-calderas-2\/bougies-dallumage-pour-poeles-et-chaudieres-a-pellets\/\">Calentadores<\/a><\/p>\n<p><a href=\"https:\/\/amrtop.net\/es\/categoria-de-productos\/recambios-miscelaneos-cocinas-y-calderas-2\/electronique\/\">Electr\u00f3nica<\/a><\/p>\n<p><a href=\"https:\/\/amrtop.net\/es\/categoria-de-productos\/recambios-miscelaneos-cocinas-y-calderas-2\/extracteurs-de-fumee\/\">Extractores de humo<\/a><\/p>\n<p><a href=\"https:\/\/amrtop.net\/es\/categoria-de-productos\/recambios-miscelaneos-cocinas-y-calderas-2\/gaines-cable-connecteurs\/\">Fundas de cables de conexi\u00f3n<\/a><\/p>\n<p><a href=\"https:\/\/amrtop.net\/es\/categoria-de-productos\/recambios-miscelaneos-cocinas-y-calderas-2\/joints-de-silicone\/\">Juntas de silicona<\/a><\/p>\n<p><a href=\"https:\/\/amrtop.net\/es\/categoria-de-productos\/recambios-miscelaneos-cocinas-y-calderas-2\/motoreducteurs\/\">Motorreductores<\/a><\/p>\n<p><a href=\"https:\/\/amrtop.net\/es\/categoria-de-productos\/recambios-miscelaneos-cocinas-y-calderas-2\/pressostats-et-transducteurs\/\">Presostatos y transductores<\/a><\/p>\n<p><a href=\"https:\/\/amrtop.net\/es\/categoria-de-productos\/recambios-miscelaneos-cocinas-y-calderas-2\/sondes-thermostats-manometres-thermometres\/\">Sondas termostatos man\u00f3metros term\u00f3metros<\/a><\/p>\n<p><a href=\"https:\/\/amrtop.net\/es\/categoria-de-productos\/recambios-miscelaneos-cocinas-y-calderas-2\/joints-detancheite\/\">Sellado de trenzas<\/a><\/p>\n<p><a href=\"https:\/\/amrtop.net\/es\/categoria-de-productos\/recambios-miscelaneos-cocinas-y-calderas-2\/ventilateurs-centrifuges-pour-poeles-a-pellets\/\">Ventiladores centr\u00edfugos<\/a><\/p>\n<p><a href=\"https:\/\/amrtop.net\/es\/categoria-de-productos\/recambios-miscelaneos-cocinas-y-calderas-2\/ventilateurs-tangentiels-flux-transversal\/\">Ventiladores de flujo cruzado<\/a><\/p>\n<p><a href=\"https:\/\/amrtop.net\/es\/categoria-de-productos\/recambios-miscelaneos-cocinas-y-calderas-2\/adhesifs-et-produits-detancheite\/\">Colas y selladores<\/a><\/p>\n<p><a href=\"https:\/\/amrtop.com\/B2B\/categoria-prodotto\/ricambi-vari-stufe-e-caldaie\/candelette\/\" data-saferedirecturl=\"https:\/\/www.google.com\/url?q=https:\/\/amrtop.com\/B2B\/categoria-prodotto\/ricambi-vari-stufe-e-caldaie\/candelette\/&amp;source=gmail&amp;ust=1663403130342000&amp;usg=AOvVaw3cT38HnSsz4xuQlMi_7-z9\"><strong>\u00a0<\/strong><\/a><\/p>\n<p>El personal de\u00a0<strong>Amrtop<\/strong> a \u00e9t\u00e9 form\u00e9 avec soin afin de vous aider \u00e0 identifier les \u00e9ventuelles pi\u00e8ces d\u00e9tach\u00e9es \u00e0 remplacer.En proposant une assistance t\u00e9l\u00e9phonique en fran\u00e7ais, anglais, roumain et italien.<br \/>\nNo dude en ponerse en contacto con nosotros<\/p>\n<p>&nbsp;<\/p>","protected":false},"excerpt":{"rendered":"<hr \/>\n<h2><span style=\"color: #008000\">Disponible en<\/span><\/h2>\n<hr \/>\n<p>Code CAH11Y4-003-60<\/p>\n<p>Ventilador \u00f8 108 mm<\/p>\n<p>Longitud total: 141 mm<\/p>\n<p>Altura total: 170 mm<\/p>\n<p>Profundidad total: 163 mm<\/p>\n<p>Debit d&#8217;air : 185 m\u00b3\/h<\/p>\n<p>Paquete de escamas: 25 mm<\/p>\n<p>Puissance\u00a0: 52 W<\/p>\n<p>Classe H- Protection thermique 150\u00b0C<\/p>","protected":false},"featured_media":36007,"comment_status":"open","ping_status":"closed","template":"","meta":[],"product_brand":[],"product_cat":[839,1300,1301,1386],"product_tag":[],"class_list":{"0":"post-20460","1":"product","2":"type-product","3":"status-publish","4":"has-post-thumbnail","6":"product_cat-pieces-de-rechange-divers-poeles-et-chaudieres","7":"product_cat-ventilateurs-centrifuges-pour-poeles-a-pellets","8":"product_cat-ventilateurs-centrifuges-trial","9":"product_cat-ventilateurs-centrifuges-trial-pour-canalisation-dair-chaud","10":"product_shipping_class-classe-di-spedizione-02","12":"first","13":"instock","14":"shipping-taxable","15":"purchasable","16":"product-type-simple"},"yoast_head":"<!-- This site is optimized with the Yoast SEO plugin v27.5 - https:\/\/yoast.com\/product\/yoast-seo-wordpress\/ -->\n<title>Ventilateur centrifuge Trial code CAH11Y4-003-60<\/title>\n<meta name=\"description\" content=\"Ventilateur centrifuge Trial code CAH11Y4-003-60 - Ventilateur centrifuge Trial code CAH11Y4-003-60 pour po\u00eales et chaudi\u00e8res \u00e0 pellets\" \/>\n<meta name=\"robots\" content=\"index, follow, max-snippet:-1, max-image-preview:large, max-video-preview:-1\" \/>\n<link rel=\"canonical\" href=\"https:\/\/amrtop.net\/es\/producto\/ventilateur-centrifuge-trial-code-cah11y4-003-60-encombrement-longueur-141-mm-encombrement-hauteur-170-mm-2\/\" \/>\n<meta property=\"og:locale\" content=\"es_ES\" \/>\n<meta property=\"og:type\" content=\"article\" \/>\n<meta property=\"og:title\" content=\"Ventilateur centrifuge Trial code CAH11Y4-003-60\" \/>\n<meta property=\"og:description\" content=\"Ventilateur centrifuge Trial code CAH11Y4-003-60 - Ventilateur centrifuge Trial code CAH11Y4-003-60 pour po\u00eales et chaudi\u00e8res \u00e0 pellets\" \/>\n<meta property=\"og:url\" content=\"https:\/\/amrtop.net\/es\/producto\/ventilateur-centrifuge-trial-code-cah11y4-003-60-encombrement-longueur-141-mm-encombrement-hauteur-170-mm-2\/\" \/>\n<meta property=\"og:site_name\" content=\"AMRTOP B2B \u00c9tranger - Achats r\u00e9serv\u00e9s au professionnel\" \/>\n<meta property=\"article:modified_time\" content=\"2023-06-06T07:51:03+00:00\" \/>\n<meta property=\"og:image\" content=\"https:\/\/amrtop.net\/wp-content\/uploads\/2020\/10\/CAH11Y400360.jpg\" \/>\n\t<meta property=\"og:image:width\" content=\"960\" \/>\n\t<meta property=\"og:image:height\" content=\"960\" \/>\n\t<meta property=\"og:image:type\" content=\"image\/jpeg\" \/>\n<meta name=\"twitter:card\" content=\"summary_large_image\" \/>\n<meta name=\"twitter:label1\" content=\"Tiempo de lectura\" \/>\n\t<meta name=\"twitter:data1\" content=\"1 minuto\" \/>\n<script type=\"application\/ld+json\" class=\"yoast-schema-graph\">{\"@context\":\"https:\\\/\\\/schema.org\",\"@graph\":[{\"@type\":\"WebPage\",\"@id\":\"https:\\\/\\\/amrtop.net\\\/produit\\\/ventilateur-centrifuge-trial-code-cah11y4-003-60-encombrement-longueur-141-mm-encombrement-hauteur-170-mm-2\\\/\",\"url\":\"https:\\\/\\\/amrtop.net\\\/produit\\\/ventilateur-centrifuge-trial-code-cah11y4-003-60-encombrement-longueur-141-mm-encombrement-hauteur-170-mm-2\\\/\",\"name\":\"Ventilateur centrifuge Trial code CAH11Y4-003-60\",\"isPartOf\":{\"@id\":\"https:\\\/\\\/amrtop.net\\\/#website\"},\"primaryImageOfPage\":{\"@id\":\"https:\\\/\\\/amrtop.net\\\/produit\\\/ventilateur-centrifuge-trial-code-cah11y4-003-60-encombrement-longueur-141-mm-encombrement-hauteur-170-mm-2\\\/#primaryimage\"},\"image\":{\"@id\":\"https:\\\/\\\/amrtop.net\\\/produit\\\/ventilateur-centrifuge-trial-code-cah11y4-003-60-encombrement-longueur-141-mm-encombrement-hauteur-170-mm-2\\\/#primaryimage\"},\"thumbnailUrl\":\"https:\\\/\\\/amrtop.net\\\/wp-content\\\/uploads\\\/2020\\\/10\\\/CAH11Y400360.jpg\",\"datePublished\":\"2020-10-01T00:00:00+00:00\",\"dateModified\":\"2023-06-06T07:51:03+00:00\",\"description\":\"Ventilateur centrifuge Trial code CAH11Y4-003-60 - Ventilateur centrifuge Trial code CAH11Y4-003-60 pour po\u00eales et chaudi\u00e8res \u00e0 pellets\",\"breadcrumb\":{\"@id\":\"https:\\\/\\\/amrtop.net\\\/produit\\\/ventilateur-centrifuge-trial-code-cah11y4-003-60-encombrement-longueur-141-mm-encombrement-hauteur-170-mm-2\\\/#breadcrumb\"},\"inLanguage\":\"es\",\"potentialAction\":[{\"@type\":\"ReadAction\",\"target\":[\"https:\\\/\\\/amrtop.net\\\/produit\\\/ventilateur-centrifuge-trial-code-cah11y4-003-60-encombrement-longueur-141-mm-encombrement-hauteur-170-mm-2\\\/\"]}]},{\"@type\":\"ImageObject\",\"inLanguage\":\"es\",\"@id\":\"https:\\\/\\\/amrtop.net\\\/produit\\\/ventilateur-centrifuge-trial-code-cah11y4-003-60-encombrement-longueur-141-mm-encombrement-hauteur-170-mm-2\\\/#primaryimage\",\"url\":\"https:\\\/\\\/amrtop.net\\\/wp-content\\\/uploads\\\/2020\\\/10\\\/CAH11Y400360.jpg\",\"contentUrl\":\"https:\\\/\\\/amrtop.net\\\/wp-content\\\/uploads\\\/2020\\\/10\\\/CAH11Y400360.jpg\",\"width\":960,\"height\":960,\"caption\":\"Ventilateur centrifuge Trial code CAH11Y4-003-60 - Ventilateur centrifuge Trial code CAH11Y4-003-60 pour po\u00eales et chaudi\u00e8res \u00e0 pellets\"},{\"@type\":\"BreadcrumbList\",\"@id\":\"https:\\\/\\\/amrtop.net\\\/produit\\\/ventilateur-centrifuge-trial-code-cah11y4-003-60-encombrement-longueur-141-mm-encombrement-hauteur-170-mm-2\\\/#breadcrumb\",\"itemListElement\":[{\"@type\":\"ListItem\",\"position\":1,\"name\":\"Home\",\"item\":\"https:\\\/\\\/amrtop.net\\\/\"},{\"@type\":\"ListItem\",\"position\":2,\"name\":\"Shop\",\"item\":\"https:\\\/\\\/amrtop.net\\\/negozio\\\/\"},{\"@type\":\"ListItem\",\"position\":3,\"name\":\"Ventilateur centrifuge Trial Code CAH11Y4-003-60 &#8211; Encombrement longueur 141 mm &#8211; Encombrement hauteur 170 mm\"}]},{\"@type\":\"WebSite\",\"@id\":\"https:\\\/\\\/amrtop.net\\\/#website\",\"url\":\"https:\\\/\\\/amrtop.net\\\/\",\"name\":\"AMRTOP B2B \u00c9tranger - Achats r\u00e9serv\u00e9s au professionnel\",\"description\":\"Pi\u00e8ces de rechange et accessoires pour po\u00eales et chaudi\u00e8res - eCommerce B2B pour Clients Professionnels\",\"potentialAction\":[{\"@type\":\"SearchAction\",\"target\":{\"@type\":\"EntryPoint\",\"urlTemplate\":\"https:\\\/\\\/amrtop.net\\\/?s={search_term_string}\"},\"query-input\":{\"@type\":\"PropertyValueSpecification\",\"valueRequired\":true,\"valueName\":\"search_term_string\"}}],\"inLanguage\":\"es\"}]}<\/script>\n<!-- \/ Yoast SEO plugin. -->","yoast_head_json":{"title":"Ventilateur centrifuge Trial code CAH11Y4-003-60","description":"Ventilateur centrifuge Trial code CAH11Y4-003-60 - Ventilateur centrifuge Trial code CAH11Y4-003-60 pour po\u00eales et chaudi\u00e8res \u00e0 pellets","robots":{"index":"index","follow":"follow","max-snippet":"max-snippet:-1","max-image-preview":"max-image-preview:large","max-video-preview":"max-video-preview:-1"},"canonical":"https:\/\/amrtop.net\/es\/producto\/ventilateur-centrifuge-trial-code-cah11y4-003-60-encombrement-longueur-141-mm-encombrement-hauteur-170-mm-2\/","og_locale":"es_ES","og_type":"article","og_title":"Ventilateur centrifuge Trial code CAH11Y4-003-60","og_description":"Ventilateur centrifuge Trial code CAH11Y4-003-60 - Ventilateur centrifuge Trial code CAH11Y4-003-60 pour po\u00eales et chaudi\u00e8res \u00e0 pellets","og_url":"https:\/\/amrtop.net\/es\/producto\/ventilateur-centrifuge-trial-code-cah11y4-003-60-encombrement-longueur-141-mm-encombrement-hauteur-170-mm-2\/","og_site_name":"AMRTOP B2B \u00c9tranger - Achats r\u00e9serv\u00e9s au professionnel","article_modified_time":"2023-06-06T07:51:03+00:00","og_image":[{"width":960,"height":960,"url":"https:\/\/amrtop.net\/wp-content\/uploads\/2020\/10\/CAH11Y400360.jpg","type":"image\/jpeg"}],"twitter_card":"summary_large_image","twitter_misc":{"Tiempo de lectura":"1 minuto"},"schema":{"@context":"https:\/\/schema.org","@graph":[{"@type":"WebPage","@id":"https:\/\/amrtop.net\/produit\/ventilateur-centrifuge-trial-code-cah11y4-003-60-encombrement-longueur-141-mm-encombrement-hauteur-170-mm-2\/","url":"https:\/\/amrtop.net\/produit\/ventilateur-centrifuge-trial-code-cah11y4-003-60-encombrement-longueur-141-mm-encombrement-hauteur-170-mm-2\/","name":"Ventilateur centrifuge Trial code CAH11Y4-003-60","isPartOf":{"@id":"https:\/\/amrtop.net\/#website"},"primaryImageOfPage":{"@id":"https:\/\/amrtop.net\/produit\/ventilateur-centrifuge-trial-code-cah11y4-003-60-encombrement-longueur-141-mm-encombrement-hauteur-170-mm-2\/#primaryimage"},"image":{"@id":"https:\/\/amrtop.net\/produit\/ventilateur-centrifuge-trial-code-cah11y4-003-60-encombrement-longueur-141-mm-encombrement-hauteur-170-mm-2\/#primaryimage"},"thumbnailUrl":"https:\/\/amrtop.net\/wp-content\/uploads\/2020\/10\/CAH11Y400360.jpg","datePublished":"2020-10-01T00:00:00+00:00","dateModified":"2023-06-06T07:51:03+00:00","description":"Ventilateur centrifuge Trial code CAH11Y4-003-60 - Ventilateur centrifuge Trial code CAH11Y4-003-60 pour po\u00eales et chaudi\u00e8res \u00e0 pellets","breadcrumb":{"@id":"https:\/\/amrtop.net\/produit\/ventilateur-centrifuge-trial-code-cah11y4-003-60-encombrement-longueur-141-mm-encombrement-hauteur-170-mm-2\/#breadcrumb"},"inLanguage":"es","potentialAction":[{"@type":"ReadAction","target":["https:\/\/amrtop.net\/produit\/ventilateur-centrifuge-trial-code-cah11y4-003-60-encombrement-longueur-141-mm-encombrement-hauteur-170-mm-2\/"]}]},{"@type":"ImageObject","inLanguage":"es","@id":"https:\/\/amrtop.net\/produit\/ventilateur-centrifuge-trial-code-cah11y4-003-60-encombrement-longueur-141-mm-encombrement-hauteur-170-mm-2\/#primaryimage","url":"https:\/\/amrtop.net\/wp-content\/uploads\/2020\/10\/CAH11Y400360.jpg","contentUrl":"https:\/\/amrtop.net\/wp-content\/uploads\/2020\/10\/CAH11Y400360.jpg","width":960,"height":960,"caption":"Ventilateur centrifuge Trial code CAH11Y4-003-60 - Ventilateur centrifuge Trial code CAH11Y4-003-60 pour po\u00eales et chaudi\u00e8res \u00e0 pellets"},{"@type":"BreadcrumbList","@id":"https:\/\/amrtop.net\/produit\/ventilateur-centrifuge-trial-code-cah11y4-003-60-encombrement-longueur-141-mm-encombrement-hauteur-170-mm-2\/#breadcrumb","itemListElement":[{"@type":"ListItem","position":1,"name":"Home","item":"https:\/\/amrtop.net\/"},{"@type":"ListItem","position":2,"name":"Shop","item":"https:\/\/amrtop.net\/negozio\/"},{"@type":"ListItem","position":3,"name":"Ventilateur centrifuge Trial Code CAH11Y4-003-60 &#8211; Encombrement longueur 141 mm &#8211; Encombrement hauteur 170 mm"}]},{"@type":"WebSite","@id":"https:\/\/amrtop.net\/#website","url":"https:\/\/amrtop.net\/","name":"AMRTOP B2B Abroad - Compras reservadas a los profesionales","description":"Recambios y accesorios para estufas y calderas - Comercio electr\u00f3nico B2B para profesionales","potentialAction":[{"@type":"SearchAction","target":{"@type":"EntryPoint","urlTemplate":"https:\/\/amrtop.net\/?s={search_term_string}"},"query-input":{"@type":"PropertyValueSpecification","valueRequired":true,"valueName":"search_term_string"}}],"inLanguage":"es"}]}},"_links":{"self":[{"href":"https:\/\/amrtop.net\/es\/wp-json\/wp\/v2\/product\/20460","targetHints":{"allow":["GET"]}}],"collection":[{"href":"https:\/\/amrtop.net\/es\/wp-json\/wp\/v2\/product"}],"about":[{"href":"https:\/\/amrtop.net\/es\/wp-json\/wp\/v2\/types\/product"}],"replies":[{"embeddable":true,"href":"https:\/\/amrtop.net\/es\/wp-json\/wp\/v2\/comments?post=20460"}],"wp:featuredmedia":[{"embeddable":true,"href":"https:\/\/amrtop.net\/es\/wp-json\/wp\/v2\/media\/36007"}],"wp:attachment":[{"href":"https:\/\/amrtop.net\/es\/wp-json\/wp\/v2\/media?parent=20460"}],"wp:term":[{"taxonomy":"product_brand","embeddable":true,"href":"https:\/\/amrtop.net\/es\/wp-json\/wp\/v2\/product_brand?post=20460"},{"taxonomy":"product_cat","embeddable":true,"href":"https:\/\/amrtop.net\/es\/wp-json\/wp\/v2\/product_cat?post=20460"},{"taxonomy":"product_tag","embeddable":true,"href":"https:\/\/amrtop.net\/es\/wp-json\/wp\/v2\/product_tag?post=20460"}],"curies":[{"name":"wp","href":"https:\/\/api.w.org\/{rel}","templated":true}]}}