{"id":20461,"date":"2020-10-01T00:00:00","date_gmt":"2020-10-01T00:00:00","guid":{"rendered":"https:\/\/amrtop.com\/B2B\/?post_type=product&#038;p=20461"},"modified":"2023-06-06T12:40:25","modified_gmt":"2023-06-06T12:40:25","slug":"ventilador-centrifugo-ln2-natalini-codigo-ugt400-longitud-total-180-mm-altura-total-188-mm","status":"publish","type":"product","link":"https:\/\/amrtop.net\/es\/produit\/ventilateur-centrifuge-ln2-natalini-code-ugt400-encombrement-longueur-180-mm-encombrement-hauteur-188-mm\/","title":{"rendered":"Ventilador centr\u00edfugo LN2 Natalini C\u00f3digo UGT400 - Longitud total 180 mm - Altura total 188 mm"},"content":{"rendered":"<hr \/>\n<h3>Ventilador centr\u00edfugo Sit Natalini UGT400<\/h3>\n<p><strong>PRESENTACI\u00d3N DE LA EMPRESA SIT<\/strong><\/p>\n<p>La sede central se encuentra en Padua (Italia), donde SIT La Precisa fue fundada en 1953 por los hermanos Pierluigi y Giancarlo de' Stefani. M\u00e1s de dos mil personas trabajan directamente en el Grupo SIT, de las cuales m\u00e1s de 60% en oficinas en el extranjero, en los 8 centros de producci\u00f3n, en el Hub Log\u00edstico y en las 23 oficinas de venta en Europa, Am\u00e9rica, Asia, \u00c1frica y Australia.<\/p>\n<p>La visi\u00f3n de SIT es ser reconocido como el socio l\u00edder en soluciones sostenibles para el control de la energ\u00eda y el clima: disfrute del viaje.<\/p>\n<p>Pierluigi y Giancarlo de' Stefani fundan SIT La Precisa, una empresa de ingenier\u00eda de precisi\u00f3n de Padua.<\/p>\n<p>El Grupo es un ejemplo significativo de empresa emprendedora que, a lo largo de los a\u00f1os, ha desarrollado una estructura de gesti\u00f3n, una estructura internacional y ahora cotiza en el Mercado Telem\u00e1tico de la Bolsa italiana.<\/p>\n<p>Producto SIT :<\/p>\n<ul>\n<li>Controles mec\u00e1nicos (v\u00e1lvulas de gas y sensores) _<\/li>\n<li>Controles electr\u00f3nicos (tarjetas, mandos a distancia e interfaces de usuario) _<\/li>\n<li>Ventiladores para chimeneas de gas _<\/li>\n<li>Estufas y calefactores<\/li>\n<\/ul>\n<h3><strong>Utilizaci\u00f3n del ventilador centr\u00edfugo Sit Natalini UGT400<\/strong><\/h3>\n<p>El ventilador centr\u00edfugo Sit propuesto por Amrtop se instala en aparatos de biomasa para extraer el aire caliente creado por el cuerpo de combusti\u00f3n y difundirlo despu\u00e9s al ambiente.<\/p>\n<p><strong>Presente en aparatos t\u00edpicos<\/strong>\u00a0Estufa de pellets - Caldera de pellets - Quemador de pellets - Barbacoa\/parrilla de pellets Caldera de biomasa - Quemador de biomasa - Y muchos otros quemadores<\/p>\n<h3><strong>Interior<\/strong><\/h3>\n<p><a href=\"https:\/\/wekos.it\/\">Estufas, cocinas y cocinas de le\u00f1a<\/a>\u00a0-\u00a0<a href=\"https:\/\/www.greenpuros.com\/\">chimeneas, estufas y calderas de pellets.<\/a><\/p>\n<h3><strong>Gama Amrtop de recambios y accesorios<\/strong><\/h3>\n<p><a href=\"https:\/\/amrtop.net\/es\/categoria-de-productos\/recambios-miscelaneos-cocinas-y-calderas-2\/bougies-dallumage-pour-poeles-et-chaudieres-a-pellets\/\">Calentadores<\/a><\/p>\n<p><a href=\"https:\/\/amrtop.net\/es\/categoria-de-productos\/recambios-miscelaneos-cocinas-y-calderas-2\/electronique\/\">Electr\u00f3nica<\/a><\/p>\n<p><a href=\"https:\/\/amrtop.net\/es\/categoria-de-productos\/recambios-miscelaneos-cocinas-y-calderas-2\/extracteurs-de-fumee\/\">Extractores de humo<\/a><\/p>\n<p><a href=\"https:\/\/amrtop.net\/es\/categoria-de-productos\/recambios-miscelaneos-cocinas-y-calderas-2\/gaines-cable-connecteurs\/\">Fundas de cables de conexi\u00f3n<\/a><\/p>\n<p><a href=\"https:\/\/amrtop.net\/es\/categoria-de-productos\/recambios-miscelaneos-cocinas-y-calderas-2\/joints-de-silicone\/\">Juntas de silicona<\/a><\/p>\n<p><a href=\"https:\/\/amrtop.net\/es\/categoria-de-productos\/recambios-miscelaneos-cocinas-y-calderas-2\/motoreducteurs\/\">Motorreductores<\/a><\/p>\n<p><a href=\"https:\/\/amrtop.net\/es\/categoria-de-productos\/recambios-miscelaneos-cocinas-y-calderas-2\/pressostats-et-transducteurs\/\">Presostatos y transductores<\/a><\/p>\n<p><a href=\"https:\/\/amrtop.net\/es\/categoria-de-productos\/recambios-miscelaneos-cocinas-y-calderas-2\/sondes-thermostats-manometres-thermometres\/\">Sondas termostatos man\u00f3metros term\u00f3metros<\/a><\/p>\n<p><a href=\"https:\/\/amrtop.net\/es\/categoria-de-productos\/recambios-miscelaneos-cocinas-y-calderas-2\/joints-detancheite\/\">Sellado de trenzas<\/a><\/p>\n<p><a href=\"https:\/\/amrtop.net\/es\/categoria-de-productos\/recambios-miscelaneos-cocinas-y-calderas-2\/ventilateurs-centrifuges-pour-poeles-a-pellets\/\">Ventiladores centr\u00edfugos<\/a><\/p>\n<p><a href=\"https:\/\/amrtop.net\/es\/categoria-de-productos\/recambios-miscelaneos-cocinas-y-calderas-2\/ventilateurs-tangentiels-flux-transversal\/\">Ventiladores de flujo cruzado<\/a><\/p>\n<p><a href=\"https:\/\/amrtop.net\/es\/categoria-de-productos\/recambios-miscelaneos-cocinas-y-calderas-2\/adhesifs-et-produits-detancheite\/\">Colas y selladores<\/a><\/p>\n<p>El personal de\u00a0<strong>Amrtop<\/strong>\u00a0ha sido cuidadosamente formado para ayudarle a identificar las piezas de repuesto que necesite sustituir, con asistencia telef\u00f3nica disponible en ingl\u00e9s, franc\u00e9s, rumano e italiano.<br \/>\nNo dude en ponerse en contacto con nosotros.<\/p>\n<p>&nbsp;<\/p>","protected":false},"excerpt":{"rendered":"<hr \/>\n<h2><span style=\"color: #008000\">Disponible en<\/span><\/h2>\n<hr \/>\n<h2>Ventilador centr\u00edfugo Sit - LN2 Natalini<\/h2>\n<p>C\u00f3digo UGT400<\/p>\n<p>Ventilador \u00f8 n.d.<\/p>\n<p>Longitud total: 180 mm<\/p>\n<p>Altura total: 188 mm<\/p>\n<p>Profundidad total: 163 mm<\/p>\n<p>Tama\u00f1o del respiradero: 63 x 146 mm<\/p>\n<p>Caudal de aire: 420 m\u00b3\/h<\/p>\n<p>Potencia: 100 W<\/p>\n<p>Clase F - 160\u00b0 de protecci\u00f3n t\u00e9rmica<\/p>","protected":false},"featured_media":35162,"comment_status":"open","ping_status":"closed","template":"","meta":[],"product_brand":[],"product_cat":[839,1399,1300,1398],"product_tag":[],"class_list":{"0":"post-20461","1":"product","2":"type-product","3":"status-publish","4":"has-post-thumbnail","6":"product_cat-pieces-de-rechange-divers-poeles-et-chaudieres","7":"product_cat-ventilateur-centrifuge-sit-a-double-aspiration","8":"product_cat-ventilateurs-centrifuges-pour-poeles-a-pellets","9":"product_cat-ventilateurs-centrifuges-sit-natalini","10":"product_shipping_class-classe-di-spedizione-02","12":"first","13":"instock","14":"shipping-taxable","15":"purchasable","16":"product-type-simple"},"yoast_head":"<!-- This site is optimized with the Yoast SEO plugin v27.5 - https:\/\/yoast.com\/product\/yoast-seo-wordpress\/ -->\n<title>Ventilateur centrifuge Sit Natalini UGT400<\/title>\n<meta name=\"description\" content=\"Ventilateur centrifuge Sit Natalini UGT400- Ventilateur centrifuge Sit Natalini UGT400 pour po\u00eales et chaudi\u00e8res \u00e0 pellets\" \/>\n<meta name=\"robots\" content=\"index, follow, max-snippet:-1, max-image-preview:large, max-video-preview:-1\" \/>\n<link rel=\"canonical\" href=\"https:\/\/amrtop.net\/es\/producto\/ventilador-centrifugo-ln2-natalini-codigo-ugt400-longitud-total-180-mm-altura-total-188-mm\/\" \/>\n<meta property=\"og:locale\" content=\"es_ES\" \/>\n<meta property=\"og:type\" content=\"article\" \/>\n<meta property=\"og:title\" content=\"Ventilateur centrifuge Sit Natalini UGT400\" \/>\n<meta property=\"og:description\" content=\"Ventilateur centrifuge Sit Natalini UGT400- Ventilateur centrifuge Sit Natalini UGT400 pour po\u00eales et chaudi\u00e8res \u00e0 pellets\" \/>\n<meta property=\"og:url\" content=\"https:\/\/amrtop.net\/es\/producto\/ventilador-centrifugo-ln2-natalini-codigo-ugt400-longitud-total-180-mm-altura-total-188-mm\/\" \/>\n<meta property=\"og:site_name\" content=\"AMRTOP B2B \u00c9tranger - Achats r\u00e9serv\u00e9s au professionnel\" \/>\n<meta property=\"article:modified_time\" content=\"2023-06-06T12:40:25+00:00\" \/>\n<meta property=\"og:image\" content=\"https:\/\/amrtop.net\/wp-content\/uploads\/2020\/10\/ugt400.jpg\" \/>\n\t<meta property=\"og:image:width\" content=\"960\" \/>\n\t<meta property=\"og:image:height\" content=\"960\" \/>\n\t<meta property=\"og:image:type\" content=\"image\/jpeg\" \/>\n<meta name=\"twitter:card\" content=\"summary_large_image\" \/>\n<meta name=\"twitter:label1\" content=\"Tiempo de lectura\" \/>\n\t<meta name=\"twitter:data1\" content=\"1 minuto\" \/>\n<script type=\"application\/ld+json\" class=\"yoast-schema-graph\">{\"@context\":\"https:\\\/\\\/schema.org\",\"@graph\":[{\"@type\":\"WebPage\",\"@id\":\"https:\\\/\\\/amrtop.net\\\/produit\\\/ventilateur-centrifuge-ln2-natalini-code-ugt400-encombrement-longueur-180-mm-encombrement-hauteur-188-mm\\\/\",\"url\":\"https:\\\/\\\/amrtop.net\\\/produit\\\/ventilateur-centrifuge-ln2-natalini-code-ugt400-encombrement-longueur-180-mm-encombrement-hauteur-188-mm\\\/\",\"name\":\"Ventilateur centrifuge Sit Natalini UGT400\",\"isPartOf\":{\"@id\":\"https:\\\/\\\/amrtop.net\\\/#website\"},\"primaryImageOfPage\":{\"@id\":\"https:\\\/\\\/amrtop.net\\\/produit\\\/ventilateur-centrifuge-ln2-natalini-code-ugt400-encombrement-longueur-180-mm-encombrement-hauteur-188-mm\\\/#primaryimage\"},\"image\":{\"@id\":\"https:\\\/\\\/amrtop.net\\\/produit\\\/ventilateur-centrifuge-ln2-natalini-code-ugt400-encombrement-longueur-180-mm-encombrement-hauteur-188-mm\\\/#primaryimage\"},\"thumbnailUrl\":\"https:\\\/\\\/amrtop.net\\\/wp-content\\\/uploads\\\/2020\\\/10\\\/ugt400.jpg\",\"datePublished\":\"2020-10-01T00:00:00+00:00\",\"dateModified\":\"2023-06-06T12:40:25+00:00\",\"description\":\"Ventilateur centrifuge Sit Natalini UGT400- Ventilateur centrifuge Sit Natalini UGT400 pour po\u00eales et chaudi\u00e8res \u00e0 pellets\",\"breadcrumb\":{\"@id\":\"https:\\\/\\\/amrtop.net\\\/produit\\\/ventilateur-centrifuge-ln2-natalini-code-ugt400-encombrement-longueur-180-mm-encombrement-hauteur-188-mm\\\/#breadcrumb\"},\"inLanguage\":\"es\",\"potentialAction\":[{\"@type\":\"ReadAction\",\"target\":[\"https:\\\/\\\/amrtop.net\\\/produit\\\/ventilateur-centrifuge-ln2-natalini-code-ugt400-encombrement-longueur-180-mm-encombrement-hauteur-188-mm\\\/\"]}]},{\"@type\":\"ImageObject\",\"inLanguage\":\"es\",\"@id\":\"https:\\\/\\\/amrtop.net\\\/produit\\\/ventilateur-centrifuge-ln2-natalini-code-ugt400-encombrement-longueur-180-mm-encombrement-hauteur-188-mm\\\/#primaryimage\",\"url\":\"https:\\\/\\\/amrtop.net\\\/wp-content\\\/uploads\\\/2020\\\/10\\\/ugt400.jpg\",\"contentUrl\":\"https:\\\/\\\/amrtop.net\\\/wp-content\\\/uploads\\\/2020\\\/10\\\/ugt400.jpg\",\"width\":960,\"height\":960,\"caption\":\"Ventilateur centrifuge Sit Natalini UGT400- Ventilateur centrifuge Sit Natalini UGT400 pour po\u00eales et chaudi\u00e8res \u00e0 pellets\"},{\"@type\":\"BreadcrumbList\",\"@id\":\"https:\\\/\\\/amrtop.net\\\/produit\\\/ventilateur-centrifuge-ln2-natalini-code-ugt400-encombrement-longueur-180-mm-encombrement-hauteur-188-mm\\\/#breadcrumb\",\"itemListElement\":[{\"@type\":\"ListItem\",\"position\":1,\"name\":\"Home\",\"item\":\"https:\\\/\\\/amrtop.net\\\/\"},{\"@type\":\"ListItem\",\"position\":2,\"name\":\"Shop\",\"item\":\"https:\\\/\\\/amrtop.net\\\/negozio\\\/\"},{\"@type\":\"ListItem\",\"position\":3,\"name\":\"Ventilateur centrifuge LN2 Natalini Code UGT400 &#8211; Encombrement longueur 180 mm &#8211; Encombrement hauteur 188 mm\"}]},{\"@type\":\"WebSite\",\"@id\":\"https:\\\/\\\/amrtop.net\\\/#website\",\"url\":\"https:\\\/\\\/amrtop.net\\\/\",\"name\":\"AMRTOP B2B \u00c9tranger - Achats r\u00e9serv\u00e9s au professionnel\",\"description\":\"Pi\u00e8ces de rechange et accessoires pour po\u00eales et chaudi\u00e8res - eCommerce B2B pour Clients Professionnels\",\"potentialAction\":[{\"@type\":\"SearchAction\",\"target\":{\"@type\":\"EntryPoint\",\"urlTemplate\":\"https:\\\/\\\/amrtop.net\\\/?s={search_term_string}\"},\"query-input\":{\"@type\":\"PropertyValueSpecification\",\"valueRequired\":true,\"valueName\":\"search_term_string\"}}],\"inLanguage\":\"es\"}]}<\/script>\n<!-- \/ Yoast SEO plugin. -->","yoast_head_json":{"title":"Ventilador centr\u00edfugo Sit Natalini UGT400","description":"Ventilador centr\u00edfugo Sit Natalini UGT400 - Ventilador centr\u00edfugo Sit Natalini UGT400 para estufas y calderas de pellets","robots":{"index":"index","follow":"follow","max-snippet":"max-snippet:-1","max-image-preview":"max-image-preview:large","max-video-preview":"max-video-preview:-1"},"canonical":"https:\/\/amrtop.net\/es\/producto\/ventilador-centrifugo-ln2-natalini-codigo-ugt400-longitud-total-180-mm-altura-total-188-mm\/","og_locale":"es_ES","og_type":"article","og_title":"Ventilateur centrifuge Sit Natalini UGT400","og_description":"Ventilateur centrifuge Sit Natalini UGT400- Ventilateur centrifuge Sit Natalini UGT400 pour po\u00eales et chaudi\u00e8res \u00e0 pellets","og_url":"https:\/\/amrtop.net\/es\/producto\/ventilador-centrifugo-ln2-natalini-codigo-ugt400-longitud-total-180-mm-altura-total-188-mm\/","og_site_name":"AMRTOP B2B \u00c9tranger - Achats r\u00e9serv\u00e9s au professionnel","article_modified_time":"2023-06-06T12:40:25+00:00","og_image":[{"width":960,"height":960,"url":"https:\/\/amrtop.net\/wp-content\/uploads\/2020\/10\/ugt400.jpg","type":"image\/jpeg"}],"twitter_card":"summary_large_image","twitter_misc":{"Tiempo de lectura":"1 minuto"},"schema":{"@context":"https:\/\/schema.org","@graph":[{"@type":"WebPage","@id":"https:\/\/amrtop.net\/produit\/ventilateur-centrifuge-ln2-natalini-code-ugt400-encombrement-longueur-180-mm-encombrement-hauteur-188-mm\/","url":"https:\/\/amrtop.net\/produit\/ventilateur-centrifuge-ln2-natalini-code-ugt400-encombrement-longueur-180-mm-encombrement-hauteur-188-mm\/","name":"Ventilador centr\u00edfugo Sit Natalini UGT400","isPartOf":{"@id":"https:\/\/amrtop.net\/#website"},"primaryImageOfPage":{"@id":"https:\/\/amrtop.net\/produit\/ventilateur-centrifuge-ln2-natalini-code-ugt400-encombrement-longueur-180-mm-encombrement-hauteur-188-mm\/#primaryimage"},"image":{"@id":"https:\/\/amrtop.net\/produit\/ventilateur-centrifuge-ln2-natalini-code-ugt400-encombrement-longueur-180-mm-encombrement-hauteur-188-mm\/#primaryimage"},"thumbnailUrl":"https:\/\/amrtop.net\/wp-content\/uploads\/2020\/10\/ugt400.jpg","datePublished":"2020-10-01T00:00:00+00:00","dateModified":"2023-06-06T12:40:25+00:00","description":"Ventilador centr\u00edfugo Sit Natalini UGT400 - Ventilador centr\u00edfugo Sit Natalini UGT400 para estufas y calderas de pellets","breadcrumb":{"@id":"https:\/\/amrtop.net\/produit\/ventilateur-centrifuge-ln2-natalini-code-ugt400-encombrement-longueur-180-mm-encombrement-hauteur-188-mm\/#breadcrumb"},"inLanguage":"es","potentialAction":[{"@type":"ReadAction","target":["https:\/\/amrtop.net\/produit\/ventilateur-centrifuge-ln2-natalini-code-ugt400-encombrement-longueur-180-mm-encombrement-hauteur-188-mm\/"]}]},{"@type":"ImageObject","inLanguage":"es","@id":"https:\/\/amrtop.net\/produit\/ventilateur-centrifuge-ln2-natalini-code-ugt400-encombrement-longueur-180-mm-encombrement-hauteur-188-mm\/#primaryimage","url":"https:\/\/amrtop.net\/wp-content\/uploads\/2020\/10\/ugt400.jpg","contentUrl":"https:\/\/amrtop.net\/wp-content\/uploads\/2020\/10\/ugt400.jpg","width":960,"height":960,"caption":"Ventilateur centrifuge Sit Natalini UGT400- Ventilateur centrifuge Sit Natalini UGT400 pour po\u00eales et chaudi\u00e8res \u00e0 pellets"},{"@type":"BreadcrumbList","@id":"https:\/\/amrtop.net\/produit\/ventilateur-centrifuge-ln2-natalini-code-ugt400-encombrement-longueur-180-mm-encombrement-hauteur-188-mm\/#breadcrumb","itemListElement":[{"@type":"ListItem","position":1,"name":"Home","item":"https:\/\/amrtop.net\/"},{"@type":"ListItem","position":2,"name":"Shop","item":"https:\/\/amrtop.net\/negozio\/"},{"@type":"ListItem","position":3,"name":"Ventilateur centrifuge LN2 Natalini Code UGT400 &#8211; Encombrement longueur 180 mm &#8211; Encombrement hauteur 188 mm"}]},{"@type":"WebSite","@id":"https:\/\/amrtop.net\/#website","url":"https:\/\/amrtop.net\/","name":"AMRTOP B2B Abroad - Compras reservadas a los profesionales","description":"Recambios y accesorios para estufas y calderas - Comercio electr\u00f3nico B2B para profesionales","potentialAction":[{"@type":"SearchAction","target":{"@type":"EntryPoint","urlTemplate":"https:\/\/amrtop.net\/?s={search_term_string}"},"query-input":{"@type":"PropertyValueSpecification","valueRequired":true,"valueName":"search_term_string"}}],"inLanguage":"es"}]}},"_links":{"self":[{"href":"https:\/\/amrtop.net\/es\/wp-json\/wp\/v2\/product\/20461","targetHints":{"allow":["GET"]}}],"collection":[{"href":"https:\/\/amrtop.net\/es\/wp-json\/wp\/v2\/product"}],"about":[{"href":"https:\/\/amrtop.net\/es\/wp-json\/wp\/v2\/types\/product"}],"replies":[{"embeddable":true,"href":"https:\/\/amrtop.net\/es\/wp-json\/wp\/v2\/comments?post=20461"}],"wp:featuredmedia":[{"embeddable":true,"href":"https:\/\/amrtop.net\/es\/wp-json\/wp\/v2\/media\/35162"}],"wp:attachment":[{"href":"https:\/\/amrtop.net\/es\/wp-json\/wp\/v2\/media?parent=20461"}],"wp:term":[{"taxonomy":"product_brand","embeddable":true,"href":"https:\/\/amrtop.net\/es\/wp-json\/wp\/v2\/product_brand?post=20461"},{"taxonomy":"product_cat","embeddable":true,"href":"https:\/\/amrtop.net\/es\/wp-json\/wp\/v2\/product_cat?post=20461"},{"taxonomy":"product_tag","embeddable":true,"href":"https:\/\/amrtop.net\/es\/wp-json\/wp\/v2\/product_tag?post=20461"}],"curies":[{"name":"wp","href":"https:\/\/api.w.org\/{rel}","templated":true}]}}