{"id":20569,"date":"2022-01-05T15:24:36","date_gmt":"2022-01-05T15:24:36","guid":{"rendered":"https:\/\/amrtop.com\/B2B\/?post_type=product&#038;p=20569"},"modified":"2023-08-02T13:31:23","modified_gmt":"2023-08-02T13:31:23","slug":"joint-adhesif-avec-levre-et-double-ampoule-en-fibre-de-verre","status":"publish","type":"product","link":"https:\/\/amrtop.net\/es\/produit\/joint-adhesif-avec-levre-et-double-ampoule-en-fibre-de-verre\/","title":{"rendered":"Junta adhesiva con labio y bulbo doble para estufas y chimeneas de fibra de vidrio en kits y bobinas"},"content":{"rendered":"<h3>Joint adh\u00e9sif avec l\u00e8vre et double ampoule en fibre de verre<\/h3>\n<p>En la comercializaci\u00f3n de este tipo de productos, Amrtop trabaja exclusivamente con empresas certificadas ISO 9001 con m\u00e1s de 30 a\u00f1os en el mercado, altamente especializadas y l\u00edderes en la producci\u00f3n de Textiles T\u00e9cnicos para aislamiento t\u00e9rmico y juntas est\u00e1ticas para altas temperaturas:<\/p>\n<p>Cuerdas, Trenzas, Medias, Cintas, Tejidos, Productos aislantes y aislantes, Juntas de dilataci\u00f3n.<\/p>\n<p>Las trenzas y cintas de fibra de vidrio que ofrece Amrtop evitan posibles da\u00f1os a las personas, pero tambi\u00e9n protegen otras partes de las instalaciones de una exposici\u00f3n excesiva o evitan el riesgo de revent\u00f3n o incendio provocado por el calentamiento.<\/p>\n<h3>Aplicaciones<\/h3>\n<ul>\n<li>Estufas de pellets y de le\u00f1a<\/li>\n<li>Chimeneas de le\u00f1a y pellets<\/li>\n<li>Radiadores y calderas de le\u00f1a y pellets<\/li>\n<\/ul>\n<h3>Utilisation de la joint adh\u00e9sif avec l\u00e8vre et double ampoule en fibre de verre<\/h3>\n<p>Le joint en fibre de verre et la corde en fibre c\u00e9ramique adh\u00e9sive et normale s\u2019appliquent normalement dans la porte d\u2019inspection de nettoyage de routine pr\u00e9sente dans toutes les chambres de combustion, porte foyer et r\u00e9servoir et aussi dans le verre pour porte-foyer des appareils \u00e0 bois et pellets.<\/p>\n<p>En algunos casos, para poder aplicarlos, necesita cola o masilla refractaria espec\u00edfica para altas temperaturas, que puede encontrar en diferentes formatos en el sitio de comercio electr\u00f3nico de<\/p>\n<h3>Interior<\/h3>\n<p><a href=\"https:\/\/wekos.it\/\">Estufas, cocinas y cocinas de le\u00f1a<\/a>\u00a0-\u00a0<a href=\"https:\/\/www.greenpuros.com\/\">chimeneas, estufas y calderas de pellets.<\/a><\/p>\n<h3>Gama Amrtop de recambios y accesorios<\/h3>\n<p><a href=\"https:\/\/amrtop.net\/es\/categoria-de-productos\/recambios-miscelaneos-cocinas-y-calderas-2\/bougies-dallumage-pour-poeles-et-chaudieres-a-pellets\/\">Calentadores<\/a><\/p>\n<p><a href=\"https:\/\/amrtop.net\/es\/categoria-de-productos\/recambios-miscelaneos-cocinas-y-calderas-2\/electronique\/\">Electr\u00f3nica<\/a><\/p>\n<p><a href=\"https:\/\/amrtop.net\/es\/categoria-de-productos\/recambios-miscelaneos-cocinas-y-calderas-2\/extracteurs-de-fumee\/\">Extractores de humo<\/a><\/p>\n<p><a href=\"https:\/\/amrtop.net\/es\/categoria-de-productos\/recambios-miscelaneos-cocinas-y-calderas-2\/gaines-cable-connecteurs\/\">Fundas de cables de conexi\u00f3n<\/a><\/p>\n<p><a href=\"https:\/\/amrtop.net\/es\/categoria-de-productos\/recambios-miscelaneos-cocinas-y-calderas-2\/joints-de-silicone\/\">Juntas de silicona<\/a><\/p>\n<p><a href=\"https:\/\/amrtop.net\/es\/categoria-de-productos\/recambios-miscelaneos-cocinas-y-calderas-2\/motoreducteurs\/\">Motorreductores<\/a><\/p>\n<p><a href=\"https:\/\/amrtop.net\/es\/categoria-de-productos\/recambios-miscelaneos-cocinas-y-calderas-2\/pressostats-et-transducteurs\/\">Presostatos y transductores<\/a><\/p>\n<p><a href=\"https:\/\/amrtop.net\/es\/categoria-de-productos\/recambios-miscelaneos-cocinas-y-calderas-2\/sondes-thermostats-manometres-thermometres\/\">Sondas termostatos man\u00f3metros term\u00f3metros<\/a><\/p>\n<p><a href=\"https:\/\/amrtop.net\/es\/categoria-de-productos\/recambios-miscelaneos-cocinas-y-calderas-2\/joints-detancheite\/\">Sellado de trenzas<\/a><\/p>\n<p><a href=\"https:\/\/amrtop.net\/es\/categoria-de-productos\/recambios-miscelaneos-cocinas-y-calderas-2\/ventilateurs-centrifuges-pour-poeles-a-pellets\/\">Ventiladores centr\u00edfugos<\/a><\/p>\n<p><a href=\"https:\/\/amrtop.net\/es\/categoria-de-productos\/recambios-miscelaneos-cocinas-y-calderas-2\/ventilateurs-tangentiels-flux-transversal\/\">Ventiladores de flujo cruzado<\/a><\/p>\n<p><a href=\"https:\/\/amrtop.net\/es\/categoria-de-productos\/recambios-miscelaneos-cocinas-y-calderas-2\/adhesifs-et-produits-detancheite\/\">Colas y selladores<\/a><\/p>\n<p>&nbsp;<\/p>\n<p>&nbsp;<\/p>","protected":false},"excerpt":{"rendered":"<h2><span style=\"color: #008000;\">Disponible en<\/span><\/h2>\n<hr \/>\n<p><strong>CONTENIDO :<\/strong><\/p>\n<ul>\n<li>Kit de 2,5 mt joint adh\u00e9sif double ampoule en fibre de verre<\/li>\n<li>Bobine de 10 mt joint adh\u00e9sif double bulbe en fibre de verre<\/li>\n<li>Bobine de 50 mt joint adh\u00e9sif double bulbe en fibre de verre<\/li>\n<\/ul>\n<p>&nbsp;<\/p>","protected":false},"featured_media":25355,"comment_status":"open","ping_status":"closed","template":"","meta":[],"product_brand":[],"product_cat":[1343,839],"product_tag":[],"class_list":{"0":"post-20569","1":"product","2":"type-product","3":"status-publish","4":"has-post-thumbnail","6":"product_cat-joints-detancheite-pour-poele-et-cheminees","7":"product_cat-pieces-de-rechange-divers-poeles-et-chaudieres","8":"product_shipping_class-classe-di-spedizione-01","10":"first","11":"instock","12":"shipping-taxable","13":"purchasable","14":"product-type-variable"},"yoast_head":"<!-- This site is optimized with the Yoast SEO plugin v27.4 - https:\/\/yoast.com\/product\/yoast-seo-wordpress\/ -->\n<title>Joint adh\u00e9sif avec l\u00e8vre et double ampoule en fibre de verre<\/title>\n<meta name=\"description\" content=\"Joint adh\u00e9sif avec l\u00e8vre et double ampoule en fibre de verre - Bas adh\u00e9sif en fibre de verre - Tresse pour po\u00eale \u00e0 pellets - Tresse pour chemin\u00e9es \u00e0 bois - Tresse pour foyers \u00e0 bois - Tresse pour inserts \u00e0 bois - Tresse pour portes po\u00eales inserts \u00e0 bois - Joint pour portes po\u00eales inserts \u00e0 bois Joint pour portes chaudi\u00e8res et radiateurs \u00e0 pellets\" \/>\n<meta name=\"robots\" content=\"index, follow, max-snippet:-1, max-image-preview:large, max-video-preview:-1\" \/>\n<link rel=\"canonical\" href=\"https:\/\/amrtop.net\/es\/producto\/joint-adhesif-avec-levre-et-double-ampoule-en-fibre-de-verre\/\" \/>\n<meta property=\"og:locale\" content=\"es_ES\" \/>\n<meta property=\"og:type\" content=\"article\" \/>\n<meta property=\"og:title\" content=\"Joint adh\u00e9sif avec l\u00e8vre et double ampoule en fibre de verre\" \/>\n<meta property=\"og:description\" content=\"Joint adh\u00e9sif avec l\u00e8vre et double ampoule en fibre de verre - Bas adh\u00e9sif en fibre de verre - Tresse pour po\u00eale \u00e0 pellets - Tresse pour chemin\u00e9es \u00e0 bois - Tresse pour foyers \u00e0 bois - Tresse pour inserts \u00e0 bois - Tresse pour portes po\u00eales inserts \u00e0 bois - Joint pour portes po\u00eales inserts \u00e0 bois Joint pour portes chaudi\u00e8res et radiateurs \u00e0 pellets\" \/>\n<meta property=\"og:url\" content=\"https:\/\/amrtop.net\/es\/producto\/joint-adhesif-avec-levre-et-double-ampoule-en-fibre-de-verre\/\" \/>\n<meta property=\"og:site_name\" content=\"AMRTOP B2B \u00c9tranger - Achats r\u00e9serv\u00e9s au professionnel\" \/>\n<meta property=\"article:modified_time\" content=\"2023-08-02T13:31:23+00:00\" \/>\n<meta property=\"og:image\" content=\"https:\/\/amrtop.net\/wp-content\/uploads\/2022\/01\/GUARNIZIONE-ADESIVA-A-LABBRO-DOPPO-BULBO-AMR-TOP.png\" \/>\n\t<meta property=\"og:image:width\" content=\"640\" \/>\n\t<meta property=\"og:image:height\" content=\"640\" \/>\n\t<meta property=\"og:image:type\" content=\"image\/png\" \/>\n<meta name=\"twitter:card\" content=\"summary_large_image\" \/>\n<meta name=\"twitter:label1\" content=\"Tiempo de lectura\" \/>\n\t<meta name=\"twitter:data1\" content=\"1 minuto\" \/>\n<script type=\"application\/ld+json\" class=\"yoast-schema-graph\">{\"@context\":\"https:\\\/\\\/schema.org\",\"@graph\":[{\"@type\":\"WebPage\",\"@id\":\"https:\\\/\\\/amrtop.net\\\/produit\\\/joint-adhesif-avec-levre-et-double-ampoule-en-fibre-de-verre\\\/\",\"url\":\"https:\\\/\\\/amrtop.net\\\/produit\\\/joint-adhesif-avec-levre-et-double-ampoule-en-fibre-de-verre\\\/\",\"name\":\"Joint adh\u00e9sif avec l\u00e8vre et double ampoule en fibre de verre\",\"isPartOf\":{\"@id\":\"https:\\\/\\\/amrtop.net\\\/#website\"},\"primaryImageOfPage\":{\"@id\":\"https:\\\/\\\/amrtop.net\\\/produit\\\/joint-adhesif-avec-levre-et-double-ampoule-en-fibre-de-verre\\\/#primaryimage\"},\"image\":{\"@id\":\"https:\\\/\\\/amrtop.net\\\/produit\\\/joint-adhesif-avec-levre-et-double-ampoule-en-fibre-de-verre\\\/#primaryimage\"},\"thumbnailUrl\":\"https:\\\/\\\/amrtop.net\\\/wp-content\\\/uploads\\\/2022\\\/01\\\/GUARNIZIONE-ADESIVA-A-LABBRO-DOPPO-BULBO-AMR-TOP.png\",\"datePublished\":\"2022-01-05T15:24:36+00:00\",\"dateModified\":\"2023-08-02T13:31:23+00:00\",\"description\":\"Joint adh\u00e9sif avec l\u00e8vre et double ampoule en fibre de verre - Bas adh\u00e9sif en fibre de verre - Tresse pour po\u00eale \u00e0 pellets - Tresse pour chemin\u00e9es \u00e0 bois - Tresse pour foyers \u00e0 bois - Tresse pour inserts \u00e0 bois - Tresse pour portes po\u00eales inserts \u00e0 bois - Joint pour portes po\u00eales inserts \u00e0 bois Joint pour portes chaudi\u00e8res et radiateurs \u00e0 pellets\",\"breadcrumb\":{\"@id\":\"https:\\\/\\\/amrtop.net\\\/produit\\\/joint-adhesif-avec-levre-et-double-ampoule-en-fibre-de-verre\\\/#breadcrumb\"},\"inLanguage\":\"es\",\"potentialAction\":[{\"@type\":\"ReadAction\",\"target\":[\"https:\\\/\\\/amrtop.net\\\/produit\\\/joint-adhesif-avec-levre-et-double-ampoule-en-fibre-de-verre\\\/\"]}]},{\"@type\":\"ImageObject\",\"inLanguage\":\"es\",\"@id\":\"https:\\\/\\\/amrtop.net\\\/produit\\\/joint-adhesif-avec-levre-et-double-ampoule-en-fibre-de-verre\\\/#primaryimage\",\"url\":\"https:\\\/\\\/amrtop.net\\\/wp-content\\\/uploads\\\/2022\\\/01\\\/GUARNIZIONE-ADESIVA-A-LABBRO-DOPPO-BULBO-AMR-TOP.png\",\"contentUrl\":\"https:\\\/\\\/amrtop.net\\\/wp-content\\\/uploads\\\/2022\\\/01\\\/GUARNIZIONE-ADESIVA-A-LABBRO-DOPPO-BULBO-AMR-TOP.png\",\"width\":640,\"height\":640,\"caption\":\"Joint adh\u00e9sif avec l\u00e8vre et double ampoule en fibre de verre - Bas adh\u00e9sif en fibre de verre - Tresse pour po\u00eale \u00e0 pellets - Tresse pour chemin\u00e9es \u00e0 bois - Tresse pour foyers \u00e0 bois - Tresse pour inserts \u00e0 bois - Tresse pour portes po\u00eales inserts \u00e0 bois - Joint pour portes po\u00eales inserts \u00e0 bois Joint pour portes chaudi\u00e8res et radiateurs \u00e0 pellets\"},{\"@type\":\"BreadcrumbList\",\"@id\":\"https:\\\/\\\/amrtop.net\\\/produit\\\/joint-adhesif-avec-levre-et-double-ampoule-en-fibre-de-verre\\\/#breadcrumb\",\"itemListElement\":[{\"@type\":\"ListItem\",\"position\":1,\"name\":\"Home\",\"item\":\"https:\\\/\\\/amrtop.net\\\/\"},{\"@type\":\"ListItem\",\"position\":2,\"name\":\"Shop\",\"item\":\"https:\\\/\\\/amrtop.net\\\/negozio\\\/\"},{\"@type\":\"ListItem\",\"position\":3,\"name\":\"Joint adh\u00e9sif avec l\u00e8vre et double ampoule pour po\u00eales et chemin\u00e9es en fibre de verre en kit et bobines\"}]},{\"@type\":\"WebSite\",\"@id\":\"https:\\\/\\\/amrtop.net\\\/#website\",\"url\":\"https:\\\/\\\/amrtop.net\\\/\",\"name\":\"AMRTOP B2B \u00c9tranger - Achats r\u00e9serv\u00e9s au professionnel\",\"description\":\"Pi\u00e8ces de rechange et accessoires pour po\u00eales et chaudi\u00e8res - eCommerce B2B pour Clients Professionnels\",\"potentialAction\":[{\"@type\":\"SearchAction\",\"target\":{\"@type\":\"EntryPoint\",\"urlTemplate\":\"https:\\\/\\\/amrtop.net\\\/?s={search_term_string}\"},\"query-input\":{\"@type\":\"PropertyValueSpecification\",\"valueRequired\":true,\"valueName\":\"search_term_string\"}}],\"inLanguage\":\"es\"}]}<\/script>\n<!-- \/ Yoast SEO plugin. -->","yoast_head_json":{"title":"Joint adh\u00e9sif avec l\u00e8vre et double ampoule en fibre de verre","description":"Junta adhesiva con labio y doble ampolla en fibra de vidrio - Media adhesiva en fibra de vidrio - Trenza para estufas de pellets - Trenza para chimeneas de le\u00f1a - Trenza para insertos de le\u00f1a - Trenza para puertas de insertos de le\u00f1a - Junta para puertas de insertos de le\u00f1a Junta para puertas de calderas de pellets y radiadores","robots":{"index":"index","follow":"follow","max-snippet":"max-snippet:-1","max-image-preview":"max-image-preview:large","max-video-preview":"max-video-preview:-1"},"canonical":"https:\/\/amrtop.net\/es\/producto\/joint-adhesif-avec-levre-et-double-ampoule-en-fibre-de-verre\/","og_locale":"es_ES","og_type":"article","og_title":"Joint adh\u00e9sif avec l\u00e8vre et double ampoule en fibre de verre","og_description":"Joint adh\u00e9sif avec l\u00e8vre et double ampoule en fibre de verre - Bas adh\u00e9sif en fibre de verre - Tresse pour po\u00eale \u00e0 pellets - Tresse pour chemin\u00e9es \u00e0 bois - Tresse pour foyers \u00e0 bois - Tresse pour inserts \u00e0 bois - Tresse pour portes po\u00eales inserts \u00e0 bois - Joint pour portes po\u00eales inserts \u00e0 bois Joint pour portes chaudi\u00e8res et radiateurs \u00e0 pellets","og_url":"https:\/\/amrtop.net\/es\/producto\/joint-adhesif-avec-levre-et-double-ampoule-en-fibre-de-verre\/","og_site_name":"AMRTOP B2B \u00c9tranger - Achats r\u00e9serv\u00e9s au professionnel","article_modified_time":"2023-08-02T13:31:23+00:00","og_image":[{"width":640,"height":640,"url":"https:\/\/amrtop.net\/wp-content\/uploads\/2022\/01\/GUARNIZIONE-ADESIVA-A-LABBRO-DOPPO-BULBO-AMR-TOP.png","type":"image\/png"}],"twitter_card":"summary_large_image","twitter_misc":{"Tiempo de lectura":"1 minuto"},"schema":{"@context":"https:\/\/schema.org","@graph":[{"@type":"WebPage","@id":"https:\/\/amrtop.net\/produit\/joint-adhesif-avec-levre-et-double-ampoule-en-fibre-de-verre\/","url":"https:\/\/amrtop.net\/produit\/joint-adhesif-avec-levre-et-double-ampoule-en-fibre-de-verre\/","name":"Joint adh\u00e9sif avec l\u00e8vre et double ampoule en fibre de verre","isPartOf":{"@id":"https:\/\/amrtop.net\/#website"},"primaryImageOfPage":{"@id":"https:\/\/amrtop.net\/produit\/joint-adhesif-avec-levre-et-double-ampoule-en-fibre-de-verre\/#primaryimage"},"image":{"@id":"https:\/\/amrtop.net\/produit\/joint-adhesif-avec-levre-et-double-ampoule-en-fibre-de-verre\/#primaryimage"},"thumbnailUrl":"https:\/\/amrtop.net\/wp-content\/uploads\/2022\/01\/GUARNIZIONE-ADESIVA-A-LABBRO-DOPPO-BULBO-AMR-TOP.png","datePublished":"2022-01-05T15:24:36+00:00","dateModified":"2023-08-02T13:31:23+00:00","description":"Junta adhesiva con labio y doble ampolla en fibra de vidrio - Media adhesiva en fibra de vidrio - Trenza para estufas de pellets - Trenza para chimeneas de le\u00f1a - Trenza para insertos de le\u00f1a - Trenza para puertas de insertos de le\u00f1a - Junta para puertas de insertos de le\u00f1a Junta para puertas de calderas de pellets y radiadores","breadcrumb":{"@id":"https:\/\/amrtop.net\/produit\/joint-adhesif-avec-levre-et-double-ampoule-en-fibre-de-verre\/#breadcrumb"},"inLanguage":"es","potentialAction":[{"@type":"ReadAction","target":["https:\/\/amrtop.net\/produit\/joint-adhesif-avec-levre-et-double-ampoule-en-fibre-de-verre\/"]}]},{"@type":"ImageObject","inLanguage":"es","@id":"https:\/\/amrtop.net\/produit\/joint-adhesif-avec-levre-et-double-ampoule-en-fibre-de-verre\/#primaryimage","url":"https:\/\/amrtop.net\/wp-content\/uploads\/2022\/01\/GUARNIZIONE-ADESIVA-A-LABBRO-DOPPO-BULBO-AMR-TOP.png","contentUrl":"https:\/\/amrtop.net\/wp-content\/uploads\/2022\/01\/GUARNIZIONE-ADESIVA-A-LABBRO-DOPPO-BULBO-AMR-TOP.png","width":640,"height":640,"caption":"Joint adh\u00e9sif avec l\u00e8vre et double ampoule en fibre de verre - Bas adh\u00e9sif en fibre de verre - Tresse pour po\u00eale \u00e0 pellets - Tresse pour chemin\u00e9es \u00e0 bois - Tresse pour foyers \u00e0 bois - Tresse pour inserts \u00e0 bois - Tresse pour portes po\u00eales inserts \u00e0 bois - Joint pour portes po\u00eales inserts \u00e0 bois Joint pour portes chaudi\u00e8res et radiateurs \u00e0 pellets"},{"@type":"BreadcrumbList","@id":"https:\/\/amrtop.net\/produit\/joint-adhesif-avec-levre-et-double-ampoule-en-fibre-de-verre\/#breadcrumb","itemListElement":[{"@type":"ListItem","position":1,"name":"Home","item":"https:\/\/amrtop.net\/"},{"@type":"ListItem","position":2,"name":"Shop","item":"https:\/\/amrtop.net\/negozio\/"},{"@type":"ListItem","position":3,"name":"Joint adh\u00e9sif avec l\u00e8vre et double ampoule pour po\u00eales et chemin\u00e9es en fibre de verre en kit et bobines"}]},{"@type":"WebSite","@id":"https:\/\/amrtop.net\/#website","url":"https:\/\/amrtop.net\/","name":"AMRTOP B2B Abroad - Compras reservadas a los profesionales","description":"Recambios y accesorios para estufas y calderas - Comercio electr\u00f3nico B2B para profesionales","potentialAction":[{"@type":"SearchAction","target":{"@type":"EntryPoint","urlTemplate":"https:\/\/amrtop.net\/?s={search_term_string}"},"query-input":{"@type":"PropertyValueSpecification","valueRequired":true,"valueName":"search_term_string"}}],"inLanguage":"es"}]}},"_links":{"self":[{"href":"https:\/\/amrtop.net\/es\/wp-json\/wp\/v2\/product\/20569","targetHints":{"allow":["GET"]}}],"collection":[{"href":"https:\/\/amrtop.net\/es\/wp-json\/wp\/v2\/product"}],"about":[{"href":"https:\/\/amrtop.net\/es\/wp-json\/wp\/v2\/types\/product"}],"replies":[{"embeddable":true,"href":"https:\/\/amrtop.net\/es\/wp-json\/wp\/v2\/comments?post=20569"}],"wp:featuredmedia":[{"embeddable":true,"href":"https:\/\/amrtop.net\/es\/wp-json\/wp\/v2\/media\/25355"}],"wp:attachment":[{"href":"https:\/\/amrtop.net\/es\/wp-json\/wp\/v2\/media?parent=20569"}],"wp:term":[{"taxonomy":"product_brand","embeddable":true,"href":"https:\/\/amrtop.net\/es\/wp-json\/wp\/v2\/product_brand?post=20569"},{"taxonomy":"product_cat","embeddable":true,"href":"https:\/\/amrtop.net\/es\/wp-json\/wp\/v2\/product_cat?post=20569"},{"taxonomy":"product_tag","embeddable":true,"href":"https:\/\/amrtop.net\/es\/wp-json\/wp\/v2\/product_tag?post=20569"}],"curies":[{"name":"wp","href":"https:\/\/api.w.org\/{rel}","templated":true}]}}