{"id":20723,"date":"2020-10-01T00:00:00","date_gmt":"2020-10-01T00:00:00","guid":{"rendered":"https:\/\/amrtop.com\/B2B\/?post_type=product&#038;p=20723"},"modified":"2023-05-10T13:36:56","modified_gmt":"2023-05-10T13:36:56","slug":"ventilatore-tangenziale-fergas-o-80-mm-ventola-270-mm-2","status":"publish","type":"product","link":"https:\/\/amrtop.net\/es\/produit\/ventilatore-tangenziale-fergas-o-80-mm-ventola-270-mm-2\/","title":{"rendered":"Ventilador tangencial Fergas C\u00f3digo153459 - Altura de ventilaci\u00f3n 270 mm - Altura total 387 mm"},"content":{"rendered":"<h3>Ventilador tangencial Fergas \u00f8 80 mm ventola 270 mm<\/h3>\n<p>Fondata a Link\u00f6ping, in Svezia, nel 1949 dal nostro fondatore Lennart Wallman, l\u2019azienda rimane oggi sotto la stessa propriet\u00e0 familiare.<\/p>\n<p>I ventilatori tangenziali\u00a0Fergas\u00a0offerti da\u00a0Amrtop\u00a0sono utilizzati in molteplici applicazioni quali caminetti con effetto fiamma, lavastoviglie, apparecchiature medicali e per il raffreddamento di numerosi tipi di dispositivi elettronici. Sono disponibili in diverse lunghezze e diametri in versione singola e doppia con un\u2019ampia gamma di motori.<\/p>\n<p>Vengono offerti in diverse lunghezze e diametri, singoli, doppi o modulari con un\u2019ampia gamma di motori AC.<\/p>\n<p>Amrtop\u00a0propone una vasta gamma di prodotti\u00a0Fergas\u00a0per la ventilazione realizzati appositamente per il settore del riscaldamento e per la refrigerazione.<\/p>\n<p>Questi prodotti sono realizzati generalmente a 230V, alcune categorie sono disponibili anche in bassa tensione a 12V o 24V.<\/p>\n<p>Nel corso della sua storia, Fergas ha posto il successo dei propri Clienti in primo piano.<\/p>\n<p>I processi di produzione sono incentrati sul cliente e utilizzano una tecnologia di livello mondiale.<\/p>\n<h3>Utilizzo del ventilatore tangenziale Fergas \u00f8 80 mm ventola 270 mm<\/h3>\n<p>Il ventilatore tangenziale\u00a0Fergas &#8211; Motore sinistro &#8211; Codice 153459 offerto da Amrtop\u00a0si istalla negli apparecchi a biomassa per estrarre l\u2019aria calda creata dal corpo di combustione per poi diffonderla nell\u2019ambiente circostante.<\/p>\n<p><strong>Presenti in apparecchi tipo<\/strong>\u00a0- Estufa de pellets - Caldera de pellets - Asador de pellets - Barbacoa de pellets Caldera de biomasa - Asador de biomasa - Y muchos otros asadores<\/p>\n<h3><strong>Dom\u00e9stico<\/strong><\/h3>\n<p><a href=\"https:\/\/wekos.it\/\">stufe, cucine e termocucine a legna<\/a>\u00a0-\u00a0<a href=\"https:\/\/www.greenpuros.com\/\">caminetti, stufe, termostufe e caldaie a pellet.<\/a><\/p>\n<h3><strong>Gamma ricambi e accessori Amrtop<\/strong><\/h3>\n<p><a href=\"https:\/\/amrtop.com\/B2B\/categoria-prodotto\/ricambi-vari-stufe-e-caldaie\/candelette\/\"><strong>Candelette<\/strong><\/a><\/p>\n<p><a href=\"https:\/\/amrtop.com\/B2B\/categoria-prodotto\/ricambi-vari-stufe-e-caldaie\/elettronica\/\">Elettronica<\/a><\/p>\n<p><a href=\"https:\/\/amrtop.com\/B2B\/categoria-prodotto\/ricambi-vari-stufe-e-caldaie\/estrattori-fumo\/\">Estrattori fumo<\/a><\/p>\n<p><a href=\"https:\/\/amrtop.com\/B2B\/categoria-prodotto\/ricambi-vari-stufe-e-caldaie\/guaine-cavi-connettori\/\">Guaine cavi connettori<\/a><\/p>\n<p><a href=\"https:\/\/amrtop.com\/B2B\/categoria-prodotto\/ricambi-vari-stufe-e-caldaie\/guaine-cavi-connettori\/\">Guarniciones de silicona<\/a><\/p>\n<p><a href=\"https:\/\/amrtop.com\/B2B\/categoria-prodotto\/ricambi-vari-stufe-e-caldaie\/motoriduttori\/\">Motoriduttori<\/a><\/p>\n<p><a href=\"https:\/\/amrtop.com\/B2B\/categoria-prodotto\/ricambi-vari-stufe-e-caldaie\/pressostati-e-trasduttori\/\">Prensa y medios de comunicaci\u00f3n<\/a><\/p>\n<p><a href=\"https:\/\/amrtop.com\/B2B\/categoria-prodotto\/ricambi-vari-stufe-e-caldaie\/sonde-termostati-manometri-termometri\/\">Sonde termostati manometri termometri<\/a><\/p>\n<p><a href=\"https:\/\/amrtop.com\/B2B\/categoria-prodotto\/ricambi-vari-stufe-e-caldaie\/trecce-di-tenuta\/\">Trecce di tenuta<\/a><\/p>\n<p><a href=\"https:\/\/amrtop.com\/B2B\/categoria-prodotto\/ricambi-vari-stufe-e-caldaie\/ventilatori-centrifughi\/\">Ventiladores centr\u00edfugos<\/a><\/p>\n<p><a href=\"https:\/\/amrtop.com\/B2B\/categoria-prodotto\/ricambi-vari-stufe-e-caldaie\/ventilatori-tangenziali\/\">Ventiladores tangenciales<\/a><\/p>\n<p><a href=\"https:\/\/amrtop.com\/B2B\/categoria-prodotto\/ricambi-vari-stufe-e-caldaie\/adesivi-e-sigillanti\/\">Adhesivos y sellos<\/a><\/p>\n<p>Il personale di\u00a0<strong>Amrtop<\/strong>\u00a0\u00e8 stato formato con cura per aiutarvi ad identificare le eventuali parti di ricambio da sostituire offrendo un servizio di assistenza telefonica in francese, inglese, rumeno e italiano.<br \/>\nNon esitate a contattarci<\/p>","protected":false},"excerpt":{"rendered":"<hr \/>\n<h2><span style=\"color: #008000\">Disponible en<\/span><\/h2>\n<hr \/>\n<p>Codice 153459<\/p>\n<p>Motore sinistro<br \/>\nVentola \u00f8 80 mm<br \/>\nLunghezza ventola 270 mm<br \/>\nLunghezza totale : 387 mm<br \/>\nIngombro altezza: 147 mm<br \/>\nDimensioni bochetta : 44 x 280 mm<br \/>\nPortata : 305 m\u00b3\/h<br \/>\nPacco lamellare : 35 mm<br \/>\nPotenza : 78 W<br \/>\nClase H<\/p>","protected":false},"featured_media":35094,"comment_status":"open","ping_status":"closed","template":"","meta":[],"product_brand":[],"product_cat":[878,883,1397],"product_tag":[],"class_list":{"0":"post-20723","1":"product","2":"type-product","3":"status-publish","4":"has-post-thumbnail","6":"product_cat-ventilateurs-tangentiels-flux-transversal","7":"product_cat-ventilateurs-tangentiels-fergas-pour-poeles-et-chaudieres-a-pellets","8":"product_cat-ventilateurs-tangentiels-fergas-o-80-mm-moteur-gauche","9":"product_shipping_class-classe-di-spedizione-02","11":"first","12":"instock","13":"shipping-taxable","14":"purchasable","15":"product-type-simple"},"yoast_head":"<!-- This site is optimized with the Yoast SEO plugin v27.5 - https:\/\/yoast.com\/product\/yoast-seo-wordpress\/ -->\n<title>Ventilatore tangenziale Fergas \u00f8 80 mm ventola 270 mm<\/title>\n<meta name=\"description\" content=\"Ventilatore tangenziale Fergas \u00f8 80 mm ventola 270 mm-Ventilatore ambiente tangenziale stufa a pellet-Ventilatore aria calda tangenziale per stufa a pellet\" \/>\n<meta name=\"robots\" content=\"index, follow, max-snippet:-1, max-image-preview:large, max-video-preview:-1\" \/>\n<link rel=\"canonical\" href=\"https:\/\/amrtop.net\/es\/producto\/ventilatore-tangenziale-fergas-o-80-mm-ventola-270-mm-2\/\" \/>\n<meta property=\"og:locale\" content=\"es_ES\" \/>\n<meta property=\"og:type\" content=\"article\" \/>\n<meta property=\"og:title\" content=\"Ventilatore tangenziale Fergas \u00f8 80 mm ventola 270 mm\" \/>\n<meta property=\"og:description\" content=\"Ventilatore tangenziale Fergas \u00f8 80 mm ventola 270 mm-Ventilatore ambiente tangenziale stufa a pellet-Ventilatore aria calda tangenziale per stufa a pellet\" \/>\n<meta property=\"og:url\" content=\"https:\/\/amrtop.net\/es\/producto\/ventilatore-tangenziale-fergas-o-80-mm-ventola-270-mm-2\/\" \/>\n<meta property=\"og:site_name\" content=\"AMRTOP B2B \u00c9tranger - Achats r\u00e9serv\u00e9s au professionnel\" \/>\n<meta property=\"article:modified_time\" content=\"2023-05-10T13:36:56+00:00\" \/>\n<meta property=\"og:image\" content=\"https:\/\/amrtop.net\/wp-content\/uploads\/2020\/10\/153459S8.jpg\" \/>\n\t<meta property=\"og:image:width\" content=\"960\" \/>\n\t<meta property=\"og:image:height\" content=\"960\" \/>\n\t<meta property=\"og:image:type\" content=\"image\/jpeg\" \/>\n<meta name=\"twitter:card\" content=\"summary_large_image\" \/>\n<meta name=\"twitter:label1\" content=\"Tiempo de lectura\" \/>\n\t<meta name=\"twitter:data1\" content=\"1 minuto\" \/>\n<script type=\"application\/ld+json\" class=\"yoast-schema-graph\">{\"@context\":\"https:\\\/\\\/schema.org\",\"@graph\":[{\"@type\":\"WebPage\",\"@id\":\"https:\\\/\\\/amrtop.net\\\/produit\\\/ventilatore-tangenziale-fergas-o-80-mm-ventola-270-mm-2\\\/\",\"url\":\"https:\\\/\\\/amrtop.net\\\/produit\\\/ventilatore-tangenziale-fergas-o-80-mm-ventola-270-mm-2\\\/\",\"name\":\"Ventilatore tangenziale Fergas \u00f8 80 mm ventola 270 mm\",\"isPartOf\":{\"@id\":\"https:\\\/\\\/amrtop.net\\\/#website\"},\"primaryImageOfPage\":{\"@id\":\"https:\\\/\\\/amrtop.net\\\/produit\\\/ventilatore-tangenziale-fergas-o-80-mm-ventola-270-mm-2\\\/#primaryimage\"},\"image\":{\"@id\":\"https:\\\/\\\/amrtop.net\\\/produit\\\/ventilatore-tangenziale-fergas-o-80-mm-ventola-270-mm-2\\\/#primaryimage\"},\"thumbnailUrl\":\"https:\\\/\\\/amrtop.net\\\/wp-content\\\/uploads\\\/2020\\\/10\\\/153459S8.jpg\",\"datePublished\":\"2020-10-01T00:00:00+00:00\",\"dateModified\":\"2023-05-10T13:36:56+00:00\",\"description\":\"Ventilatore tangenziale Fergas \u00f8 80 mm ventola 270 mm-Ventilatore ambiente tangenziale stufa a pellet-Ventilatore aria calda tangenziale per stufa a pellet\",\"breadcrumb\":{\"@id\":\"https:\\\/\\\/amrtop.net\\\/produit\\\/ventilatore-tangenziale-fergas-o-80-mm-ventola-270-mm-2\\\/#breadcrumb\"},\"inLanguage\":\"es\",\"potentialAction\":[{\"@type\":\"ReadAction\",\"target\":[\"https:\\\/\\\/amrtop.net\\\/produit\\\/ventilatore-tangenziale-fergas-o-80-mm-ventola-270-mm-2\\\/\"]}]},{\"@type\":\"ImageObject\",\"inLanguage\":\"es\",\"@id\":\"https:\\\/\\\/amrtop.net\\\/produit\\\/ventilatore-tangenziale-fergas-o-80-mm-ventola-270-mm-2\\\/#primaryimage\",\"url\":\"https:\\\/\\\/amrtop.net\\\/wp-content\\\/uploads\\\/2020\\\/10\\\/153459S8.jpg\",\"contentUrl\":\"https:\\\/\\\/amrtop.net\\\/wp-content\\\/uploads\\\/2020\\\/10\\\/153459S8.jpg\",\"width\":960,\"height\":960,\"caption\":\"Ventilatore tangenziale Fergas \u00f8 80 mm ventola 270 mm\"},{\"@type\":\"BreadcrumbList\",\"@id\":\"https:\\\/\\\/amrtop.net\\\/produit\\\/ventilatore-tangenziale-fergas-o-80-mm-ventola-270-mm-2\\\/#breadcrumb\",\"itemListElement\":[{\"@type\":\"ListItem\",\"position\":1,\"name\":\"Home\",\"item\":\"https:\\\/\\\/amrtop.net\\\/\"},{\"@type\":\"ListItem\",\"position\":2,\"name\":\"Shop\",\"item\":\"https:\\\/\\\/amrtop.net\\\/negozio\\\/\"},{\"@type\":\"ListItem\",\"position\":3,\"name\":\"Ventilatore tangenziale Fergas Codice153459 &#8211; Lunghezza ventola 270 mm &#8211; Lunghezza totale 387 mm\"}]},{\"@type\":\"WebSite\",\"@id\":\"https:\\\/\\\/amrtop.net\\\/#website\",\"url\":\"https:\\\/\\\/amrtop.net\\\/\",\"name\":\"AMRTOP B2B \u00c9tranger - Achats r\u00e9serv\u00e9s au professionnel\",\"description\":\"Pi\u00e8ces de rechange et accessoires pour po\u00eales et chaudi\u00e8res - eCommerce B2B pour Clients Professionnels\",\"potentialAction\":[{\"@type\":\"SearchAction\",\"target\":{\"@type\":\"EntryPoint\",\"urlTemplate\":\"https:\\\/\\\/amrtop.net\\\/?s={search_term_string}\"},\"query-input\":{\"@type\":\"PropertyValueSpecification\",\"valueRequired\":true,\"valueName\":\"search_term_string\"}}],\"inLanguage\":\"es\"}]}<\/script>\n<!-- \/ Yoast SEO plugin. -->","yoast_head_json":{"title":"Ventilador tangencial Fergas \u00f8 80 mm ventola 270 mm","description":"Ventilatore tangenziale Fergas \u00f8 80 mm ventola 270 mm-Ventilatore ambiente tangenziale stufa a pellet-Ventilatore aria calda tangenziale per stufa a pellet","robots":{"index":"index","follow":"follow","max-snippet":"max-snippet:-1","max-image-preview":"max-image-preview:large","max-video-preview":"max-video-preview:-1"},"canonical":"https:\/\/amrtop.net\/es\/producto\/ventilatore-tangenziale-fergas-o-80-mm-ventola-270-mm-2\/","og_locale":"es_ES","og_type":"article","og_title":"Ventilatore tangenziale Fergas \u00f8 80 mm ventola 270 mm","og_description":"Ventilatore tangenziale Fergas \u00f8 80 mm ventola 270 mm-Ventilatore ambiente tangenziale stufa a pellet-Ventilatore aria calda tangenziale per stufa a pellet","og_url":"https:\/\/amrtop.net\/es\/producto\/ventilatore-tangenziale-fergas-o-80-mm-ventola-270-mm-2\/","og_site_name":"AMRTOP B2B \u00c9tranger - Achats r\u00e9serv\u00e9s au professionnel","article_modified_time":"2023-05-10T13:36:56+00:00","og_image":[{"width":960,"height":960,"url":"https:\/\/amrtop.net\/wp-content\/uploads\/2020\/10\/153459S8.jpg","type":"image\/jpeg"}],"twitter_card":"summary_large_image","twitter_misc":{"Tiempo de lectura":"1 minuto"},"schema":{"@context":"https:\/\/schema.org","@graph":[{"@type":"WebPage","@id":"https:\/\/amrtop.net\/produit\/ventilatore-tangenziale-fergas-o-80-mm-ventola-270-mm-2\/","url":"https:\/\/amrtop.net\/produit\/ventilatore-tangenziale-fergas-o-80-mm-ventola-270-mm-2\/","name":"Ventilador tangencial Fergas \u00f8 80 mm ventola 270 mm","isPartOf":{"@id":"https:\/\/amrtop.net\/#website"},"primaryImageOfPage":{"@id":"https:\/\/amrtop.net\/produit\/ventilatore-tangenziale-fergas-o-80-mm-ventola-270-mm-2\/#primaryimage"},"image":{"@id":"https:\/\/amrtop.net\/produit\/ventilatore-tangenziale-fergas-o-80-mm-ventola-270-mm-2\/#primaryimage"},"thumbnailUrl":"https:\/\/amrtop.net\/wp-content\/uploads\/2020\/10\/153459S8.jpg","datePublished":"2020-10-01T00:00:00+00:00","dateModified":"2023-05-10T13:36:56+00:00","description":"Ventilatore tangenziale Fergas \u00f8 80 mm ventola 270 mm-Ventilatore ambiente tangenziale stufa a pellet-Ventilatore aria calda tangenziale per stufa a pellet","breadcrumb":{"@id":"https:\/\/amrtop.net\/produit\/ventilatore-tangenziale-fergas-o-80-mm-ventola-270-mm-2\/#breadcrumb"},"inLanguage":"es","potentialAction":[{"@type":"ReadAction","target":["https:\/\/amrtop.net\/produit\/ventilatore-tangenziale-fergas-o-80-mm-ventola-270-mm-2\/"]}]},{"@type":"ImageObject","inLanguage":"es","@id":"https:\/\/amrtop.net\/produit\/ventilatore-tangenziale-fergas-o-80-mm-ventola-270-mm-2\/#primaryimage","url":"https:\/\/amrtop.net\/wp-content\/uploads\/2020\/10\/153459S8.jpg","contentUrl":"https:\/\/amrtop.net\/wp-content\/uploads\/2020\/10\/153459S8.jpg","width":960,"height":960,"caption":"Ventilatore tangenziale Fergas \u00f8 80 mm ventola 270 mm"},{"@type":"BreadcrumbList","@id":"https:\/\/amrtop.net\/produit\/ventilatore-tangenziale-fergas-o-80-mm-ventola-270-mm-2\/#breadcrumb","itemListElement":[{"@type":"ListItem","position":1,"name":"Home","item":"https:\/\/amrtop.net\/"},{"@type":"ListItem","position":2,"name":"Shop","item":"https:\/\/amrtop.net\/negozio\/"},{"@type":"ListItem","position":3,"name":"Ventilatore tangenziale Fergas Codice153459 &#8211; Lunghezza ventola 270 mm &#8211; Lunghezza totale 387 mm"}]},{"@type":"WebSite","@id":"https:\/\/amrtop.net\/#website","url":"https:\/\/amrtop.net\/","name":"AMRTOP B2B Abroad - Compras reservadas a los profesionales","description":"Recambios y accesorios para estufas y calderas - Comercio electr\u00f3nico B2B para profesionales","potentialAction":[{"@type":"SearchAction","target":{"@type":"EntryPoint","urlTemplate":"https:\/\/amrtop.net\/?s={search_term_string}"},"query-input":{"@type":"PropertyValueSpecification","valueRequired":true,"valueName":"search_term_string"}}],"inLanguage":"es"}]}},"_links":{"self":[{"href":"https:\/\/amrtop.net\/es\/wp-json\/wp\/v2\/product\/20723","targetHints":{"allow":["GET"]}}],"collection":[{"href":"https:\/\/amrtop.net\/es\/wp-json\/wp\/v2\/product"}],"about":[{"href":"https:\/\/amrtop.net\/es\/wp-json\/wp\/v2\/types\/product"}],"replies":[{"embeddable":true,"href":"https:\/\/amrtop.net\/es\/wp-json\/wp\/v2\/comments?post=20723"}],"wp:featuredmedia":[{"embeddable":true,"href":"https:\/\/amrtop.net\/es\/wp-json\/wp\/v2\/media\/35094"}],"wp:attachment":[{"href":"https:\/\/amrtop.net\/es\/wp-json\/wp\/v2\/media?parent=20723"}],"wp:term":[{"taxonomy":"product_brand","embeddable":true,"href":"https:\/\/amrtop.net\/es\/wp-json\/wp\/v2\/product_brand?post=20723"},{"taxonomy":"product_cat","embeddable":true,"href":"https:\/\/amrtop.net\/es\/wp-json\/wp\/v2\/product_cat?post=20723"},{"taxonomy":"product_tag","embeddable":true,"href":"https:\/\/amrtop.net\/es\/wp-json\/wp\/v2\/product_tag?post=20723"}],"curies":[{"name":"wp","href":"https:\/\/api.w.org\/{rel}","templated":true}]}}