{"id":20771,"date":"2020-10-01T00:00:00","date_gmt":"2020-10-01T00:00:00","guid":{"rendered":"https:\/\/amrtop.com\/B2B\/?post_type=product&#038;p=20771"},"modified":"2023-06-06T11:48:34","modified_gmt":"2023-06-06T11:48:34","slug":"ventilateur-centrifuge-ipc-code-cfx2121201-encombrement-longueur-156-mm-encombrement-hauteur-170-mm","status":"publish","type":"product","link":"https:\/\/amrtop.net\/es\/produit\/ventilateur-centrifuge-ipc-code-cfx2121201-encombrement-longueur-156-mm-encombrement-hauteur-170-mm\/","title":{"rendered":"Ventilador centr\u00edfugo IPC C\u00f3digo CFX2121201 - Longitud total 156 mm - Altura total 170 mm"},"content":{"rendered":"<hr \/>\n<h3>Ventilateur centrifuge IPC Code CFX2121201<\/h3>\n<p>Con m\u00e1s de veinte a\u00f1os de experiencia pr\u00e1ctica en todas las aplicaciones utilizadas en las estufas de pellets\/biomasa, IPC es ahora el l\u00edder del mercado en el suministro de componentes y sistemas en este nicho del sector de la calefacci\u00f3n.<\/p>\n<p>El profundo conocimiento de todos los problemas y dificultades de las aplicaciones de las estufas de pellets y biomasa es la base del \u00e9xito de IPC en el dise\u00f1o y la fabricaci\u00f3n de sistemas de ventilaci\u00f3n de locales.<\/p>\n<p>Para responder a las necesidades de canalizaci\u00f3n de las estufas de biomasa, existe una amplia gama de ventiladores de aspiraci\u00f3n SIMPLE o DOBLE, que pueden personalizarse en funci\u00f3n de las necesidades del cliente.<\/p>\n<p>Los ventiladores centr\u00edfugos est\u00e1n disponibles en distintos tama\u00f1os de conducto: 60 mm de di\u00e1metro, 80 mm de di\u00e1metro o con terminal de ca\u00f1o cuadrado.<\/p>\n<p>En los productos IPC, cada detalle se cuida con esmero; por ejemplo, las tapas de los extremos son antivibraciones y de silicona, mientras que los rodamientos de bolas son siempre de alta calidad y alto rendimiento.<\/p>\n<h3>Utilisation du ventilateur centrifuge Ipc Code CFX2121201<\/h3>\n<p>El ventilador centr\u00edfugo Sit propuesto por Amrtop se instala en aparatos de biomasa para extraer el aire caliente creado por el cuerpo de combusti\u00f3n y difundirlo despu\u00e9s al ambiente.<\/p>\n<p><strong>Presente en aparatos t\u00edpicos<\/strong>\u00a0Estufa de pellets - Caldera de pellets - Quemador de pellets - Barbacoa\/parrilla de pellets Caldera de biomasa - Quemador de biomasa - Y muchos otros quemadores<\/p>\n<h3><strong>Interior<\/strong><\/h3>\n<p><a href=\"https:\/\/wekos.it\/\">Estufas, cocinas y cocinas de le\u00f1a<\/a>\u00a0-\u00a0<a href=\"https:\/\/www.greenpuros.com\/\">chimeneas, estufas y calderas de pellets.<\/a><\/p>\n<h3><strong>Gama Amrtop de recambios y accesorios<\/strong><\/h3>\n<p><a href=\"https:\/\/amrtop.net\/es\/categoria-de-productos\/recambios-miscelaneos-cocinas-y-calderas-2\/bougies-dallumage-pour-poeles-et-chaudieres-a-pellets\/\">Calentadores<\/a><\/p>\n<p><a href=\"https:\/\/amrtop.net\/es\/categoria-de-productos\/recambios-miscelaneos-cocinas-y-calderas-2\/electronique\/\">Electr\u00f3nica<\/a><\/p>\n<p><a href=\"https:\/\/amrtop.net\/es\/categoria-de-productos\/recambios-miscelaneos-cocinas-y-calderas-2\/extracteurs-de-fumee\/\">Extractores de humo<\/a><\/p>\n<p><a href=\"https:\/\/amrtop.net\/es\/categoria-de-productos\/recambios-miscelaneos-cocinas-y-calderas-2\/gaines-cable-connecteurs\/\">Fundas de cables de conexi\u00f3n<\/a><\/p>\n<p><a href=\"https:\/\/amrtop.net\/es\/categoria-de-productos\/recambios-miscelaneos-cocinas-y-calderas-2\/joints-de-silicone\/\">Juntas de silicona<\/a><\/p>\n<p><a href=\"https:\/\/amrtop.net\/es\/categoria-de-productos\/recambios-miscelaneos-cocinas-y-calderas-2\/motoreducteurs\/\">Motorreductores<\/a><\/p>\n<p><a href=\"https:\/\/amrtop.net\/es\/categoria-de-productos\/recambios-miscelaneos-cocinas-y-calderas-2\/pressostats-et-transducteurs\/\">Presostatos y transductores<\/a><\/p>\n<p><a href=\"https:\/\/amrtop.net\/es\/categoria-de-productos\/recambios-miscelaneos-cocinas-y-calderas-2\/sondes-thermostats-manometres-thermometres\/\">Sondas termostatos man\u00f3metros term\u00f3metros<\/a><\/p>\n<p><a href=\"https:\/\/amrtop.net\/es\/categoria-de-productos\/recambios-miscelaneos-cocinas-y-calderas-2\/joints-detancheite\/\">Sellado de trenzas<\/a><\/p>\n<p><a href=\"https:\/\/amrtop.net\/es\/categoria-de-productos\/recambios-miscelaneos-cocinas-y-calderas-2\/ventilateurs-centrifuges-pour-poeles-a-pellets\/\">Ventiladores centr\u00edfugos<\/a><\/p>\n<p><a href=\"https:\/\/amrtop.net\/es\/categoria-de-productos\/recambios-miscelaneos-cocinas-y-calderas-2\/ventilateurs-tangentiels-flux-transversal\/\">Ventiladores de flujo cruzado<\/a><\/p>\n<p><a href=\"https:\/\/amrtop.net\/es\/categoria-de-productos\/recambios-miscelaneos-cocinas-y-calderas-2\/adhesifs-et-produits-detancheite\/\">Colas y selladores<\/a><\/p>\n<p>El personal de\u00a0<strong>Amrtop<\/strong>\u00a0ha sido cuidadosamente formado para ayudarle a identificar las piezas de repuesto que necesite sustituir, con asistencia telef\u00f3nica disponible en ingl\u00e9s, franc\u00e9s, rumano e italiano.<br \/>\nNo dude en ponerse en contacto con nosotros<\/p>","protected":false},"excerpt":{"rendered":"<hr \/>\n<h2><span style=\"color: #008000\">Disponible en<\/span><\/h2>\n<hr \/>\n<h2>Ventilateur centrifuge IPC \u00f8 ventilateur 120 mm<\/h2>\n<p>Code CFX2121201<\/p>\n<p>Ventilador \u00f8 120 mm<\/p>\n<p>Profundidad total: 163 mm<\/p>\n<p>Tama\u00f1o del respiradero: 63 x 146 mm<\/p>\n<p>Debit d&#8217;air : 495 m\u00b3\/h<\/p>\n<p>Paquet lamellaire : n.d<\/p>\n<p>Puissances : 98 W<\/p>\n<p>Classe F &#8211; Protection thermique 125 \u00b0C<\/p>","protected":false},"featured_media":35999,"comment_status":"open","ping_status":"closed","template":"","meta":[],"product_brand":[],"product_cat":[1300,1303,1405],"product_tag":[],"class_list":{"0":"post-20771","1":"product","2":"type-product","3":"status-publish","4":"has-post-thumbnail","6":"product_cat-ventilateurs-centrifuges-pour-poeles-a-pellets","7":"product_cat-ventilateurs-centrifuges-ipc","8":"product_cat-ventilateurs-centrifuges-ipc-double-aspiration","9":"product_shipping_class-classe-di-spedizione-02","11":"first","12":"instock","13":"shipping-taxable","14":"purchasable","15":"product-type-simple"},"yoast_head":"<!-- This site is optimized with the Yoast SEO plugin v27.5 - https:\/\/yoast.com\/product\/yoast-seo-wordpress\/ -->\n<title>Ventilateur centrifuge IPC Code CFX2121201<\/title>\n<meta name=\"description\" content=\"Ventilateur centrifuge IPC Code CFX2121201 - Ventilateur centrifuge IPC Code CFX2121201 pour po\u00eales et chaudi\u00e8res \u00e0 pellets\" \/>\n<meta name=\"robots\" content=\"index, follow, max-snippet:-1, max-image-preview:large, max-video-preview:-1\" \/>\n<link rel=\"canonical\" href=\"https:\/\/amrtop.net\/es\/producto\/ventilateur-centrifuge-ipc-code-cfx2121201-encombrement-longueur-156-mm-encombrement-hauteur-170-mm\/\" \/>\n<meta property=\"og:locale\" content=\"es_ES\" \/>\n<meta property=\"og:type\" content=\"article\" \/>\n<meta property=\"og:title\" content=\"Ventilateur centrifuge IPC Code CFX2121201\" \/>\n<meta property=\"og:description\" content=\"Ventilateur centrifuge IPC Code CFX2121201 - Ventilateur centrifuge IPC Code CFX2121201 pour po\u00eales et chaudi\u00e8res \u00e0 pellets\" \/>\n<meta property=\"og:url\" content=\"https:\/\/amrtop.net\/es\/producto\/ventilateur-centrifuge-ipc-code-cfx2121201-encombrement-longueur-156-mm-encombrement-hauteur-170-mm\/\" \/>\n<meta property=\"og:site_name\" content=\"AMRTOP B2B \u00c9tranger - Achats r\u00e9serv\u00e9s au professionnel\" \/>\n<meta property=\"article:modified_time\" content=\"2023-06-06T11:48:34+00:00\" \/>\n<meta property=\"og:image\" content=\"https:\/\/amrtop.net\/wp-content\/uploads\/2020\/10\/CFX2121201.jpg\" \/>\n\t<meta property=\"og:image:width\" content=\"960\" \/>\n\t<meta property=\"og:image:height\" content=\"960\" \/>\n\t<meta property=\"og:image:type\" content=\"image\/jpeg\" \/>\n<meta name=\"twitter:card\" content=\"summary_large_image\" \/>\n<meta name=\"twitter:label1\" content=\"Tiempo de lectura\" \/>\n\t<meta name=\"twitter:data1\" content=\"1 minuto\" \/>\n<script type=\"application\/ld+json\" class=\"yoast-schema-graph\">{\"@context\":\"https:\\\/\\\/schema.org\",\"@graph\":[{\"@type\":\"WebPage\",\"@id\":\"https:\\\/\\\/amrtop.net\\\/produit\\\/ventilateur-centrifuge-ipc-code-cfx2121201-encombrement-longueur-156-mm-encombrement-hauteur-170-mm\\\/\",\"url\":\"https:\\\/\\\/amrtop.net\\\/produit\\\/ventilateur-centrifuge-ipc-code-cfx2121201-encombrement-longueur-156-mm-encombrement-hauteur-170-mm\\\/\",\"name\":\"Ventilateur centrifuge IPC Code CFX2121201\",\"isPartOf\":{\"@id\":\"https:\\\/\\\/amrtop.net\\\/#website\"},\"primaryImageOfPage\":{\"@id\":\"https:\\\/\\\/amrtop.net\\\/produit\\\/ventilateur-centrifuge-ipc-code-cfx2121201-encombrement-longueur-156-mm-encombrement-hauteur-170-mm\\\/#primaryimage\"},\"image\":{\"@id\":\"https:\\\/\\\/amrtop.net\\\/produit\\\/ventilateur-centrifuge-ipc-code-cfx2121201-encombrement-longueur-156-mm-encombrement-hauteur-170-mm\\\/#primaryimage\"},\"thumbnailUrl\":\"https:\\\/\\\/amrtop.net\\\/wp-content\\\/uploads\\\/2020\\\/10\\\/CFX2121201.jpg\",\"datePublished\":\"2020-10-01T00:00:00+00:00\",\"dateModified\":\"2023-06-06T11:48:34+00:00\",\"description\":\"Ventilateur centrifuge IPC Code CFX2121201 - Ventilateur centrifuge IPC Code CFX2121201 pour po\u00eales et chaudi\u00e8res \u00e0 pellets\",\"breadcrumb\":{\"@id\":\"https:\\\/\\\/amrtop.net\\\/produit\\\/ventilateur-centrifuge-ipc-code-cfx2121201-encombrement-longueur-156-mm-encombrement-hauteur-170-mm\\\/#breadcrumb\"},\"inLanguage\":\"es\",\"potentialAction\":[{\"@type\":\"ReadAction\",\"target\":[\"https:\\\/\\\/amrtop.net\\\/produit\\\/ventilateur-centrifuge-ipc-code-cfx2121201-encombrement-longueur-156-mm-encombrement-hauteur-170-mm\\\/\"]}]},{\"@type\":\"ImageObject\",\"inLanguage\":\"es\",\"@id\":\"https:\\\/\\\/amrtop.net\\\/produit\\\/ventilateur-centrifuge-ipc-code-cfx2121201-encombrement-longueur-156-mm-encombrement-hauteur-170-mm\\\/#primaryimage\",\"url\":\"https:\\\/\\\/amrtop.net\\\/wp-content\\\/uploads\\\/2020\\\/10\\\/CFX2121201.jpg\",\"contentUrl\":\"https:\\\/\\\/amrtop.net\\\/wp-content\\\/uploads\\\/2020\\\/10\\\/CFX2121201.jpg\",\"width\":960,\"height\":960,\"caption\":\"Ventilateur centrifuge IPC Code CFX2121201 - Ventilateur centrifuge IPC Code CFX2121201 pour po\u00eales et chaudi\u00e8res \u00e0 pellets\"},{\"@type\":\"BreadcrumbList\",\"@id\":\"https:\\\/\\\/amrtop.net\\\/produit\\\/ventilateur-centrifuge-ipc-code-cfx2121201-encombrement-longueur-156-mm-encombrement-hauteur-170-mm\\\/#breadcrumb\",\"itemListElement\":[{\"@type\":\"ListItem\",\"position\":1,\"name\":\"Home\",\"item\":\"https:\\\/\\\/amrtop.net\\\/\"},{\"@type\":\"ListItem\",\"position\":2,\"name\":\"Shop\",\"item\":\"https:\\\/\\\/amrtop.net\\\/negozio\\\/\"},{\"@type\":\"ListItem\",\"position\":3,\"name\":\"Ventilateur centrifuge IPC Code CFX2121201 &#8211; Encombrement longueur 156 mm &#8211; Encombrement hauteur 170 mm\"}]},{\"@type\":\"WebSite\",\"@id\":\"https:\\\/\\\/amrtop.net\\\/#website\",\"url\":\"https:\\\/\\\/amrtop.net\\\/\",\"name\":\"AMRTOP B2B \u00c9tranger - Achats r\u00e9serv\u00e9s au professionnel\",\"description\":\"Pi\u00e8ces de rechange et accessoires pour po\u00eales et chaudi\u00e8res - eCommerce B2B pour Clients Professionnels\",\"potentialAction\":[{\"@type\":\"SearchAction\",\"target\":{\"@type\":\"EntryPoint\",\"urlTemplate\":\"https:\\\/\\\/amrtop.net\\\/?s={search_term_string}\"},\"query-input\":{\"@type\":\"PropertyValueSpecification\",\"valueRequired\":true,\"valueName\":\"search_term_string\"}}],\"inLanguage\":\"es\"}]}<\/script>\n<!-- \/ Yoast SEO plugin. -->","yoast_head_json":{"title":"Ventilateur centrifuge IPC Code CFX2121201","description":"Ventilador centr\u00edfugo C\u00f3digo IPC CFX2121201 - Ventilador centr\u00edfugo C\u00f3digo IPC CFX2121201 para estufas y calderas de pellets","robots":{"index":"index","follow":"follow","max-snippet":"max-snippet:-1","max-image-preview":"max-image-preview:large","max-video-preview":"max-video-preview:-1"},"canonical":"https:\/\/amrtop.net\/es\/producto\/ventilateur-centrifuge-ipc-code-cfx2121201-encombrement-longueur-156-mm-encombrement-hauteur-170-mm\/","og_locale":"es_ES","og_type":"article","og_title":"Ventilateur centrifuge IPC Code CFX2121201","og_description":"Ventilateur centrifuge IPC Code CFX2121201 - Ventilateur centrifuge IPC Code CFX2121201 pour po\u00eales et chaudi\u00e8res \u00e0 pellets","og_url":"https:\/\/amrtop.net\/es\/producto\/ventilateur-centrifuge-ipc-code-cfx2121201-encombrement-longueur-156-mm-encombrement-hauteur-170-mm\/","og_site_name":"AMRTOP B2B \u00c9tranger - Achats r\u00e9serv\u00e9s au professionnel","article_modified_time":"2023-06-06T11:48:34+00:00","og_image":[{"width":960,"height":960,"url":"https:\/\/amrtop.net\/wp-content\/uploads\/2020\/10\/CFX2121201.jpg","type":"image\/jpeg"}],"twitter_card":"summary_large_image","twitter_misc":{"Tiempo de lectura":"1 minuto"},"schema":{"@context":"https:\/\/schema.org","@graph":[{"@type":"WebPage","@id":"https:\/\/amrtop.net\/produit\/ventilateur-centrifuge-ipc-code-cfx2121201-encombrement-longueur-156-mm-encombrement-hauteur-170-mm\/","url":"https:\/\/amrtop.net\/produit\/ventilateur-centrifuge-ipc-code-cfx2121201-encombrement-longueur-156-mm-encombrement-hauteur-170-mm\/","name":"Ventilateur centrifuge IPC Code CFX2121201","isPartOf":{"@id":"https:\/\/amrtop.net\/#website"},"primaryImageOfPage":{"@id":"https:\/\/amrtop.net\/produit\/ventilateur-centrifuge-ipc-code-cfx2121201-encombrement-longueur-156-mm-encombrement-hauteur-170-mm\/#primaryimage"},"image":{"@id":"https:\/\/amrtop.net\/produit\/ventilateur-centrifuge-ipc-code-cfx2121201-encombrement-longueur-156-mm-encombrement-hauteur-170-mm\/#primaryimage"},"thumbnailUrl":"https:\/\/amrtop.net\/wp-content\/uploads\/2020\/10\/CFX2121201.jpg","datePublished":"2020-10-01T00:00:00+00:00","dateModified":"2023-06-06T11:48:34+00:00","description":"Ventilador centr\u00edfugo C\u00f3digo IPC CFX2121201 - Ventilador centr\u00edfugo C\u00f3digo IPC CFX2121201 para estufas y calderas de pellets","breadcrumb":{"@id":"https:\/\/amrtop.net\/produit\/ventilateur-centrifuge-ipc-code-cfx2121201-encombrement-longueur-156-mm-encombrement-hauteur-170-mm\/#breadcrumb"},"inLanguage":"es","potentialAction":[{"@type":"ReadAction","target":["https:\/\/amrtop.net\/produit\/ventilateur-centrifuge-ipc-code-cfx2121201-encombrement-longueur-156-mm-encombrement-hauteur-170-mm\/"]}]},{"@type":"ImageObject","inLanguage":"es","@id":"https:\/\/amrtop.net\/produit\/ventilateur-centrifuge-ipc-code-cfx2121201-encombrement-longueur-156-mm-encombrement-hauteur-170-mm\/#primaryimage","url":"https:\/\/amrtop.net\/wp-content\/uploads\/2020\/10\/CFX2121201.jpg","contentUrl":"https:\/\/amrtop.net\/wp-content\/uploads\/2020\/10\/CFX2121201.jpg","width":960,"height":960,"caption":"Ventilateur centrifuge IPC Code CFX2121201 - Ventilateur centrifuge IPC Code CFX2121201 pour po\u00eales et chaudi\u00e8res \u00e0 pellets"},{"@type":"BreadcrumbList","@id":"https:\/\/amrtop.net\/produit\/ventilateur-centrifuge-ipc-code-cfx2121201-encombrement-longueur-156-mm-encombrement-hauteur-170-mm\/#breadcrumb","itemListElement":[{"@type":"ListItem","position":1,"name":"Home","item":"https:\/\/amrtop.net\/"},{"@type":"ListItem","position":2,"name":"Shop","item":"https:\/\/amrtop.net\/negozio\/"},{"@type":"ListItem","position":3,"name":"Ventilateur centrifuge IPC Code CFX2121201 &#8211; Encombrement longueur 156 mm &#8211; Encombrement hauteur 170 mm"}]},{"@type":"WebSite","@id":"https:\/\/amrtop.net\/#website","url":"https:\/\/amrtop.net\/","name":"AMRTOP B2B Abroad - Compras reservadas a los profesionales","description":"Recambios y accesorios para estufas y calderas - Comercio electr\u00f3nico B2B para profesionales","potentialAction":[{"@type":"SearchAction","target":{"@type":"EntryPoint","urlTemplate":"https:\/\/amrtop.net\/?s={search_term_string}"},"query-input":{"@type":"PropertyValueSpecification","valueRequired":true,"valueName":"search_term_string"}}],"inLanguage":"es"}]}},"_links":{"self":[{"href":"https:\/\/amrtop.net\/es\/wp-json\/wp\/v2\/product\/20771","targetHints":{"allow":["GET"]}}],"collection":[{"href":"https:\/\/amrtop.net\/es\/wp-json\/wp\/v2\/product"}],"about":[{"href":"https:\/\/amrtop.net\/es\/wp-json\/wp\/v2\/types\/product"}],"replies":[{"embeddable":true,"href":"https:\/\/amrtop.net\/es\/wp-json\/wp\/v2\/comments?post=20771"}],"wp:featuredmedia":[{"embeddable":true,"href":"https:\/\/amrtop.net\/es\/wp-json\/wp\/v2\/media\/35999"}],"wp:attachment":[{"href":"https:\/\/amrtop.net\/es\/wp-json\/wp\/v2\/media?parent=20771"}],"wp:term":[{"taxonomy":"product_brand","embeddable":true,"href":"https:\/\/amrtop.net\/es\/wp-json\/wp\/v2\/product_brand?post=20771"},{"taxonomy":"product_cat","embeddable":true,"href":"https:\/\/amrtop.net\/es\/wp-json\/wp\/v2\/product_cat?post=20771"},{"taxonomy":"product_tag","embeddable":true,"href":"https:\/\/amrtop.net\/es\/wp-json\/wp\/v2\/product_tag?post=20771"}],"curies":[{"name":"wp","href":"https:\/\/api.w.org\/{rel}","templated":true}]}}