{"id":20773,"date":"2020-10-01T00:00:00","date_gmt":"2020-10-01T00:00:00","guid":{"rendered":"https:\/\/amrtop.com\/B2B\/?post_type=product&#038;p=20773"},"modified":"2023-06-06T11:43:09","modified_gmt":"2023-06-06T11:43:09","slug":"ventilateur-centrifuge-ipc-code-cfh2080804-encombrement-longueur-173-mm-encombrement-hauteur-136-mm","status":"publish","type":"product","link":"https:\/\/amrtop.net\/es\/produit\/ventilateur-centrifuge-ipc-code-cfh2080804-encombrement-longueur-173-mm-encombrement-hauteur-136-mm\/","title":{"rendered":"Ventilador centr\u00edfugo Ipc C\u00f3digo CFH2080804 - Longitud total 173 mm - Altura total 136 mm"},"content":{"rendered":"<hr \/>\n<h2>Ventilateur centrifuge IPC moteur gauche<\/h2>\n<hr \/>\n<p>Con m\u00e1s de veinte a\u00f1os de experiencia pr\u00e1ctica en todas las aplicaciones utilizadas en las estufas de pellets\/biomasa, IPC es ahora el l\u00edder del mercado en el suministro de componentes y sistemas en este nicho del sector de la calefacci\u00f3n.<\/p>\n<p>El profundo conocimiento de todos los problemas y dificultades de las aplicaciones de las estufas de pellets y biomasa es la base del \u00e9xito de IPC en el dise\u00f1o y la fabricaci\u00f3n de sistemas de ventilaci\u00f3n de locales.<\/p>\n<p>Para responder a las necesidades de canalizaci\u00f3n de las estufas de biomasa, existe una amplia gama de ventiladores de aspiraci\u00f3n SIMPLE o DOBLE, que pueden personalizarse en funci\u00f3n de las necesidades del cliente.<\/p>\n<p>Los ventiladores centr\u00edfugos est\u00e1n disponibles en distintos tama\u00f1os de conducto: 60 mm de di\u00e1metro, 80 mm de di\u00e1metro o con terminal de ca\u00f1o cuadrado.<\/p>\n<p>En los productos IPC, cada detalle se cuida con esmero; por ejemplo, las tapas de los extremos son antivibraciones y de silicona, mientras que los rodamientos de bolas son siempre de alta calidad y alto rendimiento.<\/p>\n<h3>Utilisation du ventilateur centrifuge IPC moteur gauche<\/h3>\n<p>El ventilador centr\u00edfugo propuesto por Amrtop se instala en aparatos de biomasa para extraer el aire caliente creado por el cuerpo de combusti\u00f3n y difundirlo despu\u00e9s en el ambiente.<\/p>\n<p><strong>Presente en aparatos t\u00edpicos<\/strong>\u00a0Estufa de pellets - Caldera de pellets - Quemador de pellets - Barbacoa\/parrilla de pellets Caldera de biomasa - Quemador de biomasa - Y muchos otros quemadores<\/p>\n<h3><strong>Interior<\/strong><\/h3>\n<p><a href=\"https:\/\/wekos.it\/\">Estufas, cocinas y cocinas de le\u00f1a<\/a>\u00a0-\u00a0<a href=\"https:\/\/www.greenpuros.com\/\">chimeneas, estufas y calderas de pellets.<\/a><\/p>\n<h3><strong>Gama Amrtop de recambios y accesorios<\/strong><\/h3>\n<p><a href=\"https:\/\/amrtop.net\/es\/categoria-de-productos\/recambios-miscelaneos-cocinas-y-calderas-2\/bougies-dallumage-pour-poeles-et-chaudieres-a-pellets\/\">Calentadores<\/a><\/p>\n<p><a href=\"https:\/\/amrtop.net\/es\/categoria-de-productos\/recambios-miscelaneos-cocinas-y-calderas-2\/electronique\/\">Electr\u00f3nica<\/a><\/p>\n<p><a href=\"https:\/\/amrtop.net\/es\/categoria-de-productos\/recambios-miscelaneos-cocinas-y-calderas-2\/extracteurs-de-fumee\/\">Extractores de humo<\/a><\/p>\n<p><a href=\"https:\/\/amrtop.net\/es\/categoria-de-productos\/recambios-miscelaneos-cocinas-y-calderas-2\/gaines-cable-connecteurs\/\">Fundas de cables de conexi\u00f3n<\/a><\/p>\n<p><a href=\"https:\/\/amrtop.net\/es\/categoria-de-productos\/recambios-miscelaneos-cocinas-y-calderas-2\/joints-de-silicone\/\">Juntas de silicona<\/a><\/p>\n<p><a href=\"https:\/\/amrtop.net\/es\/categoria-de-productos\/recambios-miscelaneos-cocinas-y-calderas-2\/motoreducteurs\/\">Motorreductores<\/a><\/p>\n<p><a href=\"https:\/\/amrtop.net\/es\/categoria-de-productos\/recambios-miscelaneos-cocinas-y-calderas-2\/pressostats-et-transducteurs\/\">Presostatos y transductores<\/a><\/p>\n<p><a href=\"https:\/\/amrtop.net\/es\/categoria-de-productos\/recambios-miscelaneos-cocinas-y-calderas-2\/sondes-thermostats-manometres-thermometres\/\">Sondas termostatos man\u00f3metros term\u00f3metros<\/a><\/p>\n<p><a href=\"https:\/\/amrtop.net\/es\/categoria-de-productos\/recambios-miscelaneos-cocinas-y-calderas-2\/joints-detancheite\/\">Sellado de trenzas<\/a><\/p>\n<p><a href=\"https:\/\/amrtop.net\/es\/categoria-de-productos\/recambios-miscelaneos-cocinas-y-calderas-2\/ventilateurs-centrifuges-pour-poeles-a-pellets\/\">Ventiladores centr\u00edfugos<\/a><\/p>\n<p><a href=\"https:\/\/amrtop.net\/es\/categoria-de-productos\/recambios-miscelaneos-cocinas-y-calderas-2\/ventilateurs-tangentiels-flux-transversal\/\">Ventiladores de flujo cruzado<\/a><\/p>\n<p><a href=\"https:\/\/amrtop.net\/es\/categoria-de-productos\/recambios-miscelaneos-cocinas-y-calderas-2\/adhesifs-et-produits-detancheite\/\">Colas y selladores<\/a><\/p>\n<p>El personal de\u00a0<strong>Amrtop<\/strong>\u00a0ha sido cuidadosamente formado para ayudarle a identificar las piezas de repuesto que necesite sustituir, con asistencia telef\u00f3nica disponible en ingl\u00e9s, franc\u00e9s, rumano e italiano.<br \/>\nNo dude en ponerse en contacto con nosotros<\/p>","protected":false},"excerpt":{"rendered":"<hr \/>\n<h2><span style=\"color: #008000\">Disponible en<\/span><\/h2>\n<hr \/>\n<h2>Ventilateur centrifuge IPC moteur gauche<\/h2>\n<p>Code CFH2080804<\/p>\n<p>Ventilateur \u00f8 76 mm<\/p>\n<p>Longueur totale : 173 mm<\/p>\n<p>Hauteur totale : 136 mm<\/p>\n<p>Profondeur totale : 132 mm<\/p>\n<p>Dimensions bouches : 46 x 108 mm<\/p>\n<p>Debit d&#8217;air : 150 m\u00b3\/h<\/p>\n<p>Paquet lamellaire : n.d<\/p>\n<p>Potencia: 40 W<\/p>\n<p>Clase H - Protecci\u00f3n t\u00e9rmica 145\u00b0C<\/p>\n<h2><\/h2>","protected":false},"featured_media":35996,"comment_status":"open","ping_status":"closed","template":"","meta":[],"product_brand":[],"product_cat":[1300,1303,1405],"product_tag":[],"class_list":{"0":"post-20773","1":"product","2":"type-product","3":"status-publish","4":"has-post-thumbnail","6":"product_cat-ventilateurs-centrifuges-pour-poeles-a-pellets","7":"product_cat-ventilateurs-centrifuges-ipc","8":"product_cat-ventilateurs-centrifuges-ipc-double-aspiration","9":"product_shipping_class-classe-di-spedizione-02","11":"first","12":"instock","13":"shipping-taxable","14":"purchasable","15":"product-type-simple"},"yoast_head":"<!-- This site is optimized with the Yoast SEO plugin v27.5 - https:\/\/yoast.com\/product\/yoast-seo-wordpress\/ -->\n<title>Ventilateur centrifuge IPC moteur gauche<\/title>\n<meta name=\"description\" content=\"Ventilateur centrifuge IPC moteur guache - Ventilateur centrifuge IPC moteur gauche po\u00eales et chaudi\u00e8res \u00e0 pellets code CFH2080804\" \/>\n<meta name=\"robots\" content=\"index, follow, max-snippet:-1, max-image-preview:large, max-video-preview:-1\" \/>\n<link rel=\"canonical\" href=\"https:\/\/amrtop.net\/es\/producto\/ventilateur-centrifuge-ipc-code-cfh2080804-encombrement-longueur-173-mm-encombrement-hauteur-136-mm\/\" \/>\n<meta property=\"og:locale\" content=\"es_ES\" \/>\n<meta property=\"og:type\" content=\"article\" \/>\n<meta property=\"og:title\" content=\"Ventilateur centrifuge IPC moteur gauche\" \/>\n<meta property=\"og:description\" content=\"Ventilateur centrifuge IPC moteur guache - Ventilateur centrifuge IPC moteur gauche po\u00eales et chaudi\u00e8res \u00e0 pellets code CFH2080804\" \/>\n<meta property=\"og:url\" content=\"https:\/\/amrtop.net\/es\/producto\/ventilateur-centrifuge-ipc-code-cfh2080804-encombrement-longueur-173-mm-encombrement-hauteur-136-mm\/\" \/>\n<meta property=\"og:site_name\" content=\"AMRTOP B2B \u00c9tranger - Achats r\u00e9serv\u00e9s au professionnel\" \/>\n<meta property=\"article:modified_time\" content=\"2023-06-06T11:43:09+00:00\" \/>\n<meta property=\"og:image\" content=\"https:\/\/amrtop.net\/wp-content\/uploads\/2020\/10\/CFH2080804.jpg\" \/>\n\t<meta property=\"og:image:width\" content=\"960\" \/>\n\t<meta property=\"og:image:height\" content=\"960\" \/>\n\t<meta property=\"og:image:type\" content=\"image\/jpeg\" \/>\n<meta name=\"twitter:card\" content=\"summary_large_image\" \/>\n<meta name=\"twitter:label1\" content=\"Tiempo de lectura\" \/>\n\t<meta name=\"twitter:data1\" content=\"1 minuto\" \/>\n<script type=\"application\/ld+json\" class=\"yoast-schema-graph\">{\"@context\":\"https:\\\/\\\/schema.org\",\"@graph\":[{\"@type\":\"WebPage\",\"@id\":\"https:\\\/\\\/amrtop.net\\\/produit\\\/ventilateur-centrifuge-ipc-code-cfh2080804-encombrement-longueur-173-mm-encombrement-hauteur-136-mm\\\/\",\"url\":\"https:\\\/\\\/amrtop.net\\\/produit\\\/ventilateur-centrifuge-ipc-code-cfh2080804-encombrement-longueur-173-mm-encombrement-hauteur-136-mm\\\/\",\"name\":\"Ventilateur centrifuge IPC moteur gauche\",\"isPartOf\":{\"@id\":\"https:\\\/\\\/amrtop.net\\\/#website\"},\"primaryImageOfPage\":{\"@id\":\"https:\\\/\\\/amrtop.net\\\/produit\\\/ventilateur-centrifuge-ipc-code-cfh2080804-encombrement-longueur-173-mm-encombrement-hauteur-136-mm\\\/#primaryimage\"},\"image\":{\"@id\":\"https:\\\/\\\/amrtop.net\\\/produit\\\/ventilateur-centrifuge-ipc-code-cfh2080804-encombrement-longueur-173-mm-encombrement-hauteur-136-mm\\\/#primaryimage\"},\"thumbnailUrl\":\"https:\\\/\\\/amrtop.net\\\/wp-content\\\/uploads\\\/2020\\\/10\\\/CFH2080804.jpg\",\"datePublished\":\"2020-10-01T00:00:00+00:00\",\"dateModified\":\"2023-06-06T11:43:09+00:00\",\"description\":\"Ventilateur centrifuge IPC moteur guache - Ventilateur centrifuge IPC moteur gauche po\u00eales et chaudi\u00e8res \u00e0 pellets code CFH2080804\",\"breadcrumb\":{\"@id\":\"https:\\\/\\\/amrtop.net\\\/produit\\\/ventilateur-centrifuge-ipc-code-cfh2080804-encombrement-longueur-173-mm-encombrement-hauteur-136-mm\\\/#breadcrumb\"},\"inLanguage\":\"es\",\"potentialAction\":[{\"@type\":\"ReadAction\",\"target\":[\"https:\\\/\\\/amrtop.net\\\/produit\\\/ventilateur-centrifuge-ipc-code-cfh2080804-encombrement-longueur-173-mm-encombrement-hauteur-136-mm\\\/\"]}]},{\"@type\":\"ImageObject\",\"inLanguage\":\"es\",\"@id\":\"https:\\\/\\\/amrtop.net\\\/produit\\\/ventilateur-centrifuge-ipc-code-cfh2080804-encombrement-longueur-173-mm-encombrement-hauteur-136-mm\\\/#primaryimage\",\"url\":\"https:\\\/\\\/amrtop.net\\\/wp-content\\\/uploads\\\/2020\\\/10\\\/CFH2080804.jpg\",\"contentUrl\":\"https:\\\/\\\/amrtop.net\\\/wp-content\\\/uploads\\\/2020\\\/10\\\/CFH2080804.jpg\",\"width\":960,\"height\":960,\"caption\":\"Ventilateur centrifuge IPC moteur guache - Ventilateur centrifuge IPC moteur gauche po\u00eales et chaudi\u00e8res \u00e0 pellets code CFH2080804\"},{\"@type\":\"BreadcrumbList\",\"@id\":\"https:\\\/\\\/amrtop.net\\\/produit\\\/ventilateur-centrifuge-ipc-code-cfh2080804-encombrement-longueur-173-mm-encombrement-hauteur-136-mm\\\/#breadcrumb\",\"itemListElement\":[{\"@type\":\"ListItem\",\"position\":1,\"name\":\"Home\",\"item\":\"https:\\\/\\\/amrtop.net\\\/\"},{\"@type\":\"ListItem\",\"position\":2,\"name\":\"Shop\",\"item\":\"https:\\\/\\\/amrtop.net\\\/negozio\\\/\"},{\"@type\":\"ListItem\",\"position\":3,\"name\":\"Ventilateur centrifuge Ipc Code CFH2080804 &#8211; Encombrement longueur 173 mm &#8211; Encombrement hauteur 136 mm\"}]},{\"@type\":\"WebSite\",\"@id\":\"https:\\\/\\\/amrtop.net\\\/#website\",\"url\":\"https:\\\/\\\/amrtop.net\\\/\",\"name\":\"AMRTOP B2B \u00c9tranger - Achats r\u00e9serv\u00e9s au professionnel\",\"description\":\"Pi\u00e8ces de rechange et accessoires pour po\u00eales et chaudi\u00e8res - eCommerce B2B pour Clients Professionnels\",\"potentialAction\":[{\"@type\":\"SearchAction\",\"target\":{\"@type\":\"EntryPoint\",\"urlTemplate\":\"https:\\\/\\\/amrtop.net\\\/?s={search_term_string}\"},\"query-input\":{\"@type\":\"PropertyValueSpecification\",\"valueRequired\":true,\"valueName\":\"search_term_string\"}}],\"inLanguage\":\"es\"}]}<\/script>\n<!-- \/ Yoast SEO plugin. -->","yoast_head_json":{"title":"Ventilateur centrifuge IPC moteur gauche","description":"Ventilador centr\u00edfugo IPC, motor izquierdo - Ventilador centr\u00edfugo IPC, motor izquierdo estufas y calderas de pellets c\u00f3digo CFH2080804","robots":{"index":"index","follow":"follow","max-snippet":"max-snippet:-1","max-image-preview":"max-image-preview:large","max-video-preview":"max-video-preview:-1"},"canonical":"https:\/\/amrtop.net\/es\/producto\/ventilateur-centrifuge-ipc-code-cfh2080804-encombrement-longueur-173-mm-encombrement-hauteur-136-mm\/","og_locale":"es_ES","og_type":"article","og_title":"Ventilateur centrifuge IPC moteur gauche","og_description":"Ventilateur centrifuge IPC moteur guache - Ventilateur centrifuge IPC moteur gauche po\u00eales et chaudi\u00e8res \u00e0 pellets code CFH2080804","og_url":"https:\/\/amrtop.net\/es\/producto\/ventilateur-centrifuge-ipc-code-cfh2080804-encombrement-longueur-173-mm-encombrement-hauteur-136-mm\/","og_site_name":"AMRTOP B2B \u00c9tranger - Achats r\u00e9serv\u00e9s au professionnel","article_modified_time":"2023-06-06T11:43:09+00:00","og_image":[{"width":960,"height":960,"url":"https:\/\/amrtop.net\/wp-content\/uploads\/2020\/10\/CFH2080804.jpg","type":"image\/jpeg"}],"twitter_card":"summary_large_image","twitter_misc":{"Tiempo de lectura":"1 minuto"},"schema":{"@context":"https:\/\/schema.org","@graph":[{"@type":"WebPage","@id":"https:\/\/amrtop.net\/produit\/ventilateur-centrifuge-ipc-code-cfh2080804-encombrement-longueur-173-mm-encombrement-hauteur-136-mm\/","url":"https:\/\/amrtop.net\/produit\/ventilateur-centrifuge-ipc-code-cfh2080804-encombrement-longueur-173-mm-encombrement-hauteur-136-mm\/","name":"Ventilateur centrifuge IPC moteur gauche","isPartOf":{"@id":"https:\/\/amrtop.net\/#website"},"primaryImageOfPage":{"@id":"https:\/\/amrtop.net\/produit\/ventilateur-centrifuge-ipc-code-cfh2080804-encombrement-longueur-173-mm-encombrement-hauteur-136-mm\/#primaryimage"},"image":{"@id":"https:\/\/amrtop.net\/produit\/ventilateur-centrifuge-ipc-code-cfh2080804-encombrement-longueur-173-mm-encombrement-hauteur-136-mm\/#primaryimage"},"thumbnailUrl":"https:\/\/amrtop.net\/wp-content\/uploads\/2020\/10\/CFH2080804.jpg","datePublished":"2020-10-01T00:00:00+00:00","dateModified":"2023-06-06T11:43:09+00:00","description":"Ventilador centr\u00edfugo IPC, motor izquierdo - Ventilador centr\u00edfugo IPC, motor izquierdo estufas y calderas de pellets c\u00f3digo CFH2080804","breadcrumb":{"@id":"https:\/\/amrtop.net\/produit\/ventilateur-centrifuge-ipc-code-cfh2080804-encombrement-longueur-173-mm-encombrement-hauteur-136-mm\/#breadcrumb"},"inLanguage":"es","potentialAction":[{"@type":"ReadAction","target":["https:\/\/amrtop.net\/produit\/ventilateur-centrifuge-ipc-code-cfh2080804-encombrement-longueur-173-mm-encombrement-hauteur-136-mm\/"]}]},{"@type":"ImageObject","inLanguage":"es","@id":"https:\/\/amrtop.net\/produit\/ventilateur-centrifuge-ipc-code-cfh2080804-encombrement-longueur-173-mm-encombrement-hauteur-136-mm\/#primaryimage","url":"https:\/\/amrtop.net\/wp-content\/uploads\/2020\/10\/CFH2080804.jpg","contentUrl":"https:\/\/amrtop.net\/wp-content\/uploads\/2020\/10\/CFH2080804.jpg","width":960,"height":960,"caption":"Ventilateur centrifuge IPC moteur guache - Ventilateur centrifuge IPC moteur gauche po\u00eales et chaudi\u00e8res \u00e0 pellets code CFH2080804"},{"@type":"BreadcrumbList","@id":"https:\/\/amrtop.net\/produit\/ventilateur-centrifuge-ipc-code-cfh2080804-encombrement-longueur-173-mm-encombrement-hauteur-136-mm\/#breadcrumb","itemListElement":[{"@type":"ListItem","position":1,"name":"Home","item":"https:\/\/amrtop.net\/"},{"@type":"ListItem","position":2,"name":"Shop","item":"https:\/\/amrtop.net\/negozio\/"},{"@type":"ListItem","position":3,"name":"Ventilateur centrifuge Ipc Code CFH2080804 &#8211; Encombrement longueur 173 mm &#8211; Encombrement hauteur 136 mm"}]},{"@type":"WebSite","@id":"https:\/\/amrtop.net\/#website","url":"https:\/\/amrtop.net\/","name":"AMRTOP B2B Abroad - Compras reservadas a los profesionales","description":"Recambios y accesorios para estufas y calderas - Comercio electr\u00f3nico B2B para profesionales","potentialAction":[{"@type":"SearchAction","target":{"@type":"EntryPoint","urlTemplate":"https:\/\/amrtop.net\/?s={search_term_string}"},"query-input":{"@type":"PropertyValueSpecification","valueRequired":true,"valueName":"search_term_string"}}],"inLanguage":"es"}]}},"_links":{"self":[{"href":"https:\/\/amrtop.net\/es\/wp-json\/wp\/v2\/product\/20773","targetHints":{"allow":["GET"]}}],"collection":[{"href":"https:\/\/amrtop.net\/es\/wp-json\/wp\/v2\/product"}],"about":[{"href":"https:\/\/amrtop.net\/es\/wp-json\/wp\/v2\/types\/product"}],"replies":[{"embeddable":true,"href":"https:\/\/amrtop.net\/es\/wp-json\/wp\/v2\/comments?post=20773"}],"wp:featuredmedia":[{"embeddable":true,"href":"https:\/\/amrtop.net\/es\/wp-json\/wp\/v2\/media\/35996"}],"wp:attachment":[{"href":"https:\/\/amrtop.net\/es\/wp-json\/wp\/v2\/media?parent=20773"}],"wp:term":[{"taxonomy":"product_brand","embeddable":true,"href":"https:\/\/amrtop.net\/es\/wp-json\/wp\/v2\/product_brand?post=20773"},{"taxonomy":"product_cat","embeddable":true,"href":"https:\/\/amrtop.net\/es\/wp-json\/wp\/v2\/product_cat?post=20773"},{"taxonomy":"product_tag","embeddable":true,"href":"https:\/\/amrtop.net\/es\/wp-json\/wp\/v2\/product_tag?post=20773"}],"curies":[{"name":"wp","href":"https:\/\/api.w.org\/{rel}","templated":true}]}}