{"id":20828,"date":"2020-01-10T00:00:00","date_gmt":"2020-01-10T00:00:00","guid":{"rendered":"https:\/\/amrtop.com\/B2B\/?post_type=product&#038;p=20828"},"modified":"2023-06-07T13:46:11","modified_gmt":"2023-06-07T13:46:11","slug":"pressostat-differentiel-huba-59-pa","status":"publish","type":"product","link":"https:\/\/amrtop.net\/es\/produit\/pressostat-differentiel-huba-59-pa\/","title":{"rendered":"Pressostat diff\u00e9rentiel HUBA 59 Pa Code.PRST003"},"content":{"rendered":"<h3>Pressostat diff\u00e9rentiel HUBA 59 Pa<\/h3>\n<p>Amrtop dispone de una gama completa de presostatos diferenciales de aire ajustables, presostatos normales y transductores de presi\u00f3n para estufas y calderas de pellets.<\/p>\n<p>Estos componentes de alto rendimiento se han desarrollado a partir de los conocimientos sobre aplicaciones de empresas l\u00edderes en el sector de los pellets, y representan la soluci\u00f3n m\u00e1s eficaz disponible en la actualidad para este tipo de producto.<\/p>\n<p>Fiabilidad, eficacia y compatibilidad son las se\u00f1as de identidad de este tipo de producto comercializado por Amrtop, que siempre est\u00e1 disponible en sus almacenes.<\/p>\n<p>Las caracter\u00edsticas de dise\u00f1o y la calidad de los materiales utilizados garantizan la m\u00e1xima seguridad y fiabilidad.<\/p>\n<p>Se encuentra en aparatos t\u00edpicos - Estufa de pellets - Caldera de pellets - Quemador de pellets - Barbacoa\/parrilla de pellets Caldera de biomasa - Quemador de biomasa - Y muchos otros quemadores<\/p>\n<h3>Utilisation du pressostat diff\u00e9rentiel HUBA 59 Pa<\/h3>\n<h3>Pressostat comment \u00e7a marche<\/h3>\n<p>El presostato es un dispositivo que permite cerrar y abrir un circuito el\u00e9ctrico simplemente variando autom\u00e1ticamente la presi\u00f3n.  Se utiliza en muchos sectores, desde el hidr\u00e1ulico hasta el termoel\u00e9ctrico, donde se instala en dispositivos como bombas hidr\u00e1ulicas, compresores y sistemas de calefacci\u00f3n y aire acondicionado.<\/p>\n<p>Transductor c\u00f3mo funciona.<\/p>\n<p>Los transductores para calderas de pellets y radiadores son componentes capaces de medir la fuerza de un l\u00edquido en el caso de un transductor de agua o de un gas en el caso de un transductor de aire\/escape. El valor medido se convierte en un n\u00famero y luego se hace legible en el tap\u00f3n de la caldera.<\/p>\n<h3>Interior<\/h3>\n<p><a href=\"https:\/\/wekos.it\/\">Estufas, cocinas y cocinas de le\u00f1a<\/a>\u00a0-\u00a0<a href=\"https:\/\/www.greenpuros.com\/\">chimeneas, estufas y calderas de pellets.<\/a><\/p>\n<h3>Gama Amrtop de recambios y accesorios<\/h3>\n<p><a href=\"https:\/\/amrtop.net\/es\/categoria-de-productos\/recambios-miscelaneos-cocinas-y-calderas-2\/bougies-dallumage-pour-poeles-et-chaudieres-a-pellets\/\">Calentadores<\/a><\/p>\n<p><a href=\"https:\/\/amrtop.net\/es\/categoria-de-productos\/recambios-miscelaneos-cocinas-y-calderas-2\/electronique\/\">Electr\u00f3nica<\/a><\/p>\n<p><a href=\"https:\/\/amrtop.net\/es\/categoria-de-productos\/recambios-miscelaneos-cocinas-y-calderas-2\/extracteurs-de-fumee\/\">Extractores de humo<\/a><\/p>\n<p><a href=\"https:\/\/amrtop.net\/es\/categoria-de-productos\/recambios-miscelaneos-cocinas-y-calderas-2\/gaines-cable-connecteurs\/\">Fundas de cables de conexi\u00f3n<\/a><\/p>\n<p><a href=\"https:\/\/amrtop.net\/es\/categoria-de-productos\/recambios-miscelaneos-cocinas-y-calderas-2\/joints-de-silicone\/\">Juntas de silicona<\/a><\/p>\n<p><a href=\"https:\/\/amrtop.net\/es\/categoria-de-productos\/recambios-miscelaneos-cocinas-y-calderas-2\/motoreducteurs\/\">Motorreductores<\/a><\/p>\n<p><a href=\"https:\/\/amrtop.net\/es\/categoria-de-productos\/recambios-miscelaneos-cocinas-y-calderas-2\/pressostats-et-transducteurs\/\">Presostatos y transductores<\/a><\/p>\n<p><a href=\"https:\/\/amrtop.net\/es\/categoria-de-productos\/recambios-miscelaneos-cocinas-y-calderas-2\/sondes-thermostats-manometres-thermometres\/\">Sondas termostatos man\u00f3metros term\u00f3metros<\/a><\/p>\n<p><a href=\"https:\/\/amrtop.net\/es\/categoria-de-productos\/recambios-miscelaneos-cocinas-y-calderas-2\/joints-detancheite\/\">Sellado de trenzas<\/a><\/p>\n<p><a href=\"https:\/\/amrtop.net\/es\/categoria-de-productos\/recambios-miscelaneos-cocinas-y-calderas-2\/ventilateurs-centrifuges-pour-poeles-a-pellets\/\">Ventiladores centr\u00edfugos<\/a><\/p>\n<p><a href=\"https:\/\/amrtop.net\/es\/categoria-de-productos\/recambios-miscelaneos-cocinas-y-calderas-2\/ventilateurs-tangentiels-flux-transversal\/\">Ventiladores de flujo cruzado<\/a><\/p>\n<p><a href=\"https:\/\/amrtop.net\/es\/categoria-de-productos\/recambios-miscelaneos-cocinas-y-calderas-2\/adhesifs-et-produits-detancheite\/\">Colas y selladores<\/a><\/p>\n<p>&nbsp;<\/p>\n<p>&nbsp;<\/p>\n<p>&nbsp;<\/p>\n<p>&nbsp;<\/p>\n<p>&nbsp;<\/p>\n<p>&nbsp;<\/p>","protected":false},"excerpt":{"rendered":"<hr \/>\n<h2><span style=\"color: #008000\">Disponible en<\/span><\/h2>\n<hr \/>\n<p>Code PRST003<\/p>\n<p>Pression diff\u00e9rentielle HUBA 59 Pa en d\u00e9pression<br \/>\nTipo : 605<br \/>\nGases admitidos: Aire y humo<br \/>\nMaterial del cuerpo: Policarbonato<br \/>\nConfiguraci\u00f3n de contactos : SPDT<br \/>\nTemperatura de funcionamiento : De -40\u00b0 C a 90\u00b0 C<br \/>\nPosici\u00f3n de montaje : Vertical<\/p>","protected":false},"featured_media":35667,"comment_status":"open","ping_status":"closed","template":"","meta":[],"product_brand":[],"product_cat":[1408,1407],"product_tag":[],"class_list":{"0":"post-20828","1":"product","2":"type-product","3":"status-publish","4":"has-post-thumbnail","6":"product_cat-pressostats-dair-differentiels-reglables-et-normaux","7":"product_cat-pressostats-et-transducteurs-pour-poeles-et-chaudieres-a-pellets","8":"product_shipping_class-classe-di-spedizione-01","10":"first","11":"instock","12":"shipping-taxable","13":"purchasable","14":"product-type-simple"},"yoast_head":"<!-- This site is optimized with the Yoast SEO plugin v27.4 - https:\/\/yoast.com\/product\/yoast-seo-wordpress\/ -->\n<title>Pressostat diff\u00e9rentiel HUBA 59 Pa<\/title>\n<meta name=\"description\" content=\"Pressostat diff\u00e9rentiel HUBA 59 Pa - Pressostat eau et air pour po\u00eale et chaudi\u00e8re \u00e0 pellets - Transducteurs pour po\u00eale et chaudi\u00e8re \u00e0 pellets - R\u00e9gulateur de pression pour po\u00eale et chaudi\u00e8re \u00e0 pellets - R\u00e9gulateur de pression pour po\u00eale et chaudi\u00e8re \u00e0 pellets Transducteur de pression po\u00eale et chaudi\u00e8re \u00e0 pellets\" \/>\n<meta name=\"robots\" content=\"index, follow, max-snippet:-1, max-image-preview:large, max-video-preview:-1\" \/>\n<link rel=\"canonical\" href=\"https:\/\/amrtop.net\/es\/producto\/pressostat-differentiel-huba-59-pa\/\" \/>\n<meta property=\"og:locale\" content=\"es_ES\" \/>\n<meta property=\"og:type\" content=\"article\" \/>\n<meta property=\"og:title\" content=\"Pressostat diff\u00e9rentiel HUBA 59 Pa\" \/>\n<meta property=\"og:description\" content=\"Pressostat diff\u00e9rentiel HUBA 59 Pa - Pressostat eau et air pour po\u00eale et chaudi\u00e8re \u00e0 pellets - Transducteurs pour po\u00eale et chaudi\u00e8re \u00e0 pellets - R\u00e9gulateur de pression pour po\u00eale et chaudi\u00e8re \u00e0 pellets - R\u00e9gulateur de pression pour po\u00eale et chaudi\u00e8re \u00e0 pellets Transducteur de pression po\u00eale et chaudi\u00e8re \u00e0 pellets\" \/>\n<meta property=\"og:url\" content=\"https:\/\/amrtop.net\/es\/producto\/pressostat-differentiel-huba-59-pa\/\" \/>\n<meta property=\"og:site_name\" content=\"AMRTOP B2B \u00c9tranger - Achats r\u00e9serv\u00e9s au professionnel\" \/>\n<meta property=\"article:modified_time\" content=\"2023-06-07T13:46:11+00:00\" \/>\n<meta property=\"og:image\" content=\"https:\/\/amrtop.net\/wp-content\/uploads\/2020\/10\/PRST003.jpg\" \/>\n\t<meta property=\"og:image:width\" content=\"640\" \/>\n\t<meta property=\"og:image:height\" content=\"640\" \/>\n\t<meta property=\"og:image:type\" content=\"image\/jpeg\" \/>\n<meta name=\"twitter:card\" content=\"summary_large_image\" \/>\n<meta name=\"twitter:label1\" content=\"Tiempo de lectura\" \/>\n\t<meta name=\"twitter:data1\" content=\"2 minutos\" \/>\n<script type=\"application\/ld+json\" class=\"yoast-schema-graph\">{\"@context\":\"https:\\\/\\\/schema.org\",\"@graph\":[{\"@type\":\"WebPage\",\"@id\":\"https:\\\/\\\/amrtop.net\\\/produit\\\/pressostat-differentiel-huba-59-pa\\\/\",\"url\":\"https:\\\/\\\/amrtop.net\\\/produit\\\/pressostat-differentiel-huba-59-pa\\\/\",\"name\":\"Pressostat diff\u00e9rentiel HUBA 59 Pa\",\"isPartOf\":{\"@id\":\"https:\\\/\\\/amrtop.net\\\/#website\"},\"primaryImageOfPage\":{\"@id\":\"https:\\\/\\\/amrtop.net\\\/produit\\\/pressostat-differentiel-huba-59-pa\\\/#primaryimage\"},\"image\":{\"@id\":\"https:\\\/\\\/amrtop.net\\\/produit\\\/pressostat-differentiel-huba-59-pa\\\/#primaryimage\"},\"thumbnailUrl\":\"https:\\\/\\\/amrtop.net\\\/wp-content\\\/uploads\\\/2020\\\/10\\\/PRST003.jpg\",\"datePublished\":\"2020-01-10T00:00:00+00:00\",\"dateModified\":\"2023-06-07T13:46:11+00:00\",\"description\":\"Pressostat diff\u00e9rentiel HUBA 59 Pa - Pressostat eau et air pour po\u00eale et chaudi\u00e8re \u00e0 pellets - Transducteurs pour po\u00eale et chaudi\u00e8re \u00e0 pellets - R\u00e9gulateur de pression pour po\u00eale et chaudi\u00e8re \u00e0 pellets - R\u00e9gulateur de pression pour po\u00eale et chaudi\u00e8re \u00e0 pellets Transducteur de pression po\u00eale et chaudi\u00e8re \u00e0 pellets\",\"breadcrumb\":{\"@id\":\"https:\\\/\\\/amrtop.net\\\/produit\\\/pressostat-differentiel-huba-59-pa\\\/#breadcrumb\"},\"inLanguage\":\"es\",\"potentialAction\":[{\"@type\":\"ReadAction\",\"target\":[\"https:\\\/\\\/amrtop.net\\\/produit\\\/pressostat-differentiel-huba-59-pa\\\/\"]}]},{\"@type\":\"ImageObject\",\"inLanguage\":\"es\",\"@id\":\"https:\\\/\\\/amrtop.net\\\/produit\\\/pressostat-differentiel-huba-59-pa\\\/#primaryimage\",\"url\":\"https:\\\/\\\/amrtop.net\\\/wp-content\\\/uploads\\\/2020\\\/10\\\/PRST003.jpg\",\"contentUrl\":\"https:\\\/\\\/amrtop.net\\\/wp-content\\\/uploads\\\/2020\\\/10\\\/PRST003.jpg\",\"width\":640,\"height\":640,\"caption\":\"Pressostat diff\u00e9rentiel HUBA 59 Pa - Pressostat eau et air pour po\u00eale et chaudi\u00e8re \u00e0 pellets - Transducteurs pour po\u00eale et chaudi\u00e8re \u00e0 pellets - R\u00e9gulateur de pression pour po\u00eale et chaudi\u00e8re \u00e0 pellets - R\u00e9gulateur de pression pour po\u00eale et chaudi\u00e8re \u00e0 pellets Transducteur de pression po\u00eale et chaudi\u00e8re \u00e0 pellets\"},{\"@type\":\"BreadcrumbList\",\"@id\":\"https:\\\/\\\/amrtop.net\\\/produit\\\/pressostat-differentiel-huba-59-pa\\\/#breadcrumb\",\"itemListElement\":[{\"@type\":\"ListItem\",\"position\":1,\"name\":\"Home\",\"item\":\"https:\\\/\\\/amrtop.net\\\/\"},{\"@type\":\"ListItem\",\"position\":2,\"name\":\"Shop\",\"item\":\"https:\\\/\\\/amrtop.net\\\/negozio\\\/\"},{\"@type\":\"ListItem\",\"position\":3,\"name\":\"Pressostat diff\u00e9rentiel HUBA 59 Pa Code.PRST003\"}]},{\"@type\":\"WebSite\",\"@id\":\"https:\\\/\\\/amrtop.net\\\/#website\",\"url\":\"https:\\\/\\\/amrtop.net\\\/\",\"name\":\"AMRTOP B2B \u00c9tranger - Achats r\u00e9serv\u00e9s au professionnel\",\"description\":\"Pi\u00e8ces de rechange et accessoires pour po\u00eales et chaudi\u00e8res - eCommerce B2B pour Clients Professionnels\",\"potentialAction\":[{\"@type\":\"SearchAction\",\"target\":{\"@type\":\"EntryPoint\",\"urlTemplate\":\"https:\\\/\\\/amrtop.net\\\/?s={search_term_string}\"},\"query-input\":{\"@type\":\"PropertyValueSpecification\",\"valueRequired\":true,\"valueName\":\"search_term_string\"}}],\"inLanguage\":\"es\"}]}<\/script>\n<!-- \/ Yoast SEO plugin. -->","yoast_head_json":{"title":"Pressostat diff\u00e9rentiel HUBA 59 Pa","description":"Pressostat diff\u00e9rentiel HUBA 59 Pa - Pressostat eau et air pour po\u00eale et chaudi\u00e8re \u00e0 pellets - Transducteurs pour po\u00eale et chaudi\u00e8re \u00e0 pellets - R\u00e9gulateur de pression pour po\u00eale et chaudi\u00e8re \u00e0 pellets - R\u00e9gulateur de pression pour po\u00eale et chaudi\u00e8re \u00e0 pellets Transducteur de pression po\u00eale et chaudi\u00e8re \u00e0 pellets","robots":{"index":"index","follow":"follow","max-snippet":"max-snippet:-1","max-image-preview":"max-image-preview:large","max-video-preview":"max-video-preview:-1"},"canonical":"https:\/\/amrtop.net\/es\/producto\/pressostat-differentiel-huba-59-pa\/","og_locale":"es_ES","og_type":"article","og_title":"Pressostat diff\u00e9rentiel HUBA 59 Pa","og_description":"Pressostat diff\u00e9rentiel HUBA 59 Pa - Pressostat eau et air pour po\u00eale et chaudi\u00e8re \u00e0 pellets - Transducteurs pour po\u00eale et chaudi\u00e8re \u00e0 pellets - R\u00e9gulateur de pression pour po\u00eale et chaudi\u00e8re \u00e0 pellets - R\u00e9gulateur de pression pour po\u00eale et chaudi\u00e8re \u00e0 pellets Transducteur de pression po\u00eale et chaudi\u00e8re \u00e0 pellets","og_url":"https:\/\/amrtop.net\/es\/producto\/pressostat-differentiel-huba-59-pa\/","og_site_name":"AMRTOP B2B \u00c9tranger - Achats r\u00e9serv\u00e9s au professionnel","article_modified_time":"2023-06-07T13:46:11+00:00","og_image":[{"width":640,"height":640,"url":"https:\/\/amrtop.net\/wp-content\/uploads\/2020\/10\/PRST003.jpg","type":"image\/jpeg"}],"twitter_card":"summary_large_image","twitter_misc":{"Tiempo de lectura":"2 minutos"},"schema":{"@context":"https:\/\/schema.org","@graph":[{"@type":"WebPage","@id":"https:\/\/amrtop.net\/produit\/pressostat-differentiel-huba-59-pa\/","url":"https:\/\/amrtop.net\/produit\/pressostat-differentiel-huba-59-pa\/","name":"Pressostat diff\u00e9rentiel HUBA 59 Pa","isPartOf":{"@id":"https:\/\/amrtop.net\/#website"},"primaryImageOfPage":{"@id":"https:\/\/amrtop.net\/produit\/pressostat-differentiel-huba-59-pa\/#primaryimage"},"image":{"@id":"https:\/\/amrtop.net\/produit\/pressostat-differentiel-huba-59-pa\/#primaryimage"},"thumbnailUrl":"https:\/\/amrtop.net\/wp-content\/uploads\/2020\/10\/PRST003.jpg","datePublished":"2020-01-10T00:00:00+00:00","dateModified":"2023-06-07T13:46:11+00:00","description":"Pressostat diff\u00e9rentiel HUBA 59 Pa - Pressostat eau et air pour po\u00eale et chaudi\u00e8re \u00e0 pellets - Transducteurs pour po\u00eale et chaudi\u00e8re \u00e0 pellets - R\u00e9gulateur de pression pour po\u00eale et chaudi\u00e8re \u00e0 pellets - R\u00e9gulateur de pression pour po\u00eale et chaudi\u00e8re \u00e0 pellets Transducteur de pression po\u00eale et chaudi\u00e8re \u00e0 pellets","breadcrumb":{"@id":"https:\/\/amrtop.net\/produit\/pressostat-differentiel-huba-59-pa\/#breadcrumb"},"inLanguage":"es","potentialAction":[{"@type":"ReadAction","target":["https:\/\/amrtop.net\/produit\/pressostat-differentiel-huba-59-pa\/"]}]},{"@type":"ImageObject","inLanguage":"es","@id":"https:\/\/amrtop.net\/produit\/pressostat-differentiel-huba-59-pa\/#primaryimage","url":"https:\/\/amrtop.net\/wp-content\/uploads\/2020\/10\/PRST003.jpg","contentUrl":"https:\/\/amrtop.net\/wp-content\/uploads\/2020\/10\/PRST003.jpg","width":640,"height":640,"caption":"Pressostat diff\u00e9rentiel HUBA 59 Pa - Pressostat eau et air pour po\u00eale et chaudi\u00e8re \u00e0 pellets - Transducteurs pour po\u00eale et chaudi\u00e8re \u00e0 pellets - R\u00e9gulateur de pression pour po\u00eale et chaudi\u00e8re \u00e0 pellets - R\u00e9gulateur de pression pour po\u00eale et chaudi\u00e8re \u00e0 pellets Transducteur de pression po\u00eale et chaudi\u00e8re \u00e0 pellets"},{"@type":"BreadcrumbList","@id":"https:\/\/amrtop.net\/produit\/pressostat-differentiel-huba-59-pa\/#breadcrumb","itemListElement":[{"@type":"ListItem","position":1,"name":"Home","item":"https:\/\/amrtop.net\/"},{"@type":"ListItem","position":2,"name":"Shop","item":"https:\/\/amrtop.net\/negozio\/"},{"@type":"ListItem","position":3,"name":"Pressostat diff\u00e9rentiel HUBA 59 Pa Code.PRST003"}]},{"@type":"WebSite","@id":"https:\/\/amrtop.net\/#website","url":"https:\/\/amrtop.net\/","name":"AMRTOP B2B Abroad - Compras reservadas a los profesionales","description":"Recambios y accesorios para estufas y calderas - Comercio electr\u00f3nico B2B para profesionales","potentialAction":[{"@type":"SearchAction","target":{"@type":"EntryPoint","urlTemplate":"https:\/\/amrtop.net\/?s={search_term_string}"},"query-input":{"@type":"PropertyValueSpecification","valueRequired":true,"valueName":"search_term_string"}}],"inLanguage":"es"}]}},"_links":{"self":[{"href":"https:\/\/amrtop.net\/es\/wp-json\/wp\/v2\/product\/20828","targetHints":{"allow":["GET"]}}],"collection":[{"href":"https:\/\/amrtop.net\/es\/wp-json\/wp\/v2\/product"}],"about":[{"href":"https:\/\/amrtop.net\/es\/wp-json\/wp\/v2\/types\/product"}],"replies":[{"embeddable":true,"href":"https:\/\/amrtop.net\/es\/wp-json\/wp\/v2\/comments?post=20828"}],"wp:featuredmedia":[{"embeddable":true,"href":"https:\/\/amrtop.net\/es\/wp-json\/wp\/v2\/media\/35667"}],"wp:attachment":[{"href":"https:\/\/amrtop.net\/es\/wp-json\/wp\/v2\/media?parent=20828"}],"wp:term":[{"taxonomy":"product_brand","embeddable":true,"href":"https:\/\/amrtop.net\/es\/wp-json\/wp\/v2\/product_brand?post=20828"},{"taxonomy":"product_cat","embeddable":true,"href":"https:\/\/amrtop.net\/es\/wp-json\/wp\/v2\/product_cat?post=20828"},{"taxonomy":"product_tag","embeddable":true,"href":"https:\/\/amrtop.net\/es\/wp-json\/wp\/v2\/product_tag?post=20828"}],"curies":[{"name":"wp","href":"https:\/\/api.w.org\/{rel}","templated":true}]}}