{"id":20834,"date":"2020-01-10T00:00:00","date_gmt":"2020-01-10T00:00:00","guid":{"rendered":"https:\/\/amrtop.com\/B2B\/?post_type=product&#038;p=20834"},"modified":"2023-06-07T13:19:47","modified_gmt":"2023-06-07T13:19:47","slug":"tube-de-pressostat-en-silicone-transparent-8-mm","status":"publish","type":"product","link":"https:\/\/amrtop.net\/es\/produit\/tube-de-pressostat-en-silicone-transparent-8-mm\/","title":{"rendered":"Tubo presostato silicona transparente 8 x 4 mm c\u00f3digo TBS001"},"content":{"rendered":"<hr \/>\n<h3>Tubo presostato de silicona transparente de 8 mm<\/h3>\n<p>Tube par pressostat en silicone transparent<br \/>\nMat\u00e9riau\u00a0: Silicone transparent<br \/>\nDiam\u00e8tre ext\u00e9rieur\u00a0: 8 mm<br \/>\nDiam\u00e8tre int\u00e9rieur\u00a0: 4 mm<br \/>\n\u00c9tanch\u00e9it\u00e9 \u00e0 la pression maximale\u00a0: 100 Pa<\/p>","protected":false},"excerpt":{"rendered":"<h3><span style=\"color: #008000\">Disponible en<\/span><\/h3>\n<hr \/>\n<h3>Tubo per pressostato in silicone trasparente 8 mm<\/h3>\n<p>Code TBS001<\/p>\n<p>Tube par pressostat en silicone transparent<br \/>\nMat\u00e9riau\u00a0: Silicone transparent<br \/>\nDiam\u00e8tre ext\u00e9rieur\u00a0: 8 mm<br \/>\nDiam\u00e8tre int\u00e9rieur\u00a0: 4 mm<br \/>\n\u00c9tanch\u00e9it\u00e9 \u00e0 la pression maximale\u00a0: 100 Pa<\/p>","protected":false},"featured_media":20825,"comment_status":"open","ping_status":"closed","template":"","meta":[],"product_brand":[],"product_cat":[1408,1407],"product_tag":[],"class_list":{"0":"post-20834","1":"product","2":"type-product","3":"status-publish","4":"has-post-thumbnail","6":"product_cat-pressostats-dair-differentiels-reglables-et-normaux","7":"product_cat-pressostats-et-transducteurs-pour-poeles-et-chaudieres-a-pellets","8":"product_shipping_class-classe-di-spedizione-01","10":"first","11":"instock","12":"shipping-taxable","13":"purchasable","14":"product-type-simple"},"yoast_head":"<!-- This site is optimized with the Yoast SEO plugin v27.4 - https:\/\/yoast.com\/product\/yoast-seo-wordpress\/ -->\n<title>Tube de pressostat en silicone transparent 8 mm<\/title>\n<meta name=\"description\" content=\"Tube de pressostat en silicone transparent 8 mm\" \/>\n<meta name=\"robots\" content=\"index, follow, max-snippet:-1, max-image-preview:large, max-video-preview:-1\" \/>\n<link rel=\"canonical\" href=\"https:\/\/amrtop.net\/es\/producto\/tube-de-pressostat-en-silicone-transparent-8-mm\/\" \/>\n<meta property=\"og:locale\" content=\"es_ES\" \/>\n<meta property=\"og:type\" content=\"article\" \/>\n<meta property=\"og:title\" content=\"Tube de pressostat en silicone transparent 8 mm\" \/>\n<meta property=\"og:description\" content=\"Tube de pressostat en silicone transparent 8 mm\" \/>\n<meta property=\"og:url\" content=\"https:\/\/amrtop.net\/es\/producto\/tube-de-pressostat-en-silicone-transparent-8-mm\/\" \/>\n<meta property=\"og:site_name\" content=\"AMRTOP B2B \u00c9tranger - Achats r\u00e9serv\u00e9s au professionnel\" \/>\n<meta property=\"article:modified_time\" content=\"2023-06-07T13:19:47+00:00\" \/>\n<meta property=\"og:image\" content=\"https:\/\/amrtop.net\/wp-content\/uploads\/2022\/01\/w-SITO-GUARNIZIONI-121-1.jpg\" \/>\n\t<meta property=\"og:image:width\" content=\"640\" \/>\n\t<meta property=\"og:image:height\" content=\"640\" \/>\n\t<meta property=\"og:image:type\" content=\"image\/jpeg\" \/>\n<meta name=\"twitter:card\" content=\"summary_large_image\" \/>\n<script type=\"application\/ld+json\" class=\"yoast-schema-graph\">{\"@context\":\"https:\\\/\\\/schema.org\",\"@graph\":[{\"@type\":\"WebPage\",\"@id\":\"https:\\\/\\\/amrtop.net\\\/produit\\\/tube-de-pressostat-en-silicone-transparent-8-mm\\\/\",\"url\":\"https:\\\/\\\/amrtop.net\\\/produit\\\/tube-de-pressostat-en-silicone-transparent-8-mm\\\/\",\"name\":\"Tube de pressostat en silicone transparent 8 mm\",\"isPartOf\":{\"@id\":\"https:\\\/\\\/amrtop.net\\\/#website\"},\"primaryImageOfPage\":{\"@id\":\"https:\\\/\\\/amrtop.net\\\/produit\\\/tube-de-pressostat-en-silicone-transparent-8-mm\\\/#primaryimage\"},\"image\":{\"@id\":\"https:\\\/\\\/amrtop.net\\\/produit\\\/tube-de-pressostat-en-silicone-transparent-8-mm\\\/#primaryimage\"},\"thumbnailUrl\":\"https:\\\/\\\/amrtop.net\\\/wp-content\\\/uploads\\\/2022\\\/01\\\/w-SITO-GUARNIZIONI-121-1.jpg\",\"datePublished\":\"2020-01-10T00:00:00+00:00\",\"dateModified\":\"2023-06-07T13:19:47+00:00\",\"description\":\"Tube de pressostat en silicone transparent 8 mm\",\"breadcrumb\":{\"@id\":\"https:\\\/\\\/amrtop.net\\\/produit\\\/tube-de-pressostat-en-silicone-transparent-8-mm\\\/#breadcrumb\"},\"inLanguage\":\"es\",\"potentialAction\":[{\"@type\":\"ReadAction\",\"target\":[\"https:\\\/\\\/amrtop.net\\\/produit\\\/tube-de-pressostat-en-silicone-transparent-8-mm\\\/\"]}]},{\"@type\":\"ImageObject\",\"inLanguage\":\"es\",\"@id\":\"https:\\\/\\\/amrtop.net\\\/produit\\\/tube-de-pressostat-en-silicone-transparent-8-mm\\\/#primaryimage\",\"url\":\"https:\\\/\\\/amrtop.net\\\/wp-content\\\/uploads\\\/2022\\\/01\\\/w-SITO-GUARNIZIONI-121-1.jpg\",\"contentUrl\":\"https:\\\/\\\/amrtop.net\\\/wp-content\\\/uploads\\\/2022\\\/01\\\/w-SITO-GUARNIZIONI-121-1.jpg\",\"width\":640,\"height\":640,\"caption\":\"Tube de pressostat en silicone transparent 8 mm\"},{\"@type\":\"BreadcrumbList\",\"@id\":\"https:\\\/\\\/amrtop.net\\\/produit\\\/tube-de-pressostat-en-silicone-transparent-8-mm\\\/#breadcrumb\",\"itemListElement\":[{\"@type\":\"ListItem\",\"position\":1,\"name\":\"Home\",\"item\":\"https:\\\/\\\/amrtop.net\\\/\"},{\"@type\":\"ListItem\",\"position\":2,\"name\":\"Shop\",\"item\":\"https:\\\/\\\/amrtop.net\\\/negozio\\\/\"},{\"@type\":\"ListItem\",\"position\":3,\"name\":\"Tube de pressostat en silicone transparent 8 x 4 mm code TBS001\"}]},{\"@type\":\"WebSite\",\"@id\":\"https:\\\/\\\/amrtop.net\\\/#website\",\"url\":\"https:\\\/\\\/amrtop.net\\\/\",\"name\":\"AMRTOP B2B \u00c9tranger - Achats r\u00e9serv\u00e9s au professionnel\",\"description\":\"Pi\u00e8ces de rechange et accessoires pour po\u00eales et chaudi\u00e8res - eCommerce B2B pour Clients Professionnels\",\"potentialAction\":[{\"@type\":\"SearchAction\",\"target\":{\"@type\":\"EntryPoint\",\"urlTemplate\":\"https:\\\/\\\/amrtop.net\\\/?s={search_term_string}\"},\"query-input\":{\"@type\":\"PropertyValueSpecification\",\"valueRequired\":true,\"valueName\":\"search_term_string\"}}],\"inLanguage\":\"es\"}]}<\/script>\n<!-- \/ Yoast SEO plugin. -->","yoast_head_json":{"title":"Tubo presostato de silicona transparente de 8 mm","description":"Tubo presostato de silicona transparente de 8 mm","robots":{"index":"index","follow":"follow","max-snippet":"max-snippet:-1","max-image-preview":"max-image-preview:large","max-video-preview":"max-video-preview:-1"},"canonical":"https:\/\/amrtop.net\/es\/producto\/tube-de-pressostat-en-silicone-transparent-8-mm\/","og_locale":"es_ES","og_type":"article","og_title":"Tube de pressostat en silicone transparent 8 mm","og_description":"Tube de pressostat en silicone transparent 8 mm","og_url":"https:\/\/amrtop.net\/es\/producto\/tube-de-pressostat-en-silicone-transparent-8-mm\/","og_site_name":"AMRTOP B2B \u00c9tranger - Achats r\u00e9serv\u00e9s au professionnel","article_modified_time":"2023-06-07T13:19:47+00:00","og_image":[{"width":640,"height":640,"url":"https:\/\/amrtop.net\/wp-content\/uploads\/2022\/01\/w-SITO-GUARNIZIONI-121-1.jpg","type":"image\/jpeg"}],"twitter_card":"summary_large_image","schema":{"@context":"https:\/\/schema.org","@graph":[{"@type":"WebPage","@id":"https:\/\/amrtop.net\/produit\/tube-de-pressostat-en-silicone-transparent-8-mm\/","url":"https:\/\/amrtop.net\/produit\/tube-de-pressostat-en-silicone-transparent-8-mm\/","name":"Tubo presostato de silicona transparente de 8 mm","isPartOf":{"@id":"https:\/\/amrtop.net\/#website"},"primaryImageOfPage":{"@id":"https:\/\/amrtop.net\/produit\/tube-de-pressostat-en-silicone-transparent-8-mm\/#primaryimage"},"image":{"@id":"https:\/\/amrtop.net\/produit\/tube-de-pressostat-en-silicone-transparent-8-mm\/#primaryimage"},"thumbnailUrl":"https:\/\/amrtop.net\/wp-content\/uploads\/2022\/01\/w-SITO-GUARNIZIONI-121-1.jpg","datePublished":"2020-01-10T00:00:00+00:00","dateModified":"2023-06-07T13:19:47+00:00","description":"Tubo presostato de silicona transparente de 8 mm","breadcrumb":{"@id":"https:\/\/amrtop.net\/produit\/tube-de-pressostat-en-silicone-transparent-8-mm\/#breadcrumb"},"inLanguage":"es","potentialAction":[{"@type":"ReadAction","target":["https:\/\/amrtop.net\/produit\/tube-de-pressostat-en-silicone-transparent-8-mm\/"]}]},{"@type":"ImageObject","inLanguage":"es","@id":"https:\/\/amrtop.net\/produit\/tube-de-pressostat-en-silicone-transparent-8-mm\/#primaryimage","url":"https:\/\/amrtop.net\/wp-content\/uploads\/2022\/01\/w-SITO-GUARNIZIONI-121-1.jpg","contentUrl":"https:\/\/amrtop.net\/wp-content\/uploads\/2022\/01\/w-SITO-GUARNIZIONI-121-1.jpg","width":640,"height":640,"caption":"Tube de pressostat en silicone transparent 8 mm"},{"@type":"BreadcrumbList","@id":"https:\/\/amrtop.net\/produit\/tube-de-pressostat-en-silicone-transparent-8-mm\/#breadcrumb","itemListElement":[{"@type":"ListItem","position":1,"name":"Home","item":"https:\/\/amrtop.net\/"},{"@type":"ListItem","position":2,"name":"Shop","item":"https:\/\/amrtop.net\/negozio\/"},{"@type":"ListItem","position":3,"name":"Tube de pressostat en silicone transparent 8 x 4 mm code TBS001"}]},{"@type":"WebSite","@id":"https:\/\/amrtop.net\/#website","url":"https:\/\/amrtop.net\/","name":"AMRTOP B2B Abroad - Compras reservadas a los profesionales","description":"Recambios y accesorios para estufas y calderas - Comercio electr\u00f3nico B2B para profesionales","potentialAction":[{"@type":"SearchAction","target":{"@type":"EntryPoint","urlTemplate":"https:\/\/amrtop.net\/?s={search_term_string}"},"query-input":{"@type":"PropertyValueSpecification","valueRequired":true,"valueName":"search_term_string"}}],"inLanguage":"es"}]}},"_links":{"self":[{"href":"https:\/\/amrtop.net\/es\/wp-json\/wp\/v2\/product\/20834","targetHints":{"allow":["GET"]}}],"collection":[{"href":"https:\/\/amrtop.net\/es\/wp-json\/wp\/v2\/product"}],"about":[{"href":"https:\/\/amrtop.net\/es\/wp-json\/wp\/v2\/types\/product"}],"replies":[{"embeddable":true,"href":"https:\/\/amrtop.net\/es\/wp-json\/wp\/v2\/comments?post=20834"}],"wp:featuredmedia":[{"embeddable":true,"href":"https:\/\/amrtop.net\/es\/wp-json\/wp\/v2\/media\/20825"}],"wp:attachment":[{"href":"https:\/\/amrtop.net\/es\/wp-json\/wp\/v2\/media?parent=20834"}],"wp:term":[{"taxonomy":"product_brand","embeddable":true,"href":"https:\/\/amrtop.net\/es\/wp-json\/wp\/v2\/product_brand?post=20834"},{"taxonomy":"product_cat","embeddable":true,"href":"https:\/\/amrtop.net\/es\/wp-json\/wp\/v2\/product_cat?post=20834"},{"taxonomy":"product_tag","embeddable":true,"href":"https:\/\/amrtop.net\/es\/wp-json\/wp\/v2\/product_tag?post=20834"}],"curies":[{"name":"wp","href":"https:\/\/api.w.org\/{rel}","templated":true}]}}