{"id":20835,"date":"2020-10-01T00:00:00","date_gmt":"2020-10-01T00:00:00","guid":{"rendered":"https:\/\/amrtop.com\/B2B\/?post_type=product&#038;p=20835"},"modified":"2023-06-07T13:36:40","modified_gmt":"2023-06-07T13:36:40","slug":"transductor-de-presion-de-aire-huba-tipo-401","status":"publish","type":"product","link":"https:\/\/amrtop.net\/es\/produit\/transducteur-de-pression-dair-huba-type-401\/","title":{"rendered":"Transductor de presi\u00f3n de aire HUBA tipo 401 C\u00f3digo TSD401"},"content":{"rendered":"<h3>Transductor de presi\u00f3n de aire HUBA tipo 401<\/h3>\n<p>Amrtop ofrece una gama completa de presostatos diferenciales de aire ajustables, presostatos normales y transductores de presi\u00f3n para estufas y calderas de pellets. Estos componentes de alto rendimiento se han desarrollado con los conocimientos de aplicaci\u00f3n de empresas l\u00edderes en el sector de los pellets, y representan la soluci\u00f3n m\u00e1s eficaz disponible en la actualidad para este tipo de productos.<\/p>\n<p>Fiabilidad, eficacia y compatibilidad son las se\u00f1as de identidad de este tipo de producto comercializado por Amrtop, que siempre est\u00e1 disponible en sus almacenes.<\/p>\n<p>Las caracter\u00edsticas de dise\u00f1o y la calidad de los materiales utilizados garantizan la m\u00e1xima seguridad y fiabilidad.<\/p>\n<p>Se encuentra en aparatos t\u00edpicos - Estufa de pellets - Caldera de pellets - Quemador de pellets - Barbacoa\/parrilla de pellets Caldera de biomasa - Quemador de biomasa - Y muchos otros quemadores<\/p>\n<h3>Utilizaci\u00f3n del transductor de presi\u00f3n de aire HUBA tipo 401<\/h3>\n<p>C\u00f3mo funcionan los presostatos.<\/p>\n<p>El presostato es un dispositivo que permite cerrar y abrir un circuito el\u00e9ctrico simplemente variando autom\u00e1ticamente la presi\u00f3n.  Se utiliza en muchos sectores, desde el hidr\u00e1ulico hasta el termoel\u00e9ctrico, donde se instala en dispositivos como bombas hidr\u00e1ulicas, compresores y sistemas de calefacci\u00f3n y aire acondicionado.<\/p>\n<p>Transductor c\u00f3mo funciona.<\/p>\n<p>Los transductores para calderas de pellets y radiadores son componentes capaces de medir la fuerza de un l\u00edquido en el caso de un transductor de agua o de un gas en el caso de un transductor de aire\/escape. El valor medido se convierte en un n\u00famero y luego se hace legible en el tap\u00f3n de la caldera.<\/p>\n<h3>Interior<\/h3>\n<p><a href=\"https:\/\/wekos.it\/\">Estufas, cocinas y cocinas de le\u00f1a<\/a>\u00a0-\u00a0<a href=\"https:\/\/www.greenpuros.com\/\">chimeneas, estufas y calderas de pellets.<\/a><\/p>\n<h3>Gama Amrtop de recambios y accesorios<\/h3>\n<p><a href=\"https:\/\/amrtop.net\/es\/categoria-de-productos\/recambios-miscelaneos-cocinas-y-calderas-2\/bougies-dallumage-pour-poeles-et-chaudieres-a-pellets\/\">Calentadores<\/a><\/p>\n<p><a href=\"https:\/\/amrtop.net\/es\/categoria-de-productos\/recambios-miscelaneos-cocinas-y-calderas-2\/electronique\/\">Electr\u00f3nica<\/a><\/p>\n<p><a href=\"https:\/\/amrtop.net\/es\/categoria-de-productos\/recambios-miscelaneos-cocinas-y-calderas-2\/extracteurs-de-fumee\/\">Extractores de humo<\/a><\/p>\n<p><a href=\"https:\/\/amrtop.net\/es\/categoria-de-productos\/recambios-miscelaneos-cocinas-y-calderas-2\/gaines-cable-connecteurs\/\">Fundas de cables de conexi\u00f3n<\/a><\/p>\n<p><a href=\"https:\/\/amrtop.net\/es\/categoria-de-productos\/recambios-miscelaneos-cocinas-y-calderas-2\/joints-de-silicone\/\">Juntas de silicona<\/a><\/p>\n<p><a href=\"https:\/\/amrtop.net\/es\/categoria-de-productos\/recambios-miscelaneos-cocinas-y-calderas-2\/motoreducteurs\/\">Motorreductores<\/a><\/p>\n<p><a href=\"https:\/\/amrtop.net\/es\/categoria-de-productos\/recambios-miscelaneos-cocinas-y-calderas-2\/pressostats-et-transducteurs\/\">Presostatos y transductores<\/a><\/p>\n<p><a href=\"https:\/\/amrtop.net\/es\/categoria-de-productos\/recambios-miscelaneos-cocinas-y-calderas-2\/sondes-thermostats-manometres-thermometres\/\">Sondas termostatos man\u00f3metros term\u00f3metros<\/a><\/p>\n<p><a href=\"https:\/\/amrtop.net\/es\/categoria-de-productos\/recambios-miscelaneos-cocinas-y-calderas-2\/joints-detancheite\/\">Sellado de trenzas<\/a><\/p>\n<p><a href=\"https:\/\/amrtop.net\/es\/categoria-de-productos\/recambios-miscelaneos-cocinas-y-calderas-2\/ventilateurs-centrifuges-pour-poeles-a-pellets\/\">Ventiladores centr\u00edfugos<\/a><\/p>\n<p><a href=\"https:\/\/amrtop.net\/es\/categoria-de-productos\/recambios-miscelaneos-cocinas-y-calderas-2\/ventilateurs-tangentiels-flux-transversal\/\">Ventiladores de flujo cruzado<\/a><\/p>\n<p><a href=\"https:\/\/amrtop.net\/es\/categoria-de-productos\/recambios-miscelaneos-cocinas-y-calderas-2\/adhesifs-et-produits-detancheite\/\">Colas y selladores<\/a><\/p>\n<p>&nbsp;<\/p>\n<p>&nbsp;<\/p>\n<p>&nbsp;<\/p>\n<p>&nbsp;<\/p>\n<p>&nbsp;<\/p>\n<p>&nbsp;<\/p>","protected":false},"excerpt":{"rendered":"<h2><span style=\"color: #008000\">Disponible en<\/span><\/h2>\n<hr \/>\n<p>C\u00f3digo TSD401<\/p>\n<p>Trasduttore di pressione aria HUBA tipo 401 0 ... 3 - 8 mbar<br \/>\nRango de trabajo: 0 - 3 mbar<br \/>\nAlimentaci\u00f3n: 10,4 - 18 V CC<br \/>\nSe\u00f1al de salida : da 0,5 a 4,5 VDC<br \/>\nAbsorci\u00f3n: 8 mA<br \/>\nTemperatura m\u00e1xima: 70 \u00baC<\/p>","protected":false},"featured_media":19057,"comment_status":"open","ping_status":"closed","template":"","meta":[],"product_brand":[],"product_cat":[1407,1411],"product_tag":[],"class_list":{"0":"post-20835","1":"product","2":"type-product","3":"status-publish","4":"has-post-thumbnail","6":"product_cat-pressostats-et-transducteurs-pour-poeles-et-chaudieres-a-pellets","7":"product_cat-transducteurs-de-pression-air-et-eau","8":"product_shipping_class-classe-di-spedizione-01","10":"first","11":"instock","12":"shipping-taxable","13":"purchasable","14":"product-type-simple"},"yoast_head":"<!-- This site is optimized with the Yoast SEO plugin v27.4 - https:\/\/yoast.com\/product\/yoast-seo-wordpress\/ -->\n<title>Transducteur de pression d\u2019air HUBA type 401<\/title>\n<meta name=\"description\" content=\"Transducteur de pression d\u2019air HUBA type 401 - Pressostats eau et air pour po\u00eales et chaudi\u00e8res \u00e0 pellets - Transducteurs pour po\u00eales et chaudi\u00e8res \u00e0 pellets - R\u00e9gulateurs de pression pour po\u00eales et chaudi\u00e8res \u00e0 pellets - R\u00e9gulateurs de pression pour po\u00eales et chaudi\u00e8res \u00e0 pellets - Transducteurs de pression pour po\u00eales et chaudi\u00e8res \u00e0 pellets\" \/>\n<meta name=\"robots\" content=\"index, follow, max-snippet:-1, max-image-preview:large, max-video-preview:-1\" \/>\n<link rel=\"canonical\" href=\"https:\/\/amrtop.net\/es\/producto\/transductor-de-presion-de-aire-huba-tipo-401\/\" \/>\n<meta property=\"og:locale\" content=\"es_ES\" \/>\n<meta property=\"og:type\" content=\"article\" \/>\n<meta property=\"og:title\" content=\"Transducteur de pression d\u2019air HUBA type 401\" \/>\n<meta property=\"og:description\" content=\"Transducteur de pression d\u2019air HUBA type 401 - Pressostats eau et air pour po\u00eales et chaudi\u00e8res \u00e0 pellets - Transducteurs pour po\u00eales et chaudi\u00e8res \u00e0 pellets - R\u00e9gulateurs de pression pour po\u00eales et chaudi\u00e8res \u00e0 pellets - R\u00e9gulateurs de pression pour po\u00eales et chaudi\u00e8res \u00e0 pellets - Transducteurs de pression pour po\u00eales et chaudi\u00e8res \u00e0 pellets\" \/>\n<meta property=\"og:url\" content=\"https:\/\/amrtop.net\/es\/producto\/transductor-de-presion-de-aire-huba-tipo-401\/\" \/>\n<meta property=\"og:site_name\" content=\"AMRTOP B2B \u00c9tranger - Achats r\u00e9serv\u00e9s au professionnel\" \/>\n<meta property=\"article:modified_time\" content=\"2023-06-07T13:36:40+00:00\" \/>\n<meta property=\"og:image\" content=\"https:\/\/amrtop.net\/wp-content\/uploads\/2021\/09\/w-SITO-PHOTO-06-B.jpg\" \/>\n\t<meta property=\"og:image:width\" content=\"960\" \/>\n\t<meta property=\"og:image:height\" content=\"960\" \/>\n\t<meta property=\"og:image:type\" content=\"image\/jpeg\" \/>\n<meta name=\"twitter:card\" content=\"summary_large_image\" \/>\n<meta name=\"twitter:label1\" content=\"Tiempo de lectura\" \/>\n\t<meta name=\"twitter:data1\" content=\"2 minutos\" \/>\n<script type=\"application\/ld+json\" class=\"yoast-schema-graph\">{\"@context\":\"https:\\\/\\\/schema.org\",\"@graph\":[{\"@type\":\"WebPage\",\"@id\":\"https:\\\/\\\/amrtop.net\\\/produit\\\/transducteur-de-pression-dair-huba-type-401\\\/\",\"url\":\"https:\\\/\\\/amrtop.net\\\/produit\\\/transducteur-de-pression-dair-huba-type-401\\\/\",\"name\":\"Transducteur de pression d\u2019air HUBA type 401\",\"isPartOf\":{\"@id\":\"https:\\\/\\\/amrtop.net\\\/#website\"},\"primaryImageOfPage\":{\"@id\":\"https:\\\/\\\/amrtop.net\\\/produit\\\/transducteur-de-pression-dair-huba-type-401\\\/#primaryimage\"},\"image\":{\"@id\":\"https:\\\/\\\/amrtop.net\\\/produit\\\/transducteur-de-pression-dair-huba-type-401\\\/#primaryimage\"},\"thumbnailUrl\":\"https:\\\/\\\/amrtop.net\\\/wp-content\\\/uploads\\\/2021\\\/09\\\/w-SITO-PHOTO-06-B.jpg\",\"datePublished\":\"2020-10-01T00:00:00+00:00\",\"dateModified\":\"2023-06-07T13:36:40+00:00\",\"description\":\"Transducteur de pression d\u2019air HUBA type 401 - Pressostats eau et air pour po\u00eales et chaudi\u00e8res \u00e0 pellets - Transducteurs pour po\u00eales et chaudi\u00e8res \u00e0 pellets - R\u00e9gulateurs de pression pour po\u00eales et chaudi\u00e8res \u00e0 pellets - R\u00e9gulateurs de pression pour po\u00eales et chaudi\u00e8res \u00e0 pellets - Transducteurs de pression pour po\u00eales et chaudi\u00e8res \u00e0 pellets\",\"breadcrumb\":{\"@id\":\"https:\\\/\\\/amrtop.net\\\/produit\\\/transducteur-de-pression-dair-huba-type-401\\\/#breadcrumb\"},\"inLanguage\":\"es\",\"potentialAction\":[{\"@type\":\"ReadAction\",\"target\":[\"https:\\\/\\\/amrtop.net\\\/produit\\\/transducteur-de-pression-dair-huba-type-401\\\/\"]}]},{\"@type\":\"ImageObject\",\"inLanguage\":\"es\",\"@id\":\"https:\\\/\\\/amrtop.net\\\/produit\\\/transducteur-de-pression-dair-huba-type-401\\\/#primaryimage\",\"url\":\"https:\\\/\\\/amrtop.net\\\/wp-content\\\/uploads\\\/2021\\\/09\\\/w-SITO-PHOTO-06-B.jpg\",\"contentUrl\":\"https:\\\/\\\/amrtop.net\\\/wp-content\\\/uploads\\\/2021\\\/09\\\/w-SITO-PHOTO-06-B.jpg\",\"width\":960,\"height\":960,\"caption\":\"Transducteur de pression d\u2019air HUBA type 401 - Pressostats eau et air pour po\u00eales et chaudi\u00e8res \u00e0 pellets - Transducteurs pour po\u00eales et chaudi\u00e8res \u00e0 pellets - R\u00e9gulateurs de pression pour po\u00eales et chaudi\u00e8res \u00e0 pellets - R\u00e9gulateurs de pression pour po\u00eales et chaudi\u00e8res \u00e0 pellets - Transducteurs de pression pour po\u00eales et chaudi\u00e8res \u00e0 pellets\"},{\"@type\":\"BreadcrumbList\",\"@id\":\"https:\\\/\\\/amrtop.net\\\/produit\\\/transducteur-de-pression-dair-huba-type-401\\\/#breadcrumb\",\"itemListElement\":[{\"@type\":\"ListItem\",\"position\":1,\"name\":\"Home\",\"item\":\"https:\\\/\\\/amrtop.net\\\/\"},{\"@type\":\"ListItem\",\"position\":2,\"name\":\"Shop\",\"item\":\"https:\\\/\\\/amrtop.net\\\/negozio\\\/\"},{\"@type\":\"ListItem\",\"position\":3,\"name\":\"Transducteur de pression d\u2019air HUBA type 401 Code TSD401\"}]},{\"@type\":\"WebSite\",\"@id\":\"https:\\\/\\\/amrtop.net\\\/#website\",\"url\":\"https:\\\/\\\/amrtop.net\\\/\",\"name\":\"AMRTOP B2B \u00c9tranger - Achats r\u00e9serv\u00e9s au professionnel\",\"description\":\"Pi\u00e8ces de rechange et accessoires pour po\u00eales et chaudi\u00e8res - eCommerce B2B pour Clients Professionnels\",\"potentialAction\":[{\"@type\":\"SearchAction\",\"target\":{\"@type\":\"EntryPoint\",\"urlTemplate\":\"https:\\\/\\\/amrtop.net\\\/?s={search_term_string}\"},\"query-input\":{\"@type\":\"PropertyValueSpecification\",\"valueRequired\":true,\"valueName\":\"search_term_string\"}}],\"inLanguage\":\"es\"}]}<\/script>\n<!-- \/ Yoast SEO plugin. -->","yoast_head_json":{"title":"Transductor de presi\u00f3n de aire HUBA tipo 401","description":"Transductor de presi\u00f3n de aire HUBA tipo 401 - Presostatos de agua y aire para estufas y calderas de pellets - Transductores para estufas y calderas de pellets - Reguladores de presi\u00f3n para estufas y calderas de pellets - Transductores de presi\u00f3n para estufas y calderas de pellets","robots":{"index":"index","follow":"follow","max-snippet":"max-snippet:-1","max-image-preview":"max-image-preview:large","max-video-preview":"max-video-preview:-1"},"canonical":"https:\/\/amrtop.net\/es\/producto\/transductor-de-presion-de-aire-huba-tipo-401\/","og_locale":"es_ES","og_type":"article","og_title":"Transducteur de pression d\u2019air HUBA type 401","og_description":"Transducteur de pression d\u2019air HUBA type 401 - Pressostats eau et air pour po\u00eales et chaudi\u00e8res \u00e0 pellets - Transducteurs pour po\u00eales et chaudi\u00e8res \u00e0 pellets - R\u00e9gulateurs de pression pour po\u00eales et chaudi\u00e8res \u00e0 pellets - R\u00e9gulateurs de pression pour po\u00eales et chaudi\u00e8res \u00e0 pellets - Transducteurs de pression pour po\u00eales et chaudi\u00e8res \u00e0 pellets","og_url":"https:\/\/amrtop.net\/es\/producto\/transductor-de-presion-de-aire-huba-tipo-401\/","og_site_name":"AMRTOP B2B \u00c9tranger - Achats r\u00e9serv\u00e9s au professionnel","article_modified_time":"2023-06-07T13:36:40+00:00","og_image":[{"width":960,"height":960,"url":"https:\/\/amrtop.net\/wp-content\/uploads\/2021\/09\/w-SITO-PHOTO-06-B.jpg","type":"image\/jpeg"}],"twitter_card":"summary_large_image","twitter_misc":{"Tiempo de lectura":"2 minutos"},"schema":{"@context":"https:\/\/schema.org","@graph":[{"@type":"WebPage","@id":"https:\/\/amrtop.net\/produit\/transducteur-de-pression-dair-huba-type-401\/","url":"https:\/\/amrtop.net\/produit\/transducteur-de-pression-dair-huba-type-401\/","name":"Transductor de presi\u00f3n de aire HUBA tipo 401","isPartOf":{"@id":"https:\/\/amrtop.net\/#website"},"primaryImageOfPage":{"@id":"https:\/\/amrtop.net\/produit\/transducteur-de-pression-dair-huba-type-401\/#primaryimage"},"image":{"@id":"https:\/\/amrtop.net\/produit\/transducteur-de-pression-dair-huba-type-401\/#primaryimage"},"thumbnailUrl":"https:\/\/amrtop.net\/wp-content\/uploads\/2021\/09\/w-SITO-PHOTO-06-B.jpg","datePublished":"2020-10-01T00:00:00+00:00","dateModified":"2023-06-07T13:36:40+00:00","description":"Transductor de presi\u00f3n de aire HUBA tipo 401 - Presostatos de agua y aire para estufas y calderas de pellets - Transductores para estufas y calderas de pellets - Reguladores de presi\u00f3n para estufas y calderas de pellets - Transductores de presi\u00f3n para estufas y calderas de pellets","breadcrumb":{"@id":"https:\/\/amrtop.net\/produit\/transducteur-de-pression-dair-huba-type-401\/#breadcrumb"},"inLanguage":"es","potentialAction":[{"@type":"ReadAction","target":["https:\/\/amrtop.net\/produit\/transducteur-de-pression-dair-huba-type-401\/"]}]},{"@type":"ImageObject","inLanguage":"es","@id":"https:\/\/amrtop.net\/produit\/transducteur-de-pression-dair-huba-type-401\/#primaryimage","url":"https:\/\/amrtop.net\/wp-content\/uploads\/2021\/09\/w-SITO-PHOTO-06-B.jpg","contentUrl":"https:\/\/amrtop.net\/wp-content\/uploads\/2021\/09\/w-SITO-PHOTO-06-B.jpg","width":960,"height":960,"caption":"Transducteur de pression d\u2019air HUBA type 401 - Pressostats eau et air pour po\u00eales et chaudi\u00e8res \u00e0 pellets - Transducteurs pour po\u00eales et chaudi\u00e8res \u00e0 pellets - R\u00e9gulateurs de pression pour po\u00eales et chaudi\u00e8res \u00e0 pellets - R\u00e9gulateurs de pression pour po\u00eales et chaudi\u00e8res \u00e0 pellets - Transducteurs de pression pour po\u00eales et chaudi\u00e8res \u00e0 pellets"},{"@type":"BreadcrumbList","@id":"https:\/\/amrtop.net\/produit\/transducteur-de-pression-dair-huba-type-401\/#breadcrumb","itemListElement":[{"@type":"ListItem","position":1,"name":"Home","item":"https:\/\/amrtop.net\/"},{"@type":"ListItem","position":2,"name":"Shop","item":"https:\/\/amrtop.net\/negozio\/"},{"@type":"ListItem","position":3,"name":"Transducteur de pression d\u2019air HUBA type 401 Code TSD401"}]},{"@type":"WebSite","@id":"https:\/\/amrtop.net\/#website","url":"https:\/\/amrtop.net\/","name":"AMRTOP B2B Abroad - Compras reservadas a los profesionales","description":"Recambios y accesorios para estufas y calderas - Comercio electr\u00f3nico B2B para profesionales","potentialAction":[{"@type":"SearchAction","target":{"@type":"EntryPoint","urlTemplate":"https:\/\/amrtop.net\/?s={search_term_string}"},"query-input":{"@type":"PropertyValueSpecification","valueRequired":true,"valueName":"search_term_string"}}],"inLanguage":"es"}]}},"_links":{"self":[{"href":"https:\/\/amrtop.net\/es\/wp-json\/wp\/v2\/product\/20835","targetHints":{"allow":["GET"]}}],"collection":[{"href":"https:\/\/amrtop.net\/es\/wp-json\/wp\/v2\/product"}],"about":[{"href":"https:\/\/amrtop.net\/es\/wp-json\/wp\/v2\/types\/product"}],"replies":[{"embeddable":true,"href":"https:\/\/amrtop.net\/es\/wp-json\/wp\/v2\/comments?post=20835"}],"wp:featuredmedia":[{"embeddable":true,"href":"https:\/\/amrtop.net\/es\/wp-json\/wp\/v2\/media\/19057"}],"wp:attachment":[{"href":"https:\/\/amrtop.net\/es\/wp-json\/wp\/v2\/media?parent=20835"}],"wp:term":[{"taxonomy":"product_brand","embeddable":true,"href":"https:\/\/amrtop.net\/es\/wp-json\/wp\/v2\/product_brand?post=20835"},{"taxonomy":"product_cat","embeddable":true,"href":"https:\/\/amrtop.net\/es\/wp-json\/wp\/v2\/product_cat?post=20835"},{"taxonomy":"product_tag","embeddable":true,"href":"https:\/\/amrtop.net\/es\/wp-json\/wp\/v2\/product_tag?post=20835"}],"curies":[{"name":"wp","href":"https:\/\/api.w.org\/{rel}","templated":true}]}}