{"id":20844,"date":"2020-10-01T00:00:00","date_gmt":"2020-10-01T00:00:00","guid":{"rendered":"https:\/\/amrtop.com\/B2B\/?post_type=product&#038;p=20844"},"modified":"2023-06-05T14:23:10","modified_gmt":"2023-06-05T14:23:10","slug":"motoreducteur-synchrone-ipc-1-rpm-code-gmf210d901-arbre-o-95-mm","status":"publish","type":"product","link":"https:\/\/amrtop.net\/es\/produit\/motoreducteur-synchrone-ipc-1-rpm-code-gmf210d901-arbre-o-95-mm\/","title":{"rendered":"Motor\u00e9ducteur synchrone IPC 1 rpm Code GMF210D901 \u2013 Arbre \u00f8 9,5 mm"},"content":{"rendered":"<hr \/>\n<h3>Motor\u00e9ducteur synchrone IPC 1 rpm Code GMF210D901 Arbre 9.5<\/h3>\n<p>Con m\u00e1s de veinte a\u00f1os de experiencia pr\u00e1ctica en todas las aplicaciones utilizadas en las estufas de pellets\/biomasa, IPC es ahora el l\u00edder del mercado en el suministro de componentes y sistemas en este nicho del sector de la calefacci\u00f3n.<\/p>\n<p>La experiencia adquirida nos permite desarrollar soluciones espec\u00edficas para los fabricantes de sistemas HVACR y, en el mercado de las estufas de pellets y chimeneas de biomasa, dise\u00f1amos y fabricamos componentes innovadores con tecnolog\u00edas de vanguardia.<\/p>\n<p>Nuestros motorreductores BRUSHLESS para la carga CONTINUA y nuestros ventiladores EC 230V para la extracci\u00f3n de humos son ahora la referencia para todos los fabricantes m\u00e1s conocidos de sistemas de biomasa.<\/p>\n<h3><strong>Caracter\u00edsticas de construcci\u00f3n :<\/strong><\/h3>\n<p>Hemos dise\u00f1ado soluciones ad hoc para la CARGA CONTINUA de combustible (pellets); en comparaci\u00f3n con los componentes est\u00e1ndar, los sistemas IPC aumentan considerablemente la precisi\u00f3n de la carga, lo que permite una gesti\u00f3n m\u00e1s eficaz y una mejor eficiencia de la combusti\u00f3n.<\/p>\n<h3>Utilisation du motor\u00e9ducteur synchrone IPC 1 rpm Code GMF210D901 Arbre 9.5<\/h3>\n<p>Una vez que llega a la parte superior de la c\u00f3clea, el pellet cae de forma natural en un conducto que lo lleva al quemador.<\/p>\n<p>&nbsp;<\/p>\n<h3><strong>Aplicaciones t\u00edpicas\u00a0<\/strong><\/h3>\n<ul>\n<li>Estufas de pellets<\/li>\n<li>M\u00e1quinas de caf\u00e9<\/li>\n<li>Asadores<\/li>\n<li>Mezcladoras<\/li>\n<li>Chocolatero<\/li>\n<li>Actuadores para la industria<\/li>\n<\/ul>\n<h3><strong>Interior<\/strong><\/h3>\n<p><a href=\"https:\/\/wekos.it\/\">Estufas, cocinas y cocinas de le\u00f1a<\/a>\u00a0-\u00a0<a href=\"https:\/\/www.greenpuros.com\/\">chimeneas, estufas y calderas de pellets.<\/a><\/p>\n<h3><strong>Gama Amrtop de recambios y accesorios<\/strong><\/h3>\n<p><a href=\"https:\/\/amrtop.net\/es\/categoria-de-productos\/recambios-miscelaneos-cocinas-y-calderas-2\/bougies-dallumage-pour-poeles-et-chaudieres-a-pellets\/\">Calentadores<\/a><\/p>\n<p><a href=\"https:\/\/amrtop.net\/es\/categoria-de-productos\/recambios-miscelaneos-cocinas-y-calderas-2\/electronique\/\">Electr\u00f3nica<\/a><\/p>\n<p><a href=\"https:\/\/amrtop.net\/es\/categoria-de-productos\/recambios-miscelaneos-cocinas-y-calderas-2\/extracteurs-de-fumee\/\">Extractores de humo<\/a><\/p>\n<p><a href=\"https:\/\/amrtop.net\/es\/categoria-de-productos\/recambios-miscelaneos-cocinas-y-calderas-2\/gaines-cable-connecteurs\/\">Fundas de cables de conexi\u00f3n<\/a><\/p>\n<p><a href=\"https:\/\/amrtop.net\/es\/categoria-de-productos\/recambios-miscelaneos-cocinas-y-calderas-2\/joints-de-silicone\/\">Juntas de silicona<\/a><\/p>\n<p><a href=\"https:\/\/amrtop.net\/es\/categoria-de-productos\/recambios-miscelaneos-cocinas-y-calderas-2\/motoreducteurs\/\">Motorreductores<\/a><\/p>\n<p><a href=\"https:\/\/amrtop.net\/es\/categoria-de-productos\/recambios-miscelaneos-cocinas-y-calderas-2\/pressostats-et-transducteurs\/\">Presostatos y transductores<\/a><\/p>\n<p><a href=\"https:\/\/amrtop.net\/es\/categoria-de-productos\/recambios-miscelaneos-cocinas-y-calderas-2\/sondes-thermostats-manometres-thermometres\/\">Sondas termostatos man\u00f3metros term\u00f3metros<\/a><\/p>\n<p><a href=\"https:\/\/amrtop.net\/es\/categoria-de-productos\/recambios-miscelaneos-cocinas-y-calderas-2\/joints-detancheite\/\">Sellado de trenzas<\/a><\/p>\n<p><a href=\"https:\/\/amrtop.net\/es\/categoria-de-productos\/recambios-miscelaneos-cocinas-y-calderas-2\/ventilateurs-centrifuges-pour-poeles-a-pellets\/\">Ventiladores centr\u00edfugos<\/a><\/p>\n<p><a href=\"https:\/\/amrtop.net\/es\/categoria-de-productos\/recambios-miscelaneos-cocinas-y-calderas-2\/ventilateurs-tangentiels-flux-transversal\/\">Ventiladores de flujo cruzado<\/a><\/p>\n<p><a href=\"https:\/\/amrtop.net\/es\/categoria-de-productos\/recambios-miscelaneos-cocinas-y-calderas-2\/adhesifs-et-produits-detancheite\/\">Colas y selladores<\/a><\/p>\n<p><strong>\u00a0<\/strong><\/p>","protected":false},"excerpt":{"rendered":"<hr \/>\n<h2><span style=\"color: #008000\">Disponible en<\/span><\/h2>\n<hr \/>\n<h3>Motor\u00e9ducteur synchrone IPC 1 rpm<\/h3>\n<p>Code GMF210D901<br \/>\nEje \u00f8 9,5 mm<br \/>\nRpm: 1 rpm<br \/>\nAplanado: simple<br \/>\nSentido de giro: horario y antihorario<br \/>\nPar de apriete: 18 Nm<\/p>","protected":false},"featured_media":34937,"comment_status":"open","ping_status":"closed","template":"","meta":[],"product_brand":[],"product_cat":[861,877],"product_tag":[],"class_list":{"0":"post-20844","1":"product","2":"type-product","3":"status-publish","4":"has-post-thumbnail","6":"product_cat-motoreducteurs","7":"product_cat-motoreducteurs-synchrones-ipc","8":"product_shipping_class-classe-di-spedizione-02","10":"first","11":"instock","12":"shipping-taxable","13":"purchasable","14":"product-type-simple"},"yoast_head":"<!-- This site is optimized with the Yoast SEO plugin v27.5 - https:\/\/yoast.com\/product\/yoast-seo-wordpress\/ -->\n<title>Motor\u00e9ducteur synchrone IPC 1 rpm Code GMF210D901 Arbre 9.5<\/title>\n<meta name=\"description\" content=\"Motor\u00e9ducteur synchrone IPC 1 rpm Code GMF210D901 Arbre \u00f8 9.5 mm-Motor\u00e9ducteur Ipc pour coclea po\u00eale \u00e0 granul\u00e9s d\u2019arbre 9.5-Motor\u00e9ducteur Ipc pour po\u00eales\" \/>\n<meta name=\"robots\" content=\"index, follow, max-snippet:-1, max-image-preview:large, max-video-preview:-1\" \/>\n<link rel=\"canonical\" href=\"https:\/\/amrtop.net\/es\/producto\/motoreducteur-synchrone-ipc-1-rpm-code-gmf210d901-arbre-o-95-mm\/\" \/>\n<meta property=\"og:locale\" content=\"es_ES\" \/>\n<meta property=\"og:type\" content=\"article\" \/>\n<meta property=\"og:title\" content=\"Motor\u00e9ducteur synchrone IPC 1 rpm Code GMF210D901 Arbre 9.5\" \/>\n<meta property=\"og:description\" content=\"Motor\u00e9ducteur synchrone IPC 1 rpm Code GMF210D901 Arbre \u00f8 9.5 mm-Motor\u00e9ducteur Ipc pour coclea po\u00eale \u00e0 granul\u00e9s d\u2019arbre 9.5-Motor\u00e9ducteur Ipc pour po\u00eales\" \/>\n<meta property=\"og:url\" content=\"https:\/\/amrtop.net\/es\/producto\/motoreducteur-synchrone-ipc-1-rpm-code-gmf210d901-arbre-o-95-mm\/\" \/>\n<meta property=\"og:site_name\" content=\"AMRTOP B2B \u00c9tranger - Achats r\u00e9serv\u00e9s au professionnel\" \/>\n<meta property=\"article:modified_time\" content=\"2023-06-05T14:23:10+00:00\" \/>\n<meta property=\"og:image\" content=\"https:\/\/amrtop.net\/wp-content\/uploads\/2022\/07\/GMF210D901.jpg\" \/>\n\t<meta property=\"og:image:width\" content=\"960\" \/>\n\t<meta property=\"og:image:height\" content=\"960\" \/>\n\t<meta property=\"og:image:type\" content=\"image\/jpeg\" \/>\n<meta name=\"twitter:card\" content=\"summary_large_image\" \/>\n<meta name=\"twitter:label1\" content=\"Tiempo de lectura\" \/>\n\t<meta name=\"twitter:data1\" content=\"1 minuto\" \/>\n<script type=\"application\/ld+json\" class=\"yoast-schema-graph\">{\"@context\":\"https:\\\/\\\/schema.org\",\"@graph\":[{\"@type\":\"WebPage\",\"@id\":\"https:\\\/\\\/amrtop.net\\\/produit\\\/motoreducteur-synchrone-ipc-1-rpm-code-gmf210d901-arbre-o-95-mm\\\/\",\"url\":\"https:\\\/\\\/amrtop.net\\\/produit\\\/motoreducteur-synchrone-ipc-1-rpm-code-gmf210d901-arbre-o-95-mm\\\/\",\"name\":\"Motor\u00e9ducteur synchrone IPC 1 rpm Code GMF210D901 Arbre 9.5\",\"isPartOf\":{\"@id\":\"https:\\\/\\\/amrtop.net\\\/#website\"},\"primaryImageOfPage\":{\"@id\":\"https:\\\/\\\/amrtop.net\\\/produit\\\/motoreducteur-synchrone-ipc-1-rpm-code-gmf210d901-arbre-o-95-mm\\\/#primaryimage\"},\"image\":{\"@id\":\"https:\\\/\\\/amrtop.net\\\/produit\\\/motoreducteur-synchrone-ipc-1-rpm-code-gmf210d901-arbre-o-95-mm\\\/#primaryimage\"},\"thumbnailUrl\":\"https:\\\/\\\/amrtop.net\\\/wp-content\\\/uploads\\\/2022\\\/07\\\/GMF210D901.jpg\",\"datePublished\":\"2020-10-01T00:00:00+00:00\",\"dateModified\":\"2023-06-05T14:23:10+00:00\",\"description\":\"Motor\u00e9ducteur synchrone IPC 1 rpm Code GMF210D901 Arbre \u00f8 9.5 mm-Motor\u00e9ducteur Ipc pour coclea po\u00eale \u00e0 granul\u00e9s d\u2019arbre 9.5-Motor\u00e9ducteur Ipc pour po\u00eales\",\"breadcrumb\":{\"@id\":\"https:\\\/\\\/amrtop.net\\\/produit\\\/motoreducteur-synchrone-ipc-1-rpm-code-gmf210d901-arbre-o-95-mm\\\/#breadcrumb\"},\"inLanguage\":\"es\",\"potentialAction\":[{\"@type\":\"ReadAction\",\"target\":[\"https:\\\/\\\/amrtop.net\\\/produit\\\/motoreducteur-synchrone-ipc-1-rpm-code-gmf210d901-arbre-o-95-mm\\\/\"]}]},{\"@type\":\"ImageObject\",\"inLanguage\":\"es\",\"@id\":\"https:\\\/\\\/amrtop.net\\\/produit\\\/motoreducteur-synchrone-ipc-1-rpm-code-gmf210d901-arbre-o-95-mm\\\/#primaryimage\",\"url\":\"https:\\\/\\\/amrtop.net\\\/wp-content\\\/uploads\\\/2022\\\/07\\\/GMF210D901.jpg\",\"contentUrl\":\"https:\\\/\\\/amrtop.net\\\/wp-content\\\/uploads\\\/2022\\\/07\\\/GMF210D901.jpg\",\"width\":960,\"height\":960,\"caption\":\"Motoriduttore sincrono Ipc 1 rpm albero \u00f8 9.5\"},{\"@type\":\"BreadcrumbList\",\"@id\":\"https:\\\/\\\/amrtop.net\\\/produit\\\/motoreducteur-synchrone-ipc-1-rpm-code-gmf210d901-arbre-o-95-mm\\\/#breadcrumb\",\"itemListElement\":[{\"@type\":\"ListItem\",\"position\":1,\"name\":\"Home\",\"item\":\"https:\\\/\\\/amrtop.net\\\/\"},{\"@type\":\"ListItem\",\"position\":2,\"name\":\"Shop\",\"item\":\"https:\\\/\\\/amrtop.net\\\/negozio\\\/\"},{\"@type\":\"ListItem\",\"position\":3,\"name\":\"Motor\u00e9ducteur synchrone IPC 1 rpm Code GMF210D901 \u2013 Arbre \u00f8 9,5 mm\"}]},{\"@type\":\"WebSite\",\"@id\":\"https:\\\/\\\/amrtop.net\\\/#website\",\"url\":\"https:\\\/\\\/amrtop.net\\\/\",\"name\":\"AMRTOP B2B \u00c9tranger - Achats r\u00e9serv\u00e9s au professionnel\",\"description\":\"Pi\u00e8ces de rechange et accessoires pour po\u00eales et chaudi\u00e8res - eCommerce B2B pour Clients Professionnels\",\"potentialAction\":[{\"@type\":\"SearchAction\",\"target\":{\"@type\":\"EntryPoint\",\"urlTemplate\":\"https:\\\/\\\/amrtop.net\\\/?s={search_term_string}\"},\"query-input\":{\"@type\":\"PropertyValueSpecification\",\"valueRequired\":true,\"valueName\":\"search_term_string\"}}],\"inLanguage\":\"es\"}]}<\/script>\n<!-- \/ Yoast SEO plugin. -->","yoast_head_json":{"title":"Motor\u00e9ducteur synchrone IPC 1 rpm Code GMF210D901 Arbre 9.5","description":"Motor\u00e9ducteur synchrone IPC 1 rpm Code GMF210D901 Arbre \u00f8 9.5 mm-Motor\u00e9ducteur Ipc pour coclea po\u00eale \u00e0 granul\u00e9s d\u2019arbre 9.5-Motor\u00e9ducteur Ipc pour po\u00eales","robots":{"index":"index","follow":"follow","max-snippet":"max-snippet:-1","max-image-preview":"max-image-preview:large","max-video-preview":"max-video-preview:-1"},"canonical":"https:\/\/amrtop.net\/es\/producto\/motoreducteur-synchrone-ipc-1-rpm-code-gmf210d901-arbre-o-95-mm\/","og_locale":"es_ES","og_type":"article","og_title":"Motor\u00e9ducteur synchrone IPC 1 rpm Code GMF210D901 Arbre 9.5","og_description":"Motor\u00e9ducteur synchrone IPC 1 rpm Code GMF210D901 Arbre \u00f8 9.5 mm-Motor\u00e9ducteur Ipc pour coclea po\u00eale \u00e0 granul\u00e9s d\u2019arbre 9.5-Motor\u00e9ducteur Ipc pour po\u00eales","og_url":"https:\/\/amrtop.net\/es\/producto\/motoreducteur-synchrone-ipc-1-rpm-code-gmf210d901-arbre-o-95-mm\/","og_site_name":"AMRTOP B2B \u00c9tranger - Achats r\u00e9serv\u00e9s au professionnel","article_modified_time":"2023-06-05T14:23:10+00:00","og_image":[{"width":960,"height":960,"url":"https:\/\/amrtop.net\/wp-content\/uploads\/2022\/07\/GMF210D901.jpg","type":"image\/jpeg"}],"twitter_card":"summary_large_image","twitter_misc":{"Tiempo de lectura":"1 minuto"},"schema":{"@context":"https:\/\/schema.org","@graph":[{"@type":"WebPage","@id":"https:\/\/amrtop.net\/produit\/motoreducteur-synchrone-ipc-1-rpm-code-gmf210d901-arbre-o-95-mm\/","url":"https:\/\/amrtop.net\/produit\/motoreducteur-synchrone-ipc-1-rpm-code-gmf210d901-arbre-o-95-mm\/","name":"Motor\u00e9ducteur synchrone IPC 1 rpm Code GMF210D901 Arbre 9.5","isPartOf":{"@id":"https:\/\/amrtop.net\/#website"},"primaryImageOfPage":{"@id":"https:\/\/amrtop.net\/produit\/motoreducteur-synchrone-ipc-1-rpm-code-gmf210d901-arbre-o-95-mm\/#primaryimage"},"image":{"@id":"https:\/\/amrtop.net\/produit\/motoreducteur-synchrone-ipc-1-rpm-code-gmf210d901-arbre-o-95-mm\/#primaryimage"},"thumbnailUrl":"https:\/\/amrtop.net\/wp-content\/uploads\/2022\/07\/GMF210D901.jpg","datePublished":"2020-10-01T00:00:00+00:00","dateModified":"2023-06-05T14:23:10+00:00","description":"Motor\u00e9ducteur synchrone IPC 1 rpm Code GMF210D901 Arbre \u00f8 9.5 mm-Motor\u00e9ducteur Ipc pour coclea po\u00eale \u00e0 granul\u00e9s d\u2019arbre 9.5-Motor\u00e9ducteur Ipc pour po\u00eales","breadcrumb":{"@id":"https:\/\/amrtop.net\/produit\/motoreducteur-synchrone-ipc-1-rpm-code-gmf210d901-arbre-o-95-mm\/#breadcrumb"},"inLanguage":"es","potentialAction":[{"@type":"ReadAction","target":["https:\/\/amrtop.net\/produit\/motoreducteur-synchrone-ipc-1-rpm-code-gmf210d901-arbre-o-95-mm\/"]}]},{"@type":"ImageObject","inLanguage":"es","@id":"https:\/\/amrtop.net\/produit\/motoreducteur-synchrone-ipc-1-rpm-code-gmf210d901-arbre-o-95-mm\/#primaryimage","url":"https:\/\/amrtop.net\/wp-content\/uploads\/2022\/07\/GMF210D901.jpg","contentUrl":"https:\/\/amrtop.net\/wp-content\/uploads\/2022\/07\/GMF210D901.jpg","width":960,"height":960,"caption":"Motoriduttore sincrono Ipc 1 rpm albero \u00f8 9.5"},{"@type":"BreadcrumbList","@id":"https:\/\/amrtop.net\/produit\/motoreducteur-synchrone-ipc-1-rpm-code-gmf210d901-arbre-o-95-mm\/#breadcrumb","itemListElement":[{"@type":"ListItem","position":1,"name":"Home","item":"https:\/\/amrtop.net\/"},{"@type":"ListItem","position":2,"name":"Shop","item":"https:\/\/amrtop.net\/negozio\/"},{"@type":"ListItem","position":3,"name":"Motor\u00e9ducteur synchrone IPC 1 rpm Code GMF210D901 \u2013 Arbre \u00f8 9,5 mm"}]},{"@type":"WebSite","@id":"https:\/\/amrtop.net\/#website","url":"https:\/\/amrtop.net\/","name":"AMRTOP B2B Abroad - Compras reservadas a los profesionales","description":"Recambios y accesorios para estufas y calderas - Comercio electr\u00f3nico B2B para profesionales","potentialAction":[{"@type":"SearchAction","target":{"@type":"EntryPoint","urlTemplate":"https:\/\/amrtop.net\/?s={search_term_string}"},"query-input":{"@type":"PropertyValueSpecification","valueRequired":true,"valueName":"search_term_string"}}],"inLanguage":"es"}]}},"_links":{"self":[{"href":"https:\/\/amrtop.net\/es\/wp-json\/wp\/v2\/product\/20844","targetHints":{"allow":["GET"]}}],"collection":[{"href":"https:\/\/amrtop.net\/es\/wp-json\/wp\/v2\/product"}],"about":[{"href":"https:\/\/amrtop.net\/es\/wp-json\/wp\/v2\/types\/product"}],"replies":[{"embeddable":true,"href":"https:\/\/amrtop.net\/es\/wp-json\/wp\/v2\/comments?post=20844"}],"wp:featuredmedia":[{"embeddable":true,"href":"https:\/\/amrtop.net\/es\/wp-json\/wp\/v2\/media\/34937"}],"wp:attachment":[{"href":"https:\/\/amrtop.net\/es\/wp-json\/wp\/v2\/media?parent=20844"}],"wp:term":[{"taxonomy":"product_brand","embeddable":true,"href":"https:\/\/amrtop.net\/es\/wp-json\/wp\/v2\/product_brand?post=20844"},{"taxonomy":"product_cat","embeddable":true,"href":"https:\/\/amrtop.net\/es\/wp-json\/wp\/v2\/product_cat?post=20844"},{"taxonomy":"product_tag","embeddable":true,"href":"https:\/\/amrtop.net\/es\/wp-json\/wp\/v2\/product_tag?post=20844"}],"curies":[{"name":"wp","href":"https:\/\/api.w.org\/{rel}","templated":true}]}}