{"id":20865,"date":"2020-10-01T00:00:00","date_gmt":"2020-10-01T00:00:00","guid":{"rendered":"https:\/\/amrtop.com\/B2B\/?post_type=product&#038;p=20865"},"modified":"2023-06-08T08:18:50","modified_gmt":"2023-06-08T08:18:50","slug":"gaine-noire-en-vetrotex-de-4-mm","status":"publish","type":"product","link":"https:\/\/amrtop.net\/es\/produit\/gaine-noire-en-vetrotex-de-4-mm\/","title":{"rendered":"Gaine en vetrotex noir \u00f8 4 mm &#8211; Code VTX004"},"content":{"rendered":"<h3>Gaine noire en vetrotex de 4 mm<\/h3>\n<p>Adem\u00e1s de placas electr\u00f3nicas, pantallas y muchos otros componentes electr\u00f3nicos, Amrtop ofrece toda una gama de accesorios.<\/p>\n<p>Conectores para placas de circuito impreso con paso de 3,81 mm, 5,08 mm, 7,5 mm, con conexi\u00f3n por tornillo, de 2 a 10 polos para placas electr\u00f3nicas Micronova, Duepi, Ceza y Tiemme.<\/p>\n<p>Tubos termorretr\u00e1ctiles con di\u00e1metros de 3,2 mm a 9,4 mm<\/p>\n<p>Tubos Vetrotex con di\u00e1metros de 4 mm a 8 mm<\/p>\n<p>Vaina de vidrio-silicona con di\u00e1metros de 4 mm a 8 mm<\/p>\n<p>Cables planos de 10 a 16 polos en varias longitudes<\/p>\n<p>Cable el\u00e9ctrico unipolar de vetrotex y silicona con secci\u00f3n transversal de 1,5 a 2,5<\/p>\n<p>Schuko negro y cable de alimentaci\u00f3n italiano<\/p>\n<p>Descripci\u00f3n:<br \/>\nEl bloque de terminales de la serie VTT combina un tama\u00f1o reducido con una generosa capacidad de conexi\u00f3n de 1,5 mm\u00b2 (16 AWG) y, por tanto, un alcance de<br \/>\ncorriente que alcanza los 17,5 A certificados.<br \/>\nEst\u00e1 disponible con pasos m\u00e9tricos de 3,5 mm (.138 in) y 7 mm (.275 in) y anglosajones de 3,81 mm (.100 in) y 7,62 mm (.300 in), sobre una base monol\u00edtica para obtener cualquier n\u00famero de canales sin p\u00e9rdida de paso;<\/p>\n<p>Aprovechando esta funci\u00f3n, es posible gestionar el almacenamiento<br \/>\nn\u00famero m\u00ednimo de bloques de terminales b\u00e1sicos.<\/p>\n<h3>Utilisation de la gaine noire en vetrotex de 4 mm<\/h3>\n<p>Los componentes electr\u00f3nicos instalados generalmente en las estufas y calderas de pellets sirven para gestionar la combusti\u00f3n, ofreciendo la posibilidad de regular el calor generado por el aparato.<\/p>\n<h3><strong>Interior<\/strong><\/h3>\n<p><a href=\"https:\/\/wekos.it\/\">Estufas, cocinas y cocinas de le\u00f1a<\/a>\u00a0-\u00a0<a href=\"https:\/\/www.greenpuros.com\/\">chimeneas, estufas y calderas de pellets.<\/a><\/p>\n<h3><strong>Gama Amrtop de recambios y accesorios<\/strong><\/h3>\n<p><a href=\"https:\/\/amrtop.net\/es\/categoria-de-productos\/recambios-miscelaneos-cocinas-y-calderas-2\/bougies-dallumage-pour-poeles-et-chaudieres-a-pellets\/\">Calentadores<\/a><\/p>\n<p><a href=\"https:\/\/amrtop.net\/es\/categoria-de-productos\/recambios-miscelaneos-cocinas-y-calderas-2\/electronique\/\">Electr\u00f3nica<\/a><\/p>\n<p><a href=\"https:\/\/amrtop.net\/es\/categoria-de-productos\/recambios-miscelaneos-cocinas-y-calderas-2\/extracteurs-de-fumee\/\">Extractores de humo<\/a><\/p>\n<p><a href=\"https:\/\/amrtop.net\/es\/categoria-de-productos\/recambios-miscelaneos-cocinas-y-calderas-2\/gaines-cable-connecteurs\/\">Fundas de cables de conexi\u00f3n<\/a><\/p>\n<p><a href=\"https:\/\/amrtop.net\/es\/categoria-de-productos\/recambios-miscelaneos-cocinas-y-calderas-2\/joints-de-silicone\/\">Juntas de silicona<\/a><\/p>\n<p><a href=\"https:\/\/amrtop.net\/es\/categoria-de-productos\/recambios-miscelaneos-cocinas-y-calderas-2\/motoreducteurs\/\">Motorreductores<\/a><\/p>\n<p><a href=\"https:\/\/amrtop.net\/es\/categoria-de-productos\/recambios-miscelaneos-cocinas-y-calderas-2\/pressostats-et-transducteurs\/\">Presostatos y transductores<\/a><\/p>\n<p><a href=\"https:\/\/amrtop.net\/es\/categoria-de-productos\/recambios-miscelaneos-cocinas-y-calderas-2\/sondes-thermostats-manometres-thermometres\/\">Sondas termostatos man\u00f3metros term\u00f3metros<\/a><\/p>\n<p><a href=\"https:\/\/amrtop.net\/es\/categoria-de-productos\/recambios-miscelaneos-cocinas-y-calderas-2\/joints-detancheite\/\">Sellado de trenzas<\/a><\/p>\n<p><a href=\"https:\/\/amrtop.net\/es\/categoria-de-productos\/recambios-miscelaneos-cocinas-y-calderas-2\/ventilateurs-centrifuges-pour-poeles-a-pellets\/\">Ventiladores centr\u00edfugos<\/a><\/p>\n<p><a href=\"https:\/\/amrtop.net\/es\/categoria-de-productos\/recambios-miscelaneos-cocinas-y-calderas-2\/ventilateurs-tangentiels-flux-transversal\/\">Ventiladores de flujo cruzado<\/a><\/p>\n<p><a href=\"https:\/\/amrtop.net\/es\/categoria-de-productos\/recambios-miscelaneos-cocinas-y-calderas-2\/adhesifs-et-produits-detancheite\/\">Colas y selladores<\/a><\/p>","protected":false},"excerpt":{"rendered":"<hr \/>\n<h2><span style=\"color: #008000\">Disponible en<\/span><\/h2>\n<hr \/>\n<h3>Gaine noire en vetrotex de 4 mm<\/h3>\n<p>Code VTX004<br \/>\nGaine en vetrotex<br \/>\nColor: negro<br \/>\nDiam\u00e8tre : \u00f8 4 mm<br \/>\nR\u00e9sistance \u00e0 la temp\u00e9rature\u00a0: Max 250 \u00b0C<br \/>\nEmbalaje : Bobina de 10 metros<\/p>","protected":false},"featured_media":34220,"comment_status":"open","ping_status":"closed","template":"","meta":[],"product_brand":[],"product_cat":[1413,1412,1415],"product_tag":[],"class_list":{"0":"post-20865","1":"product","2":"type-product","3":"status-publish","4":"has-post-thumbnail","6":"product_cat-gaines-en-vetrotex-et-thermoretractables","7":"product_cat-gaines-cable-connecteurs","8":"product_cat-gaines-en-vetrotex","9":"product_shipping_class-classe-di-spedizione-01","11":"first","12":"instock","13":"shipping-taxable","14":"purchasable","15":"product-type-simple"},"yoast_head":"<!-- This site is optimized with the Yoast SEO plugin v27.5 - https:\/\/yoast.com\/product\/yoast-seo-wordpress\/ -->\n<title>Gaine noire en vetrotex de 4 mm<\/title>\n<meta name=\"description\" content=\"Gaine r\u00e9tractable pour po\u00eale et chaudi\u00e8re \u00e0 pellets - Gaine en Vetrotex pour po\u00eale et chaudi\u00e8re \u00e0 pellets - C\u00e2ble plat pour po\u00eale et chaudi\u00e8re \u00e0 pellets - C\u00e2ble \u00e9lectrique unipolaire en vetrotex et silicone pour po\u00eale et chaudi\u00e8re \u00e0 pellets - C\u00e2ble d\u2019alimentation noir type schuko et italien\" \/>\n<meta name=\"robots\" content=\"index, follow, max-snippet:-1, max-image-preview:large, max-video-preview:-1\" \/>\n<link rel=\"canonical\" href=\"https:\/\/amrtop.net\/es\/producto\/gaine-noire-en-vetrotex-de-4-mm\/\" \/>\n<meta property=\"og:locale\" content=\"es_ES\" \/>\n<meta property=\"og:type\" content=\"article\" \/>\n<meta property=\"og:title\" content=\"Gaine noire en vetrotex de 4 mm\" \/>\n<meta property=\"og:description\" content=\"Gaine r\u00e9tractable pour po\u00eale et chaudi\u00e8re \u00e0 pellets - Gaine en Vetrotex pour po\u00eale et chaudi\u00e8re \u00e0 pellets - C\u00e2ble plat pour po\u00eale et chaudi\u00e8re \u00e0 pellets - C\u00e2ble \u00e9lectrique unipolaire en vetrotex et silicone pour po\u00eale et chaudi\u00e8re \u00e0 pellets - C\u00e2ble d\u2019alimentation noir type schuko et italien\" \/>\n<meta property=\"og:url\" content=\"https:\/\/amrtop.net\/es\/producto\/gaine-noire-en-vetrotex-de-4-mm\/\" \/>\n<meta property=\"og:site_name\" content=\"AMRTOP B2B \u00c9tranger - Achats r\u00e9serv\u00e9s au professionnel\" \/>\n<meta property=\"article:modified_time\" content=\"2023-06-08T08:18:50+00:00\" \/>\n<meta property=\"og:image\" content=\"https:\/\/amrtop.net\/wp-content\/uploads\/2022\/06\/VTX004.jpg\" \/>\n\t<meta property=\"og:image:width\" content=\"640\" \/>\n\t<meta property=\"og:image:height\" content=\"640\" \/>\n\t<meta property=\"og:image:type\" content=\"image\/jpeg\" \/>\n<meta name=\"twitter:card\" content=\"summary_large_image\" \/>\n<meta name=\"twitter:label1\" content=\"Tiempo de lectura\" \/>\n\t<meta name=\"twitter:data1\" content=\"1 minuto\" \/>\n<script type=\"application\/ld+json\" class=\"yoast-schema-graph\">{\"@context\":\"https:\\\/\\\/schema.org\",\"@graph\":[{\"@type\":\"WebPage\",\"@id\":\"https:\\\/\\\/amrtop.net\\\/produit\\\/gaine-noire-en-vetrotex-de-4-mm\\\/\",\"url\":\"https:\\\/\\\/amrtop.net\\\/produit\\\/gaine-noire-en-vetrotex-de-4-mm\\\/\",\"name\":\"Gaine noire en vetrotex de 4 mm\",\"isPartOf\":{\"@id\":\"https:\\\/\\\/amrtop.net\\\/#website\"},\"primaryImageOfPage\":{\"@id\":\"https:\\\/\\\/amrtop.net\\\/produit\\\/gaine-noire-en-vetrotex-de-4-mm\\\/#primaryimage\"},\"image\":{\"@id\":\"https:\\\/\\\/amrtop.net\\\/produit\\\/gaine-noire-en-vetrotex-de-4-mm\\\/#primaryimage\"},\"thumbnailUrl\":\"https:\\\/\\\/amrtop.net\\\/wp-content\\\/uploads\\\/2022\\\/06\\\/VTX004.jpg\",\"datePublished\":\"2020-10-01T00:00:00+00:00\",\"dateModified\":\"2023-06-08T08:18:50+00:00\",\"description\":\"Gaine r\u00e9tractable pour po\u00eale et chaudi\u00e8re \u00e0 pellets - Gaine en Vetrotex pour po\u00eale et chaudi\u00e8re \u00e0 pellets - C\u00e2ble plat pour po\u00eale et chaudi\u00e8re \u00e0 pellets - C\u00e2ble \u00e9lectrique unipolaire en vetrotex et silicone pour po\u00eale et chaudi\u00e8re \u00e0 pellets - C\u00e2ble d\u2019alimentation noir type schuko et italien\",\"breadcrumb\":{\"@id\":\"https:\\\/\\\/amrtop.net\\\/produit\\\/gaine-noire-en-vetrotex-de-4-mm\\\/#breadcrumb\"},\"inLanguage\":\"es\",\"potentialAction\":[{\"@type\":\"ReadAction\",\"target\":[\"https:\\\/\\\/amrtop.net\\\/produit\\\/gaine-noire-en-vetrotex-de-4-mm\\\/\"]}]},{\"@type\":\"ImageObject\",\"inLanguage\":\"es\",\"@id\":\"https:\\\/\\\/amrtop.net\\\/produit\\\/gaine-noire-en-vetrotex-de-4-mm\\\/#primaryimage\",\"url\":\"https:\\\/\\\/amrtop.net\\\/wp-content\\\/uploads\\\/2022\\\/06\\\/VTX004.jpg\",\"contentUrl\":\"https:\\\/\\\/amrtop.net\\\/wp-content\\\/uploads\\\/2022\\\/06\\\/VTX004.jpg\",\"width\":640,\"height\":640,\"caption\":\"Gaine r\u00e9tractable pour po\u00eale et chaudi\u00e8re \u00e0 pellets - Gaine en Vetrotex pour po\u00eale et chaudi\u00e8re \u00e0 pellets - C\u00e2ble plat pour po\u00eale et chaudi\u00e8re \u00e0 pellets - C\u00e2ble \u00e9lectrique unipolaire en vetrotex et silicone pour po\u00eale et chaudi\u00e8re \u00e0 pellets - C\u00e2ble d\u2019alimentation noir type schuko et italien\"},{\"@type\":\"BreadcrumbList\",\"@id\":\"https:\\\/\\\/amrtop.net\\\/produit\\\/gaine-noire-en-vetrotex-de-4-mm\\\/#breadcrumb\",\"itemListElement\":[{\"@type\":\"ListItem\",\"position\":1,\"name\":\"Home\",\"item\":\"https:\\\/\\\/amrtop.net\\\/\"},{\"@type\":\"ListItem\",\"position\":2,\"name\":\"Shop\",\"item\":\"https:\\\/\\\/amrtop.net\\\/negozio\\\/\"},{\"@type\":\"ListItem\",\"position\":3,\"name\":\"Gaine en vetrotex noir \u00f8 4 mm &#8211; Code VTX004\"}]},{\"@type\":\"WebSite\",\"@id\":\"https:\\\/\\\/amrtop.net\\\/#website\",\"url\":\"https:\\\/\\\/amrtop.net\\\/\",\"name\":\"AMRTOP B2B \u00c9tranger - Achats r\u00e9serv\u00e9s au professionnel\",\"description\":\"Pi\u00e8ces de rechange et accessoires pour po\u00eales et chaudi\u00e8res - eCommerce B2B pour Clients Professionnels\",\"potentialAction\":[{\"@type\":\"SearchAction\",\"target\":{\"@type\":\"EntryPoint\",\"urlTemplate\":\"https:\\\/\\\/amrtop.net\\\/?s={search_term_string}\"},\"query-input\":{\"@type\":\"PropertyValueSpecification\",\"valueRequired\":true,\"valueName\":\"search_term_string\"}}],\"inLanguage\":\"es\"}]}<\/script>\n<!-- \/ Yoast SEO plugin. -->","yoast_head_json":{"title":"Gaine noire en vetrotex de 4 mm","description":"Funda retr\u00e1ctil para estufa de pellets y caldera de pellets - Funda de vetrotex para estufa de pellets y caldera de pellets - Cable plano para estufa de pellets y caldera de pellets - Cable de alimentaci\u00f3n unipolar de vetrotex y silicona para estufa de pellets y caldera de pellets - Cable de alimentaci\u00f3n schuko negro e italiano","robots":{"index":"index","follow":"follow","max-snippet":"max-snippet:-1","max-image-preview":"max-image-preview:large","max-video-preview":"max-video-preview:-1"},"canonical":"https:\/\/amrtop.net\/es\/producto\/gaine-noire-en-vetrotex-de-4-mm\/","og_locale":"es_ES","og_type":"article","og_title":"Gaine noire en vetrotex de 4 mm","og_description":"Gaine r\u00e9tractable pour po\u00eale et chaudi\u00e8re \u00e0 pellets - Gaine en Vetrotex pour po\u00eale et chaudi\u00e8re \u00e0 pellets - C\u00e2ble plat pour po\u00eale et chaudi\u00e8re \u00e0 pellets - C\u00e2ble \u00e9lectrique unipolaire en vetrotex et silicone pour po\u00eale et chaudi\u00e8re \u00e0 pellets - C\u00e2ble d\u2019alimentation noir type schuko et italien","og_url":"https:\/\/amrtop.net\/es\/producto\/gaine-noire-en-vetrotex-de-4-mm\/","og_site_name":"AMRTOP B2B \u00c9tranger - Achats r\u00e9serv\u00e9s au professionnel","article_modified_time":"2023-06-08T08:18:50+00:00","og_image":[{"width":640,"height":640,"url":"https:\/\/amrtop.net\/wp-content\/uploads\/2022\/06\/VTX004.jpg","type":"image\/jpeg"}],"twitter_card":"summary_large_image","twitter_misc":{"Tiempo de lectura":"1 minuto"},"schema":{"@context":"https:\/\/schema.org","@graph":[{"@type":"WebPage","@id":"https:\/\/amrtop.net\/produit\/gaine-noire-en-vetrotex-de-4-mm\/","url":"https:\/\/amrtop.net\/produit\/gaine-noire-en-vetrotex-de-4-mm\/","name":"Gaine noire en vetrotex de 4 mm","isPartOf":{"@id":"https:\/\/amrtop.net\/#website"},"primaryImageOfPage":{"@id":"https:\/\/amrtop.net\/produit\/gaine-noire-en-vetrotex-de-4-mm\/#primaryimage"},"image":{"@id":"https:\/\/amrtop.net\/produit\/gaine-noire-en-vetrotex-de-4-mm\/#primaryimage"},"thumbnailUrl":"https:\/\/amrtop.net\/wp-content\/uploads\/2022\/06\/VTX004.jpg","datePublished":"2020-10-01T00:00:00+00:00","dateModified":"2023-06-08T08:18:50+00:00","description":"Funda retr\u00e1ctil para estufa de pellets y caldera de pellets - Funda de vetrotex para estufa de pellets y caldera de pellets - Cable plano para estufa de pellets y caldera de pellets - Cable de alimentaci\u00f3n unipolar de vetrotex y silicona para estufa de pellets y caldera de pellets - Cable de alimentaci\u00f3n schuko negro e italiano","breadcrumb":{"@id":"https:\/\/amrtop.net\/produit\/gaine-noire-en-vetrotex-de-4-mm\/#breadcrumb"},"inLanguage":"es","potentialAction":[{"@type":"ReadAction","target":["https:\/\/amrtop.net\/produit\/gaine-noire-en-vetrotex-de-4-mm\/"]}]},{"@type":"ImageObject","inLanguage":"es","@id":"https:\/\/amrtop.net\/produit\/gaine-noire-en-vetrotex-de-4-mm\/#primaryimage","url":"https:\/\/amrtop.net\/wp-content\/uploads\/2022\/06\/VTX004.jpg","contentUrl":"https:\/\/amrtop.net\/wp-content\/uploads\/2022\/06\/VTX004.jpg","width":640,"height":640,"caption":"Gaine r\u00e9tractable pour po\u00eale et chaudi\u00e8re \u00e0 pellets - Gaine en Vetrotex pour po\u00eale et chaudi\u00e8re \u00e0 pellets - C\u00e2ble plat pour po\u00eale et chaudi\u00e8re \u00e0 pellets - C\u00e2ble \u00e9lectrique unipolaire en vetrotex et silicone pour po\u00eale et chaudi\u00e8re \u00e0 pellets - C\u00e2ble d\u2019alimentation noir type schuko et italien"},{"@type":"BreadcrumbList","@id":"https:\/\/amrtop.net\/produit\/gaine-noire-en-vetrotex-de-4-mm\/#breadcrumb","itemListElement":[{"@type":"ListItem","position":1,"name":"Home","item":"https:\/\/amrtop.net\/"},{"@type":"ListItem","position":2,"name":"Shop","item":"https:\/\/amrtop.net\/negozio\/"},{"@type":"ListItem","position":3,"name":"Gaine en vetrotex noir \u00f8 4 mm &#8211; Code VTX004"}]},{"@type":"WebSite","@id":"https:\/\/amrtop.net\/#website","url":"https:\/\/amrtop.net\/","name":"AMRTOP B2B Abroad - Compras reservadas a los profesionales","description":"Recambios y accesorios para estufas y calderas - Comercio electr\u00f3nico B2B para profesionales","potentialAction":[{"@type":"SearchAction","target":{"@type":"EntryPoint","urlTemplate":"https:\/\/amrtop.net\/?s={search_term_string}"},"query-input":{"@type":"PropertyValueSpecification","valueRequired":true,"valueName":"search_term_string"}}],"inLanguage":"es"}]}},"_links":{"self":[{"href":"https:\/\/amrtop.net\/es\/wp-json\/wp\/v2\/product\/20865","targetHints":{"allow":["GET"]}}],"collection":[{"href":"https:\/\/amrtop.net\/es\/wp-json\/wp\/v2\/product"}],"about":[{"href":"https:\/\/amrtop.net\/es\/wp-json\/wp\/v2\/types\/product"}],"replies":[{"embeddable":true,"href":"https:\/\/amrtop.net\/es\/wp-json\/wp\/v2\/comments?post=20865"}],"wp:featuredmedia":[{"embeddable":true,"href":"https:\/\/amrtop.net\/es\/wp-json\/wp\/v2\/media\/34220"}],"wp:attachment":[{"href":"https:\/\/amrtop.net\/es\/wp-json\/wp\/v2\/media?parent=20865"}],"wp:term":[{"taxonomy":"product_brand","embeddable":true,"href":"https:\/\/amrtop.net\/es\/wp-json\/wp\/v2\/product_brand?post=20865"},{"taxonomy":"product_cat","embeddable":true,"href":"https:\/\/amrtop.net\/es\/wp-json\/wp\/v2\/product_cat?post=20865"},{"taxonomy":"product_tag","embeddable":true,"href":"https:\/\/amrtop.net\/es\/wp-json\/wp\/v2\/product_tag?post=20865"}],"curies":[{"name":"wp","href":"https:\/\/api.w.org\/{rel}","templated":true}]}}