{"id":21682,"date":"2020-01-10T00:00:00","date_gmt":"2020-01-10T00:00:00","guid":{"rendered":"https:\/\/amrtop.com\/B2B\/?post_type=product&#038;p=21682"},"modified":"2024-11-26T13:21:37","modified_gmt":"2024-11-26T13:21:37","slug":"bougie-en-quartz-3-8","status":"publish","type":"product","link":"https:\/\/amrtop.net\/es\/produit\/bougie-en-quartz-3-8\/","title":{"rendered":"Bougie en quartz raccord 3\/8 avec prise d&#8217;air \u2013Dimensions \u00e0 quartz 68 x 4 mm \u2013 330 Watt \u2013 longueur totale 104 mm \u2013 Code PS19S"},"content":{"rendered":"<hr \/>\n<h3>Bougie en quartz 3\/8&#8243;<\/h3>\n<p><strong>Amrtop<\/strong>\u00a0offre une vari\u00e9t\u00e9 de bougies de pr\u00e9chauffage en\u00a0<strong>Cristal de quartz noir<\/strong>\u00a0composant pour l\u2019acc\u00e8s rapide \u00e0 la biomasse\u00a0: granul\u00e9s, bois, paille, etc. de diff\u00e9rentes longueurs, avec bride, raccord 3\/8&#8243;et lisse.<\/p>\n<p>Una gran innovaci\u00f3n en el encendido de estufas y calderas de pellets.   El calentador de cristal de cuarzo negro es la nueva generaci\u00f3n para la combusti\u00f3n de pellets y otras biomasas.<\/p>\n<p>Gracias a su encendido r\u00e1pido, reduce el consumo de energ\u00eda: la vela de cristal de cuarzo negro enciende el pellet en s\u00f3lo unos segundos.<\/p>\n<p>Alcanza una temperatura significativamente superior, aproximadamente el doble que los calentadores tradicionales met\u00e1licos y cer\u00e1micos. Alcanza su m\u00e1xima eficiencia en menos de 60 segundos.<\/p>\n<p>Sin mantenimiento. Estructura dura como el diamante, a diferencia de los calentadores cer\u00e1micos tradicionales.<\/p>\n<p>La buj\u00eda de cristal de cuarzo no genera ning\u00fan tipo de problema ni cortocircuito.<\/p>\n<p>Con esta estructura \u00fanica, el aire ambiente se inyecta en el portavelas, pasando de una temperatura de 25\u00baC a 1000\u00baC en cuesti\u00f3n de segundos, lo que aumenta la velocidad de combusti\u00f3n aproximadamente el doble que en el pasado.<\/p>\n<h3>Las ventajas de los calentadores de cuarzo<\/h3>\n<ul>\n<li>En 10 segundos, ha alcanzado m\u00e1s de 1000\u00b0 y la temperatura se mantiene constante.<\/li>\n<li>Fijaci\u00f3n universal de 3\/8 o brida dise\u00f1ada para adaptarse a cualquier caldera o estufa existente<\/li>\n<li>Alta resistencia a la oxidaci\u00f3n y a la corrosi\u00f3n natural o qu\u00edmica.<\/li>\n<li>Madera ligera, serr\u00edn, virutas de madera, carb\u00f3n<\/li>\n<li>Convertible en modelos herm\u00e9ticos o est\u00e1ndar - versiones de 24 V y 240 V (disponible como modelo de cristal de cuarzo negro de 90 vatios de 24 V).<\/li>\n<li>Sin riesgo de cortocircuito. - Las series Vulcano y Nitro son mec\u00e1nicamente dos veces m\u00e1s resistentes a los impactos que la cer\u00e1mica.<\/li>\n<li>Alta resistencia a las cenizas de combusti\u00f3n y al choque t\u00e9rmico<\/li>\n<li>Brida dise\u00f1ada para permitir el paso del aire y reducir el volumen del Cristal de Cuarzo Negro.<\/li>\n<li>Possibilit\u00e9 de connecteurs et de fournir le tube personnalis\u00e9 (Contactez-nous pour plus d\u2019informations).<\/li>\n<li>La vela de cristal de cuarzo negro tiene un elemento de fijaci\u00f3n que permite el paso del aire de combusti\u00f3n tanto para estufas herm\u00e9ticas como tradicionales.<\/li>\n<\/ul>\n<h3>Utilisation de la bougie en quartz 3\/8&#8243;<\/h3>\n<p>Bougie en quartz raccord 3\/8 avec prise d&#8217;air \u2013Dimensions \u00e0 quartz 68 x 4 mm \u2013 330 Watt \u2013 longueur totale 104 mm \u2013 Code PS19S-commercialis\u00e9es par\u00a0<strong>Amrtop<\/strong>\u00a0sert \u00e0 d\u00e9clencher l\u2019allumage de copeaux de bois, troncs divis\u00e9s, briquettes de bois ou autre biomasse, paille, ma\u00efs, etc., par l\u2019air pr\u00e9sent dans les g\u00e9n\u00e9rateurs de chaleur \u00e0 biomasse<\/p>\n<p><strong>Presente en aparatos t\u00edpicos<\/strong>\u00a0Estufa de pellets - Caldera de pellets - Quemador de pellets - Barbacoa\/parrilla de pellets Caldera de biomasa - Quemador de biomasa - Y muchos otros quemadores<\/p>\n<h3><strong>Interior<\/strong><\/h3>\n<p><a href=\"https:\/\/wekos.it\/\">Estufas, cocinas y cocinas de le\u00f1a<\/a>\u00a0-\u00a0<a href=\"https:\/\/www.greenpuros.com\/\">chimeneas, estufas y calderas de pellets.<\/a><\/p>\n<h3><strong>Gama Amrtop de recambios y accesorios<\/strong><\/h3>\n<p><a href=\"https:\/\/amrtop.net\/es\/categoria-de-productos\/recambios-miscelaneos-cocinas-y-calderas-2\/bougies-dallumage-pour-poeles-et-chaudieres-a-pellets\/\">Calentadores<\/a><\/p>\n<p><a href=\"https:\/\/amrtop.net\/es\/categoria-de-productos\/recambios-miscelaneos-cocinas-y-calderas-2\/electronique\/\">Electr\u00f3nica<\/a><\/p>\n<p><a href=\"https:\/\/amrtop.net\/es\/categoria-de-productos\/recambios-miscelaneos-cocinas-y-calderas-2\/extracteurs-de-fumee\/\">Extractores de humo<\/a><\/p>\n<p><a href=\"https:\/\/amrtop.net\/es\/categoria-de-productos\/recambios-miscelaneos-cocinas-y-calderas-2\/gaines-cable-connecteurs\/\">Fundas de cables de conexi\u00f3n<\/a><\/p>\n<p><a href=\"https:\/\/amrtop.net\/es\/categoria-de-productos\/recambios-miscelaneos-cocinas-y-calderas-2\/joints-de-silicone\/\">Juntas de silicona<\/a><\/p>\n<p><a href=\"https:\/\/amrtop.net\/es\/categoria-de-productos\/recambios-miscelaneos-cocinas-y-calderas-2\/motoreducteurs\/\">Motorreductores<\/a><\/p>\n<p><a href=\"https:\/\/amrtop.net\/es\/categoria-de-productos\/recambios-miscelaneos-cocinas-y-calderas-2\/pressostats-et-transducteurs\/\">Presostatos y transductores<\/a><\/p>\n<p><a href=\"https:\/\/amrtop.com\/B2B\/fr\/categorie-produit\/ricambi-vari-stufe-e-caldaie\/sonde-termostati-manometri-termometri\/\">Sondas termostatos man\u00f3metros term\u00f3metros<\/a><\/p>\n<p><a href=\"https:\/\/amrtop.net\/es\/categoria-de-productos\/recambios-miscelaneos-cocinas-y-calderas-2\/joints-detancheite\/\">Sellado de trenzas<\/a><\/p>\n<p><a href=\"https:\/\/amrtop.net\/es\/categoria-de-productos\/recambios-miscelaneos-cocinas-y-calderas-2\/ventilateurs-centrifuges-pour-poeles-a-pellets\/\">Ventiladores centr\u00edfugos<\/a><\/p>\n<p><a href=\"https:\/\/amrtop.net\/es\/categoria-de-productos\/recambios-miscelaneos-cocinas-y-calderas-2\/ventilateurs-tangentiels-flux-transversal\/\">Ventiladores de flujo cruzado<\/a><\/p>\n<p><a href=\"https:\/\/amrtop.net\/es\/categoria-de-productos\/recambios-miscelaneos-cocinas-y-calderas-2\/adhesifs-et-produits-detancheite\/\">Colas y selladores<\/a><\/p>\n<p>&nbsp;<\/p>","protected":false},"excerpt":{"rendered":"<hr \/>\n<h2>Disponible en<\/h2>\n<hr \/>\n<h3>Buj\u00eda de cuarzo, conexi\u00f3n de 3\/8\u2033 con toma de aire.<\/h3>\n<p>Code PS19S<\/p>\n<p>Dimensions quartz\u00a0: 68 x 4 mm<br \/>\nLongueur totale\u00a0: 104 mm<br \/>\nLongueur sous-\u00e9crou\u00a0: 79 mm<br \/>\nPotencia: 330 W<br \/>\nLongitud del cable: 350 mm<\/p>","protected":false},"featured_media":34647,"comment_status":"open","ping_status":"closed","template":"","meta":[],"product_brand":[],"product_cat":[1289,840,839],"product_tag":[],"class_list":{"0":"post-21682","1":"product","2":"type-product","3":"status-publish","4":"has-post-thumbnail","6":"product_cat-bougie-en-quartz-raccord-3-8-avec-prise-dair","7":"product_cat-bougies-dallumage-pour-poeles-et-chaudieres-a-pellets","8":"product_cat-pieces-de-rechange-divers-poeles-et-chaudieres","9":"product_shipping_class-classe-di-spedizione-01","11":"first","12":"instock","13":"shipping-taxable","14":"purchasable","15":"product-type-simple"},"yoast_head":"<!-- This site is optimized with the Yoast SEO plugin v27.4 - https:\/\/yoast.com\/product\/yoast-seo-wordpress\/ -->\n<title>Bougie en quartz 3\/8&quot;<\/title>\n<meta name=\"description\" content=\"Bougie en quartz 3\/8&quot; - r\u00e9sistance \u00e0 l\u2019allumage en quartz - cartouche d\u2019allumage en quartz pour po\u00eales, radiateurs, inserts et chaudi\u00e8res \u00e0 granul\u00e9s\" \/>\n<meta name=\"robots\" content=\"index, follow, max-snippet:-1, max-image-preview:large, max-video-preview:-1\" \/>\n<link rel=\"canonical\" href=\"https:\/\/amrtop.net\/es\/producto\/bougie-en-quartz-3-8\/\" \/>\n<meta property=\"og:locale\" content=\"es_ES\" \/>\n<meta property=\"og:type\" content=\"article\" \/>\n<meta property=\"og:title\" content=\"Bougie en quartz 3\/8&quot;\" \/>\n<meta property=\"og:description\" content=\"Bougie en quartz 3\/8&quot; - r\u00e9sistance \u00e0 l\u2019allumage en quartz - cartouche d\u2019allumage en quartz pour po\u00eales, radiateurs, inserts et chaudi\u00e8res \u00e0 granul\u00e9s\" \/>\n<meta property=\"og:url\" content=\"https:\/\/amrtop.net\/es\/producto\/bougie-en-quartz-3-8\/\" \/>\n<meta property=\"og:site_name\" content=\"AMRTOP B2B \u00c9tranger - Achats r\u00e9serv\u00e9s au professionnel\" \/>\n<meta property=\"article:modified_time\" content=\"2024-11-26T13:21:37+00:00\" \/>\n<meta property=\"og:image\" content=\"https:\/\/amrtop.net\/wp-content\/uploads\/2020\/01\/ps19s.jpg\" \/>\n\t<meta property=\"og:image:width\" content=\"960\" \/>\n\t<meta property=\"og:image:height\" content=\"960\" \/>\n\t<meta property=\"og:image:type\" content=\"image\/jpeg\" \/>\n<meta name=\"twitter:card\" content=\"summary_large_image\" \/>\n<meta name=\"twitter:label1\" content=\"Tiempo de lectura\" \/>\n\t<meta name=\"twitter:data1\" content=\"3 minutos\" \/>\n<script type=\"application\/ld+json\" class=\"yoast-schema-graph\">{\"@context\":\"https:\\\/\\\/schema.org\",\"@graph\":[{\"@type\":\"WebPage\",\"@id\":\"https:\\\/\\\/amrtop.net\\\/produit\\\/bougie-en-quartz-3-8\\\/\",\"url\":\"https:\\\/\\\/amrtop.net\\\/produit\\\/bougie-en-quartz-3-8\\\/\",\"name\":\"Bougie en quartz 3\\\/8\\\"\",\"isPartOf\":{\"@id\":\"https:\\\/\\\/amrtop.net\\\/#website\"},\"primaryImageOfPage\":{\"@id\":\"https:\\\/\\\/amrtop.net\\\/produit\\\/bougie-en-quartz-3-8\\\/#primaryimage\"},\"image\":{\"@id\":\"https:\\\/\\\/amrtop.net\\\/produit\\\/bougie-en-quartz-3-8\\\/#primaryimage\"},\"thumbnailUrl\":\"https:\\\/\\\/amrtop.net\\\/wp-content\\\/uploads\\\/2020\\\/01\\\/ps19s.jpg\",\"datePublished\":\"2020-01-10T00:00:00+00:00\",\"dateModified\":\"2024-11-26T13:21:37+00:00\",\"description\":\"Bougie en quartz 3\\\/8\\\" - r\u00e9sistance \u00e0 l\u2019allumage en quartz - cartouche d\u2019allumage en quartz pour po\u00eales, radiateurs, inserts et chaudi\u00e8res \u00e0 granul\u00e9s\",\"breadcrumb\":{\"@id\":\"https:\\\/\\\/amrtop.net\\\/produit\\\/bougie-en-quartz-3-8\\\/#breadcrumb\"},\"inLanguage\":\"es\",\"potentialAction\":[{\"@type\":\"ReadAction\",\"target\":[\"https:\\\/\\\/amrtop.net\\\/produit\\\/bougie-en-quartz-3-8\\\/\"]}]},{\"@type\":\"ImageObject\",\"inLanguage\":\"es\",\"@id\":\"https:\\\/\\\/amrtop.net\\\/produit\\\/bougie-en-quartz-3-8\\\/#primaryimage\",\"url\":\"https:\\\/\\\/amrtop.net\\\/wp-content\\\/uploads\\\/2020\\\/01\\\/ps19s.jpg\",\"contentUrl\":\"https:\\\/\\\/amrtop.net\\\/wp-content\\\/uploads\\\/2020\\\/01\\\/ps19s.jpg\",\"width\":960,\"height\":960,\"caption\":\"Bougie en quartz 3\\\/8\\\" - r\u00e9sistance \u00e0 l\u2019allumage en quartz - cartouche d\u2019allumage en quartz pour po\u00eales, radiateurs, inserts et chaudi\u00e8res \u00e0 granul\u00e9s\"},{\"@type\":\"BreadcrumbList\",\"@id\":\"https:\\\/\\\/amrtop.net\\\/produit\\\/bougie-en-quartz-3-8\\\/#breadcrumb\",\"itemListElement\":[{\"@type\":\"ListItem\",\"position\":1,\"name\":\"Home\",\"item\":\"https:\\\/\\\/amrtop.net\\\/\"},{\"@type\":\"ListItem\",\"position\":2,\"name\":\"Shop\",\"item\":\"https:\\\/\\\/amrtop.net\\\/negozio\\\/\"},{\"@type\":\"ListItem\",\"position\":3,\"name\":\"Bougie en quartz raccord 3\\\/8 avec prise d&#8217;air \u2013Dimensions \u00e0 quartz 68 x 4 mm \u2013 330 Watt \u2013 longueur totale 104 mm \u2013 Code PS19S\"}]},{\"@type\":\"WebSite\",\"@id\":\"https:\\\/\\\/amrtop.net\\\/#website\",\"url\":\"https:\\\/\\\/amrtop.net\\\/\",\"name\":\"AMRTOP B2B \u00c9tranger - Achats r\u00e9serv\u00e9s au professionnel\",\"description\":\"Pi\u00e8ces de rechange et accessoires pour po\u00eales et chaudi\u00e8res - eCommerce B2B pour Clients Professionnels\",\"potentialAction\":[{\"@type\":\"SearchAction\",\"target\":{\"@type\":\"EntryPoint\",\"urlTemplate\":\"https:\\\/\\\/amrtop.net\\\/?s={search_term_string}\"},\"query-input\":{\"@type\":\"PropertyValueSpecification\",\"valueRequired\":true,\"valueName\":\"search_term_string\"}}],\"inLanguage\":\"es\"}]}<\/script>\n<!-- \/ Yoast SEO plugin. -->","yoast_head_json":{"title":"Bougie en quartz 3\/8\"","description":"Bougie en quartz 3\/8\" - r\u00e9sistance \u00e0 l\u2019allumage en quartz - cartouche d\u2019allumage en quartz pour po\u00eales, radiateurs, inserts et chaudi\u00e8res \u00e0 granul\u00e9s","robots":{"index":"index","follow":"follow","max-snippet":"max-snippet:-1","max-image-preview":"max-image-preview:large","max-video-preview":"max-video-preview:-1"},"canonical":"https:\/\/amrtop.net\/es\/producto\/bougie-en-quartz-3-8\/","og_locale":"es_ES","og_type":"article","og_title":"Bougie en quartz 3\/8\"","og_description":"Bougie en quartz 3\/8\" - r\u00e9sistance \u00e0 l\u2019allumage en quartz - cartouche d\u2019allumage en quartz pour po\u00eales, radiateurs, inserts et chaudi\u00e8res \u00e0 granul\u00e9s","og_url":"https:\/\/amrtop.net\/es\/producto\/bougie-en-quartz-3-8\/","og_site_name":"AMRTOP B2B \u00c9tranger - Achats r\u00e9serv\u00e9s au professionnel","article_modified_time":"2024-11-26T13:21:37+00:00","og_image":[{"width":960,"height":960,"url":"https:\/\/amrtop.net\/wp-content\/uploads\/2020\/01\/ps19s.jpg","type":"image\/jpeg"}],"twitter_card":"summary_large_image","twitter_misc":{"Tiempo de lectura":"3 minutos"},"schema":{"@context":"https:\/\/schema.org","@graph":[{"@type":"WebPage","@id":"https:\/\/amrtop.net\/produit\/bougie-en-quartz-3-8\/","url":"https:\/\/amrtop.net\/produit\/bougie-en-quartz-3-8\/","name":"Bougie en quartz 3\/8\"","isPartOf":{"@id":"https:\/\/amrtop.net\/#website"},"primaryImageOfPage":{"@id":"https:\/\/amrtop.net\/produit\/bougie-en-quartz-3-8\/#primaryimage"},"image":{"@id":"https:\/\/amrtop.net\/produit\/bougie-en-quartz-3-8\/#primaryimage"},"thumbnailUrl":"https:\/\/amrtop.net\/wp-content\/uploads\/2020\/01\/ps19s.jpg","datePublished":"2020-01-10T00:00:00+00:00","dateModified":"2024-11-26T13:21:37+00:00","description":"Bougie en quartz 3\/8\" - r\u00e9sistance \u00e0 l\u2019allumage en quartz - cartouche d\u2019allumage en quartz pour po\u00eales, radiateurs, inserts et chaudi\u00e8res \u00e0 granul\u00e9s","breadcrumb":{"@id":"https:\/\/amrtop.net\/produit\/bougie-en-quartz-3-8\/#breadcrumb"},"inLanguage":"es","potentialAction":[{"@type":"ReadAction","target":["https:\/\/amrtop.net\/produit\/bougie-en-quartz-3-8\/"]}]},{"@type":"ImageObject","inLanguage":"es","@id":"https:\/\/amrtop.net\/produit\/bougie-en-quartz-3-8\/#primaryimage","url":"https:\/\/amrtop.net\/wp-content\/uploads\/2020\/01\/ps19s.jpg","contentUrl":"https:\/\/amrtop.net\/wp-content\/uploads\/2020\/01\/ps19s.jpg","width":960,"height":960,"caption":"Bougie en quartz 3\/8\" - r\u00e9sistance \u00e0 l\u2019allumage en quartz - cartouche d\u2019allumage en quartz pour po\u00eales, radiateurs, inserts et chaudi\u00e8res \u00e0 granul\u00e9s"},{"@type":"BreadcrumbList","@id":"https:\/\/amrtop.net\/produit\/bougie-en-quartz-3-8\/#breadcrumb","itemListElement":[{"@type":"ListItem","position":1,"name":"Home","item":"https:\/\/amrtop.net\/"},{"@type":"ListItem","position":2,"name":"Shop","item":"https:\/\/amrtop.net\/negozio\/"},{"@type":"ListItem","position":3,"name":"Bougie en quartz raccord 3\/8 avec prise d&#8217;air \u2013Dimensions \u00e0 quartz 68 x 4 mm \u2013 330 Watt \u2013 longueur totale 104 mm \u2013 Code PS19S"}]},{"@type":"WebSite","@id":"https:\/\/amrtop.net\/#website","url":"https:\/\/amrtop.net\/","name":"AMRTOP B2B Abroad - Compras reservadas a los profesionales","description":"Recambios y accesorios para estufas y calderas - Comercio electr\u00f3nico B2B para profesionales","potentialAction":[{"@type":"SearchAction","target":{"@type":"EntryPoint","urlTemplate":"https:\/\/amrtop.net\/?s={search_term_string}"},"query-input":{"@type":"PropertyValueSpecification","valueRequired":true,"valueName":"search_term_string"}}],"inLanguage":"es"}]}},"_links":{"self":[{"href":"https:\/\/amrtop.net\/es\/wp-json\/wp\/v2\/product\/21682","targetHints":{"allow":["GET"]}}],"collection":[{"href":"https:\/\/amrtop.net\/es\/wp-json\/wp\/v2\/product"}],"about":[{"href":"https:\/\/amrtop.net\/es\/wp-json\/wp\/v2\/types\/product"}],"replies":[{"embeddable":true,"href":"https:\/\/amrtop.net\/es\/wp-json\/wp\/v2\/comments?post=21682"}],"wp:featuredmedia":[{"embeddable":true,"href":"https:\/\/amrtop.net\/es\/wp-json\/wp\/v2\/media\/34647"}],"wp:attachment":[{"href":"https:\/\/amrtop.net\/es\/wp-json\/wp\/v2\/media?parent=21682"}],"wp:term":[{"taxonomy":"product_brand","embeddable":true,"href":"https:\/\/amrtop.net\/es\/wp-json\/wp\/v2\/product_brand?post=21682"},{"taxonomy":"product_cat","embeddable":true,"href":"https:\/\/amrtop.net\/es\/wp-json\/wp\/v2\/product_cat?post=21682"},{"taxonomy":"product_tag","embeddable":true,"href":"https:\/\/amrtop.net\/es\/wp-json\/wp\/v2\/product_tag?post=21682"}],"curies":[{"name":"wp","href":"https:\/\/api.w.org\/{rel}","templated":true}]}}