{"id":22031,"date":"2022-03-18T09:14:30","date_gmt":"2022-03-18T09:14:30","guid":{"rendered":"https:\/\/amrtop.com\/B2B\/?post_type=product&#038;p=22031"},"modified":"2023-06-08T12:21:02","modified_gmt":"2023-06-08T12:21:02","slug":"herisson-ramonage-en-acier","status":"publish","type":"product","link":"https:\/\/amrtop.net\/es\/produit\/herisson-ramonage-en-acier\/","title":{"rendered":"Deshollinador de acero"},"content":{"rendered":"<h3>H\u00e9risson de ramonage en acier de 20 mm \u00e0 350 mm<\/h3>\n<hr \/>\n<p>Les H\u00e9rissons de ramonage sont normalement utilis\u00e9s pour le nettoyage des tuyaux et du conduit de fum\u00e9e en t\u00f4le ou en acier.<\/p>\n<p>Les H\u00e9rissons de 20 mm \u00e0 180 mm sont assembl\u00e9es avec du fil d\u2019acier ondul\u00e9 et de 200 mm \u00e0 350 mm en plaque d\u2019acier donc tr\u00e8s agressives sur les incrustations.<\/p>\n<p>Tous les H\u00e9rissons peuvent \u00eatre adapt\u00e9s aux tiges en polypropyl\u00e8ne (code ASP1001) ou \u00e0 la rallonge flexible en ressort en acier (code AFS1001) avec la poign\u00e9e en plastique (code IPP1001).<\/p>\n<p>&nbsp;<\/p>","protected":false},"excerpt":{"rendered":"<h2><span style=\"color: #339966\">Disponible en<\/span><\/h2>","protected":false},"featured_media":34802,"comment_status":"open","ping_status":"closed","template":"","meta":[],"product_brand":[],"product_cat":[1506,1505],"product_tag":[],"class_list":{"0":"post-22031","1":"product","2":"type-product","3":"status-publish","4":"has-post-thumbnail","6":"product_cat-accessoires-bois-et-pellets","7":"product_cat-produits-et-accessoires-fumisterie","9":"first","10":"instock","11":"shipping-taxable","12":"purchasable","13":"product-type-variable"},"yoast_head":"<!-- This site is optimized with the Yoast SEO plugin v27.4 - https:\/\/yoast.com\/product\/yoast-seo-wordpress\/ -->\n<title>H\u00e8risson ramonage en acier<\/title>\n<meta name=\"robots\" content=\"index, follow, max-snippet:-1, max-image-preview:large, max-video-preview:-1\" \/>\n<link rel=\"canonical\" href=\"https:\/\/amrtop.net\/es\/producto\/herisson-ramonage-en-acier\/\" \/>\n<meta property=\"og:locale\" content=\"es_ES\" \/>\n<meta property=\"og:type\" content=\"article\" \/>\n<meta property=\"og:title\" content=\"H\u00e8risson ramonage en acier\" \/>\n<meta property=\"og:description\" content=\"Disponibile\" \/>\n<meta property=\"og:url\" content=\"https:\/\/amrtop.net\/es\/producto\/herisson-ramonage-en-acier\/\" \/>\n<meta property=\"og:site_name\" content=\"AMRTOP B2B \u00c9tranger - Achats r\u00e9serv\u00e9s au professionnel\" \/>\n<meta property=\"article:modified_time\" content=\"2023-06-08T12:21:02+00:00\" \/>\n<meta property=\"og:image\" content=\"https:\/\/amrtop.net\/wp-content\/uploads\/2022\/03\/gruppo-spazzole-dorate.jpg\" \/>\n\t<meta property=\"og:image:width\" content=\"960\" \/>\n\t<meta property=\"og:image:height\" content=\"960\" \/>\n\t<meta property=\"og:image:type\" content=\"image\/jpeg\" \/>\n<meta name=\"twitter:card\" content=\"summary_large_image\" \/>\n<script type=\"application\/ld+json\" class=\"yoast-schema-graph\">{\"@context\":\"https:\\\/\\\/schema.org\",\"@graph\":[{\"@type\":\"WebPage\",\"@id\":\"https:\\\/\\\/amrtop.net\\\/produit\\\/herisson-ramonage-en-acier\\\/\",\"url\":\"https:\\\/\\\/amrtop.net\\\/produit\\\/herisson-ramonage-en-acier\\\/\",\"name\":\"H\u00e8risson ramonage en acier\",\"isPartOf\":{\"@id\":\"https:\\\/\\\/amrtop.net\\\/#website\"},\"primaryImageOfPage\":{\"@id\":\"https:\\\/\\\/amrtop.net\\\/produit\\\/herisson-ramonage-en-acier\\\/#primaryimage\"},\"image\":{\"@id\":\"https:\\\/\\\/amrtop.net\\\/produit\\\/herisson-ramonage-en-acier\\\/#primaryimage\"},\"thumbnailUrl\":\"https:\\\/\\\/amrtop.net\\\/wp-content\\\/uploads\\\/2022\\\/03\\\/gruppo-spazzole-dorate.jpg\",\"datePublished\":\"2022-03-18T09:14:30+00:00\",\"dateModified\":\"2023-06-08T12:21:02+00:00\",\"breadcrumb\":{\"@id\":\"https:\\\/\\\/amrtop.net\\\/produit\\\/herisson-ramonage-en-acier\\\/#breadcrumb\"},\"inLanguage\":\"es\",\"potentialAction\":[{\"@type\":\"ReadAction\",\"target\":[\"https:\\\/\\\/amrtop.net\\\/produit\\\/herisson-ramonage-en-acier\\\/\"]}]},{\"@type\":\"ImageObject\",\"inLanguage\":\"es\",\"@id\":\"https:\\\/\\\/amrtop.net\\\/produit\\\/herisson-ramonage-en-acier\\\/#primaryimage\",\"url\":\"https:\\\/\\\/amrtop.net\\\/wp-content\\\/uploads\\\/2022\\\/03\\\/gruppo-spazzole-dorate.jpg\",\"contentUrl\":\"https:\\\/\\\/amrtop.net\\\/wp-content\\\/uploads\\\/2022\\\/03\\\/gruppo-spazzole-dorate.jpg\",\"width\":960,\"height\":960,\"caption\":\"H\u00e8risson ramonage en acier\"},{\"@type\":\"BreadcrumbList\",\"@id\":\"https:\\\/\\\/amrtop.net\\\/produit\\\/herisson-ramonage-en-acier\\\/#breadcrumb\",\"itemListElement\":[{\"@type\":\"ListItem\",\"position\":1,\"name\":\"Home\",\"item\":\"https:\\\/\\\/amrtop.net\\\/\"},{\"@type\":\"ListItem\",\"position\":2,\"name\":\"Shop\",\"item\":\"https:\\\/\\\/amrtop.net\\\/negozio\\\/\"},{\"@type\":\"ListItem\",\"position\":3,\"name\":\"H\u00e8risson ramonage en acier\"}]},{\"@type\":\"WebSite\",\"@id\":\"https:\\\/\\\/amrtop.net\\\/#website\",\"url\":\"https:\\\/\\\/amrtop.net\\\/\",\"name\":\"AMRTOP B2B \u00c9tranger - Achats r\u00e9serv\u00e9s au professionnel\",\"description\":\"Pi\u00e8ces de rechange et accessoires pour po\u00eales et chaudi\u00e8res - eCommerce B2B pour Clients Professionnels\",\"potentialAction\":[{\"@type\":\"SearchAction\",\"target\":{\"@type\":\"EntryPoint\",\"urlTemplate\":\"https:\\\/\\\/amrtop.net\\\/?s={search_term_string}\"},\"query-input\":{\"@type\":\"PropertyValueSpecification\",\"valueRequired\":true,\"valueName\":\"search_term_string\"}}],\"inLanguage\":\"es\"}]}<\/script>\n<!-- \/ Yoast SEO plugin. -->","yoast_head_json":{"title":"Deshollinador de acero","robots":{"index":"index","follow":"follow","max-snippet":"max-snippet:-1","max-image-preview":"max-image-preview:large","max-video-preview":"max-video-preview:-1"},"canonical":"https:\/\/amrtop.net\/es\/producto\/herisson-ramonage-en-acier\/","og_locale":"es_ES","og_type":"article","og_title":"H\u00e8risson ramonage en acier","og_description":"Disponibile","og_url":"https:\/\/amrtop.net\/es\/producto\/herisson-ramonage-en-acier\/","og_site_name":"AMRTOP B2B \u00c9tranger - Achats r\u00e9serv\u00e9s au professionnel","article_modified_time":"2023-06-08T12:21:02+00:00","og_image":[{"width":960,"height":960,"url":"https:\/\/amrtop.net\/wp-content\/uploads\/2022\/03\/gruppo-spazzole-dorate.jpg","type":"image\/jpeg"}],"twitter_card":"summary_large_image","schema":{"@context":"https:\/\/schema.org","@graph":[{"@type":"WebPage","@id":"https:\/\/amrtop.net\/produit\/herisson-ramonage-en-acier\/","url":"https:\/\/amrtop.net\/produit\/herisson-ramonage-en-acier\/","name":"Deshollinador de acero","isPartOf":{"@id":"https:\/\/amrtop.net\/#website"},"primaryImageOfPage":{"@id":"https:\/\/amrtop.net\/produit\/herisson-ramonage-en-acier\/#primaryimage"},"image":{"@id":"https:\/\/amrtop.net\/produit\/herisson-ramonage-en-acier\/#primaryimage"},"thumbnailUrl":"https:\/\/amrtop.net\/wp-content\/uploads\/2022\/03\/gruppo-spazzole-dorate.jpg","datePublished":"2022-03-18T09:14:30+00:00","dateModified":"2023-06-08T12:21:02+00:00","breadcrumb":{"@id":"https:\/\/amrtop.net\/produit\/herisson-ramonage-en-acier\/#breadcrumb"},"inLanguage":"es","potentialAction":[{"@type":"ReadAction","target":["https:\/\/amrtop.net\/produit\/herisson-ramonage-en-acier\/"]}]},{"@type":"ImageObject","inLanguage":"es","@id":"https:\/\/amrtop.net\/produit\/herisson-ramonage-en-acier\/#primaryimage","url":"https:\/\/amrtop.net\/wp-content\/uploads\/2022\/03\/gruppo-spazzole-dorate.jpg","contentUrl":"https:\/\/amrtop.net\/wp-content\/uploads\/2022\/03\/gruppo-spazzole-dorate.jpg","width":960,"height":960,"caption":"H\u00e8risson ramonage en acier"},{"@type":"BreadcrumbList","@id":"https:\/\/amrtop.net\/produit\/herisson-ramonage-en-acier\/#breadcrumb","itemListElement":[{"@type":"ListItem","position":1,"name":"Home","item":"https:\/\/amrtop.net\/"},{"@type":"ListItem","position":2,"name":"Shop","item":"https:\/\/amrtop.net\/negozio\/"},{"@type":"ListItem","position":3,"name":"H\u00e8risson ramonage en acier"}]},{"@type":"WebSite","@id":"https:\/\/amrtop.net\/#website","url":"https:\/\/amrtop.net\/","name":"AMRTOP B2B Abroad - Compras reservadas a los profesionales","description":"Recambios y accesorios para estufas y calderas - Comercio electr\u00f3nico B2B para profesionales","potentialAction":[{"@type":"SearchAction","target":{"@type":"EntryPoint","urlTemplate":"https:\/\/amrtop.net\/?s={search_term_string}"},"query-input":{"@type":"PropertyValueSpecification","valueRequired":true,"valueName":"search_term_string"}}],"inLanguage":"es"}]}},"_links":{"self":[{"href":"https:\/\/amrtop.net\/es\/wp-json\/wp\/v2\/product\/22031","targetHints":{"allow":["GET"]}}],"collection":[{"href":"https:\/\/amrtop.net\/es\/wp-json\/wp\/v2\/product"}],"about":[{"href":"https:\/\/amrtop.net\/es\/wp-json\/wp\/v2\/types\/product"}],"replies":[{"embeddable":true,"href":"https:\/\/amrtop.net\/es\/wp-json\/wp\/v2\/comments?post=22031"}],"wp:featuredmedia":[{"embeddable":true,"href":"https:\/\/amrtop.net\/es\/wp-json\/wp\/v2\/media\/34802"}],"wp:attachment":[{"href":"https:\/\/amrtop.net\/es\/wp-json\/wp\/v2\/media?parent=22031"}],"wp:term":[{"taxonomy":"product_brand","embeddable":true,"href":"https:\/\/amrtop.net\/es\/wp-json\/wp\/v2\/product_brand?post=22031"},{"taxonomy":"product_cat","embeddable":true,"href":"https:\/\/amrtop.net\/es\/wp-json\/wp\/v2\/product_cat?post=22031"},{"taxonomy":"product_tag","embeddable":true,"href":"https:\/\/amrtop.net\/es\/wp-json\/wp\/v2\/product_tag?post=22031"}],"curies":[{"name":"wp","href":"https:\/\/api.w.org\/{rel}","templated":true}]}}