{"id":22520,"date":"2020-10-01T00:00:00","date_gmt":"2020-10-01T00:00:00","guid":{"rendered":"https:\/\/amrtop.com\/B2B\/?post_type=product&#038;p=22520"},"modified":"2023-06-08T12:45:05","modified_gmt":"2023-06-08T12:45:05","slug":"cepillo-de-mano-de-acero-inoxidable-longitud-260-mm","status":"publish","type":"product","link":"https:\/\/amrtop.net\/es\/produit\/brosse-manuelle-en-acier-inoxydable-longueur-260-mm\/","title":{"rendered":"Cepillo de mano de acero inoxidable, longitud 260 mm C\u00f3digo SPC3010"},"content":{"rendered":"<h3>Cepillo de mano de acero inoxidable, longitud 260 mm<\/h3>\n<p>En Amrtop, suministramos kits profesionales completos para la limpieza de estufas de pellets, chimeneas y calderas.<\/p>\n<p>Llevamos m\u00e1s de 10 a\u00f1os especializados en la venta de chapas y brochas industriales, llevando la calidad de las herramientas y accesorios profesionales a los hogares italianos.<\/p>\n<p>Todos nuestros productos son fabricados y ensamblados en Piamonte, por empresas especializadas en el sector de la fabricaci\u00f3n de humo, para garantizar la alta calidad de la amplia gama disponible.<\/p>\n<ul>\n<li>Art\u00edculos para la limpieza de estufas de pellets y le\u00f1a -<\/li>\n<li>Kit de accesorios completo y f\u00e1cil de usar para la limpieza de chimeneas<\/li>\n<li>Cepillos de mano para la limpieza general de todos los trabajos de bricolaje -<\/li>\n<\/ul>\n<h3>Uso del cepillo de mano de acero inoxidable, longitud 260 mm<\/h3>\n<p>El cepillo con mango de pl\u00e1stico est\u00e1 especialmente dise\u00f1ado para limpiar los braseros de las estufas y calderas de pellets y le\u00f1a.<br \/>\nSu doble uso lo hace muy eficaz y vers\u00e1til en situaciones en las que hay incrustaciones gruesas y dif\u00edciles de eliminar<\/p>\n<h3>Interior<\/h3>\n<p><a href=\"https:\/\/wekos.it\/\">Estufas, cocinas y cocinas de le\u00f1a<\/a>\u00a0-\u00a0<a href=\"https:\/\/www.greenpuros.com\/\">chimeneas, estufas y calderas de pellets.<\/a><\/p>\n<h3>Gama Amrtop de recambios y accesorios<\/h3>\n<p><a href=\"https:\/\/amrtop.net\/es\/categoria-de-productos\/recambios-miscelaneos-cocinas-y-calderas-2\/bougies-dallumage-pour-poeles-et-chaudieres-a-pellets\/\">Calentadores<\/a><\/p>\n<p><a href=\"https:\/\/amrtop.net\/es\/categoria-de-productos\/recambios-miscelaneos-cocinas-y-calderas-2\/electronique\/\">Electr\u00f3nica<\/a><\/p>\n<p><a href=\"https:\/\/amrtop.net\/es\/categoria-de-productos\/recambios-miscelaneos-cocinas-y-calderas-2\/extracteurs-de-fumee\/\">Extractores de humo<\/a><\/p>\n<p><a href=\"https:\/\/amrtop.net\/es\/categoria-de-productos\/recambios-miscelaneos-cocinas-y-calderas-2\/gaines-cable-connecteurs\/\">Fundas de cables de conexi\u00f3n<\/a><\/p>\n<p><a href=\"https:\/\/amrtop.net\/es\/categoria-de-productos\/recambios-miscelaneos-cocinas-y-calderas-2\/joints-de-silicone\/\">Juntas de silicona<\/a><\/p>\n<p><a href=\"https:\/\/amrtop.net\/es\/categoria-de-productos\/recambios-miscelaneos-cocinas-y-calderas-2\/motoreducteurs\/\">Motorreductores<\/a><\/p>\n<p><a href=\"https:\/\/amrtop.net\/es\/categoria-de-productos\/recambios-miscelaneos-cocinas-y-calderas-2\/pressostats-et-transducteurs\/\">Presostatos y transductores<\/a><\/p>\n<p><a href=\"https:\/\/amrtop.net\/es\/categoria-de-productos\/recambios-miscelaneos-cocinas-y-calderas-2\/sondes-thermostats-manometres-thermometres\/\">Sondas termostatos man\u00f3metros term\u00f3metros<\/a><\/p>\n<p><a href=\"https:\/\/amrtop.net\/es\/categoria-de-productos\/recambios-miscelaneos-cocinas-y-calderas-2\/joints-detancheite\/\">Sellado de trenzas<\/a><\/p>\n<p><a href=\"https:\/\/amrtop.net\/es\/categoria-de-productos\/recambios-miscelaneos-cocinas-y-calderas-2\/ventilateurs-centrifuges-pour-poeles-a-pellets\/\">Ventiladores centr\u00edfugos<\/a><\/p>\n<p><a href=\"https:\/\/amrtop.net\/es\/categoria-de-productos\/recambios-miscelaneos-cocinas-y-calderas-2\/ventilateurs-tangentiels-flux-transversal\/\">Ventiladores de flujo cruzado<\/a><\/p>\n<p><a href=\"https:\/\/amrtop.net\/es\/categoria-de-productos\/recambios-miscelaneos-cocinas-y-calderas-2\/adhesifs-et-produits-detancheite\/\">Colas y selladores<\/a><\/p>\n<p>&nbsp;<\/p>","protected":false},"excerpt":{"rendered":"<hr \/>\n<h2><span style=\"color: #008000\">Disponible en<\/span><\/h2>\n<hr \/>\n<h3>Spazzola manuale in acciaio Inox lunghezza 260 mm<\/h3>\n<p>C\u00f3digo SPC3010<\/p>\n<p>Pistola manual de pl\u00e1stico para uso dom\u00e9stico en acr\u00edlico, \u00f3xido, acero inoxidable y nailon<\/p>","protected":false},"featured_media":38470,"comment_status":"open","ping_status":"closed","template":"","meta":[],"product_brand":[],"product_cat":[1507,1505],"product_tag":[],"class_list":{"0":"post-22520","1":"product","2":"type-product","3":"status-publish","4":"has-post-thumbnail","6":"product_cat-accessoires-divers-pour-poeles-et-chaudieres","7":"product_cat-produits-et-accessoires-fumisterie","8":"product_shipping_class-classe-di-spedizione-01","10":"first","11":"instock","12":"shipping-taxable","13":"purchasable","14":"product-type-simple"},"yoast_head":"<!-- This site is optimized with the Yoast SEO plugin v27.4 - https:\/\/yoast.com\/product\/yoast-seo-wordpress\/ -->\n<title>Brosse manuelle en acier inoxydable longueur 260 mm<\/title>\n<meta name=\"description\" content=\"Brosse manuelle en acier inoxydable longueur 260 mm - Article de nettoyage des po\u00eales \u00e0 pellets et \u00e0 bois - Kit complet d\u2019accessoires faciles \u00e0 utiliser pour le nettoyage de la chemin\u00e9e et de la chemin\u00e9e - Brosses de nettoyage g\u00e9n\u00e9rales pour tout travail de DIY -\" \/>\n<meta name=\"robots\" content=\"index, follow, max-snippet:-1, max-image-preview:large, max-video-preview:-1\" \/>\n<link rel=\"canonical\" href=\"https:\/\/amrtop.net\/es\/producto\/cepillo-de-mano-de-acero-inoxidable-longitud-260-mm\/\" \/>\n<meta property=\"og:locale\" content=\"es_ES\" \/>\n<meta property=\"og:type\" content=\"article\" \/>\n<meta property=\"og:title\" content=\"Brosse manuelle en acier inoxydable longueur 260 mm\" \/>\n<meta property=\"og:description\" content=\"Brosse manuelle en acier inoxydable longueur 260 mm - Article de nettoyage des po\u00eales \u00e0 pellets et \u00e0 bois - Kit complet d\u2019accessoires faciles \u00e0 utiliser pour le nettoyage de la chemin\u00e9e et de la chemin\u00e9e - Brosses de nettoyage g\u00e9n\u00e9rales pour tout travail de DIY -\" \/>\n<meta property=\"og:url\" content=\"https:\/\/amrtop.net\/es\/producto\/cepillo-de-mano-de-acero-inoxidable-longitud-260-mm\/\" \/>\n<meta property=\"og:site_name\" content=\"AMRTOP B2B \u00c9tranger - Achats r\u00e9serv\u00e9s au professionnel\" \/>\n<meta property=\"article:modified_time\" content=\"2023-06-08T12:45:05+00:00\" \/>\n<meta property=\"og:image\" content=\"https:\/\/amrtop.net\/wp-content\/uploads\/2023\/06\/spazzole-alluminio-Copia-2.jpg\" \/>\n\t<meta property=\"og:image:width\" content=\"960\" \/>\n\t<meta property=\"og:image:height\" content=\"960\" \/>\n\t<meta property=\"og:image:type\" content=\"image\/jpeg\" \/>\n<meta name=\"twitter:card\" content=\"summary_large_image\" \/>\n<meta name=\"twitter:label1\" content=\"Tiempo de lectura\" \/>\n\t<meta name=\"twitter:data1\" content=\"1 minuto\" \/>\n<script type=\"application\/ld+json\" class=\"yoast-schema-graph\">{\"@context\":\"https:\\\/\\\/schema.org\",\"@graph\":[{\"@type\":\"WebPage\",\"@id\":\"https:\\\/\\\/amrtop.net\\\/produit\\\/brosse-manuelle-en-acier-inoxydable-longueur-260-mm\\\/\",\"url\":\"https:\\\/\\\/amrtop.net\\\/produit\\\/brosse-manuelle-en-acier-inoxydable-longueur-260-mm\\\/\",\"name\":\"Brosse manuelle en acier inoxydable longueur 260 mm\",\"isPartOf\":{\"@id\":\"https:\\\/\\\/amrtop.net\\\/#website\"},\"primaryImageOfPage\":{\"@id\":\"https:\\\/\\\/amrtop.net\\\/produit\\\/brosse-manuelle-en-acier-inoxydable-longueur-260-mm\\\/#primaryimage\"},\"image\":{\"@id\":\"https:\\\/\\\/amrtop.net\\\/produit\\\/brosse-manuelle-en-acier-inoxydable-longueur-260-mm\\\/#primaryimage\"},\"thumbnailUrl\":\"https:\\\/\\\/amrtop.net\\\/wp-content\\\/uploads\\\/2023\\\/06\\\/spazzole-alluminio-Copia-2.jpg\",\"datePublished\":\"2020-10-01T00:00:00+00:00\",\"dateModified\":\"2023-06-08T12:45:05+00:00\",\"description\":\"Brosse manuelle en acier inoxydable longueur 260 mm - Article de nettoyage des po\u00eales \u00e0 pellets et \u00e0 bois - Kit complet d\u2019accessoires faciles \u00e0 utiliser pour le nettoyage de la chemin\u00e9e et de la chemin\u00e9e - Brosses de nettoyage g\u00e9n\u00e9rales pour tout travail de DIY -\",\"breadcrumb\":{\"@id\":\"https:\\\/\\\/amrtop.net\\\/produit\\\/brosse-manuelle-en-acier-inoxydable-longueur-260-mm\\\/#breadcrumb\"},\"inLanguage\":\"es\",\"potentialAction\":[{\"@type\":\"ReadAction\",\"target\":[\"https:\\\/\\\/amrtop.net\\\/produit\\\/brosse-manuelle-en-acier-inoxydable-longueur-260-mm\\\/\"]}]},{\"@type\":\"ImageObject\",\"inLanguage\":\"es\",\"@id\":\"https:\\\/\\\/amrtop.net\\\/produit\\\/brosse-manuelle-en-acier-inoxydable-longueur-260-mm\\\/#primaryimage\",\"url\":\"https:\\\/\\\/amrtop.net\\\/wp-content\\\/uploads\\\/2023\\\/06\\\/spazzole-alluminio-Copia-2.jpg\",\"contentUrl\":\"https:\\\/\\\/amrtop.net\\\/wp-content\\\/uploads\\\/2023\\\/06\\\/spazzole-alluminio-Copia-2.jpg\",\"width\":960,\"height\":960,\"caption\":\"Brosse manuelle en acier inoxydable longueur 260 mm - Article de nettoyage des po\u00eales \u00e0 pellets et \u00e0 bois - Kit complet d\u2019accessoires faciles \u00e0 utiliser pour le nettoyage de la chemin\u00e9e et de la chemin\u00e9e - Brosses de nettoyage g\u00e9n\u00e9rales pour tout travail de DIY -\"},{\"@type\":\"BreadcrumbList\",\"@id\":\"https:\\\/\\\/amrtop.net\\\/produit\\\/brosse-manuelle-en-acier-inoxydable-longueur-260-mm\\\/#breadcrumb\",\"itemListElement\":[{\"@type\":\"ListItem\",\"position\":1,\"name\":\"Home\",\"item\":\"https:\\\/\\\/amrtop.net\\\/\"},{\"@type\":\"ListItem\",\"position\":2,\"name\":\"Shop\",\"item\":\"https:\\\/\\\/amrtop.net\\\/negozio\\\/\"},{\"@type\":\"ListItem\",\"position\":3,\"name\":\"Brosse manuelle en acier inoxydable longueur 260 mm Code SPC3010\"}]},{\"@type\":\"WebSite\",\"@id\":\"https:\\\/\\\/amrtop.net\\\/#website\",\"url\":\"https:\\\/\\\/amrtop.net\\\/\",\"name\":\"AMRTOP B2B \u00c9tranger - Achats r\u00e9serv\u00e9s au professionnel\",\"description\":\"Pi\u00e8ces de rechange et accessoires pour po\u00eales et chaudi\u00e8res - eCommerce B2B pour Clients Professionnels\",\"potentialAction\":[{\"@type\":\"SearchAction\",\"target\":{\"@type\":\"EntryPoint\",\"urlTemplate\":\"https:\\\/\\\/amrtop.net\\\/?s={search_term_string}\"},\"query-input\":{\"@type\":\"PropertyValueSpecification\",\"valueRequired\":true,\"valueName\":\"search_term_string\"}}],\"inLanguage\":\"es\"}]}<\/script>\n<!-- \/ Yoast SEO plugin. -->","yoast_head_json":{"title":"Cepillo de mano de acero inoxidable, longitud 260 mm","description":"Cepillo de mano de acero inoxidable, longitud 260 mm - Art\u00edculo de limpieza para estufas de pellets y de le\u00f1a - Kit completo de accesorios f\u00e1ciles de usar para la limpieza de chimeneas y hogares - Cepillos de limpieza general para todos los trabajos de bricolaje -","robots":{"index":"index","follow":"follow","max-snippet":"max-snippet:-1","max-image-preview":"max-image-preview:large","max-video-preview":"max-video-preview:-1"},"canonical":"https:\/\/amrtop.net\/es\/producto\/cepillo-de-mano-de-acero-inoxidable-longitud-260-mm\/","og_locale":"es_ES","og_type":"article","og_title":"Brosse manuelle en acier inoxydable longueur 260 mm","og_description":"Brosse manuelle en acier inoxydable longueur 260 mm - Article de nettoyage des po\u00eales \u00e0 pellets et \u00e0 bois - Kit complet d\u2019accessoires faciles \u00e0 utiliser pour le nettoyage de la chemin\u00e9e et de la chemin\u00e9e - Brosses de nettoyage g\u00e9n\u00e9rales pour tout travail de DIY -","og_url":"https:\/\/amrtop.net\/es\/producto\/cepillo-de-mano-de-acero-inoxidable-longitud-260-mm\/","og_site_name":"AMRTOP B2B \u00c9tranger - Achats r\u00e9serv\u00e9s au professionnel","article_modified_time":"2023-06-08T12:45:05+00:00","og_image":[{"width":960,"height":960,"url":"https:\/\/amrtop.net\/wp-content\/uploads\/2023\/06\/spazzole-alluminio-Copia-2.jpg","type":"image\/jpeg"}],"twitter_card":"summary_large_image","twitter_misc":{"Tiempo de lectura":"1 minuto"},"schema":{"@context":"https:\/\/schema.org","@graph":[{"@type":"WebPage","@id":"https:\/\/amrtop.net\/produit\/brosse-manuelle-en-acier-inoxydable-longueur-260-mm\/","url":"https:\/\/amrtop.net\/produit\/brosse-manuelle-en-acier-inoxydable-longueur-260-mm\/","name":"Cepillo de mano de acero inoxidable, longitud 260 mm","isPartOf":{"@id":"https:\/\/amrtop.net\/#website"},"primaryImageOfPage":{"@id":"https:\/\/amrtop.net\/produit\/brosse-manuelle-en-acier-inoxydable-longueur-260-mm\/#primaryimage"},"image":{"@id":"https:\/\/amrtop.net\/produit\/brosse-manuelle-en-acier-inoxydable-longueur-260-mm\/#primaryimage"},"thumbnailUrl":"https:\/\/amrtop.net\/wp-content\/uploads\/2023\/06\/spazzole-alluminio-Copia-2.jpg","datePublished":"2020-10-01T00:00:00+00:00","dateModified":"2023-06-08T12:45:05+00:00","description":"Cepillo de mano de acero inoxidable, longitud 260 mm - Art\u00edculo de limpieza para estufas de pellets y de le\u00f1a - Kit completo de accesorios f\u00e1ciles de usar para la limpieza de chimeneas y hogares - Cepillos de limpieza general para todos los trabajos de bricolaje -","breadcrumb":{"@id":"https:\/\/amrtop.net\/produit\/brosse-manuelle-en-acier-inoxydable-longueur-260-mm\/#breadcrumb"},"inLanguage":"es","potentialAction":[{"@type":"ReadAction","target":["https:\/\/amrtop.net\/produit\/brosse-manuelle-en-acier-inoxydable-longueur-260-mm\/"]}]},{"@type":"ImageObject","inLanguage":"es","@id":"https:\/\/amrtop.net\/produit\/brosse-manuelle-en-acier-inoxydable-longueur-260-mm\/#primaryimage","url":"https:\/\/amrtop.net\/wp-content\/uploads\/2023\/06\/spazzole-alluminio-Copia-2.jpg","contentUrl":"https:\/\/amrtop.net\/wp-content\/uploads\/2023\/06\/spazzole-alluminio-Copia-2.jpg","width":960,"height":960,"caption":"Brosse manuelle en acier inoxydable longueur 260 mm - Article de nettoyage des po\u00eales \u00e0 pellets et \u00e0 bois - Kit complet d\u2019accessoires faciles \u00e0 utiliser pour le nettoyage de la chemin\u00e9e et de la chemin\u00e9e - Brosses de nettoyage g\u00e9n\u00e9rales pour tout travail de DIY -"},{"@type":"BreadcrumbList","@id":"https:\/\/amrtop.net\/produit\/brosse-manuelle-en-acier-inoxydable-longueur-260-mm\/#breadcrumb","itemListElement":[{"@type":"ListItem","position":1,"name":"Home","item":"https:\/\/amrtop.net\/"},{"@type":"ListItem","position":2,"name":"Shop","item":"https:\/\/amrtop.net\/negozio\/"},{"@type":"ListItem","position":3,"name":"Brosse manuelle en acier inoxydable longueur 260 mm Code SPC3010"}]},{"@type":"WebSite","@id":"https:\/\/amrtop.net\/#website","url":"https:\/\/amrtop.net\/","name":"AMRTOP B2B Abroad - Compras reservadas a los profesionales","description":"Recambios y accesorios para estufas y calderas - Comercio electr\u00f3nico B2B para profesionales","potentialAction":[{"@type":"SearchAction","target":{"@type":"EntryPoint","urlTemplate":"https:\/\/amrtop.net\/?s={search_term_string}"},"query-input":{"@type":"PropertyValueSpecification","valueRequired":true,"valueName":"search_term_string"}}],"inLanguage":"es"}]}},"_links":{"self":[{"href":"https:\/\/amrtop.net\/es\/wp-json\/wp\/v2\/product\/22520","targetHints":{"allow":["GET"]}}],"collection":[{"href":"https:\/\/amrtop.net\/es\/wp-json\/wp\/v2\/product"}],"about":[{"href":"https:\/\/amrtop.net\/es\/wp-json\/wp\/v2\/types\/product"}],"replies":[{"embeddable":true,"href":"https:\/\/amrtop.net\/es\/wp-json\/wp\/v2\/comments?post=22520"}],"wp:featuredmedia":[{"embeddable":true,"href":"https:\/\/amrtop.net\/es\/wp-json\/wp\/v2\/media\/38470"}],"wp:attachment":[{"href":"https:\/\/amrtop.net\/es\/wp-json\/wp\/v2\/media?parent=22520"}],"wp:term":[{"taxonomy":"product_brand","embeddable":true,"href":"https:\/\/amrtop.net\/es\/wp-json\/wp\/v2\/product_brand?post=22520"},{"taxonomy":"product_cat","embeddable":true,"href":"https:\/\/amrtop.net\/es\/wp-json\/wp\/v2\/product_cat?post=22520"},{"taxonomy":"product_tag","embeddable":true,"href":"https:\/\/amrtop.net\/es\/wp-json\/wp\/v2\/product_tag?post=22520"}],"curies":[{"name":"wp","href":"https:\/\/api.w.org\/{rel}","templated":true}]}}