{"id":22548,"date":"2020-01-10T00:00:00","date_gmt":"2020-01-10T00:00:00","guid":{"rendered":"https:\/\/amrtop.com\/B2B\/?post_type=product&#038;p=22548"},"modified":"2023-06-08T09:20:39","modified_gmt":"2023-06-08T09:20:39","slug":"alargador-de-manguera-deshollinadora-con-muelle-de-acero-inoxidable-de-1-metro-codigo-afs1001","status":"publish","type":"product","link":"https:\/\/amrtop.net\/es\/produit\/prolonge-flexible-ramonage-en-ressort-dacier-inox-de-1-metre-code-afs1001\/","title":{"rendered":"Prolongaci\u00f3n de deshollinador flexible de 1 metro en muelle de acero inoxidable C\u00f3digo AFS1001"},"content":{"rendered":"<hr \/>\n<h3>Prolongaci\u00f3n flexible del deshollinador en muelle de acero inoxidable<\/h3>\n<p>C\u00f3digo AFS1001<\/p>\n<p>Se vende a granel<\/p>","protected":false},"excerpt":{"rendered":"<hr \/>\n<h2><span style=\"color: #339966\">Disponible en<\/span><\/h2>","protected":false},"featured_media":23140,"comment_status":"open","ping_status":"closed","template":"","meta":[],"product_brand":[],"product_cat":[1506,1505],"product_tag":[],"class_list":{"0":"post-22548","1":"product","2":"type-product","3":"status-publish","4":"has-post-thumbnail","6":"product_cat-accessoires-bois-et-pellets","7":"product_cat-produits-et-accessoires-fumisterie","8":"product_shipping_class-classe-di-spedizione-01","10":"first","11":"instock","12":"shipping-taxable","13":"purchasable","14":"product-type-simple"},"yoast_head":"<!-- This site is optimized with the Yoast SEO plugin v27.4 - https:\/\/yoast.com\/product\/yoast-seo-wordpress\/ -->\n<title>Prolonge flexible ramonage en ressort d&#039;acier inox de 1 m\u00e8tre Code AFS1001<\/title>\n<meta name=\"robots\" content=\"index, follow, max-snippet:-1, max-image-preview:large, max-video-preview:-1\" \/>\n<link rel=\"canonical\" href=\"https:\/\/amrtop.net\/es\/producto\/alargador-de-manguera-deshollinadora-con-muelle-de-acero-inoxidable-de-1-metro-codigo-afs1001\/\" \/>\n<meta property=\"og:locale\" content=\"es_ES\" \/>\n<meta property=\"og:type\" content=\"article\" \/>\n<meta property=\"og:title\" content=\"Prolonge flexible ramonage en ressort d&#039;acier inox de 1 m\u00e8tre Code AFS1001\" \/>\n<meta property=\"og:description\" content=\"Disponible\" \/>\n<meta property=\"og:url\" content=\"https:\/\/amrtop.net\/es\/producto\/alargador-de-manguera-deshollinadora-con-muelle-de-acero-inoxidable-de-1-metro-codigo-afs1001\/\" \/>\n<meta property=\"og:site_name\" content=\"AMRTOP B2B \u00c9tranger - Achats r\u00e9serv\u00e9s au professionnel\" \/>\n<meta property=\"article:modified_time\" content=\"2023-06-08T09:20:39+00:00\" \/>\n<meta property=\"og:image\" content=\"https:\/\/amrtop.net\/wp-content\/uploads\/2020\/01\/prolunga-sfondo.jpg\" \/>\n\t<meta property=\"og:image:width\" content=\"960\" \/>\n\t<meta property=\"og:image:height\" content=\"960\" \/>\n\t<meta property=\"og:image:type\" content=\"image\/jpeg\" \/>\n<meta name=\"twitter:card\" content=\"summary_large_image\" \/>\n<meta name=\"twitter:label1\" content=\"Tiempo de lectura\" \/>\n\t<meta name=\"twitter:data1\" content=\"1 minuto\" \/>\n<script type=\"application\/ld+json\" class=\"yoast-schema-graph\">{\"@context\":\"https:\\\/\\\/schema.org\",\"@graph\":[{\"@type\":\"WebPage\",\"@id\":\"https:\\\/\\\/amrtop.net\\\/produit\\\/prolonge-flexible-ramonage-en-ressort-dacier-inox-de-1-metre-code-afs1001\\\/\",\"url\":\"https:\\\/\\\/amrtop.net\\\/produit\\\/prolonge-flexible-ramonage-en-ressort-dacier-inox-de-1-metre-code-afs1001\\\/\",\"name\":\"Prolonge flexible ramonage en ressort d'acier inox de 1 m\u00e8tre Code AFS1001\",\"isPartOf\":{\"@id\":\"https:\\\/\\\/amrtop.net\\\/#website\"},\"primaryImageOfPage\":{\"@id\":\"https:\\\/\\\/amrtop.net\\\/produit\\\/prolonge-flexible-ramonage-en-ressort-dacier-inox-de-1-metre-code-afs1001\\\/#primaryimage\"},\"image\":{\"@id\":\"https:\\\/\\\/amrtop.net\\\/produit\\\/prolonge-flexible-ramonage-en-ressort-dacier-inox-de-1-metre-code-afs1001\\\/#primaryimage\"},\"thumbnailUrl\":\"https:\\\/\\\/amrtop.net\\\/wp-content\\\/uploads\\\/2020\\\/01\\\/prolunga-sfondo.jpg\",\"datePublished\":\"2020-01-10T00:00:00+00:00\",\"dateModified\":\"2023-06-08T09:20:39+00:00\",\"breadcrumb\":{\"@id\":\"https:\\\/\\\/amrtop.net\\\/produit\\\/prolonge-flexible-ramonage-en-ressort-dacier-inox-de-1-metre-code-afs1001\\\/#breadcrumb\"},\"inLanguage\":\"es\",\"potentialAction\":[{\"@type\":\"ReadAction\",\"target\":[\"https:\\\/\\\/amrtop.net\\\/produit\\\/prolonge-flexible-ramonage-en-ressort-dacier-inox-de-1-metre-code-afs1001\\\/\"]}]},{\"@type\":\"ImageObject\",\"inLanguage\":\"es\",\"@id\":\"https:\\\/\\\/amrtop.net\\\/produit\\\/prolonge-flexible-ramonage-en-ressort-dacier-inox-de-1-metre-code-afs1001\\\/#primaryimage\",\"url\":\"https:\\\/\\\/amrtop.net\\\/wp-content\\\/uploads\\\/2020\\\/01\\\/prolunga-sfondo.jpg\",\"contentUrl\":\"https:\\\/\\\/amrtop.net\\\/wp-content\\\/uploads\\\/2020\\\/01\\\/prolunga-sfondo.jpg\",\"width\":960,\"height\":960,\"caption\":\"Prolonge flexible ramonage en ressort d'acier inox de 1 m\u00e8tre Code AFS1001\"},{\"@type\":\"BreadcrumbList\",\"@id\":\"https:\\\/\\\/amrtop.net\\\/produit\\\/prolonge-flexible-ramonage-en-ressort-dacier-inox-de-1-metre-code-afs1001\\\/#breadcrumb\",\"itemListElement\":[{\"@type\":\"ListItem\",\"position\":1,\"name\":\"Home\",\"item\":\"https:\\\/\\\/amrtop.net\\\/\"},{\"@type\":\"ListItem\",\"position\":2,\"name\":\"Shop\",\"item\":\"https:\\\/\\\/amrtop.net\\\/negozio\\\/\"},{\"@type\":\"ListItem\",\"position\":3,\"name\":\"Prolonge flexible ramonage en ressort d&#8217;acier inox de 1 m\u00e8tre Code AFS1001\"}]},{\"@type\":\"WebSite\",\"@id\":\"https:\\\/\\\/amrtop.net\\\/#website\",\"url\":\"https:\\\/\\\/amrtop.net\\\/\",\"name\":\"AMRTOP B2B \u00c9tranger - Achats r\u00e9serv\u00e9s au professionnel\",\"description\":\"Pi\u00e8ces de rechange et accessoires pour po\u00eales et chaudi\u00e8res - eCommerce B2B pour Clients Professionnels\",\"potentialAction\":[{\"@type\":\"SearchAction\",\"target\":{\"@type\":\"EntryPoint\",\"urlTemplate\":\"https:\\\/\\\/amrtop.net\\\/?s={search_term_string}\"},\"query-input\":{\"@type\":\"PropertyValueSpecification\",\"valueRequired\":true,\"valueName\":\"search_term_string\"}}],\"inLanguage\":\"es\"}]}<\/script>\n<!-- \/ Yoast SEO plugin. -->","yoast_head_json":{"title":"Prolongaci\u00f3n de deshollinador flexible de 1 metro en muelle de acero inoxidable C\u00f3digo AFS1001","robots":{"index":"index","follow":"follow","max-snippet":"max-snippet:-1","max-image-preview":"max-image-preview:large","max-video-preview":"max-video-preview:-1"},"canonical":"https:\/\/amrtop.net\/es\/producto\/alargador-de-manguera-deshollinadora-con-muelle-de-acero-inoxidable-de-1-metro-codigo-afs1001\/","og_locale":"es_ES","og_type":"article","og_title":"Prolonge flexible ramonage en ressort d'acier inox de 1 m\u00e8tre Code AFS1001","og_description":"Disponible","og_url":"https:\/\/amrtop.net\/es\/producto\/alargador-de-manguera-deshollinadora-con-muelle-de-acero-inoxidable-de-1-metro-codigo-afs1001\/","og_site_name":"AMRTOP B2B \u00c9tranger - Achats r\u00e9serv\u00e9s au professionnel","article_modified_time":"2023-06-08T09:20:39+00:00","og_image":[{"width":960,"height":960,"url":"https:\/\/amrtop.net\/wp-content\/uploads\/2020\/01\/prolunga-sfondo.jpg","type":"image\/jpeg"}],"twitter_card":"summary_large_image","twitter_misc":{"Tiempo de lectura":"1 minuto"},"schema":{"@context":"https:\/\/schema.org","@graph":[{"@type":"WebPage","@id":"https:\/\/amrtop.net\/produit\/prolonge-flexible-ramonage-en-ressort-dacier-inox-de-1-metre-code-afs1001\/","url":"https:\/\/amrtop.net\/produit\/prolonge-flexible-ramonage-en-ressort-dacier-inox-de-1-metre-code-afs1001\/","name":"Prolongaci\u00f3n de deshollinador flexible de 1 metro en muelle de acero inoxidable C\u00f3digo AFS1001","isPartOf":{"@id":"https:\/\/amrtop.net\/#website"},"primaryImageOfPage":{"@id":"https:\/\/amrtop.net\/produit\/prolonge-flexible-ramonage-en-ressort-dacier-inox-de-1-metre-code-afs1001\/#primaryimage"},"image":{"@id":"https:\/\/amrtop.net\/produit\/prolonge-flexible-ramonage-en-ressort-dacier-inox-de-1-metre-code-afs1001\/#primaryimage"},"thumbnailUrl":"https:\/\/amrtop.net\/wp-content\/uploads\/2020\/01\/prolunga-sfondo.jpg","datePublished":"2020-01-10T00:00:00+00:00","dateModified":"2023-06-08T09:20:39+00:00","breadcrumb":{"@id":"https:\/\/amrtop.net\/produit\/prolonge-flexible-ramonage-en-ressort-dacier-inox-de-1-metre-code-afs1001\/#breadcrumb"},"inLanguage":"es","potentialAction":[{"@type":"ReadAction","target":["https:\/\/amrtop.net\/produit\/prolonge-flexible-ramonage-en-ressort-dacier-inox-de-1-metre-code-afs1001\/"]}]},{"@type":"ImageObject","inLanguage":"es","@id":"https:\/\/amrtop.net\/produit\/prolonge-flexible-ramonage-en-ressort-dacier-inox-de-1-metre-code-afs1001\/#primaryimage","url":"https:\/\/amrtop.net\/wp-content\/uploads\/2020\/01\/prolunga-sfondo.jpg","contentUrl":"https:\/\/amrtop.net\/wp-content\/uploads\/2020\/01\/prolunga-sfondo.jpg","width":960,"height":960,"caption":"Prolonge flexible ramonage en ressort d'acier inox de 1 m\u00e8tre Code AFS1001"},{"@type":"BreadcrumbList","@id":"https:\/\/amrtop.net\/produit\/prolonge-flexible-ramonage-en-ressort-dacier-inox-de-1-metre-code-afs1001\/#breadcrumb","itemListElement":[{"@type":"ListItem","position":1,"name":"Home","item":"https:\/\/amrtop.net\/"},{"@type":"ListItem","position":2,"name":"Shop","item":"https:\/\/amrtop.net\/negozio\/"},{"@type":"ListItem","position":3,"name":"Prolonge flexible ramonage en ressort d&#8217;acier inox de 1 m\u00e8tre Code AFS1001"}]},{"@type":"WebSite","@id":"https:\/\/amrtop.net\/#website","url":"https:\/\/amrtop.net\/","name":"AMRTOP B2B Abroad - Compras reservadas a los profesionales","description":"Recambios y accesorios para estufas y calderas - Comercio electr\u00f3nico B2B para profesionales","potentialAction":[{"@type":"SearchAction","target":{"@type":"EntryPoint","urlTemplate":"https:\/\/amrtop.net\/?s={search_term_string}"},"query-input":{"@type":"PropertyValueSpecification","valueRequired":true,"valueName":"search_term_string"}}],"inLanguage":"es"}]}},"_links":{"self":[{"href":"https:\/\/amrtop.net\/es\/wp-json\/wp\/v2\/product\/22548","targetHints":{"allow":["GET"]}}],"collection":[{"href":"https:\/\/amrtop.net\/es\/wp-json\/wp\/v2\/product"}],"about":[{"href":"https:\/\/amrtop.net\/es\/wp-json\/wp\/v2\/types\/product"}],"replies":[{"embeddable":true,"href":"https:\/\/amrtop.net\/es\/wp-json\/wp\/v2\/comments?post=22548"}],"wp:featuredmedia":[{"embeddable":true,"href":"https:\/\/amrtop.net\/es\/wp-json\/wp\/v2\/media\/23140"}],"wp:attachment":[{"href":"https:\/\/amrtop.net\/es\/wp-json\/wp\/v2\/media?parent=22548"}],"wp:term":[{"taxonomy":"product_brand","embeddable":true,"href":"https:\/\/amrtop.net\/es\/wp-json\/wp\/v2\/product_brand?post=22548"},{"taxonomy":"product_cat","embeddable":true,"href":"https:\/\/amrtop.net\/es\/wp-json\/wp\/v2\/product_cat?post=22548"},{"taxonomy":"product_tag","embeddable":true,"href":"https:\/\/amrtop.net\/es\/wp-json\/wp\/v2\/product_tag?post=22548"}],"curies":[{"name":"wp","href":"https:\/\/api.w.org\/{rel}","templated":true}]}}