{"id":22610,"date":"2022-03-22T14:07:38","date_gmt":"2022-03-22T14:07:38","guid":{"rendered":"https:\/\/amrtop.com\/B2B\/?post_type=product&#038;p=22610"},"modified":"2023-06-08T12:58:52","modified_gmt":"2023-06-08T12:58:52","slug":"kit-pellet-3-mt-2-brosse-en-nylon-fixe-et-flexible-o-80-mm-code-kp32001","status":"publish","type":"product","link":"https:\/\/amrtop.net\/es\/produit\/kit-pellet-3-mt-2-brosse-en-nylon-fixe-et-flexible-o-80-mm-code-kp32001\/","title":{"rendered":"Kit pellets 3 mt + 2 cepillos fijos de nylon y flexibles \u00f8 80 mm C\u00f3digo KP32001"},"content":{"rendered":"<hr \/>\n<h3>Kit pellet 3 mt + 2 brosse en nylon fixe et flexible \u00f8 80 mm<\/h3>\n<p>Code KP32001<\/p>\n<hr \/>\n<p>El kit contiene :<br \/>\nNm 1 rallonge flexible de 3 m\u00e8tres<br \/>\nNm 1 cepillo fijo de nylon<br \/>\nNm 1 cepillo flexible de nylon \u00f8 80 mm<br \/>\nNm 1 asa de pl\u00e1stico<br \/>\nNm 1 cepillo multiuso de nylon con mango de pl\u00e1stico.<br \/>\nEl cepillo fijo de nailon de \u00f8 80 mm es \u00fatil para limpiar tuber\u00edas y conductos de humos, y la longitud de la chimenea permite limpiar f\u00e1cilmente a trav\u00e9s de las curvas.<br \/>\nEl cepillo flexible de nailon de \u00f8 80 mm es muy vers\u00e1til y simplifica la limpieza de tuber\u00edas y conductos de humos. Su corta longitud y flexibilidad le permiten pasar por codos de 90\u00b0 y espacios de dif\u00edcil acceso.<br \/>\nEl esp\u00e1rrago roscado ISO M12x1,75 mm situado en el extremo de la herramienta se utiliza para unirse a la extensi\u00f3n flexible azul de 3 metros, que est\u00e1 recubierta de un material r\u00edgido reforzado.<\/p>","protected":false},"excerpt":{"rendered":"<h2><span style=\"color: #339966\">Disponible en<\/span><\/h2>","protected":false},"featured_media":22870,"comment_status":"open","ping_status":"closed","template":"","meta":[],"product_brand":[],"product_cat":[1509,1505],"product_tag":[],"class_list":{"0":"post-22610","1":"product","2":"type-product","3":"status-publish","4":"has-post-thumbnail","6":"product_cat-kit-spazzacamino-pellet","7":"product_cat-produits-et-accessoires-fumisterie","8":"product_shipping_class-classe-di-spedizione-01","10":"first","11":"instock","12":"shipping-taxable","13":"purchasable","14":"product-type-simple"},"yoast_head":"<!-- This site is optimized with the Yoast SEO plugin v27.5 - https:\/\/yoast.com\/product\/yoast-seo-wordpress\/ -->\n<title>Kit pellet 3 mt + 2 brosse en nylon fixe et flexible \u00f8 80 mm Code KP32001<\/title>\n<meta name=\"robots\" content=\"index, follow, max-snippet:-1, max-image-preview:large, max-video-preview:-1\" \/>\n<link rel=\"canonical\" href=\"https:\/\/amrtop.net\/es\/producto\/kit-pellet-3-mt-2-brosse-en-nylon-fixe-et-flexible-o-80-mm-code-kp32001\/\" \/>\n<meta property=\"og:locale\" content=\"es_ES\" \/>\n<meta property=\"og:type\" content=\"article\" \/>\n<meta property=\"og:title\" content=\"Kit pellet 3 mt + 2 brosse en nylon fixe et flexible \u00f8 80 mm Code KP32001\" \/>\n<meta property=\"og:description\" content=\"Disponible\" \/>\n<meta property=\"og:url\" content=\"https:\/\/amrtop.net\/es\/producto\/kit-pellet-3-mt-2-brosse-en-nylon-fixe-et-flexible-o-80-mm-code-kp32001\/\" \/>\n<meta property=\"og:site_name\" content=\"AMRTOP B2B \u00c9tranger - Achats r\u00e9serv\u00e9s au professionnel\" \/>\n<meta property=\"article:modified_time\" content=\"2023-06-08T12:58:52+00:00\" \/>\n<meta property=\"og:image\" content=\"https:\/\/amrtop.net\/wp-content\/uploads\/2022\/03\/kit-pellet.jpg\" \/>\n\t<meta property=\"og:image:width\" content=\"960\" \/>\n\t<meta property=\"og:image:height\" content=\"960\" \/>\n\t<meta property=\"og:image:type\" content=\"image\/jpeg\" \/>\n<meta name=\"twitter:card\" content=\"summary_large_image\" \/>\n<meta name=\"twitter:label1\" content=\"Tiempo de lectura\" \/>\n\t<meta name=\"twitter:data1\" content=\"1 minuto\" \/>\n<script type=\"application\/ld+json\" class=\"yoast-schema-graph\">{\"@context\":\"https:\\\/\\\/schema.org\",\"@graph\":[{\"@type\":\"WebPage\",\"@id\":\"https:\\\/\\\/amrtop.net\\\/produit\\\/kit-pellet-3-mt-2-brosse-en-nylon-fixe-et-flexible-o-80-mm-code-kp32001\\\/\",\"url\":\"https:\\\/\\\/amrtop.net\\\/produit\\\/kit-pellet-3-mt-2-brosse-en-nylon-fixe-et-flexible-o-80-mm-code-kp32001\\\/\",\"name\":\"Kit pellet 3 mt + 2 brosse en nylon fixe et flexible \u00f8 80 mm Code KP32001\",\"isPartOf\":{\"@id\":\"https:\\\/\\\/amrtop.net\\\/#website\"},\"primaryImageOfPage\":{\"@id\":\"https:\\\/\\\/amrtop.net\\\/produit\\\/kit-pellet-3-mt-2-brosse-en-nylon-fixe-et-flexible-o-80-mm-code-kp32001\\\/#primaryimage\"},\"image\":{\"@id\":\"https:\\\/\\\/amrtop.net\\\/produit\\\/kit-pellet-3-mt-2-brosse-en-nylon-fixe-et-flexible-o-80-mm-code-kp32001\\\/#primaryimage\"},\"thumbnailUrl\":\"https:\\\/\\\/amrtop.net\\\/wp-content\\\/uploads\\\/2022\\\/03\\\/kit-pellet.jpg\",\"datePublished\":\"2022-03-22T14:07:38+00:00\",\"dateModified\":\"2023-06-08T12:58:52+00:00\",\"breadcrumb\":{\"@id\":\"https:\\\/\\\/amrtop.net\\\/produit\\\/kit-pellet-3-mt-2-brosse-en-nylon-fixe-et-flexible-o-80-mm-code-kp32001\\\/#breadcrumb\"},\"inLanguage\":\"es\",\"potentialAction\":[{\"@type\":\"ReadAction\",\"target\":[\"https:\\\/\\\/amrtop.net\\\/produit\\\/kit-pellet-3-mt-2-brosse-en-nylon-fixe-et-flexible-o-80-mm-code-kp32001\\\/\"]}]},{\"@type\":\"ImageObject\",\"inLanguage\":\"es\",\"@id\":\"https:\\\/\\\/amrtop.net\\\/produit\\\/kit-pellet-3-mt-2-brosse-en-nylon-fixe-et-flexible-o-80-mm-code-kp32001\\\/#primaryimage\",\"url\":\"https:\\\/\\\/amrtop.net\\\/wp-content\\\/uploads\\\/2022\\\/03\\\/kit-pellet.jpg\",\"contentUrl\":\"https:\\\/\\\/amrtop.net\\\/wp-content\\\/uploads\\\/2022\\\/03\\\/kit-pellet.jpg\",\"width\":960,\"height\":960,\"caption\":\"Kit pellet 6 mt + 2 brosse nylon fixe et flexible \u00f8 80 mm Code KP62001\"},{\"@type\":\"BreadcrumbList\",\"@id\":\"https:\\\/\\\/amrtop.net\\\/produit\\\/kit-pellet-3-mt-2-brosse-en-nylon-fixe-et-flexible-o-80-mm-code-kp32001\\\/#breadcrumb\",\"itemListElement\":[{\"@type\":\"ListItem\",\"position\":1,\"name\":\"Home\",\"item\":\"https:\\\/\\\/amrtop.net\\\/\"},{\"@type\":\"ListItem\",\"position\":2,\"name\":\"Shop\",\"item\":\"https:\\\/\\\/amrtop.net\\\/negozio\\\/\"},{\"@type\":\"ListItem\",\"position\":3,\"name\":\"Kit pellet 3 mt + 2 brosse en nylon fixe et flexible \u00f8 80 mm Code KP32001\"}]},{\"@type\":\"WebSite\",\"@id\":\"https:\\\/\\\/amrtop.net\\\/#website\",\"url\":\"https:\\\/\\\/amrtop.net\\\/\",\"name\":\"AMRTOP B2B \u00c9tranger - Achats r\u00e9serv\u00e9s au professionnel\",\"description\":\"Pi\u00e8ces de rechange et accessoires pour po\u00eales et chaudi\u00e8res - eCommerce B2B pour Clients Professionnels\",\"potentialAction\":[{\"@type\":\"SearchAction\",\"target\":{\"@type\":\"EntryPoint\",\"urlTemplate\":\"https:\\\/\\\/amrtop.net\\\/?s={search_term_string}\"},\"query-input\":{\"@type\":\"PropertyValueSpecification\",\"valueRequired\":true,\"valueName\":\"search_term_string\"}}],\"inLanguage\":\"es\"}]}<\/script>\n<!-- \/ Yoast SEO plugin. -->","yoast_head_json":{"title":"Kit pellets 3 mt + 2 cepillos fijos de nylon y flexibles \u00f8 80 mm C\u00f3digo KP32001","robots":{"index":"index","follow":"follow","max-snippet":"max-snippet:-1","max-image-preview":"max-image-preview:large","max-video-preview":"max-video-preview:-1"},"canonical":"https:\/\/amrtop.net\/es\/producto\/kit-pellet-3-mt-2-brosse-en-nylon-fixe-et-flexible-o-80-mm-code-kp32001\/","og_locale":"es_ES","og_type":"article","og_title":"Kit pellet 3 mt + 2 brosse en nylon fixe et flexible \u00f8 80 mm Code KP32001","og_description":"Disponible","og_url":"https:\/\/amrtop.net\/es\/producto\/kit-pellet-3-mt-2-brosse-en-nylon-fixe-et-flexible-o-80-mm-code-kp32001\/","og_site_name":"AMRTOP B2B \u00c9tranger - Achats r\u00e9serv\u00e9s au professionnel","article_modified_time":"2023-06-08T12:58:52+00:00","og_image":[{"width":960,"height":960,"url":"https:\/\/amrtop.net\/wp-content\/uploads\/2022\/03\/kit-pellet.jpg","type":"image\/jpeg"}],"twitter_card":"summary_large_image","twitter_misc":{"Tiempo de lectura":"1 minuto"},"schema":{"@context":"https:\/\/schema.org","@graph":[{"@type":"WebPage","@id":"https:\/\/amrtop.net\/produit\/kit-pellet-3-mt-2-brosse-en-nylon-fixe-et-flexible-o-80-mm-code-kp32001\/","url":"https:\/\/amrtop.net\/produit\/kit-pellet-3-mt-2-brosse-en-nylon-fixe-et-flexible-o-80-mm-code-kp32001\/","name":"Kit pellets 3 mt + 2 cepillos fijos de nylon y flexibles \u00f8 80 mm C\u00f3digo KP32001","isPartOf":{"@id":"https:\/\/amrtop.net\/#website"},"primaryImageOfPage":{"@id":"https:\/\/amrtop.net\/produit\/kit-pellet-3-mt-2-brosse-en-nylon-fixe-et-flexible-o-80-mm-code-kp32001\/#primaryimage"},"image":{"@id":"https:\/\/amrtop.net\/produit\/kit-pellet-3-mt-2-brosse-en-nylon-fixe-et-flexible-o-80-mm-code-kp32001\/#primaryimage"},"thumbnailUrl":"https:\/\/amrtop.net\/wp-content\/uploads\/2022\/03\/kit-pellet.jpg","datePublished":"2022-03-22T14:07:38+00:00","dateModified":"2023-06-08T12:58:52+00:00","breadcrumb":{"@id":"https:\/\/amrtop.net\/produit\/kit-pellet-3-mt-2-brosse-en-nylon-fixe-et-flexible-o-80-mm-code-kp32001\/#breadcrumb"},"inLanguage":"es","potentialAction":[{"@type":"ReadAction","target":["https:\/\/amrtop.net\/produit\/kit-pellet-3-mt-2-brosse-en-nylon-fixe-et-flexible-o-80-mm-code-kp32001\/"]}]},{"@type":"ImageObject","inLanguage":"es","@id":"https:\/\/amrtop.net\/produit\/kit-pellet-3-mt-2-brosse-en-nylon-fixe-et-flexible-o-80-mm-code-kp32001\/#primaryimage","url":"https:\/\/amrtop.net\/wp-content\/uploads\/2022\/03\/kit-pellet.jpg","contentUrl":"https:\/\/amrtop.net\/wp-content\/uploads\/2022\/03\/kit-pellet.jpg","width":960,"height":960,"caption":"Kit pellet 6 mt + 2 brosse nylon fixe et flexible \u00f8 80 mm Code KP62001"},{"@type":"BreadcrumbList","@id":"https:\/\/amrtop.net\/produit\/kit-pellet-3-mt-2-brosse-en-nylon-fixe-et-flexible-o-80-mm-code-kp32001\/#breadcrumb","itemListElement":[{"@type":"ListItem","position":1,"name":"Home","item":"https:\/\/amrtop.net\/"},{"@type":"ListItem","position":2,"name":"Shop","item":"https:\/\/amrtop.net\/negozio\/"},{"@type":"ListItem","position":3,"name":"Kit pellet 3 mt + 2 brosse en nylon fixe et flexible \u00f8 80 mm Code KP32001"}]},{"@type":"WebSite","@id":"https:\/\/amrtop.net\/#website","url":"https:\/\/amrtop.net\/","name":"AMRTOP B2B Abroad - Compras reservadas a los profesionales","description":"Recambios y accesorios para estufas y calderas - Comercio electr\u00f3nico B2B para profesionales","potentialAction":[{"@type":"SearchAction","target":{"@type":"EntryPoint","urlTemplate":"https:\/\/amrtop.net\/?s={search_term_string}"},"query-input":{"@type":"PropertyValueSpecification","valueRequired":true,"valueName":"search_term_string"}}],"inLanguage":"es"}]}},"_links":{"self":[{"href":"https:\/\/amrtop.net\/es\/wp-json\/wp\/v2\/product\/22610","targetHints":{"allow":["GET"]}}],"collection":[{"href":"https:\/\/amrtop.net\/es\/wp-json\/wp\/v2\/product"}],"about":[{"href":"https:\/\/amrtop.net\/es\/wp-json\/wp\/v2\/types\/product"}],"replies":[{"embeddable":true,"href":"https:\/\/amrtop.net\/es\/wp-json\/wp\/v2\/comments?post=22610"}],"wp:featuredmedia":[{"embeddable":true,"href":"https:\/\/amrtop.net\/es\/wp-json\/wp\/v2\/media\/22870"}],"wp:attachment":[{"href":"https:\/\/amrtop.net\/es\/wp-json\/wp\/v2\/media?parent=22610"}],"wp:term":[{"taxonomy":"product_brand","embeddable":true,"href":"https:\/\/amrtop.net\/es\/wp-json\/wp\/v2\/product_brand?post=22610"},{"taxonomy":"product_cat","embeddable":true,"href":"https:\/\/amrtop.net\/es\/wp-json\/wp\/v2\/product_cat?post=22610"},{"taxonomy":"product_tag","embeddable":true,"href":"https:\/\/amrtop.net\/es\/wp-json\/wp\/v2\/product_tag?post=22610"}],"curies":[{"name":"wp","href":"https:\/\/api.w.org\/{rel}","templated":true}]}}