{"id":22634,"date":"2022-03-22T14:24:24","date_gmt":"2022-03-22T14:24:24","guid":{"rendered":"https:\/\/amrtop.com\/B2B\/?post_type=product&#038;p=22634"},"modified":"2023-06-08T13:27:38","modified_gmt":"2023-06-08T13:27:38","slug":"kit-pellet-6-mt-2-brosse-fixes-o-80-et-100-mm-code-kp62002","status":"publish","type":"product","link":"https:\/\/amrtop.net\/es\/produit\/kit-pellet-6-mt-2-brosse-fixes-o-80-et-100-mm-code-kp62002\/","title":{"rendered":"Kit pellet 6 mt + 2 brosse fixes \u00f8 80 et 100 mm Code KP62002"},"content":{"rendered":"<hr \/>\n<h3>Kit pellet 6 mt + 2 brosse fixes \u00f8 80 et 100 mm Code KP62002<\/h3>\n<p>Codice KP62002<\/p>\n<hr \/>\n<p>El kit contiene :<br \/>\nNm 2 Alargador flexible de 3 metros<br \/>\nNm 2 brosse fixes en nylon \u00f8 80 mm<br \/>\nNm 1 asa de pl\u00e1stico<br \/>\nNm 1 cepillo multiuso de nylon con mango de pl\u00e1stico.<br \/>\nLe brosse fixe en nylon \u00f8 80 mm est utile pour effectuer le nettoyage des tuyaux et des conduits de fum\u00e9e. Sa longueur r\u00e9duite permet de traverser les couds en les nettoyant facilement.<br \/>\nEl esp\u00e1rrago roscado ISO M12x1,75 mm situado en el extremo de la herramienta se utiliza para unirse a la extensi\u00f3n flexible azul de 3 metros, que est\u00e1 recubierta de un material r\u00edgido reforzado.<\/p>","protected":false},"excerpt":{"rendered":"<h2><span style=\"color: #339966\">Disponible en<\/span><\/h2>","protected":false},"featured_media":23122,"comment_status":"open","ping_status":"closed","template":"","meta":[],"product_brand":[],"product_cat":[1509,1505],"product_tag":[],"class_list":{"0":"post-22634","1":"product","2":"type-product","3":"status-publish","4":"has-post-thumbnail","6":"product_cat-kit-spazzacamino-pellet","7":"product_cat-produits-et-accessoires-fumisterie","8":"product_shipping_class-classe-di-spedizione-01","10":"first","11":"instock","12":"shipping-taxable","13":"purchasable","14":"product-type-simple"},"yoast_head":"<!-- This site is optimized with the Yoast SEO plugin v27.4 - https:\/\/yoast.com\/product\/yoast-seo-wordpress\/ -->\n<title>Kit pellet 6 mt + 2 brosse fixes \u00f8 80 et 100 mm Code KP62002<\/title>\n<meta name=\"robots\" content=\"index, follow, max-snippet:-1, max-image-preview:large, max-video-preview:-1\" \/>\n<link rel=\"canonical\" href=\"https:\/\/amrtop.net\/es\/producto\/kit-pellet-6-mt-2-brosse-fixes-o-80-et-100-mm-code-kp62002\/\" \/>\n<meta property=\"og:locale\" content=\"es_ES\" \/>\n<meta property=\"og:type\" content=\"article\" \/>\n<meta property=\"og:title\" content=\"Kit pellet 6 mt + 2 brosse fixes \u00f8 80 et 100 mm Code KP62002\" \/>\n<meta property=\"og:description\" content=\"Disponible\" \/>\n<meta property=\"og:url\" content=\"https:\/\/amrtop.net\/es\/producto\/kit-pellet-6-mt-2-brosse-fixes-o-80-et-100-mm-code-kp62002\/\" \/>\n<meta property=\"og:site_name\" content=\"AMRTOP B2B \u00c9tranger - Achats r\u00e9serv\u00e9s au professionnel\" \/>\n<meta property=\"article:modified_time\" content=\"2023-06-08T13:27:38+00:00\" \/>\n<meta property=\"og:image\" content=\"https:\/\/amrtop.net\/wp-content\/uploads\/2022\/04\/kit-sfondo.jpg\" \/>\n\t<meta property=\"og:image:width\" content=\"960\" \/>\n\t<meta property=\"og:image:height\" content=\"960\" \/>\n\t<meta property=\"og:image:type\" content=\"image\/jpeg\" \/>\n<meta name=\"twitter:card\" content=\"summary_large_image\" \/>\n<meta name=\"twitter:label1\" content=\"Tiempo de lectura\" \/>\n\t<meta name=\"twitter:data1\" content=\"1 minuto\" \/>\n<script type=\"application\/ld+json\" class=\"yoast-schema-graph\">{\"@context\":\"https:\\\/\\\/schema.org\",\"@graph\":[{\"@type\":\"WebPage\",\"@id\":\"https:\\\/\\\/amrtop.net\\\/produit\\\/kit-pellet-6-mt-2-brosse-fixes-o-80-et-100-mm-code-kp62002\\\/\",\"url\":\"https:\\\/\\\/amrtop.net\\\/produit\\\/kit-pellet-6-mt-2-brosse-fixes-o-80-et-100-mm-code-kp62002\\\/\",\"name\":\"Kit pellet 6 mt + 2 brosse fixes \u00f8 80 et 100 mm Code KP62002\",\"isPartOf\":{\"@id\":\"https:\\\/\\\/amrtop.net\\\/#website\"},\"primaryImageOfPage\":{\"@id\":\"https:\\\/\\\/amrtop.net\\\/produit\\\/kit-pellet-6-mt-2-brosse-fixes-o-80-et-100-mm-code-kp62002\\\/#primaryimage\"},\"image\":{\"@id\":\"https:\\\/\\\/amrtop.net\\\/produit\\\/kit-pellet-6-mt-2-brosse-fixes-o-80-et-100-mm-code-kp62002\\\/#primaryimage\"},\"thumbnailUrl\":\"https:\\\/\\\/amrtop.net\\\/wp-content\\\/uploads\\\/2022\\\/04\\\/kit-sfondo.jpg\",\"datePublished\":\"2022-03-22T14:24:24+00:00\",\"dateModified\":\"2023-06-08T13:27:38+00:00\",\"breadcrumb\":{\"@id\":\"https:\\\/\\\/amrtop.net\\\/produit\\\/kit-pellet-6-mt-2-brosse-fixes-o-80-et-100-mm-code-kp62002\\\/#breadcrumb\"},\"inLanguage\":\"es\",\"potentialAction\":[{\"@type\":\"ReadAction\",\"target\":[\"https:\\\/\\\/amrtop.net\\\/produit\\\/kit-pellet-6-mt-2-brosse-fixes-o-80-et-100-mm-code-kp62002\\\/\"]}]},{\"@type\":\"ImageObject\",\"inLanguage\":\"es\",\"@id\":\"https:\\\/\\\/amrtop.net\\\/produit\\\/kit-pellet-6-mt-2-brosse-fixes-o-80-et-100-mm-code-kp62002\\\/#primaryimage\",\"url\":\"https:\\\/\\\/amrtop.net\\\/wp-content\\\/uploads\\\/2022\\\/04\\\/kit-sfondo.jpg\",\"contentUrl\":\"https:\\\/\\\/amrtop.net\\\/wp-content\\\/uploads\\\/2022\\\/04\\\/kit-sfondo.jpg\",\"width\":960,\"height\":960,\"caption\":\"Kit pellet 3 mt + 2 brosse fixes \u00f8 80 et 100 mm Code KP32002\"},{\"@type\":\"BreadcrumbList\",\"@id\":\"https:\\\/\\\/amrtop.net\\\/produit\\\/kit-pellet-6-mt-2-brosse-fixes-o-80-et-100-mm-code-kp62002\\\/#breadcrumb\",\"itemListElement\":[{\"@type\":\"ListItem\",\"position\":1,\"name\":\"Home\",\"item\":\"https:\\\/\\\/amrtop.net\\\/\"},{\"@type\":\"ListItem\",\"position\":2,\"name\":\"Shop\",\"item\":\"https:\\\/\\\/amrtop.net\\\/negozio\\\/\"},{\"@type\":\"ListItem\",\"position\":3,\"name\":\"Kit pellet 6 mt + 2 brosse fixes \u00f8 80 et 100 mm Code KP62002\"}]},{\"@type\":\"WebSite\",\"@id\":\"https:\\\/\\\/amrtop.net\\\/#website\",\"url\":\"https:\\\/\\\/amrtop.net\\\/\",\"name\":\"AMRTOP B2B \u00c9tranger - Achats r\u00e9serv\u00e9s au professionnel\",\"description\":\"Pi\u00e8ces de rechange et accessoires pour po\u00eales et chaudi\u00e8res - eCommerce B2B pour Clients Professionnels\",\"potentialAction\":[{\"@type\":\"SearchAction\",\"target\":{\"@type\":\"EntryPoint\",\"urlTemplate\":\"https:\\\/\\\/amrtop.net\\\/?s={search_term_string}\"},\"query-input\":{\"@type\":\"PropertyValueSpecification\",\"valueRequired\":true,\"valueName\":\"search_term_string\"}}],\"inLanguage\":\"es\"}]}<\/script>\n<!-- \/ Yoast SEO plugin. -->","yoast_head_json":{"title":"Kit pellet 6 mt + 2 brosse fixes \u00f8 80 et 100 mm Code KP62002","robots":{"index":"index","follow":"follow","max-snippet":"max-snippet:-1","max-image-preview":"max-image-preview:large","max-video-preview":"max-video-preview:-1"},"canonical":"https:\/\/amrtop.net\/es\/producto\/kit-pellet-6-mt-2-brosse-fixes-o-80-et-100-mm-code-kp62002\/","og_locale":"es_ES","og_type":"article","og_title":"Kit pellet 6 mt + 2 brosse fixes \u00f8 80 et 100 mm Code KP62002","og_description":"Disponible","og_url":"https:\/\/amrtop.net\/es\/producto\/kit-pellet-6-mt-2-brosse-fixes-o-80-et-100-mm-code-kp62002\/","og_site_name":"AMRTOP B2B \u00c9tranger - Achats r\u00e9serv\u00e9s au professionnel","article_modified_time":"2023-06-08T13:27:38+00:00","og_image":[{"width":960,"height":960,"url":"https:\/\/amrtop.net\/wp-content\/uploads\/2022\/04\/kit-sfondo.jpg","type":"image\/jpeg"}],"twitter_card":"summary_large_image","twitter_misc":{"Tiempo de lectura":"1 minuto"},"schema":{"@context":"https:\/\/schema.org","@graph":[{"@type":"WebPage","@id":"https:\/\/amrtop.net\/produit\/kit-pellet-6-mt-2-brosse-fixes-o-80-et-100-mm-code-kp62002\/","url":"https:\/\/amrtop.net\/produit\/kit-pellet-6-mt-2-brosse-fixes-o-80-et-100-mm-code-kp62002\/","name":"Kit pellet 6 mt + 2 brosse fixes \u00f8 80 et 100 mm Code KP62002","isPartOf":{"@id":"https:\/\/amrtop.net\/#website"},"primaryImageOfPage":{"@id":"https:\/\/amrtop.net\/produit\/kit-pellet-6-mt-2-brosse-fixes-o-80-et-100-mm-code-kp62002\/#primaryimage"},"image":{"@id":"https:\/\/amrtop.net\/produit\/kit-pellet-6-mt-2-brosse-fixes-o-80-et-100-mm-code-kp62002\/#primaryimage"},"thumbnailUrl":"https:\/\/amrtop.net\/wp-content\/uploads\/2022\/04\/kit-sfondo.jpg","datePublished":"2022-03-22T14:24:24+00:00","dateModified":"2023-06-08T13:27:38+00:00","breadcrumb":{"@id":"https:\/\/amrtop.net\/produit\/kit-pellet-6-mt-2-brosse-fixes-o-80-et-100-mm-code-kp62002\/#breadcrumb"},"inLanguage":"es","potentialAction":[{"@type":"ReadAction","target":["https:\/\/amrtop.net\/produit\/kit-pellet-6-mt-2-brosse-fixes-o-80-et-100-mm-code-kp62002\/"]}]},{"@type":"ImageObject","inLanguage":"es","@id":"https:\/\/amrtop.net\/produit\/kit-pellet-6-mt-2-brosse-fixes-o-80-et-100-mm-code-kp62002\/#primaryimage","url":"https:\/\/amrtop.net\/wp-content\/uploads\/2022\/04\/kit-sfondo.jpg","contentUrl":"https:\/\/amrtop.net\/wp-content\/uploads\/2022\/04\/kit-sfondo.jpg","width":960,"height":960,"caption":"Kit pellet 3 mt + 2 brosse fixes \u00f8 80 et 100 mm Code KP32002"},{"@type":"BreadcrumbList","@id":"https:\/\/amrtop.net\/produit\/kit-pellet-6-mt-2-brosse-fixes-o-80-et-100-mm-code-kp62002\/#breadcrumb","itemListElement":[{"@type":"ListItem","position":1,"name":"Home","item":"https:\/\/amrtop.net\/"},{"@type":"ListItem","position":2,"name":"Shop","item":"https:\/\/amrtop.net\/negozio\/"},{"@type":"ListItem","position":3,"name":"Kit pellet 6 mt + 2 brosse fixes \u00f8 80 et 100 mm Code KP62002"}]},{"@type":"WebSite","@id":"https:\/\/amrtop.net\/#website","url":"https:\/\/amrtop.net\/","name":"AMRTOP B2B Abroad - Compras reservadas a los profesionales","description":"Recambios y accesorios para estufas y calderas - Comercio electr\u00f3nico B2B para profesionales","potentialAction":[{"@type":"SearchAction","target":{"@type":"EntryPoint","urlTemplate":"https:\/\/amrtop.net\/?s={search_term_string}"},"query-input":{"@type":"PropertyValueSpecification","valueRequired":true,"valueName":"search_term_string"}}],"inLanguage":"es"}]}},"_links":{"self":[{"href":"https:\/\/amrtop.net\/es\/wp-json\/wp\/v2\/product\/22634","targetHints":{"allow":["GET"]}}],"collection":[{"href":"https:\/\/amrtop.net\/es\/wp-json\/wp\/v2\/product"}],"about":[{"href":"https:\/\/amrtop.net\/es\/wp-json\/wp\/v2\/types\/product"}],"replies":[{"embeddable":true,"href":"https:\/\/amrtop.net\/es\/wp-json\/wp\/v2\/comments?post=22634"}],"wp:featuredmedia":[{"embeddable":true,"href":"https:\/\/amrtop.net\/es\/wp-json\/wp\/v2\/media\/23122"}],"wp:attachment":[{"href":"https:\/\/amrtop.net\/es\/wp-json\/wp\/v2\/media?parent=22634"}],"wp:term":[{"taxonomy":"product_brand","embeddable":true,"href":"https:\/\/amrtop.net\/es\/wp-json\/wp\/v2\/product_brand?post=22634"},{"taxonomy":"product_cat","embeddable":true,"href":"https:\/\/amrtop.net\/es\/wp-json\/wp\/v2\/product_cat?post=22634"},{"taxonomy":"product_tag","embeddable":true,"href":"https:\/\/amrtop.net\/es\/wp-json\/wp\/v2\/product_tag?post=22634"}],"curies":[{"name":"wp","href":"https:\/\/api.w.org\/{rel}","templated":true}]}}