{"id":22662,"date":"2022-03-22T14:32:53","date_gmt":"2022-03-22T14:32:53","guid":{"rendered":"https:\/\/amrtop.com\/B2B\/?post_type=product&#038;p=22662"},"modified":"2023-06-08T09:03:31","modified_gmt":"2023-06-08T09:03:31","slug":"manilla-con-inserto-de-laton-para-prolongacion-codigo-ipp1002","status":"publish","type":"product","link":"https:\/\/amrtop.net\/es\/produit\/poignee-avec-insert-en-laiton-pour-prolonge-code-ipp1002\/","title":{"rendered":"Asa con inserto de lat\u00f3n para prolongaci\u00f3n C\u00f3digo IPP1002"},"content":{"rendered":"<hr \/>\n<h3>Empu\u00f1adura est\u00e1ndar de pl\u00e1stico con inserto de lat\u00f3n para la extensi\u00f3n<\/h3>\n<p>C\u00f3digo IPP1002<\/p>\n<hr \/>\n<p>El mango est\u00e1ndar de pl\u00e1stico con inserto de lat\u00f3n utiliza la rosca del lado opuesto del mango y es compatible con todos los mangos extensibles de polipropileno y acero de nuestro sitio de comercio electr\u00f3nico.<br \/>\nAMR TOP dispone de todos los accesorios necesarios para la limpieza convencional de conductos de humos.<br \/>\nExtensiones compatibles: PFX1001 - ASP1001 - AFS1001<\/p>","protected":false},"excerpt":{"rendered":"<p>Poign\u00e9e standard en plastique avec insert en laiton pour prolonge Code IPP1002 La poign\u00e9e en plastique standard avec insert en laiton utilise le filetage qui se trouve sur la partie oppos\u00e9e \u00e0 la poign\u00e9e et est compatible avec tous les types de rallonges en polypropyl\u00e8ne et en acier pr\u00e9sentes sur notre e-commerce. AMR TOP dispose [&hellip;]<\/p>\n","protected":false},"featured_media":23143,"comment_status":"open","ping_status":"closed","template":"","meta":[],"product_brand":[],"product_cat":[1506,1505],"product_tag":[],"class_list":{"0":"post-22662","1":"product","2":"type-product","3":"status-publish","4":"has-post-thumbnail","6":"product_cat-accessoires-bois-et-pellets","7":"product_cat-produits-et-accessoires-fumisterie","9":"first","10":"instock","11":"shipping-taxable","12":"purchasable","13":"product-type-simple"},"yoast_head":"<!-- This site is optimized with the Yoast SEO plugin v27.4 - https:\/\/yoast.com\/product\/yoast-seo-wordpress\/ -->\n<title>Poign\u00e9e avec insert en laiton pour prolonge Code IPP1002<\/title>\n<meta name=\"robots\" content=\"index, follow, max-snippet:-1, max-image-preview:large, max-video-preview:-1\" \/>\n<link rel=\"canonical\" href=\"https:\/\/amrtop.net\/es\/producto\/manilla-con-inserto-de-laton-para-prolongacion-codigo-ipp1002\/\" \/>\n<meta property=\"og:locale\" content=\"es_ES\" \/>\n<meta property=\"og:type\" content=\"article\" \/>\n<meta property=\"og:title\" content=\"Poign\u00e9e avec insert en laiton pour prolonge Code IPP1002\" \/>\n<meta property=\"og:description\" content=\"Poign\u00e9e standard en plastique avec insert en laiton pour prolonge Code IPP1002 La poign\u00e9e en plastique standard avec insert en laiton utilise le filetage qui se trouve sur la partie oppos\u00e9e \u00e0 la poign\u00e9e et est compatible avec tous les types de rallonges en polypropyl\u00e8ne et en acier pr\u00e9sentes sur notre e-commerce. AMR TOP dispose [&hellip;]\" \/>\n<meta property=\"og:url\" content=\"https:\/\/amrtop.net\/es\/producto\/manilla-con-inserto-de-laton-para-prolongacion-codigo-ipp1002\/\" \/>\n<meta property=\"og:site_name\" content=\"AMRTOP B2B \u00c9tranger - Achats r\u00e9serv\u00e9s au professionnel\" \/>\n<meta property=\"article:modified_time\" content=\"2023-06-08T09:03:31+00:00\" \/>\n<meta property=\"og:image\" content=\"https:\/\/amrtop.net\/wp-content\/uploads\/2022\/04\/maniglia-ralu-amr-1.jpg\" \/>\n\t<meta property=\"og:image:width\" content=\"640\" \/>\n\t<meta property=\"og:image:height\" content=\"640\" \/>\n\t<meta property=\"og:image:type\" content=\"image\/jpeg\" \/>\n<meta name=\"twitter:card\" content=\"summary_large_image\" \/>\n<meta name=\"twitter:label1\" content=\"Tiempo de lectura\" \/>\n\t<meta name=\"twitter:data1\" content=\"1 minuto\" \/>\n<script type=\"application\/ld+json\" class=\"yoast-schema-graph\">{\"@context\":\"https:\\\/\\\/schema.org\",\"@graph\":[{\"@type\":\"WebPage\",\"@id\":\"https:\\\/\\\/amrtop.net\\\/produit\\\/poignee-avec-insert-en-laiton-pour-prolonge-code-ipp1002\\\/\",\"url\":\"https:\\\/\\\/amrtop.net\\\/produit\\\/poignee-avec-insert-en-laiton-pour-prolonge-code-ipp1002\\\/\",\"name\":\"Poign\u00e9e avec insert en laiton pour prolonge Code IPP1002\",\"isPartOf\":{\"@id\":\"https:\\\/\\\/amrtop.net\\\/#website\"},\"primaryImageOfPage\":{\"@id\":\"https:\\\/\\\/amrtop.net\\\/produit\\\/poignee-avec-insert-en-laiton-pour-prolonge-code-ipp1002\\\/#primaryimage\"},\"image\":{\"@id\":\"https:\\\/\\\/amrtop.net\\\/produit\\\/poignee-avec-insert-en-laiton-pour-prolonge-code-ipp1002\\\/#primaryimage\"},\"thumbnailUrl\":\"https:\\\/\\\/amrtop.net\\\/wp-content\\\/uploads\\\/2022\\\/04\\\/maniglia-ralu-amr-1.jpg\",\"datePublished\":\"2022-03-22T14:32:53+00:00\",\"dateModified\":\"2023-06-08T09:03:31+00:00\",\"breadcrumb\":{\"@id\":\"https:\\\/\\\/amrtop.net\\\/produit\\\/poignee-avec-insert-en-laiton-pour-prolonge-code-ipp1002\\\/#breadcrumb\"},\"inLanguage\":\"es\",\"potentialAction\":[{\"@type\":\"ReadAction\",\"target\":[\"https:\\\/\\\/amrtop.net\\\/produit\\\/poignee-avec-insert-en-laiton-pour-prolonge-code-ipp1002\\\/\"]}]},{\"@type\":\"ImageObject\",\"inLanguage\":\"es\",\"@id\":\"https:\\\/\\\/amrtop.net\\\/produit\\\/poignee-avec-insert-en-laiton-pour-prolonge-code-ipp1002\\\/#primaryimage\",\"url\":\"https:\\\/\\\/amrtop.net\\\/wp-content\\\/uploads\\\/2022\\\/04\\\/maniglia-ralu-amr-1.jpg\",\"contentUrl\":\"https:\\\/\\\/amrtop.net\\\/wp-content\\\/uploads\\\/2022\\\/04\\\/maniglia-ralu-amr-1.jpg\",\"width\":640,\"height\":640,\"caption\":\"Poign\u00e9e avec insert en laiton pour prolonge Code IPP1002\"},{\"@type\":\"BreadcrumbList\",\"@id\":\"https:\\\/\\\/amrtop.net\\\/produit\\\/poignee-avec-insert-en-laiton-pour-prolonge-code-ipp1002\\\/#breadcrumb\",\"itemListElement\":[{\"@type\":\"ListItem\",\"position\":1,\"name\":\"Home\",\"item\":\"https:\\\/\\\/amrtop.net\\\/\"},{\"@type\":\"ListItem\",\"position\":2,\"name\":\"Shop\",\"item\":\"https:\\\/\\\/amrtop.net\\\/negozio\\\/\"},{\"@type\":\"ListItem\",\"position\":3,\"name\":\"Poign\u00e9e avec insert en laiton pour prolonge Code IPP1002\"}]},{\"@type\":\"WebSite\",\"@id\":\"https:\\\/\\\/amrtop.net\\\/#website\",\"url\":\"https:\\\/\\\/amrtop.net\\\/\",\"name\":\"AMRTOP B2B \u00c9tranger - Achats r\u00e9serv\u00e9s au professionnel\",\"description\":\"Pi\u00e8ces de rechange et accessoires pour po\u00eales et chaudi\u00e8res - eCommerce B2B pour Clients Professionnels\",\"potentialAction\":[{\"@type\":\"SearchAction\",\"target\":{\"@type\":\"EntryPoint\",\"urlTemplate\":\"https:\\\/\\\/amrtop.net\\\/?s={search_term_string}\"},\"query-input\":{\"@type\":\"PropertyValueSpecification\",\"valueRequired\":true,\"valueName\":\"search_term_string\"}}],\"inLanguage\":\"es\"}]}<\/script>\n<!-- \/ Yoast SEO plugin. -->","yoast_head_json":{"title":"Asa con inserto de lat\u00f3n para prolongaci\u00f3n C\u00f3digo IPP1002","robots":{"index":"index","follow":"follow","max-snippet":"max-snippet:-1","max-image-preview":"max-image-preview:large","max-video-preview":"max-video-preview:-1"},"canonical":"https:\/\/amrtop.net\/es\/producto\/manilla-con-inserto-de-laton-para-prolongacion-codigo-ipp1002\/","og_locale":"es_ES","og_type":"article","og_title":"Poign\u00e9e avec insert en laiton pour prolonge Code IPP1002","og_description":"Poign\u00e9e standard en plastique avec insert en laiton pour prolonge Code IPP1002 La poign\u00e9e en plastique standard avec insert en laiton utilise le filetage qui se trouve sur la partie oppos\u00e9e \u00e0 la poign\u00e9e et est compatible avec tous les types de rallonges en polypropyl\u00e8ne et en acier pr\u00e9sentes sur notre e-commerce. AMR TOP dispose [&hellip;]","og_url":"https:\/\/amrtop.net\/es\/producto\/manilla-con-inserto-de-laton-para-prolongacion-codigo-ipp1002\/","og_site_name":"AMRTOP B2B \u00c9tranger - Achats r\u00e9serv\u00e9s au professionnel","article_modified_time":"2023-06-08T09:03:31+00:00","og_image":[{"width":640,"height":640,"url":"https:\/\/amrtop.net\/wp-content\/uploads\/2022\/04\/maniglia-ralu-amr-1.jpg","type":"image\/jpeg"}],"twitter_card":"summary_large_image","twitter_misc":{"Tiempo de lectura":"1 minuto"},"schema":{"@context":"https:\/\/schema.org","@graph":[{"@type":"WebPage","@id":"https:\/\/amrtop.net\/produit\/poignee-avec-insert-en-laiton-pour-prolonge-code-ipp1002\/","url":"https:\/\/amrtop.net\/produit\/poignee-avec-insert-en-laiton-pour-prolonge-code-ipp1002\/","name":"Asa con inserto de lat\u00f3n para prolongaci\u00f3n C\u00f3digo IPP1002","isPartOf":{"@id":"https:\/\/amrtop.net\/#website"},"primaryImageOfPage":{"@id":"https:\/\/amrtop.net\/produit\/poignee-avec-insert-en-laiton-pour-prolonge-code-ipp1002\/#primaryimage"},"image":{"@id":"https:\/\/amrtop.net\/produit\/poignee-avec-insert-en-laiton-pour-prolonge-code-ipp1002\/#primaryimage"},"thumbnailUrl":"https:\/\/amrtop.net\/wp-content\/uploads\/2022\/04\/maniglia-ralu-amr-1.jpg","datePublished":"2022-03-22T14:32:53+00:00","dateModified":"2023-06-08T09:03:31+00:00","breadcrumb":{"@id":"https:\/\/amrtop.net\/produit\/poignee-avec-insert-en-laiton-pour-prolonge-code-ipp1002\/#breadcrumb"},"inLanguage":"es","potentialAction":[{"@type":"ReadAction","target":["https:\/\/amrtop.net\/produit\/poignee-avec-insert-en-laiton-pour-prolonge-code-ipp1002\/"]}]},{"@type":"ImageObject","inLanguage":"es","@id":"https:\/\/amrtop.net\/produit\/poignee-avec-insert-en-laiton-pour-prolonge-code-ipp1002\/#primaryimage","url":"https:\/\/amrtop.net\/wp-content\/uploads\/2022\/04\/maniglia-ralu-amr-1.jpg","contentUrl":"https:\/\/amrtop.net\/wp-content\/uploads\/2022\/04\/maniglia-ralu-amr-1.jpg","width":640,"height":640,"caption":"Poign\u00e9e avec insert en laiton pour prolonge Code IPP1002"},{"@type":"BreadcrumbList","@id":"https:\/\/amrtop.net\/produit\/poignee-avec-insert-en-laiton-pour-prolonge-code-ipp1002\/#breadcrumb","itemListElement":[{"@type":"ListItem","position":1,"name":"Home","item":"https:\/\/amrtop.net\/"},{"@type":"ListItem","position":2,"name":"Shop","item":"https:\/\/amrtop.net\/negozio\/"},{"@type":"ListItem","position":3,"name":"Poign\u00e9e avec insert en laiton pour prolonge Code IPP1002"}]},{"@type":"WebSite","@id":"https:\/\/amrtop.net\/#website","url":"https:\/\/amrtop.net\/","name":"AMRTOP B2B Abroad - Compras reservadas a los profesionales","description":"Recambios y accesorios para estufas y calderas - Comercio electr\u00f3nico B2B para profesionales","potentialAction":[{"@type":"SearchAction","target":{"@type":"EntryPoint","urlTemplate":"https:\/\/amrtop.net\/?s={search_term_string}"},"query-input":{"@type":"PropertyValueSpecification","valueRequired":true,"valueName":"search_term_string"}}],"inLanguage":"es"}]}},"_links":{"self":[{"href":"https:\/\/amrtop.net\/es\/wp-json\/wp\/v2\/product\/22662","targetHints":{"allow":["GET"]}}],"collection":[{"href":"https:\/\/amrtop.net\/es\/wp-json\/wp\/v2\/product"}],"about":[{"href":"https:\/\/amrtop.net\/es\/wp-json\/wp\/v2\/types\/product"}],"replies":[{"embeddable":true,"href":"https:\/\/amrtop.net\/es\/wp-json\/wp\/v2\/comments?post=22662"}],"wp:featuredmedia":[{"embeddable":true,"href":"https:\/\/amrtop.net\/es\/wp-json\/wp\/v2\/media\/23143"}],"wp:attachment":[{"href":"https:\/\/amrtop.net\/es\/wp-json\/wp\/v2\/media?parent=22662"}],"wp:term":[{"taxonomy":"product_brand","embeddable":true,"href":"https:\/\/amrtop.net\/es\/wp-json\/wp\/v2\/product_brand?post=22662"},{"taxonomy":"product_cat","embeddable":true,"href":"https:\/\/amrtop.net\/es\/wp-json\/wp\/v2\/product_cat?post=22662"},{"taxonomy":"product_tag","embeddable":true,"href":"https:\/\/amrtop.net\/es\/wp-json\/wp\/v2\/product_tag?post=22662"}],"curies":[{"name":"wp","href":"https:\/\/api.w.org\/{rel}","templated":true}]}}