{"id":22690,"date":"2022-03-23T08:56:10","date_gmt":"2022-03-23T08:56:10","guid":{"rendered":"https:\/\/amrtop.com\/B2B\/?post_type=product&#038;p=22690"},"modified":"2023-06-08T09:48:42","modified_gmt":"2023-06-08T09:48:42","slug":"brosse-de-rechange-pour-herisson-flex-o-80-mm-en-nylon-code-spz1003","status":"publish","type":"product","link":"https:\/\/amrtop.net\/es\/produit\/brosse-de-rechange-pour-herisson-flex-o-80-mm-en-nylon-code-spz1003\/","title":{"rendered":"Cepillo de recambio para erizo flexible de nylon \u00f8 80 mm C\u00f3digo SPZ1003"},"content":{"rendered":"<hr \/>\n<h3>H\u00e9risson FLEX en nylon mall\u00e9able \u00f8 80 mm<\/h3>\n<p>Code SPZ1003<\/p>\n<hr \/>\n<p>H\u00e9risson FLEX en nylon \u00f8 80 mm id\u00e9al pour le nettoyage des po\u00eales et chaudi\u00e8res \u00e0 pellets et bois.<\/p>","protected":false},"excerpt":{"rendered":"<h2><span style=\"color: #339966\">Disponible en<\/span><\/h2>","protected":false},"featured_media":33031,"comment_status":"open","ping_status":"closed","template":"","meta":[],"product_brand":[],"product_cat":[1506,1505],"product_tag":[],"class_list":{"0":"post-22690","1":"product","2":"type-product","3":"status-publish","4":"has-post-thumbnail","6":"product_cat-accessoires-bois-et-pellets","7":"product_cat-produits-et-accessoires-fumisterie","9":"first","10":"instock","11":"shipping-taxable","12":"purchasable","13":"product-type-simple"},"yoast_head":"<!-- This site is optimized with the Yoast SEO plugin v27.4 - https:\/\/yoast.com\/product\/yoast-seo-wordpress\/ -->\n<title>Brosse de rechange pour h\u00e9risson flex \u00f8 80 mm en nylon Code SPZ1003<\/title>\n<meta name=\"robots\" content=\"index, follow, max-snippet:-1, max-image-preview:large, max-video-preview:-1\" \/>\n<link rel=\"canonical\" href=\"https:\/\/amrtop.net\/es\/producto\/brosse-de-rechange-pour-herisson-flex-o-80-mm-en-nylon-code-spz1003\/\" \/>\n<meta property=\"og:locale\" content=\"es_ES\" \/>\n<meta property=\"og:type\" content=\"article\" \/>\n<meta property=\"og:title\" content=\"Brosse de rechange pour h\u00e9risson flex \u00f8 80 mm en nylon Code SPZ1003\" \/>\n<meta property=\"og:description\" content=\"Disponible\" \/>\n<meta property=\"og:url\" content=\"https:\/\/amrtop.net\/es\/producto\/brosse-de-rechange-pour-herisson-flex-o-80-mm-en-nylon-code-spz1003\/\" \/>\n<meta property=\"og:site_name\" content=\"AMRTOP B2B \u00c9tranger - Achats r\u00e9serv\u00e9s au professionnel\" \/>\n<meta property=\"article:modified_time\" content=\"2023-06-08T09:48:42+00:00\" \/>\n<meta property=\"og:image\" content=\"https:\/\/amrtop.net\/wp-content\/uploads\/2022\/06\/spazzola-per-scovolo-flex.jpg\" \/>\n\t<meta property=\"og:image:width\" content=\"640\" \/>\n\t<meta property=\"og:image:height\" content=\"640\" \/>\n\t<meta property=\"og:image:type\" content=\"image\/jpeg\" \/>\n<meta name=\"twitter:card\" content=\"summary_large_image\" \/>\n<script type=\"application\/ld+json\" class=\"yoast-schema-graph\">{\"@context\":\"https:\\\/\\\/schema.org\",\"@graph\":[{\"@type\":\"WebPage\",\"@id\":\"https:\\\/\\\/amrtop.net\\\/produit\\\/brosse-de-rechange-pour-herisson-flex-o-80-mm-en-nylon-code-spz1003\\\/\",\"url\":\"https:\\\/\\\/amrtop.net\\\/produit\\\/brosse-de-rechange-pour-herisson-flex-o-80-mm-en-nylon-code-spz1003\\\/\",\"name\":\"Brosse de rechange pour h\u00e9risson flex \u00f8 80 mm en nylon Code SPZ1003\",\"isPartOf\":{\"@id\":\"https:\\\/\\\/amrtop.net\\\/#website\"},\"primaryImageOfPage\":{\"@id\":\"https:\\\/\\\/amrtop.net\\\/produit\\\/brosse-de-rechange-pour-herisson-flex-o-80-mm-en-nylon-code-spz1003\\\/#primaryimage\"},\"image\":{\"@id\":\"https:\\\/\\\/amrtop.net\\\/produit\\\/brosse-de-rechange-pour-herisson-flex-o-80-mm-en-nylon-code-spz1003\\\/#primaryimage\"},\"thumbnailUrl\":\"https:\\\/\\\/amrtop.net\\\/wp-content\\\/uploads\\\/2022\\\/06\\\/spazzola-per-scovolo-flex.jpg\",\"datePublished\":\"2022-03-23T08:56:10+00:00\",\"dateModified\":\"2023-06-08T09:48:42+00:00\",\"breadcrumb\":{\"@id\":\"https:\\\/\\\/amrtop.net\\\/produit\\\/brosse-de-rechange-pour-herisson-flex-o-80-mm-en-nylon-code-spz1003\\\/#breadcrumb\"},\"inLanguage\":\"es\",\"potentialAction\":[{\"@type\":\"ReadAction\",\"target\":[\"https:\\\/\\\/amrtop.net\\\/produit\\\/brosse-de-rechange-pour-herisson-flex-o-80-mm-en-nylon-code-spz1003\\\/\"]}]},{\"@type\":\"ImageObject\",\"inLanguage\":\"es\",\"@id\":\"https:\\\/\\\/amrtop.net\\\/produit\\\/brosse-de-rechange-pour-herisson-flex-o-80-mm-en-nylon-code-spz1003\\\/#primaryimage\",\"url\":\"https:\\\/\\\/amrtop.net\\\/wp-content\\\/uploads\\\/2022\\\/06\\\/spazzola-per-scovolo-flex.jpg\",\"contentUrl\":\"https:\\\/\\\/amrtop.net\\\/wp-content\\\/uploads\\\/2022\\\/06\\\/spazzola-per-scovolo-flex.jpg\",\"width\":640,\"height\":640,\"caption\":\"Brosse de rechange pour h\u00e9risson flex \u00f8 80 mm en nylon Code SPZ1003\"},{\"@type\":\"BreadcrumbList\",\"@id\":\"https:\\\/\\\/amrtop.net\\\/produit\\\/brosse-de-rechange-pour-herisson-flex-o-80-mm-en-nylon-code-spz1003\\\/#breadcrumb\",\"itemListElement\":[{\"@type\":\"ListItem\",\"position\":1,\"name\":\"Home\",\"item\":\"https:\\\/\\\/amrtop.net\\\/\"},{\"@type\":\"ListItem\",\"position\":2,\"name\":\"Shop\",\"item\":\"https:\\\/\\\/amrtop.net\\\/negozio\\\/\"},{\"@type\":\"ListItem\",\"position\":3,\"name\":\"Brosse de rechange pour h\u00e9risson flex \u00f8 80 mm en nylon Code SPZ1003\"}]},{\"@type\":\"WebSite\",\"@id\":\"https:\\\/\\\/amrtop.net\\\/#website\",\"url\":\"https:\\\/\\\/amrtop.net\\\/\",\"name\":\"AMRTOP B2B \u00c9tranger - Achats r\u00e9serv\u00e9s au professionnel\",\"description\":\"Pi\u00e8ces de rechange et accessoires pour po\u00eales et chaudi\u00e8res - eCommerce B2B pour Clients Professionnels\",\"potentialAction\":[{\"@type\":\"SearchAction\",\"target\":{\"@type\":\"EntryPoint\",\"urlTemplate\":\"https:\\\/\\\/amrtop.net\\\/?s={search_term_string}\"},\"query-input\":{\"@type\":\"PropertyValueSpecification\",\"valueRequired\":true,\"valueName\":\"search_term_string\"}}],\"inLanguage\":\"es\"}]}<\/script>\n<!-- \/ Yoast SEO plugin. -->","yoast_head_json":{"title":"Cepillo de recambio para erizo flexible de nylon \u00f8 80 mm C\u00f3digo SPZ1003","robots":{"index":"index","follow":"follow","max-snippet":"max-snippet:-1","max-image-preview":"max-image-preview:large","max-video-preview":"max-video-preview:-1"},"canonical":"https:\/\/amrtop.net\/es\/producto\/brosse-de-rechange-pour-herisson-flex-o-80-mm-en-nylon-code-spz1003\/","og_locale":"es_ES","og_type":"article","og_title":"Brosse de rechange pour h\u00e9risson flex \u00f8 80 mm en nylon Code SPZ1003","og_description":"Disponible","og_url":"https:\/\/amrtop.net\/es\/producto\/brosse-de-rechange-pour-herisson-flex-o-80-mm-en-nylon-code-spz1003\/","og_site_name":"AMRTOP B2B \u00c9tranger - Achats r\u00e9serv\u00e9s au professionnel","article_modified_time":"2023-06-08T09:48:42+00:00","og_image":[{"width":640,"height":640,"url":"https:\/\/amrtop.net\/wp-content\/uploads\/2022\/06\/spazzola-per-scovolo-flex.jpg","type":"image\/jpeg"}],"twitter_card":"summary_large_image","schema":{"@context":"https:\/\/schema.org","@graph":[{"@type":"WebPage","@id":"https:\/\/amrtop.net\/produit\/brosse-de-rechange-pour-herisson-flex-o-80-mm-en-nylon-code-spz1003\/","url":"https:\/\/amrtop.net\/produit\/brosse-de-rechange-pour-herisson-flex-o-80-mm-en-nylon-code-spz1003\/","name":"Cepillo de recambio para erizo flexible de nylon \u00f8 80 mm C\u00f3digo SPZ1003","isPartOf":{"@id":"https:\/\/amrtop.net\/#website"},"primaryImageOfPage":{"@id":"https:\/\/amrtop.net\/produit\/brosse-de-rechange-pour-herisson-flex-o-80-mm-en-nylon-code-spz1003\/#primaryimage"},"image":{"@id":"https:\/\/amrtop.net\/produit\/brosse-de-rechange-pour-herisson-flex-o-80-mm-en-nylon-code-spz1003\/#primaryimage"},"thumbnailUrl":"https:\/\/amrtop.net\/wp-content\/uploads\/2022\/06\/spazzola-per-scovolo-flex.jpg","datePublished":"2022-03-23T08:56:10+00:00","dateModified":"2023-06-08T09:48:42+00:00","breadcrumb":{"@id":"https:\/\/amrtop.net\/produit\/brosse-de-rechange-pour-herisson-flex-o-80-mm-en-nylon-code-spz1003\/#breadcrumb"},"inLanguage":"es","potentialAction":[{"@type":"ReadAction","target":["https:\/\/amrtop.net\/produit\/brosse-de-rechange-pour-herisson-flex-o-80-mm-en-nylon-code-spz1003\/"]}]},{"@type":"ImageObject","inLanguage":"es","@id":"https:\/\/amrtop.net\/produit\/brosse-de-rechange-pour-herisson-flex-o-80-mm-en-nylon-code-spz1003\/#primaryimage","url":"https:\/\/amrtop.net\/wp-content\/uploads\/2022\/06\/spazzola-per-scovolo-flex.jpg","contentUrl":"https:\/\/amrtop.net\/wp-content\/uploads\/2022\/06\/spazzola-per-scovolo-flex.jpg","width":640,"height":640,"caption":"Brosse de rechange pour h\u00e9risson flex \u00f8 80 mm en nylon Code SPZ1003"},{"@type":"BreadcrumbList","@id":"https:\/\/amrtop.net\/produit\/brosse-de-rechange-pour-herisson-flex-o-80-mm-en-nylon-code-spz1003\/#breadcrumb","itemListElement":[{"@type":"ListItem","position":1,"name":"Home","item":"https:\/\/amrtop.net\/"},{"@type":"ListItem","position":2,"name":"Shop","item":"https:\/\/amrtop.net\/negozio\/"},{"@type":"ListItem","position":3,"name":"Brosse de rechange pour h\u00e9risson flex \u00f8 80 mm en nylon Code SPZ1003"}]},{"@type":"WebSite","@id":"https:\/\/amrtop.net\/#website","url":"https:\/\/amrtop.net\/","name":"AMRTOP B2B Abroad - Compras reservadas a los profesionales","description":"Recambios y accesorios para estufas y calderas - Comercio electr\u00f3nico B2B para profesionales","potentialAction":[{"@type":"SearchAction","target":{"@type":"EntryPoint","urlTemplate":"https:\/\/amrtop.net\/?s={search_term_string}"},"query-input":{"@type":"PropertyValueSpecification","valueRequired":true,"valueName":"search_term_string"}}],"inLanguage":"es"}]}},"_links":{"self":[{"href":"https:\/\/amrtop.net\/es\/wp-json\/wp\/v2\/product\/22690","targetHints":{"allow":["GET"]}}],"collection":[{"href":"https:\/\/amrtop.net\/es\/wp-json\/wp\/v2\/product"}],"about":[{"href":"https:\/\/amrtop.net\/es\/wp-json\/wp\/v2\/types\/product"}],"replies":[{"embeddable":true,"href":"https:\/\/amrtop.net\/es\/wp-json\/wp\/v2\/comments?post=22690"}],"wp:featuredmedia":[{"embeddable":true,"href":"https:\/\/amrtop.net\/es\/wp-json\/wp\/v2\/media\/33031"}],"wp:attachment":[{"href":"https:\/\/amrtop.net\/es\/wp-json\/wp\/v2\/media?parent=22690"}],"wp:term":[{"taxonomy":"product_brand","embeddable":true,"href":"https:\/\/amrtop.net\/es\/wp-json\/wp\/v2\/product_brand?post=22690"},{"taxonomy":"product_cat","embeddable":true,"href":"https:\/\/amrtop.net\/es\/wp-json\/wp\/v2\/product_cat?post=22690"},{"taxonomy":"product_tag","embeddable":true,"href":"https:\/\/amrtop.net\/es\/wp-json\/wp\/v2\/product_tag?post=22690"}],"curies":[{"name":"wp","href":"https:\/\/api.w.org\/{rel}","templated":true}]}}