{"id":22820,"date":"2022-05-30T13:24:39","date_gmt":"2022-05-30T13:24:39","guid":{"rendered":"https:\/\/amrtop.com\/B2B\/?post_type=product&#038;p=22820"},"modified":"2023-08-02T12:25:18","modified_gmt":"2023-08-02T12:25:18","slug":"chaussette-rond-en-fibre-de-verre","status":"publish","type":"product","link":"https:\/\/amrtop.net\/es\/produit\/chaussette-rond-en-fibre-de-verre\/","title":{"rendered":"Calcet\u00edn redondo de fibra de vidrio para estufas y chimeneas en kit y en bobina"},"content":{"rendered":"<h3>Chaussette rond en fibre de verre<\/h3>\n<div class=\"woocommerce-product-details__short-description\">\n<p>En la comercializaci\u00f3n de este tipo de productos, Amrtop trabaja exclusivamente con empresas certificadas ISO 9001 con m\u00e1s de 30 a\u00f1os en el mercado, altamente especializadas y l\u00edderes en la producci\u00f3n de Textiles T\u00e9cnicos para aislamiento t\u00e9rmico y juntas est\u00e1ticas para altas temperaturas:<\/p>\n<p>Cuerdas, Trenzas, Medias, Cintas, Tejidos, Productos aislantes y aislantes, Juntas de dilataci\u00f3n.<\/p>\n<p>Las trenzas y cintas de fibra de vidrio que ofrece Amrtop evitan posibles da\u00f1os a las personas, pero tambi\u00e9n protegen otras partes de las instalaciones de una exposici\u00f3n excesiva o evitan el riesgo de revent\u00f3n o incendio provocado por el calentamiento.<\/p>\n<h3>Aplicaciones<\/h3>\n<ul>\n<li>Estufas de pellets y de le\u00f1a<\/li>\n<li>Chimeneas de le\u00f1a y pellets<\/li>\n<li>Radiadores y calderas de le\u00f1a y pellets<\/li>\n<\/ul>\n<h3>Utilisation de la chaussette rond en fibre de verre<\/h3>\n<p>La Chaussette adh\u00e9sive en fibre de verre et la corde en fibre de c\u00e9ramique adh\u00e9sive et normale s\u2019appliquent normalement dans la porte d\u2019inspection pour le nettoyage ordinaire de toutes les chambres de combustion, porte foyer et r\u00e9servoir et aussi dans le verre pour porte-foyer des appareils \u00e0 bois et pellets.<\/p>\n<p>En algunos casos, para poder aplicarlos, necesita cola o masilla refractaria espec\u00edfica para altas temperaturas, que puede encontrar en diferentes formatos en el sitio de comercio electr\u00f3nico de<\/p>\n<h3>Interior<\/h3>\n<p><a href=\"https:\/\/wekos.it\/\">Estufas, cocinas y cocinas de le\u00f1a<\/a>\u00a0-\u00a0<a href=\"https:\/\/www.greenpuros.com\/\">chimeneas, estufas y calderas de pellets.<\/a><\/p>\n<h3>Gama Amrtop de recambios y accesorios<\/h3>\n<\/div>","protected":false},"excerpt":{"rendered":"<div class=\"woocommerce-product-details__short-description\">\n<h2><span style=\"color: #008000;\">Disponible en<\/span><\/h2>\n<hr \/>\n<p><strong>CONTENIDO :<\/strong><\/p>\n<ul>\n<li>Kit de 2,5 m\u00e8tres de Chaussette rond adh\u00e9sif en fibre de verre<\/li>\n<li>Bobine de 10 m\u00e8tres de chaussette rond en fibre de verre<\/li>\n<li>Bobina da 50 mt di calza tonda in fibra di vetro<\/li>\n<\/ul>\n<\/div>","protected":false},"featured_media":35342,"comment_status":"open","ping_status":"closed","template":"","meta":[],"product_brand":[],"product_cat":[1343,839],"product_tag":[],"class_list":{"0":"post-22820","1":"product","2":"type-product","3":"status-publish","4":"has-post-thumbnail","6":"product_cat-joints-detancheite-pour-poele-et-cheminees","7":"product_cat-pieces-de-rechange-divers-poeles-et-chaudieres","9":"first","10":"instock","11":"shipping-taxable","12":"purchasable","13":"product-type-variable"},"yoast_head":"<!-- This site is optimized with the Yoast SEO plugin v27.4 - https:\/\/yoast.com\/product\/yoast-seo-wordpress\/ -->\n<title>Chaussette rond en fibre de verre<\/title>\n<meta name=\"description\" content=\"Chaussette rond en fibre de verre - Bas adh\u00e9sif en fibre de verre - Tresse pour po\u00eale \u00e0 pellets - Tresse pour chemin\u00e9es \u00e0 bois - Tresse pour foyers \u00e0 bois - Tresse pour inserts \u00e0 bois - Tresse pour portes po\u00eales inserts \u00e0 bois - Joint pour portes po\u00eales inserts \u00e0 bois Joint pour portes chaudi\u00e8res et radiateurs \u00e0 pellets\" \/>\n<meta name=\"robots\" content=\"index, follow, max-snippet:-1, max-image-preview:large, max-video-preview:-1\" \/>\n<link rel=\"canonical\" href=\"https:\/\/amrtop.net\/es\/producto\/chaussette-rond-en-fibre-de-verre\/\" \/>\n<meta property=\"og:locale\" content=\"es_ES\" \/>\n<meta property=\"og:type\" content=\"article\" \/>\n<meta property=\"og:title\" content=\"Chaussette rond en fibre de verre\" \/>\n<meta property=\"og:description\" content=\"Chaussette rond en fibre de verre - Bas adh\u00e9sif en fibre de verre - Tresse pour po\u00eale \u00e0 pellets - Tresse pour chemin\u00e9es \u00e0 bois - Tresse pour foyers \u00e0 bois - Tresse pour inserts \u00e0 bois - Tresse pour portes po\u00eales inserts \u00e0 bois - Joint pour portes po\u00eales inserts \u00e0 bois Joint pour portes chaudi\u00e8res et radiateurs \u00e0 pellets\" \/>\n<meta property=\"og:url\" content=\"https:\/\/amrtop.net\/es\/producto\/chaussette-rond-en-fibre-de-verre\/\" \/>\n<meta property=\"og:site_name\" content=\"AMRTOP B2B \u00c9tranger - Achats r\u00e9serv\u00e9s au professionnel\" \/>\n<meta property=\"article:modified_time\" content=\"2023-08-02T12:25:18+00:00\" \/>\n<meta property=\"og:image\" content=\"https:\/\/amrtop.net\/wp-content\/uploads\/2022\/05\/CALZA-TONDA-IN-FIBRA-DI-VETRO.jpg\" \/>\n\t<meta property=\"og:image:width\" content=\"640\" \/>\n\t<meta property=\"og:image:height\" content=\"640\" \/>\n\t<meta property=\"og:image:type\" content=\"image\/jpeg\" \/>\n<meta name=\"twitter:card\" content=\"summary_large_image\" \/>\n<meta name=\"twitter:label1\" content=\"Tiempo de lectura\" \/>\n\t<meta name=\"twitter:data1\" content=\"1 minuto\" \/>\n<script type=\"application\/ld+json\" class=\"yoast-schema-graph\">{\"@context\":\"https:\\\/\\\/schema.org\",\"@graph\":[{\"@type\":\"WebPage\",\"@id\":\"https:\\\/\\\/amrtop.net\\\/produit\\\/chaussette-rond-en-fibre-de-verre\\\/\",\"url\":\"https:\\\/\\\/amrtop.net\\\/produit\\\/chaussette-rond-en-fibre-de-verre\\\/\",\"name\":\"Chaussette rond en fibre de verre\",\"isPartOf\":{\"@id\":\"https:\\\/\\\/amrtop.net\\\/#website\"},\"primaryImageOfPage\":{\"@id\":\"https:\\\/\\\/amrtop.net\\\/produit\\\/chaussette-rond-en-fibre-de-verre\\\/#primaryimage\"},\"image\":{\"@id\":\"https:\\\/\\\/amrtop.net\\\/produit\\\/chaussette-rond-en-fibre-de-verre\\\/#primaryimage\"},\"thumbnailUrl\":\"https:\\\/\\\/amrtop.net\\\/wp-content\\\/uploads\\\/2022\\\/05\\\/CALZA-TONDA-IN-FIBRA-DI-VETRO.jpg\",\"datePublished\":\"2022-05-30T13:24:39+00:00\",\"dateModified\":\"2023-08-02T12:25:18+00:00\",\"description\":\"Chaussette rond en fibre de verre - Bas adh\u00e9sif en fibre de verre - Tresse pour po\u00eale \u00e0 pellets - Tresse pour chemin\u00e9es \u00e0 bois - Tresse pour foyers \u00e0 bois - Tresse pour inserts \u00e0 bois - Tresse pour portes po\u00eales inserts \u00e0 bois - Joint pour portes po\u00eales inserts \u00e0 bois Joint pour portes chaudi\u00e8res et radiateurs \u00e0 pellets\",\"breadcrumb\":{\"@id\":\"https:\\\/\\\/amrtop.net\\\/produit\\\/chaussette-rond-en-fibre-de-verre\\\/#breadcrumb\"},\"inLanguage\":\"es\",\"potentialAction\":[{\"@type\":\"ReadAction\",\"target\":[\"https:\\\/\\\/amrtop.net\\\/produit\\\/chaussette-rond-en-fibre-de-verre\\\/\"]}]},{\"@type\":\"ImageObject\",\"inLanguage\":\"es\",\"@id\":\"https:\\\/\\\/amrtop.net\\\/produit\\\/chaussette-rond-en-fibre-de-verre\\\/#primaryimage\",\"url\":\"https:\\\/\\\/amrtop.net\\\/wp-content\\\/uploads\\\/2022\\\/05\\\/CALZA-TONDA-IN-FIBRA-DI-VETRO.jpg\",\"contentUrl\":\"https:\\\/\\\/amrtop.net\\\/wp-content\\\/uploads\\\/2022\\\/05\\\/CALZA-TONDA-IN-FIBRA-DI-VETRO.jpg\",\"width\":640,\"height\":640,\"caption\":\"Chaussette rond en fibre de verre - Bas adh\u00e9sif en fibre de verre - Tresse pour po\u00eale \u00e0 pellets - Tresse pour chemin\u00e9es \u00e0 bois - Tresse pour foyers \u00e0 bois - Tresse pour inserts \u00e0 bois - Tresse pour portes po\u00eales inserts \u00e0 bois - Joint pour portes po\u00eales inserts \u00e0 bois Joint pour portes chaudi\u00e8res et radiateurs \u00e0 pellets\"},{\"@type\":\"BreadcrumbList\",\"@id\":\"https:\\\/\\\/amrtop.net\\\/produit\\\/chaussette-rond-en-fibre-de-verre\\\/#breadcrumb\",\"itemListElement\":[{\"@type\":\"ListItem\",\"position\":1,\"name\":\"Home\",\"item\":\"https:\\\/\\\/amrtop.net\\\/\"},{\"@type\":\"ListItem\",\"position\":2,\"name\":\"Shop\",\"item\":\"https:\\\/\\\/amrtop.net\\\/negozio\\\/\"},{\"@type\":\"ListItem\",\"position\":3,\"name\":\"Chaussette rond en fibre de verre pour po\u00eales et chemin\u00e9es en kit et bobine\"}]},{\"@type\":\"WebSite\",\"@id\":\"https:\\\/\\\/amrtop.net\\\/#website\",\"url\":\"https:\\\/\\\/amrtop.net\\\/\",\"name\":\"AMRTOP B2B \u00c9tranger - Achats r\u00e9serv\u00e9s au professionnel\",\"description\":\"Pi\u00e8ces de rechange et accessoires pour po\u00eales et chaudi\u00e8res - eCommerce B2B pour Clients Professionnels\",\"potentialAction\":[{\"@type\":\"SearchAction\",\"target\":{\"@type\":\"EntryPoint\",\"urlTemplate\":\"https:\\\/\\\/amrtop.net\\\/?s={search_term_string}\"},\"query-input\":{\"@type\":\"PropertyValueSpecification\",\"valueRequired\":true,\"valueName\":\"search_term_string\"}}],\"inLanguage\":\"es\"}]}<\/script>\n<!-- \/ Yoast SEO plugin. -->","yoast_head_json":{"title":"Chaussette rond en fibre de verre","description":"Media redonda de fibra de vidrio - Media adhesiva de fibra de vidrio - Trenza para estufas de pellets - Trenza para chimeneas de le\u00f1a - Trenza para chimeneas de le\u00f1a - Trenza para insertos de le\u00f1a - Trenza para puertas de insertos de le\u00f1a - Junta para puertas de insertos de le\u00f1a Junta para puertas de calderas de pellets y radiadores","robots":{"index":"index","follow":"follow","max-snippet":"max-snippet:-1","max-image-preview":"max-image-preview:large","max-video-preview":"max-video-preview:-1"},"canonical":"https:\/\/amrtop.net\/es\/producto\/chaussette-rond-en-fibre-de-verre\/","og_locale":"es_ES","og_type":"article","og_title":"Chaussette rond en fibre de verre","og_description":"Chaussette rond en fibre de verre - Bas adh\u00e9sif en fibre de verre - Tresse pour po\u00eale \u00e0 pellets - Tresse pour chemin\u00e9es \u00e0 bois - Tresse pour foyers \u00e0 bois - Tresse pour inserts \u00e0 bois - Tresse pour portes po\u00eales inserts \u00e0 bois - Joint pour portes po\u00eales inserts \u00e0 bois Joint pour portes chaudi\u00e8res et radiateurs \u00e0 pellets","og_url":"https:\/\/amrtop.net\/es\/producto\/chaussette-rond-en-fibre-de-verre\/","og_site_name":"AMRTOP B2B \u00c9tranger - Achats r\u00e9serv\u00e9s au professionnel","article_modified_time":"2023-08-02T12:25:18+00:00","og_image":[{"width":640,"height":640,"url":"https:\/\/amrtop.net\/wp-content\/uploads\/2022\/05\/CALZA-TONDA-IN-FIBRA-DI-VETRO.jpg","type":"image\/jpeg"}],"twitter_card":"summary_large_image","twitter_misc":{"Tiempo de lectura":"1 minuto"},"schema":{"@context":"https:\/\/schema.org","@graph":[{"@type":"WebPage","@id":"https:\/\/amrtop.net\/produit\/chaussette-rond-en-fibre-de-verre\/","url":"https:\/\/amrtop.net\/produit\/chaussette-rond-en-fibre-de-verre\/","name":"Chaussette rond en fibre de verre","isPartOf":{"@id":"https:\/\/amrtop.net\/#website"},"primaryImageOfPage":{"@id":"https:\/\/amrtop.net\/produit\/chaussette-rond-en-fibre-de-verre\/#primaryimage"},"image":{"@id":"https:\/\/amrtop.net\/produit\/chaussette-rond-en-fibre-de-verre\/#primaryimage"},"thumbnailUrl":"https:\/\/amrtop.net\/wp-content\/uploads\/2022\/05\/CALZA-TONDA-IN-FIBRA-DI-VETRO.jpg","datePublished":"2022-05-30T13:24:39+00:00","dateModified":"2023-08-02T12:25:18+00:00","description":"Media redonda de fibra de vidrio - Media adhesiva de fibra de vidrio - Trenza para estufas de pellets - Trenza para chimeneas de le\u00f1a - Trenza para chimeneas de le\u00f1a - Trenza para insertos de le\u00f1a - Trenza para puertas de insertos de le\u00f1a - Junta para puertas de insertos de le\u00f1a Junta para puertas de calderas de pellets y radiadores","breadcrumb":{"@id":"https:\/\/amrtop.net\/produit\/chaussette-rond-en-fibre-de-verre\/#breadcrumb"},"inLanguage":"es","potentialAction":[{"@type":"ReadAction","target":["https:\/\/amrtop.net\/produit\/chaussette-rond-en-fibre-de-verre\/"]}]},{"@type":"ImageObject","inLanguage":"es","@id":"https:\/\/amrtop.net\/produit\/chaussette-rond-en-fibre-de-verre\/#primaryimage","url":"https:\/\/amrtop.net\/wp-content\/uploads\/2022\/05\/CALZA-TONDA-IN-FIBRA-DI-VETRO.jpg","contentUrl":"https:\/\/amrtop.net\/wp-content\/uploads\/2022\/05\/CALZA-TONDA-IN-FIBRA-DI-VETRO.jpg","width":640,"height":640,"caption":"Chaussette rond en fibre de verre - Bas adh\u00e9sif en fibre de verre - Tresse pour po\u00eale \u00e0 pellets - Tresse pour chemin\u00e9es \u00e0 bois - Tresse pour foyers \u00e0 bois - Tresse pour inserts \u00e0 bois - Tresse pour portes po\u00eales inserts \u00e0 bois - Joint pour portes po\u00eales inserts \u00e0 bois Joint pour portes chaudi\u00e8res et radiateurs \u00e0 pellets"},{"@type":"BreadcrumbList","@id":"https:\/\/amrtop.net\/produit\/chaussette-rond-en-fibre-de-verre\/#breadcrumb","itemListElement":[{"@type":"ListItem","position":1,"name":"Home","item":"https:\/\/amrtop.net\/"},{"@type":"ListItem","position":2,"name":"Shop","item":"https:\/\/amrtop.net\/negozio\/"},{"@type":"ListItem","position":3,"name":"Chaussette rond en fibre de verre pour po\u00eales et chemin\u00e9es en kit et bobine"}]},{"@type":"WebSite","@id":"https:\/\/amrtop.net\/#website","url":"https:\/\/amrtop.net\/","name":"AMRTOP B2B Abroad - Compras reservadas a los profesionales","description":"Recambios y accesorios para estufas y calderas - Comercio electr\u00f3nico B2B para profesionales","potentialAction":[{"@type":"SearchAction","target":{"@type":"EntryPoint","urlTemplate":"https:\/\/amrtop.net\/?s={search_term_string}"},"query-input":{"@type":"PropertyValueSpecification","valueRequired":true,"valueName":"search_term_string"}}],"inLanguage":"es"}]}},"_links":{"self":[{"href":"https:\/\/amrtop.net\/es\/wp-json\/wp\/v2\/product\/22820","targetHints":{"allow":["GET"]}}],"collection":[{"href":"https:\/\/amrtop.net\/es\/wp-json\/wp\/v2\/product"}],"about":[{"href":"https:\/\/amrtop.net\/es\/wp-json\/wp\/v2\/types\/product"}],"replies":[{"embeddable":true,"href":"https:\/\/amrtop.net\/es\/wp-json\/wp\/v2\/comments?post=22820"}],"wp:featuredmedia":[{"embeddable":true,"href":"https:\/\/amrtop.net\/es\/wp-json\/wp\/v2\/media\/35342"}],"wp:attachment":[{"href":"https:\/\/amrtop.net\/es\/wp-json\/wp\/v2\/media?parent=22820"}],"wp:term":[{"taxonomy":"product_brand","embeddable":true,"href":"https:\/\/amrtop.net\/es\/wp-json\/wp\/v2\/product_brand?post=22820"},{"taxonomy":"product_cat","embeddable":true,"href":"https:\/\/amrtop.net\/es\/wp-json\/wp\/v2\/product_cat?post=22820"},{"taxonomy":"product_tag","embeddable":true,"href":"https:\/\/amrtop.net\/es\/wp-json\/wp\/v2\/product_tag?post=22820"}],"curies":[{"name":"wp","href":"https:\/\/api.w.org\/{rel}","templated":true}]}}