{"id":23623,"date":"2022-05-26T10:09:31","date_gmt":"2022-05-26T10:09:31","guid":{"rendered":"https:\/\/amrtop.com\/B2B\/?post_type=product&#038;p=23623"},"modified":"2023-06-09T09:40:14","modified_gmt":"2023-06-09T09:40:14","slug":"tube-lineaire-de-2-m-noire-0-4-mm-sp-black","status":"publish","type":"product","link":"https:\/\/amrtop.net\/es\/produit\/tube-lineaire-de-2-m-noire-0-4-mm-sp-black\/","title":{"rendered":"SPB01... - Tubo lineal de 2 m"},"content":{"rendered":"<h3><strong>Tube lin\u00e9aire de 2 m noire 0.4 mm SP-BLACK<\/strong><\/h3>\n<p>El sistema monoplaca SP BLACK consta de elementos modulares r\u00edgidos fabricados en acero inoxidable AISI 316L.<\/p>\n<p>d\u2019une \u00e9paisseur minimale de 0,4 mm et peints avec une peinture r\u00e9sistante jusqu\u2019\u00e0 550\u00a0 , conformes aux normes<\/p>\n<p>marquage CE conform\u00e9ment \u00e0 la norme EN 1856-1.<\/p>\n<p>Los elementos modulares tienen un racor de vidrio macho-hembra calibrado cl\u00e1sico con un<\/p>\n<p>triple l\u00e8vre, \u00e0 n\u2019utiliser qu\u2019\u00e0 des temp\u00e9ratures ne d\u00e9passant pas 200 \u00baC et \u00e0 des pressions positives allant jusqu\u2019\u00e0 200 Pa, conforme<\/p>\n<p>\u00e0 la norme europ\u00e9enne EN 14241-1, et jonction m\u00e9canique avec collier de s\u00e9curit\u00e9.<\/p>\n<p><strong>Aplicaci\u00f3n<\/strong><\/p>\n<p><strong>Utilisation du t<\/strong><strong>ube lin\u00e9aire de 2 m noire 0.4 mm SP-BLACK<\/strong><\/p>\n<p>El tubo lineal de 1 metro en SP NEGRO pintado de negro mate de una sola pieza, de 0,4 mm de espesor, se utiliza para realizar conductos, humeros, chimeneas met\u00e1licas, conductos de vapor de aire para generadores de calor atmosf\u00e9ricos, presurizados, de aire forzado, tradicionales o de condensaci\u00f3n, campanas de cocina para uso industrial o dom\u00e9stico, estufas de le\u00f1a, chimeneas, estufas de pellets, etc.<\/p>\n<p><strong>Di\u00e1metros disponibles - mm <\/strong><\/p>\n<p><strong>\u00f8 80 mm |\u00f8 100 mm<\/strong><\/p>\n<p><strong>\u00f8i 80 mm - \u00f8e 100 mm | \u00f8i 100 mm - \u00f8e 120 mm\u00a0<\/strong><\/p>\n<p><strong>Gama de sistemas de humo AMR TOP\u00a0\u00a0\u00a0\u00a0\u00a0\u00a0 <\/strong><\/p>\n<h3><strong> \u00a0 \u00a0 \u00a0 \u00a0 \u00a0 \u00a0 \u00a0 \u00a0 \u00a0 \u00a0 \u00a0 \u00a0 \u00a0 \u00a0 \u00a0 \u00a0 \u00a0 \u00a0 \u00a0 \u00a0 \u00a0 \u00a0 \u00a0 \u00a0 \u00a0 \u00a0 \u00a0 \u00a0 \u00a0 \u00a0 \u00a0 \u00a0 \u00a0 \u00a0 \u00a0 \u00a0 \u00a0 \u00a0 \u00a0 \u00a0 \u00a0 \u00a0 \u00a0 \u00a0 \u00a0 \u00a0 \u00a0 \u00a0 \u00a0 \u00a0<\/strong><\/h3>\n<p><a href=\"https:\/\/amrtop.net\/es\/categoria-de-productos\/conductos-de-humo-2\/tuyaux-flexibles-en-acier-inoxydable\/\"><strong>TOP FLEX SP - Tubos flexibles de acero inoxidable corrugados de pared simple y doble<\/strong><\/a><\/p>\n<p><a href=\"https:\/\/amrtop.net\/es\/categoria-de-productos\/conductos-de-humo-2\/tube-rigide-monoparete-en-acier-inoxydable\/\"><strong>SP - Tubo r\u00edgido de pared simple de acero inoxidable AISI 316L<\/strong><\/a><\/p>\n<p><strong><u><a href=\"https:\/\/amrtop.net\/es\/categoria-de-productos\/conductos-de-humo-2\/tube-flexible-inox-aisi-316-l-interieur-lisse-isole\/\">ISOTOP FLEX - Tubo flexible interior liso aislado de acero inoxidable AISI 316L \u00a0<\/a><\/u><\/strong><\/p>\n<p><strong><u><a href=\"https:\/\/amrtop.net\/es\/categoria-de-productos\/conductos-de-humo-2\/dp-air-tube-double-paroi-inox-a-chambre-dair\/\">DP AIR - Tubo de acero inoxidable de doble pared con c\u00e1mara de aire<\/a> <\/u><\/strong><\/p>\n<p><strong><u><a href=\"https:\/\/amrtop.net\/es\/categoria-de-productos\/conductos-de-humo-2\/tube-coaxial-inox\/\">DP - Tubo aislado de doble pared 10 mm - 25 mm<\/a><\/u><\/strong><\/p>\n<p><strong><a href=\"https:\/\/amrtop.net\/es\/categoria-de-productos\/conductos-de-humo-2\/tube-coaxial-inox\/\">COAX TOP - Tubo coaxial de acero inoxidable en PPS y PPS\/acero inoxidable<\/a><\/strong><\/p>\n<p><strong><u><a href=\"https:\/\/amrtop.net\/es\/categoria-de-productos\/conductos-de-humo-2\/tuyau-coaxial-inox-inox-black\/\">COAX PELLET - Tubo coaxial de acero inoxidable<\/a><\/u><\/strong><\/p>\n<p><strong><u><a href=\"https:\/\/amrtop.net\/es\/categoria-de-productos\/conductos-de-humo-2\/conduits-de-fumee-des-appareils-a-biomasse\/\">BIOM TOP - Tubos para estufas de pellets y le\u00f1a<\/a><\/u><\/strong><\/p>\n<p><strong><u><a href=\"https:\/\/amrtop.net\/es\/categoria-de-productos\/conductos-de-humo-2\/alutop-tube-en-aluminium-flexible-extensible\/\">ALU TOP - Tubo de aluminio flexible extensible<\/a> <\/u><\/strong><\/p>\n<p>&nbsp;<\/p>","protected":false},"excerpt":{"rendered":"<p>Tube lin\u00e9aire de 2 m noire 0.4 mm SP-BLACK Le syst\u00e8me monoparet SP BLACK est compos\u00e9 d\u2019\u00e9l\u00e9ments modulaires rigides, r\u00e9alis\u00e9s en acier inox AISI 316L d\u2019une \u00e9paisseur minimale de 0,4 mm et peints avec une peinture r\u00e9sistante jusqu\u2019\u00e0 550\u00a0 , conformes aux normes marquage CE conform\u00e9ment \u00e0 la norme EN 1856-1. Les \u00e9l\u00e9ments modulaires ont [&hellip;]<\/p>\n","protected":false},"featured_media":30710,"comment_status":"open","ping_status":"closed","template":"","meta":[],"product_brand":[],"product_cat":[1547,1551],"product_tag":[],"class_list":{"0":"post-23623","1":"product","2":"type-product","3":"status-publish","4":"has-post-thumbnail","6":"product_cat-conduits-de-fumee-des-appareils-a-biomasse","7":"product_cat-tubes-noirs-pour-poele-a-pellets-epaisseur-04-mm","9":"first","10":"instock","11":"shipping-taxable","12":"purchasable","13":"product-type-variable"},"yoast_head":"<!-- This site is optimized with the Yoast SEO plugin v27.5 - https:\/\/yoast.com\/product\/yoast-seo-wordpress\/ -->\n<title>Tube lin\u00e9aire de 2 m noire 0.4 mm SP-BLACK<\/title>\n<meta name=\"description\" content=\"Tube lin\u00e9aire de 2 m noire 0.4 mm SP-BLACK - Conduit de fum\u00e9e ou syst\u00e8me d\u2019\u00e9vacuation de fum\u00e9e lin\u00e9aire monoparete de 2 m-SP-BLACK peint noir mat de 0,4 mm d\u2019\u00e9paisseur, utilis\u00e9 pour la fabrication de conduits, canaux de fum\u00e9e\" \/>\n<meta name=\"robots\" content=\"index, follow, max-snippet:-1, max-image-preview:large, max-video-preview:-1\" \/>\n<link rel=\"canonical\" href=\"https:\/\/amrtop.net\/es\/producto\/tube-lineaire-de-2-m-noire-0-4-mm-sp-black\/\" \/>\n<meta property=\"og:locale\" content=\"es_ES\" \/>\n<meta property=\"og:type\" content=\"article\" \/>\n<meta property=\"og:title\" content=\"Tube lin\u00e9aire de 2 m noire 0.4 mm SP-BLACK\" \/>\n<meta property=\"og:description\" content=\"Tube lin\u00e9aire de 2 m noire 0.4 mm SP-BLACK - Conduit de fum\u00e9e ou syst\u00e8me d\u2019\u00e9vacuation de fum\u00e9e lin\u00e9aire monoparete de 2 m-SP-BLACK peint noir mat de 0,4 mm d\u2019\u00e9paisseur, utilis\u00e9 pour la fabrication de conduits, canaux de fum\u00e9e\" \/>\n<meta property=\"og:url\" content=\"https:\/\/amrtop.net\/es\/producto\/tube-lineaire-de-2-m-noire-0-4-mm-sp-black\/\" \/>\n<meta property=\"og:site_name\" content=\"AMRTOP B2B \u00c9tranger - Achats r\u00e9serv\u00e9s au professionnel\" \/>\n<meta property=\"article:modified_time\" content=\"2023-06-09T09:40:14+00:00\" \/>\n<meta property=\"og:image\" content=\"https:\/\/amrtop.net\/wp-content\/uploads\/2022\/06\/SPB01.jpg\" \/>\n\t<meta property=\"og:image:width\" content=\"640\" \/>\n\t<meta property=\"og:image:height\" content=\"640\" \/>\n\t<meta property=\"og:image:type\" content=\"image\/jpeg\" \/>\n<meta name=\"twitter:card\" content=\"summary_large_image\" \/>\n<meta name=\"twitter:label1\" content=\"Tiempo de lectura\" \/>\n\t<meta name=\"twitter:data1\" content=\"2 minutos\" \/>\n<script type=\"application\/ld+json\" class=\"yoast-schema-graph\">{\"@context\":\"https:\\\/\\\/schema.org\",\"@graph\":[{\"@type\":\"WebPage\",\"@id\":\"https:\\\/\\\/amrtop.net\\\/produit\\\/tube-lineaire-de-2-m-noire-0-4-mm-sp-black\\\/\",\"url\":\"https:\\\/\\\/amrtop.net\\\/produit\\\/tube-lineaire-de-2-m-noire-0-4-mm-sp-black\\\/\",\"name\":\"Tube lin\u00e9aire de 2 m noire 0.4 mm SP-BLACK\",\"isPartOf\":{\"@id\":\"https:\\\/\\\/amrtop.net\\\/#website\"},\"primaryImageOfPage\":{\"@id\":\"https:\\\/\\\/amrtop.net\\\/produit\\\/tube-lineaire-de-2-m-noire-0-4-mm-sp-black\\\/#primaryimage\"},\"image\":{\"@id\":\"https:\\\/\\\/amrtop.net\\\/produit\\\/tube-lineaire-de-2-m-noire-0-4-mm-sp-black\\\/#primaryimage\"},\"thumbnailUrl\":\"https:\\\/\\\/amrtop.net\\\/wp-content\\\/uploads\\\/2022\\\/06\\\/SPB01.jpg\",\"datePublished\":\"2022-05-26T10:09:31+00:00\",\"dateModified\":\"2023-06-09T09:40:14+00:00\",\"description\":\"Tube lin\u00e9aire de 2 m noire 0.4 mm SP-BLACK - Conduit de fum\u00e9e ou syst\u00e8me d\u2019\u00e9vacuation de fum\u00e9e lin\u00e9aire monoparete de 2 m-SP-BLACK peint noir mat de 0,4 mm d\u2019\u00e9paisseur, utilis\u00e9 pour la fabrication de conduits, canaux de fum\u00e9e\",\"breadcrumb\":{\"@id\":\"https:\\\/\\\/amrtop.net\\\/produit\\\/tube-lineaire-de-2-m-noire-0-4-mm-sp-black\\\/#breadcrumb\"},\"inLanguage\":\"es\",\"potentialAction\":[{\"@type\":\"ReadAction\",\"target\":[\"https:\\\/\\\/amrtop.net\\\/produit\\\/tube-lineaire-de-2-m-noire-0-4-mm-sp-black\\\/\"]}]},{\"@type\":\"ImageObject\",\"inLanguage\":\"es\",\"@id\":\"https:\\\/\\\/amrtop.net\\\/produit\\\/tube-lineaire-de-2-m-noire-0-4-mm-sp-black\\\/#primaryimage\",\"url\":\"https:\\\/\\\/amrtop.net\\\/wp-content\\\/uploads\\\/2022\\\/06\\\/SPB01.jpg\",\"contentUrl\":\"https:\\\/\\\/amrtop.net\\\/wp-content\\\/uploads\\\/2022\\\/06\\\/SPB01.jpg\",\"width\":640,\"height\":640,\"caption\":\"Tube lin\u00e9aire de 2 m noire 0.4 mm SP-BLACK - Conduit de fum\u00e9e ou syst\u00e8me d\u2019\u00e9vacuation de fum\u00e9e lin\u00e9aire monoparete de 2 m-SP-BLACK peint noir mat de 0,4 mm d\u2019\u00e9paisseur, utilis\u00e9 pour la fabrication de conduits, canaux de fum\u00e9e\"},{\"@type\":\"BreadcrumbList\",\"@id\":\"https:\\\/\\\/amrtop.net\\\/produit\\\/tube-lineaire-de-2-m-noire-0-4-mm-sp-black\\\/#breadcrumb\",\"itemListElement\":[{\"@type\":\"ListItem\",\"position\":1,\"name\":\"Home\",\"item\":\"https:\\\/\\\/amrtop.net\\\/\"},{\"@type\":\"ListItem\",\"position\":2,\"name\":\"Shop\",\"item\":\"https:\\\/\\\/amrtop.net\\\/negozio\\\/\"},{\"@type\":\"ListItem\",\"position\":3,\"name\":\"SPB01&#8230; &#8211; Tube lin\u00e9aire de 2 m\"}]},{\"@type\":\"WebSite\",\"@id\":\"https:\\\/\\\/amrtop.net\\\/#website\",\"url\":\"https:\\\/\\\/amrtop.net\\\/\",\"name\":\"AMRTOP B2B \u00c9tranger - Achats r\u00e9serv\u00e9s au professionnel\",\"description\":\"Pi\u00e8ces de rechange et accessoires pour po\u00eales et chaudi\u00e8res - eCommerce B2B pour Clients Professionnels\",\"potentialAction\":[{\"@type\":\"SearchAction\",\"target\":{\"@type\":\"EntryPoint\",\"urlTemplate\":\"https:\\\/\\\/amrtop.net\\\/?s={search_term_string}\"},\"query-input\":{\"@type\":\"PropertyValueSpecification\",\"valueRequired\":true,\"valueName\":\"search_term_string\"}}],\"inLanguage\":\"es\"}]}<\/script>\n<!-- \/ Yoast SEO plugin. -->","yoast_head_json":{"title":"Tube lin\u00e9aire de 2 m noire 0.4 mm SP-BLACK","description":"Tubo lineal de 2 m negro 0,4 mm SP-BLACK - Sistema de conducto de humos o chimenea lineal de 2 m SP-BLACK pintado en negro mate de 0,4 mm de espesor, utilizado en la fabricaci\u00f3n de conductos de humos, chimeneas y sistemas de chimeneas.","robots":{"index":"index","follow":"follow","max-snippet":"max-snippet:-1","max-image-preview":"max-image-preview:large","max-video-preview":"max-video-preview:-1"},"canonical":"https:\/\/amrtop.net\/es\/producto\/tube-lineaire-de-2-m-noire-0-4-mm-sp-black\/","og_locale":"es_ES","og_type":"article","og_title":"Tube lin\u00e9aire de 2 m noire 0.4 mm SP-BLACK","og_description":"Tube lin\u00e9aire de 2 m noire 0.4 mm SP-BLACK - Conduit de fum\u00e9e ou syst\u00e8me d\u2019\u00e9vacuation de fum\u00e9e lin\u00e9aire monoparete de 2 m-SP-BLACK peint noir mat de 0,4 mm d\u2019\u00e9paisseur, utilis\u00e9 pour la fabrication de conduits, canaux de fum\u00e9e","og_url":"https:\/\/amrtop.net\/es\/producto\/tube-lineaire-de-2-m-noire-0-4-mm-sp-black\/","og_site_name":"AMRTOP B2B \u00c9tranger - Achats r\u00e9serv\u00e9s au professionnel","article_modified_time":"2023-06-09T09:40:14+00:00","og_image":[{"width":640,"height":640,"url":"https:\/\/amrtop.net\/wp-content\/uploads\/2022\/06\/SPB01.jpg","type":"image\/jpeg"}],"twitter_card":"summary_large_image","twitter_misc":{"Tiempo de lectura":"2 minutos"},"schema":{"@context":"https:\/\/schema.org","@graph":[{"@type":"WebPage","@id":"https:\/\/amrtop.net\/produit\/tube-lineaire-de-2-m-noire-0-4-mm-sp-black\/","url":"https:\/\/amrtop.net\/produit\/tube-lineaire-de-2-m-noire-0-4-mm-sp-black\/","name":"Tube lin\u00e9aire de 2 m noire 0.4 mm SP-BLACK","isPartOf":{"@id":"https:\/\/amrtop.net\/#website"},"primaryImageOfPage":{"@id":"https:\/\/amrtop.net\/produit\/tube-lineaire-de-2-m-noire-0-4-mm-sp-black\/#primaryimage"},"image":{"@id":"https:\/\/amrtop.net\/produit\/tube-lineaire-de-2-m-noire-0-4-mm-sp-black\/#primaryimage"},"thumbnailUrl":"https:\/\/amrtop.net\/wp-content\/uploads\/2022\/06\/SPB01.jpg","datePublished":"2022-05-26T10:09:31+00:00","dateModified":"2023-06-09T09:40:14+00:00","description":"Tubo lineal de 2 m negro 0,4 mm SP-BLACK - Sistema de conducto de humos o chimenea lineal de 2 m SP-BLACK pintado en negro mate de 0,4 mm de espesor, utilizado en la fabricaci\u00f3n de conductos de humos, chimeneas y sistemas de chimeneas.","breadcrumb":{"@id":"https:\/\/amrtop.net\/produit\/tube-lineaire-de-2-m-noire-0-4-mm-sp-black\/#breadcrumb"},"inLanguage":"es","potentialAction":[{"@type":"ReadAction","target":["https:\/\/amrtop.net\/produit\/tube-lineaire-de-2-m-noire-0-4-mm-sp-black\/"]}]},{"@type":"ImageObject","inLanguage":"es","@id":"https:\/\/amrtop.net\/produit\/tube-lineaire-de-2-m-noire-0-4-mm-sp-black\/#primaryimage","url":"https:\/\/amrtop.net\/wp-content\/uploads\/2022\/06\/SPB01.jpg","contentUrl":"https:\/\/amrtop.net\/wp-content\/uploads\/2022\/06\/SPB01.jpg","width":640,"height":640,"caption":"Tube lin\u00e9aire de 2 m noire 0.4 mm SP-BLACK - Conduit de fum\u00e9e ou syst\u00e8me d\u2019\u00e9vacuation de fum\u00e9e lin\u00e9aire monoparete de 2 m-SP-BLACK peint noir mat de 0,4 mm d\u2019\u00e9paisseur, utilis\u00e9 pour la fabrication de conduits, canaux de fum\u00e9e"},{"@type":"BreadcrumbList","@id":"https:\/\/amrtop.net\/produit\/tube-lineaire-de-2-m-noire-0-4-mm-sp-black\/#breadcrumb","itemListElement":[{"@type":"ListItem","position":1,"name":"Home","item":"https:\/\/amrtop.net\/"},{"@type":"ListItem","position":2,"name":"Shop","item":"https:\/\/amrtop.net\/negozio\/"},{"@type":"ListItem","position":3,"name":"SPB01&#8230; &#8211; Tube lin\u00e9aire de 2 m"}]},{"@type":"WebSite","@id":"https:\/\/amrtop.net\/#website","url":"https:\/\/amrtop.net\/","name":"AMRTOP B2B Abroad - Compras reservadas a los profesionales","description":"Recambios y accesorios para estufas y calderas - Comercio electr\u00f3nico B2B para profesionales","potentialAction":[{"@type":"SearchAction","target":{"@type":"EntryPoint","urlTemplate":"https:\/\/amrtop.net\/?s={search_term_string}"},"query-input":{"@type":"PropertyValueSpecification","valueRequired":true,"valueName":"search_term_string"}}],"inLanguage":"es"}]}},"_links":{"self":[{"href":"https:\/\/amrtop.net\/es\/wp-json\/wp\/v2\/product\/23623","targetHints":{"allow":["GET"]}}],"collection":[{"href":"https:\/\/amrtop.net\/es\/wp-json\/wp\/v2\/product"}],"about":[{"href":"https:\/\/amrtop.net\/es\/wp-json\/wp\/v2\/types\/product"}],"replies":[{"embeddable":true,"href":"https:\/\/amrtop.net\/es\/wp-json\/wp\/v2\/comments?post=23623"}],"wp:featuredmedia":[{"embeddable":true,"href":"https:\/\/amrtop.net\/es\/wp-json\/wp\/v2\/media\/30710"}],"wp:attachment":[{"href":"https:\/\/amrtop.net\/es\/wp-json\/wp\/v2\/media?parent=23623"}],"wp:term":[{"taxonomy":"product_brand","embeddable":true,"href":"https:\/\/amrtop.net\/es\/wp-json\/wp\/v2\/product_brand?post=23623"},{"taxonomy":"product_cat","embeddable":true,"href":"https:\/\/amrtop.net\/es\/wp-json\/wp\/v2\/product_cat?post=23623"},{"taxonomy":"product_tag","embeddable":true,"href":"https:\/\/amrtop.net\/es\/wp-json\/wp\/v2\/product_tag?post=23623"}],"curies":[{"name":"wp","href":"https:\/\/api.w.org\/{rel}","templated":true}]}}