{"id":23669,"date":"2022-05-26T13:35:09","date_gmt":"2022-05-26T13:35:09","guid":{"rendered":"https:\/\/amrtop.com\/B2B\/?post_type=product&#038;p=23669"},"modified":"2023-06-16T13:16:09","modified_gmt":"2023-06-16T13:16:09","slug":"tube-flexible-aluminium-o-80-mm-epaisseur-0-12-mm-extensible-jusqua-3-m","status":"publish","type":"product","link":"https:\/\/amrtop.net\/es\/produit\/tube-flexible-aluminium-o-80-mm-epaisseur-0-12-mm-extensible-jusqua-3-m\/","title":{"rendered":"Tubo de aluminio extensible hasta 3 m \u00f8 80 mm blanco natural o negro espesor 0,12 mm para ventilaci\u00f3n"},"content":{"rendered":"<h3><strong>Tube flexible aluminium \u00f8 80 mm \u00e9paisseur 0.12 mm extensible jusqu\u2019\u00e0 3 m<\/strong><\/h3>\n<p>Ondul\u00e9 int\u00e9rieur et ext\u00e9rieur &#8211; pour les chemin\u00e9es, les chaudi\u00e8res, les po\u00eales, les centrales thermiques, les cuisines industrielles \u00e9galement adapt\u00e9 pour les conduits d\u2019a\u00e9ration et d\u2019aspiration.<\/p>\n<h3><strong>O\u00f9 vous utilisez : <\/strong><strong>Tube flexible aluminium \u00f8 80 mm \u00e9paisseur 0.12 mm extensible jusqu\u2019\u00e0 3 m<\/strong><\/h3>\n<p>Dans la cr\u00e9ation de syst\u00e8mes qui fournissent de l\u2019air chaud et frais \u00e0 l\u2019environnement et assurent la fuite de la masse d\u00e9pens\u00e9e est l\u2019un des diff\u00e9rents moyens de r\u00e9pondre aux exigences des normes sanitaires et hygi\u00e9niques.<\/p>\n<p>Certains avantages des tubes ondul\u00e9s en aluminium:<\/p>\n<ul>\n<li>R\u00e9sistant \u00e0 la corrosion. Dans le corps int\u00e9rieur de la tuyauterie en aluminium, le processus de corrosion est exclu<\/li>\n<li>Lors de l\u2019installation de diverses installations, il n\u2019est pas n\u00e9cessaire d\u2019utiliser des courbes co\u00fbteuses, mais uniquement des joints.<\/li>\n<li>Facilit\u00e9 d\u2019installation. Cette propri\u00e9t\u00e9 est due non seulement au faible poids de l\u2019aluminium, mais aussi \u00e0 un processus de fixation simplifi\u00e9<\/li>\n<li>Lors de l\u2019installation d\u2019un tube ondul\u00e9 en aluminium pour la ventilation, il n\u2019est pas n\u00e9cessaire de le mettre \u00e0 la terre<\/li>\n<\/ul>\n<p><strong>Interior<\/strong><\/p>\n<p><a href=\"https:\/\/wekos.it\/\">Estufas, cocinas y cocinas de le\u00f1a<\/a>\u00a0-\u00a0<a href=\"https:\/\/www.greenpuros.com\/\">chimeneas, estufas y calderas de pellets.<\/a><\/p>\n<p><strong>Gama Amrtop de recambios y accesorios \u00a0 \u00a0 \u00a0 \u00a0 \u00a0 \u00a0 \u00a0 \u00a0 \u00a0 \u00a0 \u00a0 \u00a0 \u00a0 \u00a0 \u00a0 \u00a0 \u00a0 \u00a0 \u00a0 \u00a0 \u00a0 \u00a0 \u00a0 \u00a0 \u00a0 \u00a0 \u00a0 \u00a0 \u00a0 \u00a0 \u00a0 \u00a0 \u00a0 \u00a0 \u00a0 \u00a0 \u00a0 \u00a0 \u00a0 \u00a0 \u00a0 \u00a0 \u00a0 \u00a0 \u00a0 \u00a0 \u00a0 \u00a0 \u00a0\u00a0<\/strong><\/p>\n<p><a href=\"https:\/\/amrtop.com\/B2B\/categoria-prodotto\/canne-fumarie\/top-flex-sp-tubi-flessibili-inox\/\"><strong>Top flex SP - Tubos flexibles de acero inoxidable corrugado de una y dos caras<\/strong><\/a><\/p>\n<p><a href=\"https:\/\/amrtop.com\/B2B\/categoria-prodotto\/canne-fumarie\/tubo-monoparete-acciaio-inox\/\"><strong>Sp - Tubo r\u00edgido mono parete inox aisi 316L<\/strong><\/a><\/p>\n<p><a href=\"https:\/\/amrtop.com\/B2B\/categoria-prodotto\/canne-fumarie\/isotop-flex-flessibile-coibentato\/\"><strong>Iso top flex - Tubo flessisbile doppia parete interno liscio coibentato<\/strong><\/a><\/p>\n<p><a href=\"https:\/\/amrtop.com\/B2B\/categoria-prodotto\/canne-fumarie\/dp-aria-doppia-parete-aria\/\"><strong>Dp air - Tubo doble par inox a c\u00e1mara de aire<\/strong><\/a><\/p>\n<p><a href=\"https:\/\/amrtop.com\/B2B\/categoria-prodotto\/canne-fumarie\/dp-doppia-parete\/\"><strong>Dp - Tubo doble par inox coibentado 10 mm - 25 mm<\/strong><\/a><\/p>\n<p><a href=\"https:\/\/amrtop.com\/B2B\/categoria-prodotto\/canne-fumarie\/coax-top-coassiale\/\"><strong>Parte superior coaxial - Tubo coassiale inox<\/strong><\/a><\/p>\n<p><a href=\"https:\/\/amrtop.com\/B2B\/categoria-prodotto\/canne-fumarie\/coax-pellet-tubo-coassiale-inox\/\"><strong>Pellets coaxiales - Tubo coaxial de acero inoxidable<\/strong><\/a><\/p>\n<p><a href=\"https:\/\/amrtop.com\/B2B\/categoria-prodotto\/canne-fumarie\/biom-top\/\"><strong>Biom top - Tubos de ensayo de pellets<\/strong><\/a><\/p>\n<p><a href=\"https:\/\/amrtop.com\/B2B\/categoria-prodotto\/canne-fumarie\/alutop-alluminio-estensibile\/\"><strong>Alu top - Tubo alluminio flessibile estensibile<\/strong><\/a><\/p>\n<p>&nbsp;<\/p>","protected":false},"excerpt":{"rendered":"<p>Tube flexible aluminium \u00f8 80 mm \u00e9paisseur 0.12 mm extensible jusqu\u2019\u00e0 3 m Ondul\u00e9 int\u00e9rieur et ext\u00e9rieur &#8211; pour les chemin\u00e9es, les chaudi\u00e8res, les po\u00eales, les centrales thermiques, les cuisines industrielles \u00e9galement adapt\u00e9 pour les conduits d\u2019a\u00e9ration et d\u2019aspiration. O\u00f9 vous utilisez : Tube flexible aluminium \u00f8 80 mm \u00e9paisseur 0.12 mm extensible jusqu\u2019\u00e0 3 [&hellip;]<\/p>\n","protected":false},"featured_media":30400,"comment_status":"open","ping_status":"closed","template":"","meta":[],"product_brand":[],"product_cat":[1532],"product_tag":[],"class_list":{"0":"post-23669","1":"product","2":"type-product","3":"status-publish","4":"has-post-thumbnail","6":"product_cat-alutop-tube-en-aluminium-flexible-extensible","8":"first","9":"instock","10":"shipping-taxable","11":"purchasable","12":"product-type-variable"},"yoast_head":"<!-- This site is optimized with the Yoast SEO plugin v27.5 - https:\/\/yoast.com\/product\/yoast-seo-wordpress\/ -->\n<title>Tube flexible aluminium \u00f8 80 mm \u00e9paisseur 0.12 mm extensible jusqu\u2019\u00e0 3 m<\/title>\n<meta name=\"description\" content=\"Tube flexible aluminium \u00f8 80 mm \u00e9paisseur 0.12 mm extensible jusqu\u2019\u00e0 3 m - Tube en aluminium naturel noir et blanc ondul\u00e9 flexible en tron\u00e7ons de 0,80 mt extensible jusqu\u2019\u00e0 3 m\u00e8tres pour ventilation d\u2019air sp 0,06 mm\" \/>\n<meta name=\"robots\" content=\"index, follow, max-snippet:-1, max-image-preview:large, max-video-preview:-1\" \/>\n<link rel=\"canonical\" href=\"https:\/\/amrtop.net\/es\/producto\/tube-flexible-aluminium-o-80-mm-epaisseur-0-12-mm-extensible-jusqua-3-m\/\" \/>\n<meta property=\"og:locale\" content=\"es_ES\" \/>\n<meta property=\"og:type\" content=\"article\" \/>\n<meta property=\"og:title\" content=\"Tube flexible aluminium \u00f8 80 mm \u00e9paisseur 0.12 mm extensible jusqu\u2019\u00e0 3 m\" \/>\n<meta property=\"og:description\" content=\"Tube flexible aluminium \u00f8 80 mm \u00e9paisseur 0.12 mm extensible jusqu\u2019\u00e0 3 m - Tube en aluminium naturel noir et blanc ondul\u00e9 flexible en tron\u00e7ons de 0,80 mt extensible jusqu\u2019\u00e0 3 m\u00e8tres pour ventilation d\u2019air sp 0,06 mm\" \/>\n<meta property=\"og:url\" content=\"https:\/\/amrtop.net\/es\/producto\/tube-flexible-aluminium-o-80-mm-epaisseur-0-12-mm-extensible-jusqua-3-m\/\" \/>\n<meta property=\"og:site_name\" content=\"AMRTOP B2B \u00c9tranger - Achats r\u00e9serv\u00e9s au professionnel\" \/>\n<meta property=\"article:modified_time\" content=\"2023-06-16T13:16:09+00:00\" \/>\n<meta property=\"og:image\" content=\"https:\/\/amrtop.net\/wp-content\/uploads\/2022\/06\/GRUPPO-ALUTOP.jpg\" \/>\n\t<meta property=\"og:image:width\" content=\"640\" \/>\n\t<meta property=\"og:image:height\" content=\"640\" \/>\n\t<meta property=\"og:image:type\" content=\"image\/jpeg\" \/>\n<meta name=\"twitter:card\" content=\"summary_large_image\" \/>\n<meta name=\"twitter:label1\" content=\"Tiempo de lectura\" \/>\n\t<meta name=\"twitter:data1\" content=\"3 minutos\" \/>\n<script type=\"application\/ld+json\" class=\"yoast-schema-graph\">{\"@context\":\"https:\\\/\\\/schema.org\",\"@graph\":[{\"@type\":\"WebPage\",\"@id\":\"https:\\\/\\\/amrtop.net\\\/produit\\\/tube-flexible-aluminium-o-80-mm-epaisseur-0-12-mm-extensible-jusqua-3-m\\\/\",\"url\":\"https:\\\/\\\/amrtop.net\\\/produit\\\/tube-flexible-aluminium-o-80-mm-epaisseur-0-12-mm-extensible-jusqua-3-m\\\/\",\"name\":\"Tube flexible aluminium \u00f8 80 mm \u00e9paisseur 0.12 mm extensible jusqu\u2019\u00e0 3 m\",\"isPartOf\":{\"@id\":\"https:\\\/\\\/amrtop.net\\\/#website\"},\"primaryImageOfPage\":{\"@id\":\"https:\\\/\\\/amrtop.net\\\/produit\\\/tube-flexible-aluminium-o-80-mm-epaisseur-0-12-mm-extensible-jusqua-3-m\\\/#primaryimage\"},\"image\":{\"@id\":\"https:\\\/\\\/amrtop.net\\\/produit\\\/tube-flexible-aluminium-o-80-mm-epaisseur-0-12-mm-extensible-jusqua-3-m\\\/#primaryimage\"},\"thumbnailUrl\":\"https:\\\/\\\/amrtop.net\\\/wp-content\\\/uploads\\\/2022\\\/06\\\/GRUPPO-ALUTOP.jpg\",\"datePublished\":\"2022-05-26T13:35:09+00:00\",\"dateModified\":\"2023-06-16T13:16:09+00:00\",\"description\":\"Tube flexible aluminium \u00f8 80 mm \u00e9paisseur 0.12 mm extensible jusqu\u2019\u00e0 3 m - Tube en aluminium naturel noir et blanc ondul\u00e9 flexible en tron\u00e7ons de 0,80 mt extensible jusqu\u2019\u00e0 3 m\u00e8tres pour ventilation d\u2019air sp 0,06 mm\",\"breadcrumb\":{\"@id\":\"https:\\\/\\\/amrtop.net\\\/produit\\\/tube-flexible-aluminium-o-80-mm-epaisseur-0-12-mm-extensible-jusqua-3-m\\\/#breadcrumb\"},\"inLanguage\":\"es\",\"potentialAction\":[{\"@type\":\"ReadAction\",\"target\":[\"https:\\\/\\\/amrtop.net\\\/produit\\\/tube-flexible-aluminium-o-80-mm-epaisseur-0-12-mm-extensible-jusqua-3-m\\\/\"]}]},{\"@type\":\"ImageObject\",\"inLanguage\":\"es\",\"@id\":\"https:\\\/\\\/amrtop.net\\\/produit\\\/tube-flexible-aluminium-o-80-mm-epaisseur-0-12-mm-extensible-jusqua-3-m\\\/#primaryimage\",\"url\":\"https:\\\/\\\/amrtop.net\\\/wp-content\\\/uploads\\\/2022\\\/06\\\/GRUPPO-ALUTOP.jpg\",\"contentUrl\":\"https:\\\/\\\/amrtop.net\\\/wp-content\\\/uploads\\\/2022\\\/06\\\/GRUPPO-ALUTOP.jpg\",\"width\":640,\"height\":640,\"caption\":\"Tube flexible aluminium \u00f8 80 mm \u00e9paisseur 0.12 mm extensible jusqu\u2019\u00e0 3 m - Tube en aluminium naturel noir et blanc ondul\u00e9 flexible en tron\u00e7ons de 0,80 mt extensible jusqu\u2019\u00e0 3 m\u00e8tres pour ventilation d\u2019air sp 0,06 mm\"},{\"@type\":\"BreadcrumbList\",\"@id\":\"https:\\\/\\\/amrtop.net\\\/produit\\\/tube-flexible-aluminium-o-80-mm-epaisseur-0-12-mm-extensible-jusqua-3-m\\\/#breadcrumb\",\"itemListElement\":[{\"@type\":\"ListItem\",\"position\":1,\"name\":\"Home\",\"item\":\"https:\\\/\\\/amrtop.net\\\/\"},{\"@type\":\"ListItem\",\"position\":2,\"name\":\"Shop\",\"item\":\"https:\\\/\\\/amrtop.net\\\/negozio\\\/\"},{\"@type\":\"ListItem\",\"position\":3,\"name\":\"Tube en aluminium extensible jusqu\u2019\u00e0 3 m \u00f8 80 mm naturel blanc ou noire \u00e9paisseur 0.12 mm pour la ventilation\"}]},{\"@type\":\"WebSite\",\"@id\":\"https:\\\/\\\/amrtop.net\\\/#website\",\"url\":\"https:\\\/\\\/amrtop.net\\\/\",\"name\":\"AMRTOP B2B \u00c9tranger - Achats r\u00e9serv\u00e9s au professionnel\",\"description\":\"Pi\u00e8ces de rechange et accessoires pour po\u00eales et chaudi\u00e8res - eCommerce B2B pour Clients Professionnels\",\"potentialAction\":[{\"@type\":\"SearchAction\",\"target\":{\"@type\":\"EntryPoint\",\"urlTemplate\":\"https:\\\/\\\/amrtop.net\\\/?s={search_term_string}\"},\"query-input\":{\"@type\":\"PropertyValueSpecification\",\"valueRequired\":true,\"valueName\":\"search_term_string\"}}],\"inLanguage\":\"es\"}]}<\/script>\n<!-- \/ Yoast SEO plugin. -->","yoast_head_json":{"title":"Tube flexible aluminium \u00f8 80 mm \u00e9paisseur 0.12 mm extensible jusqu\u2019\u00e0 3 m","description":"Tubo flexible de aluminio \u00f8 80 mm espesor 0,12 mm extensible hasta 3 m - Tubo flexible ondulado de aluminio natural blanco y negro en secciones de 0,80 mt extensible hasta 3 metros para ventilaci\u00f3n de aire sp 0,06 mm","robots":{"index":"index","follow":"follow","max-snippet":"max-snippet:-1","max-image-preview":"max-image-preview:large","max-video-preview":"max-video-preview:-1"},"canonical":"https:\/\/amrtop.net\/es\/producto\/tube-flexible-aluminium-o-80-mm-epaisseur-0-12-mm-extensible-jusqua-3-m\/","og_locale":"es_ES","og_type":"article","og_title":"Tube flexible aluminium \u00f8 80 mm \u00e9paisseur 0.12 mm extensible jusqu\u2019\u00e0 3 m","og_description":"Tube flexible aluminium \u00f8 80 mm \u00e9paisseur 0.12 mm extensible jusqu\u2019\u00e0 3 m - Tube en aluminium naturel noir et blanc ondul\u00e9 flexible en tron\u00e7ons de 0,80 mt extensible jusqu\u2019\u00e0 3 m\u00e8tres pour ventilation d\u2019air sp 0,06 mm","og_url":"https:\/\/amrtop.net\/es\/producto\/tube-flexible-aluminium-o-80-mm-epaisseur-0-12-mm-extensible-jusqua-3-m\/","og_site_name":"AMRTOP B2B \u00c9tranger - Achats r\u00e9serv\u00e9s au professionnel","article_modified_time":"2023-06-16T13:16:09+00:00","og_image":[{"width":640,"height":640,"url":"https:\/\/amrtop.net\/wp-content\/uploads\/2022\/06\/GRUPPO-ALUTOP.jpg","type":"image\/jpeg"}],"twitter_card":"summary_large_image","twitter_misc":{"Tiempo de lectura":"3 minutos"},"schema":{"@context":"https:\/\/schema.org","@graph":[{"@type":"WebPage","@id":"https:\/\/amrtop.net\/produit\/tube-flexible-aluminium-o-80-mm-epaisseur-0-12-mm-extensible-jusqua-3-m\/","url":"https:\/\/amrtop.net\/produit\/tube-flexible-aluminium-o-80-mm-epaisseur-0-12-mm-extensible-jusqua-3-m\/","name":"Tube flexible aluminium \u00f8 80 mm \u00e9paisseur 0.12 mm extensible jusqu\u2019\u00e0 3 m","isPartOf":{"@id":"https:\/\/amrtop.net\/#website"},"primaryImageOfPage":{"@id":"https:\/\/amrtop.net\/produit\/tube-flexible-aluminium-o-80-mm-epaisseur-0-12-mm-extensible-jusqua-3-m\/#primaryimage"},"image":{"@id":"https:\/\/amrtop.net\/produit\/tube-flexible-aluminium-o-80-mm-epaisseur-0-12-mm-extensible-jusqua-3-m\/#primaryimage"},"thumbnailUrl":"https:\/\/amrtop.net\/wp-content\/uploads\/2022\/06\/GRUPPO-ALUTOP.jpg","datePublished":"2022-05-26T13:35:09+00:00","dateModified":"2023-06-16T13:16:09+00:00","description":"Tubo flexible de aluminio \u00f8 80 mm espesor 0,12 mm extensible hasta 3 m - Tubo flexible ondulado de aluminio natural blanco y negro en secciones de 0,80 mt extensible hasta 3 metros para ventilaci\u00f3n de aire sp 0,06 mm","breadcrumb":{"@id":"https:\/\/amrtop.net\/produit\/tube-flexible-aluminium-o-80-mm-epaisseur-0-12-mm-extensible-jusqua-3-m\/#breadcrumb"},"inLanguage":"es","potentialAction":[{"@type":"ReadAction","target":["https:\/\/amrtop.net\/produit\/tube-flexible-aluminium-o-80-mm-epaisseur-0-12-mm-extensible-jusqua-3-m\/"]}]},{"@type":"ImageObject","inLanguage":"es","@id":"https:\/\/amrtop.net\/produit\/tube-flexible-aluminium-o-80-mm-epaisseur-0-12-mm-extensible-jusqua-3-m\/#primaryimage","url":"https:\/\/amrtop.net\/wp-content\/uploads\/2022\/06\/GRUPPO-ALUTOP.jpg","contentUrl":"https:\/\/amrtop.net\/wp-content\/uploads\/2022\/06\/GRUPPO-ALUTOP.jpg","width":640,"height":640,"caption":"Tube flexible aluminium \u00f8 80 mm \u00e9paisseur 0.12 mm extensible jusqu\u2019\u00e0 3 m - Tube en aluminium naturel noir et blanc ondul\u00e9 flexible en tron\u00e7ons de 0,80 mt extensible jusqu\u2019\u00e0 3 m\u00e8tres pour ventilation d\u2019air sp 0,06 mm"},{"@type":"BreadcrumbList","@id":"https:\/\/amrtop.net\/produit\/tube-flexible-aluminium-o-80-mm-epaisseur-0-12-mm-extensible-jusqua-3-m\/#breadcrumb","itemListElement":[{"@type":"ListItem","position":1,"name":"Home","item":"https:\/\/amrtop.net\/"},{"@type":"ListItem","position":2,"name":"Shop","item":"https:\/\/amrtop.net\/negozio\/"},{"@type":"ListItem","position":3,"name":"Tube en aluminium extensible jusqu\u2019\u00e0 3 m \u00f8 80 mm naturel blanc ou noire \u00e9paisseur 0.12 mm pour la ventilation"}]},{"@type":"WebSite","@id":"https:\/\/amrtop.net\/#website","url":"https:\/\/amrtop.net\/","name":"AMRTOP B2B Abroad - Compras reservadas a los profesionales","description":"Recambios y accesorios para estufas y calderas - Comercio electr\u00f3nico B2B para profesionales","potentialAction":[{"@type":"SearchAction","target":{"@type":"EntryPoint","urlTemplate":"https:\/\/amrtop.net\/?s={search_term_string}"},"query-input":{"@type":"PropertyValueSpecification","valueRequired":true,"valueName":"search_term_string"}}],"inLanguage":"es"}]}},"_links":{"self":[{"href":"https:\/\/amrtop.net\/es\/wp-json\/wp\/v2\/product\/23669","targetHints":{"allow":["GET"]}}],"collection":[{"href":"https:\/\/amrtop.net\/es\/wp-json\/wp\/v2\/product"}],"about":[{"href":"https:\/\/amrtop.net\/es\/wp-json\/wp\/v2\/types\/product"}],"replies":[{"embeddable":true,"href":"https:\/\/amrtop.net\/es\/wp-json\/wp\/v2\/comments?post=23669"}],"wp:featuredmedia":[{"embeddable":true,"href":"https:\/\/amrtop.net\/es\/wp-json\/wp\/v2\/media\/30400"}],"wp:attachment":[{"href":"https:\/\/amrtop.net\/es\/wp-json\/wp\/v2\/media?parent=23669"}],"wp:term":[{"taxonomy":"product_brand","embeddable":true,"href":"https:\/\/amrtop.net\/es\/wp-json\/wp\/v2\/product_brand?post=23669"},{"taxonomy":"product_cat","embeddable":true,"href":"https:\/\/amrtop.net\/es\/wp-json\/wp\/v2\/product_cat?post=23669"},{"taxonomy":"product_tag","embeddable":true,"href":"https:\/\/amrtop.net\/es\/wp-json\/wp\/v2\/product_tag?post=23669"}],"curies":[{"name":"wp","href":"https:\/\/api.w.org\/{rel}","templated":true}]}}