{"id":23701,"date":"2022-05-26T13:58:10","date_gmt":"2022-05-26T13:58:10","guid":{"rendered":"https:\/\/amrtop.com\/B2B\/?post_type=product&#038;p=23701"},"modified":"2023-06-16T13:11:51","modified_gmt":"2023-06-16T13:11:51","slug":"bride-de-serrage-a-bande-en-acier-inox","status":"publish","type":"product","link":"https:\/\/amrtop.net\/es\/produit\/bride-de-serrage-a-bande-en-acier-inox\/","title":{"rendered":"Abrazadera de banda de acero inoxidable"},"content":{"rendered":"<h3>Abrazadera de banda de acero inoxidable<\/h3>\n<p>Collier de serrage \u00e0 bande en acier inoxydable pour tubes en acier inoxydable mono paroi et double paroi isol\u00e9s. Il existe aussi en cuivre pour les conduits de fum\u00e9e isol\u00e9s rev\u00eatus de cuivre, les conduits normaux sont normalement en acier inox 316L et sont disponibles dans les diam\u00e8tres suivants\u00a0: 80 mm, 100 mm, 110 mm, 120 mm, 130 mm, 130 mm, 140 mm, 150 mm, 150 mm, 160 mm Journal officiel de l\u2019Union europ\u00e9enne, n\u00ba 230, n\u00ba 250, n\u00ba 300, n\u00ba 350, n\u00ba 400, n\u00ba 450, n\u00ba 500.<\/p>\n<p>Le fornemm 550 sur demande &#8211; Disponible jusqu\u2019au diam\u00e8tre int\u00e9rieur 800 sur demande<\/p>\n<h3><strong>Utilizaci\u00f3n del <\/strong>Abrazadera de banda de acero inoxidable<\/h3>\n<p>Le collier de serrage en acier inoxydable est n\u00e9cessaire pour serrer la jonction de deux tuyaux dans la r\u00e9alisation de conduits de chemin\u00e9e. Le collier de serrage permet de cr\u00e9er une continuit\u00e9 au point de jonction des deux canalisations et d\u2019\u00e9viter qu\u2019elles ne s\u2019\u00e9ventrent une fois install\u00e9es mais surtout pendant la phase de r\u00e9-ablation.<\/p>\n<h3><strong>Interior<\/strong><\/h3>\n<p><a href=\"https:\/\/wekos.it\/\">Estufas, cocinas y cocinas de le\u00f1a<\/a>\u00a0-\u00a0<a href=\"https:\/\/www.greenpuros.com\/\">chimeneas, estufas y calderas de pellets.<\/a><\/p>\n<h3><strong>Gama Amrtop de recambios y accesorios<\/strong><strong> \u00a0 \u00a0 \u00a0 \u00a0 \u00a0 \u00a0 \u00a0 \u00a0 \u00a0 \u00a0 \u00a0 \u00a0 \u00a0 \u00a0 \u00a0 \u00a0 \u00a0 \u00a0 \u00a0 \u00a0 \u00a0 \u00a0 \u00a0 \u00a0 \u00a0 \u00a0 \u00a0 \u00a0 \u00a0 \u00a0 \u00a0 \u00a0 \u00a0 \u00a0 \u00a0 \u00a0 \u00a0 \u00a0 \u00a0 \u00a0 \u00a0 \u00a0 \u00a0 \u00a0 \u00a0 \u00a0 \u00a0 \u00a0 \u00a0\u00a0<\/strong><\/h3>\n<p><a href=\"https:\/\/amrtop.com\/B2B\/categoria-prodotto\/canne-fumarie\/top-flex-sp-tubi-flessibili-inox\/\"><strong>Top flex SP - Tubos flexibles de acero inoxidable corrugado de una y dos caras<\/strong><\/a><\/p>\n<p><a href=\"https:\/\/amrtop.com\/B2B\/categoria-prodotto\/canne-fumarie\/tubo-monoparete-acciaio-inox\/\"><strong>Sp - Tubo r\u00edgido mono parete inox aisi 316L<\/strong><\/a><\/p>\n<p><a href=\"https:\/\/amrtop.com\/B2B\/categoria-prodotto\/canne-fumarie\/isotop-flex-flessibile-coibentato\/\"><strong>Iso top flex - Tubo flessisbile doppia parete interno liscio coibentato<\/strong><\/a><\/p>\n<p><a href=\"https:\/\/amrtop.com\/B2B\/categoria-prodotto\/canne-fumarie\/dp-aria-doppia-parete-aria\/\"><strong>Dp air - Tubo doble par inox a c\u00e1mara de aire<\/strong><\/a><\/p>\n<p><a href=\"https:\/\/amrtop.com\/B2B\/categoria-prodotto\/canne-fumarie\/dp-doppia-parete\/\"><strong>Dp - Tubo doble par inox coibentado 10 mm - 25 mm<\/strong><\/a><\/p>\n<p><a href=\"https:\/\/amrtop.com\/B2B\/categoria-prodotto\/canne-fumarie\/coax-top-coassiale\/\"><strong>Parte superior coaxial - Tubo coassiale inox<\/strong><\/a><\/p>\n<p><a href=\"https:\/\/amrtop.com\/B2B\/categoria-prodotto\/canne-fumarie\/coax-pellet-tubo-coassiale-inox\/\"><strong>Pellets coaxiales - Tubo coaxial de acero inoxidable<\/strong><\/a><\/p>\n<p><a href=\"https:\/\/amrtop.com\/B2B\/categoria-prodotto\/canne-fumarie\/biom-top\/\"><strong>Biom top - Tubos de ensayo de pellets<\/strong><\/a><\/p>\n<p><a href=\"https:\/\/amrtop.com\/B2B\/categoria-prodotto\/canne-fumarie\/alutop-alluminio-estensibile\/\"><strong>Alu top - Tubo alluminio flessibile estensibile<\/strong><\/a><\/p>","protected":false},"excerpt":{"rendered":"<p>Bride de serrage \u00e0 bande en acier inox Collier de serrage \u00e0 bande en acier inoxydable pour tubes en acier inoxydable mono paroi et double paroi isol\u00e9s. Il existe aussi en cuivre pour les conduits de fum\u00e9e isol\u00e9s rev\u00eatus de cuivre, les conduits normaux sont normalement en acier inox 316L et sont disponibles dans les [&hellip;]<\/p>\n","protected":false},"featured_media":27765,"comment_status":"open","ping_status":"closed","template":"","meta":[],"product_brand":[],"product_cat":[1532],"product_tag":[],"class_list":{"0":"post-23701","1":"product","2":"type-product","3":"status-publish","4":"has-post-thumbnail","6":"product_cat-alutop-tube-en-aluminium-flexible-extensible","8":"first","9":"instock","10":"shipping-taxable","11":"purchasable","12":"product-type-variable"},"yoast_head":"<!-- This site is optimized with the Yoast SEO plugin v27.5 - https:\/\/yoast.com\/product\/yoast-seo-wordpress\/ -->\n<title>Bride de serrage \u00e0 bande en acier inox<\/title>\n<meta name=\"description\" content=\"Bride de serrage \u00e0 bande en acier inox - Bride de serrage des tuyaux de tuyau-chemin\u00e9e est n\u00e9cessaire pour serrer la jonction de deux tuyaux dans la phase de r\u00e9alisation de conduits de chemin\u00e9e\" \/>\n<meta name=\"robots\" content=\"index, follow, max-snippet:-1, max-image-preview:large, max-video-preview:-1\" \/>\n<link rel=\"canonical\" href=\"https:\/\/amrtop.net\/es\/producto\/bride-de-serrage-a-bande-en-acier-inox\/\" \/>\n<meta property=\"og:locale\" content=\"es_ES\" \/>\n<meta property=\"og:type\" content=\"article\" \/>\n<meta property=\"og:title\" content=\"Bride de serrage \u00e0 bande en acier inox\" \/>\n<meta property=\"og:description\" content=\"Bride de serrage \u00e0 bande en acier inox - Bride de serrage des tuyaux de tuyau-chemin\u00e9e est n\u00e9cessaire pour serrer la jonction de deux tuyaux dans la phase de r\u00e9alisation de conduits de chemin\u00e9e\" \/>\n<meta property=\"og:url\" content=\"https:\/\/amrtop.net\/es\/producto\/bride-de-serrage-a-bande-en-acier-inox\/\" \/>\n<meta property=\"og:site_name\" content=\"AMRTOP B2B \u00c9tranger - Achats r\u00e9serv\u00e9s au professionnel\" \/>\n<meta property=\"article:modified_time\" content=\"2023-06-16T13:11:51+00:00\" \/>\n<meta property=\"og:image\" content=\"https:\/\/amrtop.net\/wp-content\/uploads\/2022\/06\/AL107.jpg\" \/>\n\t<meta property=\"og:image:width\" content=\"640\" \/>\n\t<meta property=\"og:image:height\" content=\"640\" \/>\n\t<meta property=\"og:image:type\" content=\"image\/jpeg\" \/>\n<meta name=\"twitter:card\" content=\"summary_large_image\" \/>\n<meta name=\"twitter:label1\" content=\"Tiempo de lectura\" \/>\n\t<meta name=\"twitter:data1\" content=\"2 minutos\" \/>\n<script type=\"application\/ld+json\" class=\"yoast-schema-graph\">{\"@context\":\"https:\\\/\\\/schema.org\",\"@graph\":[{\"@type\":\"WebPage\",\"@id\":\"https:\\\/\\\/amrtop.net\\\/produit\\\/bride-de-serrage-a-bande-en-acier-inox\\\/\",\"url\":\"https:\\\/\\\/amrtop.net\\\/produit\\\/bride-de-serrage-a-bande-en-acier-inox\\\/\",\"name\":\"Bride de serrage \u00e0 bande en acier inox\",\"isPartOf\":{\"@id\":\"https:\\\/\\\/amrtop.net\\\/#website\"},\"primaryImageOfPage\":{\"@id\":\"https:\\\/\\\/amrtop.net\\\/produit\\\/bride-de-serrage-a-bande-en-acier-inox\\\/#primaryimage\"},\"image\":{\"@id\":\"https:\\\/\\\/amrtop.net\\\/produit\\\/bride-de-serrage-a-bande-en-acier-inox\\\/#primaryimage\"},\"thumbnailUrl\":\"https:\\\/\\\/amrtop.net\\\/wp-content\\\/uploads\\\/2022\\\/06\\\/AL107.jpg\",\"datePublished\":\"2022-05-26T13:58:10+00:00\",\"dateModified\":\"2023-06-16T13:11:51+00:00\",\"description\":\"Bride de serrage \u00e0 bande en acier inox - Bride de serrage des tuyaux de tuyau-chemin\u00e9e est n\u00e9cessaire pour serrer la jonction de deux tuyaux dans la phase de r\u00e9alisation de conduits de chemin\u00e9e\",\"breadcrumb\":{\"@id\":\"https:\\\/\\\/amrtop.net\\\/produit\\\/bride-de-serrage-a-bande-en-acier-inox\\\/#breadcrumb\"},\"inLanguage\":\"es\",\"potentialAction\":[{\"@type\":\"ReadAction\",\"target\":[\"https:\\\/\\\/amrtop.net\\\/produit\\\/bride-de-serrage-a-bande-en-acier-inox\\\/\"]}]},{\"@type\":\"ImageObject\",\"inLanguage\":\"es\",\"@id\":\"https:\\\/\\\/amrtop.net\\\/produit\\\/bride-de-serrage-a-bande-en-acier-inox\\\/#primaryimage\",\"url\":\"https:\\\/\\\/amrtop.net\\\/wp-content\\\/uploads\\\/2022\\\/06\\\/AL107.jpg\",\"contentUrl\":\"https:\\\/\\\/amrtop.net\\\/wp-content\\\/uploads\\\/2022\\\/06\\\/AL107.jpg\",\"width\":640,\"height\":640,\"caption\":\"Bride de serrage \u00e0 bande en acier inox - Bride de serrage des tuyaux de tuyau-chemin\u00e9e est n\u00e9cessaire pour serrer la jonction de deux tuyaux dans la phase de r\u00e9alisation de conduits de chemin\u00e9e\"},{\"@type\":\"BreadcrumbList\",\"@id\":\"https:\\\/\\\/amrtop.net\\\/produit\\\/bride-de-serrage-a-bande-en-acier-inox\\\/#breadcrumb\",\"itemListElement\":[{\"@type\":\"ListItem\",\"position\":1,\"name\":\"Home\",\"item\":\"https:\\\/\\\/amrtop.net\\\/\"},{\"@type\":\"ListItem\",\"position\":2,\"name\":\"Shop\",\"item\":\"https:\\\/\\\/amrtop.net\\\/negozio\\\/\"},{\"@type\":\"ListItem\",\"position\":3,\"name\":\"Bride de serrage \u00e0 bande en acier inox\"}]},{\"@type\":\"WebSite\",\"@id\":\"https:\\\/\\\/amrtop.net\\\/#website\",\"url\":\"https:\\\/\\\/amrtop.net\\\/\",\"name\":\"AMRTOP B2B \u00c9tranger - Achats r\u00e9serv\u00e9s au professionnel\",\"description\":\"Pi\u00e8ces de rechange et accessoires pour po\u00eales et chaudi\u00e8res - eCommerce B2B pour Clients Professionnels\",\"potentialAction\":[{\"@type\":\"SearchAction\",\"target\":{\"@type\":\"EntryPoint\",\"urlTemplate\":\"https:\\\/\\\/amrtop.net\\\/?s={search_term_string}\"},\"query-input\":{\"@type\":\"PropertyValueSpecification\",\"valueRequired\":true,\"valueName\":\"search_term_string\"}}],\"inLanguage\":\"es\"}]}<\/script>\n<!-- \/ Yoast SEO plugin. -->","yoast_head_json":{"title":"Abrazadera de banda de acero inoxidable","description":"Abrazadera de banda de acero inoxidable - La abrazadera para tubos de chimenea es necesaria para sujetar la uni\u00f3n de dos tubos cuando se construyen conductos de chimenea.","robots":{"index":"index","follow":"follow","max-snippet":"max-snippet:-1","max-image-preview":"max-image-preview:large","max-video-preview":"max-video-preview:-1"},"canonical":"https:\/\/amrtop.net\/es\/producto\/bride-de-serrage-a-bande-en-acier-inox\/","og_locale":"es_ES","og_type":"article","og_title":"Bride de serrage \u00e0 bande en acier inox","og_description":"Bride de serrage \u00e0 bande en acier inox - Bride de serrage des tuyaux de tuyau-chemin\u00e9e est n\u00e9cessaire pour serrer la jonction de deux tuyaux dans la phase de r\u00e9alisation de conduits de chemin\u00e9e","og_url":"https:\/\/amrtop.net\/es\/producto\/bride-de-serrage-a-bande-en-acier-inox\/","og_site_name":"AMRTOP B2B \u00c9tranger - Achats r\u00e9serv\u00e9s au professionnel","article_modified_time":"2023-06-16T13:11:51+00:00","og_image":[{"width":640,"height":640,"url":"https:\/\/amrtop.net\/wp-content\/uploads\/2022\/06\/AL107.jpg","type":"image\/jpeg"}],"twitter_card":"summary_large_image","twitter_misc":{"Tiempo de lectura":"2 minutos"},"schema":{"@context":"https:\/\/schema.org","@graph":[{"@type":"WebPage","@id":"https:\/\/amrtop.net\/produit\/bride-de-serrage-a-bande-en-acier-inox\/","url":"https:\/\/amrtop.net\/produit\/bride-de-serrage-a-bande-en-acier-inox\/","name":"Abrazadera de banda de acero inoxidable","isPartOf":{"@id":"https:\/\/amrtop.net\/#website"},"primaryImageOfPage":{"@id":"https:\/\/amrtop.net\/produit\/bride-de-serrage-a-bande-en-acier-inox\/#primaryimage"},"image":{"@id":"https:\/\/amrtop.net\/produit\/bride-de-serrage-a-bande-en-acier-inox\/#primaryimage"},"thumbnailUrl":"https:\/\/amrtop.net\/wp-content\/uploads\/2022\/06\/AL107.jpg","datePublished":"2022-05-26T13:58:10+00:00","dateModified":"2023-06-16T13:11:51+00:00","description":"Abrazadera de banda de acero inoxidable - La abrazadera para tubos de chimenea es necesaria para sujetar la uni\u00f3n de dos tubos cuando se construyen conductos de chimenea.","breadcrumb":{"@id":"https:\/\/amrtop.net\/produit\/bride-de-serrage-a-bande-en-acier-inox\/#breadcrumb"},"inLanguage":"es","potentialAction":[{"@type":"ReadAction","target":["https:\/\/amrtop.net\/produit\/bride-de-serrage-a-bande-en-acier-inox\/"]}]},{"@type":"ImageObject","inLanguage":"es","@id":"https:\/\/amrtop.net\/produit\/bride-de-serrage-a-bande-en-acier-inox\/#primaryimage","url":"https:\/\/amrtop.net\/wp-content\/uploads\/2022\/06\/AL107.jpg","contentUrl":"https:\/\/amrtop.net\/wp-content\/uploads\/2022\/06\/AL107.jpg","width":640,"height":640,"caption":"Bride de serrage \u00e0 bande en acier inox - Bride de serrage des tuyaux de tuyau-chemin\u00e9e est n\u00e9cessaire pour serrer la jonction de deux tuyaux dans la phase de r\u00e9alisation de conduits de chemin\u00e9e"},{"@type":"BreadcrumbList","@id":"https:\/\/amrtop.net\/produit\/bride-de-serrage-a-bande-en-acier-inox\/#breadcrumb","itemListElement":[{"@type":"ListItem","position":1,"name":"Home","item":"https:\/\/amrtop.net\/"},{"@type":"ListItem","position":2,"name":"Shop","item":"https:\/\/amrtop.net\/negozio\/"},{"@type":"ListItem","position":3,"name":"Bride de serrage \u00e0 bande en acier inox"}]},{"@type":"WebSite","@id":"https:\/\/amrtop.net\/#website","url":"https:\/\/amrtop.net\/","name":"AMRTOP B2B Abroad - Compras reservadas a los profesionales","description":"Recambios y accesorios para estufas y calderas - Comercio electr\u00f3nico B2B para profesionales","potentialAction":[{"@type":"SearchAction","target":{"@type":"EntryPoint","urlTemplate":"https:\/\/amrtop.net\/?s={search_term_string}"},"query-input":{"@type":"PropertyValueSpecification","valueRequired":true,"valueName":"search_term_string"}}],"inLanguage":"es"}]}},"_links":{"self":[{"href":"https:\/\/amrtop.net\/es\/wp-json\/wp\/v2\/product\/23701","targetHints":{"allow":["GET"]}}],"collection":[{"href":"https:\/\/amrtop.net\/es\/wp-json\/wp\/v2\/product"}],"about":[{"href":"https:\/\/amrtop.net\/es\/wp-json\/wp\/v2\/types\/product"}],"replies":[{"embeddable":true,"href":"https:\/\/amrtop.net\/es\/wp-json\/wp\/v2\/comments?post=23701"}],"wp:featuredmedia":[{"embeddable":true,"href":"https:\/\/amrtop.net\/es\/wp-json\/wp\/v2\/media\/27765"}],"wp:attachment":[{"href":"https:\/\/amrtop.net\/es\/wp-json\/wp\/v2\/media?parent=23701"}],"wp:term":[{"taxonomy":"product_brand","embeddable":true,"href":"https:\/\/amrtop.net\/es\/wp-json\/wp\/v2\/product_brand?post=23701"},{"taxonomy":"product_cat","embeddable":true,"href":"https:\/\/amrtop.net\/es\/wp-json\/wp\/v2\/product_cat?post=23701"},{"taxonomy":"product_tag","embeddable":true,"href":"https:\/\/amrtop.net\/es\/wp-json\/wp\/v2\/product_tag?post=23701"}],"curies":[{"name":"wp","href":"https:\/\/api.w.org\/{rel}","templated":true}]}}