{"id":23872,"date":"2022-05-27T07:58:48","date_gmt":"2022-05-27T07:58:48","guid":{"rendered":"https:\/\/amrtop.com\/B2B\/?post_type=product&#038;p=23872"},"modified":"2023-06-10T15:09:12","modified_gmt":"2023-06-10T15:09:12","slug":"f2l28162-pintura-en-spray-para-sistema-fertop-2-0-legna","status":"publish","type":"product","link":"https:\/\/amrtop.net\/es\/produit\/f2l28162-bombe-de-peinture-pour-systeme-fertop-2-0-legna\/","title":{"rendered":"F2L28162 - Bote pulverizador para el sistema Fertop 2.0 Legna"},"content":{"rendered":"<h3>Pintura en spray para el sistema Fertop 2.0 Legna<\/h3>\n<p>El sistema de chimenea \u00fanica FERTOP 2.0 de LEGNA est\u00e1 formado por elementos modulares r\u00edgidos de acero al carbono pintado de negro mate de 2 mm de espesor, c\u00f3nicos para garantizar un sellado perfecto en la salida de gases de combusti\u00f3n y una alta calidad est\u00e9tica.<\/p>\n<p>Los elementos cumplen las normas establecidas por el marcado CE conforme a la norma EN 1856-2 y est\u00e1n injertados con un bisel macho c\u00f3nico.<\/p>\n<p>Ideal para generadores que funcionan a baja presi\u00f3n con combustibles s\u00f3lidos y temperaturas muy elevadas (hasta 600 \u00baC).<strong>Riferimento<\/strong><strong> normativa y dise\u00f1o<\/strong><\/p>\n<p><strong>Referencia jur\u00eddica y designaci\u00f3n<\/strong><\/p>\n<p>Marcado del producto conforme a la normativa europea EN 1856-2.<\/p>\n<p>T600 N1 D Vm L01200 Gxxx NM (xxx = \u00d8 X 3)<\/p>\n<p>T600 N1 D Vm L01200 G800 M \u00d8 200<\/p>\n<p><strong>Aplicaci\u00f3n<\/strong><\/p>\n<p>Instalaci\u00f3n interior.<\/p>\n<h3>Uso de pintura TBombe para el sistema Fertop 2.0 Legna<\/h3>\n<p>Conductos, humeros, chimeneas met\u00e1licas, junto con generadores de calor como estufas y chimeneas.<\/p>\n<p><strong>Di\u00e1metros disponibles - mm 120 - 130 - 140 - 150 - 180 - 200<\/strong><\/p>\n<p><strong>Gama de sistemas de humo AMR TOP\u00a0\u00a0\u00a0\u00a0\u00a0\u00a0 <\/strong><\/p>\n<p><a href=\"https:\/\/amrtop.net\/es\/categoria-de-productos\/conductos-de-humo-2\/tuyaux-flexibles-en-acier-inoxydable\/\"><strong>TOP FLEX SP - Tubos flexibles de acero inoxidable corrugados de pared simple y doble<\/strong><\/a><\/p>\n<p><a href=\"https:\/\/amrtop.net\/es\/categoria-de-productos\/conductos-de-humo-2\/tube-rigide-monoparete-en-acier-inoxydable\/\"><strong>SP - Tubo r\u00edgido de pared simple de acero inoxidable AISI 316L<\/strong><\/a><\/p>\n<p><strong><u><a href=\"https:\/\/amrtop.net\/es\/categoria-de-productos\/conductos-de-humo-2\/tube-flexible-inox-aisi-316-l-interieur-lisse-isole\/\">ISOTOP FLEX - Tubo flexible interior liso aislado de acero inoxidable AISI 316L \u00a0<\/a><\/u><\/strong><\/p>\n<p><strong><u><a href=\"https:\/\/amrtop.net\/es\/categoria-de-productos\/conductos-de-humo-2\/dp-air-tube-double-paroi-inox-a-chambre-dair\/\">DP AIR - Tubo de acero inoxidable de doble pared con c\u00e1mara de aire<\/a><\/u><\/strong><\/p>\n<p><strong><u><a href=\"https:\/\/amrtop.net\/es\/categoria-de-productos\/conductos-de-humo-2\/tube-coaxial-inox\/\">DP - Tubo aislado de doble pared 10 mm - 25 mm<\/a><\/u><\/strong><\/p>\n<p><strong><a href=\"https:\/\/amrtop.net\/es\/categoria-de-productos\/conductos-de-humo-2\/tube-coaxial-inox\/\">COAX TOP - Tubo coaxial de acero inoxidable en PPS y PPS\/acero inoxidable<\/a><\/strong><\/p>\n<p><strong><u><a href=\"https:\/\/amrtop.net\/es\/categoria-de-productos\/conductos-de-humo-2\/tuyau-coaxial-inox-inox-black\/\">COAX PELLET - Tubo coaxial de acero inoxidable<\/a><\/u><\/strong><\/p>\n<p><strong><u><a href=\"https:\/\/amrtop.net\/es\/categoria-de-productos\/conductos-de-humo-2\/conduits-de-fumee-des-appareils-a-biomasse\/\">BIOM TOP - Tubos para estufas de pellets y le\u00f1a<\/a><\/u><\/strong><\/p>\n<p><strong><u>\u00a0<\/u><\/strong><\/p>","protected":false},"excerpt":{"rendered":"<p>Bombe de peinture pour syst\u00e8me Fertop 2.0 Legna Le syst\u00e8me monoparete FERTOP 2.0 LEGNA est compos\u00e9 par des \u00e9l\u00e9ments modulaires rigides, r\u00e9alis\u00e9s en acier au carbone verni noir mat d\u2019une \u00e9paisseur de 2 mm effil\u00e9 pour assurer, avec l\u2019\u00e9tanch\u00e9it\u00e9 parfaite dans l\u2019\u00e9vacuation des fum\u00e9es, haute qualit\u00e9 esth\u00e9tique. Les \u00e9l\u00e9ments sont conformes aux normes pr\u00e9vues par [&hellip;]<\/p>\n","protected":false},"featured_media":27818,"comment_status":"open","ping_status":"closed","template":"","meta":[],"product_brand":[],"product_cat":[1547,1550],"product_tag":[],"class_list":{"0":"post-23872","1":"product","2":"type-product","3":"status-publish","4":"has-post-thumbnail","6":"product_cat-conduits-de-fumee-des-appareils-a-biomasse","7":"product_cat-fertop-2-0-tubes-pour-poeles-a-bois-epaisseur-2-mm","9":"first","10":"instock","11":"shipping-taxable","12":"purchasable","13":"product-type-simple"},"yoast_head":"<!-- This site is optimized with the Yoast SEO plugin v27.5 - https:\/\/yoast.com\/product\/yoast-seo-wordpress\/ -->\n<title>Bombe de peinture pour syst\u00e8me Fertop 2.0 Legna<\/title>\n<meta name=\"description\" content=\"Bombe de peinture pour syst\u00e8me Fertop 2.0 Legna - Conduit de fum\u00e9e pour appareils \u00e0 biomasse \u00e9paisseur 0,4 - 0,8 - 1,2 - 2,0 mm pour po\u00eales \u00e0 pellets et bois - Conduit de chemin\u00e9e en m\u00e9tal et acier inox peint noir mat et brillant - Tuyau de vidange des fum\u00e9es de diff\u00e9rents diam\u00e8tres.\" \/>\n<meta name=\"robots\" content=\"index, follow, max-snippet:-1, max-image-preview:large, max-video-preview:-1\" \/>\n<link rel=\"canonical\" href=\"https:\/\/amrtop.net\/es\/producto\/f2l28162-pintura-en-spray-para-sistema-fertop-2-0-legna\/\" \/>\n<meta property=\"og:locale\" content=\"es_ES\" \/>\n<meta property=\"og:type\" content=\"article\" \/>\n<meta property=\"og:title\" content=\"Bombe de peinture pour syst\u00e8me Fertop 2.0 Legna\" \/>\n<meta property=\"og:description\" content=\"Bombe de peinture pour syst\u00e8me Fertop 2.0 Legna - Conduit de fum\u00e9e pour appareils \u00e0 biomasse \u00e9paisseur 0,4 - 0,8 - 1,2 - 2,0 mm pour po\u00eales \u00e0 pellets et bois - Conduit de chemin\u00e9e en m\u00e9tal et acier inox peint noir mat et brillant - Tuyau de vidange des fum\u00e9es de diff\u00e9rents diam\u00e8tres.\" \/>\n<meta property=\"og:url\" content=\"https:\/\/amrtop.net\/es\/producto\/f2l28162-pintura-en-spray-para-sistema-fertop-2-0-legna\/\" \/>\n<meta property=\"og:site_name\" content=\"AMRTOP B2B \u00c9tranger - Achats r\u00e9serv\u00e9s au professionnel\" \/>\n<meta property=\"article:modified_time\" content=\"2023-06-10T15:09:12+00:00\" \/>\n<meta property=\"og:image\" content=\"https:\/\/amrtop.net\/wp-content\/uploads\/2022\/06\/F2L28162.jpg\" \/>\n\t<meta property=\"og:image:width\" content=\"640\" \/>\n\t<meta property=\"og:image:height\" content=\"640\" \/>\n\t<meta property=\"og:image:type\" content=\"image\/jpeg\" \/>\n<meta name=\"twitter:card\" content=\"summary_large_image\" \/>\n<meta name=\"twitter:label1\" content=\"Tiempo de lectura\" \/>\n\t<meta name=\"twitter:data1\" content=\"2 minutos\" \/>\n<script type=\"application\/ld+json\" class=\"yoast-schema-graph\">{\"@context\":\"https:\\\/\\\/schema.org\",\"@graph\":[{\"@type\":\"WebPage\",\"@id\":\"https:\\\/\\\/amrtop.net\\\/produit\\\/f2l28162-bombe-de-peinture-pour-systeme-fertop-2-0-legna\\\/\",\"url\":\"https:\\\/\\\/amrtop.net\\\/produit\\\/f2l28162-bombe-de-peinture-pour-systeme-fertop-2-0-legna\\\/\",\"name\":\"Bombe de peinture pour syst\u00e8me Fertop 2.0 Legna\",\"isPartOf\":{\"@id\":\"https:\\\/\\\/amrtop.net\\\/#website\"},\"primaryImageOfPage\":{\"@id\":\"https:\\\/\\\/amrtop.net\\\/produit\\\/f2l28162-bombe-de-peinture-pour-systeme-fertop-2-0-legna\\\/#primaryimage\"},\"image\":{\"@id\":\"https:\\\/\\\/amrtop.net\\\/produit\\\/f2l28162-bombe-de-peinture-pour-systeme-fertop-2-0-legna\\\/#primaryimage\"},\"thumbnailUrl\":\"https:\\\/\\\/amrtop.net\\\/wp-content\\\/uploads\\\/2022\\\/06\\\/F2L28162.jpg\",\"datePublished\":\"2022-05-27T07:58:48+00:00\",\"dateModified\":\"2023-06-10T15:09:12+00:00\",\"description\":\"Bombe de peinture pour syst\u00e8me Fertop 2.0 Legna - Conduit de fum\u00e9e pour appareils \u00e0 biomasse \u00e9paisseur 0,4 - 0,8 - 1,2 - 2,0 mm pour po\u00eales \u00e0 pellets et bois - Conduit de chemin\u00e9e en m\u00e9tal et acier inox peint noir mat et brillant - Tuyau de vidange des fum\u00e9es de diff\u00e9rents diam\u00e8tres.\",\"breadcrumb\":{\"@id\":\"https:\\\/\\\/amrtop.net\\\/produit\\\/f2l28162-bombe-de-peinture-pour-systeme-fertop-2-0-legna\\\/#breadcrumb\"},\"inLanguage\":\"es\",\"potentialAction\":[{\"@type\":\"ReadAction\",\"target\":[\"https:\\\/\\\/amrtop.net\\\/produit\\\/f2l28162-bombe-de-peinture-pour-systeme-fertop-2-0-legna\\\/\"]}]},{\"@type\":\"ImageObject\",\"inLanguage\":\"es\",\"@id\":\"https:\\\/\\\/amrtop.net\\\/produit\\\/f2l28162-bombe-de-peinture-pour-systeme-fertop-2-0-legna\\\/#primaryimage\",\"url\":\"https:\\\/\\\/amrtop.net\\\/wp-content\\\/uploads\\\/2022\\\/06\\\/F2L28162.jpg\",\"contentUrl\":\"https:\\\/\\\/amrtop.net\\\/wp-content\\\/uploads\\\/2022\\\/06\\\/F2L28162.jpg\",\"width\":640,\"height\":640,\"caption\":\"Bombe de peinture pour syst\u00e8me Fertop 2.0 Legna - Conduit de fum\u00e9e pour appareils \u00e0 biomasse \u00e9paisseur 0,4 - 0,8 - 1,2 - 2,0 mm pour po\u00eales \u00e0 pellets et bois - Conduit de chemin\u00e9e en m\u00e9tal et acier inox peint noir mat et brillant - Tuyau de vidange des fum\u00e9es de diff\u00e9rents diam\u00e8tres.\"},{\"@type\":\"BreadcrumbList\",\"@id\":\"https:\\\/\\\/amrtop.net\\\/produit\\\/f2l28162-bombe-de-peinture-pour-systeme-fertop-2-0-legna\\\/#breadcrumb\",\"itemListElement\":[{\"@type\":\"ListItem\",\"position\":1,\"name\":\"Home\",\"item\":\"https:\\\/\\\/amrtop.net\\\/\"},{\"@type\":\"ListItem\",\"position\":2,\"name\":\"Shop\",\"item\":\"https:\\\/\\\/amrtop.net\\\/negozio\\\/\"},{\"@type\":\"ListItem\",\"position\":3,\"name\":\"F2L28162 &#8211; Bombe de peinture pour syst\u00e8me Fertop 2.0 Legna\"}]},{\"@type\":\"WebSite\",\"@id\":\"https:\\\/\\\/amrtop.net\\\/#website\",\"url\":\"https:\\\/\\\/amrtop.net\\\/\",\"name\":\"AMRTOP B2B \u00c9tranger - Achats r\u00e9serv\u00e9s au professionnel\",\"description\":\"Pi\u00e8ces de rechange et accessoires pour po\u00eales et chaudi\u00e8res - eCommerce B2B pour Clients Professionnels\",\"potentialAction\":[{\"@type\":\"SearchAction\",\"target\":{\"@type\":\"EntryPoint\",\"urlTemplate\":\"https:\\\/\\\/amrtop.net\\\/?s={search_term_string}\"},\"query-input\":{\"@type\":\"PropertyValueSpecification\",\"valueRequired\":true,\"valueName\":\"search_term_string\"}}],\"inLanguage\":\"es\"}]}<\/script>\n<!-- \/ Yoast SEO plugin. -->","yoast_head_json":{"title":"Pintura en spray para el sistema Fertop 2.0 Legna","description":"Bote de pintura en spray para el sistema Fertop 2.0 Legna - Tubo de humos para aparatos de biomasa de 0,4 - 0,8 - 1,2 - 2,0 mm de espesor para estufas de pellets y le\u00f1a - Tubo de humos de metal y acero inoxidable pintado en negro mate y brillante - Tubo de humos de varios di\u00e1metros.","robots":{"index":"index","follow":"follow","max-snippet":"max-snippet:-1","max-image-preview":"max-image-preview:large","max-video-preview":"max-video-preview:-1"},"canonical":"https:\/\/amrtop.net\/es\/producto\/f2l28162-pintura-en-spray-para-sistema-fertop-2-0-legna\/","og_locale":"es_ES","og_type":"article","og_title":"Bombe de peinture pour syst\u00e8me Fertop 2.0 Legna","og_description":"Bombe de peinture pour syst\u00e8me Fertop 2.0 Legna - Conduit de fum\u00e9e pour appareils \u00e0 biomasse \u00e9paisseur 0,4 - 0,8 - 1,2 - 2,0 mm pour po\u00eales \u00e0 pellets et bois - Conduit de chemin\u00e9e en m\u00e9tal et acier inox peint noir mat et brillant - Tuyau de vidange des fum\u00e9es de diff\u00e9rents diam\u00e8tres.","og_url":"https:\/\/amrtop.net\/es\/producto\/f2l28162-pintura-en-spray-para-sistema-fertop-2-0-legna\/","og_site_name":"AMRTOP B2B \u00c9tranger - Achats r\u00e9serv\u00e9s au professionnel","article_modified_time":"2023-06-10T15:09:12+00:00","og_image":[{"width":640,"height":640,"url":"https:\/\/amrtop.net\/wp-content\/uploads\/2022\/06\/F2L28162.jpg","type":"image\/jpeg"}],"twitter_card":"summary_large_image","twitter_misc":{"Tiempo de lectura":"2 minutos"},"schema":{"@context":"https:\/\/schema.org","@graph":[{"@type":"WebPage","@id":"https:\/\/amrtop.net\/produit\/f2l28162-bombe-de-peinture-pour-systeme-fertop-2-0-legna\/","url":"https:\/\/amrtop.net\/produit\/f2l28162-bombe-de-peinture-pour-systeme-fertop-2-0-legna\/","name":"Pintura en spray para el sistema Fertop 2.0 Legna","isPartOf":{"@id":"https:\/\/amrtop.net\/#website"},"primaryImageOfPage":{"@id":"https:\/\/amrtop.net\/produit\/f2l28162-bombe-de-peinture-pour-systeme-fertop-2-0-legna\/#primaryimage"},"image":{"@id":"https:\/\/amrtop.net\/produit\/f2l28162-bombe-de-peinture-pour-systeme-fertop-2-0-legna\/#primaryimage"},"thumbnailUrl":"https:\/\/amrtop.net\/wp-content\/uploads\/2022\/06\/F2L28162.jpg","datePublished":"2022-05-27T07:58:48+00:00","dateModified":"2023-06-10T15:09:12+00:00","description":"Bote de pintura en spray para el sistema Fertop 2.0 Legna - Tubo de humos para aparatos de biomasa de 0,4 - 0,8 - 1,2 - 2,0 mm de espesor para estufas de pellets y le\u00f1a - Tubo de humos de metal y acero inoxidable pintado en negro mate y brillante - Tubo de humos de varios di\u00e1metros.","breadcrumb":{"@id":"https:\/\/amrtop.net\/produit\/f2l28162-bombe-de-peinture-pour-systeme-fertop-2-0-legna\/#breadcrumb"},"inLanguage":"es","potentialAction":[{"@type":"ReadAction","target":["https:\/\/amrtop.net\/produit\/f2l28162-bombe-de-peinture-pour-systeme-fertop-2-0-legna\/"]}]},{"@type":"ImageObject","inLanguage":"es","@id":"https:\/\/amrtop.net\/produit\/f2l28162-bombe-de-peinture-pour-systeme-fertop-2-0-legna\/#primaryimage","url":"https:\/\/amrtop.net\/wp-content\/uploads\/2022\/06\/F2L28162.jpg","contentUrl":"https:\/\/amrtop.net\/wp-content\/uploads\/2022\/06\/F2L28162.jpg","width":640,"height":640,"caption":"Bombe de peinture pour syst\u00e8me Fertop 2.0 Legna - Conduit de fum\u00e9e pour appareils \u00e0 biomasse \u00e9paisseur 0,4 - 0,8 - 1,2 - 2,0 mm pour po\u00eales \u00e0 pellets et bois - Conduit de chemin\u00e9e en m\u00e9tal et acier inox peint noir mat et brillant - Tuyau de vidange des fum\u00e9es de diff\u00e9rents diam\u00e8tres."},{"@type":"BreadcrumbList","@id":"https:\/\/amrtop.net\/produit\/f2l28162-bombe-de-peinture-pour-systeme-fertop-2-0-legna\/#breadcrumb","itemListElement":[{"@type":"ListItem","position":1,"name":"Home","item":"https:\/\/amrtop.net\/"},{"@type":"ListItem","position":2,"name":"Shop","item":"https:\/\/amrtop.net\/negozio\/"},{"@type":"ListItem","position":3,"name":"F2L28162 &#8211; Bombe de peinture pour syst\u00e8me Fertop 2.0 Legna"}]},{"@type":"WebSite","@id":"https:\/\/amrtop.net\/#website","url":"https:\/\/amrtop.net\/","name":"AMRTOP B2B Abroad - Compras reservadas a los profesionales","description":"Recambios y accesorios para estufas y calderas - Comercio electr\u00f3nico B2B para profesionales","potentialAction":[{"@type":"SearchAction","target":{"@type":"EntryPoint","urlTemplate":"https:\/\/amrtop.net\/?s={search_term_string}"},"query-input":{"@type":"PropertyValueSpecification","valueRequired":true,"valueName":"search_term_string"}}],"inLanguage":"es"}]}},"_links":{"self":[{"href":"https:\/\/amrtop.net\/es\/wp-json\/wp\/v2\/product\/23872","targetHints":{"allow":["GET"]}}],"collection":[{"href":"https:\/\/amrtop.net\/es\/wp-json\/wp\/v2\/product"}],"about":[{"href":"https:\/\/amrtop.net\/es\/wp-json\/wp\/v2\/types\/product"}],"replies":[{"embeddable":true,"href":"https:\/\/amrtop.net\/es\/wp-json\/wp\/v2\/comments?post=23872"}],"wp:featuredmedia":[{"embeddable":true,"href":"https:\/\/amrtop.net\/es\/wp-json\/wp\/v2\/media\/27818"}],"wp:attachment":[{"href":"https:\/\/amrtop.net\/es\/wp-json\/wp\/v2\/media?parent=23872"}],"wp:term":[{"taxonomy":"product_brand","embeddable":true,"href":"https:\/\/amrtop.net\/es\/wp-json\/wp\/v2\/product_brand?post=23872"},{"taxonomy":"product_cat","embeddable":true,"href":"https:\/\/amrtop.net\/es\/wp-json\/wp\/v2\/product_cat?post=23872"},{"taxonomy":"product_tag","embeddable":true,"href":"https:\/\/amrtop.net\/es\/wp-json\/wp\/v2\/product_tag?post=23872"}],"curies":[{"name":"wp","href":"https:\/\/api.w.org\/{rel}","templated":true}]}}