{"id":24147,"date":"2022-05-27T13:43:36","date_gmt":"2022-05-27T13:43:36","guid":{"rendered":"https:\/\/amrtop.com\/B2B\/?post_type=product&#038;p=24147"},"modified":"2023-06-13T09:21:18","modified_gmt":"2023-06-13T09:21:18","slug":"sp108-coude-a-45","status":"publish","type":"product","link":"https:\/\/amrtop.net\/es\/produit\/sp108-coude-a-45\/","title":{"rendered":"SP108... - Codo 45"},"content":{"rendered":"<h3><strong>\u00a0<\/strong><strong>Coude \u00e0 45\u00b0 inox simple paroi SP<\/strong><\/h3>\n<p>El sistema SP de pared simple de acero inoxidable est\u00e1 formado por elementos modulares r\u00edgidos con acabado BA claro, fabricados en acero austen\u00edtico AISI 316L BA (1.4404) con un espesor m\u00ednimo de 0,4 mm.<\/p>\n<p>Cumple los requisitos de marcado CE de las normas EN 1856-1 y EN 1856-2.<\/p>\n<p>Los elementos modulares tienen el cl\u00e1sico injerto macho-hembra calibrado con junta de triple labio.<\/p>\n<p>Conforme a la normativa europea EN 14241-1, y conexi\u00f3n mec\u00e1nica con brida de seguridad.<\/p>\n<h3><strong>Aplicaci\u00f3n<\/strong><\/h3>\n<p>Instalaci\u00f3n interior o exterior.<\/p>\n<h3><strong>Utilisation du Coude \u00e0 45\u00b0 inox simple paroi SP<\/strong><\/h3>\n<p>Conductos, humeros, chimeneas met\u00e1licas conectadas a generadores de calor atmosf\u00e9ricos a presi\u00f3n, de aire forzado, tradicionales o de condensaci\u00f3n, campanas de cocina industriales o dom\u00e9sticas, estufas de le\u00f1a, chimeneas, estufas de pellets.<\/p>\n<h3><strong>Di\u00e1metros disponibles<\/strong><\/h3>\n<p><strong>Espesor SP04<\/strong> 0,4 mm - 50 - 60 - 80 - 100 - 120 - 125 - 130 - 140 - 150 - 160 - 180 - 200<\/p>\n<p><strong>Espesor SP05<\/strong> 0,5 mm - 220 - 250 - 300 - 350 - 400<\/p>\n<p><strong>Di\u00e1metro 450 - 500 bajo pedido - Disponible hasta di\u00e1metro 800 BAJO PEDIDO<\/strong><\/p>\n<p><strong>Gama de sistemas de humo AMR TOP\u00a0\u00a0\u00a0\u00a0\u00a0\u00a0 <\/strong><\/p>\n<p><a href=\"https:\/\/amrtop.net\/es\/categoria-de-productos\/conductos-de-humo-2\/tuyaux-flexibles-en-acier-inoxydable\/\"><strong>TOP FLEX SP - Tubos flexibles de acero inoxidable corrugados de pared simple y doble<\/strong><\/a><\/p>\n<p><a href=\"https:\/\/amrtop.net\/es\/categoria-de-productos\/conductos-de-humo-2\/tube-rigide-monoparete-en-acier-inoxydable\/\"><strong>SP - Tubo r\u00edgido de pared simple de acero inoxidable AISI 316L<\/strong><\/a><\/p>\n<p><a href=\"https:\/\/amrtop.net\/es\/categoria-de-productos\/conductos-de-humo-2\/tube-flexible-inox-aisi-316-l-interieur-lisse-isole\/\"><strong>ISOTOP FLEX - Tubo flexible interior liso aislado de acero inoxidable AISI 316L \u00a0<\/strong><\/a><\/p>\n<p><a href=\"https:\/\/amrtop.net\/es\/categoria-de-productos\/conductos-de-humo-2\/dp-air-tube-double-paroi-inox-a-chambre-dair\/\"><strong>DP AIR - Tubo de acero inoxidable de doble pared con c\u00e1mara de aire<\/strong><\/a><\/p>\n<p><a href=\"https:\/\/amrtop.net\/es\/categoria-de-productos\/conductos-de-humo-2\/tube-coaxial-inox\/\"><strong>DP - Tubo aislado de doble pared 10 mm - 25 mm<\/strong><\/a><\/p>\n<p><a href=\"https:\/\/amrtop.net\/es\/categoria-de-productos\/conductos-de-humo-2\/tube-coaxial-inox\/\"><strong>COAX TOP - Tubo coaxial de acero inoxidable en PPS y PPS\/acero inoxidable<\/strong><\/a><\/p>\n<p><a href=\"https:\/\/amrtop.net\/es\/categoria-de-productos\/conductos-de-humo-2\/tuyau-coaxial-inox-inox-black\/\"><strong>COAX PELLET - Tubo coaxial de acero inoxidable<\/strong><\/a><\/p>\n<p><strong><a href=\"https:\/\/amrtop.net\/es\/categoria-de-productos\/conductos-de-humo-2\/conduits-de-fumee-des-appareils-a-biomasse\/\">BIOM TOP - Tubos para estufas de pellets y le\u00f1a<\/a><\/strong><\/p>\n<p><strong><a href=\"https:\/\/amrtop.net\/es\/categoria-de-productos\/conductos-de-humo-2\/alutop-tube-en-aluminium-flexible-extensible\/\">ALU TOP - Tubos de aluminio estirables<\/a><\/strong><strong>\u00a0 \u00a0<\/strong><\/p>","protected":false},"excerpt":{"rendered":"<p>\u00a0Coude \u00e0 45\u00b0 inox simple paroi SP Le syst\u00e8me inoxydable simple paroi SP est compos\u00e9 d\u2019\u00e9l\u00e9ments modulables rigides avec finition lucide BA, r\u00e9alis\u00e9s en acier aust\u00e9nitique AISI 316L BA (1.4404) de \u00e9paisseur minimale 0,4 mm. Conformes aux normes prescrites du marquage CE selon les normes EN 1856-1 et EN 1856-2. Les \u00e9l\u00e9ments modulaires ont la [&hellip;]<\/p>\n","protected":false},"featured_media":24123,"comment_status":"open","ping_status":"closed","template":"","meta":[],"product_brand":[],"product_cat":[1531],"product_tag":[],"class_list":{"0":"post-24147","1":"product","2":"type-product","3":"status-publish","4":"has-post-thumbnail","6":"product_cat-sp-tube-rigide-mono-paroi-inox-aisi-316l","8":"first","9":"instock","10":"shipping-taxable","11":"purchasable","12":"product-type-variable"},"yoast_head":"<!-- This site is optimized with the Yoast SEO plugin v27.4 - https:\/\/yoast.com\/product\/yoast-seo-wordpress\/ -->\n<title>\u00a0Coude \u00e0 45\u00b0 inox simple paroi SP<\/title>\n<meta name=\"description\" content=\"\u00a0Coude \u00e0 45\u00b0 inox simple paroi SP - Chemin\u00e9e Conduit de fum\u00e9e Syst\u00e8me d\u2019extraction des fum\u00e9es mono paroi ou simple paroi compos\u00e9 d\u2019\u00e9l\u00e9ments modulables rigides avec finition brillante ou mate r\u00e9alis\u00e9s en acier inoxydable aust\u00e9nitique 316 l \u00e9paisseur minimale 0.4 mm avec embo\u00eetement au b\u00e9cher avec joint riplice l\u00e8vre\" \/>\n<meta name=\"robots\" content=\"index, follow, max-snippet:-1, max-image-preview:large, max-video-preview:-1\" \/>\n<link rel=\"canonical\" href=\"https:\/\/amrtop.net\/es\/producto\/sp108-coude-a-45\/\" \/>\n<meta property=\"og:locale\" content=\"es_ES\" \/>\n<meta property=\"og:type\" content=\"article\" \/>\n<meta property=\"og:title\" content=\"\u00a0Coude \u00e0 45\u00b0 inox simple paroi SP\" \/>\n<meta property=\"og:description\" content=\"\u00a0Coude \u00e0 45\u00b0 inox simple paroi SP - Chemin\u00e9e Conduit de fum\u00e9e Syst\u00e8me d\u2019extraction des fum\u00e9es mono paroi ou simple paroi compos\u00e9 d\u2019\u00e9l\u00e9ments modulables rigides avec finition brillante ou mate r\u00e9alis\u00e9s en acier inoxydable aust\u00e9nitique 316 l \u00e9paisseur minimale 0.4 mm avec embo\u00eetement au b\u00e9cher avec joint riplice l\u00e8vre\" \/>\n<meta property=\"og:url\" content=\"https:\/\/amrtop.net\/es\/producto\/sp108-coude-a-45\/\" \/>\n<meta property=\"og:site_name\" content=\"AMRTOP B2B \u00c9tranger - Achats r\u00e9serv\u00e9s au professionnel\" \/>\n<meta property=\"article:modified_time\" content=\"2023-06-13T09:21:18+00:00\" \/>\n<meta property=\"og:image\" content=\"https:\/\/amrtop.net\/wp-content\/uploads\/2022\/05\/sp108.jpg\" \/>\n\t<meta property=\"og:image:width\" content=\"640\" \/>\n\t<meta property=\"og:image:height\" content=\"640\" \/>\n\t<meta property=\"og:image:type\" content=\"image\/jpeg\" \/>\n<meta name=\"twitter:card\" content=\"summary_large_image\" \/>\n<meta name=\"twitter:label1\" content=\"Tiempo de lectura\" \/>\n\t<meta name=\"twitter:data1\" content=\"2 minutos\" \/>\n<script type=\"application\/ld+json\" class=\"yoast-schema-graph\">{\"@context\":\"https:\\\/\\\/schema.org\",\"@graph\":[{\"@type\":\"WebPage\",\"@id\":\"https:\\\/\\\/amrtop.net\\\/produit\\\/sp108-coude-a-45\\\/\",\"url\":\"https:\\\/\\\/amrtop.net\\\/produit\\\/sp108-coude-a-45\\\/\",\"name\":\"\u00a0Coude \u00e0 45\u00b0 inox simple paroi SP\",\"isPartOf\":{\"@id\":\"https:\\\/\\\/amrtop.net\\\/#website\"},\"primaryImageOfPage\":{\"@id\":\"https:\\\/\\\/amrtop.net\\\/produit\\\/sp108-coude-a-45\\\/#primaryimage\"},\"image\":{\"@id\":\"https:\\\/\\\/amrtop.net\\\/produit\\\/sp108-coude-a-45\\\/#primaryimage\"},\"thumbnailUrl\":\"https:\\\/\\\/amrtop.net\\\/wp-content\\\/uploads\\\/2022\\\/05\\\/sp108.jpg\",\"datePublished\":\"2022-05-27T13:43:36+00:00\",\"dateModified\":\"2023-06-13T09:21:18+00:00\",\"description\":\"\u00a0Coude \u00e0 45\u00b0 inox simple paroi SP - Chemin\u00e9e Conduit de fum\u00e9e Syst\u00e8me d\u2019extraction des fum\u00e9es mono paroi ou simple paroi compos\u00e9 d\u2019\u00e9l\u00e9ments modulables rigides avec finition brillante ou mate r\u00e9alis\u00e9s en acier inoxydable aust\u00e9nitique 316 l \u00e9paisseur minimale 0.4 mm avec embo\u00eetement au b\u00e9cher avec joint riplice l\u00e8vre\",\"breadcrumb\":{\"@id\":\"https:\\\/\\\/amrtop.net\\\/produit\\\/sp108-coude-a-45\\\/#breadcrumb\"},\"inLanguage\":\"es\",\"potentialAction\":[{\"@type\":\"ReadAction\",\"target\":[\"https:\\\/\\\/amrtop.net\\\/produit\\\/sp108-coude-a-45\\\/\"]}]},{\"@type\":\"ImageObject\",\"inLanguage\":\"es\",\"@id\":\"https:\\\/\\\/amrtop.net\\\/produit\\\/sp108-coude-a-45\\\/#primaryimage\",\"url\":\"https:\\\/\\\/amrtop.net\\\/wp-content\\\/uploads\\\/2022\\\/05\\\/sp108.jpg\",\"contentUrl\":\"https:\\\/\\\/amrtop.net\\\/wp-content\\\/uploads\\\/2022\\\/05\\\/sp108.jpg\",\"width\":640,\"height\":640,\"caption\":\"\u00a0Coude \u00e0 45\u00b0 inox simple paroi SP - Chemin\u00e9e Conduit de fum\u00e9e Syst\u00e8me d\u2019extraction des fum\u00e9es mono paroi ou simple paroi compos\u00e9 d\u2019\u00e9l\u00e9ments modulables rigides avec finition brillante ou mate r\u00e9alis\u00e9s en acier inoxydable aust\u00e9nitique 316 l \u00e9paisseur minimale 0.4 mm avec embo\u00eetement au b\u00e9cher avec joint riplice l\u00e8vre\"},{\"@type\":\"BreadcrumbList\",\"@id\":\"https:\\\/\\\/amrtop.net\\\/produit\\\/sp108-coude-a-45\\\/#breadcrumb\",\"itemListElement\":[{\"@type\":\"ListItem\",\"position\":1,\"name\":\"Home\",\"item\":\"https:\\\/\\\/amrtop.net\\\/\"},{\"@type\":\"ListItem\",\"position\":2,\"name\":\"Shop\",\"item\":\"https:\\\/\\\/amrtop.net\\\/negozio\\\/\"},{\"@type\":\"ListItem\",\"position\":3,\"name\":\"SP108&#8230; &#8211; Coude \u00e0 45\u00b0\"}]},{\"@type\":\"WebSite\",\"@id\":\"https:\\\/\\\/amrtop.net\\\/#website\",\"url\":\"https:\\\/\\\/amrtop.net\\\/\",\"name\":\"AMRTOP B2B \u00c9tranger - Achats r\u00e9serv\u00e9s au professionnel\",\"description\":\"Pi\u00e8ces de rechange et accessoires pour po\u00eales et chaudi\u00e8res - eCommerce B2B pour Clients Professionnels\",\"potentialAction\":[{\"@type\":\"SearchAction\",\"target\":{\"@type\":\"EntryPoint\",\"urlTemplate\":\"https:\\\/\\\/amrtop.net\\\/?s={search_term_string}\"},\"query-input\":{\"@type\":\"PropertyValueSpecification\",\"valueRequired\":true,\"valueName\":\"search_term_string\"}}],\"inLanguage\":\"es\"}]}<\/script>\n<!-- \/ Yoast SEO plugin. -->","yoast_head_json":{"title":"\u00a0Coude \u00e0 45\u00b0 inox simple paroi SP","description":"\u00a0Codo 45\u00b0 pared simple acero inoxidable SP - Chimenea de humos Sistema de extracci\u00f3n de humos de pared simple o pared simple compuesto por elementos modulares r\u00edgidos con acabado brillante o mate de acero inoxidable austen\u00edtico 316 l espesor m\u00ednimo 0,4 mm con junta de vaso con labio riplice.","robots":{"index":"index","follow":"follow","max-snippet":"max-snippet:-1","max-image-preview":"max-image-preview:large","max-video-preview":"max-video-preview:-1"},"canonical":"https:\/\/amrtop.net\/es\/producto\/sp108-coude-a-45\/","og_locale":"es_ES","og_type":"article","og_title":"\u00a0Coude \u00e0 45\u00b0 inox simple paroi SP","og_description":"\u00a0Coude \u00e0 45\u00b0 inox simple paroi SP - Chemin\u00e9e Conduit de fum\u00e9e Syst\u00e8me d\u2019extraction des fum\u00e9es mono paroi ou simple paroi compos\u00e9 d\u2019\u00e9l\u00e9ments modulables rigides avec finition brillante ou mate r\u00e9alis\u00e9s en acier inoxydable aust\u00e9nitique 316 l \u00e9paisseur minimale 0.4 mm avec embo\u00eetement au b\u00e9cher avec joint riplice l\u00e8vre","og_url":"https:\/\/amrtop.net\/es\/producto\/sp108-coude-a-45\/","og_site_name":"AMRTOP B2B \u00c9tranger - Achats r\u00e9serv\u00e9s au professionnel","article_modified_time":"2023-06-13T09:21:18+00:00","og_image":[{"width":640,"height":640,"url":"https:\/\/amrtop.net\/wp-content\/uploads\/2022\/05\/sp108.jpg","type":"image\/jpeg"}],"twitter_card":"summary_large_image","twitter_misc":{"Tiempo de lectura":"2 minutos"},"schema":{"@context":"https:\/\/schema.org","@graph":[{"@type":"WebPage","@id":"https:\/\/amrtop.net\/produit\/sp108-coude-a-45\/","url":"https:\/\/amrtop.net\/produit\/sp108-coude-a-45\/","name":"\u00a0Coude \u00e0 45\u00b0 inox simple paroi SP","isPartOf":{"@id":"https:\/\/amrtop.net\/#website"},"primaryImageOfPage":{"@id":"https:\/\/amrtop.net\/produit\/sp108-coude-a-45\/#primaryimage"},"image":{"@id":"https:\/\/amrtop.net\/produit\/sp108-coude-a-45\/#primaryimage"},"thumbnailUrl":"https:\/\/amrtop.net\/wp-content\/uploads\/2022\/05\/sp108.jpg","datePublished":"2022-05-27T13:43:36+00:00","dateModified":"2023-06-13T09:21:18+00:00","description":"\u00a0Codo 45\u00b0 pared simple acero inoxidable SP - Chimenea de humos Sistema de extracci\u00f3n de humos de pared simple o pared simple compuesto por elementos modulares r\u00edgidos con acabado brillante o mate de acero inoxidable austen\u00edtico 316 l espesor m\u00ednimo 0,4 mm con junta de vaso con labio riplice.","breadcrumb":{"@id":"https:\/\/amrtop.net\/produit\/sp108-coude-a-45\/#breadcrumb"},"inLanguage":"es","potentialAction":[{"@type":"ReadAction","target":["https:\/\/amrtop.net\/produit\/sp108-coude-a-45\/"]}]},{"@type":"ImageObject","inLanguage":"es","@id":"https:\/\/amrtop.net\/produit\/sp108-coude-a-45\/#primaryimage","url":"https:\/\/amrtop.net\/wp-content\/uploads\/2022\/05\/sp108.jpg","contentUrl":"https:\/\/amrtop.net\/wp-content\/uploads\/2022\/05\/sp108.jpg","width":640,"height":640,"caption":"\u00a0Coude \u00e0 45\u00b0 inox simple paroi SP - Chemin\u00e9e Conduit de fum\u00e9e Syst\u00e8me d\u2019extraction des fum\u00e9es mono paroi ou simple paroi compos\u00e9 d\u2019\u00e9l\u00e9ments modulables rigides avec finition brillante ou mate r\u00e9alis\u00e9s en acier inoxydable aust\u00e9nitique 316 l \u00e9paisseur minimale 0.4 mm avec embo\u00eetement au b\u00e9cher avec joint riplice l\u00e8vre"},{"@type":"BreadcrumbList","@id":"https:\/\/amrtop.net\/produit\/sp108-coude-a-45\/#breadcrumb","itemListElement":[{"@type":"ListItem","position":1,"name":"Home","item":"https:\/\/amrtop.net\/"},{"@type":"ListItem","position":2,"name":"Shop","item":"https:\/\/amrtop.net\/negozio\/"},{"@type":"ListItem","position":3,"name":"SP108&#8230; &#8211; Coude \u00e0 45\u00b0"}]},{"@type":"WebSite","@id":"https:\/\/amrtop.net\/#website","url":"https:\/\/amrtop.net\/","name":"AMRTOP B2B Abroad - Compras reservadas a los profesionales","description":"Recambios y accesorios para estufas y calderas - Comercio electr\u00f3nico B2B para profesionales","potentialAction":[{"@type":"SearchAction","target":{"@type":"EntryPoint","urlTemplate":"https:\/\/amrtop.net\/?s={search_term_string}"},"query-input":{"@type":"PropertyValueSpecification","valueRequired":true,"valueName":"search_term_string"}}],"inLanguage":"es"}]}},"_links":{"self":[{"href":"https:\/\/amrtop.net\/es\/wp-json\/wp\/v2\/product\/24147","targetHints":{"allow":["GET"]}}],"collection":[{"href":"https:\/\/amrtop.net\/es\/wp-json\/wp\/v2\/product"}],"about":[{"href":"https:\/\/amrtop.net\/es\/wp-json\/wp\/v2\/types\/product"}],"replies":[{"embeddable":true,"href":"https:\/\/amrtop.net\/es\/wp-json\/wp\/v2\/comments?post=24147"}],"wp:featuredmedia":[{"embeddable":true,"href":"https:\/\/amrtop.net\/es\/wp-json\/wp\/v2\/media\/24123"}],"wp:attachment":[{"href":"https:\/\/amrtop.net\/es\/wp-json\/wp\/v2\/media?parent=24147"}],"wp:term":[{"taxonomy":"product_brand","embeddable":true,"href":"https:\/\/amrtop.net\/es\/wp-json\/wp\/v2\/product_brand?post=24147"},{"taxonomy":"product_cat","embeddable":true,"href":"https:\/\/amrtop.net\/es\/wp-json\/wp\/v2\/product_cat?post=24147"},{"taxonomy":"product_tag","embeddable":true,"href":"https:\/\/amrtop.net\/es\/wp-json\/wp\/v2\/product_tag?post=24147"}],"curies":[{"name":"wp","href":"https:\/\/api.w.org\/{rel}","templated":true}]}}