{"id":25946,"date":"2022-05-30T15:39:50","date_gmt":"2022-05-30T15:39:50","guid":{"rendered":"https:\/\/amrtop.com\/B2B\/?post_type=product&#038;p=25946"},"modified":"2023-06-09T10:51:55","modified_gmt":"2023-06-09T10:51:55","slug":"coude-a-90-avec-trappe-de-visite-sp-black","status":"publish","type":"product","link":"https:\/\/amrtop.net\/es\/produit\/coude-a-90-avec-trappe-de-visite-sp-black\/","title":{"rendered":"SPB09&#8230; &#8211; Coude \u00e0 90\u00b0\u00e0 trois secteurs avec trappe de visite."},"content":{"rendered":"<h3><strong>Coude \u00e0 90\u00b0 avec trappe de visite. SP-BLACK<\/strong><\/h3>\n<p>El sistema monoplaca SP BLACK consta de elementos modulares r\u00edgidos fabricados en acero inoxidable AISI 316L.<\/p>\n<p>con un espesor m\u00ednimo de 0,4 mm y pintado con una pintura resistente a 550 , de conformidad con las normas de marcado CE seg\u00fan la norma EN 1856-1.<\/p>\n<p>Los elementos modulares tienen un racor de vidrio macho-hembra calibrado cl\u00e1sico con un<\/p>\n<p>triple labio, para uso exclusivo a temperaturas no superiores a 200 \u00baC y a presiones positivas de hasta 200 Pa, conforme a la norma europea EN 14241-1, y junta mec\u00e1nica con collar\u00edn de seguridad.<\/p>\n<p><strong>Aplicaci\u00f3n<\/strong><\/p>\n<h3><strong>Uso de <\/strong><strong>Coude \u00e0 90\u00b0 avec trappe de visite. SP-BLACK<\/strong><\/h3>\n<p>Tous les \u00e9l\u00e9ments de la gamme\u00a0 SP BLACK peint noir mat de 0,4 mm d\u2019\u00e9paisseur, est utilis\u00e9 pour r\u00e9aliser des conduits, des canaux de fum\u00e9e, des chemin\u00e9es m\u00e9talliques, des vapeurs d\u2019air asservis aux g\u00e9n\u00e9rateurs de chaleur de type atmosph\u00e9rique, pressuris\u00e9, \u00e0 air souffl\u00e9, traditionnels ou \u00e0 condensation, hottes de cuisine \u00e0 usage industriel ou domestique, po\u00eales \u00e0 bois, chemin\u00e9es, po\u00eales \u00e0 pellets<\/p>\n<p><strong>Di\u00e1metros disponibles - mm <\/strong><\/p>\n<p><strong>\u00f8 80 mm |\u00f8 100 mm<\/strong><\/p>\n<p><strong>\u00f8i 80 mm - \u00f8e 100 mm | \u00f8i 100 mm - \u00f8e 120 mm\u00a0<\/strong><\/p>\n<p><strong>Gama de sistemas de humo AMR TOP\u00a0\u00a0\u00a0\u00a0\u00a0\u00a0 <\/strong><\/p>\n<p><a href=\"https:\/\/amrtop.net\/es\/categoria-de-productos\/conductos-de-humo-2\/tuyaux-flexibles-en-acier-inoxydable\/\"><strong>TOP FLEX SP - Tubos flexibles de acero inoxidable corrugados de pared simple y doble<\/strong><\/a><\/p>\n<p><a href=\"https:\/\/amrtop.net\/es\/categoria-de-productos\/conductos-de-humo-2\/tube-rigide-monoparete-en-acier-inoxydable\/\"><strong>SP - Tubo r\u00edgido de pared simple de acero inoxidable AISI 316L<\/strong><\/a><\/p>\n<p><strong><u><a href=\"https:\/\/amrtop.net\/es\/categoria-de-productos\/conductos-de-humo-2\/tube-flexible-inox-aisi-316-l-interieur-lisse-isole\/\">ISOTOP FLEX - Tubo flexible interior liso aislado de acero inoxidable AISI 316L \u00a0<\/a><\/u><\/strong><\/p>\n<p><strong><u><a href=\"https:\/\/amrtop.net\/es\/categoria-de-productos\/conductos-de-humo-2\/dp-air-tube-double-paroi-inox-a-chambre-dair\/\">DP AIR - Tubo de acero inoxidable de doble pared con c\u00e1mara de aire<\/a><\/u><\/strong><\/p>\n<p><strong><u><a href=\"https:\/\/amrtop.net\/es\/categoria-de-productos\/conductos-de-humo-2\/tube-coaxial-inox\/\">DP - Tubo aislado de doble pared 10 mm - 25 mm<\/a><\/u><\/strong><\/p>\n<p><strong><a href=\"https:\/\/amrtop.net\/es\/categoria-de-productos\/conductos-de-humo-2\/tube-coaxial-inox\/\">COAX TOP - Tubo coaxial de acero inoxidable en PPS y PPS\/acero inoxidable<\/a><\/strong><\/p>\n<p><strong><u><a href=\"https:\/\/amrtop.net\/es\/categoria-de-productos\/conductos-de-humo-2\/tuyau-coaxial-inox-inox-black\/\">COAX PELLET - Tubo coaxial de acero inoxidable<\/a><\/u><\/strong><\/p>\n<p><strong><u><a href=\"https:\/\/amrtop.net\/es\/categoria-de-productos\/conductos-de-humo-2\/conduits-de-fumee-des-appareils-a-biomasse\/\">BIOM TOP - Tubos para estufas de pellets y le\u00f1a<\/a><\/u><\/strong><\/p>\n<p><strong><u><a href=\"https:\/\/amrtop.net\/es\/categoria-de-productos\/conductos-de-humo-2\/alutop-tube-en-aluminium-flexible-extensible\/\">ALU TOP - Tubo de aluminio flexible extensible<\/a><\/u><\/strong><strong>\u00a0 \u00a0 \u00a0 \u00a0 \u00a0 \u00a0 \u00a0 \u00a0 \u00a0 \u00a0 \u00a0 \u00a0 \u00a0 \u00a0 \u00a0 \u00a0 \u00a0 \u00a0 \u00a0 \u00a0 \u00a0 \u00a0 \u00a0 \u00a0 \u00a0 \u00a0 \u00a0 \u00a0 \u00a0 \u00a0 \u00a0 \u00a0 \u00a0 \u00a0 \u00a0 \u00a0 \u00a0 \u00a0 \u00a0 \u00a0 \u00a0 \u00a0 \u00a0 \u00a0 \u00a0 \u00a0 \u00a0<\/strong><\/p>","protected":false},"excerpt":{"rendered":"<p>Coude \u00e0 90\u00b0 avec trappe de visite. SP-BLACK Le syst\u00e8me monoparet SP BLACK est compos\u00e9 d\u2019\u00e9l\u00e9ments modulaires rigides, r\u00e9alis\u00e9s en acier inox AISI 316L d\u2019une \u00e9paisseur minimale de 0,4 mm et peints avec une peinture r\u00e9sistante jusqu\u2019\u00e0 550\u00a0 , conformes aux normes marquage CE conform\u00e9ment \u00e0 la norme EN 1856-1. Les \u00e9l\u00e9ments modulaires ont un [&hellip;]<\/p>\n","protected":false},"featured_media":26963,"comment_status":"open","ping_status":"closed","template":"","meta":[],"product_brand":[],"product_cat":[1547,1551],"product_tag":[],"class_list":{"0":"post-25946","1":"product","2":"type-product","3":"status-publish","4":"has-post-thumbnail","6":"product_cat-conduits-de-fumee-des-appareils-a-biomasse","7":"product_cat-tubes-noirs-pour-poele-a-pellets-epaisseur-04-mm","9":"first","10":"instock","11":"shipping-taxable","12":"purchasable","13":"product-type-variable"},"yoast_head":"<!-- This site is optimized with the Yoast SEO plugin v27.5 - https:\/\/yoast.com\/product\/yoast-seo-wordpress\/ -->\n<title>Coude \u00e0 90\u00b0 avec trappe de visite. SP-BLACK<\/title>\n<meta name=\"description\" content=\"Coude \u00e0 90\u00b0 avec trappe de visite. SP-BLACK - Conduit de fum\u00e9e ou syst\u00e8me d\u2019\u00e9vacuation de fum\u00e9e lin\u00e9aire monoparete de 2 m-SP-BLACK peint noir mat de 0,4 mm d\u2019\u00e9paisseur, utilis\u00e9 pour la fabrication de conduits, canaux de fum\u00e9e\" \/>\n<meta name=\"robots\" content=\"index, follow, max-snippet:-1, max-image-preview:large, max-video-preview:-1\" \/>\n<link rel=\"canonical\" href=\"https:\/\/amrtop.net\/es\/producto\/coude-a-90-avec-trappe-de-visite-sp-black\/\" \/>\n<meta property=\"og:locale\" content=\"es_ES\" \/>\n<meta property=\"og:type\" content=\"article\" \/>\n<meta property=\"og:title\" content=\"Coude \u00e0 90\u00b0 avec trappe de visite. SP-BLACK\" \/>\n<meta property=\"og:description\" content=\"Coude \u00e0 90\u00b0 avec trappe de visite. SP-BLACK - Conduit de fum\u00e9e ou syst\u00e8me d\u2019\u00e9vacuation de fum\u00e9e lin\u00e9aire monoparete de 2 m-SP-BLACK peint noir mat de 0,4 mm d\u2019\u00e9paisseur, utilis\u00e9 pour la fabrication de conduits, canaux de fum\u00e9e\" \/>\n<meta property=\"og:url\" content=\"https:\/\/amrtop.net\/es\/producto\/coude-a-90-avec-trappe-de-visite-sp-black\/\" \/>\n<meta property=\"og:site_name\" content=\"AMRTOP B2B \u00c9tranger - Achats r\u00e9serv\u00e9s au professionnel\" \/>\n<meta property=\"article:modified_time\" content=\"2023-06-09T10:51:55+00:00\" \/>\n<meta property=\"og:image\" content=\"https:\/\/amrtop.net\/wp-content\/uploads\/2022\/06\/SPB09.jpg\" \/>\n\t<meta property=\"og:image:width\" content=\"640\" \/>\n\t<meta property=\"og:image:height\" content=\"640\" \/>\n\t<meta property=\"og:image:type\" content=\"image\/jpeg\" \/>\n<meta name=\"twitter:card\" content=\"summary_large_image\" \/>\n<meta name=\"twitter:label1\" content=\"Tiempo de lectura\" \/>\n\t<meta name=\"twitter:data1\" content=\"2 minutos\" \/>\n<script type=\"application\/ld+json\" class=\"yoast-schema-graph\">{\"@context\":\"https:\\\/\\\/schema.org\",\"@graph\":[{\"@type\":\"WebPage\",\"@id\":\"https:\\\/\\\/amrtop.net\\\/produit\\\/coude-a-90-avec-trappe-de-visite-sp-black\\\/\",\"url\":\"https:\\\/\\\/amrtop.net\\\/produit\\\/coude-a-90-avec-trappe-de-visite-sp-black\\\/\",\"name\":\"Coude \u00e0 90\u00b0 avec trappe de visite. SP-BLACK\",\"isPartOf\":{\"@id\":\"https:\\\/\\\/amrtop.net\\\/#website\"},\"primaryImageOfPage\":{\"@id\":\"https:\\\/\\\/amrtop.net\\\/produit\\\/coude-a-90-avec-trappe-de-visite-sp-black\\\/#primaryimage\"},\"image\":{\"@id\":\"https:\\\/\\\/amrtop.net\\\/produit\\\/coude-a-90-avec-trappe-de-visite-sp-black\\\/#primaryimage\"},\"thumbnailUrl\":\"https:\\\/\\\/amrtop.net\\\/wp-content\\\/uploads\\\/2022\\\/06\\\/SPB09.jpg\",\"datePublished\":\"2022-05-30T15:39:50+00:00\",\"dateModified\":\"2023-06-09T10:51:55+00:00\",\"description\":\"Coude \u00e0 90\u00b0 avec trappe de visite. SP-BLACK - Conduit de fum\u00e9e ou syst\u00e8me d\u2019\u00e9vacuation de fum\u00e9e lin\u00e9aire monoparete de 2 m-SP-BLACK peint noir mat de 0,4 mm d\u2019\u00e9paisseur, utilis\u00e9 pour la fabrication de conduits, canaux de fum\u00e9e\",\"breadcrumb\":{\"@id\":\"https:\\\/\\\/amrtop.net\\\/produit\\\/coude-a-90-avec-trappe-de-visite-sp-black\\\/#breadcrumb\"},\"inLanguage\":\"es\",\"potentialAction\":[{\"@type\":\"ReadAction\",\"target\":[\"https:\\\/\\\/amrtop.net\\\/produit\\\/coude-a-90-avec-trappe-de-visite-sp-black\\\/\"]}]},{\"@type\":\"ImageObject\",\"inLanguage\":\"es\",\"@id\":\"https:\\\/\\\/amrtop.net\\\/produit\\\/coude-a-90-avec-trappe-de-visite-sp-black\\\/#primaryimage\",\"url\":\"https:\\\/\\\/amrtop.net\\\/wp-content\\\/uploads\\\/2022\\\/06\\\/SPB09.jpg\",\"contentUrl\":\"https:\\\/\\\/amrtop.net\\\/wp-content\\\/uploads\\\/2022\\\/06\\\/SPB09.jpg\",\"width\":640,\"height\":640,\"caption\":\"Coude \u00e0 90\u00b0 avec trappe de visite. SP-BLACK - Conduit de fum\u00e9e ou syst\u00e8me d\u2019\u00e9vacuation de fum\u00e9e lin\u00e9aire monoparete de 2 m-SP-BLACK peint noir mat de 0,4 mm d\u2019\u00e9paisseur, utilis\u00e9 pour la fabrication de conduits, canaux de fum\u00e9e\"},{\"@type\":\"BreadcrumbList\",\"@id\":\"https:\\\/\\\/amrtop.net\\\/produit\\\/coude-a-90-avec-trappe-de-visite-sp-black\\\/#breadcrumb\",\"itemListElement\":[{\"@type\":\"ListItem\",\"position\":1,\"name\":\"Home\",\"item\":\"https:\\\/\\\/amrtop.net\\\/\"},{\"@type\":\"ListItem\",\"position\":2,\"name\":\"Shop\",\"item\":\"https:\\\/\\\/amrtop.net\\\/negozio\\\/\"},{\"@type\":\"ListItem\",\"position\":3,\"name\":\"SPB09&#8230; &#8211; Coude \u00e0 90\u00b0\u00e0 trois secteurs avec trappe de visite.\"}]},{\"@type\":\"WebSite\",\"@id\":\"https:\\\/\\\/amrtop.net\\\/#website\",\"url\":\"https:\\\/\\\/amrtop.net\\\/\",\"name\":\"AMRTOP B2B \u00c9tranger - Achats r\u00e9serv\u00e9s au professionnel\",\"description\":\"Pi\u00e8ces de rechange et accessoires pour po\u00eales et chaudi\u00e8res - eCommerce B2B pour Clients Professionnels\",\"potentialAction\":[{\"@type\":\"SearchAction\",\"target\":{\"@type\":\"EntryPoint\",\"urlTemplate\":\"https:\\\/\\\/amrtop.net\\\/?s={search_term_string}\"},\"query-input\":{\"@type\":\"PropertyValueSpecification\",\"valueRequired\":true,\"valueName\":\"search_term_string\"}}],\"inLanguage\":\"es\"}]}<\/script>\n<!-- \/ Yoast SEO plugin. -->","yoast_head_json":{"title":"Coude \u00e0 90\u00b0 avec trappe de visite. SP-BLACK","description":"Coude \u00e0 90\u00b0 avec trappe de visite. SP-BLACK - Conduit de fum\u00e9e ou syst\u00e8me d\u2019\u00e9vacuation de fum\u00e9e lin\u00e9aire monoparete de 2 m-SP-BLACK peint noir mat de 0,4 mm d\u2019\u00e9paisseur, utilis\u00e9 pour la fabrication de conduits, canaux de fum\u00e9e","robots":{"index":"index","follow":"follow","max-snippet":"max-snippet:-1","max-image-preview":"max-image-preview:large","max-video-preview":"max-video-preview:-1"},"canonical":"https:\/\/amrtop.net\/es\/producto\/coude-a-90-avec-trappe-de-visite-sp-black\/","og_locale":"es_ES","og_type":"article","og_title":"Coude \u00e0 90\u00b0 avec trappe de visite. SP-BLACK","og_description":"Coude \u00e0 90\u00b0 avec trappe de visite. SP-BLACK - Conduit de fum\u00e9e ou syst\u00e8me d\u2019\u00e9vacuation de fum\u00e9e lin\u00e9aire monoparete de 2 m-SP-BLACK peint noir mat de 0,4 mm d\u2019\u00e9paisseur, utilis\u00e9 pour la fabrication de conduits, canaux de fum\u00e9e","og_url":"https:\/\/amrtop.net\/es\/producto\/coude-a-90-avec-trappe-de-visite-sp-black\/","og_site_name":"AMRTOP B2B \u00c9tranger - Achats r\u00e9serv\u00e9s au professionnel","article_modified_time":"2023-06-09T10:51:55+00:00","og_image":[{"width":640,"height":640,"url":"https:\/\/amrtop.net\/wp-content\/uploads\/2022\/06\/SPB09.jpg","type":"image\/jpeg"}],"twitter_card":"summary_large_image","twitter_misc":{"Tiempo de lectura":"2 minutos"},"schema":{"@context":"https:\/\/schema.org","@graph":[{"@type":"WebPage","@id":"https:\/\/amrtop.net\/produit\/coude-a-90-avec-trappe-de-visite-sp-black\/","url":"https:\/\/amrtop.net\/produit\/coude-a-90-avec-trappe-de-visite-sp-black\/","name":"Coude \u00e0 90\u00b0 avec trappe de visite. SP-BLACK","isPartOf":{"@id":"https:\/\/amrtop.net\/#website"},"primaryImageOfPage":{"@id":"https:\/\/amrtop.net\/produit\/coude-a-90-avec-trappe-de-visite-sp-black\/#primaryimage"},"image":{"@id":"https:\/\/amrtop.net\/produit\/coude-a-90-avec-trappe-de-visite-sp-black\/#primaryimage"},"thumbnailUrl":"https:\/\/amrtop.net\/wp-content\/uploads\/2022\/06\/SPB09.jpg","datePublished":"2022-05-30T15:39:50+00:00","dateModified":"2023-06-09T10:51:55+00:00","description":"Coude \u00e0 90\u00b0 avec trappe de visite. SP-BLACK - Conduit de fum\u00e9e ou syst\u00e8me d\u2019\u00e9vacuation de fum\u00e9e lin\u00e9aire monoparete de 2 m-SP-BLACK peint noir mat de 0,4 mm d\u2019\u00e9paisseur, utilis\u00e9 pour la fabrication de conduits, canaux de fum\u00e9e","breadcrumb":{"@id":"https:\/\/amrtop.net\/produit\/coude-a-90-avec-trappe-de-visite-sp-black\/#breadcrumb"},"inLanguage":"es","potentialAction":[{"@type":"ReadAction","target":["https:\/\/amrtop.net\/produit\/coude-a-90-avec-trappe-de-visite-sp-black\/"]}]},{"@type":"ImageObject","inLanguage":"es","@id":"https:\/\/amrtop.net\/produit\/coude-a-90-avec-trappe-de-visite-sp-black\/#primaryimage","url":"https:\/\/amrtop.net\/wp-content\/uploads\/2022\/06\/SPB09.jpg","contentUrl":"https:\/\/amrtop.net\/wp-content\/uploads\/2022\/06\/SPB09.jpg","width":640,"height":640,"caption":"Coude \u00e0 90\u00b0 avec trappe de visite. SP-BLACK - Conduit de fum\u00e9e ou syst\u00e8me d\u2019\u00e9vacuation de fum\u00e9e lin\u00e9aire monoparete de 2 m-SP-BLACK peint noir mat de 0,4 mm d\u2019\u00e9paisseur, utilis\u00e9 pour la fabrication de conduits, canaux de fum\u00e9e"},{"@type":"BreadcrumbList","@id":"https:\/\/amrtop.net\/produit\/coude-a-90-avec-trappe-de-visite-sp-black\/#breadcrumb","itemListElement":[{"@type":"ListItem","position":1,"name":"Home","item":"https:\/\/amrtop.net\/"},{"@type":"ListItem","position":2,"name":"Shop","item":"https:\/\/amrtop.net\/negozio\/"},{"@type":"ListItem","position":3,"name":"SPB09&#8230; &#8211; Coude \u00e0 90\u00b0\u00e0 trois secteurs avec trappe de visite."}]},{"@type":"WebSite","@id":"https:\/\/amrtop.net\/#website","url":"https:\/\/amrtop.net\/","name":"AMRTOP B2B Abroad - Compras reservadas a los profesionales","description":"Recambios y accesorios para estufas y calderas - Comercio electr\u00f3nico B2B para profesionales","potentialAction":[{"@type":"SearchAction","target":{"@type":"EntryPoint","urlTemplate":"https:\/\/amrtop.net\/?s={search_term_string}"},"query-input":{"@type":"PropertyValueSpecification","valueRequired":true,"valueName":"search_term_string"}}],"inLanguage":"es"}]}},"_links":{"self":[{"href":"https:\/\/amrtop.net\/es\/wp-json\/wp\/v2\/product\/25946","targetHints":{"allow":["GET"]}}],"collection":[{"href":"https:\/\/amrtop.net\/es\/wp-json\/wp\/v2\/product"}],"about":[{"href":"https:\/\/amrtop.net\/es\/wp-json\/wp\/v2\/types\/product"}],"replies":[{"embeddable":true,"href":"https:\/\/amrtop.net\/es\/wp-json\/wp\/v2\/comments?post=25946"}],"wp:featuredmedia":[{"embeddable":true,"href":"https:\/\/amrtop.net\/es\/wp-json\/wp\/v2\/media\/26963"}],"wp:attachment":[{"href":"https:\/\/amrtop.net\/es\/wp-json\/wp\/v2\/media?parent=25946"}],"wp:term":[{"taxonomy":"product_brand","embeddable":true,"href":"https:\/\/amrtop.net\/es\/wp-json\/wp\/v2\/product_brand?post=25946"},{"taxonomy":"product_cat","embeddable":true,"href":"https:\/\/amrtop.net\/es\/wp-json\/wp\/v2\/product_cat?post=25946"},{"taxonomy":"product_tag","embeddable":true,"href":"https:\/\/amrtop.net\/es\/wp-json\/wp\/v2\/product_tag?post=25946"}],"curies":[{"name":"wp","href":"https:\/\/api.w.org\/{rel}","templated":true}]}}