{"id":26233,"date":"2022-05-31T09:55:27","date_gmt":"2022-05-31T09:55:27","guid":{"rendered":"https:\/\/amrtop.com\/B2B\/?post_type=product&#038;p=26233"},"modified":"2023-06-10T09:06:51","modified_gmt":"2023-06-10T09:06:51","slug":"rosace-couvre-trou-lisse-avec-3-trous-monoparet-sp-1-2","status":"publish","type":"product","link":"https:\/\/amrtop.net\/es\/produit\/rosace-couvre-trou-lisse-avec-3-trous-monoparet-sp-1-2\/","title":{"rendered":"SP1223... - Roset\u00f3n liso con 3 agujeros"},"content":{"rendered":"<h3><strong>Rosace couvre-trou lisse avec 3 trous monoparet SP 1.2<\/strong><\/h3>\n<p>El sistema monoplaca SP BLACK consta de elementos modulares r\u00edgidos fabricados en acero inoxidable AISI 316L.<\/p>\n<p>con un grosor m\u00ednimo de 1,2 mm y pintado con una pintura que cumpla las normas de marcado CE de conformidad con la norma EN 1856-1.<\/p>\n<p>Los elementos modulares tienen un racor de vidrio macho-hembra calibrado cl\u00e1sico con un<\/p>\n<p>triple labio, para uso exclusivo a temperaturas no superiores a 200 \u00baC y a presiones positivas de hasta 200 Pa, conforme a la norma europea EN 14241-1, y junta mec\u00e1nica con collar\u00edn de seguridad.<\/p>\n<p><strong>Aplicaci\u00f3n<\/strong><\/p>\n<h3><strong>Uso de <\/strong><strong>Rosace couvre-trou lisse avec 3 trous monoparet SP 1.2<\/strong><\/h3>\n<p>Todos los elementos de la gama SP BLACK, pintados de negro mate con un espesor de 0,4 mm, se utilizan para realizar conductos, humeros, chimeneas met\u00e1licas, conductos de aire para generadores de calor atmosf\u00e9ricos, presurizados, de aire forzado, tradicionales o de condensaci\u00f3n, campanas de cocina para uso industrial o dom\u00e9stico, estufas de le\u00f1a, chimeneas, estufas de pellets, etc.<\/p>\n<p><strong>Di\u00e1metros disponibles - mm <\/strong><\/p>\n<p><strong>\u00f8 80 mm |\u00f8 100 mm<\/strong><\/p>\n<p><strong>\u00f8i 80 mm - \u00f8e 100 mm | \u00f8i 100 mm - \u00f8e 120 mm\u00a0<\/strong><\/p>\n<p><strong>Gama de sistemas de humo AMR TOP\u00a0\u00a0\u00a0\u00a0\u00a0\u00a0 <\/strong><\/p>\n<p><a href=\"https:\/\/amrtop.net\/es\/categoria-de-productos\/conductos-de-humo-2\/tuyaux-flexibles-en-acier-inoxydable\/\"><strong>TOP FLEX SP - Tubos flexibles de acero inoxidable corrugados de pared simple y doble<\/strong><\/a><\/p>\n<p><a href=\"https:\/\/amrtop.net\/es\/categoria-de-productos\/conductos-de-humo-2\/tube-rigide-monoparete-en-acier-inoxydable\/\"><strong>SP - Tubo r\u00edgido de pared simple de acero inoxidable AISI 316L<\/strong><\/a><\/p>\n<p><strong><u><a href=\"https:\/\/amrtop.net\/es\/categoria-de-productos\/conductos-de-humo-2\/tube-flexible-inox-aisi-316-l-interieur-lisse-isole\/\">ISOTOP FLEX - Tubo flexible interior liso aislado de acero inoxidable AISI 316L \u00a0<\/a><\/u><\/strong><\/p>\n<p><strong><u><a href=\"https:\/\/amrtop.net\/es\/categoria-de-productos\/conductos-de-humo-2\/dp-air-tube-double-paroi-inox-a-chambre-dair\/\">DP AIR - Tubo de acero inoxidable de doble pared con c\u00e1mara de aire<\/a><\/u><\/strong><\/p>\n<p><strong><u><a href=\"https:\/\/amrtop.net\/es\/categoria-de-productos\/conductos-de-humo-2\/tube-coaxial-inox\/\">DP - Tubo aislado de doble pared 10 mm - 25 mm<\/a><\/u><\/strong><\/p>\n<p><strong><a href=\"https:\/\/amrtop.net\/es\/categoria-de-productos\/conductos-de-humo-2\/tube-coaxial-inox\/\">COAX TOP - Tubo coaxial de acero inoxidable en PPS y PPS\/acero inoxidable<\/a><\/strong><\/p>\n<p><strong><u><a href=\"https:\/\/amrtop.net\/es\/categoria-de-productos\/conductos-de-humo-2\/tuyau-coaxial-inox-inox-black\/\">COAX PELLET - Tubo coaxial de acero inoxidable<\/a><\/u><\/strong><\/p>\n<p><strong><u><a href=\"https:\/\/amrtop.net\/es\/categoria-de-productos\/conductos-de-humo-2\/conduits-de-fumee-des-appareils-a-biomasse\/\">BIOM TOP - Tubos para estufas de pellets y le\u00f1a<\/a><\/u><\/strong><\/p>\n<p><strong><u><a href=\"https:\/\/amrtop.net\/es\/categoria-de-productos\/conductos-de-humo-2\/alutop-tube-en-aluminium-flexible-extensible\/\">ALU TOP - Tubo de aluminio flexible extensible<\/a><\/u><\/strong><strong>\u00a0 \u00a0 \u00a0 \u00a0 \u00a0 \u00a0 \u00a0 \u00a0 \u00a0 \u00a0 \u00a0 \u00a0 \u00a0 \u00a0 \u00a0 \u00a0 \u00a0 \u00a0 \u00a0 \u00a0 \u00a0 \u00a0 \u00a0 \u00a0 \u00a0 \u00a0 \u00a0 \u00a0 \u00a0 \u00a0 \u00a0 \u00a0 \u00a0 \u00a0 \u00a0 \u00a0 \u00a0 \u00a0 \u00a0 \u00a0 \u00a0 \u00a0 \u00a0 \u00a0 \u00a0 \u00a0 \u00a0<\/strong><\/p>","protected":false},"excerpt":{"rendered":"<p>Rosace couvre-trou lisse avec 3 trous monoparet SP 1.2 Le syst\u00e8me monoparet SP BLACK est compos\u00e9 d\u2019\u00e9l\u00e9ments modulaires rigides, r\u00e9alis\u00e9s en acier inox AISI 316L d\u2019une \u00e9paisseur minimale de 1.2 mm et peints avec une peinture, conformes aux normes marquage CE conform\u00e9ment \u00e0 la norme EN 1856-1. Les \u00e9l\u00e9ments modulaires ont un raccord classique \u00e0 [&hellip;]<\/p>\n","protected":false},"featured_media":26353,"comment_status":"open","ping_status":"closed","template":"","meta":[],"product_brand":[],"product_cat":[1547,1548],"product_tag":[],"class_list":{"0":"post-26233","1":"product","2":"type-product","3":"status-publish","4":"has-post-thumbnail","6":"product_cat-conduits-de-fumee-des-appareils-a-biomasse","7":"product_cat-tubes-pour-poeles-a-pellets-epaisseur-1-2-mm","9":"first","10":"instock","11":"shipping-taxable","12":"purchasable","13":"product-type-variable"},"yoast_head":"<!-- This site is optimized with the Yoast SEO plugin v27.5 - https:\/\/yoast.com\/product\/yoast-seo-wordpress\/ -->\n<title>Rosace couvre-trou lisse avec 3 trous monoparet SP 1.2<\/title>\n<meta name=\"description\" content=\"Rosace couvre-trou lisse avec 3 trous monoparet SP 1.2 - Conduit de chemin\u00e9e pour les appareils \u00e0 biomasse \u00e9paisseur 0,4 - 0,8 - 1,2 - 2,0 mm - Conduit de chemin\u00e9e en m\u00e9tal et en acier inoxydable peint noir mat et brillant - Tuyau de vidange des fum\u00e9es de diff\u00e9rents diam\u00e8tres.\" \/>\n<meta name=\"robots\" content=\"index, follow, max-snippet:-1, max-image-preview:large, max-video-preview:-1\" \/>\n<link rel=\"canonical\" href=\"https:\/\/amrtop.net\/es\/producto\/rosace-couvre-trou-lisse-avec-3-trous-monoparet-sp-1-2\/\" \/>\n<meta property=\"og:locale\" content=\"es_ES\" \/>\n<meta property=\"og:type\" content=\"article\" \/>\n<meta property=\"og:title\" content=\"Rosace couvre-trou lisse avec 3 trous monoparet SP 1.2\" \/>\n<meta property=\"og:description\" content=\"Rosace couvre-trou lisse avec 3 trous monoparet SP 1.2 - Conduit de chemin\u00e9e pour les appareils \u00e0 biomasse \u00e9paisseur 0,4 - 0,8 - 1,2 - 2,0 mm - Conduit de chemin\u00e9e en m\u00e9tal et en acier inoxydable peint noir mat et brillant - Tuyau de vidange des fum\u00e9es de diff\u00e9rents diam\u00e8tres.\" \/>\n<meta property=\"og:url\" content=\"https:\/\/amrtop.net\/es\/producto\/rosace-couvre-trou-lisse-avec-3-trous-monoparet-sp-1-2\/\" \/>\n<meta property=\"og:site_name\" content=\"AMRTOP B2B \u00c9tranger - Achats r\u00e9serv\u00e9s au professionnel\" \/>\n<meta property=\"article:modified_time\" content=\"2023-06-10T09:06:51+00:00\" \/>\n<meta property=\"og:image\" content=\"https:\/\/amrtop.net\/wp-content\/uploads\/2022\/05\/sp1223.jpg\" \/>\n\t<meta property=\"og:image:width\" content=\"640\" \/>\n\t<meta property=\"og:image:height\" content=\"640\" \/>\n\t<meta property=\"og:image:type\" content=\"image\/jpeg\" \/>\n<meta name=\"twitter:card\" content=\"summary_large_image\" \/>\n<meta name=\"twitter:label1\" content=\"Tiempo de lectura\" \/>\n\t<meta name=\"twitter:data1\" content=\"2 minutos\" \/>\n<script type=\"application\/ld+json\" class=\"yoast-schema-graph\">{\"@context\":\"https:\\\/\\\/schema.org\",\"@graph\":[{\"@type\":\"WebPage\",\"@id\":\"https:\\\/\\\/amrtop.net\\\/produit\\\/rosace-couvre-trou-lisse-avec-3-trous-monoparet-sp-1-2\\\/\",\"url\":\"https:\\\/\\\/amrtop.net\\\/produit\\\/rosace-couvre-trou-lisse-avec-3-trous-monoparet-sp-1-2\\\/\",\"name\":\"Rosace couvre-trou lisse avec 3 trous monoparet SP 1.2\",\"isPartOf\":{\"@id\":\"https:\\\/\\\/amrtop.net\\\/#website\"},\"primaryImageOfPage\":{\"@id\":\"https:\\\/\\\/amrtop.net\\\/produit\\\/rosace-couvre-trou-lisse-avec-3-trous-monoparet-sp-1-2\\\/#primaryimage\"},\"image\":{\"@id\":\"https:\\\/\\\/amrtop.net\\\/produit\\\/rosace-couvre-trou-lisse-avec-3-trous-monoparet-sp-1-2\\\/#primaryimage\"},\"thumbnailUrl\":\"https:\\\/\\\/amrtop.net\\\/wp-content\\\/uploads\\\/2022\\\/05\\\/sp1223.jpg\",\"datePublished\":\"2022-05-31T09:55:27+00:00\",\"dateModified\":\"2023-06-10T09:06:51+00:00\",\"description\":\"Rosace couvre-trou lisse avec 3 trous monoparet SP 1.2 - Conduit de chemin\u00e9e pour les appareils \u00e0 biomasse \u00e9paisseur 0,4 - 0,8 - 1,2 - 2,0 mm - Conduit de chemin\u00e9e en m\u00e9tal et en acier inoxydable peint noir mat et brillant - Tuyau de vidange des fum\u00e9es de diff\u00e9rents diam\u00e8tres.\",\"breadcrumb\":{\"@id\":\"https:\\\/\\\/amrtop.net\\\/produit\\\/rosace-couvre-trou-lisse-avec-3-trous-monoparet-sp-1-2\\\/#breadcrumb\"},\"inLanguage\":\"es\",\"potentialAction\":[{\"@type\":\"ReadAction\",\"target\":[\"https:\\\/\\\/amrtop.net\\\/produit\\\/rosace-couvre-trou-lisse-avec-3-trous-monoparet-sp-1-2\\\/\"]}]},{\"@type\":\"ImageObject\",\"inLanguage\":\"es\",\"@id\":\"https:\\\/\\\/amrtop.net\\\/produit\\\/rosace-couvre-trou-lisse-avec-3-trous-monoparet-sp-1-2\\\/#primaryimage\",\"url\":\"https:\\\/\\\/amrtop.net\\\/wp-content\\\/uploads\\\/2022\\\/05\\\/sp1223.jpg\",\"contentUrl\":\"https:\\\/\\\/amrtop.net\\\/wp-content\\\/uploads\\\/2022\\\/05\\\/sp1223.jpg\",\"width\":640,\"height\":640,\"caption\":\"Rosace couvre-trou lisse avec 3 trous monoparet SP 1.2 - Conduit de chemin\u00e9e pour les appareils \u00e0 biomasse \u00e9paisseur 0,4 - 0,8 - 1,2 - 2,0 mm - Conduit de chemin\u00e9e en m\u00e9tal et en acier inoxydable peint noir mat et brillant - Tuyau de vidange des fum\u00e9es de diff\u00e9rents diam\u00e8tres.\"},{\"@type\":\"BreadcrumbList\",\"@id\":\"https:\\\/\\\/amrtop.net\\\/produit\\\/rosace-couvre-trou-lisse-avec-3-trous-monoparet-sp-1-2\\\/#breadcrumb\",\"itemListElement\":[{\"@type\":\"ListItem\",\"position\":1,\"name\":\"Home\",\"item\":\"https:\\\/\\\/amrtop.net\\\/\"},{\"@type\":\"ListItem\",\"position\":2,\"name\":\"Shop\",\"item\":\"https:\\\/\\\/amrtop.net\\\/negozio\\\/\"},{\"@type\":\"ListItem\",\"position\":3,\"name\":\"SP1223&#8230; &#8211; Rosace couvre-trou lisse avec 3 trous\"}]},{\"@type\":\"WebSite\",\"@id\":\"https:\\\/\\\/amrtop.net\\\/#website\",\"url\":\"https:\\\/\\\/amrtop.net\\\/\",\"name\":\"AMRTOP B2B \u00c9tranger - Achats r\u00e9serv\u00e9s au professionnel\",\"description\":\"Pi\u00e8ces de rechange et accessoires pour po\u00eales et chaudi\u00e8res - eCommerce B2B pour Clients Professionnels\",\"potentialAction\":[{\"@type\":\"SearchAction\",\"target\":{\"@type\":\"EntryPoint\",\"urlTemplate\":\"https:\\\/\\\/amrtop.net\\\/?s={search_term_string}\"},\"query-input\":{\"@type\":\"PropertyValueSpecification\",\"valueRequired\":true,\"valueName\":\"search_term_string\"}}],\"inLanguage\":\"es\"}]}<\/script>\n<!-- \/ Yoast SEO plugin. -->","yoast_head_json":{"title":"Rosace couvre-trou lisse avec 3 trous monoparet SP 1.2","description":"Roset\u00f3n liso con 3 orificios simples SP 1.2 - Tubo de humos para aparatos de biomasa, espesor 0,4 - 0,8 - 1,2 - 2,0 mm - Tubo de humos en metal y acero inoxidable, pintado en negro mate y brillante - Tubo de humos en varios di\u00e1metros.","robots":{"index":"index","follow":"follow","max-snippet":"max-snippet:-1","max-image-preview":"max-image-preview:large","max-video-preview":"max-video-preview:-1"},"canonical":"https:\/\/amrtop.net\/es\/producto\/rosace-couvre-trou-lisse-avec-3-trous-monoparet-sp-1-2\/","og_locale":"es_ES","og_type":"article","og_title":"Rosace couvre-trou lisse avec 3 trous monoparet SP 1.2","og_description":"Rosace couvre-trou lisse avec 3 trous monoparet SP 1.2 - Conduit de chemin\u00e9e pour les appareils \u00e0 biomasse \u00e9paisseur 0,4 - 0,8 - 1,2 - 2,0 mm - Conduit de chemin\u00e9e en m\u00e9tal et en acier inoxydable peint noir mat et brillant - Tuyau de vidange des fum\u00e9es de diff\u00e9rents diam\u00e8tres.","og_url":"https:\/\/amrtop.net\/es\/producto\/rosace-couvre-trou-lisse-avec-3-trous-monoparet-sp-1-2\/","og_site_name":"AMRTOP B2B \u00c9tranger - Achats r\u00e9serv\u00e9s au professionnel","article_modified_time":"2023-06-10T09:06:51+00:00","og_image":[{"width":640,"height":640,"url":"https:\/\/amrtop.net\/wp-content\/uploads\/2022\/05\/sp1223.jpg","type":"image\/jpeg"}],"twitter_card":"summary_large_image","twitter_misc":{"Tiempo de lectura":"2 minutos"},"schema":{"@context":"https:\/\/schema.org","@graph":[{"@type":"WebPage","@id":"https:\/\/amrtop.net\/produit\/rosace-couvre-trou-lisse-avec-3-trous-monoparet-sp-1-2\/","url":"https:\/\/amrtop.net\/produit\/rosace-couvre-trou-lisse-avec-3-trous-monoparet-sp-1-2\/","name":"Rosace couvre-trou lisse avec 3 trous monoparet SP 1.2","isPartOf":{"@id":"https:\/\/amrtop.net\/#website"},"primaryImageOfPage":{"@id":"https:\/\/amrtop.net\/produit\/rosace-couvre-trou-lisse-avec-3-trous-monoparet-sp-1-2\/#primaryimage"},"image":{"@id":"https:\/\/amrtop.net\/produit\/rosace-couvre-trou-lisse-avec-3-trous-monoparet-sp-1-2\/#primaryimage"},"thumbnailUrl":"https:\/\/amrtop.net\/wp-content\/uploads\/2022\/05\/sp1223.jpg","datePublished":"2022-05-31T09:55:27+00:00","dateModified":"2023-06-10T09:06:51+00:00","description":"Roset\u00f3n liso con 3 orificios simples SP 1.2 - Tubo de humos para aparatos de biomasa, espesor 0,4 - 0,8 - 1,2 - 2,0 mm - Tubo de humos en metal y acero inoxidable, pintado en negro mate y brillante - Tubo de humos en varios di\u00e1metros.","breadcrumb":{"@id":"https:\/\/amrtop.net\/produit\/rosace-couvre-trou-lisse-avec-3-trous-monoparet-sp-1-2\/#breadcrumb"},"inLanguage":"es","potentialAction":[{"@type":"ReadAction","target":["https:\/\/amrtop.net\/produit\/rosace-couvre-trou-lisse-avec-3-trous-monoparet-sp-1-2\/"]}]},{"@type":"ImageObject","inLanguage":"es","@id":"https:\/\/amrtop.net\/produit\/rosace-couvre-trou-lisse-avec-3-trous-monoparet-sp-1-2\/#primaryimage","url":"https:\/\/amrtop.net\/wp-content\/uploads\/2022\/05\/sp1223.jpg","contentUrl":"https:\/\/amrtop.net\/wp-content\/uploads\/2022\/05\/sp1223.jpg","width":640,"height":640,"caption":"Rosace couvre-trou lisse avec 3 trous monoparet SP 1.2 - Conduit de chemin\u00e9e pour les appareils \u00e0 biomasse \u00e9paisseur 0,4 - 0,8 - 1,2 - 2,0 mm - Conduit de chemin\u00e9e en m\u00e9tal et en acier inoxydable peint noir mat et brillant - Tuyau de vidange des fum\u00e9es de diff\u00e9rents diam\u00e8tres."},{"@type":"BreadcrumbList","@id":"https:\/\/amrtop.net\/produit\/rosace-couvre-trou-lisse-avec-3-trous-monoparet-sp-1-2\/#breadcrumb","itemListElement":[{"@type":"ListItem","position":1,"name":"Home","item":"https:\/\/amrtop.net\/"},{"@type":"ListItem","position":2,"name":"Shop","item":"https:\/\/amrtop.net\/negozio\/"},{"@type":"ListItem","position":3,"name":"SP1223&#8230; &#8211; Rosace couvre-trou lisse avec 3 trous"}]},{"@type":"WebSite","@id":"https:\/\/amrtop.net\/#website","url":"https:\/\/amrtop.net\/","name":"AMRTOP B2B Abroad - Compras reservadas a los profesionales","description":"Recambios y accesorios para estufas y calderas - Comercio electr\u00f3nico B2B para profesionales","potentialAction":[{"@type":"SearchAction","target":{"@type":"EntryPoint","urlTemplate":"https:\/\/amrtop.net\/?s={search_term_string}"},"query-input":{"@type":"PropertyValueSpecification","valueRequired":true,"valueName":"search_term_string"}}],"inLanguage":"es"}]}},"_links":{"self":[{"href":"https:\/\/amrtop.net\/es\/wp-json\/wp\/v2\/product\/26233","targetHints":{"allow":["GET"]}}],"collection":[{"href":"https:\/\/amrtop.net\/es\/wp-json\/wp\/v2\/product"}],"about":[{"href":"https:\/\/amrtop.net\/es\/wp-json\/wp\/v2\/types\/product"}],"replies":[{"embeddable":true,"href":"https:\/\/amrtop.net\/es\/wp-json\/wp\/v2\/comments?post=26233"}],"wp:featuredmedia":[{"embeddable":true,"href":"https:\/\/amrtop.net\/es\/wp-json\/wp\/v2\/media\/26353"}],"wp:attachment":[{"href":"https:\/\/amrtop.net\/es\/wp-json\/wp\/v2\/media?parent=26233"}],"wp:term":[{"taxonomy":"product_brand","embeddable":true,"href":"https:\/\/amrtop.net\/es\/wp-json\/wp\/v2\/product_brand?post=26233"},{"taxonomy":"product_cat","embeddable":true,"href":"https:\/\/amrtop.net\/es\/wp-json\/wp\/v2\/product_cat?post=26233"},{"taxonomy":"product_tag","embeddable":true,"href":"https:\/\/amrtop.net\/es\/wp-json\/wp\/v2\/product_tag?post=26233"}],"curies":[{"name":"wp","href":"https:\/\/api.w.org\/{rel}","templated":true}]}}