{"id":26579,"date":"2022-06-01T08:02:39","date_gmt":"2022-06-01T08:02:39","guid":{"rendered":"https:\/\/amrtop.com\/B2B\/?post_type=product&#038;p=26579"},"modified":"2023-06-12T12:56:17","modified_gmt":"2023-06-12T12:56:17","slug":"dpc107-coude-a-45","status":"publish","type":"product","link":"https:\/\/amrtop.net\/es\/produit\/dpc107-coude-a-45\/","title":{"rendered":"DPC107... - Codo 45"},"content":{"rendered":"<div class=\"page\" title=\"Page 65\">\n<div class=\"section\">\n<div class=\"layoutArea\">\n<div class=\"column\">\n<h3><strong>Coude a\u0300 45\u00b0acier inox<\/strong><\/h3>\n<\/div>\n<\/div>\n<\/div>\n<\/div>\n<p>CONDUCTO DE HUMOS DE ACERO INOXIDABLE DE DOBLE PARED INTERIOR AISI 316 L EXTERIOR PINTADO EN NEGRO AISI 304 AISLAMIENTO DE LANA MINERAL, ESPESOR 10 MM<\/p>\n<p>El sistema de doble pared DP10 est\u00e1 formado por elementos modulares r\u00edgidos con acabado pulido BA, con una pared interior de acero inoxidable AISI 316L de un grosor m\u00ednimo de 0,4 mm y una pared exterior de acero inoxidable.<br \/>\nAISI 304, conforme a las normas previstas para el marcado CE seg\u00fan la norma EN 1856\/1.<\/p>\n<p>El aislamiento consiste en lana mineral de alta densidad de 10 mm de espesor, prensada e interpuesta entre las paredes sin<br \/>\nelementos de uni\u00f3n entre los mismos (puente t\u00e9rmico).<\/p>\n<p>Los elementos modulares tienen un injerto cl\u00e1sico de vaso macho-hembra calibrado para ambas paredes con una junta de triple labio que se inserta en la pared interior,<br \/>\nseg\u00fan la norma europea EN 14241-1, y montaje mec\u00e1nico con brida de seguridad<\/p>\n<p><b>Referencia jur\u00eddica y designaci\u00f3n<\/b><\/p>\n<p>Marcado del producto conforme a la legislaci\u00f3n europea CE 0476 EN 1856-1 \/ EN 1856-2.<br \/>\nT200 P1 W V2 L50040* O 20 con junta<br \/>\nT600 N1 W V2 L50040 G500 M<\/p>\n<p><b>Utilisation du\u00a0Coude \u00e0 45\u00b0<\/b><\/p>\n<p>Conductos, humeros, chimeneas met\u00e1licas, emisiones de aire de generadores de calor atmosf\u00e9ricos, presurizados, de aire forzado, tradicionales o de condensaci\u00f3n, campanas de cocinas industriales o comerciales, etc.<br \/>\nestufas de le\u00f1a, chimeneas, estufas de pellets.<\/p>\n<p><b>Interior<\/b><\/p>\n<p><a href=\"https:\/\/wekos.it\/\">Estufas, cocinas y cocinas de le\u00f1a<\/a>\u00a0-\u00a0<a href=\"https:\/\/www.greenpuros.com\/\">chimeneas, estufas y calderas de pellets.<\/a><\/p>\n<p><b>Aplicaci\u00f3n<\/b><\/p>\n<p>Instalaci\u00f3n interior o exterior<\/p>\n<p><b>Di\u00e1metros disponibles - mm 80\/100<\/b><\/p>\n<p><b>100\/120 A PETICI\u00d3N<\/b><\/p>\n<p><b>Gama de sistemas de humo AMR TOP\u00a0\u00a0\u00a0\u00a0\u00a0\u00a0<\/b><\/p>\n<p><a href=\"https:\/\/amrtop.net\/es\/categoria-de-productos\/conductos-de-humo-2\/tuyaux-flexibles-en-acier-inoxydable\/\"><b>TOP FLEX SP - Tubos flexibles de acero inoxidable corrugados de pared simple y doble<\/b><\/a><\/p>\n<p><a href=\"https:\/\/amrtop.net\/es\/categoria-de-productos\/conductos-de-humo-2\/tube-rigide-monoparete-en-acier-inoxydable\/\"><b>SP - Tubo r\u00edgido de pared simple de acero inoxidable AISI 316L<\/b><\/a><\/p>\n<p><a href=\"https:\/\/amrtop.net\/es\/categoria-de-productos\/conductos-de-humo-2\/tube-flexible-inox-aisi-316-l-interieur-lisse-isole\/\"><b>ISOTOP FLEX - Tubo flexible interior liso aislado de acero inoxidable AISI 316L \u00a0<\/b><\/a><\/p>\n<p><a href=\"https:\/\/amrtop.net\/es\/categoria-de-productos\/conductos-de-humo-2\/dp-air-tube-double-paroi-inox-a-chambre-dair\/\"><b>DP AIR - Tubo de acero inoxidable de doble pared con c\u00e1mara de aire<\/b><\/a><\/p>\n<p><a href=\"https:\/\/amrtop.net\/es\/categoria-de-productos\/conductos-de-humo-2\/tube-coaxial-inox\/\"><b>DP - Tubo aislado de doble pared 10 mm - 25 mm<\/b><\/a><\/p>\n<p><a href=\"https:\/\/amrtop.net\/es\/categoria-de-productos\/conductos-de-humo-2\/tube-coaxial-inox\/\"><b>COAX TOP - Tubo coaxial de acero inoxidable en PPS y PPS\/acero inoxidable<\/b><\/a><\/p>\n<p><a href=\"https:\/\/amrtop.net\/es\/categoria-de-productos\/conductos-de-humo-2\/tuyau-coaxial-inox-inox-black\/\"><b>COAX PELLET - Tubo coaxial de acero inoxidable<\/b><\/a><\/p>\n<p><a href=\"https:\/\/amrtop.net\/es\/categoria-de-productos\/conductos-de-humo-2\/conduits-de-fumee-des-appareils-a-biomasse\/\"><b>BIOM TOP - Tubos para estufas de pellets y le\u00f1a<\/b><\/a><\/p>\n<p><a href=\"https:\/\/amrtop.net\/es\/categoria-de-productos\/conductos-de-humo-2\/alutop-tube-en-aluminium-flexible-extensible\/\"><b>ALU TOP - Tubo de aluminio flexible extensible<\/b><\/a><b>\u00a0 \u00a0 \u00a0 \u00a0 \u00a0 \u00a0<\/b><\/p>\n<p>&nbsp;<\/p>","protected":false},"excerpt":{"rendered":"<p>Coude a\u0300 45\u00b0acier inox CONDUIT DE FUM\u00c9E DOUBLE PAROI EN ACIER INOXYDABLE INT\u00c9RIEUR AISI 316 L EXT\u00c9RIEUR ACIER AISI 304 PEINT NOIR ISOLATION EN LAINE MIN\u00c9RALE \u00c9PAISSEUR 10 MM Le syst\u00e8me double paroi DP10 est compos\u00e9 d\u2019\u00e9l\u00e9ments modulables rigides avec finition polie BA, r\u00e9alis\u00e9s avec paroi int\u00e9rieure en acier inoxydable AISI 316L d\u2019\u00e9paisseur minimum 0,4 [&hellip;]<\/p>\n","protected":false},"featured_media":27883,"comment_status":"open","ping_status":"closed","template":"","meta":[],"product_brand":[],"product_cat":[1533,1534],"product_tag":[],"class_list":{"0":"post-26579","1":"product","2":"type-product","3":"status-publish","4":"has-post-thumbnail","6":"product_cat-tubes-isoles-exterieur-cuivre-inox","7":"product_cat-dp10-tubo-doppia-parete-inox-esterno-inox-spessore-coibentazione-10-mm","9":"first","10":"instock","11":"shipping-taxable","12":"purchasable","13":"product-type-variable"},"yoast_head":"<!-- This site is optimized with the Yoast SEO plugin v27.4 - https:\/\/yoast.com\/product\/yoast-seo-wordpress\/ -->\n<title>Coude \u00e0 45\u00b0acier inox<\/title>\n<meta name=\"description\" content=\"Coude \u00e0 45\u00b0acier inox - \u00c9l\u00e9ment - Syst\u00e8me - Conduit de chemin\u00e9e ou conduit de chemin\u00e9e \u00e0 double paroi isol\u00e9 \u00e9paisseur 10 ou 25 mm en laine de roche\" \/>\n<meta name=\"robots\" content=\"index, follow, max-snippet:-1, max-image-preview:large, max-video-preview:-1\" \/>\n<link rel=\"canonical\" href=\"https:\/\/amrtop.net\/es\/producto\/dpc107-coude-a-45\/\" \/>\n<meta property=\"og:locale\" content=\"es_ES\" \/>\n<meta property=\"og:type\" content=\"article\" \/>\n<meta property=\"og:title\" content=\"Coude \u00e0 45\u00b0acier inox\" \/>\n<meta property=\"og:description\" content=\"Coude \u00e0 45\u00b0acier inox - \u00c9l\u00e9ment - Syst\u00e8me - Conduit de chemin\u00e9e ou conduit de chemin\u00e9e \u00e0 double paroi isol\u00e9 \u00e9paisseur 10 ou 25 mm en laine de roche\" \/>\n<meta property=\"og:url\" content=\"https:\/\/amrtop.net\/es\/producto\/dpc107-coude-a-45\/\" \/>\n<meta property=\"og:site_name\" content=\"AMRTOP B2B \u00c9tranger - Achats r\u00e9serv\u00e9s au professionnel\" \/>\n<meta property=\"article:modified_time\" content=\"2023-06-12T12:56:17+00:00\" \/>\n<meta property=\"og:image\" content=\"https:\/\/amrtop.net\/wp-content\/uploads\/2022\/06\/dpc107.jpg\" \/>\n\t<meta property=\"og:image:width\" content=\"640\" \/>\n\t<meta property=\"og:image:height\" content=\"640\" \/>\n\t<meta property=\"og:image:type\" content=\"image\/jpeg\" \/>\n<meta name=\"twitter:card\" content=\"summary_large_image\" \/>\n<meta name=\"twitter:label1\" content=\"Tiempo de lectura\" \/>\n\t<meta name=\"twitter:data1\" content=\"2 minutos\" \/>\n<script type=\"application\/ld+json\" class=\"yoast-schema-graph\">{\"@context\":\"https:\\\/\\\/schema.org\",\"@graph\":[{\"@type\":\"WebPage\",\"@id\":\"https:\\\/\\\/amrtop.net\\\/produit\\\/dpc107-coude-a-45\\\/\",\"url\":\"https:\\\/\\\/amrtop.net\\\/produit\\\/dpc107-coude-a-45\\\/\",\"name\":\"Coude \u00e0 45\u00b0acier inox\",\"isPartOf\":{\"@id\":\"https:\\\/\\\/amrtop.net\\\/#website\"},\"primaryImageOfPage\":{\"@id\":\"https:\\\/\\\/amrtop.net\\\/produit\\\/dpc107-coude-a-45\\\/#primaryimage\"},\"image\":{\"@id\":\"https:\\\/\\\/amrtop.net\\\/produit\\\/dpc107-coude-a-45\\\/#primaryimage\"},\"thumbnailUrl\":\"https:\\\/\\\/amrtop.net\\\/wp-content\\\/uploads\\\/2022\\\/06\\\/dpc107.jpg\",\"datePublished\":\"2022-06-01T08:02:39+00:00\",\"dateModified\":\"2023-06-12T12:56:17+00:00\",\"description\":\"Coude \u00e0 45\u00b0acier inox - \u00c9l\u00e9ment - Syst\u00e8me - Conduit de chemin\u00e9e ou conduit de chemin\u00e9e \u00e0 double paroi isol\u00e9 \u00e9paisseur 10 ou 25 mm en laine de roche\",\"breadcrumb\":{\"@id\":\"https:\\\/\\\/amrtop.net\\\/produit\\\/dpc107-coude-a-45\\\/#breadcrumb\"},\"inLanguage\":\"es\",\"potentialAction\":[{\"@type\":\"ReadAction\",\"target\":[\"https:\\\/\\\/amrtop.net\\\/produit\\\/dpc107-coude-a-45\\\/\"]}]},{\"@type\":\"ImageObject\",\"inLanguage\":\"es\",\"@id\":\"https:\\\/\\\/amrtop.net\\\/produit\\\/dpc107-coude-a-45\\\/#primaryimage\",\"url\":\"https:\\\/\\\/amrtop.net\\\/wp-content\\\/uploads\\\/2022\\\/06\\\/dpc107.jpg\",\"contentUrl\":\"https:\\\/\\\/amrtop.net\\\/wp-content\\\/uploads\\\/2022\\\/06\\\/dpc107.jpg\",\"width\":640,\"height\":640,\"caption\":\"Coude \u00e0 45\u00b0acier inox - \u00c9l\u00e9ment - Syst\u00e8me - Conduit de chemin\u00e9e ou conduit de chemin\u00e9e \u00e0 double paroi isol\u00e9 \u00e9paisseur 10 ou 25 mm en laine de roche int\u00e9rieure en acier 316 L et ext\u00e9rieur en acier 304 rev\u00eatement ext\u00e9rieur en acier - cuivre - peint en noir\"},{\"@type\":\"BreadcrumbList\",\"@id\":\"https:\\\/\\\/amrtop.net\\\/produit\\\/dpc107-coude-a-45\\\/#breadcrumb\",\"itemListElement\":[{\"@type\":\"ListItem\",\"position\":1,\"name\":\"Home\",\"item\":\"https:\\\/\\\/amrtop.net\\\/\"},{\"@type\":\"ListItem\",\"position\":2,\"name\":\"Shop\",\"item\":\"https:\\\/\\\/amrtop.net\\\/negozio\\\/\"},{\"@type\":\"ListItem\",\"position\":3,\"name\":\"DPC107&#8230; &#8211; Coude \u00e0 45\u00b0\"}]},{\"@type\":\"WebSite\",\"@id\":\"https:\\\/\\\/amrtop.net\\\/#website\",\"url\":\"https:\\\/\\\/amrtop.net\\\/\",\"name\":\"AMRTOP B2B \u00c9tranger - Achats r\u00e9serv\u00e9s au professionnel\",\"description\":\"Pi\u00e8ces de rechange et accessoires pour po\u00eales et chaudi\u00e8res - eCommerce B2B pour Clients Professionnels\",\"potentialAction\":[{\"@type\":\"SearchAction\",\"target\":{\"@type\":\"EntryPoint\",\"urlTemplate\":\"https:\\\/\\\/amrtop.net\\\/?s={search_term_string}\"},\"query-input\":{\"@type\":\"PropertyValueSpecification\",\"valueRequired\":true,\"valueName\":\"search_term_string\"}}],\"inLanguage\":\"es\"}]}<\/script>\n<!-- \/ Yoast SEO plugin. -->","yoast_head_json":{"title":"Coude \u00e0 45\u00b0acier inox","description":"Coude \u00e0 45\u00b0acier inox - \u00c9l\u00e9ment - Syst\u00e8me - Conduit de chemin\u00e9e ou conduit de chemin\u00e9e \u00e0 double paroi isol\u00e9 \u00e9paisseur 10 ou 25 mm en laine de roche","robots":{"index":"index","follow":"follow","max-snippet":"max-snippet:-1","max-image-preview":"max-image-preview:large","max-video-preview":"max-video-preview:-1"},"canonical":"https:\/\/amrtop.net\/es\/producto\/dpc107-coude-a-45\/","og_locale":"es_ES","og_type":"article","og_title":"Coude \u00e0 45\u00b0acier inox","og_description":"Coude \u00e0 45\u00b0acier inox - \u00c9l\u00e9ment - Syst\u00e8me - Conduit de chemin\u00e9e ou conduit de chemin\u00e9e \u00e0 double paroi isol\u00e9 \u00e9paisseur 10 ou 25 mm en laine de roche","og_url":"https:\/\/amrtop.net\/es\/producto\/dpc107-coude-a-45\/","og_site_name":"AMRTOP B2B \u00c9tranger - Achats r\u00e9serv\u00e9s au professionnel","article_modified_time":"2023-06-12T12:56:17+00:00","og_image":[{"width":640,"height":640,"url":"https:\/\/amrtop.net\/wp-content\/uploads\/2022\/06\/dpc107.jpg","type":"image\/jpeg"}],"twitter_card":"summary_large_image","twitter_misc":{"Tiempo de lectura":"2 minutos"},"schema":{"@context":"https:\/\/schema.org","@graph":[{"@type":"WebPage","@id":"https:\/\/amrtop.net\/produit\/dpc107-coude-a-45\/","url":"https:\/\/amrtop.net\/produit\/dpc107-coude-a-45\/","name":"Coude \u00e0 45\u00b0acier inox","isPartOf":{"@id":"https:\/\/amrtop.net\/#website"},"primaryImageOfPage":{"@id":"https:\/\/amrtop.net\/produit\/dpc107-coude-a-45\/#primaryimage"},"image":{"@id":"https:\/\/amrtop.net\/produit\/dpc107-coude-a-45\/#primaryimage"},"thumbnailUrl":"https:\/\/amrtop.net\/wp-content\/uploads\/2022\/06\/dpc107.jpg","datePublished":"2022-06-01T08:02:39+00:00","dateModified":"2023-06-12T12:56:17+00:00","description":"Coude \u00e0 45\u00b0acier inox - \u00c9l\u00e9ment - Syst\u00e8me - Conduit de chemin\u00e9e ou conduit de chemin\u00e9e \u00e0 double paroi isol\u00e9 \u00e9paisseur 10 ou 25 mm en laine de roche","breadcrumb":{"@id":"https:\/\/amrtop.net\/produit\/dpc107-coude-a-45\/#breadcrumb"},"inLanguage":"es","potentialAction":[{"@type":"ReadAction","target":["https:\/\/amrtop.net\/produit\/dpc107-coude-a-45\/"]}]},{"@type":"ImageObject","inLanguage":"es","@id":"https:\/\/amrtop.net\/produit\/dpc107-coude-a-45\/#primaryimage","url":"https:\/\/amrtop.net\/wp-content\/uploads\/2022\/06\/dpc107.jpg","contentUrl":"https:\/\/amrtop.net\/wp-content\/uploads\/2022\/06\/dpc107.jpg","width":640,"height":640,"caption":"Coude \u00e0 45\u00b0acier inox - \u00c9l\u00e9ment - Syst\u00e8me - Conduit de chemin\u00e9e ou conduit de chemin\u00e9e \u00e0 double paroi isol\u00e9 \u00e9paisseur 10 ou 25 mm en laine de roche int\u00e9rieure en acier 316 L et ext\u00e9rieur en acier 304 rev\u00eatement ext\u00e9rieur en acier - cuivre - peint en noir"},{"@type":"BreadcrumbList","@id":"https:\/\/amrtop.net\/produit\/dpc107-coude-a-45\/#breadcrumb","itemListElement":[{"@type":"ListItem","position":1,"name":"Home","item":"https:\/\/amrtop.net\/"},{"@type":"ListItem","position":2,"name":"Shop","item":"https:\/\/amrtop.net\/negozio\/"},{"@type":"ListItem","position":3,"name":"DPC107&#8230; &#8211; Coude \u00e0 45\u00b0"}]},{"@type":"WebSite","@id":"https:\/\/amrtop.net\/#website","url":"https:\/\/amrtop.net\/","name":"AMRTOP B2B Abroad - Compras reservadas a los profesionales","description":"Recambios y accesorios para estufas y calderas - Comercio electr\u00f3nico B2B para profesionales","potentialAction":[{"@type":"SearchAction","target":{"@type":"EntryPoint","urlTemplate":"https:\/\/amrtop.net\/?s={search_term_string}"},"query-input":{"@type":"PropertyValueSpecification","valueRequired":true,"valueName":"search_term_string"}}],"inLanguage":"es"}]}},"_links":{"self":[{"href":"https:\/\/amrtop.net\/es\/wp-json\/wp\/v2\/product\/26579","targetHints":{"allow":["GET"]}}],"collection":[{"href":"https:\/\/amrtop.net\/es\/wp-json\/wp\/v2\/product"}],"about":[{"href":"https:\/\/amrtop.net\/es\/wp-json\/wp\/v2\/types\/product"}],"replies":[{"embeddable":true,"href":"https:\/\/amrtop.net\/es\/wp-json\/wp\/v2\/comments?post=26579"}],"wp:featuredmedia":[{"embeddable":true,"href":"https:\/\/amrtop.net\/es\/wp-json\/wp\/v2\/media\/27883"}],"wp:attachment":[{"href":"https:\/\/amrtop.net\/es\/wp-json\/wp\/v2\/media?parent=26579"}],"wp:term":[{"taxonomy":"product_brand","embeddable":true,"href":"https:\/\/amrtop.net\/es\/wp-json\/wp\/v2\/product_brand?post=26579"},{"taxonomy":"product_cat","embeddable":true,"href":"https:\/\/amrtop.net\/es\/wp-json\/wp\/v2\/product_cat?post=26579"},{"taxonomy":"product_tag","embeddable":true,"href":"https:\/\/amrtop.net\/es\/wp-json\/wp\/v2\/product_tag?post=26579"}],"curies":[{"name":"wp","href":"https:\/\/api.w.org\/{rel}","templated":true}]}}