{"id":26596,"date":"2022-06-01T08:09:13","date_gmt":"2022-06-01T08:09:13","guid":{"rendered":"https:\/\/amrtop.com\/B2B\/?post_type=product&#038;p=26596"},"modified":"2023-06-12T15:33:59","modified_gmt":"2023-06-12T15:33:59","slug":"dpcn111-element-avec-trappe-rond-pour-inspection-t-200","status":"publish","type":"product","link":"https:\/\/amrtop.net\/es\/produit\/dpcn111-element-avec-trappe-rond-pour-inspection-t-200\/","title":{"rendered":"DPCN111... - Elemento con trampilla redonda para inspecci\u00f3n T 200"},"content":{"rendered":"<p><strong>\u00c9l\u00e9ment avec trappe rond pour inspection T 200\u00b0 noire-isol\u00e9 DP10 BLACK<\/strong><\/p>\n<p>El sistema de doble pared DP10 BLACK est\u00e1 formado por elementos modulares r\u00edgidos con un acabado BA pulido y una pared interior de acero inoxidable AISI 316L.<\/p>\n<p>Con un espesor m\u00ednimo de 0,4 mm y una pared exterior de acero inoxidable AISI 304 pintado de negro, conforme a las normas de marcado CE seg\u00fan la norma EN 1856\/1l'.<\/p>\n<p>El aislamiento es de lana mineral de alta densidad de 10 mm de espesor, prensada e interpuesta entre los muros sin elementos de uni\u00f3n entre ellos (puente t\u00e9rmico).<\/p>\n<p>Los elementos modulares disponen del cl\u00e1sico injerto de vidrio macho-hembra calibrado para ambas paredes, con junta de triple labio para insertar en la pared interior, conforme a la normativa europea EN 14241-1, y montaje mec\u00e1nico con brida de seguridad.<\/p>\n<p><strong>Aplicaci\u00f3n<\/strong><\/p>\n<p>Instalaci\u00f3n interior o exterior.<\/p>\n<p><strong>Utilisation du \u00c9l\u00e9ment avec trappe rond pour inspection T 200\u00b0 noire-isol\u00e9 DP10 BLACK<\/strong><\/p>\n<p>Conductos, humeros, chimeneas met\u00e1licas, emisiones de aire de generadores de calor atmosf\u00e9ricos, presurizados, de aire forzado, tradicionales o de condensaci\u00f3n, campanas de cocina industriales o dom\u00e9sticas, estufas de le\u00f1a, chimeneas, estufas de pellets.<\/p>\n<p><strong>Di\u00e1metros disponibles<\/strong> - mm 80\/100 100\/120 A PETICI\u00d3N<\/p>\n<p><strong>Gama de sistemas de humo AMR TOP\u00a0\u00a0\u00a0\u00a0\u00a0\u00a0 <\/strong><\/p>\n<p><a href=\"https:\/\/amrtop.net\/es\/categoria-de-productos\/conductos-de-humo-2\/tuyaux-flexibles-en-acier-inoxydable\/\"><strong>TOP FLEX SP - Tubos flexibles de acero inoxidable corrugados de pared simple y doble<\/strong><\/a><\/p>\n<p><a href=\"https:\/\/amrtop.net\/es\/categoria-de-productos\/conductos-de-humo-2\/tube-rigide-monoparete-en-acier-inoxydable\/\"><strong>SP - Tubo r\u00edgido de pared simple de acero inoxidable AISI 316L<\/strong><\/a><\/p>\n<p><a href=\"https:\/\/amrtop.net\/es\/categoria-de-productos\/conductos-de-humo-2\/tube-flexible-inox-aisi-316-l-interieur-lisse-isole\/\"><strong>ISOTOP FLEX - Tubo flexible interior liso aislado de acero inoxidable AISI 316L \u00a0<\/strong><\/a><\/p>\n<p><a href=\"https:\/\/amrtop.net\/es\/categoria-de-productos\/conductos-de-humo-2\/dp-air-tube-double-paroi-inox-a-chambre-dair\/\"><strong>DP AIR - Tubo de acero inoxidable de doble pared con c\u00e1mara de aire<\/strong><\/a><\/p>\n<p><a href=\"https:\/\/amrtop.net\/es\/categoria-de-productos\/conductos-de-humo-2\/tube-coaxial-inox\/\"><strong>DP - Tubo aislado de doble pared 10 mm - 25 mm<\/strong><\/a><\/p>\n<p><a href=\"https:\/\/amrtop.net\/es\/categoria-de-productos\/conductos-de-humo-2\/tube-coaxial-inox\/\"><strong>COAX TOP - Tubo coaxial de acero inoxidable en PPS y PPS\/acero inoxidable<\/strong><\/a><\/p>\n<p><a href=\"https:\/\/amrtop.net\/es\/categoria-de-productos\/conductos-de-humo-2\/tuyau-coaxial-inox-inox-black\/\"><strong>COAX PELLET - Tubo coaxial de acero inoxidable<\/strong><\/a><\/p>\n<p><strong><a href=\"https:\/\/amrtop.net\/es\/categoria-de-productos\/conductos-de-humo-2\/conduits-de-fumee-des-appareils-a-biomasse\/\">BIOM TOP - Tubos para estufas de pellets y le\u00f1a<\/a><\/strong><\/p>\n<p><strong><a href=\"https:\/\/amrtop.net\/es\/categoria-de-productos\/conductos-de-humo-2\/alutop-tube-en-aluminium-flexible-extensible\/\">ALU TOP - Tubos de aluminio estirables<\/a><\/strong><strong>\u00a0 \u00a0<\/strong><\/p>\n<p><strong><u>\u00a0<\/u><\/strong><\/p>\n<p><strong><u>\u00a0<\/u><\/strong><\/p>\n<p><strong><u>\u00a0<\/u><\/strong><\/p>\n<p><strong>\u00a0<\/strong><\/p>\n<p><strong>\u00a0<\/strong><\/p>\n<p><strong>\u00a0<\/strong><\/p>\n<p><strong>\u00a0<\/strong><\/p>","protected":false},"excerpt":{"rendered":"<p>\u00c9l\u00e9ment avec trappe rond pour inspection T 200\u00b0 noire-isol\u00e9 DP10 BLACK Le syst\u00e8me double paroi DP10 BLACK est compos\u00e9 par des \u00e9l\u00e9ments modulaires rigides avec finition polie BA,r\u00e9alis\u00e9s avec paroi int\u00e9rieure en acier inox AISI 316L De \u00e9paisseur minimale 0,4 mm et paroi ext\u00e9rieure en acier inox AISI 304 peint en noir, conformes aux normes [&hellip;]<\/p>\n","protected":false},"featured_media":31961,"comment_status":"open","ping_status":"closed","template":"","meta":[],"product_brand":[],"product_cat":[1533,1535],"product_tag":[],"class_list":{"0":"post-26596","1":"product","2":"type-product","3":"status-publish","4":"has-post-thumbnail","6":"product_cat-tubes-isoles-exterieur-cuivre-inox","7":"product_cat-dp10-black-tube-double-paroi-inox-exterieur-inox-peint-noir-epaisseur-disolation-10-mm","9":"first","10":"instock","11":"shipping-taxable","12":"purchasable","13":"product-type-variable"},"yoast_head":"<!-- This site is optimized with the Yoast SEO plugin v27.4 - https:\/\/yoast.com\/product\/yoast-seo-wordpress\/ -->\n<title>\u00c9l\u00e9ment avec trappe rond pour inspection T 200\u00b0 noire-isol\u00e9 DP10 BLACK<\/title>\n<meta name=\"description\" content=\"\u00c9l\u00e9ment avec trappe rond pour inspection T 200\u00b0 noire-isol\u00e9 DP10 BLACK - \u00c9l\u00e9ment - Syst\u00e8me - Conduit de chemin\u00e9e ou conduit de chemin\u00e9e \u00e0 double paroi isol\u00e9 \u00e9paisseur 10 ou 25 mm en laine de roche int\u00e9rieure en acier 316 L et ext\u00e9rieur en acier 304 rev\u00eatement ext\u00e9rieur en acier - cuivre - peint en noir.\" \/>\n<meta name=\"robots\" content=\"index, follow, max-snippet:-1, max-image-preview:large, max-video-preview:-1\" \/>\n<link rel=\"canonical\" href=\"https:\/\/amrtop.net\/es\/producto\/dpcn111-element-avec-trappe-rond-pour-inspection-t-200\/\" \/>\n<meta property=\"og:locale\" content=\"es_ES\" \/>\n<meta property=\"og:type\" content=\"article\" \/>\n<meta property=\"og:title\" content=\"\u00c9l\u00e9ment avec trappe rond pour inspection T 200\u00b0 noire-isol\u00e9 DP10 BLACK\" \/>\n<meta property=\"og:description\" content=\"\u00c9l\u00e9ment avec trappe rond pour inspection T 200\u00b0 noire-isol\u00e9 DP10 BLACK - \u00c9l\u00e9ment - Syst\u00e8me - Conduit de chemin\u00e9e ou conduit de chemin\u00e9e \u00e0 double paroi isol\u00e9 \u00e9paisseur 10 ou 25 mm en laine de roche int\u00e9rieure en acier 316 L et ext\u00e9rieur en acier 304 rev\u00eatement ext\u00e9rieur en acier - cuivre - peint en noir.\" \/>\n<meta property=\"og:url\" content=\"https:\/\/amrtop.net\/es\/producto\/dpcn111-element-avec-trappe-rond-pour-inspection-t-200\/\" \/>\n<meta property=\"og:site_name\" content=\"AMRTOP B2B \u00c9tranger - Achats r\u00e9serv\u00e9s au professionnel\" \/>\n<meta property=\"article:modified_time\" content=\"2023-06-12T15:33:59+00:00\" \/>\n<meta property=\"og:image\" content=\"https:\/\/amrtop.net\/wp-content\/uploads\/2022\/06\/dpcn111.jpg\" \/>\n\t<meta property=\"og:image:width\" content=\"640\" \/>\n\t<meta property=\"og:image:height\" content=\"640\" \/>\n\t<meta property=\"og:image:type\" content=\"image\/jpeg\" \/>\n<meta name=\"twitter:card\" content=\"summary_large_image\" \/>\n<meta name=\"twitter:label1\" content=\"Tiempo de lectura\" \/>\n\t<meta name=\"twitter:data1\" content=\"2 minutos\" \/>\n<script type=\"application\/ld+json\" class=\"yoast-schema-graph\">{\"@context\":\"https:\\\/\\\/schema.org\",\"@graph\":[{\"@type\":\"WebPage\",\"@id\":\"https:\\\/\\\/amrtop.net\\\/produit\\\/dpcn111-element-avec-trappe-rond-pour-inspection-t-200\\\/\",\"url\":\"https:\\\/\\\/amrtop.net\\\/produit\\\/dpcn111-element-avec-trappe-rond-pour-inspection-t-200\\\/\",\"name\":\"\u00c9l\u00e9ment avec trappe rond pour inspection T 200\u00b0 noire-isol\u00e9 DP10 BLACK\",\"isPartOf\":{\"@id\":\"https:\\\/\\\/amrtop.net\\\/#website\"},\"primaryImageOfPage\":{\"@id\":\"https:\\\/\\\/amrtop.net\\\/produit\\\/dpcn111-element-avec-trappe-rond-pour-inspection-t-200\\\/#primaryimage\"},\"image\":{\"@id\":\"https:\\\/\\\/amrtop.net\\\/produit\\\/dpcn111-element-avec-trappe-rond-pour-inspection-t-200\\\/#primaryimage\"},\"thumbnailUrl\":\"https:\\\/\\\/amrtop.net\\\/wp-content\\\/uploads\\\/2022\\\/06\\\/dpcn111.jpg\",\"datePublished\":\"2022-06-01T08:09:13+00:00\",\"dateModified\":\"2023-06-12T15:33:59+00:00\",\"description\":\"\u00c9l\u00e9ment avec trappe rond pour inspection T 200\u00b0 noire-isol\u00e9 DP10 BLACK - \u00c9l\u00e9ment - Syst\u00e8me - Conduit de chemin\u00e9e ou conduit de chemin\u00e9e \u00e0 double paroi isol\u00e9 \u00e9paisseur 10 ou 25 mm en laine de roche int\u00e9rieure en acier 316 L et ext\u00e9rieur en acier 304 rev\u00eatement ext\u00e9rieur en acier - cuivre - peint en noir.\",\"breadcrumb\":{\"@id\":\"https:\\\/\\\/amrtop.net\\\/produit\\\/dpcn111-element-avec-trappe-rond-pour-inspection-t-200\\\/#breadcrumb\"},\"inLanguage\":\"es\",\"potentialAction\":[{\"@type\":\"ReadAction\",\"target\":[\"https:\\\/\\\/amrtop.net\\\/produit\\\/dpcn111-element-avec-trappe-rond-pour-inspection-t-200\\\/\"]}]},{\"@type\":\"ImageObject\",\"inLanguage\":\"es\",\"@id\":\"https:\\\/\\\/amrtop.net\\\/produit\\\/dpcn111-element-avec-trappe-rond-pour-inspection-t-200\\\/#primaryimage\",\"url\":\"https:\\\/\\\/amrtop.net\\\/wp-content\\\/uploads\\\/2022\\\/06\\\/dpcn111.jpg\",\"contentUrl\":\"https:\\\/\\\/amrtop.net\\\/wp-content\\\/uploads\\\/2022\\\/06\\\/dpcn111.jpg\",\"width\":640,\"height\":640,\"caption\":\"\u00c9l\u00e9ment avec trappe rond pour inspection T 200\u00b0 noire-isol\u00e9 DP10 BLACK - \u00c9l\u00e9ment - Syst\u00e8me - Conduit de chemin\u00e9e ou conduit de chemin\u00e9e \u00e0 double paroi isol\u00e9 \u00e9paisseur 10 ou 25 mm en laine de roche int\u00e9rieure en acier 316 L et ext\u00e9rieur en acier 304 rev\u00eatement ext\u00e9rieur en acier - cuivre - peint en noir.\"},{\"@type\":\"BreadcrumbList\",\"@id\":\"https:\\\/\\\/amrtop.net\\\/produit\\\/dpcn111-element-avec-trappe-rond-pour-inspection-t-200\\\/#breadcrumb\",\"itemListElement\":[{\"@type\":\"ListItem\",\"position\":1,\"name\":\"Home\",\"item\":\"https:\\\/\\\/amrtop.net\\\/\"},{\"@type\":\"ListItem\",\"position\":2,\"name\":\"Shop\",\"item\":\"https:\\\/\\\/amrtop.net\\\/negozio\\\/\"},{\"@type\":\"ListItem\",\"position\":3,\"name\":\"DPCN111&#8230; &#8211; \u00c9l\u00e9ment avec trappe rond pour inspection T 200\u00b0\"}]},{\"@type\":\"WebSite\",\"@id\":\"https:\\\/\\\/amrtop.net\\\/#website\",\"url\":\"https:\\\/\\\/amrtop.net\\\/\",\"name\":\"AMRTOP B2B \u00c9tranger - Achats r\u00e9serv\u00e9s au professionnel\",\"description\":\"Pi\u00e8ces de rechange et accessoires pour po\u00eales et chaudi\u00e8res - eCommerce B2B pour Clients Professionnels\",\"potentialAction\":[{\"@type\":\"SearchAction\",\"target\":{\"@type\":\"EntryPoint\",\"urlTemplate\":\"https:\\\/\\\/amrtop.net\\\/?s={search_term_string}\"},\"query-input\":{\"@type\":\"PropertyValueSpecification\",\"valueRequired\":true,\"valueName\":\"search_term_string\"}}],\"inLanguage\":\"es\"}]}<\/script>\n<!-- \/ Yoast SEO plugin. -->","yoast_head_json":{"title":"\u00c9l\u00e9ment avec trappe rond pour inspection T 200\u00b0 noire-isol\u00e9 DP10 BLACK","description":"Elemento con trampilla de inspecci\u00f3n redonda T 200\u00b0 aislado en negro DP10 NEGRO - Elemento - Sistema - Conducto de humos o conducto de chimenea de doble pared de 10 o 25 mm de espesor aislado con lana de roca Interior de acero 316 L y revestimiento exterior de acero 304 - cobre - pintado en negro.","robots":{"index":"index","follow":"follow","max-snippet":"max-snippet:-1","max-image-preview":"max-image-preview:large","max-video-preview":"max-video-preview:-1"},"canonical":"https:\/\/amrtop.net\/es\/producto\/dpcn111-element-avec-trappe-rond-pour-inspection-t-200\/","og_locale":"es_ES","og_type":"article","og_title":"\u00c9l\u00e9ment avec trappe rond pour inspection T 200\u00b0 noire-isol\u00e9 DP10 BLACK","og_description":"\u00c9l\u00e9ment avec trappe rond pour inspection T 200\u00b0 noire-isol\u00e9 DP10 BLACK - \u00c9l\u00e9ment - Syst\u00e8me - Conduit de chemin\u00e9e ou conduit de chemin\u00e9e \u00e0 double paroi isol\u00e9 \u00e9paisseur 10 ou 25 mm en laine de roche int\u00e9rieure en acier 316 L et ext\u00e9rieur en acier 304 rev\u00eatement ext\u00e9rieur en acier - cuivre - peint en noir.","og_url":"https:\/\/amrtop.net\/es\/producto\/dpcn111-element-avec-trappe-rond-pour-inspection-t-200\/","og_site_name":"AMRTOP B2B \u00c9tranger - Achats r\u00e9serv\u00e9s au professionnel","article_modified_time":"2023-06-12T15:33:59+00:00","og_image":[{"width":640,"height":640,"url":"https:\/\/amrtop.net\/wp-content\/uploads\/2022\/06\/dpcn111.jpg","type":"image\/jpeg"}],"twitter_card":"summary_large_image","twitter_misc":{"Tiempo de lectura":"2 minutos"},"schema":{"@context":"https:\/\/schema.org","@graph":[{"@type":"WebPage","@id":"https:\/\/amrtop.net\/produit\/dpcn111-element-avec-trappe-rond-pour-inspection-t-200\/","url":"https:\/\/amrtop.net\/produit\/dpcn111-element-avec-trappe-rond-pour-inspection-t-200\/","name":"\u00c9l\u00e9ment avec trappe rond pour inspection T 200\u00b0 noire-isol\u00e9 DP10 BLACK","isPartOf":{"@id":"https:\/\/amrtop.net\/#website"},"primaryImageOfPage":{"@id":"https:\/\/amrtop.net\/produit\/dpcn111-element-avec-trappe-rond-pour-inspection-t-200\/#primaryimage"},"image":{"@id":"https:\/\/amrtop.net\/produit\/dpcn111-element-avec-trappe-rond-pour-inspection-t-200\/#primaryimage"},"thumbnailUrl":"https:\/\/amrtop.net\/wp-content\/uploads\/2022\/06\/dpcn111.jpg","datePublished":"2022-06-01T08:09:13+00:00","dateModified":"2023-06-12T15:33:59+00:00","description":"Elemento con trampilla de inspecci\u00f3n redonda T 200\u00b0 aislado en negro DP10 NEGRO - Elemento - Sistema - Conducto de humos o conducto de chimenea de doble pared de 10 o 25 mm de espesor aislado con lana de roca Interior de acero 316 L y revestimiento exterior de acero 304 - cobre - pintado en negro.","breadcrumb":{"@id":"https:\/\/amrtop.net\/produit\/dpcn111-element-avec-trappe-rond-pour-inspection-t-200\/#breadcrumb"},"inLanguage":"es","potentialAction":[{"@type":"ReadAction","target":["https:\/\/amrtop.net\/produit\/dpcn111-element-avec-trappe-rond-pour-inspection-t-200\/"]}]},{"@type":"ImageObject","inLanguage":"es","@id":"https:\/\/amrtop.net\/produit\/dpcn111-element-avec-trappe-rond-pour-inspection-t-200\/#primaryimage","url":"https:\/\/amrtop.net\/wp-content\/uploads\/2022\/06\/dpcn111.jpg","contentUrl":"https:\/\/amrtop.net\/wp-content\/uploads\/2022\/06\/dpcn111.jpg","width":640,"height":640,"caption":"\u00c9l\u00e9ment avec trappe rond pour inspection T 200\u00b0 noire-isol\u00e9 DP10 BLACK - \u00c9l\u00e9ment - Syst\u00e8me - Conduit de chemin\u00e9e ou conduit de chemin\u00e9e \u00e0 double paroi isol\u00e9 \u00e9paisseur 10 ou 25 mm en laine de roche int\u00e9rieure en acier 316 L et ext\u00e9rieur en acier 304 rev\u00eatement ext\u00e9rieur en acier - cuivre - peint en noir."},{"@type":"BreadcrumbList","@id":"https:\/\/amrtop.net\/produit\/dpcn111-element-avec-trappe-rond-pour-inspection-t-200\/#breadcrumb","itemListElement":[{"@type":"ListItem","position":1,"name":"Home","item":"https:\/\/amrtop.net\/"},{"@type":"ListItem","position":2,"name":"Shop","item":"https:\/\/amrtop.net\/negozio\/"},{"@type":"ListItem","position":3,"name":"DPCN111&#8230; &#8211; \u00c9l\u00e9ment avec trappe rond pour inspection T 200\u00b0"}]},{"@type":"WebSite","@id":"https:\/\/amrtop.net\/#website","url":"https:\/\/amrtop.net\/","name":"AMRTOP B2B Abroad - Compras reservadas a los profesionales","description":"Recambios y accesorios para estufas y calderas - Comercio electr\u00f3nico B2B para profesionales","potentialAction":[{"@type":"SearchAction","target":{"@type":"EntryPoint","urlTemplate":"https:\/\/amrtop.net\/?s={search_term_string}"},"query-input":{"@type":"PropertyValueSpecification","valueRequired":true,"valueName":"search_term_string"}}],"inLanguage":"es"}]}},"_links":{"self":[{"href":"https:\/\/amrtop.net\/es\/wp-json\/wp\/v2\/product\/26596","targetHints":{"allow":["GET"]}}],"collection":[{"href":"https:\/\/amrtop.net\/es\/wp-json\/wp\/v2\/product"}],"about":[{"href":"https:\/\/amrtop.net\/es\/wp-json\/wp\/v2\/types\/product"}],"replies":[{"embeddable":true,"href":"https:\/\/amrtop.net\/es\/wp-json\/wp\/v2\/comments?post=26596"}],"wp:featuredmedia":[{"embeddable":true,"href":"https:\/\/amrtop.net\/es\/wp-json\/wp\/v2\/media\/31961"}],"wp:attachment":[{"href":"https:\/\/amrtop.net\/es\/wp-json\/wp\/v2\/media?parent=26596"}],"wp:term":[{"taxonomy":"product_brand","embeddable":true,"href":"https:\/\/amrtop.net\/es\/wp-json\/wp\/v2\/product_brand?post=26596"},{"taxonomy":"product_cat","embeddable":true,"href":"https:\/\/amrtop.net\/es\/wp-json\/wp\/v2\/product_cat?post=26596"},{"taxonomy":"product_tag","embeddable":true,"href":"https:\/\/amrtop.net\/es\/wp-json\/wp\/v2\/product_tag?post=26596"}],"curies":[{"name":"wp","href":"https:\/\/api.w.org\/{rel}","templated":true}]}}