{"id":28198,"date":"2022-06-03T09:02:08","date_gmt":"2022-06-03T09:02:08","guid":{"rendered":"https:\/\/amrtop.com\/B2B\/?post_type=product&#038;p=28198"},"modified":"2023-06-12T10:17:44","modified_gmt":"2023-06-12T10:17:44","slug":"dpr2509-codo-15","status":"publish","type":"product","link":"https:\/\/amrtop.net\/es\/produit\/dpr2509-coude-a-15\/","title":{"rendered":"DPR2509... - Codo de 15"},"content":{"rendered":"<p><strong>Codo de 15<\/strong><strong>\u00a0doble pared con aislamiento de cobre\u00a0<\/strong><strong>DPC25<\/strong><\/p>\n<p>El sistema de doble pared DPC25 consta de elementos modulares r\u00edgidos con un acabado de cobre natural pulido, fabricados con una pared interior de acero inoxidable AISI 316L con un grosor m\u00ednimo de 0,4 mm y una pared exterior de cobre natural con un grosor de 0,5 mm.<\/p>\n<p>Cumple las normas de marcado CE seg\u00fan la norma EN 1856\/1.<\/p>\n<p>El aislamiento es de lana mineral de alta densidad de 25 mm de espesor, prensada e interpuesta entre los muros sin elementos de uni\u00f3n entre ellos (puente t\u00e9rmico).<\/p>\n<p>Los elementos modulares tienen un embrague de vidrio macho-hembra cl\u00e1sico calibrado para ambas paredes, con una junta de triple labio que se inserta en la pared interior.<\/p>\n<p>Conforme a la norma europea EN 14241-1, y conexi\u00f3n mec\u00e1nica con brida de seguridad.<\/p>\n<p>Referencia legal y designaci\u00f3n Marcado del producto conforme a la normativa europea CE 0476 EN 1856-1. T200 H1 W V2 L50040* O xx bajo pedido T200 P1 W V2 L50040* O xx con junta T600 N1 W V2 L50040 O zz \/ G yy sin junta<\/p>\n<p><strong>Aplicaci\u00f3n<\/strong><\/p>\n<p>Instalaci\u00f3n interior o exterior.<\/p>\n<p><strong>Utilice el codo de doble pared con aislamiento de cobre de 15\u00b0 DPC25<\/strong><\/p>\n<p>Conductos, humeros, chimeneas met\u00e1licas, emisiones de aire de generadores de calor atmosf\u00e9ricos, presurizados o de aire forzado.<\/p>\n<p>Tradicionales o de condensaci\u00f3n, campanas extractoras para uso industrial o dom\u00e9stico, estufas de le\u00f1a, chimeneas, estufas de pellets.<\/p>\n<p><strong>Di\u00e1metros disponibles<\/strong> - mm 80\/130 - 100\/150 - 130\/180 - 150\/200 - 180\/230 - 200\/250 - 250\/300 - 300\/350 350\/400 <strong>A PETICI\u00d3N<\/strong> - Disponible hasta un di\u00e1metro interior de 800 <strong>A PETICI\u00d3N<\/strong><\/p>\n<p><strong>Gama de sistemas de humo AMR TOP\u00a0\u00a0\u00a0\u00a0\u00a0\u00a0 <\/strong><\/p>\n<p><a href=\"https:\/\/amrtop.net\/es\/categoria-de-productos\/conductos-de-humo-2\/tuyaux-flexibles-en-acier-inoxydable\/\"><strong>TOP FLEX SP - Tubos flexibles de acero inoxidable corrugados de pared simple y doble<\/strong><\/a><\/p>\n<p><a href=\"https:\/\/amrtop.net\/es\/categoria-de-productos\/conductos-de-humo-2\/tube-rigide-monoparete-en-acier-inoxydable\/\"><strong>SP - Tubo r\u00edgido de pared simple de acero inoxidable AISI 316L<\/strong><\/a><\/p>\n<p><a href=\"https:\/\/amrtop.net\/es\/categoria-de-productos\/conductos-de-humo-2\/tube-flexible-inox-aisi-316-l-interieur-lisse-isole\/\"><strong>ISOTOP FLEX - Tubo flexible interior liso aislado de acero inoxidable AISI 316L \u00a0<\/strong><\/a><\/p>\n<p><a href=\"https:\/\/amrtop.net\/es\/categoria-de-productos\/conductos-de-humo-2\/dp-air-tube-double-paroi-inox-a-chambre-dair\/\"><strong>DP AIR - Tubo de acero inoxidable de doble pared con c\u00e1mara de aire<\/strong><\/a><\/p>\n<p><a href=\"https:\/\/amrtop.net\/es\/categoria-de-productos\/conductos-de-humo-2\/tube-coaxial-inox\/\"><strong>DP - Tubo aislado de doble pared 10 mm - 25 mm<\/strong><\/a><\/p>\n<p><a href=\"https:\/\/amrtop.net\/es\/categoria-de-productos\/conductos-de-humo-2\/tube-coaxial-inox\/\"><strong>COAX TOP - Tubo coaxial de acero inoxidable en PPS y PPS\/acero inoxidable<\/strong><\/a><\/p>\n<p><a href=\"https:\/\/amrtop.net\/es\/categoria-de-productos\/conductos-de-humo-2\/tuyau-coaxial-inox-inox-black\/\"><strong>COAX PELLET - Tubo coaxial de acero inoxidable<\/strong><\/a><\/p>\n<p><strong><a href=\"https:\/\/amrtop.net\/es\/categoria-de-productos\/conductos-de-humo-2\/conduits-de-fumee-des-appareils-a-biomasse\/\">BIOM TOP - Tubos para estufas de pellets y le\u00f1a<\/a><\/strong><\/p>\n<p><strong><a href=\"https:\/\/amrtop.net\/es\/categoria-de-productos\/conductos-de-humo-2\/alutop-tube-en-aluminium-flexible-extensible\/\">ALU TOP - Tubos de aluminio estirables<\/a><\/strong><strong>\u00a0 \u00a0<\/strong><\/p>\n<p><strong><u>\u00a0<\/u><\/strong><\/p>","protected":false},"excerpt":{"rendered":"<p>Coude \u00e0 15\u00b0\u00a0double paroi cuivre-isol\u00e9\u00a0DPC25 Le syst\u00e8me double paroi DPC25 est compos\u00e9 de \u00e9l\u00e9ments modulaires rigides avec finition polie en cuivre naturel, fabriqu\u00e9 avec paroi int\u00e9rieure en acier inoxydable AISI 316L d\u2019une \u00e9paisseur minimale de 0,4 mm et paroi ext\u00e9rieure en cuivre naturel d\u2019une \u00e9paisseur de 0,5 mm. Conforme aux normespr\u00e9vues par le marquage CE [&hellip;]<\/p>\n","protected":false},"featured_media":32131,"comment_status":"open","ping_status":"closed","template":"","meta":[],"product_brand":[],"product_cat":[1533,1538],"product_tag":[],"class_list":{"0":"post-28198","1":"product","2":"type-product","3":"status-publish","4":"has-post-thumbnail","6":"product_cat-tubes-isoles-exterieur-cuivre-inox","7":"product_cat-dpc25-rc-tube-double-paroi-inox-cuivre-exterieur-epaisseur-disolation-25-mm","9":"first","10":"instock","11":"shipping-taxable","12":"purchasable","13":"product-type-variable"},"yoast_head":"<!-- This site is optimized with the Yoast SEO plugin v27.4 - https:\/\/yoast.com\/product\/yoast-seo-wordpress\/ -->\n<title>Coude \u00e0 15\u00b0\u00a0double paroi cuivre-isol\u00e9\u00a0DPC25<\/title>\n<meta name=\"description\" content=\"Coude \u00e0 15\u00b0\u00a0double paroi cuivre-isol\u00e9\u00a0DPC25 - Syst\u00e8me - Conduit de chemin\u00e9e ou conduit de chemin\u00e9e \u00e0 double paroi isol\u00e9 \u00e9paisseur 10 ou 25 mm en laine de roche int\u00e9rieure en acier 316 L et ext\u00e9rieur en acier 304 rev\u00eatement ext\u00e9rieur en acier - cuivre - peint en noir.\" \/>\n<meta name=\"robots\" content=\"index, follow, max-snippet:-1, max-image-preview:large, max-video-preview:-1\" \/>\n<link rel=\"canonical\" href=\"https:\/\/amrtop.net\/es\/producto\/dpr2509-codo-15\/\" \/>\n<meta property=\"og:locale\" content=\"es_ES\" \/>\n<meta property=\"og:type\" content=\"article\" \/>\n<meta property=\"og:title\" content=\"Coude \u00e0 15\u00b0\u00a0double paroi cuivre-isol\u00e9\u00a0DPC25\" \/>\n<meta property=\"og:description\" content=\"Coude \u00e0 15\u00b0\u00a0double paroi cuivre-isol\u00e9\u00a0DPC25 - Syst\u00e8me - Conduit de chemin\u00e9e ou conduit de chemin\u00e9e \u00e0 double paroi isol\u00e9 \u00e9paisseur 10 ou 25 mm en laine de roche int\u00e9rieure en acier 316 L et ext\u00e9rieur en acier 304 rev\u00eatement ext\u00e9rieur en acier - cuivre - peint en noir.\" \/>\n<meta property=\"og:url\" content=\"https:\/\/amrtop.net\/es\/producto\/dpr2509-codo-15\/\" \/>\n<meta property=\"og:site_name\" content=\"AMRTOP B2B \u00c9tranger - Achats r\u00e9serv\u00e9s au professionnel\" \/>\n<meta property=\"article:modified_time\" content=\"2023-06-12T10:17:44+00:00\" \/>\n<meta property=\"og:image\" content=\"https:\/\/amrtop.net\/wp-content\/uploads\/2022\/06\/dpr2509.jpg\" \/>\n\t<meta property=\"og:image:width\" content=\"640\" \/>\n\t<meta property=\"og:image:height\" content=\"640\" \/>\n\t<meta property=\"og:image:type\" content=\"image\/jpeg\" \/>\n<meta name=\"twitter:card\" content=\"summary_large_image\" \/>\n<meta name=\"twitter:label1\" content=\"Tiempo de lectura\" \/>\n\t<meta name=\"twitter:data1\" content=\"2 minutos\" \/>\n<script type=\"application\/ld+json\" class=\"yoast-schema-graph\">{\"@context\":\"https:\\\/\\\/schema.org\",\"@graph\":[{\"@type\":\"WebPage\",\"@id\":\"https:\\\/\\\/amrtop.net\\\/produit\\\/dpr2509-coude-a-15\\\/\",\"url\":\"https:\\\/\\\/amrtop.net\\\/produit\\\/dpr2509-coude-a-15\\\/\",\"name\":\"Coude \u00e0 15\u00b0\u00a0double paroi cuivre-isol\u00e9\u00a0DPC25\",\"isPartOf\":{\"@id\":\"https:\\\/\\\/amrtop.net\\\/#website\"},\"primaryImageOfPage\":{\"@id\":\"https:\\\/\\\/amrtop.net\\\/produit\\\/dpr2509-coude-a-15\\\/#primaryimage\"},\"image\":{\"@id\":\"https:\\\/\\\/amrtop.net\\\/produit\\\/dpr2509-coude-a-15\\\/#primaryimage\"},\"thumbnailUrl\":\"https:\\\/\\\/amrtop.net\\\/wp-content\\\/uploads\\\/2022\\\/06\\\/dpr2509.jpg\",\"datePublished\":\"2022-06-03T09:02:08+00:00\",\"dateModified\":\"2023-06-12T10:17:44+00:00\",\"description\":\"Coude \u00e0 15\u00b0\u00a0double paroi cuivre-isol\u00e9\u00a0DPC25 - Syst\u00e8me - Conduit de chemin\u00e9e ou conduit de chemin\u00e9e \u00e0 double paroi isol\u00e9 \u00e9paisseur 10 ou 25 mm en laine de roche int\u00e9rieure en acier 316 L et ext\u00e9rieur en acier 304 rev\u00eatement ext\u00e9rieur en acier - cuivre - peint en noir.\",\"breadcrumb\":{\"@id\":\"https:\\\/\\\/amrtop.net\\\/produit\\\/dpr2509-coude-a-15\\\/#breadcrumb\"},\"inLanguage\":\"es\",\"potentialAction\":[{\"@type\":\"ReadAction\",\"target\":[\"https:\\\/\\\/amrtop.net\\\/produit\\\/dpr2509-coude-a-15\\\/\"]}]},{\"@type\":\"ImageObject\",\"inLanguage\":\"es\",\"@id\":\"https:\\\/\\\/amrtop.net\\\/produit\\\/dpr2509-coude-a-15\\\/#primaryimage\",\"url\":\"https:\\\/\\\/amrtop.net\\\/wp-content\\\/uploads\\\/2022\\\/06\\\/dpr2509.jpg\",\"contentUrl\":\"https:\\\/\\\/amrtop.net\\\/wp-content\\\/uploads\\\/2022\\\/06\\\/dpr2509.jpg\",\"width\":640,\"height\":640,\"caption\":\"Coude \u00e0 15\u00b0\u00a0double paroi cuivre-isol\u00e9\u00a0DPC25 - Syst\u00e8me - Conduit de chemin\u00e9e ou conduit de chemin\u00e9e \u00e0 double paroi isol\u00e9 \u00e9paisseur 10 ou 25 mm en laine de roche int\u00e9rieure en acier 316 L et ext\u00e9rieur en acier 304 rev\u00eatement ext\u00e9rieur en acier - cuivre - peint en noir.\"},{\"@type\":\"BreadcrumbList\",\"@id\":\"https:\\\/\\\/amrtop.net\\\/produit\\\/dpr2509-coude-a-15\\\/#breadcrumb\",\"itemListElement\":[{\"@type\":\"ListItem\",\"position\":1,\"name\":\"Home\",\"item\":\"https:\\\/\\\/amrtop.net\\\/\"},{\"@type\":\"ListItem\",\"position\":2,\"name\":\"Shop\",\"item\":\"https:\\\/\\\/amrtop.net\\\/negozio\\\/\"},{\"@type\":\"ListItem\",\"position\":3,\"name\":\"DPR2509&#8230; &#8211; Coude \u00e0 15\u00b0\"}]},{\"@type\":\"WebSite\",\"@id\":\"https:\\\/\\\/amrtop.net\\\/#website\",\"url\":\"https:\\\/\\\/amrtop.net\\\/\",\"name\":\"AMRTOP B2B \u00c9tranger - Achats r\u00e9serv\u00e9s au professionnel\",\"description\":\"Pi\u00e8ces de rechange et accessoires pour po\u00eales et chaudi\u00e8res - eCommerce B2B pour Clients Professionnels\",\"potentialAction\":[{\"@type\":\"SearchAction\",\"target\":{\"@type\":\"EntryPoint\",\"urlTemplate\":\"https:\\\/\\\/amrtop.net\\\/?s={search_term_string}\"},\"query-input\":{\"@type\":\"PropertyValueSpecification\",\"valueRequired\":true,\"valueName\":\"search_term_string\"}}],\"inLanguage\":\"es\"}]}<\/script>\n<!-- \/ Yoast SEO plugin. -->","yoast_head_json":{"title":"Codo de 15\u00b0 de doble pared con aislamiento de cobre DPC25","description":"Codo aislado de cobre de doble pared de 15\u00b0 DPC25 - Sistema - Conducto de humos o conducto de humos aislado de doble pared, espesor 10 o 25 mm, con revestimiento interior de lana de roca de acero 316 L y revestimiento exterior de acero 304 - cobre - pintado de negro.","robots":{"index":"index","follow":"follow","max-snippet":"max-snippet:-1","max-image-preview":"max-image-preview:large","max-video-preview":"max-video-preview:-1"},"canonical":"https:\/\/amrtop.net\/es\/producto\/dpr2509-codo-15\/","og_locale":"es_ES","og_type":"article","og_title":"Coude \u00e0 15\u00b0\u00a0double paroi cuivre-isol\u00e9\u00a0DPC25","og_description":"Coude \u00e0 15\u00b0\u00a0double paroi cuivre-isol\u00e9\u00a0DPC25 - Syst\u00e8me - Conduit de chemin\u00e9e ou conduit de chemin\u00e9e \u00e0 double paroi isol\u00e9 \u00e9paisseur 10 ou 25 mm en laine de roche int\u00e9rieure en acier 316 L et ext\u00e9rieur en acier 304 rev\u00eatement ext\u00e9rieur en acier - cuivre - peint en noir.","og_url":"https:\/\/amrtop.net\/es\/producto\/dpr2509-codo-15\/","og_site_name":"AMRTOP B2B \u00c9tranger - Achats r\u00e9serv\u00e9s au professionnel","article_modified_time":"2023-06-12T10:17:44+00:00","og_image":[{"width":640,"height":640,"url":"https:\/\/amrtop.net\/wp-content\/uploads\/2022\/06\/dpr2509.jpg","type":"image\/jpeg"}],"twitter_card":"summary_large_image","twitter_misc":{"Tiempo de lectura":"2 minutos"},"schema":{"@context":"https:\/\/schema.org","@graph":[{"@type":"WebPage","@id":"https:\/\/amrtop.net\/produit\/dpr2509-coude-a-15\/","url":"https:\/\/amrtop.net\/produit\/dpr2509-coude-a-15\/","name":"Codo de 15\u00b0 de doble pared con aislamiento de cobre DPC25","isPartOf":{"@id":"https:\/\/amrtop.net\/#website"},"primaryImageOfPage":{"@id":"https:\/\/amrtop.net\/produit\/dpr2509-coude-a-15\/#primaryimage"},"image":{"@id":"https:\/\/amrtop.net\/produit\/dpr2509-coude-a-15\/#primaryimage"},"thumbnailUrl":"https:\/\/amrtop.net\/wp-content\/uploads\/2022\/06\/dpr2509.jpg","datePublished":"2022-06-03T09:02:08+00:00","dateModified":"2023-06-12T10:17:44+00:00","description":"Codo aislado de cobre de doble pared de 15\u00b0 DPC25 - Sistema - Conducto de humos o conducto de humos aislado de doble pared, espesor 10 o 25 mm, con revestimiento interior de lana de roca de acero 316 L y revestimiento exterior de acero 304 - cobre - pintado de negro.","breadcrumb":{"@id":"https:\/\/amrtop.net\/produit\/dpr2509-coude-a-15\/#breadcrumb"},"inLanguage":"es","potentialAction":[{"@type":"ReadAction","target":["https:\/\/amrtop.net\/produit\/dpr2509-coude-a-15\/"]}]},{"@type":"ImageObject","inLanguage":"es","@id":"https:\/\/amrtop.net\/produit\/dpr2509-coude-a-15\/#primaryimage","url":"https:\/\/amrtop.net\/wp-content\/uploads\/2022\/06\/dpr2509.jpg","contentUrl":"https:\/\/amrtop.net\/wp-content\/uploads\/2022\/06\/dpr2509.jpg","width":640,"height":640,"caption":"Coude \u00e0 15\u00b0\u00a0double paroi cuivre-isol\u00e9\u00a0DPC25 - Syst\u00e8me - Conduit de chemin\u00e9e ou conduit de chemin\u00e9e \u00e0 double paroi isol\u00e9 \u00e9paisseur 10 ou 25 mm en laine de roche int\u00e9rieure en acier 316 L et ext\u00e9rieur en acier 304 rev\u00eatement ext\u00e9rieur en acier - cuivre - peint en noir."},{"@type":"BreadcrumbList","@id":"https:\/\/amrtop.net\/produit\/dpr2509-coude-a-15\/#breadcrumb","itemListElement":[{"@type":"ListItem","position":1,"name":"Home","item":"https:\/\/amrtop.net\/"},{"@type":"ListItem","position":2,"name":"Shop","item":"https:\/\/amrtop.net\/negozio\/"},{"@type":"ListItem","position":3,"name":"DPR2509&#8230; &#8211; Coude \u00e0 15\u00b0"}]},{"@type":"WebSite","@id":"https:\/\/amrtop.net\/#website","url":"https:\/\/amrtop.net\/","name":"AMRTOP B2B Abroad - Compras reservadas a los profesionales","description":"Recambios y accesorios para estufas y calderas - Comercio electr\u00f3nico B2B para profesionales","potentialAction":[{"@type":"SearchAction","target":{"@type":"EntryPoint","urlTemplate":"https:\/\/amrtop.net\/?s={search_term_string}"},"query-input":{"@type":"PropertyValueSpecification","valueRequired":true,"valueName":"search_term_string"}}],"inLanguage":"es"}]}},"_links":{"self":[{"href":"https:\/\/amrtop.net\/es\/wp-json\/wp\/v2\/product\/28198","targetHints":{"allow":["GET"]}}],"collection":[{"href":"https:\/\/amrtop.net\/es\/wp-json\/wp\/v2\/product"}],"about":[{"href":"https:\/\/amrtop.net\/es\/wp-json\/wp\/v2\/types\/product"}],"replies":[{"embeddable":true,"href":"https:\/\/amrtop.net\/es\/wp-json\/wp\/v2\/comments?post=28198"}],"wp:featuredmedia":[{"embeddable":true,"href":"https:\/\/amrtop.net\/es\/wp-json\/wp\/v2\/media\/32131"}],"wp:attachment":[{"href":"https:\/\/amrtop.net\/es\/wp-json\/wp\/v2\/media?parent=28198"}],"wp:term":[{"taxonomy":"product_brand","embeddable":true,"href":"https:\/\/amrtop.net\/es\/wp-json\/wp\/v2\/product_brand?post=28198"},{"taxonomy":"product_cat","embeddable":true,"href":"https:\/\/amrtop.net\/es\/wp-json\/wp\/v2\/product_cat?post=28198"},{"taxonomy":"product_tag","embeddable":true,"href":"https:\/\/amrtop.net\/es\/wp-json\/wp\/v2\/product_tag?post=28198"}],"curies":[{"name":"wp","href":"https:\/\/api.w.org\/{rel}","templated":true}]}}