{"id":29462,"date":"2022-06-06T09:06:36","date_gmt":"2022-06-06T09:06:36","guid":{"rendered":"https:\/\/amrtop.com\/B2B\/?post_type=product&#038;p=29462"},"modified":"2023-06-15T12:23:49","modified_gmt":"2023-06-15T12:23:49","slug":"dpac21-terminal-resistente-a-la-intemperie","status":"publish","type":"product","link":"https:\/\/amrtop.net\/es\/produit\/dpac21-terminal-anti-intemperies\/","title":{"rendered":"DPAC21... - Terminal resistente a la intemperie"},"content":{"rendered":"<h3><strong>DPAC10 terminal arabizado de doble pared resistente a la intemperie<\/strong><\/h3>\n<p>CONDUCTO DE HUMOS DE DOBLE PARED CON C\u00c1MARA DE AIRE DE ACERO INOXIDABLE AISI INTERIOR 316 L EXTERIOR 304 ARABESCATO - ABERTURA DE 10 MM<\/p>\n<h3><strong>Tubo arabesco exterior aislado por aire<\/strong><\/h3>\n<p>El sistema de aire de doble pared DPAC10 est\u00e1 formado por elementos modulares r\u00edgidos con acabado pulido BA, fabricados con una pared interior de acero inoxidable austen\u00edtico AISI 316L BA (EN 1.4404) con un espesor m\u00ednimo de 0,4 mm y una pared exterior de acero \u00e1rabe que cumple las normas exigidas para el marcado de acuerdo con la norma EN 1856\/1-2.<\/p>\n<p>El aislamiento est\u00e1 provisto de una \"c\u00e1mara de aire\" est\u00e1tica de 10 mm de grosor. Los elementos<br \/>\nLos contenedores modulares tienen un injerto cl\u00e1sico de vaso macho-hembra calibrado para ambas paredes, con una junta de triple labio para insertar en la pared interior, conforme a la norma europea EN 14241-1, y montaje mec\u00e1nico con brida de seguridad.<\/p>\n<h3><strong>Aplicaci\u00f3n<\/strong><\/h3>\n<p>Instalaci\u00f3n interior o exterior<\/p>\n<h3><strong>Uso del terminal DPAC10 de doble pared arabizado resistente a la intemperie<\/strong><\/h3>\n<p>Conductos, humeros, chimeneas met\u00e1licas, emisiones de aire de generadores de calor atmosf\u00e9ricos, presurizados, de aire forzado, tradicionales o de condensaci\u00f3n, campanas de cocina industriales o dom\u00e9sticas, estufas de pellets.<\/p>\n<p><strong>Di\u00e1metros disponibles - mm 60\/80 A PETICI\u00d3N<\/strong><\/p>\n<p>80\/100 &#8211; 100\/120 &#8211; 130\/150 &#8211; 160\/180 &#8211; 180\/200 &#8211; 200\/220<\/p>\n<p><strong>230\/250 A PETICI\u00d3N - Di\u00e1metro 250\/270 disponible A PETICI\u00d3N<\/strong><\/p>\n<p><strong>Gama de sistemas de humo AMR TOP\u00a0\u00a0\u00a0\u00a0\u00a0\u00a0 <\/strong><\/p>\n<p><a href=\"https:\/\/amrtop.net\/es\/categoria-de-productos\/conductos-de-humo-2\/tuyaux-flexibles-en-acier-inoxydable\/\"><strong>TOP FLEX SP - Tubos flexibles de acero inoxidable corrugados de pared simple y doble<\/strong><\/a><\/p>\n<p><a href=\"https:\/\/amrtop.net\/es\/categoria-de-productos\/conductos-de-humo-2\/tube-rigide-monoparete-en-acier-inoxydable\/\"><strong>SP - Tubo r\u00edgido de pared simple de acero inoxidable AISI 316L<\/strong><\/a><\/p>\n<p><a href=\"https:\/\/amrtop.net\/es\/categoria-de-productos\/conductos-de-humo-2\/tube-flexible-inox-aisi-316-l-interieur-lisse-isole\/\"><strong>ISOTOP FLEX - Tubo flexible interior liso aislado de acero inoxidable AISI 316L \u00a0<\/strong><\/a><\/p>\n<p><a href=\"https:\/\/amrtop.net\/es\/categoria-de-productos\/conductos-de-humo-2\/dp-air-tube-double-paroi-inox-a-chambre-dair\/\"><strong>DP AIR - Tubo de acero inoxidable de doble pared con c\u00e1mara de aire<\/strong><\/a><\/p>\n<p><a href=\"https:\/\/amrtop.net\/es\/categoria-de-productos\/conductos-de-humo-2\/tube-coaxial-inox\/\"><strong>DP - Tubo aislado de doble pared 10 mm - 25 mm<\/strong><\/a><\/p>\n<p><a href=\"https:\/\/amrtop.net\/es\/categoria-de-productos\/conductos-de-humo-2\/tube-coaxial-inox\/\"><strong>COAX TOP - Tubo coaxial de acero inoxidable en PPS y PPS\/acero inoxidable<\/strong><\/a><\/p>\n<p><a href=\"https:\/\/amrtop.net\/es\/categoria-de-productos\/conductos-de-humo-2\/tuyau-coaxial-inox-inox-black\/\"><strong>COAX PELLET - Tubo coaxial de acero inoxidable<\/strong><\/a><\/p>\n<p><strong><a href=\"https:\/\/amrtop.net\/es\/categoria-de-productos\/conductos-de-humo-2\/conduits-de-fumee-des-appareils-a-biomasse\/\">BIOM TOP - Tubos para estufas de pellets y le\u00f1a<\/a><\/strong><\/p>\n<h3><strong><a href=\"https:\/\/amrtop.net\/es\/categoria-de-productos\/conductos-de-humo-2\/alutop-tube-en-aluminium-flexible-extensible\/\">ALU TOP - Tubos de aluminio estirables<\/a><\/strong><\/h3>","protected":false},"excerpt":{"rendered":"<p>Terminal anti-intemp\u00e9ries double paroi arabis\u00e9e DPAC10 CONDUIT DE CHEMIN\u00c9E \u00c0 DOUBLE PAROI \u00c0 CHAMBRE \u00c0 AIR EN ACIER INOX AISI INT\u00c9RIEUR 316 L EXT\u00c9RIEUR 304 ARABESCATO \u2013 ESPACE DE 10 MM Tube isol\u00e9-air externe en arabesque Le syst\u00e8me double paroi air DPAC10 est compos\u00e9 par des \u00e9l\u00e9ments modulaires rigides avec finition polie BA, fabriqu\u00e9s avec [&hellip;]<\/p>\n","protected":false},"featured_media":32383,"comment_status":"open","ping_status":"closed","template":"","meta":[],"product_brand":[],"product_cat":[1541],"product_tag":[],"class_list":{"0":"post-29462","1":"product","2":"type-product","3":"status-publish","4":"has-post-thumbnail","6":"product_cat-tube-double-paroi-en-acier-inoxydable-a-chambre-a-air-exterieur-en-arabesque","8":"first","9":"instock","10":"shipping-taxable","11":"purchasable","12":"product-type-variable"},"yoast_head":"<!-- This site is optimized with the Yoast SEO plugin v27.4 - https:\/\/yoast.com\/product\/yoast-seo-wordpress\/ -->\n<title>Terminal anti-intemp\u00e9ries double paroi arabis\u00e9e DPAC10<\/title>\n<meta name=\"description\" content=\"Terminal anti-intemp\u00e9ries double paroi arabis\u00e9e DPAC10 - Tuyau - Conduit de fum\u00e9e - Conduit de fum\u00e9e - Syst\u00e8me d\u2019extraction des fum\u00e9es en acier inoxydable paroi int\u00e9rieure en acier inoxydable aust\u00e9nitique AISI 316L \u00e9paisseur minimum 0,4 mm - paroi ext\u00e9rieure arabis\u00e9e - Isolation avec &quot;lame d\u2019air&quot; statique d\u2019\u00e9paisseur 10 mm embo\u00eet\u00e9 au b\u00e9lier aver\u00e9alis\u00e9e c joint d\u2019\u00e9tanch\u00e9it\u00e9 \u00e0 triple l\u00e8vre\" \/>\n<meta name=\"robots\" content=\"index, follow, max-snippet:-1, max-image-preview:large, max-video-preview:-1\" \/>\n<link rel=\"canonical\" href=\"https:\/\/amrtop.net\/es\/producto\/dpac21-terminal-resistente-a-la-intemperie\/\" \/>\n<meta property=\"og:locale\" content=\"es_ES\" \/>\n<meta property=\"og:type\" content=\"article\" \/>\n<meta property=\"og:title\" content=\"Terminal anti-intemp\u00e9ries double paroi arabis\u00e9e DPAC10\" \/>\n<meta property=\"og:description\" content=\"Terminal anti-intemp\u00e9ries double paroi arabis\u00e9e DPAC10 - Tuyau - Conduit de fum\u00e9e - Conduit de fum\u00e9e - Syst\u00e8me d\u2019extraction des fum\u00e9es en acier inoxydable paroi int\u00e9rieure en acier inoxydable aust\u00e9nitique AISI 316L \u00e9paisseur minimum 0,4 mm - paroi ext\u00e9rieure arabis\u00e9e - Isolation avec &quot;lame d\u2019air&quot; statique d\u2019\u00e9paisseur 10 mm embo\u00eet\u00e9 au b\u00e9lier aver\u00e9alis\u00e9e c joint d\u2019\u00e9tanch\u00e9it\u00e9 \u00e0 triple l\u00e8vre\" \/>\n<meta property=\"og:url\" content=\"https:\/\/amrtop.net\/es\/producto\/dpac21-terminal-resistente-a-la-intemperie\/\" \/>\n<meta property=\"og:site_name\" content=\"AMRTOP B2B \u00c9tranger - Achats r\u00e9serv\u00e9s au professionnel\" \/>\n<meta property=\"article:modified_time\" content=\"2023-06-15T12:23:49+00:00\" \/>\n<meta property=\"og:image\" content=\"https:\/\/amrtop.net\/wp-content\/uploads\/2022\/06\/dpac21.jpg\" \/>\n\t<meta property=\"og:image:width\" content=\"640\" \/>\n\t<meta property=\"og:image:height\" content=\"640\" \/>\n\t<meta property=\"og:image:type\" content=\"image\/jpeg\" \/>\n<meta name=\"twitter:card\" content=\"summary_large_image\" \/>\n<meta name=\"twitter:label1\" content=\"Tiempo de lectura\" \/>\n\t<meta name=\"twitter:data1\" content=\"2 minutos\" \/>\n<script type=\"application\/ld+json\" class=\"yoast-schema-graph\">{\"@context\":\"https:\\\/\\\/schema.org\",\"@graph\":[{\"@type\":\"WebPage\",\"@id\":\"https:\\\/\\\/amrtop.net\\\/produit\\\/dpac21-terminal-anti-intemperies\\\/\",\"url\":\"https:\\\/\\\/amrtop.net\\\/produit\\\/dpac21-terminal-anti-intemperies\\\/\",\"name\":\"Terminal anti-intemp\u00e9ries double paroi arabis\u00e9e DPAC10\",\"isPartOf\":{\"@id\":\"https:\\\/\\\/amrtop.net\\\/#website\"},\"primaryImageOfPage\":{\"@id\":\"https:\\\/\\\/amrtop.net\\\/produit\\\/dpac21-terminal-anti-intemperies\\\/#primaryimage\"},\"image\":{\"@id\":\"https:\\\/\\\/amrtop.net\\\/produit\\\/dpac21-terminal-anti-intemperies\\\/#primaryimage\"},\"thumbnailUrl\":\"https:\\\/\\\/amrtop.net\\\/wp-content\\\/uploads\\\/2022\\\/06\\\/dpac21.jpg\",\"datePublished\":\"2022-06-06T09:06:36+00:00\",\"dateModified\":\"2023-06-15T12:23:49+00:00\",\"description\":\"Terminal anti-intemp\u00e9ries double paroi arabis\u00e9e DPAC10 - Tuyau - Conduit de fum\u00e9e - Conduit de fum\u00e9e - Syst\u00e8me d\u2019extraction des fum\u00e9es en acier inoxydable paroi int\u00e9rieure en acier inoxydable aust\u00e9nitique AISI 316L \u00e9paisseur minimum 0,4 mm - paroi ext\u00e9rieure arabis\u00e9e - Isolation avec \\\"lame d\u2019air\\\" statique d\u2019\u00e9paisseur 10 mm embo\u00eet\u00e9 au b\u00e9lier aver\u00e9alis\u00e9e c joint d\u2019\u00e9tanch\u00e9it\u00e9 \u00e0 triple l\u00e8vre\",\"breadcrumb\":{\"@id\":\"https:\\\/\\\/amrtop.net\\\/produit\\\/dpac21-terminal-anti-intemperies\\\/#breadcrumb\"},\"inLanguage\":\"es\",\"potentialAction\":[{\"@type\":\"ReadAction\",\"target\":[\"https:\\\/\\\/amrtop.net\\\/produit\\\/dpac21-terminal-anti-intemperies\\\/\"]}]},{\"@type\":\"ImageObject\",\"inLanguage\":\"es\",\"@id\":\"https:\\\/\\\/amrtop.net\\\/produit\\\/dpac21-terminal-anti-intemperies\\\/#primaryimage\",\"url\":\"https:\\\/\\\/amrtop.net\\\/wp-content\\\/uploads\\\/2022\\\/06\\\/dpac21.jpg\",\"contentUrl\":\"https:\\\/\\\/amrtop.net\\\/wp-content\\\/uploads\\\/2022\\\/06\\\/dpac21.jpg\",\"width\":640,\"height\":640,\"caption\":\"Terminal anti-intemp\u00e9ries double paroi arabis\u00e9e DPAC10 - Tuyau - Conduit de fum\u00e9e - Conduit de fum\u00e9e - Syst\u00e8me d\u2019extraction des fum\u00e9es en acier inoxydable paroi int\u00e9rieure en acier inoxydable aust\u00e9nitique AISI 316L \u00e9paisseur minimum 0,4 mm - paroi ext\u00e9rieure arabis\u00e9e - Isolation avec \\\"lame d\u2019air\\\" statique d\u2019\u00e9paisseur 10 mm embo\u00eet\u00e9 au b\u00e9lier aver\u00e9alis\u00e9e c joint d\u2019\u00e9tanch\u00e9it\u00e9 \u00e0 triple l\u00e8vre\"},{\"@type\":\"BreadcrumbList\",\"@id\":\"https:\\\/\\\/amrtop.net\\\/produit\\\/dpac21-terminal-anti-intemperies\\\/#breadcrumb\",\"itemListElement\":[{\"@type\":\"ListItem\",\"position\":1,\"name\":\"Home\",\"item\":\"https:\\\/\\\/amrtop.net\\\/\"},{\"@type\":\"ListItem\",\"position\":2,\"name\":\"Shop\",\"item\":\"https:\\\/\\\/amrtop.net\\\/negozio\\\/\"},{\"@type\":\"ListItem\",\"position\":3,\"name\":\"DPAC21&#8230; &#8211; Terminal anti-intemp\u00e9ries\"}]},{\"@type\":\"WebSite\",\"@id\":\"https:\\\/\\\/amrtop.net\\\/#website\",\"url\":\"https:\\\/\\\/amrtop.net\\\/\",\"name\":\"AMRTOP B2B \u00c9tranger - Achats r\u00e9serv\u00e9s au professionnel\",\"description\":\"Pi\u00e8ces de rechange et accessoires pour po\u00eales et chaudi\u00e8res - eCommerce B2B pour Clients Professionnels\",\"potentialAction\":[{\"@type\":\"SearchAction\",\"target\":{\"@type\":\"EntryPoint\",\"urlTemplate\":\"https:\\\/\\\/amrtop.net\\\/?s={search_term_string}\"},\"query-input\":{\"@type\":\"PropertyValueSpecification\",\"valueRequired\":true,\"valueName\":\"search_term_string\"}}],\"inLanguage\":\"es\"}]}<\/script>\n<!-- \/ Yoast SEO plugin. -->","yoast_head_json":{"title":"DPAC10 terminal arabizado de doble pared resistente a la intemperie","description":"Terminal de doble pared arabizada DPAC10 - Tubo - Conducto de humos - Sistema de extracci\u00f3n de humos en acero inoxidable - Pared interior en acero inoxidable austen\u00edtico AISI 316L espesor m\u00ednimo 0,4 mm - Pared exterior arabizada - Aislamiento con \"c\u00e1mara de aire\" est\u00e1tica de 10 mm de espesor montada en el ram aver\u00e9alis\u00e9e c junta de triple labio","robots":{"index":"index","follow":"follow","max-snippet":"max-snippet:-1","max-image-preview":"max-image-preview:large","max-video-preview":"max-video-preview:-1"},"canonical":"https:\/\/amrtop.net\/es\/producto\/dpac21-terminal-resistente-a-la-intemperie\/","og_locale":"es_ES","og_type":"article","og_title":"Terminal anti-intemp\u00e9ries double paroi arabis\u00e9e DPAC10","og_description":"Terminal anti-intemp\u00e9ries double paroi arabis\u00e9e DPAC10 - Tuyau - Conduit de fum\u00e9e - Conduit de fum\u00e9e - Syst\u00e8me d\u2019extraction des fum\u00e9es en acier inoxydable paroi int\u00e9rieure en acier inoxydable aust\u00e9nitique AISI 316L \u00e9paisseur minimum 0,4 mm - paroi ext\u00e9rieure arabis\u00e9e - Isolation avec \"lame d\u2019air\" statique d\u2019\u00e9paisseur 10 mm embo\u00eet\u00e9 au b\u00e9lier aver\u00e9alis\u00e9e c joint d\u2019\u00e9tanch\u00e9it\u00e9 \u00e0 triple l\u00e8vre","og_url":"https:\/\/amrtop.net\/es\/producto\/dpac21-terminal-resistente-a-la-intemperie\/","og_site_name":"AMRTOP B2B \u00c9tranger - Achats r\u00e9serv\u00e9s au professionnel","article_modified_time":"2023-06-15T12:23:49+00:00","og_image":[{"width":640,"height":640,"url":"https:\/\/amrtop.net\/wp-content\/uploads\/2022\/06\/dpac21.jpg","type":"image\/jpeg"}],"twitter_card":"summary_large_image","twitter_misc":{"Tiempo de lectura":"2 minutos"},"schema":{"@context":"https:\/\/schema.org","@graph":[{"@type":"WebPage","@id":"https:\/\/amrtop.net\/produit\/dpac21-terminal-anti-intemperies\/","url":"https:\/\/amrtop.net\/produit\/dpac21-terminal-anti-intemperies\/","name":"DPAC10 terminal arabizado de doble pared resistente a la intemperie","isPartOf":{"@id":"https:\/\/amrtop.net\/#website"},"primaryImageOfPage":{"@id":"https:\/\/amrtop.net\/produit\/dpac21-terminal-anti-intemperies\/#primaryimage"},"image":{"@id":"https:\/\/amrtop.net\/produit\/dpac21-terminal-anti-intemperies\/#primaryimage"},"thumbnailUrl":"https:\/\/amrtop.net\/wp-content\/uploads\/2022\/06\/dpac21.jpg","datePublished":"2022-06-06T09:06:36+00:00","dateModified":"2023-06-15T12:23:49+00:00","description":"Terminal de doble pared arabizada DPAC10 - Tubo - Conducto de humos - Sistema de extracci\u00f3n de humos en acero inoxidable - Pared interior en acero inoxidable austen\u00edtico AISI 316L espesor m\u00ednimo 0,4 mm - Pared exterior arabizada - Aislamiento con \"c\u00e1mara de aire\" est\u00e1tica de 10 mm de espesor montada en el ram aver\u00e9alis\u00e9e c junta de triple labio","breadcrumb":{"@id":"https:\/\/amrtop.net\/produit\/dpac21-terminal-anti-intemperies\/#breadcrumb"},"inLanguage":"es","potentialAction":[{"@type":"ReadAction","target":["https:\/\/amrtop.net\/produit\/dpac21-terminal-anti-intemperies\/"]}]},{"@type":"ImageObject","inLanguage":"es","@id":"https:\/\/amrtop.net\/produit\/dpac21-terminal-anti-intemperies\/#primaryimage","url":"https:\/\/amrtop.net\/wp-content\/uploads\/2022\/06\/dpac21.jpg","contentUrl":"https:\/\/amrtop.net\/wp-content\/uploads\/2022\/06\/dpac21.jpg","width":640,"height":640,"caption":"Terminal anti-intemp\u00e9ries double paroi arabis\u00e9e DPAC10 - Tuyau - Conduit de fum\u00e9e - Conduit de fum\u00e9e - Syst\u00e8me d\u2019extraction des fum\u00e9es en acier inoxydable paroi int\u00e9rieure en acier inoxydable aust\u00e9nitique AISI 316L \u00e9paisseur minimum 0,4 mm - paroi ext\u00e9rieure arabis\u00e9e - Isolation avec \"lame d\u2019air\" statique d\u2019\u00e9paisseur 10 mm embo\u00eet\u00e9 au b\u00e9lier aver\u00e9alis\u00e9e c joint d\u2019\u00e9tanch\u00e9it\u00e9 \u00e0 triple l\u00e8vre"},{"@type":"BreadcrumbList","@id":"https:\/\/amrtop.net\/produit\/dpac21-terminal-anti-intemperies\/#breadcrumb","itemListElement":[{"@type":"ListItem","position":1,"name":"Home","item":"https:\/\/amrtop.net\/"},{"@type":"ListItem","position":2,"name":"Shop","item":"https:\/\/amrtop.net\/negozio\/"},{"@type":"ListItem","position":3,"name":"DPAC21&#8230; &#8211; Terminal anti-intemp\u00e9ries"}]},{"@type":"WebSite","@id":"https:\/\/amrtop.net\/#website","url":"https:\/\/amrtop.net\/","name":"AMRTOP B2B Abroad - Compras reservadas a los profesionales","description":"Recambios y accesorios para estufas y calderas - Comercio electr\u00f3nico B2B para profesionales","potentialAction":[{"@type":"SearchAction","target":{"@type":"EntryPoint","urlTemplate":"https:\/\/amrtop.net\/?s={search_term_string}"},"query-input":{"@type":"PropertyValueSpecification","valueRequired":true,"valueName":"search_term_string"}}],"inLanguage":"es"}]}},"_links":{"self":[{"href":"https:\/\/amrtop.net\/es\/wp-json\/wp\/v2\/product\/29462","targetHints":{"allow":["GET"]}}],"collection":[{"href":"https:\/\/amrtop.net\/es\/wp-json\/wp\/v2\/product"}],"about":[{"href":"https:\/\/amrtop.net\/es\/wp-json\/wp\/v2\/types\/product"}],"replies":[{"embeddable":true,"href":"https:\/\/amrtop.net\/es\/wp-json\/wp\/v2\/comments?post=29462"}],"wp:featuredmedia":[{"embeddable":true,"href":"https:\/\/amrtop.net\/es\/wp-json\/wp\/v2\/media\/32383"}],"wp:attachment":[{"href":"https:\/\/amrtop.net\/es\/wp-json\/wp\/v2\/media?parent=29462"}],"wp:term":[{"taxonomy":"product_brand","embeddable":true,"href":"https:\/\/amrtop.net\/es\/wp-json\/wp\/v2\/product_brand?post=29462"},{"taxonomy":"product_cat","embeddable":true,"href":"https:\/\/amrtop.net\/es\/wp-json\/wp\/v2\/product_cat?post=29462"},{"taxonomy":"product_tag","embeddable":true,"href":"https:\/\/amrtop.net\/es\/wp-json\/wp\/v2\/product_tag?post=29462"}],"curies":[{"name":"wp","href":"https:\/\/api.w.org\/{rel}","templated":true}]}}