{"id":29922,"date":"2022-06-06T14:33:31","date_gmt":"2022-06-06T14:33:31","guid":{"rendered":"https:\/\/amrtop.com\/B2B\/?post_type=product&#038;p=29922"},"modified":"2023-06-13T14:52:16","modified_gmt":"2023-06-13T14:52:16","slug":"tubo-flessibile-monoparete-coibentato","status":"publish","type":"product","link":"https:\/\/amrtop.net\/es\/produit\/tubo-flessibile-monoparete-coibentato\/","title":{"rendered":"SPF601... - Manguera flexible de pared simple en AISI 316L"},"content":{"rendered":"<h3>Tuyau flexible simple paroi<\/h3>\n<p>Los accesorios para mangueras flexibles son compatibles con toda la gama TOP FLEX.<\/p>\n<h3>Tubos flexibles de acero inoxidable<strong>\u00a0<\/strong><\/h3>\n<p>Le syst\u00e8me TOP FLEX est id\u00e9al pour les assainisseurs de caves et de compartiments techniques difficiles \u00e0 traiter avec d\u2019autres syst\u00e8mes. C\u2019est un syst\u00e8me flexible \u00e0 double paroi avec int\u00e9rieur lisse, r\u00e9alis\u00e9 en acier inox aust\u00e9nitique AISI 316L BA (1.4404), avec une \u00e9paisseur minimale de 0,10 mm, conforme aux normes pr\u00e9vues par le marquage europ\u00e9en selon la norme EN 1856-2. TOP FLEX est compatible avec tous les produits gr\u00e2ce \u00e0 une large gamme de raccords de jonction pour chaque exigence de chantier.<\/p>\n<h3>Referencia reglamentaria y designaci\u00f3n<\/h3>\n<p>Marcado del producto conforme a la norma europea: EN 1856-2.<\/p>\n<h3>Uso de mangueras flexibles de acero inoxidable:<\/h3>\n<p>Sistemas de humos met\u00e1licos flexibles, chimeneas met\u00e1licas flexibles, vapores de aire, controlados por generadores de calor atmosf\u00e9ricos, presurizados, de aire forzado o tradicionales, campanas para uso industrial o dom\u00e9stico, estufas de le\u00f1a, chimeneas, estufas de pellets.<\/p>\n<h3>Di\u00e1metros disponibles - mm<\/h3>\n<p>50 - 60 - 80 - 100 - 110 - 120 - 125 - 130 - 140 - 150 - 155 - 160 - 175 - 180 - 200 - 220 - 225 - 230 - 250 - 280 - 300 - 350 - 400<br \/>\nLas series SP TOP FLEX 316, DP TOP FLEX 904, SP TOP FLEX 304, DP TOP FLEX 304 s\u00f3lo est\u00e1n disponibles bajo pedido.<\/p>\n<h3>Embalaje:<\/h3>\n<p>Las mangueras flexibles de acero inoxidable de doble pared interna lisa AISI 316L est\u00e1n disponibles en carretes, cajas americanas, dispensadores y por metros.<br \/>\nDisponible bajo pedido para todos los di\u00e1metros a partir de 0,12 mm de grosor para 20% plus<\/p>\n<h3><strong>Interior<\/strong><\/h3>\n<p><a href=\"https:\/\/wekos.it\/\">Estufas, cocinas y cocinas de le\u00f1a<\/a>\u00a0-\u00a0<a href=\"https:\/\/www.greenpuros.com\/\">chimeneas, estufas y calderas de pellets.<\/a><\/p>\n<p><strong>Gama de sistemas de humo AMR TOP\u00a0\u00a0\u00a0\u00a0\u00a0\u00a0<\/strong><strong>\u00a0 \u00a0 \u00a0 \u00a0 \u00a0 \u00a0 \u00a0 \u00a0 \u00a0 \u00a0 \u00a0 \u00a0 \u00a0 \u00a0 \u00a0 \u00a0 \u00a0 \u00a0 \u00a0 \u00a0 \u00a0 \u00a0 \u00a0 \u00a0 \u00a0 \u00a0 \u00a0 \u00a0 \u00a0 \u00a0 \u00a0 \u00a0 \u00a0 \u00a0 \u00a0 \u00a0 \u00a0 \u00a0 \u00a0 \u00a0 \u00a0 \u00a0 \u00a0 \u00a0 \u00a0 \u00a0 \u00a0 \u00a0 \u00a0 \u00a0<\/strong><\/p>\n<p><a href=\"https:\/\/amrtop.net\/es\/categoria-de-productos\/conductos-de-humo-2\/tuyaux-flexibles-en-acier-inoxydable\/\"><strong>TOP FLEX SP - Tubos flexibles de acero inoxidable corrugados de pared simple y doble<\/strong><\/a><\/p>\n<p><a href=\"https:\/\/amrtop.net\/es\/categoria-de-productos\/conductos-de-humo-2\/tube-rigide-monoparete-en-acier-inoxydable\/\"><strong>SP - Tubo r\u00edgido de pared simple de acero inoxidable AISI 316L<\/strong><\/a><\/p>\n<p><strong><u><a href=\"https:\/\/amrtop.net\/es\/categoria-de-productos\/conductos-de-humo-2\/tube-flexible-inox-aisi-316-l-interieur-lisse-isole\/\">ISOTOP FLEX - Tubo flexible interior liso aislado de acero inoxidable AISI 316L \u00a0<\/a><\/u><\/strong><\/p>\n<p><strong><u><a href=\"https:\/\/amrtop.net\/es\/categoria-de-productos\/conductos-de-humo-2\/dp-air-tube-double-paroi-inox-a-chambre-dair\/\">DP AIR - Tubo de acero inoxidable de doble pared con c\u00e1mara de aire<\/a><\/u><\/strong><\/p>\n<p><strong><u><a href=\"https:\/\/amrtop.net\/es\/categoria-de-productos\/conductos-de-humo-2\/tube-coaxial-inox\/\">DP - Tubo aislado de doble pared 10 mm - 25 mm<\/a><\/u><\/strong><\/p>\n<p><strong><a href=\"https:\/\/amrtop.net\/es\/categoria-de-productos\/conductos-de-humo-2\/tube-coaxial-inox\/\">COAX TOP - Tubo coaxial de acero inoxidable en PPS y PPS\/acero inoxidable<\/a><\/strong><\/p>\n<p><strong><u><a href=\"https:\/\/amrtop.net\/es\/categoria-de-productos\/conductos-de-humo-2\/tuyau-coaxial-inox-inox-black\/\">COAX PELLET - Tubo coaxial de acero inoxidable<\/a><\/u><\/strong><\/p>\n<p><strong><u><a href=\"https:\/\/amrtop.net\/es\/categoria-de-productos\/conductos-de-humo-2\/conduits-de-fumee-des-appareils-a-biomasse\/\">BIOM TOP - Tubos para estufas de pellets y le\u00f1a<\/a><\/u><\/strong><\/p>\n<p><strong><u><a href=\"https:\/\/amrtop.net\/es\/categoria-de-productos\/conductos-de-humo-2\/alutop-tube-en-aluminium-flexible-extensible\/\">ALU TOP - Tubo de aluminio flexible extensible<\/a><\/u><\/strong><\/p>","protected":false},"excerpt":{"rendered":"<p>Tuyau flexible simple paroi Les accessoires pour tuyaux flexibles sont compatibles avec toute la gamme TOP FLEX. Tuyaux flexibles en acier inoxydable\u00a0 Le syst\u00e8me TOP FLEX est id\u00e9al pour les assainisseurs de caves et de compartiments techniques difficiles \u00e0 traiter avec d\u2019autres syst\u00e8mes. C\u2019est un syst\u00e8me flexible \u00e0 double paroi avec int\u00e9rieur lisse, r\u00e9alis\u00e9 en [&hellip;]<\/p>\n","protected":false},"featured_media":33483,"comment_status":"open","ping_status":"closed","template":"","meta":[],"product_brand":[],"product_cat":[1525,1524],"product_tag":[],"class_list":{"0":"post-29922","1":"product","2":"type-product","3":"status-publish","4":"has-post-thumbnail","6":"product_cat-sp-top-flex-316-tube-flexible-simple-paroi-en-aisi-316l","7":"product_cat-tuyaux-flexibles-en-acier-inoxydable","9":"first","10":"instock","11":"shipping-taxable","12":"purchasable","13":"product-type-variable"},"yoast_head":"<!-- This site is optimized with the Yoast SEO plugin v27.4 - https:\/\/yoast.com\/product\/yoast-seo-wordpress\/ -->\n<title>Tubo flessibile monoparete coibentato<\/title>\n<meta name=\"description\" content=\"Tubo flessibile monoparete coibentato \u00e8 ideale per i risanamenti di cavedi e vani tecnici difficili da trattare con altri sistemi.\" \/>\n<meta name=\"robots\" content=\"index, follow, max-snippet:-1, max-image-preview:large, max-video-preview:-1\" \/>\n<link rel=\"canonical\" href=\"https:\/\/amrtop.net\/es\/producto\/tubo-flessibile-monoparete-coibentato\/\" \/>\n<meta property=\"og:locale\" content=\"es_ES\" \/>\n<meta property=\"og:type\" content=\"article\" \/>\n<meta property=\"og:title\" content=\"Tubo flessibile monoparete coibentato\" \/>\n<meta property=\"og:description\" content=\"Tubo flessibile monoparete coibentato \u00e8 ideale per i risanamenti di cavedi e vani tecnici difficili da trattare con altri sistemi.\" \/>\n<meta property=\"og:url\" content=\"https:\/\/amrtop.net\/es\/producto\/tubo-flessibile-monoparete-coibentato\/\" \/>\n<meta property=\"og:site_name\" content=\"AMRTOP B2B \u00c9tranger - Achats r\u00e9serv\u00e9s au professionnel\" \/>\n<meta property=\"article:modified_time\" content=\"2023-06-13T14:52:16+00:00\" \/>\n<meta property=\"og:image\" content=\"https:\/\/amrtop.net\/wp-content\/uploads\/2022\/06\/spf601-1.jpg\" \/>\n\t<meta property=\"og:image:width\" content=\"640\" \/>\n\t<meta property=\"og:image:height\" content=\"640\" \/>\n\t<meta property=\"og:image:type\" content=\"image\/jpeg\" \/>\n<meta name=\"twitter:card\" content=\"summary_large_image\" \/>\n<meta name=\"twitter:label1\" content=\"Tiempo de lectura\" \/>\n\t<meta name=\"twitter:data1\" content=\"2 minutos\" \/>\n<script type=\"application\/ld+json\" class=\"yoast-schema-graph\">{\"@context\":\"https:\\\/\\\/schema.org\",\"@graph\":[{\"@type\":\"WebPage\",\"@id\":\"https:\\\/\\\/amrtop.net\\\/produit\\\/tubo-flessibile-monoparete-coibentato\\\/\",\"url\":\"https:\\\/\\\/amrtop.net\\\/produit\\\/tubo-flessibile-monoparete-coibentato\\\/\",\"name\":\"Tubo flessibile monoparete coibentato\",\"isPartOf\":{\"@id\":\"https:\\\/\\\/amrtop.net\\\/#website\"},\"primaryImageOfPage\":{\"@id\":\"https:\\\/\\\/amrtop.net\\\/produit\\\/tubo-flessibile-monoparete-coibentato\\\/#primaryimage\"},\"image\":{\"@id\":\"https:\\\/\\\/amrtop.net\\\/produit\\\/tubo-flessibile-monoparete-coibentato\\\/#primaryimage\"},\"thumbnailUrl\":\"https:\\\/\\\/amrtop.net\\\/wp-content\\\/uploads\\\/2022\\\/06\\\/spf601-1.jpg\",\"datePublished\":\"2022-06-06T14:33:31+00:00\",\"dateModified\":\"2023-06-13T14:52:16+00:00\",\"description\":\"Tubo flessibile monoparete coibentato \u00e8 ideale per i risanamenti di cavedi e vani tecnici difficili da trattare con altri sistemi.\",\"breadcrumb\":{\"@id\":\"https:\\\/\\\/amrtop.net\\\/produit\\\/tubo-flessibile-monoparete-coibentato\\\/#breadcrumb\"},\"inLanguage\":\"es\",\"potentialAction\":[{\"@type\":\"ReadAction\",\"target\":[\"https:\\\/\\\/amrtop.net\\\/produit\\\/tubo-flessibile-monoparete-coibentato\\\/\"]}]},{\"@type\":\"ImageObject\",\"inLanguage\":\"es\",\"@id\":\"https:\\\/\\\/amrtop.net\\\/produit\\\/tubo-flessibile-monoparete-coibentato\\\/#primaryimage\",\"url\":\"https:\\\/\\\/amrtop.net\\\/wp-content\\\/uploads\\\/2022\\\/06\\\/spf601-1.jpg\",\"contentUrl\":\"https:\\\/\\\/amrtop.net\\\/wp-content\\\/uploads\\\/2022\\\/06\\\/spf601-1.jpg\",\"width\":640,\"height\":640,\"caption\":\"Tube flexible simple paroi AISI 316L - Tuyau - Conduit de fum\u00e9e - Chemin\u00e9e - Syst\u00e8me d\u2019extraction de l\u2019air et des fum\u00e9es en mono et double paroi interne lisse et flexible dans divers diam\u00e8tres vendus au m\u00e8tre et en rouleaux avec bo\u00eete am\u00e9ricaine et dispencer avec \u00e9paisseur minimum de 0.10 mm en aciaio inox aisi 316L\u00a0-\u00a0304L\u00a0-\u00a0904L\"},{\"@type\":\"BreadcrumbList\",\"@id\":\"https:\\\/\\\/amrtop.net\\\/produit\\\/tubo-flessibile-monoparete-coibentato\\\/#breadcrumb\",\"itemListElement\":[{\"@type\":\"ListItem\",\"position\":1,\"name\":\"Home\",\"item\":\"https:\\\/\\\/amrtop.net\\\/\"},{\"@type\":\"ListItem\",\"position\":2,\"name\":\"Shop\",\"item\":\"https:\\\/\\\/amrtop.net\\\/negozio\\\/\"},{\"@type\":\"ListItem\",\"position\":3,\"name\":\"SPF601&#8230; &#8211; Tuyau flexible simple paroi en AISI 316L\"}]},{\"@type\":\"WebSite\",\"@id\":\"https:\\\/\\\/amrtop.net\\\/#website\",\"url\":\"https:\\\/\\\/amrtop.net\\\/\",\"name\":\"AMRTOP B2B \u00c9tranger - Achats r\u00e9serv\u00e9s au professionnel\",\"description\":\"Pi\u00e8ces de rechange et accessoires pour po\u00eales et chaudi\u00e8res - eCommerce B2B pour Clients Professionnels\",\"potentialAction\":[{\"@type\":\"SearchAction\",\"target\":{\"@type\":\"EntryPoint\",\"urlTemplate\":\"https:\\\/\\\/amrtop.net\\\/?s={search_term_string}\"},\"query-input\":{\"@type\":\"PropertyValueSpecification\",\"valueRequired\":true,\"valueName\":\"search_term_string\"}}],\"inLanguage\":\"es\"}]}<\/script>\n<!-- \/ Yoast SEO plugin. -->","yoast_head_json":{"title":"Tubo flessibile monoparete coibentato","description":"Tubo flessibile monoparete coibentato \u00e8 ideale per i risanamenti di cavedi e vani tecnici difficili da trattare con altri sistemi.","robots":{"index":"index","follow":"follow","max-snippet":"max-snippet:-1","max-image-preview":"max-image-preview:large","max-video-preview":"max-video-preview:-1"},"canonical":"https:\/\/amrtop.net\/es\/producto\/tubo-flessibile-monoparete-coibentato\/","og_locale":"es_ES","og_type":"article","og_title":"Tubo flessibile monoparete coibentato","og_description":"Tubo flessibile monoparete coibentato \u00e8 ideale per i risanamenti di cavedi e vani tecnici difficili da trattare con altri sistemi.","og_url":"https:\/\/amrtop.net\/es\/producto\/tubo-flessibile-monoparete-coibentato\/","og_site_name":"AMRTOP B2B \u00c9tranger - Achats r\u00e9serv\u00e9s au professionnel","article_modified_time":"2023-06-13T14:52:16+00:00","og_image":[{"width":640,"height":640,"url":"https:\/\/amrtop.net\/wp-content\/uploads\/2022\/06\/spf601-1.jpg","type":"image\/jpeg"}],"twitter_card":"summary_large_image","twitter_misc":{"Tiempo de lectura":"2 minutos"},"schema":{"@context":"https:\/\/schema.org","@graph":[{"@type":"WebPage","@id":"https:\/\/amrtop.net\/produit\/tubo-flessibile-monoparete-coibentato\/","url":"https:\/\/amrtop.net\/produit\/tubo-flessibile-monoparete-coibentato\/","name":"Tubo flessibile monoparete coibentato","isPartOf":{"@id":"https:\/\/amrtop.net\/#website"},"primaryImageOfPage":{"@id":"https:\/\/amrtop.net\/produit\/tubo-flessibile-monoparete-coibentato\/#primaryimage"},"image":{"@id":"https:\/\/amrtop.net\/produit\/tubo-flessibile-monoparete-coibentato\/#primaryimage"},"thumbnailUrl":"https:\/\/amrtop.net\/wp-content\/uploads\/2022\/06\/spf601-1.jpg","datePublished":"2022-06-06T14:33:31+00:00","dateModified":"2023-06-13T14:52:16+00:00","description":"Tubo flessibile monoparete coibentato \u00e8 ideale per i risanamenti di cavedi e vani tecnici difficili da trattare con altri sistemi.","breadcrumb":{"@id":"https:\/\/amrtop.net\/produit\/tubo-flessibile-monoparete-coibentato\/#breadcrumb"},"inLanguage":"es","potentialAction":[{"@type":"ReadAction","target":["https:\/\/amrtop.net\/produit\/tubo-flessibile-monoparete-coibentato\/"]}]},{"@type":"ImageObject","inLanguage":"es","@id":"https:\/\/amrtop.net\/produit\/tubo-flessibile-monoparete-coibentato\/#primaryimage","url":"https:\/\/amrtop.net\/wp-content\/uploads\/2022\/06\/spf601-1.jpg","contentUrl":"https:\/\/amrtop.net\/wp-content\/uploads\/2022\/06\/spf601-1.jpg","width":640,"height":640,"caption":"Tube flexible simple paroi AISI 316L - Tuyau - Conduit de fum\u00e9e - Chemin\u00e9e - Syst\u00e8me d\u2019extraction de l\u2019air et des fum\u00e9es en mono et double paroi interne lisse et flexible dans divers diam\u00e8tres vendus au m\u00e8tre et en rouleaux avec bo\u00eete am\u00e9ricaine et dispencer avec \u00e9paisseur minimum de 0.10 mm en aciaio inox aisi 316L\u00a0-\u00a0304L\u00a0-\u00a0904L"},{"@type":"BreadcrumbList","@id":"https:\/\/amrtop.net\/produit\/tubo-flessibile-monoparete-coibentato\/#breadcrumb","itemListElement":[{"@type":"ListItem","position":1,"name":"Home","item":"https:\/\/amrtop.net\/"},{"@type":"ListItem","position":2,"name":"Shop","item":"https:\/\/amrtop.net\/negozio\/"},{"@type":"ListItem","position":3,"name":"SPF601&#8230; &#8211; Tuyau flexible simple paroi en AISI 316L"}]},{"@type":"WebSite","@id":"https:\/\/amrtop.net\/#website","url":"https:\/\/amrtop.net\/","name":"AMRTOP B2B Abroad - Compras reservadas a los profesionales","description":"Recambios y accesorios para estufas y calderas - Comercio electr\u00f3nico B2B para profesionales","potentialAction":[{"@type":"SearchAction","target":{"@type":"EntryPoint","urlTemplate":"https:\/\/amrtop.net\/?s={search_term_string}"},"query-input":{"@type":"PropertyValueSpecification","valueRequired":true,"valueName":"search_term_string"}}],"inLanguage":"es"}]}},"_links":{"self":[{"href":"https:\/\/amrtop.net\/es\/wp-json\/wp\/v2\/product\/29922","targetHints":{"allow":["GET"]}}],"collection":[{"href":"https:\/\/amrtop.net\/es\/wp-json\/wp\/v2\/product"}],"about":[{"href":"https:\/\/amrtop.net\/es\/wp-json\/wp\/v2\/types\/product"}],"replies":[{"embeddable":true,"href":"https:\/\/amrtop.net\/es\/wp-json\/wp\/v2\/comments?post=29922"}],"wp:featuredmedia":[{"embeddable":true,"href":"https:\/\/amrtop.net\/es\/wp-json\/wp\/v2\/media\/33483"}],"wp:attachment":[{"href":"https:\/\/amrtop.net\/es\/wp-json\/wp\/v2\/media?parent=29922"}],"wp:term":[{"taxonomy":"product_brand","embeddable":true,"href":"https:\/\/amrtop.net\/es\/wp-json\/wp\/v2\/product_brand?post=29922"},{"taxonomy":"product_cat","embeddable":true,"href":"https:\/\/amrtop.net\/es\/wp-json\/wp\/v2\/product_cat?post=29922"},{"taxonomy":"product_tag","embeddable":true,"href":"https:\/\/amrtop.net\/es\/wp-json\/wp\/v2\/product_tag?post=29922"}],"curies":[{"name":"wp","href":"https:\/\/api.w.org\/{rel}","templated":true}]}}