{"id":30158,"date":"2022-06-07T08:39:00","date_gmt":"2022-06-07T08:39:00","guid":{"rendered":"https:\/\/amrtop.com\/B2B\/?post_type=product&#038;p=30158"},"modified":"2023-06-15T08:06:40","modified_gmt":"2023-06-15T08:06:40","slug":"ifx110-terminal-anti-intemperies","status":"publish","type":"product","link":"https:\/\/amrtop.net\/es\/produit\/ifx110-terminal-anti-intemperies\/","title":{"rendered":"IFX110... - Terminal resistente a la intemperie"},"content":{"rendered":"<h3>Terminal resistente a la intemperie<\/h3>\n<p>AISLAMIENTO FLEXIBLE POLICOMBUSTIBLE SIN PUENTES T\u00c9RMICOS HASTA 30 M<\/p>\n<ul>\n<li>Pared interior lisa de acero inoxidable AISI 316L de doble pared<\/li>\n<li>Pared exterior de acero inoxidable AISI 304 de una sola pieza<\/li>\n<li>25 mm de aislamiento de lana de roca de alta densidad<\/li>\n<li>F\u00e1cil de usar Mantiene perfectamente la temperatura gracias al aislamiento<\/li>\n<li>Reduce el riesgo de acumulaci\u00f3n de holl\u00edn<\/li>\n<li>Evita la formaci\u00f3n de condensaci\u00f3n en el conducto<\/li>\n<li>Mejora el rendimiento del aparato<\/li>\n<li>Facilita el tiro de la chimenea<\/li>\n<li>Los costes de instalaci\u00f3n son muy bajos: al estar preaislado, no requiere ning\u00fan trabajo adicional de montaje entre el tubo flexible y el aislamiento, que suele realizar in situ el instalador.<\/li>\n<\/ul>\n<h3><strong>Aplicaci\u00f3n<\/strong><\/h3>\n<p>Instalaci\u00f3n interior.<\/p>\n<h3><strong>Utilisation du Terminal anti-intemp\u00e9ries<\/strong><\/h3>\n<p>Tubo - Conducto de humos - Tubo de extracci\u00f3n de humos - Sistema de extracci\u00f3n de humos de acero inoxidable liso interior manguera corrugada exterior con aislamiento interior con accesorios para manguera aislada<\/p>\n<h3><strong>Gama de sistemas de humo AMR TOP\u00a0\u00a0\u00a0\u00a0\u00a0\u00a0 <\/strong><\/h3>\n<p><a href=\"https:\/\/amrtop.net\/es\/categoria-de-productos\/conductos-de-humo-2\/tuyaux-flexibles-en-acier-inoxydable\/\"><strong>TOP FLEX SP - Tubos flexibles de acero inoxidable corrugados de pared simple y doble<\/strong><\/a><\/p>\n<p><a href=\"https:\/\/amrtop.net\/es\/categoria-de-productos\/conductos-de-humo-2\/tube-rigide-monoparete-en-acier-inoxydable\/\"><strong>SP - Tubo r\u00edgido de pared simple de acero inoxidable AISI 316L<\/strong><\/a><\/p>\n<p><a href=\"https:\/\/amrtop.net\/es\/categoria-de-productos\/conductos-de-humo-2\/tube-flexible-inox-aisi-316-l-interieur-lisse-isole\/\"><strong>ISOTOP FLEX - Tubo flexible interior liso aislado de acero inoxidable AISI 316L \u00a0<\/strong><\/a><\/p>\n<p><a href=\"https:\/\/amrtop.net\/es\/categoria-de-productos\/conductos-de-humo-2\/dp-air-tube-double-paroi-inox-a-chambre-dair\/\"><strong>DP AIR - Tubo de acero inoxidable de doble pared con c\u00e1mara de aire<\/strong><\/a><\/p>\n<p><a href=\"https:\/\/amrtop.net\/es\/categoria-de-productos\/conductos-de-humo-2\/tube-coaxial-inox\/\"><strong>DP - Tubo aislado de doble pared 10 mm - 25 mm<\/strong><\/a><\/p>\n<p><a href=\"https:\/\/amrtop.net\/es\/categoria-de-productos\/conductos-de-humo-2\/tube-coaxial-inox\/\"><strong>COAX TOP - Tubo coaxial de acero inoxidable en PPS y PPS\/acero inoxidable<\/strong><\/a><\/p>\n<p><a href=\"https:\/\/amrtop.net\/es\/categoria-de-productos\/conductos-de-humo-2\/tuyau-coaxial-inox-inox-black\/\"><strong>COAX PELLET - Tubo coaxial de acero inoxidable<\/strong><\/a><\/p>\n<p><strong><a href=\"https:\/\/amrtop.net\/es\/categoria-de-productos\/conductos-de-humo-2\/conduits-de-fumee-des-appareils-a-biomasse\/\">BIOM TOP - Tubos para estufas de pellets y le\u00f1a<\/a><\/strong><\/p>\n<h3><strong><a href=\"https:\/\/amrtop.net\/es\/categoria-de-productos\/conductos-de-humo-2\/alutop-tube-en-aluminium-flexible-extensible\/\">ALU TOP - Tubos de aluminio estirables<\/a><\/strong><\/h3>","protected":false},"excerpt":{"rendered":"<p>Terminal anti-intemp\u00e9ries FLEXIBLE ISOL\u00c9 POLYCOMBUSTIBLE SANS PONTS THERMIQUES JUSQU\u2019\u00c0 30 M Paroi int\u00e9rieure double paroi lisse INOX AISI 316L Paroi ext\u00e9rieure monoparete INOX AISI 304 Isolation 25 mm de laine de roche haute densit\u00e9 Simple \u00e0 utiliser Maintient parfaitement la temp\u00e9rature gr\u00e2ce \u00e0 l\u2019isolant Limite les risques d\u2019accumulation de suie Entrave la formation de condensation [&hellip;]<\/p>\n","protected":false},"featured_media":32678,"comment_status":"open","ping_status":"closed","template":"","meta":[],"product_brand":[],"product_cat":[1536],"product_tag":[],"class_list":{"0":"post-30158","1":"product","2":"type-product","3":"status-publish","4":"has-post-thumbnail","6":"product_cat-tube-flexible-inox-aisi-316-l-interieur-lisse-isole","8":"first","9":"instock","10":"shipping-taxable","11":"purchasable","12":"product-type-variable"},"yoast_head":"<!-- This site is optimized with the Yoast SEO plugin v27.5 - https:\/\/yoast.com\/product\/yoast-seo-wordpress\/ -->\n<title>Terminal anti-intemp\u00e9ries<\/title>\n<meta name=\"description\" content=\"Terminal anti-intemp\u00e9ries - Tuyau flexible en acier inoxydable isol\u00e9 - Tuyau - Conduit d\u2019\u00e9vacuation des fum\u00e9es - Syst\u00e8me d\u2019extraction des fum\u00e9es en acier inoxydable lisse \u00e0 l\u2019int\u00e9rieur flexible ondul\u00e9 \u00e0 l\u2019ext\u00e9rieur avec isolation int\u00e9rieure avec accessoires de tuyau isol\u00e9\" \/>\n<meta name=\"robots\" content=\"index, follow, max-snippet:-1, max-image-preview:large, max-video-preview:-1\" \/>\n<link rel=\"canonical\" href=\"https:\/\/amrtop.net\/es\/producto\/ifx110-terminal-anti-intemperies\/\" \/>\n<meta property=\"og:locale\" content=\"es_ES\" \/>\n<meta property=\"og:type\" content=\"article\" \/>\n<meta property=\"og:title\" content=\"Terminal anti-intemp\u00e9ries\" \/>\n<meta property=\"og:description\" content=\"Terminal anti-intemp\u00e9ries - Tuyau flexible en acier inoxydable isol\u00e9 - Tuyau - Conduit d\u2019\u00e9vacuation des fum\u00e9es - Syst\u00e8me d\u2019extraction des fum\u00e9es en acier inoxydable lisse \u00e0 l\u2019int\u00e9rieur flexible ondul\u00e9 \u00e0 l\u2019ext\u00e9rieur avec isolation int\u00e9rieure avec accessoires de tuyau isol\u00e9\" \/>\n<meta property=\"og:url\" content=\"https:\/\/amrtop.net\/es\/producto\/ifx110-terminal-anti-intemperies\/\" \/>\n<meta property=\"og:site_name\" content=\"AMRTOP B2B \u00c9tranger - Achats r\u00e9serv\u00e9s au professionnel\" \/>\n<meta property=\"article:modified_time\" content=\"2023-06-15T08:06:40+00:00\" \/>\n<meta property=\"og:image\" content=\"https:\/\/amrtop.net\/wp-content\/uploads\/2022\/06\/ifx110.jpg\" \/>\n\t<meta property=\"og:image:width\" content=\"640\" \/>\n\t<meta property=\"og:image:height\" content=\"640\" \/>\n\t<meta property=\"og:image:type\" content=\"image\/jpeg\" \/>\n<meta name=\"twitter:card\" content=\"summary_large_image\" \/>\n<meta name=\"twitter:label1\" content=\"Tiempo de lectura\" \/>\n\t<meta name=\"twitter:data1\" content=\"2 minutos\" \/>\n<script type=\"application\/ld+json\" class=\"yoast-schema-graph\">{\"@context\":\"https:\\\/\\\/schema.org\",\"@graph\":[{\"@type\":\"WebPage\",\"@id\":\"https:\\\/\\\/amrtop.net\\\/produit\\\/ifx110-terminal-anti-intemperies\\\/\",\"url\":\"https:\\\/\\\/amrtop.net\\\/produit\\\/ifx110-terminal-anti-intemperies\\\/\",\"name\":\"Terminal anti-intemp\u00e9ries\",\"isPartOf\":{\"@id\":\"https:\\\/\\\/amrtop.net\\\/#website\"},\"primaryImageOfPage\":{\"@id\":\"https:\\\/\\\/amrtop.net\\\/produit\\\/ifx110-terminal-anti-intemperies\\\/#primaryimage\"},\"image\":{\"@id\":\"https:\\\/\\\/amrtop.net\\\/produit\\\/ifx110-terminal-anti-intemperies\\\/#primaryimage\"},\"thumbnailUrl\":\"https:\\\/\\\/amrtop.net\\\/wp-content\\\/uploads\\\/2022\\\/06\\\/ifx110.jpg\",\"datePublished\":\"2022-06-07T08:39:00+00:00\",\"dateModified\":\"2023-06-15T08:06:40+00:00\",\"description\":\"Terminal anti-intemp\u00e9ries - Tuyau flexible en acier inoxydable isol\u00e9 - Tuyau - Conduit d\u2019\u00e9vacuation des fum\u00e9es - Syst\u00e8me d\u2019extraction des fum\u00e9es en acier inoxydable lisse \u00e0 l\u2019int\u00e9rieur flexible ondul\u00e9 \u00e0 l\u2019ext\u00e9rieur avec isolation int\u00e9rieure avec accessoires de tuyau isol\u00e9\",\"breadcrumb\":{\"@id\":\"https:\\\/\\\/amrtop.net\\\/produit\\\/ifx110-terminal-anti-intemperies\\\/#breadcrumb\"},\"inLanguage\":\"es\",\"potentialAction\":[{\"@type\":\"ReadAction\",\"target\":[\"https:\\\/\\\/amrtop.net\\\/produit\\\/ifx110-terminal-anti-intemperies\\\/\"]}]},{\"@type\":\"ImageObject\",\"inLanguage\":\"es\",\"@id\":\"https:\\\/\\\/amrtop.net\\\/produit\\\/ifx110-terminal-anti-intemperies\\\/#primaryimage\",\"url\":\"https:\\\/\\\/amrtop.net\\\/wp-content\\\/uploads\\\/2022\\\/06\\\/ifx110.jpg\",\"contentUrl\":\"https:\\\/\\\/amrtop.net\\\/wp-content\\\/uploads\\\/2022\\\/06\\\/ifx110.jpg\",\"width\":640,\"height\":640,\"caption\":\"Terminal anti-intemp\u00e9ries - Tuyau flexible en acier inoxydable isol\u00e9 - Tuyau - Conduit d\u2019\u00e9vacuation des fum\u00e9es - Syst\u00e8me d\u2019extraction des fum\u00e9es en acier inoxydable lisse \u00e0 l\u2019int\u00e9rieur flexible ondul\u00e9 \u00e0 l\u2019ext\u00e9rieur avec isolation int\u00e9rieure avec accessoires de tuyau isol\u00e9\"},{\"@type\":\"BreadcrumbList\",\"@id\":\"https:\\\/\\\/amrtop.net\\\/produit\\\/ifx110-terminal-anti-intemperies\\\/#breadcrumb\",\"itemListElement\":[{\"@type\":\"ListItem\",\"position\":1,\"name\":\"Home\",\"item\":\"https:\\\/\\\/amrtop.net\\\/\"},{\"@type\":\"ListItem\",\"position\":2,\"name\":\"Shop\",\"item\":\"https:\\\/\\\/amrtop.net\\\/negozio\\\/\"},{\"@type\":\"ListItem\",\"position\":3,\"name\":\"IFX110&#8230; &#8211; Terminal anti-intemp\u00e9ries\"}]},{\"@type\":\"WebSite\",\"@id\":\"https:\\\/\\\/amrtop.net\\\/#website\",\"url\":\"https:\\\/\\\/amrtop.net\\\/\",\"name\":\"AMRTOP B2B \u00c9tranger - Achats r\u00e9serv\u00e9s au professionnel\",\"description\":\"Pi\u00e8ces de rechange et accessoires pour po\u00eales et chaudi\u00e8res - eCommerce B2B pour Clients Professionnels\",\"potentialAction\":[{\"@type\":\"SearchAction\",\"target\":{\"@type\":\"EntryPoint\",\"urlTemplate\":\"https:\\\/\\\/amrtop.net\\\/?s={search_term_string}\"},\"query-input\":{\"@type\":\"PropertyValueSpecification\",\"valueRequired\":true,\"valueName\":\"search_term_string\"}}],\"inLanguage\":\"es\"}]}<\/script>\n<!-- \/ Yoast SEO plugin. -->","yoast_head_json":{"title":"Terminal resistente a la intemperie","description":"Terminal resistente a la intemperie - Tubo flexible de acero inoxidable aislado - Tubo - Conducto de extracci\u00f3n de humos - Sistema de extracci\u00f3n de humos de acero inoxidable liso en el interior Tubo flexible de acero inoxidable corrugado en el exterior con aislamiento interior con accesorios de tubo aislado","robots":{"index":"index","follow":"follow","max-snippet":"max-snippet:-1","max-image-preview":"max-image-preview:large","max-video-preview":"max-video-preview:-1"},"canonical":"https:\/\/amrtop.net\/es\/producto\/ifx110-terminal-anti-intemperies\/","og_locale":"es_ES","og_type":"article","og_title":"Terminal anti-intemp\u00e9ries","og_description":"Terminal anti-intemp\u00e9ries - Tuyau flexible en acier inoxydable isol\u00e9 - Tuyau - Conduit d\u2019\u00e9vacuation des fum\u00e9es - Syst\u00e8me d\u2019extraction des fum\u00e9es en acier inoxydable lisse \u00e0 l\u2019int\u00e9rieur flexible ondul\u00e9 \u00e0 l\u2019ext\u00e9rieur avec isolation int\u00e9rieure avec accessoires de tuyau isol\u00e9","og_url":"https:\/\/amrtop.net\/es\/producto\/ifx110-terminal-anti-intemperies\/","og_site_name":"AMRTOP B2B \u00c9tranger - Achats r\u00e9serv\u00e9s au professionnel","article_modified_time":"2023-06-15T08:06:40+00:00","og_image":[{"width":640,"height":640,"url":"https:\/\/amrtop.net\/wp-content\/uploads\/2022\/06\/ifx110.jpg","type":"image\/jpeg"}],"twitter_card":"summary_large_image","twitter_misc":{"Tiempo de lectura":"2 minutos"},"schema":{"@context":"https:\/\/schema.org","@graph":[{"@type":"WebPage","@id":"https:\/\/amrtop.net\/produit\/ifx110-terminal-anti-intemperies\/","url":"https:\/\/amrtop.net\/produit\/ifx110-terminal-anti-intemperies\/","name":"Terminal resistente a la intemperie","isPartOf":{"@id":"https:\/\/amrtop.net\/#website"},"primaryImageOfPage":{"@id":"https:\/\/amrtop.net\/produit\/ifx110-terminal-anti-intemperies\/#primaryimage"},"image":{"@id":"https:\/\/amrtop.net\/produit\/ifx110-terminal-anti-intemperies\/#primaryimage"},"thumbnailUrl":"https:\/\/amrtop.net\/wp-content\/uploads\/2022\/06\/ifx110.jpg","datePublished":"2022-06-07T08:39:00+00:00","dateModified":"2023-06-15T08:06:40+00:00","description":"Terminal resistente a la intemperie - Tubo flexible de acero inoxidable aislado - Tubo - Conducto de extracci\u00f3n de humos - Sistema de extracci\u00f3n de humos de acero inoxidable liso en el interior Tubo flexible de acero inoxidable corrugado en el exterior con aislamiento interior con accesorios de tubo aislado","breadcrumb":{"@id":"https:\/\/amrtop.net\/produit\/ifx110-terminal-anti-intemperies\/#breadcrumb"},"inLanguage":"es","potentialAction":[{"@type":"ReadAction","target":["https:\/\/amrtop.net\/produit\/ifx110-terminal-anti-intemperies\/"]}]},{"@type":"ImageObject","inLanguage":"es","@id":"https:\/\/amrtop.net\/produit\/ifx110-terminal-anti-intemperies\/#primaryimage","url":"https:\/\/amrtop.net\/wp-content\/uploads\/2022\/06\/ifx110.jpg","contentUrl":"https:\/\/amrtop.net\/wp-content\/uploads\/2022\/06\/ifx110.jpg","width":640,"height":640,"caption":"Terminal anti-intemp\u00e9ries - Tuyau flexible en acier inoxydable isol\u00e9 - Tuyau - Conduit d\u2019\u00e9vacuation des fum\u00e9es - Syst\u00e8me d\u2019extraction des fum\u00e9es en acier inoxydable lisse \u00e0 l\u2019int\u00e9rieur flexible ondul\u00e9 \u00e0 l\u2019ext\u00e9rieur avec isolation int\u00e9rieure avec accessoires de tuyau isol\u00e9"},{"@type":"BreadcrumbList","@id":"https:\/\/amrtop.net\/produit\/ifx110-terminal-anti-intemperies\/#breadcrumb","itemListElement":[{"@type":"ListItem","position":1,"name":"Home","item":"https:\/\/amrtop.net\/"},{"@type":"ListItem","position":2,"name":"Shop","item":"https:\/\/amrtop.net\/negozio\/"},{"@type":"ListItem","position":3,"name":"IFX110&#8230; &#8211; Terminal anti-intemp\u00e9ries"}]},{"@type":"WebSite","@id":"https:\/\/amrtop.net\/#website","url":"https:\/\/amrtop.net\/","name":"AMRTOP B2B Abroad - Compras reservadas a los profesionales","description":"Recambios y accesorios para estufas y calderas - Comercio electr\u00f3nico B2B para profesionales","potentialAction":[{"@type":"SearchAction","target":{"@type":"EntryPoint","urlTemplate":"https:\/\/amrtop.net\/?s={search_term_string}"},"query-input":{"@type":"PropertyValueSpecification","valueRequired":true,"valueName":"search_term_string"}}],"inLanguage":"es"}]}},"_links":{"self":[{"href":"https:\/\/amrtop.net\/es\/wp-json\/wp\/v2\/product\/30158","targetHints":{"allow":["GET"]}}],"collection":[{"href":"https:\/\/amrtop.net\/es\/wp-json\/wp\/v2\/product"}],"about":[{"href":"https:\/\/amrtop.net\/es\/wp-json\/wp\/v2\/types\/product"}],"replies":[{"embeddable":true,"href":"https:\/\/amrtop.net\/es\/wp-json\/wp\/v2\/comments?post=30158"}],"wp:featuredmedia":[{"embeddable":true,"href":"https:\/\/amrtop.net\/es\/wp-json\/wp\/v2\/media\/32678"}],"wp:attachment":[{"href":"https:\/\/amrtop.net\/es\/wp-json\/wp\/v2\/media?parent=30158"}],"wp:term":[{"taxonomy":"product_brand","embeddable":true,"href":"https:\/\/amrtop.net\/es\/wp-json\/wp\/v2\/product_brand?post=30158"},{"taxonomy":"product_cat","embeddable":true,"href":"https:\/\/amrtop.net\/es\/wp-json\/wp\/v2\/product_cat?post=30158"},{"taxonomy":"product_tag","embeddable":true,"href":"https:\/\/amrtop.net\/es\/wp-json\/wp\/v2\/product_tag?post=30158"}],"curies":[{"name":"wp","href":"https:\/\/api.w.org\/{rel}","templated":true}]}}